{"id":9613,"date":"2020-02-14T21:05:12","date_gmt":"2020-02-14T20:05:12","guid":{"rendered":"https:\/\/emf-consult.com\/nettbutikk\/?post_type=product&#038;p=9613"},"modified":"2026-02-23T10:24:37","modified_gmt":"2026-02-23T09:24:37","slug":"stralebeskyttende-safari-hatt-med-100-uv-beskyttelse","status":"publish","type":"product","link":"https:\/\/emf-consult.com\/nettbutikk\/produkt\/stralebeskyttende-safari-hatt-med-100-uv-beskyttelse\/","title":{"rendered":"Str\u00e5lebeskyttende Safari hatt med 100% UV beskyttelse"},"content":{"rendered":"<p>Denne ultralette Safari-hatten fra Leblok gir ekstrem EMF-beskyttelse p\u00e5 h\u00f8yt niv\u00e5 (99.999%) kombinert med 100% UV-skjerming.<\/p>\n<p>Ideell for varmt klima og reiser. Den avtakbare, kombinerte UV- og RF-beskyttende solklaffen gir et stort beskyttelsesomr\u00e5de p\u00e5 baksiden av hodet og nakken. Det er INGEN metalldeler s\u00e5 ingen RF-antenneeffekt.<\/p>\n<p>I motsetning til andre hatter p\u00e5 markedet har denne hatten\u00a0beskyttelse i bremen\u00a0ogs\u00e5.\u00a0 Gir ekstrem h\u00f8y skjerming mot mikrob\u00f8lgestr\u00e5ling fra mastere, Wi-Fi, Bluetooth, mobiltelefoner, tr\u00e5dl\u00f8se telefoner, flimmer fra lysstoffr\u00f8r og sparep\u00e6rer osv. &#8211; Perfekt for shopping, reise og generell utend\u00f8rs bruk.<\/p>\n<p>Yttersiden er laget av robust slitesterk bomull\u00a0og innvendig brukes myk \u00f8kologisk bomull\u00a0med et veldig h\u00f8yt skjermende indre lag. &#8211;\u00a0Materialvalget er av ekstremt\u00a0h\u00f8y kvalitet som sikrer komforten under alle forhold.<\/p>\n<p><strong>Funksjoner:<\/strong><\/p>\n<ul>\n<li>Ingen metalldeler<\/li>\n<li>Avtakbar RF + UV-beskyttende bakdeksel<\/li>\n<li>Helt justerbar hakehull<\/li>\n<li>Fullt justerbar<\/li>\n<li>Fullt 360 graders RF-skjermende ventilasjonssystem<\/li>\n<li>svetteb\u00e5nd<\/li>\n<li>Ekstrem lettvekt er designet for varme klima og flyreiser<\/li>\n<li>Brem er ogs\u00e5 fullstendig RF-skjermet<\/li>\n<li>Vaskes lett og t\u00f8rker p\u00e5 f\u00e5 minutter<\/li>\n<li>Ikke-giftige materialer<\/li>\n<li>T\u00f8ff og holdbar<\/li>\n<\/ul>\n<p>Vaskeanvisning: Vaskbar for h\u00e5nd \/ maskin ved 30 \u00b0 C (drypp-ikke strykes). Bruk bare Leblok vaskepulver. (Andre vaskemidler KAN ha alvorlig effekt p\u00e5 skjermingsniv\u00e5et)<\/p>\n","protected":false},"excerpt":{"rendered":"<p>Materialer:<\/p>\n<p>Utsiden og under brem, foringsmateriale &#8216;UV 100&#8217; 65% polyester \/ 35% bomull<\/p>\n<ul>\n<li>100% UV-beskyttelse<\/li>\n<li>innebygd fuktighetsh\u00e5ndtering<\/li>\n<li>pusteevne (tillater) luftstr\u00f8m<\/li>\n<li>transporterer fuktighet bort fra kroppen<\/li>\n<\/ul>\n<p>Innerf\u00f4r 24% dobbelt s\u00f8lv-nylon pustende netting.<\/p>\n<p>Tilbyr over 50dB (99.999%) RF-skjerming ved 1GHZ.<\/p>\n<p>Farger:<br \/>\nBrun<\/p>\n<p>St\u00f8rrelse:<\/p>\n<ul>\n<li>Liten &#8211; Middel (S-M): 5o-57,5cm<\/li>\n<li>Stor &#8211; 2X Stor (L-2XL): 57,5-62,5cm<\/li>\n<\/ul>\n<p>Total vekt (inkludert avtakbar solklaff) bare 73 g (2,5 gram)<\/p>\n","protected":false},"featured_media":9624,"comment_status":"open","ping_status":"closed","template":"","meta":[],"product_brand":[],"product_cat":[50],"product_tag":[],"class_list":{"0":"post-9613","1":"product","2":"type-product","3":"status-publish","4":"has-post-thumbnail","6":"product_cat-bekledning-klaer","7":"pa_storrelse-l-2xl","8":"pa_storrelse-s-m","10":"first","11":"instock","12":"taxable","13":"shipping-taxable","14":"purchasable","15":"product-type-variable"},"yoast_head":"<!-- This site is optimized with the Yoast SEO plugin v27.4 - https:\/\/yoast.com\/product\/yoast-seo-wordpress\/ -->\n<title>Str\u00e5lebeskyttende Safari hatt med 100% UV beskyttelse - EMF Consult<\/title>\n<meta name=\"robots\" content=\"index, follow, max-snippet:-1, max-image-preview:large, max-video-preview:-1\" \/>\n<link rel=\"canonical\" href=\"https:\/\/emf-consult.com\/nettbutikk\/produkt\/stralebeskyttende-safari-hatt-med-100-uv-beskyttelse\/\" \/>\n<meta property=\"og:locale\" content=\"nb_NO\" \/>\n<meta property=\"og:type\" content=\"article\" \/>\n<meta property=\"og:title\" content=\"Str\u00e5lebeskyttende Safari hatt med 100% UV beskyttelse - EMF Consult\" \/>\n<meta property=\"og:description\" content=\"Materialer:  Utsiden og under brem, foringsmateriale &#039;UV 100&#039; 65% polyester \/ 35% bomull   100% UV-beskyttelse  innebygd fuktighetsh\u00e5ndtering  pusteevne (tillater) luftstr\u00f8m  transporterer fuktighet bort fra kroppen  Innerf\u00f4r 24% dobbelt s\u00f8lv-nylon pustende netting.  Tilbyr over 50dB (99.999%) RF-skjerming ved 1GHZ.  Farger: Brun  St\u00f8rrelse:   Liten - Middel (S-M): 5o-57,5cm  Stor - 2X Stor (L-2XL): 57,5-62,5cm  Total vekt (inkludert avtakbar solklaff) bare 73 g (2,5 gram)\" \/>\n<meta property=\"og:url\" content=\"https:\/\/emf-consult.com\/nettbutikk\/produkt\/stralebeskyttende-safari-hatt-med-100-uv-beskyttelse\/\" \/>\n<meta property=\"og:site_name\" content=\"EMF Consult\" \/>\n<meta property=\"article:publisher\" content=\"https:\/\/www.facebook.com\/emfconsult\" \/>\n<meta property=\"article:modified_time\" content=\"2026-02-23T09:24:37+00:00\" \/>\n<meta property=\"og:image\" content=\"https:\/\/emf-consult.com\/nettbutikk\/wp-content\/uploads\/2020\/02\/emf-shielding-safari-hat-with-100-uv-protection-6.jpg\" \/>\n\t<meta property=\"og:image:width\" content=\"675\" \/>\n\t<meta property=\"og:image:height\" content=\"792\" \/>\n\t<meta property=\"og:image:type\" content=\"image\/jpeg\" \/>\n<meta name=\"twitter:card\" content=\"summary_large_image\" \/>\n<meta name=\"twitter:label1\" content=\"Ansl. lesetid\" \/>\n\t<meta name=\"twitter:data1\" content=\"2 minutter\" \/>\n<script type=\"application\/ld+json\" class=\"yoast-schema-graph\">{\"@context\":\"https:\\\/\\\/schema.org\",\"@graph\":[{\"@type\":\"WebPage\",\"@id\":\"https:\\\/\\\/emf-consult.com\\\/nettbutikk\\\/produkt\\\/stralebeskyttende-safari-hatt-med-100-uv-beskyttelse\\\/\",\"url\":\"https:\\\/\\\/emf-consult.com\\\/nettbutikk\\\/produkt\\\/stralebeskyttende-safari-hatt-med-100-uv-beskyttelse\\\/\",\"name\":\"Str\u00e5lebeskyttende Safari hatt med 100% UV beskyttelse - EMF Consult\",\"isPartOf\":{\"@id\":\"https:\\\/\\\/emf-consult.com\\\/nettbutikk\\\/#website\"},\"primaryImageOfPage\":{\"@id\":\"https:\\\/\\\/emf-consult.com\\\/nettbutikk\\\/produkt\\\/stralebeskyttende-safari-hatt-med-100-uv-beskyttelse\\\/#primaryimage\"},\"image\":{\"@id\":\"https:\\\/\\\/emf-consult.com\\\/nettbutikk\\\/produkt\\\/stralebeskyttende-safari-hatt-med-100-uv-beskyttelse\\\/#primaryimage\"},\"thumbnailUrl\":\"https:\\\/\\\/emf-consult.com\\\/nettbutikk\\\/wp-content\\\/uploads\\\/2020\\\/02\\\/emf-shielding-safari-hat-with-100-uv-protection-6.jpg\",\"datePublished\":\"2020-02-14T20:05:12+00:00\",\"dateModified\":\"2026-02-23T09:24:37+00:00\",\"breadcrumb\":{\"@id\":\"https:\\\/\\\/emf-consult.com\\\/nettbutikk\\\/produkt\\\/stralebeskyttende-safari-hatt-med-100-uv-beskyttelse\\\/#breadcrumb\"},\"inLanguage\":\"nb-NO\",\"potentialAction\":[{\"@type\":\"ReadAction\",\"target\":[\"https:\\\/\\\/emf-consult.com\\\/nettbutikk\\\/produkt\\\/stralebeskyttende-safari-hatt-med-100-uv-beskyttelse\\\/\"]}]},{\"@type\":\"ImageObject\",\"inLanguage\":\"nb-NO\",\"@id\":\"https:\\\/\\\/emf-consult.com\\\/nettbutikk\\\/produkt\\\/stralebeskyttende-safari-hatt-med-100-uv-beskyttelse\\\/#primaryimage\",\"url\":\"https:\\\/\\\/emf-consult.com\\\/nettbutikk\\\/wp-content\\\/uploads\\\/2020\\\/02\\\/emf-shielding-safari-hat-with-100-uv-protection-6.jpg\",\"contentUrl\":\"https:\\\/\\\/emf-consult.com\\\/nettbutikk\\\/wp-content\\\/uploads\\\/2020\\\/02\\\/emf-shielding-safari-hat-with-100-uv-protection-6.jpg\",\"width\":675,\"height\":792},{\"@type\":\"BreadcrumbList\",\"@id\":\"https:\\\/\\\/emf-consult.com\\\/nettbutikk\\\/produkt\\\/stralebeskyttende-safari-hatt-med-100-uv-beskyttelse\\\/#breadcrumb\",\"itemListElement\":[{\"@type\":\"ListItem\",\"position\":1,\"name\":\"Hjem\",\"item\":\"https:\\\/\\\/emf-consult.com\\\/nettbutikk\\\/\"},{\"@type\":\"ListItem\",\"position\":2,\"name\":\"Butikk\",\"item\":\"https:\\\/\\\/emf-consult.com\\\/nettbutikk\\\/butikk\\\/\"},{\"@type\":\"ListItem\",\"position\":3,\"name\":\"Str\u00e5lebeskyttende Safari hatt med 100% UV beskyttelse\"}]},{\"@type\":\"WebSite\",\"@id\":\"https:\\\/\\\/emf-consult.com\\\/nettbutikk\\\/#website\",\"url\":\"https:\\\/\\\/emf-consult.com\\\/nettbutikk\\\/\",\"name\":\"EMF Consult\",\"description\":\"Nettbutikk - Beskyttelse mot str\u00e5ling\",\"publisher\":{\"@id\":\"https:\\\/\\\/emf-consult.com\\\/nettbutikk\\\/#organization\"},\"potentialAction\":[{\"@type\":\"SearchAction\",\"target\":{\"@type\":\"EntryPoint\",\"urlTemplate\":\"https:\\\/\\\/emf-consult.com\\\/nettbutikk\\\/?s={search_term_string}\"},\"query-input\":{\"@type\":\"PropertyValueSpecification\",\"valueRequired\":true,\"valueName\":\"search_term_string\"}}],\"inLanguage\":\"nb-NO\"},{\"@type\":\"Organization\",\"@id\":\"https:\\\/\\\/emf-consult.com\\\/nettbutikk\\\/#organization\",\"name\":\"EMF Consult AS\",\"url\":\"https:\\\/\\\/emf-consult.com\\\/nettbutikk\\\/\",\"logo\":{\"@type\":\"ImageObject\",\"inLanguage\":\"nb-NO\",\"@id\":\"https:\\\/\\\/emf-consult.com\\\/nettbutikk\\\/#\\\/schema\\\/logo\\\/image\\\/\",\"url\":\"https:\\\/\\\/emf-consult.com\\\/nettbutikk\\\/wp-content\\\/uploads\\\/2022\\\/07\\\/cropped-Favikon-rod-e1658786300694.png\",\"contentUrl\":\"https:\\\/\\\/emf-consult.com\\\/nettbutikk\\\/wp-content\\\/uploads\\\/2022\\\/07\\\/cropped-Favikon-rod-e1658786300694.png\",\"width\":150,\"height\":150,\"caption\":\"EMF Consult AS\"},\"image\":{\"@id\":\"https:\\\/\\\/emf-consult.com\\\/nettbutikk\\\/#\\\/schema\\\/logo\\\/image\\\/\"},\"sameAs\":[\"https:\\\/\\\/www.facebook.com\\\/emfconsult\",\"https:\\\/\\\/www.linkedin.com\\\/company\\\/emf-consult\\\/\"]}]}<\/script>\n<!-- \/ Yoast SEO plugin. -->","yoast_head_json":{"title":"Str\u00e5lebeskyttende Safari hatt med 100% UV beskyttelse - EMF Consult","robots":{"index":"index","follow":"follow","max-snippet":"max-snippet:-1","max-image-preview":"max-image-preview:large","max-video-preview":"max-video-preview:-1"},"canonical":"https:\/\/emf-consult.com\/nettbutikk\/produkt\/stralebeskyttende-safari-hatt-med-100-uv-beskyttelse\/","og_locale":"nb_NO","og_type":"article","og_title":"Str\u00e5lebeskyttende Safari hatt med 100% UV beskyttelse - EMF Consult","og_description":"Materialer:  Utsiden og under brem, foringsmateriale 'UV 100' 65% polyester \/ 35% bomull   100% UV-beskyttelse  innebygd fuktighetsh\u00e5ndtering  pusteevne (tillater) luftstr\u00f8m  transporterer fuktighet bort fra kroppen  Innerf\u00f4r 24% dobbelt s\u00f8lv-nylon pustende netting.  Tilbyr over 50dB (99.999%) RF-skjerming ved 1GHZ.  Farger: Brun  St\u00f8rrelse:   Liten - Middel (S-M): 5o-57,5cm  Stor - 2X Stor (L-2XL): 57,5-62,5cm  Total vekt (inkludert avtakbar solklaff) bare 73 g (2,5 gram)","og_url":"https:\/\/emf-consult.com\/nettbutikk\/produkt\/stralebeskyttende-safari-hatt-med-100-uv-beskyttelse\/","og_site_name":"EMF Consult","article_publisher":"https:\/\/www.facebook.com\/emfconsult","article_modified_time":"2026-02-23T09:24:37+00:00","og_image":[{"width":675,"height":792,"url":"https:\/\/emf-consult.com\/nettbutikk\/wp-content\/uploads\/2020\/02\/emf-shielding-safari-hat-with-100-uv-protection-6.jpg","type":"image\/jpeg"}],"twitter_card":"summary_large_image","twitter_misc":{"Ansl. lesetid":"2 minutter"},"schema":{"@context":"https:\/\/schema.org","@graph":[{"@type":"WebPage","@id":"https:\/\/emf-consult.com\/nettbutikk\/produkt\/stralebeskyttende-safari-hatt-med-100-uv-beskyttelse\/","url":"https:\/\/emf-consult.com\/nettbutikk\/produkt\/stralebeskyttende-safari-hatt-med-100-uv-beskyttelse\/","name":"Str\u00e5lebeskyttende Safari hatt med 100% UV beskyttelse - EMF Consult","isPartOf":{"@id":"https:\/\/emf-consult.com\/nettbutikk\/#website"},"primaryImageOfPage":{"@id":"https:\/\/emf-consult.com\/nettbutikk\/produkt\/stralebeskyttende-safari-hatt-med-100-uv-beskyttelse\/#primaryimage"},"image":{"@id":"https:\/\/emf-consult.com\/nettbutikk\/produkt\/stralebeskyttende-safari-hatt-med-100-uv-beskyttelse\/#primaryimage"},"thumbnailUrl":"https:\/\/emf-consult.com\/nettbutikk\/wp-content\/uploads\/2020\/02\/emf-shielding-safari-hat-with-100-uv-protection-6.jpg","datePublished":"2020-02-14T20:05:12+00:00","dateModified":"2026-02-23T09:24:37+00:00","breadcrumb":{"@id":"https:\/\/emf-consult.com\/nettbutikk\/produkt\/stralebeskyttende-safari-hatt-med-100-uv-beskyttelse\/#breadcrumb"},"inLanguage":"nb-NO","potentialAction":[{"@type":"ReadAction","target":["https:\/\/emf-consult.com\/nettbutikk\/produkt\/stralebeskyttende-safari-hatt-med-100-uv-beskyttelse\/"]}]},{"@type":"ImageObject","inLanguage":"nb-NO","@id":"https:\/\/emf-consult.com\/nettbutikk\/produkt\/stralebeskyttende-safari-hatt-med-100-uv-beskyttelse\/#primaryimage","url":"https:\/\/emf-consult.com\/nettbutikk\/wp-content\/uploads\/2020\/02\/emf-shielding-safari-hat-with-100-uv-protection-6.jpg","contentUrl":"https:\/\/emf-consult.com\/nettbutikk\/wp-content\/uploads\/2020\/02\/emf-shielding-safari-hat-with-100-uv-protection-6.jpg","width":675,"height":792},{"@type":"BreadcrumbList","@id":"https:\/\/emf-consult.com\/nettbutikk\/produkt\/stralebeskyttende-safari-hatt-med-100-uv-beskyttelse\/#breadcrumb","itemListElement":[{"@type":"ListItem","position":1,"name":"Hjem","item":"https:\/\/emf-consult.com\/nettbutikk\/"},{"@type":"ListItem","position":2,"name":"Butikk","item":"https:\/\/emf-consult.com\/nettbutikk\/butikk\/"},{"@type":"ListItem","position":3,"name":"Str\u00e5lebeskyttende Safari hatt med 100% UV beskyttelse"}]},{"@type":"WebSite","@id":"https:\/\/emf-consult.com\/nettbutikk\/#website","url":"https:\/\/emf-consult.com\/nettbutikk\/","name":"EMF Consult","description":"Nettbutikk - Beskyttelse mot str\u00e5ling","publisher":{"@id":"https:\/\/emf-consult.com\/nettbutikk\/#organization"},"potentialAction":[{"@type":"SearchAction","target":{"@type":"EntryPoint","urlTemplate":"https:\/\/emf-consult.com\/nettbutikk\/?s={search_term_string}"},"query-input":{"@type":"PropertyValueSpecification","valueRequired":true,"valueName":"search_term_string"}}],"inLanguage":"nb-NO"},{"@type":"Organization","@id":"https:\/\/emf-consult.com\/nettbutikk\/#organization","name":"EMF Consult AS","url":"https:\/\/emf-consult.com\/nettbutikk\/","logo":{"@type":"ImageObject","inLanguage":"nb-NO","@id":"https:\/\/emf-consult.com\/nettbutikk\/#\/schema\/logo\/image\/","url":"https:\/\/emf-consult.com\/nettbutikk\/wp-content\/uploads\/2022\/07\/cropped-Favikon-rod-e1658786300694.png","contentUrl":"https:\/\/emf-consult.com\/nettbutikk\/wp-content\/uploads\/2022\/07\/cropped-Favikon-rod-e1658786300694.png","width":150,"height":150,"caption":"EMF Consult AS"},"image":{"@id":"https:\/\/emf-consult.com\/nettbutikk\/#\/schema\/logo\/image\/"},"sameAs":["https:\/\/www.facebook.com\/emfconsult","https:\/\/www.linkedin.com\/company\/emf-consult\/"]}]}},"_links":{"self":[{"href":"https:\/\/emf-consult.com\/nettbutikk\/wp-json\/wp\/v2\/product\/9613","targetHints":{"allow":["GET"]}}],"collection":[{"href":"https:\/\/emf-consult.com\/nettbutikk\/wp-json\/wp\/v2\/product"}],"about":[{"href":"https:\/\/emf-consult.com\/nettbutikk\/wp-json\/wp\/v2\/types\/product"}],"replies":[{"embeddable":true,"href":"https:\/\/emf-consult.com\/nettbutikk\/wp-json\/wp\/v2\/comments?post=9613"}],"wp:featuredmedia":[{"embeddable":true,"href":"https:\/\/emf-consult.com\/nettbutikk\/wp-json\/wp\/v2\/media\/9624"}],"wp:attachment":[{"href":"https:\/\/emf-consult.com\/nettbutikk\/wp-json\/wp\/v2\/media?parent=9613"}],"wp:term":[{"taxonomy":"product_brand","embeddable":true,"href":"https:\/\/emf-consult.com\/nettbutikk\/wp-json\/wp\/v2\/product_brand?post=9613"},{"taxonomy":"product_cat","embeddable":true,"href":"https:\/\/emf-consult.com\/nettbutikk\/wp-json\/wp\/v2\/product_cat?post=9613"},{"taxonomy":"product_tag","embeddable":true,"href":"https:\/\/emf-consult.com\/nettbutikk\/wp-json\/wp\/v2\/product_tag?post=9613"}],"curies":[{"name":"wp","href":"https:\/\/api.w.org\/{rel}","templated":true}]}}