{"id":9598,"date":"2020-02-14T20:56:35","date_gmt":"2020-02-14T19:56:35","guid":{"rendered":"https:\/\/emf-consult.com\/nettbutikk\/?post_type=product&#038;p=9598"},"modified":"2026-03-20T10:34:15","modified_gmt":"2026-03-20T09:34:15","slug":"skjermende-langermer-genser-dame-lys-gra","status":"publish","type":"product","link":"https:\/\/emf-consult.com\/nettbutikk\/produkt\/skjermende-langermer-genser-dame-lys-gra\/","title":{"rendered":"Skjermende langermer genser, Dame (Lys gr\u00e5)"},"content":{"rendered":"<p><span id=\"result_box\" lang=\"no\">Langermer genserdamemodell for beskyttelse mot elektromagnetisk str\u00e5ling. Fantastisk, luksuri\u00f8st mykt og behagelig \u00e5 ha p\u00e5 seg. Ideell for kontor, dag, kveld, reise eller som natt\u00f8y.<br \/>\nLaget av stretch stoff. Lett, kj\u00f8lig, kr\u00f8llbestandig med ekstreme beskyttelse. S\u00f8lvtr\u00e5dene gj\u00f8r stoffet anti-bakterielt.<\/span><\/p>\n<p><span id=\"result_box\" lang=\"no\"><span title=\"Beechwood is the 'Mother of the forest' \">Laget av bomull og s\u00f8lvfibre.<\/span><\/span><\/p>\n<p><span id=\"result_box\" lang=\"no\">Strechstoffet gj\u00f8r at skjerming forblir konstant, selv n\u00e5r den strekkes.<br \/>\n<\/span><\/p>\n<p><span id=\"result_box\" lang=\"no\">Kan maskinvaskes.<\/span><\/p>\n","protected":false},"excerpt":{"rendered":"<p>Materialer:<br \/>\n50% Bomull, 42% s\u00f8lv fibre, 5%\u00a0 Polyester, stretch.<br \/>\nDemper 43 dB\/99.995%+ @ 1 GHz<\/p>\n<p>Tilgjengelige farger:<br \/>\nLys gr\u00e5 og svart<\/p>\n<p>St\u00f8rrelser:<br \/>\nS, M, L og XL. Finnes ogs\u00e5 i XXL men kun som bestillingsvare<\/p>\n<table style=\"border-collapse: collapse; width: 360pt;\" border=\"0\" width=\"480\" cellspacing=\"0\" cellpadding=\"0\">\n<colgroup>\n<col style=\"width: 60pt;\" width=\"80\" \/>\n<col style=\"width: 60pt;\" span=\"5\" width=\"80\" \/> <\/colgroup>\n<tbody>\n<tr style=\"height: 15.0pt;\">\n<td class=\"xl65\" style=\"height: 15.0pt; width: 60pt;\" width=\"80\" height=\"20\">NO<\/td>\n<td class=\"xl64\" style=\"border-left: none; width: 60pt;\" width=\"80\">S<\/td>\n<td class=\"xl64\" style=\"border-left: none; width: 60pt;\" width=\"80\">M<\/td>\n<td class=\"xl64\" style=\"border-left: none; width: 60pt;\" width=\"80\">L<\/td>\n<td class=\"xl64\" style=\"border-left: none; width: 60pt;\" width=\"80\">XL<\/td>\n<td class=\"xl64\" style=\"border-left: none; width: 60pt;\" width=\"80\">XXL<\/td>\n<\/tr>\n<tr style=\"height: 15.0pt;\">\n<td class=\"xl65\" style=\"height: 15.0pt; border-top: none;\" height=\"20\">EU<\/td>\n<td class=\"xl64\" style=\"border-top: none; border-left: none;\">38<\/td>\n<td class=\"xl64\" style=\"border-top: none; border-left: none;\">40<\/td>\n<td class=\"xl64\" style=\"border-top: none; border-left: none;\">42<\/td>\n<td class=\"xl64\" style=\"border-top: none; border-left: none;\">44<\/td>\n<td class=\"xl64\" style=\"border-top: none; border-left: none;\">46<\/td>\n<\/tr>\n<tr style=\"height: 15.0pt;\">\n<td class=\"xl65\" style=\"height: 15.0pt; border-top: none;\" height=\"20\">UK<\/td>\n<td class=\"xl64\" style=\"border-top: none; border-left: none;\">10<\/td>\n<td class=\"xl64\" style=\"border-top: none; border-left: none;\">12<\/td>\n<td class=\"xl64\" style=\"border-top: none; border-left: none;\">14<\/td>\n<td class=\"xl64\" style=\"border-top: none; border-left: none;\">16<\/td>\n<td class=\"xl64\" style=\"border-top: none; border-left: none;\">18<\/td>\n<\/tr>\n<\/tbody>\n<\/table>\n<p>Renhold:<br \/>\nM\u00e5 ikke\u00a0t\u00f8rrenses. Maskinvask kun ved 30\u00b0C. Bruk bare <a href=\"\/nettbutikk\/produkt\/texcare-vaskepulver-1kg\/\">godkjent vaskepulver<\/a>. (Andre vaskemidler kan ha en alvorlig effekt p\u00e5 skjermniv\u00e5et). Ikke h\u00e5ndvask. Ikke t\u00f8rk i t\u00f8rketrommel. Drypp t\u00f8rr. Stryke p\u00e5 LAV varme. M\u00e5 ikke blekes.igjengelige<\/p>\n","protected":false},"featured_media":9604,"comment_status":"open","ping_status":"closed","template":"","meta":[],"product_brand":[],"product_cat":[50],"product_tag":[],"class_list":{"0":"post-9598","1":"product","2":"type-product","3":"status-publish","4":"has-post-thumbnail","6":"product_cat-bekledning-klaer","7":"pa_storrelse-uk-10","8":"pa_storrelse-uk-12","9":"pa_storrelse-uk-14","10":"pa_storrelse-uk-16","11":"pa_storrelse-uk-18","13":"first","14":"instock","15":"taxable","16":"shipping-taxable","17":"purchasable","18":"product-type-variable"},"yoast_head":"<!-- This site is optimized with the Yoast SEO plugin v27.4 - https:\/\/yoast.com\/product\/yoast-seo-wordpress\/ -->\n<title>Skjermende langermer genser, Dame (Lys gr\u00e5) - EMF Consult<\/title>\n<meta name=\"robots\" content=\"index, follow, max-snippet:-1, max-image-preview:large, max-video-preview:-1\" \/>\n<link rel=\"canonical\" href=\"https:\/\/emf-consult.com\/nettbutikk\/produkt\/skjermende-langermer-genser-dame-lys-gra\/\" \/>\n<meta property=\"og:locale\" content=\"nb_NO\" \/>\n<meta property=\"og:type\" content=\"article\" \/>\n<meta property=\"og:title\" content=\"Skjermende langermer genser, Dame (Lys gr\u00e5) - EMF Consult\" \/>\n<meta property=\"og:description\" content=\"Materialer: 50% Bomull, 42% s\u00f8lv fibre, 5%\u00a0 Polyester, stretch. Demper 43 dB\/99.995%+ @ 1 GHz  Tilgjengelige farger: Lys gr\u00e5 og svart  St\u00f8rrelser: S, M, L og XL. Finnes ogs\u00e5 i XXL men kun som bestillingsvare      NO S M L XL XXL   EU 38 40 42 44 46   UK 10 12 14 16 18    Renhold: M\u00e5 ikke\u00a0t\u00f8rrenses. Maskinvask kun ved 30\u00b0C. Bruk bare godkjent vaskepulver. (Andre vaskemidler kan ha en alvorlig effekt p\u00e5 skjermniv\u00e5et). Ikke h\u00e5ndvask. Ikke t\u00f8rk i t\u00f8rketrommel. Drypp t\u00f8rr. Stryke p\u00e5 LAV varme. M\u00e5 ikke blekes.igjengelige\" \/>\n<meta property=\"og:url\" content=\"https:\/\/emf-consult.com\/nettbutikk\/produkt\/skjermende-langermer-genser-dame-lys-gra\/\" \/>\n<meta property=\"og:site_name\" content=\"EMF Consult\" \/>\n<meta property=\"article:publisher\" content=\"https:\/\/www.facebook.com\/emfconsult\" \/>\n<meta property=\"article:modified_time\" content=\"2026-03-20T09:34:15+00:00\" \/>\n<meta property=\"og:image\" content=\"https:\/\/emf-consult.com\/nettbutikk\/wp-content\/uploads\/2020\/02\/electromagnetic-radiation-protective-long-sleeve-vest-grey-2.jpg\" \/>\n\t<meta property=\"og:image:width\" content=\"675\" \/>\n\t<meta property=\"og:image:height\" content=\"792\" \/>\n\t<meta property=\"og:image:type\" content=\"image\/jpeg\" \/>\n<meta name=\"twitter:card\" content=\"summary_large_image\" \/>\n<meta name=\"twitter:label1\" content=\"Ansl. lesetid\" \/>\n\t<meta name=\"twitter:data1\" content=\"1 minutt\" \/>\n<script type=\"application\/ld+json\" class=\"yoast-schema-graph\">{\"@context\":\"https:\\\/\\\/schema.org\",\"@graph\":[{\"@type\":\"WebPage\",\"@id\":\"https:\\\/\\\/emf-consult.com\\\/nettbutikk\\\/produkt\\\/skjermende-langermer-genser-dame-lys-gra\\\/\",\"url\":\"https:\\\/\\\/emf-consult.com\\\/nettbutikk\\\/produkt\\\/skjermende-langermer-genser-dame-lys-gra\\\/\",\"name\":\"Skjermende langermer genser, Dame (Lys gr\u00e5) - EMF Consult\",\"isPartOf\":{\"@id\":\"https:\\\/\\\/emf-consult.com\\\/nettbutikk\\\/#website\"},\"primaryImageOfPage\":{\"@id\":\"https:\\\/\\\/emf-consult.com\\\/nettbutikk\\\/produkt\\\/skjermende-langermer-genser-dame-lys-gra\\\/#primaryimage\"},\"image\":{\"@id\":\"https:\\\/\\\/emf-consult.com\\\/nettbutikk\\\/produkt\\\/skjermende-langermer-genser-dame-lys-gra\\\/#primaryimage\"},\"thumbnailUrl\":\"https:\\\/\\\/emf-consult.com\\\/nettbutikk\\\/wp-content\\\/uploads\\\/2020\\\/02\\\/electromagnetic-radiation-protective-long-sleeve-vest-grey-2.jpg\",\"datePublished\":\"2020-02-14T19:56:35+00:00\",\"dateModified\":\"2026-03-20T09:34:15+00:00\",\"breadcrumb\":{\"@id\":\"https:\\\/\\\/emf-consult.com\\\/nettbutikk\\\/produkt\\\/skjermende-langermer-genser-dame-lys-gra\\\/#breadcrumb\"},\"inLanguage\":\"nb-NO\",\"potentialAction\":[{\"@type\":\"ReadAction\",\"target\":[\"https:\\\/\\\/emf-consult.com\\\/nettbutikk\\\/produkt\\\/skjermende-langermer-genser-dame-lys-gra\\\/\"]}]},{\"@type\":\"ImageObject\",\"inLanguage\":\"nb-NO\",\"@id\":\"https:\\\/\\\/emf-consult.com\\\/nettbutikk\\\/produkt\\\/skjermende-langermer-genser-dame-lys-gra\\\/#primaryimage\",\"url\":\"https:\\\/\\\/emf-consult.com\\\/nettbutikk\\\/wp-content\\\/uploads\\\/2020\\\/02\\\/electromagnetic-radiation-protective-long-sleeve-vest-grey-2.jpg\",\"contentUrl\":\"https:\\\/\\\/emf-consult.com\\\/nettbutikk\\\/wp-content\\\/uploads\\\/2020\\\/02\\\/electromagnetic-radiation-protective-long-sleeve-vest-grey-2.jpg\",\"width\":675,\"height\":792},{\"@type\":\"BreadcrumbList\",\"@id\":\"https:\\\/\\\/emf-consult.com\\\/nettbutikk\\\/produkt\\\/skjermende-langermer-genser-dame-lys-gra\\\/#breadcrumb\",\"itemListElement\":[{\"@type\":\"ListItem\",\"position\":1,\"name\":\"Hjem\",\"item\":\"https:\\\/\\\/emf-consult.com\\\/nettbutikk\\\/\"},{\"@type\":\"ListItem\",\"position\":2,\"name\":\"Butikk\",\"item\":\"https:\\\/\\\/emf-consult.com\\\/nettbutikk\\\/butikk\\\/\"},{\"@type\":\"ListItem\",\"position\":3,\"name\":\"Skjermende langermer genser, Dame (Lys gr\u00e5)\"}]},{\"@type\":\"WebSite\",\"@id\":\"https:\\\/\\\/emf-consult.com\\\/nettbutikk\\\/#website\",\"url\":\"https:\\\/\\\/emf-consult.com\\\/nettbutikk\\\/\",\"name\":\"EMF Consult\",\"description\":\"Nettbutikk - Beskyttelse mot str\u00e5ling\",\"publisher\":{\"@id\":\"https:\\\/\\\/emf-consult.com\\\/nettbutikk\\\/#organization\"},\"potentialAction\":[{\"@type\":\"SearchAction\",\"target\":{\"@type\":\"EntryPoint\",\"urlTemplate\":\"https:\\\/\\\/emf-consult.com\\\/nettbutikk\\\/?s={search_term_string}\"},\"query-input\":{\"@type\":\"PropertyValueSpecification\",\"valueRequired\":true,\"valueName\":\"search_term_string\"}}],\"inLanguage\":\"nb-NO\"},{\"@type\":\"Organization\",\"@id\":\"https:\\\/\\\/emf-consult.com\\\/nettbutikk\\\/#organization\",\"name\":\"EMF Consult AS\",\"url\":\"https:\\\/\\\/emf-consult.com\\\/nettbutikk\\\/\",\"logo\":{\"@type\":\"ImageObject\",\"inLanguage\":\"nb-NO\",\"@id\":\"https:\\\/\\\/emf-consult.com\\\/nettbutikk\\\/#\\\/schema\\\/logo\\\/image\\\/\",\"url\":\"https:\\\/\\\/emf-consult.com\\\/nettbutikk\\\/wp-content\\\/uploads\\\/2022\\\/07\\\/cropped-Favikon-rod-e1658786300694.png\",\"contentUrl\":\"https:\\\/\\\/emf-consult.com\\\/nettbutikk\\\/wp-content\\\/uploads\\\/2022\\\/07\\\/cropped-Favikon-rod-e1658786300694.png\",\"width\":150,\"height\":150,\"caption\":\"EMF Consult AS\"},\"image\":{\"@id\":\"https:\\\/\\\/emf-consult.com\\\/nettbutikk\\\/#\\\/schema\\\/logo\\\/image\\\/\"},\"sameAs\":[\"https:\\\/\\\/www.facebook.com\\\/emfconsult\",\"https:\\\/\\\/www.linkedin.com\\\/company\\\/emf-consult\\\/\"]}]}<\/script>\n<!-- \/ Yoast SEO plugin. -->","yoast_head_json":{"title":"Skjermende langermer genser, Dame (Lys gr\u00e5) - EMF Consult","robots":{"index":"index","follow":"follow","max-snippet":"max-snippet:-1","max-image-preview":"max-image-preview:large","max-video-preview":"max-video-preview:-1"},"canonical":"https:\/\/emf-consult.com\/nettbutikk\/produkt\/skjermende-langermer-genser-dame-lys-gra\/","og_locale":"nb_NO","og_type":"article","og_title":"Skjermende langermer genser, Dame (Lys gr\u00e5) - EMF Consult","og_description":"Materialer: 50% Bomull, 42% s\u00f8lv fibre, 5%\u00a0 Polyester, stretch. Demper 43 dB\/99.995%+ @ 1 GHz  Tilgjengelige farger: Lys gr\u00e5 og svart  St\u00f8rrelser: S, M, L og XL. Finnes ogs\u00e5 i XXL men kun som bestillingsvare      NO S M L XL XXL   EU 38 40 42 44 46   UK 10 12 14 16 18    Renhold: M\u00e5 ikke\u00a0t\u00f8rrenses. Maskinvask kun ved 30\u00b0C. Bruk bare godkjent vaskepulver. (Andre vaskemidler kan ha en alvorlig effekt p\u00e5 skjermniv\u00e5et). Ikke h\u00e5ndvask. Ikke t\u00f8rk i t\u00f8rketrommel. Drypp t\u00f8rr. Stryke p\u00e5 LAV varme. M\u00e5 ikke blekes.igjengelige","og_url":"https:\/\/emf-consult.com\/nettbutikk\/produkt\/skjermende-langermer-genser-dame-lys-gra\/","og_site_name":"EMF Consult","article_publisher":"https:\/\/www.facebook.com\/emfconsult","article_modified_time":"2026-03-20T09:34:15+00:00","og_image":[{"width":675,"height":792,"url":"https:\/\/emf-consult.com\/nettbutikk\/wp-content\/uploads\/2020\/02\/electromagnetic-radiation-protective-long-sleeve-vest-grey-2.jpg","type":"image\/jpeg"}],"twitter_card":"summary_large_image","twitter_misc":{"Ansl. lesetid":"1 minutt"},"schema":{"@context":"https:\/\/schema.org","@graph":[{"@type":"WebPage","@id":"https:\/\/emf-consult.com\/nettbutikk\/produkt\/skjermende-langermer-genser-dame-lys-gra\/","url":"https:\/\/emf-consult.com\/nettbutikk\/produkt\/skjermende-langermer-genser-dame-lys-gra\/","name":"Skjermende langermer genser, Dame (Lys gr\u00e5) - EMF Consult","isPartOf":{"@id":"https:\/\/emf-consult.com\/nettbutikk\/#website"},"primaryImageOfPage":{"@id":"https:\/\/emf-consult.com\/nettbutikk\/produkt\/skjermende-langermer-genser-dame-lys-gra\/#primaryimage"},"image":{"@id":"https:\/\/emf-consult.com\/nettbutikk\/produkt\/skjermende-langermer-genser-dame-lys-gra\/#primaryimage"},"thumbnailUrl":"https:\/\/emf-consult.com\/nettbutikk\/wp-content\/uploads\/2020\/02\/electromagnetic-radiation-protective-long-sleeve-vest-grey-2.jpg","datePublished":"2020-02-14T19:56:35+00:00","dateModified":"2026-03-20T09:34:15+00:00","breadcrumb":{"@id":"https:\/\/emf-consult.com\/nettbutikk\/produkt\/skjermende-langermer-genser-dame-lys-gra\/#breadcrumb"},"inLanguage":"nb-NO","potentialAction":[{"@type":"ReadAction","target":["https:\/\/emf-consult.com\/nettbutikk\/produkt\/skjermende-langermer-genser-dame-lys-gra\/"]}]},{"@type":"ImageObject","inLanguage":"nb-NO","@id":"https:\/\/emf-consult.com\/nettbutikk\/produkt\/skjermende-langermer-genser-dame-lys-gra\/#primaryimage","url":"https:\/\/emf-consult.com\/nettbutikk\/wp-content\/uploads\/2020\/02\/electromagnetic-radiation-protective-long-sleeve-vest-grey-2.jpg","contentUrl":"https:\/\/emf-consult.com\/nettbutikk\/wp-content\/uploads\/2020\/02\/electromagnetic-radiation-protective-long-sleeve-vest-grey-2.jpg","width":675,"height":792},{"@type":"BreadcrumbList","@id":"https:\/\/emf-consult.com\/nettbutikk\/produkt\/skjermende-langermer-genser-dame-lys-gra\/#breadcrumb","itemListElement":[{"@type":"ListItem","position":1,"name":"Hjem","item":"https:\/\/emf-consult.com\/nettbutikk\/"},{"@type":"ListItem","position":2,"name":"Butikk","item":"https:\/\/emf-consult.com\/nettbutikk\/butikk\/"},{"@type":"ListItem","position":3,"name":"Skjermende langermer genser, Dame (Lys gr\u00e5)"}]},{"@type":"WebSite","@id":"https:\/\/emf-consult.com\/nettbutikk\/#website","url":"https:\/\/emf-consult.com\/nettbutikk\/","name":"EMF Consult","description":"Nettbutikk - Beskyttelse mot str\u00e5ling","publisher":{"@id":"https:\/\/emf-consult.com\/nettbutikk\/#organization"},"potentialAction":[{"@type":"SearchAction","target":{"@type":"EntryPoint","urlTemplate":"https:\/\/emf-consult.com\/nettbutikk\/?s={search_term_string}"},"query-input":{"@type":"PropertyValueSpecification","valueRequired":true,"valueName":"search_term_string"}}],"inLanguage":"nb-NO"},{"@type":"Organization","@id":"https:\/\/emf-consult.com\/nettbutikk\/#organization","name":"EMF Consult AS","url":"https:\/\/emf-consult.com\/nettbutikk\/","logo":{"@type":"ImageObject","inLanguage":"nb-NO","@id":"https:\/\/emf-consult.com\/nettbutikk\/#\/schema\/logo\/image\/","url":"https:\/\/emf-consult.com\/nettbutikk\/wp-content\/uploads\/2022\/07\/cropped-Favikon-rod-e1658786300694.png","contentUrl":"https:\/\/emf-consult.com\/nettbutikk\/wp-content\/uploads\/2022\/07\/cropped-Favikon-rod-e1658786300694.png","width":150,"height":150,"caption":"EMF Consult AS"},"image":{"@id":"https:\/\/emf-consult.com\/nettbutikk\/#\/schema\/logo\/image\/"},"sameAs":["https:\/\/www.facebook.com\/emfconsult","https:\/\/www.linkedin.com\/company\/emf-consult\/"]}]}},"_links":{"self":[{"href":"https:\/\/emf-consult.com\/nettbutikk\/wp-json\/wp\/v2\/product\/9598","targetHints":{"allow":["GET"]}}],"collection":[{"href":"https:\/\/emf-consult.com\/nettbutikk\/wp-json\/wp\/v2\/product"}],"about":[{"href":"https:\/\/emf-consult.com\/nettbutikk\/wp-json\/wp\/v2\/types\/product"}],"replies":[{"embeddable":true,"href":"https:\/\/emf-consult.com\/nettbutikk\/wp-json\/wp\/v2\/comments?post=9598"}],"wp:featuredmedia":[{"embeddable":true,"href":"https:\/\/emf-consult.com\/nettbutikk\/wp-json\/wp\/v2\/media\/9604"}],"wp:attachment":[{"href":"https:\/\/emf-consult.com\/nettbutikk\/wp-json\/wp\/v2\/media?parent=9598"}],"wp:term":[{"taxonomy":"product_brand","embeddable":true,"href":"https:\/\/emf-consult.com\/nettbutikk\/wp-json\/wp\/v2\/product_brand?post=9598"},{"taxonomy":"product_cat","embeddable":true,"href":"https:\/\/emf-consult.com\/nettbutikk\/wp-json\/wp\/v2\/product_cat?post=9598"},{"taxonomy":"product_tag","embeddable":true,"href":"https:\/\/emf-consult.com\/nettbutikk\/wp-json\/wp\/v2\/product_tag?post=9598"}],"curies":[{"name":"wp","href":"https:\/\/api.w.org\/{rel}","templated":true}]}}