{"id":9527,"date":"2020-02-13T21:17:57","date_gmt":"2020-02-13T20:17:57","guid":{"rendered":"https:\/\/emf-consult.com\/nettbutikk\/?post_type=product&#038;p=9527"},"modified":"2025-07-14T14:51:53","modified_gmt":"2025-07-14T12:51:53","slug":"tradlos-veggmontert-fjernkontroll","status":"publish","type":"product","link":"https:\/\/emf-consult.com\/nettbutikk\/produkt\/tradlos-veggmontert-fjernkontroll\/","title":{"rendered":"Tr\u00e5dl\u00f8s veggmontert fjernkontroll"},"content":{"rendered":"<h3>Veggmontert fjernkontroll med nyttige funksjoner<\/h3>\n<p>Ei450 er for mange et helt n\u00f8dvendig hjelpemiddel, og benyttes sammen med Ei Electronics sine anerkjente r\u00f8ykvarslere. Denne smarte og lekre fjernkontrollen muliggj\u00f8r sv\u00e6rt enkel fjernstyring av dine Ei Electronics r\u00f8ykvarslere. Med et enkelt trykk kan du avstille r\u00f8ykvarslere, teste r\u00f8ykvarslere og lokalisere utl\u00f8st r\u00f8ykvarsler ved alarm.\u00a0 Vi anbefaler denne veggmonterte fjernkontrollen p\u00e5 det sterkeste til deg som \u00f8nsker full fleksibilitet p\u00e5 ditt tr\u00e5dl\u00f8se system fra Ei Electronics.<\/p>\n<h4>Slik fungerer den<\/h4>\n<p>I standby modus (ikke alarmmodus) vil ett trykk p\u00e5 knappen teste alle varslerene i ditt system som er seriekoblet. Idet du slipper knappen vil testingen stoppe.<\/p>\n<p>N\u00e5r systemet er i alarm vil ett trykk p\u00e5 knappen stoppe alle varslerene i systemet UNTATT kildevarsleren, dvs. varsleren som startet alarmen. P\u00e5 den m\u00e5ten kan du raskt og enkelt lokalisere hvor branntill\u00f8pet har oppst\u00e5tt.<\/p>\n<p>Ett trykk p\u00e5 knappen igjen vil hysje hele systemet for en periode p\u00e5 10 minutter. I denne perioden vil r\u00f8ykvarslerene starte p\u00e5 nytt hvis de igjen oppdager r\u00f8yk.<\/p>\n<h4>Kort oppsummert<\/h4>\n<ul>\n<li>Helt tr\u00e5dl\u00f8s &#8211; ingen kabling n\u00f8dvendig<\/li>\n<li>Utstyrt med innebygget 10 \u00e5rs Lithium batteri for optimal levetid<\/li>\n<li>Lokaliseringsfunksjonen hysjer alle r\u00f8ykvarslerene i ditt system untatt kildevarsleren (den som aktiverte alarmen) &#8211; for rask og enkel identifikasjon av et eventuelt branntill\u00f8p<\/li>\n<li>Test funksjonen aktiverer alle r\u00f8ykvarslerene for sikker testing av ditt system<\/li>\n<li>Hysj funksjonen hysjer alle r\u00f8ykvarslere i ditt system &#8211; utmerket ved f.eks falske alarmer<\/li>\n<li>Alarmminne<\/li>\n<li>Auto tilbakestilling etter 10 minutter for &#8220;lokalisering&#8221; og &#8220;hysj&#8221;<\/li>\n<\/ul>\n<h4><strong>Alarmminne<\/strong><\/h4>\n<p>R\u00f8yk- og CO detektorer med aktivert RadioLINK kan registrere om de tidligere har blitt aktivert og lagre dette i minnet. Dette kan deretter hentes frem via diagnosemodus. Dette finner da den detektoren som tidligere har blitt aktivert og f\u00e5r den til \u00e5 gi fra seg lyd i et par sekunder (avhengig av antall RadioLINK detektorer og enheter i systemet). Du kan enkelt slette alarmminne via fjernkontrollen.<\/p>\n<h4>Produktfilm<\/h4>\n<p><a href=\"https:\/\/youtu.be\/QxIc0QcFLyw\" target=\"_blank\" rel=\"noopener noreferrer\">Introduksjon til Ei450 fjernkontroll<\/a><\/p>\n<div class=\"youtube\"><\/div>\n","protected":false},"excerpt":{"rendered":"<table class=\"info\" width=\"100%\" cellspacing=\"0\">\n<tbody>\n<tr id=\"sku\" class=\"even\">\n<td class=\"key\">Artikkelnummer<\/td>\n<td class=\"value\">EI450<\/td>\n<\/tr>\n<tr class=\"odd\">\n<td class=\"key\">Produsent<\/td>\n<td class=\"value\">Ei Electronics (Irland)<\/td>\n<\/tr>\n<tr class=\"even\">\n<td class=\"key\">Garanti<\/td>\n<td class=\"value\">5 \u00e5r<\/td>\n<\/tr>\n<tr class=\"odd\">\n<td class=\"key\">Frekvens<\/td>\n<td class=\"value\">868 Mhz<\/td>\n<\/tr>\n<tr class=\"even\">\n<td class=\"key\">Str\u00f8mforsyning<\/td>\n<td class=\"value\">9V alkalisk batteri 10 \u00e5rs levetid (medf\u00f8lger)<\/td>\n<\/tr>\n<tr class=\"odd\">\n<td class=\"key\">Produksjon<\/td>\n<td class=\"value\">ISO 9001:2000 sertifisert<\/td>\n<\/tr>\n<tr class=\"even\">\n<td class=\"key\">Godkjenning<\/td>\n<td class=\"value\">EN 14604<\/td>\n<\/tr>\n<tr class=\"odd\">\n<td class=\"key\">Lydstyrke<\/td>\n<td class=\"value\">85 dB ved 3 m.<\/td>\n<\/tr>\n<tr class=\"even\">\n<td class=\"key\">Diameter (mm)<\/td>\n<td class=\"value\">90 mm.<\/td>\n<\/tr>\n<tr class=\"odd\">\n<td class=\"key\">H\u00f8yde (mm)<\/td>\n<td class=\"value\">30 mm.<\/td>\n<\/tr>\n<tr class=\"even\">\n<td class=\"key\">Vekt<\/td>\n<td class=\"value\">185 gr.<\/td>\n<\/tr>\n<tr class=\"odd\">\n<td class=\"key\">Antall kanaler<\/td>\n<td class=\"value\">Uendelig<\/td>\n<\/tr>\n<tr class=\"even\">\n<td class=\"key\">Dokumentasjon (PDF)<\/td>\n<td class=\"value\"><a class=\"small-pdf\" href=\"https:\/\/www.noby.no\/media\/multicase\/documents\/datablader\/r%C3%B8ykvarslere\/tr%C3%A5dl%C3%B8se\/ei450%20datablad%20(engelsk)%202016.pdf\" target=\"_blank\" rel=\"noopener noreferrer\">Vis tilh\u00f8rende dokument<\/a><\/td>\n<\/tr>\n<\/tbody>\n<\/table>\n","protected":false},"featured_media":9528,"comment_status":"open","ping_status":"closed","template":"","meta":[],"product_brand":[],"product_cat":[87],"product_tag":[],"class_list":{"0":"post-9527","1":"product","2":"type-product","3":"status-publish","4":"has-post-thumbnail","6":"product_cat-roykvarsler-brannalarm","8":"first","9":"instock","10":"taxable","11":"shipping-taxable","12":"purchasable","13":"product-type-simple"},"yoast_head":"<!-- This site is optimized with the Yoast SEO plugin v27.4 - https:\/\/yoast.com\/product\/yoast-seo-wordpress\/ -->\n<title>Tr\u00e5dl\u00f8s veggmontert fjernkontroll - EMF Consult<\/title>\n<meta name=\"robots\" content=\"index, follow, max-snippet:-1, max-image-preview:large, max-video-preview:-1\" \/>\n<link rel=\"canonical\" href=\"https:\/\/emf-consult.com\/nettbutikk\/produkt\/tradlos-veggmontert-fjernkontroll\/\" \/>\n<meta property=\"og:locale\" content=\"nb_NO\" \/>\n<meta property=\"og:type\" content=\"article\" \/>\n<meta property=\"og:title\" content=\"Tr\u00e5dl\u00f8s veggmontert fjernkontroll - EMF Consult\" \/>\n<meta property=\"og:description\" content=\"Artikkelnummer EI450   Produsent Ei Electronics (Irland)   Garanti 5 \u00e5r   Frekvens 868 Mhz   Str\u00f8mforsyning 9V alkalisk batteri 10 \u00e5rs levetid (medf\u00f8lger)   Produksjon ISO 9001:2000 sertifisert   Godkjenning EN 14604   Lydstyrke 85 dB ved 3 m.   Diameter (mm) 90 mm.   H\u00f8yde (mm) 30 mm.   Vekt 185 gr.   Antall kanaler Uendelig   Dokumentasjon (PDF) Vis tilh\u00f8rende dokument\" \/>\n<meta property=\"og:url\" content=\"https:\/\/emf-consult.com\/nettbutikk\/produkt\/tradlos-veggmontert-fjernkontroll\/\" \/>\n<meta property=\"og:site_name\" content=\"EMF Consult\" \/>\n<meta property=\"article:publisher\" content=\"https:\/\/www.facebook.com\/emfconsult\" \/>\n<meta property=\"article:modified_time\" content=\"2025-07-14T12:51:53+00:00\" \/>\n<meta property=\"og:image\" content=\"https:\/\/emf-consult.com\/nettbutikk\/wp-content\/uploads\/2020\/02\/Ei450-Veggmontert-fjernkontroll.png\" \/>\n\t<meta property=\"og:image:width\" content=\"400\" \/>\n\t<meta property=\"og:image:height\" content=\"449\" \/>\n\t<meta property=\"og:image:type\" content=\"image\/png\" \/>\n<meta name=\"twitter:card\" content=\"summary_large_image\" \/>\n<meta name=\"twitter:label1\" content=\"Ansl. lesetid\" \/>\n\t<meta name=\"twitter:data1\" content=\"2 minutter\" \/>\n<script type=\"application\/ld+json\" class=\"yoast-schema-graph\">{\"@context\":\"https:\\\/\\\/schema.org\",\"@graph\":[{\"@type\":\"WebPage\",\"@id\":\"https:\\\/\\\/emf-consult.com\\\/nettbutikk\\\/produkt\\\/tradlos-veggmontert-fjernkontroll\\\/\",\"url\":\"https:\\\/\\\/emf-consult.com\\\/nettbutikk\\\/produkt\\\/tradlos-veggmontert-fjernkontroll\\\/\",\"name\":\"Tr\u00e5dl\u00f8s veggmontert fjernkontroll - EMF Consult\",\"isPartOf\":{\"@id\":\"https:\\\/\\\/emf-consult.com\\\/nettbutikk\\\/#website\"},\"primaryImageOfPage\":{\"@id\":\"https:\\\/\\\/emf-consult.com\\\/nettbutikk\\\/produkt\\\/tradlos-veggmontert-fjernkontroll\\\/#primaryimage\"},\"image\":{\"@id\":\"https:\\\/\\\/emf-consult.com\\\/nettbutikk\\\/produkt\\\/tradlos-veggmontert-fjernkontroll\\\/#primaryimage\"},\"thumbnailUrl\":\"https:\\\/\\\/emf-consult.com\\\/nettbutikk\\\/wp-content\\\/uploads\\\/2020\\\/02\\\/Ei450-Veggmontert-fjernkontroll.png\",\"datePublished\":\"2020-02-13T20:17:57+00:00\",\"dateModified\":\"2025-07-14T12:51:53+00:00\",\"breadcrumb\":{\"@id\":\"https:\\\/\\\/emf-consult.com\\\/nettbutikk\\\/produkt\\\/tradlos-veggmontert-fjernkontroll\\\/#breadcrumb\"},\"inLanguage\":\"nb-NO\",\"potentialAction\":[{\"@type\":\"ReadAction\",\"target\":[\"https:\\\/\\\/emf-consult.com\\\/nettbutikk\\\/produkt\\\/tradlos-veggmontert-fjernkontroll\\\/\"]}]},{\"@type\":\"ImageObject\",\"inLanguage\":\"nb-NO\",\"@id\":\"https:\\\/\\\/emf-consult.com\\\/nettbutikk\\\/produkt\\\/tradlos-veggmontert-fjernkontroll\\\/#primaryimage\",\"url\":\"https:\\\/\\\/emf-consult.com\\\/nettbutikk\\\/wp-content\\\/uploads\\\/2020\\\/02\\\/Ei450-Veggmontert-fjernkontroll.png\",\"contentUrl\":\"https:\\\/\\\/emf-consult.com\\\/nettbutikk\\\/wp-content\\\/uploads\\\/2020\\\/02\\\/Ei450-Veggmontert-fjernkontroll.png\",\"width\":400,\"height\":449},{\"@type\":\"BreadcrumbList\",\"@id\":\"https:\\\/\\\/emf-consult.com\\\/nettbutikk\\\/produkt\\\/tradlos-veggmontert-fjernkontroll\\\/#breadcrumb\",\"itemListElement\":[{\"@type\":\"ListItem\",\"position\":1,\"name\":\"Hjem\",\"item\":\"https:\\\/\\\/emf-consult.com\\\/nettbutikk\\\/\"},{\"@type\":\"ListItem\",\"position\":2,\"name\":\"Butikk\",\"item\":\"https:\\\/\\\/emf-consult.com\\\/nettbutikk\\\/butikk\\\/\"},{\"@type\":\"ListItem\",\"position\":3,\"name\":\"Tr\u00e5dl\u00f8s veggmontert fjernkontroll\"}]},{\"@type\":\"WebSite\",\"@id\":\"https:\\\/\\\/emf-consult.com\\\/nettbutikk\\\/#website\",\"url\":\"https:\\\/\\\/emf-consult.com\\\/nettbutikk\\\/\",\"name\":\"EMF Consult\",\"description\":\"Nettbutikk - Beskyttelse mot str\u00e5ling\",\"publisher\":{\"@id\":\"https:\\\/\\\/emf-consult.com\\\/nettbutikk\\\/#organization\"},\"potentialAction\":[{\"@type\":\"SearchAction\",\"target\":{\"@type\":\"EntryPoint\",\"urlTemplate\":\"https:\\\/\\\/emf-consult.com\\\/nettbutikk\\\/?s={search_term_string}\"},\"query-input\":{\"@type\":\"PropertyValueSpecification\",\"valueRequired\":true,\"valueName\":\"search_term_string\"}}],\"inLanguage\":\"nb-NO\"},{\"@type\":\"Organization\",\"@id\":\"https:\\\/\\\/emf-consult.com\\\/nettbutikk\\\/#organization\",\"name\":\"EMF Consult AS\",\"url\":\"https:\\\/\\\/emf-consult.com\\\/nettbutikk\\\/\",\"logo\":{\"@type\":\"ImageObject\",\"inLanguage\":\"nb-NO\",\"@id\":\"https:\\\/\\\/emf-consult.com\\\/nettbutikk\\\/#\\\/schema\\\/logo\\\/image\\\/\",\"url\":\"https:\\\/\\\/emf-consult.com\\\/nettbutikk\\\/wp-content\\\/uploads\\\/2022\\\/07\\\/cropped-Favikon-rod-e1658786300694.png\",\"contentUrl\":\"https:\\\/\\\/emf-consult.com\\\/nettbutikk\\\/wp-content\\\/uploads\\\/2022\\\/07\\\/cropped-Favikon-rod-e1658786300694.png\",\"width\":150,\"height\":150,\"caption\":\"EMF Consult AS\"},\"image\":{\"@id\":\"https:\\\/\\\/emf-consult.com\\\/nettbutikk\\\/#\\\/schema\\\/logo\\\/image\\\/\"},\"sameAs\":[\"https:\\\/\\\/www.facebook.com\\\/emfconsult\",\"https:\\\/\\\/www.linkedin.com\\\/company\\\/emf-consult\\\/\"]}]}<\/script>\n<!-- \/ Yoast SEO plugin. -->","yoast_head_json":{"title":"Tr\u00e5dl\u00f8s veggmontert fjernkontroll - EMF Consult","robots":{"index":"index","follow":"follow","max-snippet":"max-snippet:-1","max-image-preview":"max-image-preview:large","max-video-preview":"max-video-preview:-1"},"canonical":"https:\/\/emf-consult.com\/nettbutikk\/produkt\/tradlos-veggmontert-fjernkontroll\/","og_locale":"nb_NO","og_type":"article","og_title":"Tr\u00e5dl\u00f8s veggmontert fjernkontroll - EMF Consult","og_description":"Artikkelnummer EI450   Produsent Ei Electronics (Irland)   Garanti 5 \u00e5r   Frekvens 868 Mhz   Str\u00f8mforsyning 9V alkalisk batteri 10 \u00e5rs levetid (medf\u00f8lger)   Produksjon ISO 9001:2000 sertifisert   Godkjenning EN 14604   Lydstyrke 85 dB ved 3 m.   Diameter (mm) 90 mm.   H\u00f8yde (mm) 30 mm.   Vekt 185 gr.   Antall kanaler Uendelig   Dokumentasjon (PDF) Vis tilh\u00f8rende dokument","og_url":"https:\/\/emf-consult.com\/nettbutikk\/produkt\/tradlos-veggmontert-fjernkontroll\/","og_site_name":"EMF Consult","article_publisher":"https:\/\/www.facebook.com\/emfconsult","article_modified_time":"2025-07-14T12:51:53+00:00","og_image":[{"width":400,"height":449,"url":"https:\/\/emf-consult.com\/nettbutikk\/wp-content\/uploads\/2020\/02\/Ei450-Veggmontert-fjernkontroll.png","type":"image\/png"}],"twitter_card":"summary_large_image","twitter_misc":{"Ansl. lesetid":"2 minutter"},"schema":{"@context":"https:\/\/schema.org","@graph":[{"@type":"WebPage","@id":"https:\/\/emf-consult.com\/nettbutikk\/produkt\/tradlos-veggmontert-fjernkontroll\/","url":"https:\/\/emf-consult.com\/nettbutikk\/produkt\/tradlos-veggmontert-fjernkontroll\/","name":"Tr\u00e5dl\u00f8s veggmontert fjernkontroll - EMF Consult","isPartOf":{"@id":"https:\/\/emf-consult.com\/nettbutikk\/#website"},"primaryImageOfPage":{"@id":"https:\/\/emf-consult.com\/nettbutikk\/produkt\/tradlos-veggmontert-fjernkontroll\/#primaryimage"},"image":{"@id":"https:\/\/emf-consult.com\/nettbutikk\/produkt\/tradlos-veggmontert-fjernkontroll\/#primaryimage"},"thumbnailUrl":"https:\/\/emf-consult.com\/nettbutikk\/wp-content\/uploads\/2020\/02\/Ei450-Veggmontert-fjernkontroll.png","datePublished":"2020-02-13T20:17:57+00:00","dateModified":"2025-07-14T12:51:53+00:00","breadcrumb":{"@id":"https:\/\/emf-consult.com\/nettbutikk\/produkt\/tradlos-veggmontert-fjernkontroll\/#breadcrumb"},"inLanguage":"nb-NO","potentialAction":[{"@type":"ReadAction","target":["https:\/\/emf-consult.com\/nettbutikk\/produkt\/tradlos-veggmontert-fjernkontroll\/"]}]},{"@type":"ImageObject","inLanguage":"nb-NO","@id":"https:\/\/emf-consult.com\/nettbutikk\/produkt\/tradlos-veggmontert-fjernkontroll\/#primaryimage","url":"https:\/\/emf-consult.com\/nettbutikk\/wp-content\/uploads\/2020\/02\/Ei450-Veggmontert-fjernkontroll.png","contentUrl":"https:\/\/emf-consult.com\/nettbutikk\/wp-content\/uploads\/2020\/02\/Ei450-Veggmontert-fjernkontroll.png","width":400,"height":449},{"@type":"BreadcrumbList","@id":"https:\/\/emf-consult.com\/nettbutikk\/produkt\/tradlos-veggmontert-fjernkontroll\/#breadcrumb","itemListElement":[{"@type":"ListItem","position":1,"name":"Hjem","item":"https:\/\/emf-consult.com\/nettbutikk\/"},{"@type":"ListItem","position":2,"name":"Butikk","item":"https:\/\/emf-consult.com\/nettbutikk\/butikk\/"},{"@type":"ListItem","position":3,"name":"Tr\u00e5dl\u00f8s veggmontert fjernkontroll"}]},{"@type":"WebSite","@id":"https:\/\/emf-consult.com\/nettbutikk\/#website","url":"https:\/\/emf-consult.com\/nettbutikk\/","name":"EMF Consult","description":"Nettbutikk - Beskyttelse mot str\u00e5ling","publisher":{"@id":"https:\/\/emf-consult.com\/nettbutikk\/#organization"},"potentialAction":[{"@type":"SearchAction","target":{"@type":"EntryPoint","urlTemplate":"https:\/\/emf-consult.com\/nettbutikk\/?s={search_term_string}"},"query-input":{"@type":"PropertyValueSpecification","valueRequired":true,"valueName":"search_term_string"}}],"inLanguage":"nb-NO"},{"@type":"Organization","@id":"https:\/\/emf-consult.com\/nettbutikk\/#organization","name":"EMF Consult AS","url":"https:\/\/emf-consult.com\/nettbutikk\/","logo":{"@type":"ImageObject","inLanguage":"nb-NO","@id":"https:\/\/emf-consult.com\/nettbutikk\/#\/schema\/logo\/image\/","url":"https:\/\/emf-consult.com\/nettbutikk\/wp-content\/uploads\/2022\/07\/cropped-Favikon-rod-e1658786300694.png","contentUrl":"https:\/\/emf-consult.com\/nettbutikk\/wp-content\/uploads\/2022\/07\/cropped-Favikon-rod-e1658786300694.png","width":150,"height":150,"caption":"EMF Consult AS"},"image":{"@id":"https:\/\/emf-consult.com\/nettbutikk\/#\/schema\/logo\/image\/"},"sameAs":["https:\/\/www.facebook.com\/emfconsult","https:\/\/www.linkedin.com\/company\/emf-consult\/"]}]}},"_links":{"self":[{"href":"https:\/\/emf-consult.com\/nettbutikk\/wp-json\/wp\/v2\/product\/9527","targetHints":{"allow":["GET"]}}],"collection":[{"href":"https:\/\/emf-consult.com\/nettbutikk\/wp-json\/wp\/v2\/product"}],"about":[{"href":"https:\/\/emf-consult.com\/nettbutikk\/wp-json\/wp\/v2\/types\/product"}],"replies":[{"embeddable":true,"href":"https:\/\/emf-consult.com\/nettbutikk\/wp-json\/wp\/v2\/comments?post=9527"}],"wp:featuredmedia":[{"embeddable":true,"href":"https:\/\/emf-consult.com\/nettbutikk\/wp-json\/wp\/v2\/media\/9528"}],"wp:attachment":[{"href":"https:\/\/emf-consult.com\/nettbutikk\/wp-json\/wp\/v2\/media?parent=9527"}],"wp:term":[{"taxonomy":"product_brand","embeddable":true,"href":"https:\/\/emf-consult.com\/nettbutikk\/wp-json\/wp\/v2\/product_brand?post=9527"},{"taxonomy":"product_cat","embeddable":true,"href":"https:\/\/emf-consult.com\/nettbutikk\/wp-json\/wp\/v2\/product_cat?post=9527"},{"taxonomy":"product_tag","embeddable":true,"href":"https:\/\/emf-consult.com\/nettbutikk\/wp-json\/wp\/v2\/product_tag?post=9527"}],"curies":[{"name":"wp","href":"https:\/\/api.w.org\/{rel}","templated":true}]}}