{"id":9513,"date":"2020-02-13T18:34:25","date_gmt":"2020-02-13T17:34:25","guid":{"rendered":"https:\/\/emf-consult.com\/nettbutikk\/?post_type=product&#038;p=9513"},"modified":"2025-02-19T14:05:28","modified_gmt":"2025-02-19T13:05:28","slug":"tradlos-seriekoblet-optisk-roykvarsler","status":"publish","type":"product","link":"https:\/\/emf-consult.com\/nettbutikk\/produkt\/tradlos-seriekoblet-optisk-roykvarsler\/","title":{"rendered":"Tr\u00e5dl\u00f8s seriekoblet optisk r\u00f8ykvarsler"},"content":{"rendered":"<p><strong>Dette produktet er utg\u00e5tt. <a href=\"https:\/\/emf-consult.com\/nettbutikk\/produkt\/tradlos-seriekoblet-optisk-roykvarsler-2\/\">Erstattes av\u00a0Ei Electronics Ei650iRF<\/a><\/strong><\/p>\n<h3>Ei Electronics Ei605CRF &#8211; H\u00f8y kvalitet fra irske Ei Electronics<\/h3>\n<p>En av markedets mest stabile r\u00f8ykvarsler utviklet og produsert i Europa &#8211; fra en produsent hvor kvalitet og stabilitet har v\u00e6rt \u00f8verste prioritet i over 50 \u00e5r. Ei 605CRF er en\u00a0sv\u00e6rt avansert tr\u00e5dl\u00f8s seriekoblet r\u00f8ykvarsler med et lekkert design og utseende, og med kvalitet f\u00e5 andre r\u00f8ykvarslere i verden kan matche. En av f\u00e5 modeller p\u00e5 det norske markedet som er b\u00e5de utviklet og produsert i Europa.<\/p>\n<p>Ei Electronics Ei605CRF inng\u00e5r i et sv\u00e6rt attraktivt tr\u00e5dl\u00f8s system som inneholder en rekke andre moduler som gj\u00f8r at Ei605CRF vil passe perfekt for deg og din bolig. Sammen med\u00a0veggmontert fjernkontroll med lokaliseringsfunksjon\u00a0er dette systemet markedets mest fleksible og ikke minst stabile tr\u00e5dl\u00f8se system for alle typer boliger.<\/p>\n<ul>\n<li>Markedets mest stabile r\u00f8ykvarsler<\/li>\n<li><a href=\"https:\/\/www.youtube.com\/watch?v=UhuM_hllQt0\" target=\"_blank\" rel=\"noopener noreferrer\">Utviklet og produsert i Europa av Ei Electronics<\/a><\/li>\n<li>Innebygget repeater gir overlegen rekkevidde<\/li>\n<li>Med en avansert optisk r\u00f8yksensor for rask deteksjon og automatisk selvtesting<\/li>\n<li>Unik huskoding funksjonalitet skaper ditt seriekoblede system &#8211; helt tr\u00e5dl\u00f8st<\/li>\n<li>Meget lekkert og moderne design &#8211; passer til alle typer boligmilj\u00f8er<\/li>\n<li>Kommuniserer p\u00e5 alarmfrekvensen 868 Mhz<\/li>\n<li>Kan ogs\u00e5 kables der det er mulig \u00e5 bruke kabel (da fjernes bare RF-modulen og sensorene kobles sammen tvunnet parkabel)<\/li>\n<li>Kan kompletteres med Ei Electronics Ei603CRF &#8211; tr\u00e5dl\u00f8s varmedetektor og Ei Electronics Ei450 &#8211; veggmontert fjernkontroll<\/li>\n<li>Hele 5 \u00e5rs garanti mot produktfeil<\/li>\n<\/ul>\n<h4>Radio Link<\/h4>\n<p>Ei605CRF benytter seg av avanserte Radio-Link moduler i hver enkelt tr\u00e5dl\u00f8s enhet i systemet &#8211; noe som gj\u00f8r at tr\u00e5dl\u00f8se seriekoblede enheter enkelt kobles sammen med hverandre. Hver enkelt varsler\/mottaker\/fjernkontroll er utstyrt med en RadioLink modul som tr\u00e5dl\u00f8st sender et kodet signal til hverandre p\u00e5 alarmfrekvensen 868 Mhz. Du trenger ingen andre produkter eller enheter for \u00e5 f\u00e5 ditt tr\u00e5dl\u00f8se system til \u00e5 kommunisere med hverandre. Det tr\u00e5dl\u00f8se signalet er minimalt og sensoren sender kun en meget kort puls p\u00e5 noen millisekund ca. 4 ganger i timen. M\u00e5lt verdi p\u00e5 pulsene er ca. 4 \u00b5W\/m<sup>2\u00a0<\/sup>i sengeh\u00f8yde, rett under sensor.<\/p>\n<p>TIPS: Hvor mange r\u00f8ykvarslere trenger jeg?<\/p>\n<p>Antallet r\u00f8ykvarslere du trenger er egentlig veldig enkelt \u00e5 finne ut av. Tell opp antall sove og oppholdsrom i boligen din s\u00e5 har du ogs\u00e5 antallet r\u00f8ykvarslere du b\u00f8r ha. Jo flere r\u00f8ykvarslere du har, jo raskere varsling vil du f\u00e5. Det er enkel logikk. Og aller helst b\u00f8r de v\u00e6re seriekoblet med hverandre.<\/p>\n<h4>Repeater<\/h4>\n<p>Ei605CRF har i utgangspunktet en rekkevidde p\u00e5 ca. 100 meter. Men ved at hver eneste r\u00f8ykvarsler er utstyrt med repeater forlenges rekkevidden betraktelig. En repeater vil si at hver enkelt r\u00f8ykvarsler vil videresende signaler fra andre r\u00f8ykvarslere og dermed kraftig bedre sikkerheten og rekkevidden til radiokommunikasjonen. P\u00e5 denne m\u00e5ten vil du s\u00e5 \u00e5 si aldri med Ei605CRF oppleve problemer med rekkevidde.<\/p>\n<h4>Huskoding<\/h4>\n<p>For at du skal f\u00e5 ditt tr\u00e5dl\u00f8se system seriekoblet til din krever Ei605CRF at du huskoder dine r\u00f8ykvarslere og andre RadioLink moduler med hverandre. Denne innkodingen kalles huskoding og er n\u00f8ye beskrevet i brukermanualen. En slik huskoding er sv\u00e6rt enkel ved at alle r\u00f8ykvarslere meldes inn med hverandre slik at du f\u00e5r ditt eget system. Dette gj\u00f8r at du er sikret mot eventuelle forstyrrelser fra andre systemer. Derfor passer Ei605CRF ogs\u00e5 sv\u00e6rt godt til mindre borettslag og sameier som krever egne systemer pr. oppganger, blokker osv.<\/p>\n<h4>Test og pauseknapp<\/h4>\n<p>Ei605CRF har en kombinert test\/pauseknapp som vil hjelpe deg ved testing, samt ved u\u00f8nskede alarmer. I motsetning til andre r\u00f8ykvarslere er test\/pause knappen p\u00e5 Ei605CRF st\u00f8rre enn normalt samt ergonomisk utformet &#8211; noe som gj\u00f8r at man f.eks kan benytte seg av et kosteskaft eller lignende ved testing.<\/p>\n<ul>\n<li>For \u00e5 avbryte en u\u00f8nsket alarm, trykk p\u00e5 test\/pause knappen (r\u00f8ykvarsleren vil automatisk redusere sin f\u00f8lsomhet). R\u00f8ykvarslerne vil v\u00e6re satt i pause i 10 minutter. Det r\u00f8de lyset vil blinke hvert 10 sekund (normalt hvert 40 sekund) for \u00e5 vise at r\u00f8ykvarsleren er satt i pause.<\/li>\n<li>Varsleren vil g\u00e5 tilbake til normal f\u00f8lsomhet etter 10 minutter. Dersom den da starter \u00e5 pipe igjen, kan man trykke p\u00e5 test\/pause knappen igjen.<\/li>\n<\/ul>\n<h4>Str\u00f8mforsyning og batteribytte<\/h4>\n<p>Et nytt Alkaline batteri skal normalt vare i over ett \u00e5r. N\u00e5r batterispenningen blir lav og batteriet m\u00e5 byttes ut, vil alarmen pipe en gang i minuttet samtidig som det r\u00f8de lyset blinker. Dette vil r\u00f8ykvarsleren gj\u00f8re i minst 30 dager &#8211; noe som gir god tid for at batteriet kan byttes ut. Bytt ogs\u00e5 batteriet dersom varsleren ikke piper n\u00e5r testknappen trykkes inn.<\/p>\n<h4>Automatisk selvtest<\/h4>\n<p>R\u00f8ykvarslerens r\u00f8ykkammer tester seg selv hvert 40 sekund. Dersom kammeret er skittent vil r\u00f8ykvarsleren pipe uten at det r\u00f8de lyset blinker samtidig. Dersom dette skjer m\u00e5 varsleren rengj\u00f8res. Dersom dette gjentar seg uten at det r\u00f8de lyset tenner, returner enheten for service. Alle r\u00f8ykvarslere, og spesielt de av optisk type, er f\u00f8lsomme for st\u00f8v og insektsinntrengning som kan for\u00e5rsake falske alarmer. Det nyeste innen design, materialer og produksjonsmetoder er tatt i bruk i konstruksjonen av Ei Electronics sine r\u00f8ykvarslere for \u00e5 minimalisere effekten av st\u00f8v og insekter. Det er dessverre umulig helt \u00e5 fjerne effekten av st\u00f8v og insekts-inntregning, og derfor m\u00e5 du s\u00f8rge for at r\u00f8ykvarsleren holdes ren slik at levetiden forlenges. St\u00f8v og spindelvev b\u00f8r fjernes s\u00e5 fort som mulig.<\/p>\n","protected":false},"excerpt":{"rendered":"<table class=\"info\" width=\"100%\" cellspacing=\"0\">\n<tbody>\n<tr id=\"sku\" class=\"even\">\n<td class=\"key\">Artikkelnummer<\/td>\n<td class=\"value\">EI605CRF<\/td>\n<\/tr>\n<tr class=\"odd\">\n<td class=\"key\">Produsent<\/td>\n<td class=\"value\">Ei Electronics (Irland)<\/td>\n<\/tr>\n<tr class=\"even\">\n<td class=\"key\">Garanti<\/td>\n<td class=\"value\">5 \u00e5r<\/td>\n<\/tr>\n<tr class=\"odd\">\n<td class=\"key\">Frekvens<\/td>\n<td class=\"value\">868 Mhz<\/td>\n<\/tr>\n<tr class=\"even\">\n<td class=\"key\">Str\u00f8mforsyning<\/td>\n<td class=\"value\">9V alkalisk batteri (medf\u00f8lger)<\/td>\n<\/tr>\n<tr class=\"odd\">\n<td class=\"key\">Produksjon<\/td>\n<td class=\"value\">ISO 9001:2000 sertifisert<\/td>\n<\/tr>\n<tr class=\"even\">\n<td class=\"key\">Godkjenning<\/td>\n<td class=\"value\">EN 14604<\/td>\n<\/tr>\n<tr class=\"odd\">\n<td class=\"key\">Lydstyrke<\/td>\n<td class=\"value\">85 dB ved 3 m.<\/td>\n<\/tr>\n<tr class=\"even\">\n<td class=\"key\">Diameter (mm)<\/td>\n<td class=\"value\">115 mm.<\/td>\n<\/tr>\n<tr class=\"odd\">\n<td class=\"key\">H\u00f8yde (mm)<\/td>\n<td class=\"value\">45 mm.<\/td>\n<\/tr>\n<tr class=\"even\">\n<td class=\"key\">Vekt<\/td>\n<td class=\"value\">200 gr.<\/td>\n<\/tr>\n<tr class=\"odd\">\n<td class=\"key\">Antall kanaler<\/td>\n<td class=\"value\">Uendelig<\/td>\n<\/tr>\n<tr class=\"even\">\n<td class=\"key\">Temperatur<\/td>\n<td class=\"value\">4-40 grader Celsius<\/td>\n<\/tr>\n<\/tbody>\n<\/table>\n<p><a href=\"https:\/\/www.safelincs.co.uk\/templates_safelincs\/files\/datasheets\/3549_Ei605CRF-Datasheet.pdf\" target=\"_blank\" rel=\"noopener\">Dataark (engelsk)<\/a><\/p>\n","protected":false},"featured_media":9514,"comment_status":"open","ping_status":"closed","template":"","meta":[],"product_brand":[],"product_cat":[87],"product_tag":[],"class_list":{"0":"post-9513","1":"product","2":"type-product","3":"status-publish","4":"has-post-thumbnail","6":"product_cat-roykvarsler-brannalarm","8":"first","9":"outofstock","10":"taxable","11":"shipping-taxable","12":"purchasable","13":"product-type-simple"},"yoast_head":"<!-- This site is optimized with the Yoast SEO plugin v27.3 - https:\/\/yoast.com\/product\/yoast-seo-wordpress\/ -->\n<title>Tr\u00e5dl\u00f8s seriekoblet optisk r\u00f8ykvarsler - EMF Consult<\/title>\n<meta name=\"robots\" content=\"index, follow, max-snippet:-1, max-image-preview:large, max-video-preview:-1\" \/>\n<link rel=\"canonical\" href=\"https:\/\/emf-consult.com\/nettbutikk\/produkt\/tradlos-seriekoblet-optisk-roykvarsler\/\" \/>\n<meta property=\"og:locale\" content=\"nb_NO\" \/>\n<meta property=\"og:type\" content=\"article\" \/>\n<meta property=\"og:title\" content=\"Tr\u00e5dl\u00f8s seriekoblet optisk r\u00f8ykvarsler - EMF Consult\" \/>\n<meta property=\"og:description\" content=\"Artikkelnummer EI605CRF   Produsent Ei Electronics (Irland)   Garanti 5 \u00e5r   Frekvens 868 Mhz   Str\u00f8mforsyning 9V alkalisk batteri (medf\u00f8lger)   Produksjon ISO 9001:2000 sertifisert   Godkjenning EN 14604   Lydstyrke 85 dB ved 3 m.   Diameter (mm) 115 mm.   H\u00f8yde (mm) 45 mm.   Vekt 200 gr.   Antall kanaler Uendelig   Temperatur 4-40 grader Celsius    Dataark (engelsk)\" \/>\n<meta property=\"og:url\" content=\"https:\/\/emf-consult.com\/nettbutikk\/produkt\/tradlos-seriekoblet-optisk-roykvarsler\/\" \/>\n<meta property=\"og:site_name\" content=\"EMF Consult\" \/>\n<meta property=\"article:publisher\" content=\"https:\/\/www.facebook.com\/emfconsult\" \/>\n<meta property=\"article:modified_time\" content=\"2025-02-19T13:05:28+00:00\" \/>\n<meta property=\"og:image\" content=\"https:\/\/emf-consult.com\/nettbutikk\/wp-content\/uploads\/2020\/02\/Ei605CRF-r\u00f8ykvarsler.png\" \/>\n\t<meta property=\"og:image:width\" content=\"400\" \/>\n\t<meta property=\"og:image:height\" content=\"450\" \/>\n\t<meta property=\"og:image:type\" content=\"image\/png\" \/>\n<meta name=\"twitter:card\" content=\"summary_large_image\" \/>\n<meta name=\"twitter:label1\" content=\"Ansl. lesetid\" \/>\n\t<meta name=\"twitter:data1\" content=\"5 minutter\" \/>\n<script type=\"application\/ld+json\" class=\"yoast-schema-graph\">{\"@context\":\"https:\\\/\\\/schema.org\",\"@graph\":[{\"@type\":\"WebPage\",\"@id\":\"https:\\\/\\\/emf-consult.com\\\/nettbutikk\\\/produkt\\\/tradlos-seriekoblet-optisk-roykvarsler\\\/\",\"url\":\"https:\\\/\\\/emf-consult.com\\\/nettbutikk\\\/produkt\\\/tradlos-seriekoblet-optisk-roykvarsler\\\/\",\"name\":\"Tr\u00e5dl\u00f8s seriekoblet optisk r\u00f8ykvarsler - EMF Consult\",\"isPartOf\":{\"@id\":\"https:\\\/\\\/emf-consult.com\\\/nettbutikk\\\/#website\"},\"primaryImageOfPage\":{\"@id\":\"https:\\\/\\\/emf-consult.com\\\/nettbutikk\\\/produkt\\\/tradlos-seriekoblet-optisk-roykvarsler\\\/#primaryimage\"},\"image\":{\"@id\":\"https:\\\/\\\/emf-consult.com\\\/nettbutikk\\\/produkt\\\/tradlos-seriekoblet-optisk-roykvarsler\\\/#primaryimage\"},\"thumbnailUrl\":\"https:\\\/\\\/emf-consult.com\\\/nettbutikk\\\/wp-content\\\/uploads\\\/2020\\\/02\\\/Ei605CRF-r\u00f8ykvarsler.png\",\"datePublished\":\"2020-02-13T17:34:25+00:00\",\"dateModified\":\"2025-02-19T13:05:28+00:00\",\"breadcrumb\":{\"@id\":\"https:\\\/\\\/emf-consult.com\\\/nettbutikk\\\/produkt\\\/tradlos-seriekoblet-optisk-roykvarsler\\\/#breadcrumb\"},\"inLanguage\":\"nb-NO\",\"potentialAction\":[{\"@type\":\"ReadAction\",\"target\":[\"https:\\\/\\\/emf-consult.com\\\/nettbutikk\\\/produkt\\\/tradlos-seriekoblet-optisk-roykvarsler\\\/\"]}]},{\"@type\":\"ImageObject\",\"inLanguage\":\"nb-NO\",\"@id\":\"https:\\\/\\\/emf-consult.com\\\/nettbutikk\\\/produkt\\\/tradlos-seriekoblet-optisk-roykvarsler\\\/#primaryimage\",\"url\":\"https:\\\/\\\/emf-consult.com\\\/nettbutikk\\\/wp-content\\\/uploads\\\/2020\\\/02\\\/Ei605CRF-r\u00f8ykvarsler.png\",\"contentUrl\":\"https:\\\/\\\/emf-consult.com\\\/nettbutikk\\\/wp-content\\\/uploads\\\/2020\\\/02\\\/Ei605CRF-r\u00f8ykvarsler.png\",\"width\":400,\"height\":450},{\"@type\":\"BreadcrumbList\",\"@id\":\"https:\\\/\\\/emf-consult.com\\\/nettbutikk\\\/produkt\\\/tradlos-seriekoblet-optisk-roykvarsler\\\/#breadcrumb\",\"itemListElement\":[{\"@type\":\"ListItem\",\"position\":1,\"name\":\"Hjem\",\"item\":\"https:\\\/\\\/emf-consult.com\\\/nettbutikk\\\/\"},{\"@type\":\"ListItem\",\"position\":2,\"name\":\"Butikk\",\"item\":\"https:\\\/\\\/emf-consult.com\\\/nettbutikk\\\/butikk\\\/\"},{\"@type\":\"ListItem\",\"position\":3,\"name\":\"Tr\u00e5dl\u00f8s seriekoblet optisk r\u00f8ykvarsler\"}]},{\"@type\":\"WebSite\",\"@id\":\"https:\\\/\\\/emf-consult.com\\\/nettbutikk\\\/#website\",\"url\":\"https:\\\/\\\/emf-consult.com\\\/nettbutikk\\\/\",\"name\":\"EMF Consult\",\"description\":\"Nettbutikk - Beskyttelse mot str\u00e5ling\",\"publisher\":{\"@id\":\"https:\\\/\\\/emf-consult.com\\\/nettbutikk\\\/#organization\"},\"potentialAction\":[{\"@type\":\"SearchAction\",\"target\":{\"@type\":\"EntryPoint\",\"urlTemplate\":\"https:\\\/\\\/emf-consult.com\\\/nettbutikk\\\/?s={search_term_string}\"},\"query-input\":{\"@type\":\"PropertyValueSpecification\",\"valueRequired\":true,\"valueName\":\"search_term_string\"}}],\"inLanguage\":\"nb-NO\"},{\"@type\":\"Organization\",\"@id\":\"https:\\\/\\\/emf-consult.com\\\/nettbutikk\\\/#organization\",\"name\":\"EMF Consult AS\",\"url\":\"https:\\\/\\\/emf-consult.com\\\/nettbutikk\\\/\",\"logo\":{\"@type\":\"ImageObject\",\"inLanguage\":\"nb-NO\",\"@id\":\"https:\\\/\\\/emf-consult.com\\\/nettbutikk\\\/#\\\/schema\\\/logo\\\/image\\\/\",\"url\":\"https:\\\/\\\/emf-consult.com\\\/nettbutikk\\\/wp-content\\\/uploads\\\/2022\\\/07\\\/cropped-Favikon-rod-e1658786300694.png\",\"contentUrl\":\"https:\\\/\\\/emf-consult.com\\\/nettbutikk\\\/wp-content\\\/uploads\\\/2022\\\/07\\\/cropped-Favikon-rod-e1658786300694.png\",\"width\":150,\"height\":150,\"caption\":\"EMF Consult AS\"},\"image\":{\"@id\":\"https:\\\/\\\/emf-consult.com\\\/nettbutikk\\\/#\\\/schema\\\/logo\\\/image\\\/\"},\"sameAs\":[\"https:\\\/\\\/www.facebook.com\\\/emfconsult\",\"https:\\\/\\\/www.linkedin.com\\\/company\\\/emf-consult\\\/\"]}]}<\/script>\n<!-- \/ Yoast SEO plugin. -->","yoast_head_json":{"title":"Tr\u00e5dl\u00f8s seriekoblet optisk r\u00f8ykvarsler - EMF Consult","robots":{"index":"index","follow":"follow","max-snippet":"max-snippet:-1","max-image-preview":"max-image-preview:large","max-video-preview":"max-video-preview:-1"},"canonical":"https:\/\/emf-consult.com\/nettbutikk\/produkt\/tradlos-seriekoblet-optisk-roykvarsler\/","og_locale":"nb_NO","og_type":"article","og_title":"Tr\u00e5dl\u00f8s seriekoblet optisk r\u00f8ykvarsler - EMF Consult","og_description":"Artikkelnummer EI605CRF   Produsent Ei Electronics (Irland)   Garanti 5 \u00e5r   Frekvens 868 Mhz   Str\u00f8mforsyning 9V alkalisk batteri (medf\u00f8lger)   Produksjon ISO 9001:2000 sertifisert   Godkjenning EN 14604   Lydstyrke 85 dB ved 3 m.   Diameter (mm) 115 mm.   H\u00f8yde (mm) 45 mm.   Vekt 200 gr.   Antall kanaler Uendelig   Temperatur 4-40 grader Celsius    Dataark (engelsk)","og_url":"https:\/\/emf-consult.com\/nettbutikk\/produkt\/tradlos-seriekoblet-optisk-roykvarsler\/","og_site_name":"EMF Consult","article_publisher":"https:\/\/www.facebook.com\/emfconsult","article_modified_time":"2025-02-19T13:05:28+00:00","og_image":[{"width":400,"height":450,"url":"https:\/\/emf-consult.com\/nettbutikk\/wp-content\/uploads\/2020\/02\/Ei605CRF-r\u00f8ykvarsler.png","type":"image\/png"}],"twitter_card":"summary_large_image","twitter_misc":{"Ansl. lesetid":"5 minutter"},"schema":{"@context":"https:\/\/schema.org","@graph":[{"@type":"WebPage","@id":"https:\/\/emf-consult.com\/nettbutikk\/produkt\/tradlos-seriekoblet-optisk-roykvarsler\/","url":"https:\/\/emf-consult.com\/nettbutikk\/produkt\/tradlos-seriekoblet-optisk-roykvarsler\/","name":"Tr\u00e5dl\u00f8s seriekoblet optisk r\u00f8ykvarsler - EMF Consult","isPartOf":{"@id":"https:\/\/emf-consult.com\/nettbutikk\/#website"},"primaryImageOfPage":{"@id":"https:\/\/emf-consult.com\/nettbutikk\/produkt\/tradlos-seriekoblet-optisk-roykvarsler\/#primaryimage"},"image":{"@id":"https:\/\/emf-consult.com\/nettbutikk\/produkt\/tradlos-seriekoblet-optisk-roykvarsler\/#primaryimage"},"thumbnailUrl":"https:\/\/emf-consult.com\/nettbutikk\/wp-content\/uploads\/2020\/02\/Ei605CRF-r\u00f8ykvarsler.png","datePublished":"2020-02-13T17:34:25+00:00","dateModified":"2025-02-19T13:05:28+00:00","breadcrumb":{"@id":"https:\/\/emf-consult.com\/nettbutikk\/produkt\/tradlos-seriekoblet-optisk-roykvarsler\/#breadcrumb"},"inLanguage":"nb-NO","potentialAction":[{"@type":"ReadAction","target":["https:\/\/emf-consult.com\/nettbutikk\/produkt\/tradlos-seriekoblet-optisk-roykvarsler\/"]}]},{"@type":"ImageObject","inLanguage":"nb-NO","@id":"https:\/\/emf-consult.com\/nettbutikk\/produkt\/tradlos-seriekoblet-optisk-roykvarsler\/#primaryimage","url":"https:\/\/emf-consult.com\/nettbutikk\/wp-content\/uploads\/2020\/02\/Ei605CRF-r\u00f8ykvarsler.png","contentUrl":"https:\/\/emf-consult.com\/nettbutikk\/wp-content\/uploads\/2020\/02\/Ei605CRF-r\u00f8ykvarsler.png","width":400,"height":450},{"@type":"BreadcrumbList","@id":"https:\/\/emf-consult.com\/nettbutikk\/produkt\/tradlos-seriekoblet-optisk-roykvarsler\/#breadcrumb","itemListElement":[{"@type":"ListItem","position":1,"name":"Hjem","item":"https:\/\/emf-consult.com\/nettbutikk\/"},{"@type":"ListItem","position":2,"name":"Butikk","item":"https:\/\/emf-consult.com\/nettbutikk\/butikk\/"},{"@type":"ListItem","position":3,"name":"Tr\u00e5dl\u00f8s seriekoblet optisk r\u00f8ykvarsler"}]},{"@type":"WebSite","@id":"https:\/\/emf-consult.com\/nettbutikk\/#website","url":"https:\/\/emf-consult.com\/nettbutikk\/","name":"EMF Consult","description":"Nettbutikk - Beskyttelse mot str\u00e5ling","publisher":{"@id":"https:\/\/emf-consult.com\/nettbutikk\/#organization"},"potentialAction":[{"@type":"SearchAction","target":{"@type":"EntryPoint","urlTemplate":"https:\/\/emf-consult.com\/nettbutikk\/?s={search_term_string}"},"query-input":{"@type":"PropertyValueSpecification","valueRequired":true,"valueName":"search_term_string"}}],"inLanguage":"nb-NO"},{"@type":"Organization","@id":"https:\/\/emf-consult.com\/nettbutikk\/#organization","name":"EMF Consult AS","url":"https:\/\/emf-consult.com\/nettbutikk\/","logo":{"@type":"ImageObject","inLanguage":"nb-NO","@id":"https:\/\/emf-consult.com\/nettbutikk\/#\/schema\/logo\/image\/","url":"https:\/\/emf-consult.com\/nettbutikk\/wp-content\/uploads\/2022\/07\/cropped-Favikon-rod-e1658786300694.png","contentUrl":"https:\/\/emf-consult.com\/nettbutikk\/wp-content\/uploads\/2022\/07\/cropped-Favikon-rod-e1658786300694.png","width":150,"height":150,"caption":"EMF Consult AS"},"image":{"@id":"https:\/\/emf-consult.com\/nettbutikk\/#\/schema\/logo\/image\/"},"sameAs":["https:\/\/www.facebook.com\/emfconsult","https:\/\/www.linkedin.com\/company\/emf-consult\/"]}]}},"_links":{"self":[{"href":"https:\/\/emf-consult.com\/nettbutikk\/wp-json\/wp\/v2\/product\/9513","targetHints":{"allow":["GET"]}}],"collection":[{"href":"https:\/\/emf-consult.com\/nettbutikk\/wp-json\/wp\/v2\/product"}],"about":[{"href":"https:\/\/emf-consult.com\/nettbutikk\/wp-json\/wp\/v2\/types\/product"}],"replies":[{"embeddable":true,"href":"https:\/\/emf-consult.com\/nettbutikk\/wp-json\/wp\/v2\/comments?post=9513"}],"wp:featuredmedia":[{"embeddable":true,"href":"https:\/\/emf-consult.com\/nettbutikk\/wp-json\/wp\/v2\/media\/9514"}],"wp:attachment":[{"href":"https:\/\/emf-consult.com\/nettbutikk\/wp-json\/wp\/v2\/media?parent=9513"}],"wp:term":[{"taxonomy":"product_brand","embeddable":true,"href":"https:\/\/emf-consult.com\/nettbutikk\/wp-json\/wp\/v2\/product_brand?post=9513"},{"taxonomy":"product_cat","embeddable":true,"href":"https:\/\/emf-consult.com\/nettbutikk\/wp-json\/wp\/v2\/product_cat?post=9513"},{"taxonomy":"product_tag","embeddable":true,"href":"https:\/\/emf-consult.com\/nettbutikk\/wp-json\/wp\/v2\/product_tag?post=9513"}],"curies":[{"name":"wp","href":"https:\/\/api.w.org\/{rel}","templated":true}]}}