{"id":7847,"date":"2020-01-05T20:39:05","date_gmt":"2020-01-05T20:39:05","guid":{"rendered":"https:\/\/emf-consult.com\/nettbutikk\/?post_type=product&#038;p=7847"},"modified":"2026-02-23T16:32:43","modified_gmt":"2026-02-23T15:32:43","slug":"stralebeskyttende-skjerf-gratt-l","status":"publish","type":"product","link":"https:\/\/emf-consult.com\/nettbutikk\/produkt\/stralebeskyttende-skjerf-gratt-l\/","title":{"rendered":"Str\u00e5lebeskyttende skjerf (Gr\u00e5tt) L"},"content":{"rendered":"<p><span id=\"result_box\" lang=\"no\">Luksuri\u00f8st, mykt og lett skjerf for\u00a0beskyttelse mot elektromagnetisk str\u00e5ling. <\/span><\/p>\n<p><span id=\"result_box\" lang=\"no\">Fantastisk behagelig \u00e5 ha p\u00e5 seg. Ideell\u00a0til bruk p\u00e5 dagtid, p\u00e5 kontoret og p\u00e5\u00a0reise.<br \/>\nLaget av ikke-stretch stoff med ekstrem h\u00f8y\u00a0beskyttelse for nakke, hode og bryst. <\/span><\/p>\n<p><span id=\"result_box\" lang=\"no\">Kan maskinvaskes.<\/span><\/p>\n","protected":false},"excerpt":{"rendered":"<p>Materialer:<br \/>\n60% s\u00f8lv fibre, 40%\u00a0 Polyester.<br \/>\nDemper\u00a060 dB\/99.9999%+ @ 1 GHz<\/p>\n<p>Farge:<br \/>\nGr\u00e5tt<\/p>\n<p>St\u00f8rrelser:<br \/>\n143cm x 96cm<\/p>\n<p>Renhold:<br \/>\nM\u00e5 ikke\u00a0t\u00f8rrenses. Maskinvask kun ved 30\u00b0C. Bruk bare <a href=\"\/nettbutikk\/produkt\/texcare-vaskepulver-1kg\/\">godkjent vaskepulver<\/a>. (Andre vaskemidler kan ha en alvorlig effekt p\u00e5 skjermniv\u00e5et). Ikke h\u00e5ndvask. Ikke t\u00f8rk i t\u00f8rketrommel. Drypp t\u00f8rr. Stryke p\u00e5 LAV varme. M\u00e5 ikke blekes.<\/p>\n","protected":false},"featured_media":4757,"comment_status":"open","ping_status":"closed","template":"","meta":[],"product_brand":[],"product_cat":[50],"product_tag":[],"class_list":{"0":"post-7847","1":"product","2":"type-product","3":"status-publish","4":"has-post-thumbnail","6":"product_cat-bekledning-klaer","7":"pa_storrelse-extra-stor-xl","8":"pa_storrelse-liten-s","9":"pa_storrelse-medium-m","10":"pa_storrelse-stor-l","12":"first","13":"instock","14":"taxable","15":"shipping-taxable","16":"purchasable","17":"product-type-simple"},"yoast_head":"<!-- This site is optimized with the Yoast SEO plugin v27.4 - https:\/\/yoast.com\/product\/yoast-seo-wordpress\/ -->\n<title>Str\u00e5lebeskyttende skjerf (Gr\u00e5tt) L - EMF Consult<\/title>\n<meta name=\"robots\" content=\"index, follow, max-snippet:-1, max-image-preview:large, max-video-preview:-1\" \/>\n<link rel=\"canonical\" href=\"https:\/\/emf-consult.com\/nettbutikk\/produkt\/stralebeskyttende-skjerf-gratt-l\/\" \/>\n<meta property=\"og:locale\" content=\"nb_NO\" \/>\n<meta property=\"og:type\" content=\"article\" \/>\n<meta property=\"og:title\" content=\"Str\u00e5lebeskyttende skjerf (Gr\u00e5tt) L - EMF Consult\" \/>\n<meta property=\"og:description\" content=\"Materialer: 60% s\u00f8lv fibre, 40%\u00a0 Polyester. Demper\u00a060 dB\/99.9999%+ @ 1 GHz  Farge: Gr\u00e5tt  St\u00f8rrelser: 143cm x 96cm  Renhold: M\u00e5 ikke\u00a0t\u00f8rrenses. Maskinvask kun ved 30\u00b0C. Bruk bare godkjent vaskepulver. (Andre vaskemidler kan ha en alvorlig effekt p\u00e5 skjermniv\u00e5et). Ikke h\u00e5ndvask. Ikke t\u00f8rk i t\u00f8rketrommel. Drypp t\u00f8rr. Stryke p\u00e5 LAV varme. M\u00e5 ikke blekes.\" \/>\n<meta property=\"og:url\" content=\"https:\/\/emf-consult.com\/nettbutikk\/produkt\/stralebeskyttende-skjerf-gratt-l\/\" \/>\n<meta property=\"og:site_name\" content=\"EMF Consult\" \/>\n<meta property=\"article:publisher\" content=\"https:\/\/www.facebook.com\/emfconsult\" \/>\n<meta property=\"article:modified_time\" content=\"2026-02-23T15:32:43+00:00\" \/>\n<meta property=\"og:image\" content=\"https:\/\/emf-consult.com\/nettbutikk\/wp-content\/uploads\/2019\/11\/2018-12-18_14h38_59.jpg\" \/>\n\t<meta property=\"og:image:width\" content=\"449\" \/>\n\t<meta property=\"og:image:height\" content=\"450\" \/>\n\t<meta property=\"og:image:type\" content=\"image\/jpeg\" \/>\n<meta name=\"twitter:card\" content=\"summary_large_image\" \/>\n<meta name=\"twitter:label1\" content=\"Ansl. lesetid\" \/>\n\t<meta name=\"twitter:data1\" content=\"1 minutt\" \/>\n<script type=\"application\/ld+json\" class=\"yoast-schema-graph\">{\"@context\":\"https:\\\/\\\/schema.org\",\"@graph\":[{\"@type\":\"WebPage\",\"@id\":\"https:\\\/\\\/emf-consult.com\\\/nettbutikk\\\/produkt\\\/stralebeskyttende-skjerf-gratt-l\\\/\",\"url\":\"https:\\\/\\\/emf-consult.com\\\/nettbutikk\\\/produkt\\\/stralebeskyttende-skjerf-gratt-l\\\/\",\"name\":\"Str\u00e5lebeskyttende skjerf (Gr\u00e5tt) L - EMF Consult\",\"isPartOf\":{\"@id\":\"https:\\\/\\\/emf-consult.com\\\/nettbutikk\\\/#website\"},\"primaryImageOfPage\":{\"@id\":\"https:\\\/\\\/emf-consult.com\\\/nettbutikk\\\/produkt\\\/stralebeskyttende-skjerf-gratt-l\\\/#primaryimage\"},\"image\":{\"@id\":\"https:\\\/\\\/emf-consult.com\\\/nettbutikk\\\/produkt\\\/stralebeskyttende-skjerf-gratt-l\\\/#primaryimage\"},\"thumbnailUrl\":\"https:\\\/\\\/emf-consult.com\\\/nettbutikk\\\/wp-content\\\/uploads\\\/2019\\\/11\\\/2018-12-18_14h38_59.jpg\",\"datePublished\":\"2020-01-05T20:39:05+00:00\",\"dateModified\":\"2026-02-23T15:32:43+00:00\",\"breadcrumb\":{\"@id\":\"https:\\\/\\\/emf-consult.com\\\/nettbutikk\\\/produkt\\\/stralebeskyttende-skjerf-gratt-l\\\/#breadcrumb\"},\"inLanguage\":\"nb-NO\",\"potentialAction\":[{\"@type\":\"ReadAction\",\"target\":[\"https:\\\/\\\/emf-consult.com\\\/nettbutikk\\\/produkt\\\/stralebeskyttende-skjerf-gratt-l\\\/\"]}]},{\"@type\":\"ImageObject\",\"inLanguage\":\"nb-NO\",\"@id\":\"https:\\\/\\\/emf-consult.com\\\/nettbutikk\\\/produkt\\\/stralebeskyttende-skjerf-gratt-l\\\/#primaryimage\",\"url\":\"https:\\\/\\\/emf-consult.com\\\/nettbutikk\\\/wp-content\\\/uploads\\\/2019\\\/11\\\/2018-12-18_14h38_59.jpg\",\"contentUrl\":\"https:\\\/\\\/emf-consult.com\\\/nettbutikk\\\/wp-content\\\/uploads\\\/2019\\\/11\\\/2018-12-18_14h38_59.jpg\",\"width\":449,\"height\":450,\"caption\":\"Str\u00e5lebeskyttende skjerf (Gr\u00e5tt) L\"},{\"@type\":\"BreadcrumbList\",\"@id\":\"https:\\\/\\\/emf-consult.com\\\/nettbutikk\\\/produkt\\\/stralebeskyttende-skjerf-gratt-l\\\/#breadcrumb\",\"itemListElement\":[{\"@type\":\"ListItem\",\"position\":1,\"name\":\"Hjem\",\"item\":\"https:\\\/\\\/emf-consult.com\\\/nettbutikk\\\/\"},{\"@type\":\"ListItem\",\"position\":2,\"name\":\"Butikk\",\"item\":\"https:\\\/\\\/emf-consult.com\\\/nettbutikk\\\/butikk\\\/\"},{\"@type\":\"ListItem\",\"position\":3,\"name\":\"Str\u00e5lebeskyttende skjerf (Gr\u00e5tt) L\"}]},{\"@type\":\"WebSite\",\"@id\":\"https:\\\/\\\/emf-consult.com\\\/nettbutikk\\\/#website\",\"url\":\"https:\\\/\\\/emf-consult.com\\\/nettbutikk\\\/\",\"name\":\"EMF Consult\",\"description\":\"Nettbutikk - Beskyttelse mot str\u00e5ling\",\"publisher\":{\"@id\":\"https:\\\/\\\/emf-consult.com\\\/nettbutikk\\\/#organization\"},\"potentialAction\":[{\"@type\":\"SearchAction\",\"target\":{\"@type\":\"EntryPoint\",\"urlTemplate\":\"https:\\\/\\\/emf-consult.com\\\/nettbutikk\\\/?s={search_term_string}\"},\"query-input\":{\"@type\":\"PropertyValueSpecification\",\"valueRequired\":true,\"valueName\":\"search_term_string\"}}],\"inLanguage\":\"nb-NO\"},{\"@type\":\"Organization\",\"@id\":\"https:\\\/\\\/emf-consult.com\\\/nettbutikk\\\/#organization\",\"name\":\"EMF Consult AS\",\"url\":\"https:\\\/\\\/emf-consult.com\\\/nettbutikk\\\/\",\"logo\":{\"@type\":\"ImageObject\",\"inLanguage\":\"nb-NO\",\"@id\":\"https:\\\/\\\/emf-consult.com\\\/nettbutikk\\\/#\\\/schema\\\/logo\\\/image\\\/\",\"url\":\"https:\\\/\\\/emf-consult.com\\\/nettbutikk\\\/wp-content\\\/uploads\\\/2022\\\/07\\\/cropped-Favikon-rod-e1658786300694.png\",\"contentUrl\":\"https:\\\/\\\/emf-consult.com\\\/nettbutikk\\\/wp-content\\\/uploads\\\/2022\\\/07\\\/cropped-Favikon-rod-e1658786300694.png\",\"width\":150,\"height\":150,\"caption\":\"EMF Consult AS\"},\"image\":{\"@id\":\"https:\\\/\\\/emf-consult.com\\\/nettbutikk\\\/#\\\/schema\\\/logo\\\/image\\\/\"},\"sameAs\":[\"https:\\\/\\\/www.facebook.com\\\/emfconsult\",\"https:\\\/\\\/www.linkedin.com\\\/company\\\/emf-consult\\\/\"]}]}<\/script>\n<!-- \/ Yoast SEO plugin. -->","yoast_head_json":{"title":"Str\u00e5lebeskyttende skjerf (Gr\u00e5tt) L - EMF Consult","robots":{"index":"index","follow":"follow","max-snippet":"max-snippet:-1","max-image-preview":"max-image-preview:large","max-video-preview":"max-video-preview:-1"},"canonical":"https:\/\/emf-consult.com\/nettbutikk\/produkt\/stralebeskyttende-skjerf-gratt-l\/","og_locale":"nb_NO","og_type":"article","og_title":"Str\u00e5lebeskyttende skjerf (Gr\u00e5tt) L - EMF Consult","og_description":"Materialer: 60% s\u00f8lv fibre, 40%\u00a0 Polyester. Demper\u00a060 dB\/99.9999%+ @ 1 GHz  Farge: Gr\u00e5tt  St\u00f8rrelser: 143cm x 96cm  Renhold: M\u00e5 ikke\u00a0t\u00f8rrenses. Maskinvask kun ved 30\u00b0C. Bruk bare godkjent vaskepulver. (Andre vaskemidler kan ha en alvorlig effekt p\u00e5 skjermniv\u00e5et). Ikke h\u00e5ndvask. Ikke t\u00f8rk i t\u00f8rketrommel. Drypp t\u00f8rr. Stryke p\u00e5 LAV varme. M\u00e5 ikke blekes.","og_url":"https:\/\/emf-consult.com\/nettbutikk\/produkt\/stralebeskyttende-skjerf-gratt-l\/","og_site_name":"EMF Consult","article_publisher":"https:\/\/www.facebook.com\/emfconsult","article_modified_time":"2026-02-23T15:32:43+00:00","og_image":[{"width":449,"height":450,"url":"https:\/\/emf-consult.com\/nettbutikk\/wp-content\/uploads\/2019\/11\/2018-12-18_14h38_59.jpg","type":"image\/jpeg"}],"twitter_card":"summary_large_image","twitter_misc":{"Ansl. lesetid":"1 minutt"},"schema":{"@context":"https:\/\/schema.org","@graph":[{"@type":"WebPage","@id":"https:\/\/emf-consult.com\/nettbutikk\/produkt\/stralebeskyttende-skjerf-gratt-l\/","url":"https:\/\/emf-consult.com\/nettbutikk\/produkt\/stralebeskyttende-skjerf-gratt-l\/","name":"Str\u00e5lebeskyttende skjerf (Gr\u00e5tt) L - EMF Consult","isPartOf":{"@id":"https:\/\/emf-consult.com\/nettbutikk\/#website"},"primaryImageOfPage":{"@id":"https:\/\/emf-consult.com\/nettbutikk\/produkt\/stralebeskyttende-skjerf-gratt-l\/#primaryimage"},"image":{"@id":"https:\/\/emf-consult.com\/nettbutikk\/produkt\/stralebeskyttende-skjerf-gratt-l\/#primaryimage"},"thumbnailUrl":"https:\/\/emf-consult.com\/nettbutikk\/wp-content\/uploads\/2019\/11\/2018-12-18_14h38_59.jpg","datePublished":"2020-01-05T20:39:05+00:00","dateModified":"2026-02-23T15:32:43+00:00","breadcrumb":{"@id":"https:\/\/emf-consult.com\/nettbutikk\/produkt\/stralebeskyttende-skjerf-gratt-l\/#breadcrumb"},"inLanguage":"nb-NO","potentialAction":[{"@type":"ReadAction","target":["https:\/\/emf-consult.com\/nettbutikk\/produkt\/stralebeskyttende-skjerf-gratt-l\/"]}]},{"@type":"ImageObject","inLanguage":"nb-NO","@id":"https:\/\/emf-consult.com\/nettbutikk\/produkt\/stralebeskyttende-skjerf-gratt-l\/#primaryimage","url":"https:\/\/emf-consult.com\/nettbutikk\/wp-content\/uploads\/2019\/11\/2018-12-18_14h38_59.jpg","contentUrl":"https:\/\/emf-consult.com\/nettbutikk\/wp-content\/uploads\/2019\/11\/2018-12-18_14h38_59.jpg","width":449,"height":450,"caption":"Str\u00e5lebeskyttende skjerf (Gr\u00e5tt) L"},{"@type":"BreadcrumbList","@id":"https:\/\/emf-consult.com\/nettbutikk\/produkt\/stralebeskyttende-skjerf-gratt-l\/#breadcrumb","itemListElement":[{"@type":"ListItem","position":1,"name":"Hjem","item":"https:\/\/emf-consult.com\/nettbutikk\/"},{"@type":"ListItem","position":2,"name":"Butikk","item":"https:\/\/emf-consult.com\/nettbutikk\/butikk\/"},{"@type":"ListItem","position":3,"name":"Str\u00e5lebeskyttende skjerf (Gr\u00e5tt) L"}]},{"@type":"WebSite","@id":"https:\/\/emf-consult.com\/nettbutikk\/#website","url":"https:\/\/emf-consult.com\/nettbutikk\/","name":"EMF Consult","description":"Nettbutikk - Beskyttelse mot str\u00e5ling","publisher":{"@id":"https:\/\/emf-consult.com\/nettbutikk\/#organization"},"potentialAction":[{"@type":"SearchAction","target":{"@type":"EntryPoint","urlTemplate":"https:\/\/emf-consult.com\/nettbutikk\/?s={search_term_string}"},"query-input":{"@type":"PropertyValueSpecification","valueRequired":true,"valueName":"search_term_string"}}],"inLanguage":"nb-NO"},{"@type":"Organization","@id":"https:\/\/emf-consult.com\/nettbutikk\/#organization","name":"EMF Consult AS","url":"https:\/\/emf-consult.com\/nettbutikk\/","logo":{"@type":"ImageObject","inLanguage":"nb-NO","@id":"https:\/\/emf-consult.com\/nettbutikk\/#\/schema\/logo\/image\/","url":"https:\/\/emf-consult.com\/nettbutikk\/wp-content\/uploads\/2022\/07\/cropped-Favikon-rod-e1658786300694.png","contentUrl":"https:\/\/emf-consult.com\/nettbutikk\/wp-content\/uploads\/2022\/07\/cropped-Favikon-rod-e1658786300694.png","width":150,"height":150,"caption":"EMF Consult AS"},"image":{"@id":"https:\/\/emf-consult.com\/nettbutikk\/#\/schema\/logo\/image\/"},"sameAs":["https:\/\/www.facebook.com\/emfconsult","https:\/\/www.linkedin.com\/company\/emf-consult\/"]}]}},"_links":{"self":[{"href":"https:\/\/emf-consult.com\/nettbutikk\/wp-json\/wp\/v2\/product\/7847","targetHints":{"allow":["GET"]}}],"collection":[{"href":"https:\/\/emf-consult.com\/nettbutikk\/wp-json\/wp\/v2\/product"}],"about":[{"href":"https:\/\/emf-consult.com\/nettbutikk\/wp-json\/wp\/v2\/types\/product"}],"replies":[{"embeddable":true,"href":"https:\/\/emf-consult.com\/nettbutikk\/wp-json\/wp\/v2\/comments?post=7847"}],"wp:featuredmedia":[{"embeddable":true,"href":"https:\/\/emf-consult.com\/nettbutikk\/wp-json\/wp\/v2\/media\/4757"}],"wp:attachment":[{"href":"https:\/\/emf-consult.com\/nettbutikk\/wp-json\/wp\/v2\/media?parent=7847"}],"wp:term":[{"taxonomy":"product_brand","embeddable":true,"href":"https:\/\/emf-consult.com\/nettbutikk\/wp-json\/wp\/v2\/product_brand?post=7847"},{"taxonomy":"product_cat","embeddable":true,"href":"https:\/\/emf-consult.com\/nettbutikk\/wp-json\/wp\/v2\/product_cat?post=7847"},{"taxonomy":"product_tag","embeddable":true,"href":"https:\/\/emf-consult.com\/nettbutikk\/wp-json\/wp\/v2\/product_tag?post=7847"}],"curies":[{"name":"wp","href":"https:\/\/api.w.org\/{rel}","templated":true}]}}