{"id":7842,"date":"2020-01-05T20:21:53","date_gmt":"2020-01-05T19:21:53","guid":{"rendered":"https:\/\/emf-consult.com\/nettbutikk\/?post_type=product&#038;p=7842"},"modified":"2026-02-08T02:15:17","modified_gmt":"2026-02-08T01:15:17","slug":"skjermet-sovepose-leblok","status":"publish","type":"product","link":"https:\/\/emf-consult.com\/nettbutikk\/produkt\/skjermet-sovepose-leblok\/","title":{"rendered":"Skjermet sovepose &#8211; Leblok"},"content":{"rendered":"<p><span id=\"result_box\" lang=\"no\"><span title=\"Shielding sleeping bag made from Steel-Gray for HF shielding.\">Beskyttende sovepose med ultrah\u00f8y skjerming av b\u00e5de h\u00f8yfrekvent og lavfrekvent elektromagnetiske felt (HF og LF), reduserer med inntil 99,995%. <\/span><\/span><span id=\"result_box\" lang=\"no\"><span title=\"Shielding sleeping bag made from Steel-Gray for HF shielding.\">Luksuri\u00f8st myk og behagelig, med justerbar integrert hette.<\/span><\/span><\/p>\n<p><span id=\"result_box\" lang=\"no\"><span title=\"Shielding sleeping bag made from Steel-Gray for HF shielding.\">Liten og lett, perfekt for reise, hotell, camping og hjemmebruk.<\/span><\/span><\/p>\n<p><span id=\"result_box\" lang=\"no\"><span title=\"Beechwood is the 'Mother of the forest' \">Laget av s\u00f8lvfibre og b\u00f8ketrefiber (modal). <\/span><\/span><\/p>\n<p><span id=\"result_box\" lang=\"no\"><span title=\"Beechwood is the 'Mother of the forest' \">B\u00f8ketre\u00a0er &#8216;skogens mor&#8217; og <\/span><span title=\"Beechwood, is the raw material for modal fibre.\">r\u00e5materialet for modal fiber.\u00a0<\/span><span title=\"Beechwood forests are a completely natural and sustainable source of raw material - pure, natural and CO2 neutral. \">B\u00f8ketre er en helt naturlig og b\u00e6rekraftig kilde til r\u00e5materiale &#8211; ren, naturlig og CO2-n\u00f8ytral. Modal blir produsert ved at\u00a0<\/span><\/span><span title=\"Basically the wood fibres taken from beech trees are pulped into liquid form and forced through tiny holes to make the fibre, which is then woven to make the fabric. \u00a0\">trefibrene fra b\u00f8ketre blir\u00a0omgjort til en cellulosemasse\u00a0i flytende form og tvunget gjennom sm\u00e5 hull for \u00e5 lage fiberen, som deretter blir vevd for \u00e5 lage stoffet. <span style=\"color: #6a6a6a;\">Modal<\/span>\u00a0ligner p\u00e5 bomull. Den er mer slitesterk enn viskose, ogs\u00e5 i v\u00e5t tilstand.<\/span><\/p>\n<p><span id=\"result_box\" lang=\"no\"><\/span><span id=\"result_box\" lang=\"no\"><span title=\"Benefits of Pure Modal \">Fordeler med ren modal.<\/span><\/span><\/p>\n<ul>\n<li><span id=\"result_box\" lang=\"no\"><span title=\"\u2022Colours remain brilliant and strong \">Farger forblir\u00a0klare og sterke<\/span><\/span><\/li>\n<li><span id=\"result_box\" lang=\"no\"><span title=\"\u2022It washes and stays looking good \">Det holder seg bra og kan vaskes<\/span><\/span><\/li>\n<li><span id=\"result_box\" lang=\"no\"><span title=\"\u2022It's super soft\">Det er supermykt<\/span><\/span><\/li>\n<\/ul>\n<p><span title=\"The inner cover will ensure your scratch free sleep, even without pajamas.\">Det er\u00a0ingen glidel\u00e5s som kan forstyrre s\u00f8vnen, kun en \u00e5pning\u00a0i toppen av posen, noe\u00a0som gj\u00f8r at den er utrolig behagelig \u00e5 ha p\u00e5 seg. <\/span><span title=\"If required the head area can be tightened with an elastic cord, so that only the face is uncovered.\">Om n\u00f8dvendig kan hodestykket strammes med et elastisk b\u00e5nd\u00a0slik at bare ansiktet blir eksponert. <\/span><\/p>\n<p><span title=\"In comparison to common sleeping bags this shielding sleeping back is designed with generous measurements for a comfortable, permanent use. \">St\u00f8rrelse: 80 cm x 215 cm<\/span><\/p>\n<p>Kan jordes for \u00e5 redusere elektriske felt.<\/p>\n<p>Leveres med en hendig oppbevaringsspose.<\/p>\n","protected":false},"excerpt":{"rendered":"<p>St\u00f8rrelse: 80 cm x 215 cm<\/p>\n<p>Skjerming:\u00a045 dB\u00a0ved 1 GHz<\/p>\n<p>Farge: Gr\u00e5 eller Bl\u00e5<\/p>\n<p>Materiale: 50% s\u00f8lv fibre, 50%\u00a0 B\u00f8ketrefiber (modal), stretch<\/p>\n<p>Vekt: 0,68 kg<\/p>\n<p>Kan jordes for \u00e5 redusere elektriske felt<\/p>\n<p>&nbsp;<\/p>\n<p><span id=\"result_box\" lang=\"no\"><strong>Vaketips:<\/strong><br \/>\nIkke t\u00f8rrens. Maskinvask kun ved 30 \u00b0. Bruk bare\u00a0godkjent vaskepulver. (Andre vaskemidler kan ha en alvorlig effekt p\u00e5 skjermniv\u00e5et). Ikke h\u00e5ndvask. Ikke t\u00f8rk i t\u00f8rketrommel. Drypp t\u00f8rk. Stryketemperatur p\u00e5 LAV. Ikke blek.<\/span><span id=\"t-served-community-button\" class=\"trans-verified-button goog-toolbar-button\" role=\"button\" aria-hidden=\"true\"><\/span><\/p>\n","protected":false},"featured_media":2431,"comment_status":"open","ping_status":"closed","template":"","meta":[],"product_brand":[],"product_cat":[45],"product_tag":[],"class_list":{"0":"post-7842","1":"product","2":"type-product","3":"status-publish","4":"has-post-thumbnail","6":"product_cat-baldakiner-soveposer","7":"pa_farge-bla","8":"pa_farge-gra","10":"first","11":"onbackorder","12":"taxable","13":"shipping-taxable","14":"purchasable","15":"product-type-variable"},"yoast_head":"<!-- This site is optimized with the Yoast SEO plugin v27.3 - https:\/\/yoast.com\/product\/yoast-seo-wordpress\/ -->\n<title>Skjermet sovepose - Leblok - EMF Consult<\/title>\n<meta name=\"robots\" content=\"index, follow, max-snippet:-1, max-image-preview:large, max-video-preview:-1\" \/>\n<link rel=\"canonical\" href=\"https:\/\/emf-consult.com\/nettbutikk\/produkt\/skjermet-sovepose-leblok\/\" \/>\n<meta property=\"og:locale\" content=\"nb_NO\" \/>\n<meta property=\"og:type\" content=\"article\" \/>\n<meta property=\"og:title\" content=\"Skjermet sovepose - Leblok - EMF Consult\" \/>\n<meta property=\"og:description\" content=\"St\u00f8rrelse: 80 cm x 215 cm  Skjerming:\u00a045 dB\u00a0ved 1 GHz  Farge: Gr\u00e5 eller Bl\u00e5  Materiale: 50% s\u00f8lv fibre, 50%\u00a0 B\u00f8ketrefiber (modal), stretch  Vekt: 0,68 kg  Kan jordes for \u00e5 redusere elektriske felt  &nbsp;  Vaketips: Ikke t\u00f8rrens. Maskinvask kun ved 30 \u00b0. Bruk bare\u00a0godkjent vaskepulver. (Andre vaskemidler kan ha en alvorlig effekt p\u00e5 skjermniv\u00e5et). Ikke h\u00e5ndvask. Ikke t\u00f8rk i t\u00f8rketrommel. Drypp t\u00f8rk. Stryketemperatur p\u00e5 LAV. Ikke blek.\" \/>\n<meta property=\"og:url\" content=\"https:\/\/emf-consult.com\/nettbutikk\/produkt\/skjermet-sovepose-leblok\/\" \/>\n<meta property=\"og:site_name\" content=\"EMF Consult\" \/>\n<meta property=\"article:publisher\" content=\"https:\/\/www.facebook.com\/emfconsult\" \/>\n<meta property=\"article:modified_time\" content=\"2026-02-08T01:15:17+00:00\" \/>\n<meta property=\"og:image\" content=\"https:\/\/emf-consult.com\/nettbutikk\/wp-content\/uploads\/2019\/11\/emf-protected-sleeping-bag-leblok-gray.jpg\" \/>\n\t<meta property=\"og:image:width\" content=\"675\" \/>\n\t<meta property=\"og:image:height\" content=\"792\" \/>\n\t<meta property=\"og:image:type\" content=\"image\/jpeg\" \/>\n<meta name=\"twitter:card\" content=\"summary_large_image\" \/>\n<meta name=\"twitter:label1\" content=\"Ansl. lesetid\" \/>\n\t<meta name=\"twitter:data1\" content=\"2 minutter\" \/>\n<script type=\"application\/ld+json\" class=\"yoast-schema-graph\">{\"@context\":\"https:\\\/\\\/schema.org\",\"@graph\":[{\"@type\":\"WebPage\",\"@id\":\"https:\\\/\\\/emf-consult.com\\\/nettbutikk\\\/produkt\\\/skjermet-sovepose-leblok\\\/\",\"url\":\"https:\\\/\\\/emf-consult.com\\\/nettbutikk\\\/produkt\\\/skjermet-sovepose-leblok\\\/\",\"name\":\"Skjermet sovepose - Leblok - EMF Consult\",\"isPartOf\":{\"@id\":\"https:\\\/\\\/emf-consult.com\\\/nettbutikk\\\/#website\"},\"primaryImageOfPage\":{\"@id\":\"https:\\\/\\\/emf-consult.com\\\/nettbutikk\\\/produkt\\\/skjermet-sovepose-leblok\\\/#primaryimage\"},\"image\":{\"@id\":\"https:\\\/\\\/emf-consult.com\\\/nettbutikk\\\/produkt\\\/skjermet-sovepose-leblok\\\/#primaryimage\"},\"thumbnailUrl\":\"https:\\\/\\\/emf-consult.com\\\/nettbutikk\\\/wp-content\\\/uploads\\\/2019\\\/11\\\/emf-protected-sleeping-bag-leblok-gray.jpg\",\"datePublished\":\"2020-01-05T19:21:53+00:00\",\"dateModified\":\"2026-02-08T01:15:17+00:00\",\"breadcrumb\":{\"@id\":\"https:\\\/\\\/emf-consult.com\\\/nettbutikk\\\/produkt\\\/skjermet-sovepose-leblok\\\/#breadcrumb\"},\"inLanguage\":\"nb-NO\",\"potentialAction\":[{\"@type\":\"ReadAction\",\"target\":[\"https:\\\/\\\/emf-consult.com\\\/nettbutikk\\\/produkt\\\/skjermet-sovepose-leblok\\\/\"]}]},{\"@type\":\"ImageObject\",\"inLanguage\":\"nb-NO\",\"@id\":\"https:\\\/\\\/emf-consult.com\\\/nettbutikk\\\/produkt\\\/skjermet-sovepose-leblok\\\/#primaryimage\",\"url\":\"https:\\\/\\\/emf-consult.com\\\/nettbutikk\\\/wp-content\\\/uploads\\\/2019\\\/11\\\/emf-protected-sleeping-bag-leblok-gray.jpg\",\"contentUrl\":\"https:\\\/\\\/emf-consult.com\\\/nettbutikk\\\/wp-content\\\/uploads\\\/2019\\\/11\\\/emf-protected-sleeping-bag-leblok-gray.jpg\",\"width\":675,\"height\":792,\"caption\":\"Skjermet sovepose\"},{\"@type\":\"BreadcrumbList\",\"@id\":\"https:\\\/\\\/emf-consult.com\\\/nettbutikk\\\/produkt\\\/skjermet-sovepose-leblok\\\/#breadcrumb\",\"itemListElement\":[{\"@type\":\"ListItem\",\"position\":1,\"name\":\"Hjem\",\"item\":\"https:\\\/\\\/emf-consult.com\\\/nettbutikk\\\/\"},{\"@type\":\"ListItem\",\"position\":2,\"name\":\"Butikk\",\"item\":\"https:\\\/\\\/emf-consult.com\\\/nettbutikk\\\/butikk\\\/\"},{\"@type\":\"ListItem\",\"position\":3,\"name\":\"Skjermet sovepose &#8211; Leblok\"}]},{\"@type\":\"WebSite\",\"@id\":\"https:\\\/\\\/emf-consult.com\\\/nettbutikk\\\/#website\",\"url\":\"https:\\\/\\\/emf-consult.com\\\/nettbutikk\\\/\",\"name\":\"EMF Consult\",\"description\":\"Nettbutikk - Beskyttelse mot str\u00e5ling\",\"publisher\":{\"@id\":\"https:\\\/\\\/emf-consult.com\\\/nettbutikk\\\/#organization\"},\"potentialAction\":[{\"@type\":\"SearchAction\",\"target\":{\"@type\":\"EntryPoint\",\"urlTemplate\":\"https:\\\/\\\/emf-consult.com\\\/nettbutikk\\\/?s={search_term_string}\"},\"query-input\":{\"@type\":\"PropertyValueSpecification\",\"valueRequired\":true,\"valueName\":\"search_term_string\"}}],\"inLanguage\":\"nb-NO\"},{\"@type\":\"Organization\",\"@id\":\"https:\\\/\\\/emf-consult.com\\\/nettbutikk\\\/#organization\",\"name\":\"EMF Consult AS\",\"url\":\"https:\\\/\\\/emf-consult.com\\\/nettbutikk\\\/\",\"logo\":{\"@type\":\"ImageObject\",\"inLanguage\":\"nb-NO\",\"@id\":\"https:\\\/\\\/emf-consult.com\\\/nettbutikk\\\/#\\\/schema\\\/logo\\\/image\\\/\",\"url\":\"https:\\\/\\\/emf-consult.com\\\/nettbutikk\\\/wp-content\\\/uploads\\\/2022\\\/07\\\/cropped-Favikon-rod-e1658786300694.png\",\"contentUrl\":\"https:\\\/\\\/emf-consult.com\\\/nettbutikk\\\/wp-content\\\/uploads\\\/2022\\\/07\\\/cropped-Favikon-rod-e1658786300694.png\",\"width\":150,\"height\":150,\"caption\":\"EMF Consult AS\"},\"image\":{\"@id\":\"https:\\\/\\\/emf-consult.com\\\/nettbutikk\\\/#\\\/schema\\\/logo\\\/image\\\/\"},\"sameAs\":[\"https:\\\/\\\/www.facebook.com\\\/emfconsult\",\"https:\\\/\\\/www.linkedin.com\\\/company\\\/emf-consult\\\/\"]}]}<\/script>\n<!-- \/ Yoast SEO plugin. -->","yoast_head_json":{"title":"Skjermet sovepose - Leblok - EMF Consult","robots":{"index":"index","follow":"follow","max-snippet":"max-snippet:-1","max-image-preview":"max-image-preview:large","max-video-preview":"max-video-preview:-1"},"canonical":"https:\/\/emf-consult.com\/nettbutikk\/produkt\/skjermet-sovepose-leblok\/","og_locale":"nb_NO","og_type":"article","og_title":"Skjermet sovepose - Leblok - EMF Consult","og_description":"St\u00f8rrelse: 80 cm x 215 cm  Skjerming:\u00a045 dB\u00a0ved 1 GHz  Farge: Gr\u00e5 eller Bl\u00e5  Materiale: 50% s\u00f8lv fibre, 50%\u00a0 B\u00f8ketrefiber (modal), stretch  Vekt: 0,68 kg  Kan jordes for \u00e5 redusere elektriske felt  &nbsp;  Vaketips: Ikke t\u00f8rrens. Maskinvask kun ved 30 \u00b0. Bruk bare\u00a0godkjent vaskepulver. (Andre vaskemidler kan ha en alvorlig effekt p\u00e5 skjermniv\u00e5et). Ikke h\u00e5ndvask. Ikke t\u00f8rk i t\u00f8rketrommel. Drypp t\u00f8rk. Stryketemperatur p\u00e5 LAV. Ikke blek.","og_url":"https:\/\/emf-consult.com\/nettbutikk\/produkt\/skjermet-sovepose-leblok\/","og_site_name":"EMF Consult","article_publisher":"https:\/\/www.facebook.com\/emfconsult","article_modified_time":"2026-02-08T01:15:17+00:00","og_image":[{"width":675,"height":792,"url":"https:\/\/emf-consult.com\/nettbutikk\/wp-content\/uploads\/2019\/11\/emf-protected-sleeping-bag-leblok-gray.jpg","type":"image\/jpeg"}],"twitter_card":"summary_large_image","twitter_misc":{"Ansl. lesetid":"2 minutter"},"schema":{"@context":"https:\/\/schema.org","@graph":[{"@type":"WebPage","@id":"https:\/\/emf-consult.com\/nettbutikk\/produkt\/skjermet-sovepose-leblok\/","url":"https:\/\/emf-consult.com\/nettbutikk\/produkt\/skjermet-sovepose-leblok\/","name":"Skjermet sovepose - Leblok - EMF Consult","isPartOf":{"@id":"https:\/\/emf-consult.com\/nettbutikk\/#website"},"primaryImageOfPage":{"@id":"https:\/\/emf-consult.com\/nettbutikk\/produkt\/skjermet-sovepose-leblok\/#primaryimage"},"image":{"@id":"https:\/\/emf-consult.com\/nettbutikk\/produkt\/skjermet-sovepose-leblok\/#primaryimage"},"thumbnailUrl":"https:\/\/emf-consult.com\/nettbutikk\/wp-content\/uploads\/2019\/11\/emf-protected-sleeping-bag-leblok-gray.jpg","datePublished":"2020-01-05T19:21:53+00:00","dateModified":"2026-02-08T01:15:17+00:00","breadcrumb":{"@id":"https:\/\/emf-consult.com\/nettbutikk\/produkt\/skjermet-sovepose-leblok\/#breadcrumb"},"inLanguage":"nb-NO","potentialAction":[{"@type":"ReadAction","target":["https:\/\/emf-consult.com\/nettbutikk\/produkt\/skjermet-sovepose-leblok\/"]}]},{"@type":"ImageObject","inLanguage":"nb-NO","@id":"https:\/\/emf-consult.com\/nettbutikk\/produkt\/skjermet-sovepose-leblok\/#primaryimage","url":"https:\/\/emf-consult.com\/nettbutikk\/wp-content\/uploads\/2019\/11\/emf-protected-sleeping-bag-leblok-gray.jpg","contentUrl":"https:\/\/emf-consult.com\/nettbutikk\/wp-content\/uploads\/2019\/11\/emf-protected-sleeping-bag-leblok-gray.jpg","width":675,"height":792,"caption":"Skjermet sovepose"},{"@type":"BreadcrumbList","@id":"https:\/\/emf-consult.com\/nettbutikk\/produkt\/skjermet-sovepose-leblok\/#breadcrumb","itemListElement":[{"@type":"ListItem","position":1,"name":"Hjem","item":"https:\/\/emf-consult.com\/nettbutikk\/"},{"@type":"ListItem","position":2,"name":"Butikk","item":"https:\/\/emf-consult.com\/nettbutikk\/butikk\/"},{"@type":"ListItem","position":3,"name":"Skjermet sovepose &#8211; Leblok"}]},{"@type":"WebSite","@id":"https:\/\/emf-consult.com\/nettbutikk\/#website","url":"https:\/\/emf-consult.com\/nettbutikk\/","name":"EMF Consult","description":"Nettbutikk - Beskyttelse mot str\u00e5ling","publisher":{"@id":"https:\/\/emf-consult.com\/nettbutikk\/#organization"},"potentialAction":[{"@type":"SearchAction","target":{"@type":"EntryPoint","urlTemplate":"https:\/\/emf-consult.com\/nettbutikk\/?s={search_term_string}"},"query-input":{"@type":"PropertyValueSpecification","valueRequired":true,"valueName":"search_term_string"}}],"inLanguage":"nb-NO"},{"@type":"Organization","@id":"https:\/\/emf-consult.com\/nettbutikk\/#organization","name":"EMF Consult AS","url":"https:\/\/emf-consult.com\/nettbutikk\/","logo":{"@type":"ImageObject","inLanguage":"nb-NO","@id":"https:\/\/emf-consult.com\/nettbutikk\/#\/schema\/logo\/image\/","url":"https:\/\/emf-consult.com\/nettbutikk\/wp-content\/uploads\/2022\/07\/cropped-Favikon-rod-e1658786300694.png","contentUrl":"https:\/\/emf-consult.com\/nettbutikk\/wp-content\/uploads\/2022\/07\/cropped-Favikon-rod-e1658786300694.png","width":150,"height":150,"caption":"EMF Consult AS"},"image":{"@id":"https:\/\/emf-consult.com\/nettbutikk\/#\/schema\/logo\/image\/"},"sameAs":["https:\/\/www.facebook.com\/emfconsult","https:\/\/www.linkedin.com\/company\/emf-consult\/"]}]}},"_links":{"self":[{"href":"https:\/\/emf-consult.com\/nettbutikk\/wp-json\/wp\/v2\/product\/7842","targetHints":{"allow":["GET"]}}],"collection":[{"href":"https:\/\/emf-consult.com\/nettbutikk\/wp-json\/wp\/v2\/product"}],"about":[{"href":"https:\/\/emf-consult.com\/nettbutikk\/wp-json\/wp\/v2\/types\/product"}],"replies":[{"embeddable":true,"href":"https:\/\/emf-consult.com\/nettbutikk\/wp-json\/wp\/v2\/comments?post=7842"}],"wp:featuredmedia":[{"embeddable":true,"href":"https:\/\/emf-consult.com\/nettbutikk\/wp-json\/wp\/v2\/media\/2431"}],"wp:attachment":[{"href":"https:\/\/emf-consult.com\/nettbutikk\/wp-json\/wp\/v2\/media?parent=7842"}],"wp:term":[{"taxonomy":"product_brand","embeddable":true,"href":"https:\/\/emf-consult.com\/nettbutikk\/wp-json\/wp\/v2\/product_brand?post=7842"},{"taxonomy":"product_cat","embeddable":true,"href":"https:\/\/emf-consult.com\/nettbutikk\/wp-json\/wp\/v2\/product_cat?post=7842"},{"taxonomy":"product_tag","embeddable":true,"href":"https:\/\/emf-consult.com\/nettbutikk\/wp-json\/wp\/v2\/product_tag?post=7842"}],"curies":[{"name":"wp","href":"https:\/\/api.w.org\/{rel}","templated":true}]}}