{"id":7259,"date":"2019-12-19T16:24:19","date_gmt":"2019-12-19T15:24:19","guid":{"rendered":"https:\/\/emf-consult.com\/nettbutikk\/?post_type=product&#038;p=7259"},"modified":"2026-01-21T11:02:51","modified_gmt":"2026-01-21T10:02:51","slug":"lavstrale-panelovn","status":"publish","type":"product","link":"https:\/\/emf-consult.com\/nettbutikk\/produkt\/lavstrale-panelovn\/","title":{"rendered":"Lavstr\u00e5le panelovn"},"content":{"rendered":"<p>H\u00d8YKVALITETS OLJEFYLTE ELEKTRISKE RADIATORER, <strong>MED UTROLIG LAVT ELKTROMAGNETISK FELT<\/strong><\/p>\n<p>Er du ute etter \u00e5 bytte varmekilden i ditt hus kan vi anbefale YALI COMFORT fra Purmo\/LVI. YALI COMFORT har et meget lavt magnetfelt sammenlignet med andre panelovner p\u00e5 markedet, se figur som sammenligner forskjellige panelovner p\u00e5 markedet. &#8211; Magnetfeltet er utrolig nok tiln\u00e6rmet null nT 30-40 cm fra ovnen!<\/p>\n<div id=\"attachment_8322\" style=\"width: 702px\" class=\"wp-caption alignnone\"><img loading=\"lazy\" decoding=\"async\" aria-describedby=\"caption-attachment-8322\" class=\" wd-lazy-fade  wp-image-8322\" src=\"https:\/\/emf-consult.com\/nettbutikk\/wp-content\/themes\/woodmart\/images\/lazy.svg\" data-src=\"https:\/\/emf-consult.com\/nettbutikk\/wp-content\/uploads\/2019\/12\/Sammenligning-av-panelovner.jpg\" alt=\"\" width=\"692\" height=\"501\" srcset=\"\" data-srcset=\"https:\/\/emf-consult.com\/nettbutikk\/wp-content\/uploads\/2019\/12\/Sammenligning-av-panelovner.jpg 1122w, https:\/\/emf-consult.com\/nettbutikk\/wp-content\/uploads\/2019\/12\/Sammenligning-av-panelovner-150x109.jpg 150w, https:\/\/emf-consult.com\/nettbutikk\/wp-content\/uploads\/2019\/12\/Sammenligning-av-panelovner-300x217.jpg 300w, https:\/\/emf-consult.com\/nettbutikk\/wp-content\/uploads\/2019\/12\/Sammenligning-av-panelovner-1024x742.jpg 1024w, https:\/\/emf-consult.com\/nettbutikk\/wp-content\/uploads\/2019\/12\/Sammenligning-av-panelovner-768x556.jpg 768w\" sizes=\"auto, (max-width: 692px) 100vw, 692px\" \/><p id=\"caption-attachment-8322\" class=\"wp-caption-text\">Den gr\u00f8nne grafen helt i bunn viser magnetfeltet fra Purmo\/LVI modellen YALI COMFORT i nanoTesla (nT).<\/p><\/div>\n<p>PURMO er synonymt med komfort, noe som betyr at du kan v\u00e6re sikker p\u00e5 at du blir mer enn tilfreds med v\u00e5re produkter. Det nye Yali utvalget har MykVarme2.0, en innovasjon som tilbyr egenartet komfort og varme. MykVarme2.0 henviser nemlig til PURMO produkter som er fylt med vegetabilsk olje i stedet for vann. N\u00e5r de varmes opp avgir de en naturlig og komfortabel str\u00e5levarme som vi kaller MykVarme2.0, takket v\u00e6re den elektroniske termostaten med en presisjon p\u00e5 + \u2013 0,15 \u00b0C ved konstant varme- behov. Yali radiatorer er stille og luktfrie, og kan gi samme romtemperatur med lavere overflatetemperaturer. Dette betyr at radiatoren aldri blir for varm til \u00e5 ber\u00f8res, og ikke vil svi eller brenne st\u00f8v som faller p\u00e5 den. Dessuten betyr MykVarme2.0 ogs\u00e5 en reduksjon av st\u00f8vsirkulasjonen, noe som er sv\u00e6rt gode nyheter for allergikere. I tillegg avgir Yali en naturlig str\u00e5levarme som ikke fordamper fuktighet i luften. Alt i alt gir den et inneklima som du vil elske.<\/p>\n<p>YALI COMFORT<img loading=\"lazy\" decoding=\"async\" class=\" wd-lazy-fade wp-image-12772 size-full alignright\" src=\"https:\/\/emf-consult.com\/nettbutikk\/wp-content\/themes\/woodmart\/images\/lazy.svg\" data-src=\"https:\/\/emf-consult.com\/nettbutikk\/wp-content\/uploads\/2019\/12\/Prisliste-2021-e1662104293270.png\" alt=\"\" width=\"802\" height=\"892\" srcset=\"\" data-srcset=\"https:\/\/emf-consult.com\/nettbutikk\/wp-content\/uploads\/2019\/12\/Prisliste-2021-e1662104293270.png 802w, https:\/\/emf-consult.com\/nettbutikk\/wp-content\/uploads\/2019\/12\/Prisliste-2021-e1662104293270-150x167.png 150w, https:\/\/emf-consult.com\/nettbutikk\/wp-content\/uploads\/2019\/12\/Prisliste-2021-e1662104293270-270x300.png 270w, https:\/\/emf-consult.com\/nettbutikk\/wp-content\/uploads\/2019\/12\/Prisliste-2021-e1662104293270-768x854.png 768w\" sizes=\"auto, (max-width: 802px) 100vw, 802px\" \/><br \/>\nFor nybygg og renoveringer er Yali Comfort et fantastisk enkelt alternativ for oppvarming av hjemmet. Yali Comfort gir et meget behagelig inneklima med sin lukkede oppvarmingsteknikk. Elektronisk termostat i analog utf\u00f8relse og stillingsvrider for temperatur\/drift gir denne oljefylte radiator et godt utvalg av funksjoner som enkelt kan styres av brukeren. Overflatetemperaturen kan stilles inn p\u00e5 60, 75 eller 90\u00b0C, og enheten kan kobles til en ekstern tr\u00e5dbundet klokke for tidsinnstilt drift. Yali Comfort finnes b\u00e5de i en skala fra 250 W til 1500 W og i h\u00f8ydene 300 mm og 500 mm.<\/p>\n<p><strong>Beregn ca. 60-70W per kvadratmeter rom som skal varmes opp.<\/strong><\/p>\n<p>LUKTFRI, IKKE BRENT ST\u00d8V<br \/>\nDen milj\u00f8vennlige oljen i Yali varmes opp uten \u00e5 for\u00e5rsake noen lukt, og den lave, jevne overflatetemperaturen gj\u00f8r at ikke noe st\u00f8v brennes.<\/p>\n<p>STILLEG\u00c5ENDE DRIFT<br \/>\nIngen bevegelige deler, ingen utvendige r\u00f8r eller v\u00e6skebevegelse inn eller ut av enheten = fullstendig stillhet.<\/p>\n<p>PRESIS TEMPERATURREGULERING<br \/>\nUtrolig presisjon i reguleringssystemet betyr at temperaturen i Yali er + \u2013 0,15 \u00b0C ved konstant varmebehov.<\/p>\n<p>REGULERBAR OVERFLATETEMP.<br \/>\nOverflatetemperaturen kan reduseres till 75\u00b0C eller 60\u00b0C.<\/p>\n<p>JEVN FORDELING<br \/>\nHele Yali radiatoren har jevn overflatetemperatur \u2013 uten kalde eller varme punkter noe sted.<\/p>\n<p>MILJ\u00d8VENNLIG<br \/>\nSt\u00e5l som kan resirkuleres. Fylt med nedbrytbar vegetabilsk olje. Kan drives med fornybare energikilder<\/p>\n<p>&nbsp;<\/p>\n<p>DEN VEGETABILSKE OLJEN SOM LEDER VARMEN I MANGE AV V\u00c5RE RADIATORER ER RESULTATET AV 35 \u00c5RS FORSKNING OG UTVIKLING.<br \/>\nOljen er spesialkomponert og patentert og t\u00e5ler ekstreme temperaturer uten at dens egenskaper svekkes. PURMO kan derfor garantere at oljen holder i hele produktets levetid uten \u00e5 m\u00e5tte skiftes ut. Selve radiatoren best\u00e5r av to skall av f\u00f8rsteklasses svensk st\u00e5l. De f\u00f8yes sammen med maskinsveising, hvilket gir et produkt uten sveisefuger og skj\u00f8ter. Teknikken i radiatorene fra PURMO bygger p\u00e5 prinsippet om varmeledning som g\u00e5r ut p\u00e5 \u00e5 varme opp en v\u00e6ske som sirkulerer i et lukket system. V\u00e6sken som brukes i de fleste radiatorene er en vegetabilsk olje hvis gode varmeholdende egenskaper gir en jevn og behagelig varme. Takket v\u00e6re de eksakte termostatene og temperatursenkingsprogrammene kan du oppn\u00e5 en reell energibesparelse<\/p>\n<ul>\n<li>Panelovnen leveres med Monlac-veggbraketter, koblingsboks (IP20), kabelfeste og skruer for fast veggmontering.<\/li>\n<li>\u00d8nskes panelovnen tilkoblet stikkontakt m\u00e5 man bestille <a href=\"https:\/\/emf-consult.com\/nettbutikk\/produkt\/purmo-lvi-tilkoblingskabel-for-stikkontakt\/\">Purmo\/LVI tilkoblingskabel<\/a> i tillegg.<\/li>\n<li>Skal ovnen brukes i v\u00e5trom kan det v\u00e6re behov for en <a href=\"https:\/\/emf-consult.com\/nettbutikk\/produkt\/purmo-lvi-ip44-beskyttelse\/\">IP44 koblingsboks<\/a>.<\/li>\n<\/ul>\n<p>Du finner mer informasjon om produktet i <a href=\"https:\/\/emf-consult.com\/nettbutikk\/wp-content\/uploads\/2023\/10\/LVI_yaliC_produktblad-web-1.pdf\" target=\"_blank\" rel=\"noopener noreferrer\">brosjyren<\/a> til produsenten.<\/p>\n<p>MERK: Bestillingsvare 1-2 uker leveransetid. Vanlig returrett gjelder normalt ikke for bestillingsvarer.<\/p>\n","protected":false},"excerpt":{"rendered":"<p>TEKNISKE DATA<img loading=\"lazy\" decoding=\"async\" class=\" wd-lazy-fade size-full wp-image-7262 alignright\" src=\"https:\/\/emf-consult.com\/nettbutikk\/wp-content\/themes\/woodmart\/images\/lazy.svg\" data-src=\"https:\/\/emf-consult.com\/nettbutikk\/wp-content\/uploads\/2019\/12\/LVI-Comfort-design.jpg\" alt=\"\" width=\"351\" height=\"742\" srcset=\"\" data-srcset=\"https:\/\/emf-consult.com\/nettbutikk\/wp-content\/uploads\/2019\/12\/LVI-Comfort-design.jpg 351w, https:\/\/emf-consult.com\/nettbutikk\/wp-content\/uploads\/2019\/12\/LVI-Comfort-design-150x317.jpg 150w, https:\/\/emf-consult.com\/nettbutikk\/wp-content\/uploads\/2019\/12\/LVI-Comfort-design-142x300.jpg 142w\" sizes=\"auto, (max-width: 351px) 100vw, 351px\" \/><\/p>\n<p>\u2022 Oljefylt radiator med vegetabilsk olje.<br \/>\n\u2022 Frostbeskyttelse (7\u00b0C)<br \/>\n\u2022 Lagd av solid st\u00e5l av h\u00f8yeste kvalitet<br \/>\n\u2022 Varig hvit epoksylakkering (RAL 9016).<br \/>\n\u2022 Kan kobles til ekstern klokke (tr\u00e5dbundet).<br \/>\n\u2022 Enkel \u00e5 bruke, rask oppvarming og jevn temperatur p\u00e5 hele overflaten.<br \/>\n\u2022 System for l\u00e5sing av festeanordning.<br \/>\n\u2022 Luktfri og ikke allergifremkallende.<br \/>\n\u2022 Radiatorene har konvektorplate og leveres for h\u00f8yremontering.<br \/>\n\u2022 Avansert termostat med eksakt regulering.<br \/>\n\u2022 Overflatetemperatur kan reduseres til 75\u00b0C eller 60\u00b0C. Temperaturstillingene 75\u00b0C og 60\u00b0C reduserer effekten p\u00e5 radiatoren til 70% respektive 55% for en enkelt radiator og 90% respektive 80% for en dobbelt radiator.<br \/>\n\u2022 Adaptiv start ved timerfunksjon<br \/>\n\u2022 Individuelt ukeprogram i hver radiator. PURMO anbefaler uansett en ekstern klokke (Temco Clock RF) eller Touch E3 ved behov for ukeprogram.<br \/>\n\u2022 \u00c5pent vindu-funksjon<br \/>\n\u2022 L\u00e5sbar termostatenhet.<br \/>\n\u2022 Termostatbeskyttelse av flammeavst\u00f8tende og UV-resistent ABS-PC V0 materiale.<br \/>\n\u2022 Temperatursenkingen aktiveres manuelt eller via et sentralt koplingsur og separat N-ledning.<br \/>\n\u2022 P\u00e5 radiatoren er det montert en kabel med \u201dplug-in-kontakt\u201d for sammenkopling av radiator og vedlagt veggboks.<br \/>\n\u2022 Koble til master \/ slave (ubegrenset antall, kun Yali D, P, R C)<br \/>\n\u2022 Tilkoblingskabelkit for tilkobling av Yali D, P, R, C til vegguttaket med stikkontakt. El.nr 54 083 30. Den sentrale temperatursenkingsmuligheten\/slavekoplingen er ikke mulig med dette tilbeh\u00f8r.<br \/>\n\u2022 IP44 beskyttelse. El.nr 54 356 60.<br \/>\n\u2022 Monlac-veggbraketter og skruer for fast montering.<\/p>\n","protected":false},"featured_media":7263,"comment_status":"open","ping_status":"closed","template":"","meta":[],"product_brand":[],"product_cat":[23,28,74],"product_tag":[],"class_list":{"0":"post-7259","1":"product","2":"type-product","3":"status-publish","4":"has-post-thumbnail","6":"product_cat-el-installasjon","7":"product_cat-lavstraleprodukter","8":"product_cat-varmekilder-lavstraleprodukter","10":"first","11":"instock","12":"taxable","13":"shipping-taxable","14":"purchasable","15":"product-type-variable"},"yoast_head":"<!-- This site is optimized with the Yoast SEO plugin v27.3 - https:\/\/yoast.com\/product\/yoast-seo-wordpress\/ -->\n<title>Lavstr\u00e5le panelovn - EMF Consult<\/title>\n<meta name=\"robots\" content=\"index, follow, max-snippet:-1, max-image-preview:large, max-video-preview:-1\" \/>\n<link rel=\"canonical\" href=\"https:\/\/emf-consult.com\/nettbutikk\/produkt\/lavstrale-panelovn\/\" \/>\n<meta property=\"og:locale\" content=\"nb_NO\" \/>\n<meta property=\"og:type\" content=\"article\" \/>\n<meta property=\"og:title\" content=\"Lavstr\u00e5le panelovn - EMF Consult\" \/>\n<meta property=\"og:description\" content=\"TEKNISKE DATA  \u2022 Oljefylt radiator med vegetabilsk olje. \u2022 Frostbeskyttelse (7\u00b0C) \u2022 Lagd av solid st\u00e5l av h\u00f8yeste kvalitet \u2022 Varig hvit epoksylakkering (RAL 9016). \u2022 Kan kobles til ekstern klokke (tr\u00e5dbundet). \u2022 Enkel \u00e5 bruke, rask oppvarming og jevn temperatur p\u00e5 hele overflaten. \u2022 System for l\u00e5sing av festeanordning. \u2022 Luktfri og ikke allergifremkallende. \u2022 Radiatorene har konvektorplate og leveres for h\u00f8yremontering. \u2022 Avansert termostat med eksakt regulering. \u2022 Overflatetemperatur kan reduseres til 75\u00b0C eller 60\u00b0C. Temperaturstillingene 75\u00b0C og 60\u00b0C reduserer effekten p\u00e5 radiatoren til 70% respektive 55% for en enkelt radiator og 90% respektive 80% for en dobbelt radiator. \u2022 Adaptiv start ved timerfunksjon \u2022 Individuelt ukeprogram i hver radiator. PURMO anbefaler uansett en ekstern klokke (Temco Clock RF) eller Touch E3 ved behov for ukeprogram. \u2022 \u00c5pent vindu-funksjon \u2022 L\u00e5sbar termostatenhet. \u2022 Termostatbeskyttelse av flammeavst\u00f8tende og UV-resistent ABS-PC V0 materiale. \u2022 Temperatursenkingen aktiveres manuelt eller via et sentralt koplingsur og separat N-ledning. \u2022 P\u00e5 radiatoren er det montert en kabel med \u201dplug-in-kontakt\u201d for sammenkopling av radiator og vedlagt veggboks. \u2022 Koble til master \/ slave (ubegrenset antall, kun Yali D, P, R C) \u2022 Tilkoblingskabelkit for tilkobling av Yali D, P, R, C til vegguttaket med stikkontakt. El.nr 54 083 30. Den sentrale temperatursenkingsmuligheten\/slavekoplingen er ikke mulig med dette tilbeh\u00f8r. \u2022 IP44 beskyttelse. El.nr 54 356 60. \u2022 Monlac-veggbraketter og skruer for fast montering.\" \/>\n<meta property=\"og:url\" content=\"https:\/\/emf-consult.com\/nettbutikk\/produkt\/lavstrale-panelovn\/\" \/>\n<meta property=\"og:site_name\" content=\"EMF Consult\" \/>\n<meta property=\"article:publisher\" content=\"https:\/\/www.facebook.com\/emfconsult\" \/>\n<meta property=\"article:modified_time\" content=\"2026-01-21T10:02:51+00:00\" \/>\n<meta property=\"og:image\" content=\"https:\/\/emf-consult.com\/nettbutikk\/wp-content\/uploads\/2019\/12\/yali-comfort-panels-lvi-outside.jpg\" \/>\n\t<meta property=\"og:image:width\" content=\"1500\" \/>\n\t<meta property=\"og:image:height\" content=\"1500\" \/>\n\t<meta property=\"og:image:type\" content=\"image\/jpeg\" \/>\n<meta name=\"twitter:card\" content=\"summary_large_image\" \/>\n<meta name=\"twitter:label1\" content=\"Ansl. lesetid\" \/>\n\t<meta name=\"twitter:data1\" content=\"5 minutter\" \/>\n<script type=\"application\/ld+json\" class=\"yoast-schema-graph\">{\"@context\":\"https:\\\/\\\/schema.org\",\"@graph\":[{\"@type\":\"WebPage\",\"@id\":\"https:\\\/\\\/emf-consult.com\\\/nettbutikk\\\/produkt\\\/lavstrale-panelovn\\\/\",\"url\":\"https:\\\/\\\/emf-consult.com\\\/nettbutikk\\\/produkt\\\/lavstrale-panelovn\\\/\",\"name\":\"Lavstr\u00e5le panelovn - EMF Consult\",\"isPartOf\":{\"@id\":\"https:\\\/\\\/emf-consult.com\\\/nettbutikk\\\/#website\"},\"primaryImageOfPage\":{\"@id\":\"https:\\\/\\\/emf-consult.com\\\/nettbutikk\\\/produkt\\\/lavstrale-panelovn\\\/#primaryimage\"},\"image\":{\"@id\":\"https:\\\/\\\/emf-consult.com\\\/nettbutikk\\\/produkt\\\/lavstrale-panelovn\\\/#primaryimage\"},\"thumbnailUrl\":\"https:\\\/\\\/emf-consult.com\\\/nettbutikk\\\/wp-content\\\/uploads\\\/2019\\\/12\\\/yali-comfort-panels-lvi-outside.jpg\",\"datePublished\":\"2019-12-19T15:24:19+00:00\",\"dateModified\":\"2026-01-21T10:02:51+00:00\",\"breadcrumb\":{\"@id\":\"https:\\\/\\\/emf-consult.com\\\/nettbutikk\\\/produkt\\\/lavstrale-panelovn\\\/#breadcrumb\"},\"inLanguage\":\"nb-NO\",\"potentialAction\":[{\"@type\":\"ReadAction\",\"target\":[\"https:\\\/\\\/emf-consult.com\\\/nettbutikk\\\/produkt\\\/lavstrale-panelovn\\\/\"]}]},{\"@type\":\"ImageObject\",\"inLanguage\":\"nb-NO\",\"@id\":\"https:\\\/\\\/emf-consult.com\\\/nettbutikk\\\/produkt\\\/lavstrale-panelovn\\\/#primaryimage\",\"url\":\"https:\\\/\\\/emf-consult.com\\\/nettbutikk\\\/wp-content\\\/uploads\\\/2019\\\/12\\\/yali-comfort-panels-lvi-outside.jpg\",\"contentUrl\":\"https:\\\/\\\/emf-consult.com\\\/nettbutikk\\\/wp-content\\\/uploads\\\/2019\\\/12\\\/yali-comfort-panels-lvi-outside.jpg\",\"width\":1500,\"height\":1500},{\"@type\":\"BreadcrumbList\",\"@id\":\"https:\\\/\\\/emf-consult.com\\\/nettbutikk\\\/produkt\\\/lavstrale-panelovn\\\/#breadcrumb\",\"itemListElement\":[{\"@type\":\"ListItem\",\"position\":1,\"name\":\"Hjem\",\"item\":\"https:\\\/\\\/emf-consult.com\\\/nettbutikk\\\/\"},{\"@type\":\"ListItem\",\"position\":2,\"name\":\"Butikk\",\"item\":\"https:\\\/\\\/emf-consult.com\\\/nettbutikk\\\/butikk\\\/\"},{\"@type\":\"ListItem\",\"position\":3,\"name\":\"Lavstr\u00e5le panelovn\"}]},{\"@type\":\"WebSite\",\"@id\":\"https:\\\/\\\/emf-consult.com\\\/nettbutikk\\\/#website\",\"url\":\"https:\\\/\\\/emf-consult.com\\\/nettbutikk\\\/\",\"name\":\"EMF Consult\",\"description\":\"Nettbutikk - Beskyttelse mot str\u00e5ling\",\"publisher\":{\"@id\":\"https:\\\/\\\/emf-consult.com\\\/nettbutikk\\\/#organization\"},\"potentialAction\":[{\"@type\":\"SearchAction\",\"target\":{\"@type\":\"EntryPoint\",\"urlTemplate\":\"https:\\\/\\\/emf-consult.com\\\/nettbutikk\\\/?s={search_term_string}\"},\"query-input\":{\"@type\":\"PropertyValueSpecification\",\"valueRequired\":true,\"valueName\":\"search_term_string\"}}],\"inLanguage\":\"nb-NO\"},{\"@type\":\"Organization\",\"@id\":\"https:\\\/\\\/emf-consult.com\\\/nettbutikk\\\/#organization\",\"name\":\"EMF Consult AS\",\"url\":\"https:\\\/\\\/emf-consult.com\\\/nettbutikk\\\/\",\"logo\":{\"@type\":\"ImageObject\",\"inLanguage\":\"nb-NO\",\"@id\":\"https:\\\/\\\/emf-consult.com\\\/nettbutikk\\\/#\\\/schema\\\/logo\\\/image\\\/\",\"url\":\"https:\\\/\\\/emf-consult.com\\\/nettbutikk\\\/wp-content\\\/uploads\\\/2022\\\/07\\\/cropped-Favikon-rod-e1658786300694.png\",\"contentUrl\":\"https:\\\/\\\/emf-consult.com\\\/nettbutikk\\\/wp-content\\\/uploads\\\/2022\\\/07\\\/cropped-Favikon-rod-e1658786300694.png\",\"width\":150,\"height\":150,\"caption\":\"EMF Consult AS\"},\"image\":{\"@id\":\"https:\\\/\\\/emf-consult.com\\\/nettbutikk\\\/#\\\/schema\\\/logo\\\/image\\\/\"},\"sameAs\":[\"https:\\\/\\\/www.facebook.com\\\/emfconsult\",\"https:\\\/\\\/www.linkedin.com\\\/company\\\/emf-consult\\\/\"]}]}<\/script>\n<!-- \/ Yoast SEO plugin. -->","yoast_head_json":{"title":"Lavstr\u00e5le panelovn - EMF Consult","robots":{"index":"index","follow":"follow","max-snippet":"max-snippet:-1","max-image-preview":"max-image-preview:large","max-video-preview":"max-video-preview:-1"},"canonical":"https:\/\/emf-consult.com\/nettbutikk\/produkt\/lavstrale-panelovn\/","og_locale":"nb_NO","og_type":"article","og_title":"Lavstr\u00e5le panelovn - EMF Consult","og_description":"TEKNISKE DATA  \u2022 Oljefylt radiator med vegetabilsk olje. \u2022 Frostbeskyttelse (7\u00b0C) \u2022 Lagd av solid st\u00e5l av h\u00f8yeste kvalitet \u2022 Varig hvit epoksylakkering (RAL 9016). \u2022 Kan kobles til ekstern klokke (tr\u00e5dbundet). \u2022 Enkel \u00e5 bruke, rask oppvarming og jevn temperatur p\u00e5 hele overflaten. \u2022 System for l\u00e5sing av festeanordning. \u2022 Luktfri og ikke allergifremkallende. \u2022 Radiatorene har konvektorplate og leveres for h\u00f8yremontering. \u2022 Avansert termostat med eksakt regulering. \u2022 Overflatetemperatur kan reduseres til 75\u00b0C eller 60\u00b0C. Temperaturstillingene 75\u00b0C og 60\u00b0C reduserer effekten p\u00e5 radiatoren til 70% respektive 55% for en enkelt radiator og 90% respektive 80% for en dobbelt radiator. \u2022 Adaptiv start ved timerfunksjon \u2022 Individuelt ukeprogram i hver radiator. PURMO anbefaler uansett en ekstern klokke (Temco Clock RF) eller Touch E3 ved behov for ukeprogram. \u2022 \u00c5pent vindu-funksjon \u2022 L\u00e5sbar termostatenhet. \u2022 Termostatbeskyttelse av flammeavst\u00f8tende og UV-resistent ABS-PC V0 materiale. \u2022 Temperatursenkingen aktiveres manuelt eller via et sentralt koplingsur og separat N-ledning. \u2022 P\u00e5 radiatoren er det montert en kabel med \u201dplug-in-kontakt\u201d for sammenkopling av radiator og vedlagt veggboks. \u2022 Koble til master \/ slave (ubegrenset antall, kun Yali D, P, R C) \u2022 Tilkoblingskabelkit for tilkobling av Yali D, P, R, C til vegguttaket med stikkontakt. El.nr 54 083 30. Den sentrale temperatursenkingsmuligheten\/slavekoplingen er ikke mulig med dette tilbeh\u00f8r. \u2022 IP44 beskyttelse. El.nr 54 356 60. \u2022 Monlac-veggbraketter og skruer for fast montering.","og_url":"https:\/\/emf-consult.com\/nettbutikk\/produkt\/lavstrale-panelovn\/","og_site_name":"EMF Consult","article_publisher":"https:\/\/www.facebook.com\/emfconsult","article_modified_time":"2026-01-21T10:02:51+00:00","og_image":[{"width":1500,"height":1500,"url":"https:\/\/emf-consult.com\/nettbutikk\/wp-content\/uploads\/2019\/12\/yali-comfort-panels-lvi-outside.jpg","type":"image\/jpeg"}],"twitter_card":"summary_large_image","twitter_misc":{"Ansl. lesetid":"5 minutter"},"schema":{"@context":"https:\/\/schema.org","@graph":[{"@type":"WebPage","@id":"https:\/\/emf-consult.com\/nettbutikk\/produkt\/lavstrale-panelovn\/","url":"https:\/\/emf-consult.com\/nettbutikk\/produkt\/lavstrale-panelovn\/","name":"Lavstr\u00e5le panelovn - EMF Consult","isPartOf":{"@id":"https:\/\/emf-consult.com\/nettbutikk\/#website"},"primaryImageOfPage":{"@id":"https:\/\/emf-consult.com\/nettbutikk\/produkt\/lavstrale-panelovn\/#primaryimage"},"image":{"@id":"https:\/\/emf-consult.com\/nettbutikk\/produkt\/lavstrale-panelovn\/#primaryimage"},"thumbnailUrl":"https:\/\/emf-consult.com\/nettbutikk\/wp-content\/uploads\/2019\/12\/yali-comfort-panels-lvi-outside.jpg","datePublished":"2019-12-19T15:24:19+00:00","dateModified":"2026-01-21T10:02:51+00:00","breadcrumb":{"@id":"https:\/\/emf-consult.com\/nettbutikk\/produkt\/lavstrale-panelovn\/#breadcrumb"},"inLanguage":"nb-NO","potentialAction":[{"@type":"ReadAction","target":["https:\/\/emf-consult.com\/nettbutikk\/produkt\/lavstrale-panelovn\/"]}]},{"@type":"ImageObject","inLanguage":"nb-NO","@id":"https:\/\/emf-consult.com\/nettbutikk\/produkt\/lavstrale-panelovn\/#primaryimage","url":"https:\/\/emf-consult.com\/nettbutikk\/wp-content\/uploads\/2019\/12\/yali-comfort-panels-lvi-outside.jpg","contentUrl":"https:\/\/emf-consult.com\/nettbutikk\/wp-content\/uploads\/2019\/12\/yali-comfort-panels-lvi-outside.jpg","width":1500,"height":1500},{"@type":"BreadcrumbList","@id":"https:\/\/emf-consult.com\/nettbutikk\/produkt\/lavstrale-panelovn\/#breadcrumb","itemListElement":[{"@type":"ListItem","position":1,"name":"Hjem","item":"https:\/\/emf-consult.com\/nettbutikk\/"},{"@type":"ListItem","position":2,"name":"Butikk","item":"https:\/\/emf-consult.com\/nettbutikk\/butikk\/"},{"@type":"ListItem","position":3,"name":"Lavstr\u00e5le panelovn"}]},{"@type":"WebSite","@id":"https:\/\/emf-consult.com\/nettbutikk\/#website","url":"https:\/\/emf-consult.com\/nettbutikk\/","name":"EMF Consult","description":"Nettbutikk - Beskyttelse mot str\u00e5ling","publisher":{"@id":"https:\/\/emf-consult.com\/nettbutikk\/#organization"},"potentialAction":[{"@type":"SearchAction","target":{"@type":"EntryPoint","urlTemplate":"https:\/\/emf-consult.com\/nettbutikk\/?s={search_term_string}"},"query-input":{"@type":"PropertyValueSpecification","valueRequired":true,"valueName":"search_term_string"}}],"inLanguage":"nb-NO"},{"@type":"Organization","@id":"https:\/\/emf-consult.com\/nettbutikk\/#organization","name":"EMF Consult AS","url":"https:\/\/emf-consult.com\/nettbutikk\/","logo":{"@type":"ImageObject","inLanguage":"nb-NO","@id":"https:\/\/emf-consult.com\/nettbutikk\/#\/schema\/logo\/image\/","url":"https:\/\/emf-consult.com\/nettbutikk\/wp-content\/uploads\/2022\/07\/cropped-Favikon-rod-e1658786300694.png","contentUrl":"https:\/\/emf-consult.com\/nettbutikk\/wp-content\/uploads\/2022\/07\/cropped-Favikon-rod-e1658786300694.png","width":150,"height":150,"caption":"EMF Consult AS"},"image":{"@id":"https:\/\/emf-consult.com\/nettbutikk\/#\/schema\/logo\/image\/"},"sameAs":["https:\/\/www.facebook.com\/emfconsult","https:\/\/www.linkedin.com\/company\/emf-consult\/"]}]}},"_links":{"self":[{"href":"https:\/\/emf-consult.com\/nettbutikk\/wp-json\/wp\/v2\/product\/7259","targetHints":{"allow":["GET"]}}],"collection":[{"href":"https:\/\/emf-consult.com\/nettbutikk\/wp-json\/wp\/v2\/product"}],"about":[{"href":"https:\/\/emf-consult.com\/nettbutikk\/wp-json\/wp\/v2\/types\/product"}],"replies":[{"embeddable":true,"href":"https:\/\/emf-consult.com\/nettbutikk\/wp-json\/wp\/v2\/comments?post=7259"}],"wp:featuredmedia":[{"embeddable":true,"href":"https:\/\/emf-consult.com\/nettbutikk\/wp-json\/wp\/v2\/media\/7263"}],"wp:attachment":[{"href":"https:\/\/emf-consult.com\/nettbutikk\/wp-json\/wp\/v2\/media?parent=7259"}],"wp:term":[{"taxonomy":"product_brand","embeddable":true,"href":"https:\/\/emf-consult.com\/nettbutikk\/wp-json\/wp\/v2\/product_brand?post=7259"},{"taxonomy":"product_cat","embeddable":true,"href":"https:\/\/emf-consult.com\/nettbutikk\/wp-json\/wp\/v2\/product_cat?post=7259"},{"taxonomy":"product_tag","embeddable":true,"href":"https:\/\/emf-consult.com\/nettbutikk\/wp-json\/wp\/v2\/product_tag?post=7259"}],"curies":[{"name":"wp","href":"https:\/\/api.w.org\/{rel}","templated":true}]}}