{"id":667,"date":"2016-11-24T12:15:26","date_gmt":"2016-11-24T11:15:26","guid":{"rendered":"https:\/\/emfconsult.nyside.net\/nettbutikk\/produkt\/airtube-stereo-orepropper-reduser-emf-med-999\/"},"modified":"2026-04-08T09:21:58","modified_gmt":"2026-04-08T07:21:58","slug":"airtube-stereo-orepropper-reduser-emf-med-999","status":"publish","type":"product","link":"https:\/\/emf-consult.com\/nettbutikk\/produkt\/airtube-stereo-orepropper-reduser-emf-med-999\/","title":{"rendered":"AirTube &#8211; Stereo \u00f8repropper, reduser EMF med 99,9%"},"content":{"rendered":"<p>Vanlige kablede \u00f8repropper har en spole og en magnet i hver av \u00f8reproppene som lager relativt sterke AC- og DC magnetfelt.<\/p>\n<p>Air-Tube \u00f8repropper kombinerer flere ingeni\u00f8r-bragder som til sammen reduserer potensielle farer relatert til AC- og DC magnetfelt i n\u00e6rhet av hodet og \u00f8regangen. Ved \u00e5 levere levende lyd gjennom tynne akustiske luftr\u00f8r, i stedet for ledninger, kan brukerne nyte god lyd uten at \u00f8re og hode har direkte kontakt med elektriske komponenter. Oppvarmingen man gjerne f\u00e5r ved bruk av mobiltelefon direkte til \u00f8ret elimineres og man kan unng\u00e5 hodepine.<\/p>\n<p>Str\u00e5lingsbekymringer lagt til side, Air-Tube leverer ogs\u00e5 en akustisk lydgjengivelse som ikke st\u00e5r tilbake for konvensjonelle stereo \u00f8repropper.\u00a0Lydoverf\u00f8ring fra h\u00f8yttaler til \u00f8repropp\u00a0gjennom et patentert elastisk luftr\u00f8r.<\/p>\n<ul>\n<li>Reduserer elektromagnetisk belastning\u00a0med 99,9%<\/li>\n<li>St\u00f8yreduserende design p\u00e5 \u00f8reproppene<\/li>\n<li>Funksjonsknapp, volumknapp og mikrofon\u00a0p\u00e5 ledning gir \u00abHands-free\u00bb muligheter og \u00f8kt trygghet ved bilkj\u00f8ring<\/li>\n<li>Elegant og sofistikert design<\/li>\n<\/ul>\n<p>V\u00e5re Air-Tube \u00f8repropper er av h\u00f8y kvalitet; h\u00f8yttaler komponenter er forseglet i sterk anodisert aluminium og det akustiske \u00f8repropp kammeret er ogs\u00e5 laget av holdbar, ultra-lett, ikke-korroderende anodisert aluminium. Luftr\u00f8ret fra h\u00f8yttaler til \u00f8repropp er laget av et patentert holdbart elastisk r\u00f8r. Ledningen frem til h\u00f8yttaler er forsterket og skjermet med metall for \u00e5 \u00f8ke holdbarhet og forhindre indusert st\u00f8y og h\u00f8yfrekvens str\u00e5ling. P\u00e5 toppen av alt, hodesettet har en lyd smarttelefonbrukere vil elske &#8211; et hodesett bygget for \u00e5 vare!<\/p>\n<p>MERK:<br \/>\nFor enkelte iPhone modeller fra iPhone 7 og oppover kreves en overgang fra ladeport p\u00e5 telefonen,\u00a0<a href=\"https:\/\/emf-consult.com\/nettbutikk\/produkt\/lightning-til-35-mm-plugg-for-iphone\/\">Lightning til 3,5 mm plugg, for iPhone<\/a><br \/>\nFor enkelte nyere Samsung- og andre Android modeller kreves en overgang fra ladeport p\u00e5 telefonen <a href=\"https:\/\/emf-consult.com\/nettbutikk\/produkt\/usb-c-til-35-mm-plugg-for-android\/\">USB-C\u00a0 til 3,5 mm plugg for Android<\/a><\/p>\n<p><strong><a href=\"\/nettbutikk\/wp-content\/uploads\/2019\/11\/Air-Tube-inforplakat.pdf\">Air-Tube inforplakat<\/a><\/strong><\/p>\n<p><strong>Det gis RABATTER ved kj\u00f8p av flere AIR-TUBE av\u00a0SAMME FARGE:<\/strong><br \/>\n<strong>&#8211; Ved kj\u00f8p av 2 stk gis 10% rabatt<\/strong><br \/>\n<strong>&#8211; Ved kj\u00f8p av\u00a04 stk eller flere gis 20% rabatt<\/strong><\/p>\n<p>Ta gjerne kontakt med oss p\u00e5 info@emf-consult.no dersom du\u00a0har sp\u00f8rsm\u00e5l om bestilling.<\/p>\n<p><em>Ang\u00e5ende angrerett; v\u00e6r oppmerksom p\u00e5 at av hygiene\u00e5rsaker tas ikke brukte \u00f8repropper i retur.<\/em><\/p>\n","protected":false},"excerpt":{"rendered":"<p>Funksjon: Stereo \u00f8repropper som reduserer elektromagnetisk belastning med 99,9%<br \/>\nUtforming: Str\u00e5lings reduserende, st\u00f8y reduserende, mikrofon, multifunksjonsknapp og volumkontroll<br \/>\nLyd: Krystallklar lyd, frekvens respons 20Hz-20.000Hz<br \/>\nKabel lengde: 1,2 m<br \/>\nPlugg type: Standard 3,5mm plugg (MERK: for nyere iPhone kan det v\u00e6re behov for en overgang som du finner <a href=\"https:\/\/emf-consult.com\/nettbutikk\/produkt\/lightning-til-35-mm-plugg-for-iphone\/\">her<\/a> )<br \/>\nImpedans: 16 \u03a9<br \/>\nInngangs effekt: Nominell effekt 1mW, maksimal effekt 3mW<br \/>\nFarge: Leveres i to utgaver &#8211; Hvit\/S\u00f8lv og Svart<\/p>\n<p>&nbsp;<\/p>\n","protected":false},"featured_media":668,"comment_status":"open","ping_status":"closed","template":"","meta":[],"product_brand":[],"product_cat":[29],"product_tag":[],"class_list":{"0":"post-667","1":"product","2":"type-product","3":"status-publish","4":"has-post-thumbnail","6":"product_cat-data-tele","7":"pa_farge-hvit","8":"pa_farge-svart","10":"first","11":"instock","12":"taxable","13":"shipping-taxable","14":"purchasable","15":"product-type-variable"},"yoast_head":"<!-- This site is optimized with the Yoast SEO plugin v27.4 - https:\/\/yoast.com\/product\/yoast-seo-wordpress\/ -->\n<title>AirTube - Stereo \u00f8repropper, reduser EMF med 99,9% - EMF Consult<\/title>\n<meta name=\"robots\" content=\"index, follow, max-snippet:-1, max-image-preview:large, max-video-preview:-1\" \/>\n<link rel=\"canonical\" href=\"https:\/\/emf-consult.com\/nettbutikk\/produkt\/airtube-stereo-orepropper-reduser-emf-med-999\/\" \/>\n<meta property=\"og:locale\" content=\"nb_NO\" \/>\n<meta property=\"og:type\" content=\"article\" \/>\n<meta property=\"og:title\" content=\"AirTube - Stereo \u00f8repropper, reduser EMF med 99,9% - EMF Consult\" \/>\n<meta property=\"og:description\" content=\"Funksjon: Stereo \u00f8repropper som reduserer elektromagnetisk belastning med 99,9% Utforming: Str\u00e5lings reduserende, st\u00f8y reduserende, mikrofon, multifunksjonsknapp og volumkontroll Lyd: Krystallklar lyd, frekvens respons 20Hz-20.000Hz Kabel lengde: 1,2 m Plugg type: Standard 3,5mm plugg (MERK: for nyere iPhone kan det v\u00e6re behov for en overgang som du finner her ) Impedans: 16 \u03a9 Inngangs effekt: Nominell effekt 1mW, maksimal effekt 3mW Farge: Leveres i to utgaver - Hvit\/S\u00f8lv og Svart  &nbsp;\" \/>\n<meta property=\"og:url\" content=\"https:\/\/emf-consult.com\/nettbutikk\/produkt\/airtube-stereo-orepropper-reduser-emf-med-999\/\" \/>\n<meta property=\"og:site_name\" content=\"EMF Consult\" \/>\n<meta property=\"article:publisher\" content=\"https:\/\/www.facebook.com\/emfconsult\" \/>\n<meta property=\"article:modified_time\" content=\"2026-04-08T07:21:58+00:00\" \/>\n<meta property=\"og:image\" content=\"https:\/\/emf-consult.com\/nettbutikk\/wp-content\/uploads\/2019\/11\/39-1.jpg\" \/>\n\t<meta property=\"og:image:width\" content=\"400\" \/>\n\t<meta property=\"og:image:height\" content=\"450\" \/>\n\t<meta property=\"og:image:type\" content=\"image\/jpeg\" \/>\n<meta name=\"twitter:card\" content=\"summary_large_image\" \/>\n<meta name=\"twitter:label1\" content=\"Ansl. lesetid\" \/>\n\t<meta name=\"twitter:data1\" content=\"2 minutter\" \/>\n<script type=\"application\/ld+json\" class=\"yoast-schema-graph\">{\"@context\":\"https:\\\/\\\/schema.org\",\"@graph\":[{\"@type\":\"WebPage\",\"@id\":\"https:\\\/\\\/emf-consult.com\\\/nettbutikk\\\/produkt\\\/airtube-stereo-orepropper-reduser-emf-med-999\\\/\",\"url\":\"https:\\\/\\\/emf-consult.com\\\/nettbutikk\\\/produkt\\\/airtube-stereo-orepropper-reduser-emf-med-999\\\/\",\"name\":\"AirTube - Stereo \u00f8repropper, reduser EMF med 99,9% - EMF Consult\",\"isPartOf\":{\"@id\":\"https:\\\/\\\/emf-consult.com\\\/nettbutikk\\\/#website\"},\"primaryImageOfPage\":{\"@id\":\"https:\\\/\\\/emf-consult.com\\\/nettbutikk\\\/produkt\\\/airtube-stereo-orepropper-reduser-emf-med-999\\\/#primaryimage\"},\"image\":{\"@id\":\"https:\\\/\\\/emf-consult.com\\\/nettbutikk\\\/produkt\\\/airtube-stereo-orepropper-reduser-emf-med-999\\\/#primaryimage\"},\"thumbnailUrl\":\"https:\\\/\\\/emf-consult.com\\\/nettbutikk\\\/wp-content\\\/uploads\\\/2019\\\/11\\\/39-1.jpg\",\"datePublished\":\"2016-11-24T11:15:26+00:00\",\"dateModified\":\"2026-04-08T07:21:58+00:00\",\"breadcrumb\":{\"@id\":\"https:\\\/\\\/emf-consult.com\\\/nettbutikk\\\/produkt\\\/airtube-stereo-orepropper-reduser-emf-med-999\\\/#breadcrumb\"},\"inLanguage\":\"nb-NO\",\"potentialAction\":[{\"@type\":\"ReadAction\",\"target\":[\"https:\\\/\\\/emf-consult.com\\\/nettbutikk\\\/produkt\\\/airtube-stereo-orepropper-reduser-emf-med-999\\\/\"]}]},{\"@type\":\"ImageObject\",\"inLanguage\":\"nb-NO\",\"@id\":\"https:\\\/\\\/emf-consult.com\\\/nettbutikk\\\/produkt\\\/airtube-stereo-orepropper-reduser-emf-med-999\\\/#primaryimage\",\"url\":\"https:\\\/\\\/emf-consult.com\\\/nettbutikk\\\/wp-content\\\/uploads\\\/2019\\\/11\\\/39-1.jpg\",\"contentUrl\":\"https:\\\/\\\/emf-consult.com\\\/nettbutikk\\\/wp-content\\\/uploads\\\/2019\\\/11\\\/39-1.jpg\",\"width\":400,\"height\":450,\"caption\":\"AirTube - Stereo \u00f8repropper, reduser EMF med 99,9%\"},{\"@type\":\"BreadcrumbList\",\"@id\":\"https:\\\/\\\/emf-consult.com\\\/nettbutikk\\\/produkt\\\/airtube-stereo-orepropper-reduser-emf-med-999\\\/#breadcrumb\",\"itemListElement\":[{\"@type\":\"ListItem\",\"position\":1,\"name\":\"Hjem\",\"item\":\"https:\\\/\\\/emf-consult.com\\\/nettbutikk\\\/\"},{\"@type\":\"ListItem\",\"position\":2,\"name\":\"Butikk\",\"item\":\"https:\\\/\\\/emf-consult.com\\\/nettbutikk\\\/butikk\\\/\"},{\"@type\":\"ListItem\",\"position\":3,\"name\":\"AirTube &#8211; Stereo \u00f8repropper, reduser EMF med 99,9%\"}]},{\"@type\":\"WebSite\",\"@id\":\"https:\\\/\\\/emf-consult.com\\\/nettbutikk\\\/#website\",\"url\":\"https:\\\/\\\/emf-consult.com\\\/nettbutikk\\\/\",\"name\":\"EMF Consult\",\"description\":\"Nettbutikk - Beskyttelse mot str\u00e5ling\",\"publisher\":{\"@id\":\"https:\\\/\\\/emf-consult.com\\\/nettbutikk\\\/#organization\"},\"potentialAction\":[{\"@type\":\"SearchAction\",\"target\":{\"@type\":\"EntryPoint\",\"urlTemplate\":\"https:\\\/\\\/emf-consult.com\\\/nettbutikk\\\/?s={search_term_string}\"},\"query-input\":{\"@type\":\"PropertyValueSpecification\",\"valueRequired\":true,\"valueName\":\"search_term_string\"}}],\"inLanguage\":\"nb-NO\"},{\"@type\":\"Organization\",\"@id\":\"https:\\\/\\\/emf-consult.com\\\/nettbutikk\\\/#organization\",\"name\":\"EMF Consult AS\",\"url\":\"https:\\\/\\\/emf-consult.com\\\/nettbutikk\\\/\",\"logo\":{\"@type\":\"ImageObject\",\"inLanguage\":\"nb-NO\",\"@id\":\"https:\\\/\\\/emf-consult.com\\\/nettbutikk\\\/#\\\/schema\\\/logo\\\/image\\\/\",\"url\":\"https:\\\/\\\/emf-consult.com\\\/nettbutikk\\\/wp-content\\\/uploads\\\/2022\\\/07\\\/cropped-Favikon-rod-e1658786300694.png\",\"contentUrl\":\"https:\\\/\\\/emf-consult.com\\\/nettbutikk\\\/wp-content\\\/uploads\\\/2022\\\/07\\\/cropped-Favikon-rod-e1658786300694.png\",\"width\":150,\"height\":150,\"caption\":\"EMF Consult AS\"},\"image\":{\"@id\":\"https:\\\/\\\/emf-consult.com\\\/nettbutikk\\\/#\\\/schema\\\/logo\\\/image\\\/\"},\"sameAs\":[\"https:\\\/\\\/www.facebook.com\\\/emfconsult\",\"https:\\\/\\\/www.linkedin.com\\\/company\\\/emf-consult\\\/\"]}]}<\/script>\n<!-- \/ Yoast SEO plugin. -->","yoast_head_json":{"title":"AirTube - Stereo \u00f8repropper, reduser EMF med 99,9% - EMF Consult","robots":{"index":"index","follow":"follow","max-snippet":"max-snippet:-1","max-image-preview":"max-image-preview:large","max-video-preview":"max-video-preview:-1"},"canonical":"https:\/\/emf-consult.com\/nettbutikk\/produkt\/airtube-stereo-orepropper-reduser-emf-med-999\/","og_locale":"nb_NO","og_type":"article","og_title":"AirTube - Stereo \u00f8repropper, reduser EMF med 99,9% - EMF Consult","og_description":"Funksjon: Stereo \u00f8repropper som reduserer elektromagnetisk belastning med 99,9% Utforming: Str\u00e5lings reduserende, st\u00f8y reduserende, mikrofon, multifunksjonsknapp og volumkontroll Lyd: Krystallklar lyd, frekvens respons 20Hz-20.000Hz Kabel lengde: 1,2 m Plugg type: Standard 3,5mm plugg (MERK: for nyere iPhone kan det v\u00e6re behov for en overgang som du finner her ) Impedans: 16 \u03a9 Inngangs effekt: Nominell effekt 1mW, maksimal effekt 3mW Farge: Leveres i to utgaver - Hvit\/S\u00f8lv og Svart  &nbsp;","og_url":"https:\/\/emf-consult.com\/nettbutikk\/produkt\/airtube-stereo-orepropper-reduser-emf-med-999\/","og_site_name":"EMF Consult","article_publisher":"https:\/\/www.facebook.com\/emfconsult","article_modified_time":"2026-04-08T07:21:58+00:00","og_image":[{"width":400,"height":450,"url":"https:\/\/emf-consult.com\/nettbutikk\/wp-content\/uploads\/2019\/11\/39-1.jpg","type":"image\/jpeg"}],"twitter_card":"summary_large_image","twitter_misc":{"Ansl. lesetid":"2 minutter"},"schema":{"@context":"https:\/\/schema.org","@graph":[{"@type":"WebPage","@id":"https:\/\/emf-consult.com\/nettbutikk\/produkt\/airtube-stereo-orepropper-reduser-emf-med-999\/","url":"https:\/\/emf-consult.com\/nettbutikk\/produkt\/airtube-stereo-orepropper-reduser-emf-med-999\/","name":"AirTube - Stereo \u00f8repropper, reduser EMF med 99,9% - EMF Consult","isPartOf":{"@id":"https:\/\/emf-consult.com\/nettbutikk\/#website"},"primaryImageOfPage":{"@id":"https:\/\/emf-consult.com\/nettbutikk\/produkt\/airtube-stereo-orepropper-reduser-emf-med-999\/#primaryimage"},"image":{"@id":"https:\/\/emf-consult.com\/nettbutikk\/produkt\/airtube-stereo-orepropper-reduser-emf-med-999\/#primaryimage"},"thumbnailUrl":"https:\/\/emf-consult.com\/nettbutikk\/wp-content\/uploads\/2019\/11\/39-1.jpg","datePublished":"2016-11-24T11:15:26+00:00","dateModified":"2026-04-08T07:21:58+00:00","breadcrumb":{"@id":"https:\/\/emf-consult.com\/nettbutikk\/produkt\/airtube-stereo-orepropper-reduser-emf-med-999\/#breadcrumb"},"inLanguage":"nb-NO","potentialAction":[{"@type":"ReadAction","target":["https:\/\/emf-consult.com\/nettbutikk\/produkt\/airtube-stereo-orepropper-reduser-emf-med-999\/"]}]},{"@type":"ImageObject","inLanguage":"nb-NO","@id":"https:\/\/emf-consult.com\/nettbutikk\/produkt\/airtube-stereo-orepropper-reduser-emf-med-999\/#primaryimage","url":"https:\/\/emf-consult.com\/nettbutikk\/wp-content\/uploads\/2019\/11\/39-1.jpg","contentUrl":"https:\/\/emf-consult.com\/nettbutikk\/wp-content\/uploads\/2019\/11\/39-1.jpg","width":400,"height":450,"caption":"AirTube - Stereo \u00f8repropper, reduser EMF med 99,9%"},{"@type":"BreadcrumbList","@id":"https:\/\/emf-consult.com\/nettbutikk\/produkt\/airtube-stereo-orepropper-reduser-emf-med-999\/#breadcrumb","itemListElement":[{"@type":"ListItem","position":1,"name":"Hjem","item":"https:\/\/emf-consult.com\/nettbutikk\/"},{"@type":"ListItem","position":2,"name":"Butikk","item":"https:\/\/emf-consult.com\/nettbutikk\/butikk\/"},{"@type":"ListItem","position":3,"name":"AirTube &#8211; Stereo \u00f8repropper, reduser EMF med 99,9%"}]},{"@type":"WebSite","@id":"https:\/\/emf-consult.com\/nettbutikk\/#website","url":"https:\/\/emf-consult.com\/nettbutikk\/","name":"EMF Consult","description":"Nettbutikk - Beskyttelse mot str\u00e5ling","publisher":{"@id":"https:\/\/emf-consult.com\/nettbutikk\/#organization"},"potentialAction":[{"@type":"SearchAction","target":{"@type":"EntryPoint","urlTemplate":"https:\/\/emf-consult.com\/nettbutikk\/?s={search_term_string}"},"query-input":{"@type":"PropertyValueSpecification","valueRequired":true,"valueName":"search_term_string"}}],"inLanguage":"nb-NO"},{"@type":"Organization","@id":"https:\/\/emf-consult.com\/nettbutikk\/#organization","name":"EMF Consult AS","url":"https:\/\/emf-consult.com\/nettbutikk\/","logo":{"@type":"ImageObject","inLanguage":"nb-NO","@id":"https:\/\/emf-consult.com\/nettbutikk\/#\/schema\/logo\/image\/","url":"https:\/\/emf-consult.com\/nettbutikk\/wp-content\/uploads\/2022\/07\/cropped-Favikon-rod-e1658786300694.png","contentUrl":"https:\/\/emf-consult.com\/nettbutikk\/wp-content\/uploads\/2022\/07\/cropped-Favikon-rod-e1658786300694.png","width":150,"height":150,"caption":"EMF Consult AS"},"image":{"@id":"https:\/\/emf-consult.com\/nettbutikk\/#\/schema\/logo\/image\/"},"sameAs":["https:\/\/www.facebook.com\/emfconsult","https:\/\/www.linkedin.com\/company\/emf-consult\/"]}]}},"_links":{"self":[{"href":"https:\/\/emf-consult.com\/nettbutikk\/wp-json\/wp\/v2\/product\/667","targetHints":{"allow":["GET"]}}],"collection":[{"href":"https:\/\/emf-consult.com\/nettbutikk\/wp-json\/wp\/v2\/product"}],"about":[{"href":"https:\/\/emf-consult.com\/nettbutikk\/wp-json\/wp\/v2\/types\/product"}],"replies":[{"embeddable":true,"href":"https:\/\/emf-consult.com\/nettbutikk\/wp-json\/wp\/v2\/comments?post=667"}],"wp:featuredmedia":[{"embeddable":true,"href":"https:\/\/emf-consult.com\/nettbutikk\/wp-json\/wp\/v2\/media\/668"}],"wp:attachment":[{"href":"https:\/\/emf-consult.com\/nettbutikk\/wp-json\/wp\/v2\/media?parent=667"}],"wp:term":[{"taxonomy":"product_brand","embeddable":true,"href":"https:\/\/emf-consult.com\/nettbutikk\/wp-json\/wp\/v2\/product_brand?post=667"},{"taxonomy":"product_cat","embeddable":true,"href":"https:\/\/emf-consult.com\/nettbutikk\/wp-json\/wp\/v2\/product_cat?post=667"},{"taxonomy":"product_tag","embeddable":true,"href":"https:\/\/emf-consult.com\/nettbutikk\/wp-json\/wp\/v2\/product_tag?post=667"}],"curies":[{"name":"wp","href":"https:\/\/api.w.org\/{rel}","templated":true}]}}