{"id":643,"date":"2016-11-24T10:49:39","date_gmt":"2016-11-24T09:49:39","guid":{"rendered":"https:\/\/emfconsult.nyside.net\/nettbutikk\/produkt\/flexaray-skjermet-flex-ror-inntil-99\/"},"modified":"2026-03-31T11:11:08","modified_gmt":"2026-03-31T09:11:08","slug":"flexaray-skjermet-flex-ror-inntil-99","status":"publish","type":"product","link":"https:\/\/emf-consult.com\/nettbutikk\/produkt\/flexaray-skjermet-flex-ror-inntil-99\/","title":{"rendered":"FLEXARAY+ Skjermet Flex r\u00f8r (inntil 99%)"},"content":{"rendered":"<p><strong>Bruksomr\u00e5de:<\/strong><br \/>\nN\u00e5r man skal bygge nytt, eller rehabilitere, i det 21. \u00e5rhundre b\u00f8r man s\u00e5 definitivt ta hensyn til MILJ\u00d8 OG HELSE. For \u00e5 m\u00f8te de \u00f8kende b\u00e6rekraft kravene i byggesektoren og ettersp\u00f8rselen fra arkitekter og bygg designere, har franske Sweetohms utviklet det skjermende K-r\u00f8ret FLEXARAY + som reduserer elektromagnetiske felt som genereres av husets ledningsnett til et minimum. FLEXARAY+ anvendes fortrinnsvis i nybygg, men kan med fordel ogs\u00e5 brukes ved rehabilitering av eksisterende el. installasjoner.<\/p>\n<p><strong>Funksjoner:<\/strong><br \/>\nFleksibelt K-r\u00f8r av typen ICTA 3422 i henhold til Euro Normen EN-61386-22. Flerlags teknologi kombinert med en halvlederledning gj\u00f8r at K-r\u00f8ret skjermer for elektriske felt (inntil 99%).<\/p>\n<p>1. Ytre isolerende lag (Bl\u00e5tt).<br \/>\n2. Indre ledende lag (Svart).<br \/>\n3. Svart og hvit stripet halvleder laget av ledende materiale. N\u00e5r halvleder ledningen er trukket inn i r\u00f8ret kommer den automatisk i kontakt med det indre laget og avleder det elektriske feltet n\u00e5r halvlederen er koblet til jord.<\/p>\n<p>Finnes i 3 dimensjoner. R\u00f8rene er noe mindre innvendig enn vanlige K-r\u00f8r siden skjermingslaget er p\u00e5 innsiden av r\u00f8rene.<\/p>\n<p>16\/9,0mm for 3-4&#215;1,5mm2<br \/>\n20\/12,8mm for 5&#215;1,5mm2 eller 3-4&#215;2,5mm2<br \/>\n25\/17,4mm for de st\u00f8rre ledningene<\/p>\n<p>Leveres i rull \u00e0 100 meter. (kan ogs\u00e5 bestilles i st\u00f8rre kolli).<\/p>\n<p>PRIS pr. rull \/ meter (meterpris gjelder kun 25 mm)<br \/>\nKontakt oss for pris for st\u00f8rre kvantum.<\/p>\n<p>For mer informasjon se: <a href=\"http:\/\/www.sweetohms.com\/nb\/\" target=\"_blank\" rel=\"noopener noreferrer\">http:\/\/www.sweetohms.com\/nb\/<\/a><\/p>\n","protected":false},"excerpt":{"rendered":"<p>Utforming: Type ICTA K-r\u00f8r laget i henhold til EN 61386-22<br \/>\nMateriale: Polyolefin, Halogenfri, 100% resirkulerbar<\/p>\n<p>Det er en kjent sak at r\u00f8yk og gass er det som vanligvis dreper ved en brann. Plastmaterialer som PVC frigj\u00f8r en stor mengde halogenholdige og etsende gasser ved brann. Disse gassene er veldig farlige for mennesker. De angriper ogs\u00e5 elektriske artikler og komponenter. PVC frigj\u00f8r i tillegg tykk r\u00f8yk som i l\u00f8pet av kort tid hindrer sikt til r\u00f8mningsveier ved brann. &#8211; Polyolefin er derfor et sikrere materiale om uhellet skulle v\u00e6re ute.<\/p>\n<p>Farge: Bl\u00e5<br \/>\nDiameter: \u00d8 16mm, \u00d8 20mm, \u00d8 25 mm<br \/>\nLengde: Rull \u00e1 100 meter eller paller fra \u00e1 1.200 meter opp til 4.200 meter<br \/>\nSt\u00f8rrelse p\u00e5 forpakning:<\/p>\n<table style=\"height: 162px;\" width=\"462\">\n<tbody>\n<tr>\n<td width=\"265\">16mm 100m tomme r\u00f8r veier 6,0 kg stk<\/td>\n<td width=\"62\">50x50x18<\/td>\n<\/tr>\n<tr>\n<td>20mm 100m tomme r\u00f8r veier 7,1 kg stk<\/td>\n<td>60x60x18<\/td>\n<\/tr>\n<tr>\n<td>25mm 100m tomme r\u00f8r veier 10,05 kg stk<\/td>\n<td>60x60x25<\/td>\n<\/tr>\n<\/tbody>\n<\/table>\n<p>Temperaturomr\u00e5de: Konstant drift mellom -5\u00b0 C til +90\u00b0 C<br \/>\nStivhet Klasse: 750 N til +23\u00b0C (\u00b1 2\u00b0C)<br \/>\nSlag st\u00f8t styrke: 2kg p\u00e5 300mm (6 joule) ved -5\u00b0C. Kan st\u00f8pes inn i betong.<br \/>\nIsolasjons motstand: \u2264 100\uf057 ved 500 V DC<br \/>\nFlamme motstand: Flammehemmende 1kW<br \/>\nVarme motstand: +90\u00b0C (\u00b1 2\u00b0C) inntil 4 timer<br \/>\nTetthet: Sertifisert til IP44.<br \/>\nGodkjenning: Nemko sertifikat, Nr. P09211548<\/p>\n<p>MERK: Ingen spesielle verkt\u00f8y er n\u00f8dvendig, for \u00e5 jobbe med FLEXARAY+. FLEXARAY+ og PREFILZEN+ m\u00e5 installeres av godkjent elektroinstallat\u00f8r!<\/p>\n","protected":false},"featured_media":644,"comment_status":"open","ping_status":"closed","template":"","meta":[],"product_brand":[],"product_cat":[23,27],"product_tag":[],"class_list":{"0":"post-643","1":"product","2":"type-product","3":"status-publish","4":"has-post-thumbnail","6":"product_cat-el-installasjon","7":"product_cat-skjermingsmateriell","8":"pa_storrelse-16mm-rull","9":"pa_storrelse-20mm-rull","10":"pa_storrelse-25mm-meter","11":"pa_storrelse-25mm-rull","13":"first","14":"instock","15":"sale","16":"taxable","17":"shipping-taxable","18":"purchasable","19":"product-type-variable"},"yoast_head":"<!-- This site is optimized with the Yoast SEO plugin v27.4 - https:\/\/yoast.com\/product\/yoast-seo-wordpress\/ -->\n<title>FLEXARAY+ Skjermet Flex r\u00f8r (inntil 99%) - EMF Consult<\/title>\n<meta name=\"robots\" content=\"index, follow, max-snippet:-1, max-image-preview:large, max-video-preview:-1\" \/>\n<link rel=\"canonical\" href=\"https:\/\/emf-consult.com\/nettbutikk\/produkt\/flexaray-skjermet-flex-ror-inntil-99\/\" \/>\n<meta property=\"og:locale\" content=\"nb_NO\" \/>\n<meta property=\"og:type\" content=\"article\" \/>\n<meta property=\"og:title\" content=\"FLEXARAY+ Skjermet Flex r\u00f8r (inntil 99%) - EMF Consult\" \/>\n<meta property=\"og:description\" content=\"Utforming: Type ICTA K-r\u00f8r laget i henhold til EN 61386-22 Materiale: Polyolefin, Halogenfri, 100% resirkulerbar  Det er en kjent sak at r\u00f8yk og gass er det som vanligvis dreper ved en brann. Plastmaterialer som PVC frigj\u00f8r en stor mengde halogenholdige og etsende gasser ved brann. Disse gassene er veldig farlige for mennesker. De angriper ogs\u00e5 elektriske artikler og komponenter. PVC frigj\u00f8r i tillegg tykk r\u00f8yk som i l\u00f8pet av kort tid hindrer sikt til r\u00f8mningsveier ved brann. - Polyolefin er derfor et sikrere materiale om uhellet skulle v\u00e6re ute.  Farge: Bl\u00e5 Diameter: \u00d8 16mm, \u00d8 20mm, \u00d8 25 mm Lengde: Rull \u00e1 100 meter eller paller fra \u00e1 1.200 meter opp til 4.200 meter St\u00f8rrelse p\u00e5 forpakning:    16mm 100m tomme r\u00f8r veier 6,0 kg stk 50x50x18   20mm 100m tomme r\u00f8r veier 7,1 kg stk 60x60x18   25mm 100m tomme r\u00f8r veier 10,05 kg stk 60x60x25    Temperaturomr\u00e5de: Konstant drift mellom -5\u00b0 C til +90\u00b0 C Stivhet Klasse: 750 N til +23\u00b0C (\u00b1 2\u00b0C) Slag st\u00f8t styrke: 2kg p\u00e5 300mm (6 joule) ved -5\u00b0C. Kan st\u00f8pes inn i betong. Isolasjons motstand: \u2264 100\uf057 ved 500 V DC Flamme motstand: Flammehemmende 1kW Varme motstand: +90\u00b0C (\u00b1 2\u00b0C) inntil 4 timer Tetthet: Sertifisert til IP44. Godkjenning: Nemko sertifikat, Nr. P09211548  MERK: Ingen spesielle verkt\u00f8y er n\u00f8dvendig, for \u00e5 jobbe med FLEXARAY+. FLEXARAY+ og PREFILZEN+ m\u00e5 installeres av godkjent elektroinstallat\u00f8r!\" \/>\n<meta property=\"og:url\" content=\"https:\/\/emf-consult.com\/nettbutikk\/produkt\/flexaray-skjermet-flex-ror-inntil-99\/\" \/>\n<meta property=\"og:site_name\" content=\"EMF Consult\" \/>\n<meta property=\"article:publisher\" content=\"https:\/\/www.facebook.com\/emfconsult\" \/>\n<meta property=\"article:modified_time\" content=\"2026-03-31T09:11:08+00:00\" \/>\n<meta property=\"og:image\" content=\"https:\/\/emf-consult.com\/nettbutikk\/wp-content\/uploads\/2019\/11\/p34-1.jpg\" \/>\n\t<meta property=\"og:image:width\" content=\"400\" \/>\n\t<meta property=\"og:image:height\" content=\"450\" \/>\n\t<meta property=\"og:image:type\" content=\"image\/jpeg\" \/>\n<meta name=\"twitter:card\" content=\"summary_large_image\" \/>\n<meta name=\"twitter:label1\" content=\"Ansl. lesetid\" \/>\n\t<meta name=\"twitter:data1\" content=\"2 minutter\" \/>\n<script type=\"application\/ld+json\" class=\"yoast-schema-graph\">{\"@context\":\"https:\\\/\\\/schema.org\",\"@graph\":[{\"@type\":\"WebPage\",\"@id\":\"https:\\\/\\\/emf-consult.com\\\/nettbutikk\\\/produkt\\\/flexaray-skjermet-flex-ror-inntil-99\\\/\",\"url\":\"https:\\\/\\\/emf-consult.com\\\/nettbutikk\\\/produkt\\\/flexaray-skjermet-flex-ror-inntil-99\\\/\",\"name\":\"FLEXARAY+ Skjermet Flex r\u00f8r (inntil 99%) - EMF Consult\",\"isPartOf\":{\"@id\":\"https:\\\/\\\/emf-consult.com\\\/nettbutikk\\\/#website\"},\"primaryImageOfPage\":{\"@id\":\"https:\\\/\\\/emf-consult.com\\\/nettbutikk\\\/produkt\\\/flexaray-skjermet-flex-ror-inntil-99\\\/#primaryimage\"},\"image\":{\"@id\":\"https:\\\/\\\/emf-consult.com\\\/nettbutikk\\\/produkt\\\/flexaray-skjermet-flex-ror-inntil-99\\\/#primaryimage\"},\"thumbnailUrl\":\"https:\\\/\\\/emf-consult.com\\\/nettbutikk\\\/wp-content\\\/uploads\\\/2019\\\/11\\\/p34-1.jpg\",\"datePublished\":\"2016-11-24T09:49:39+00:00\",\"dateModified\":\"2026-03-31T09:11:08+00:00\",\"breadcrumb\":{\"@id\":\"https:\\\/\\\/emf-consult.com\\\/nettbutikk\\\/produkt\\\/flexaray-skjermet-flex-ror-inntil-99\\\/#breadcrumb\"},\"inLanguage\":\"nb-NO\",\"potentialAction\":[{\"@type\":\"ReadAction\",\"target\":[\"https:\\\/\\\/emf-consult.com\\\/nettbutikk\\\/produkt\\\/flexaray-skjermet-flex-ror-inntil-99\\\/\"]}]},{\"@type\":\"ImageObject\",\"inLanguage\":\"nb-NO\",\"@id\":\"https:\\\/\\\/emf-consult.com\\\/nettbutikk\\\/produkt\\\/flexaray-skjermet-flex-ror-inntil-99\\\/#primaryimage\",\"url\":\"https:\\\/\\\/emf-consult.com\\\/nettbutikk\\\/wp-content\\\/uploads\\\/2019\\\/11\\\/p34-1.jpg\",\"contentUrl\":\"https:\\\/\\\/emf-consult.com\\\/nettbutikk\\\/wp-content\\\/uploads\\\/2019\\\/11\\\/p34-1.jpg\",\"width\":400,\"height\":450,\"caption\":\"FLEXARAY+ Skjermet Flex r\u00f8r (inntil 99%)\"},{\"@type\":\"BreadcrumbList\",\"@id\":\"https:\\\/\\\/emf-consult.com\\\/nettbutikk\\\/produkt\\\/flexaray-skjermet-flex-ror-inntil-99\\\/#breadcrumb\",\"itemListElement\":[{\"@type\":\"ListItem\",\"position\":1,\"name\":\"Hjem\",\"item\":\"https:\\\/\\\/emf-consult.com\\\/nettbutikk\\\/\"},{\"@type\":\"ListItem\",\"position\":2,\"name\":\"Butikk\",\"item\":\"https:\\\/\\\/emf-consult.com\\\/nettbutikk\\\/butikk\\\/\"},{\"@type\":\"ListItem\",\"position\":3,\"name\":\"FLEXARAY+ Skjermet Flex r\u00f8r (inntil 99%)\"}]},{\"@type\":\"WebSite\",\"@id\":\"https:\\\/\\\/emf-consult.com\\\/nettbutikk\\\/#website\",\"url\":\"https:\\\/\\\/emf-consult.com\\\/nettbutikk\\\/\",\"name\":\"EMF Consult\",\"description\":\"Nettbutikk - Beskyttelse mot str\u00e5ling\",\"publisher\":{\"@id\":\"https:\\\/\\\/emf-consult.com\\\/nettbutikk\\\/#organization\"},\"potentialAction\":[{\"@type\":\"SearchAction\",\"target\":{\"@type\":\"EntryPoint\",\"urlTemplate\":\"https:\\\/\\\/emf-consult.com\\\/nettbutikk\\\/?s={search_term_string}\"},\"query-input\":{\"@type\":\"PropertyValueSpecification\",\"valueRequired\":true,\"valueName\":\"search_term_string\"}}],\"inLanguage\":\"nb-NO\"},{\"@type\":\"Organization\",\"@id\":\"https:\\\/\\\/emf-consult.com\\\/nettbutikk\\\/#organization\",\"name\":\"EMF Consult AS\",\"url\":\"https:\\\/\\\/emf-consult.com\\\/nettbutikk\\\/\",\"logo\":{\"@type\":\"ImageObject\",\"inLanguage\":\"nb-NO\",\"@id\":\"https:\\\/\\\/emf-consult.com\\\/nettbutikk\\\/#\\\/schema\\\/logo\\\/image\\\/\",\"url\":\"https:\\\/\\\/emf-consult.com\\\/nettbutikk\\\/wp-content\\\/uploads\\\/2022\\\/07\\\/cropped-Favikon-rod-e1658786300694.png\",\"contentUrl\":\"https:\\\/\\\/emf-consult.com\\\/nettbutikk\\\/wp-content\\\/uploads\\\/2022\\\/07\\\/cropped-Favikon-rod-e1658786300694.png\",\"width\":150,\"height\":150,\"caption\":\"EMF Consult AS\"},\"image\":{\"@id\":\"https:\\\/\\\/emf-consult.com\\\/nettbutikk\\\/#\\\/schema\\\/logo\\\/image\\\/\"},\"sameAs\":[\"https:\\\/\\\/www.facebook.com\\\/emfconsult\",\"https:\\\/\\\/www.linkedin.com\\\/company\\\/emf-consult\\\/\"]}]}<\/script>\n<!-- \/ Yoast SEO plugin. -->","yoast_head_json":{"title":"FLEXARAY+ Skjermet Flex r\u00f8r (inntil 99%) - EMF Consult","robots":{"index":"index","follow":"follow","max-snippet":"max-snippet:-1","max-image-preview":"max-image-preview:large","max-video-preview":"max-video-preview:-1"},"canonical":"https:\/\/emf-consult.com\/nettbutikk\/produkt\/flexaray-skjermet-flex-ror-inntil-99\/","og_locale":"nb_NO","og_type":"article","og_title":"FLEXARAY+ Skjermet Flex r\u00f8r (inntil 99%) - EMF Consult","og_description":"Utforming: Type ICTA K-r\u00f8r laget i henhold til EN 61386-22 Materiale: Polyolefin, Halogenfri, 100% resirkulerbar  Det er en kjent sak at r\u00f8yk og gass er det som vanligvis dreper ved en brann. Plastmaterialer som PVC frigj\u00f8r en stor mengde halogenholdige og etsende gasser ved brann. Disse gassene er veldig farlige for mennesker. De angriper ogs\u00e5 elektriske artikler og komponenter. PVC frigj\u00f8r i tillegg tykk r\u00f8yk som i l\u00f8pet av kort tid hindrer sikt til r\u00f8mningsveier ved brann. - Polyolefin er derfor et sikrere materiale om uhellet skulle v\u00e6re ute.  Farge: Bl\u00e5 Diameter: \u00d8 16mm, \u00d8 20mm, \u00d8 25 mm Lengde: Rull \u00e1 100 meter eller paller fra \u00e1 1.200 meter opp til 4.200 meter St\u00f8rrelse p\u00e5 forpakning:    16mm 100m tomme r\u00f8r veier 6,0 kg stk 50x50x18   20mm 100m tomme r\u00f8r veier 7,1 kg stk 60x60x18   25mm 100m tomme r\u00f8r veier 10,05 kg stk 60x60x25    Temperaturomr\u00e5de: Konstant drift mellom -5\u00b0 C til +90\u00b0 C Stivhet Klasse: 750 N til +23\u00b0C (\u00b1 2\u00b0C) Slag st\u00f8t styrke: 2kg p\u00e5 300mm (6 joule) ved -5\u00b0C. Kan st\u00f8pes inn i betong. Isolasjons motstand: \u2264 100\uf057 ved 500 V DC Flamme motstand: Flammehemmende 1kW Varme motstand: +90\u00b0C (\u00b1 2\u00b0C) inntil 4 timer Tetthet: Sertifisert til IP44. Godkjenning: Nemko sertifikat, Nr. P09211548  MERK: Ingen spesielle verkt\u00f8y er n\u00f8dvendig, for \u00e5 jobbe med FLEXARAY+. FLEXARAY+ og PREFILZEN+ m\u00e5 installeres av godkjent elektroinstallat\u00f8r!","og_url":"https:\/\/emf-consult.com\/nettbutikk\/produkt\/flexaray-skjermet-flex-ror-inntil-99\/","og_site_name":"EMF Consult","article_publisher":"https:\/\/www.facebook.com\/emfconsult","article_modified_time":"2026-03-31T09:11:08+00:00","og_image":[{"width":400,"height":450,"url":"https:\/\/emf-consult.com\/nettbutikk\/wp-content\/uploads\/2019\/11\/p34-1.jpg","type":"image\/jpeg"}],"twitter_card":"summary_large_image","twitter_misc":{"Ansl. lesetid":"2 minutter"},"schema":{"@context":"https:\/\/schema.org","@graph":[{"@type":"WebPage","@id":"https:\/\/emf-consult.com\/nettbutikk\/produkt\/flexaray-skjermet-flex-ror-inntil-99\/","url":"https:\/\/emf-consult.com\/nettbutikk\/produkt\/flexaray-skjermet-flex-ror-inntil-99\/","name":"FLEXARAY+ Skjermet Flex r\u00f8r (inntil 99%) - EMF Consult","isPartOf":{"@id":"https:\/\/emf-consult.com\/nettbutikk\/#website"},"primaryImageOfPage":{"@id":"https:\/\/emf-consult.com\/nettbutikk\/produkt\/flexaray-skjermet-flex-ror-inntil-99\/#primaryimage"},"image":{"@id":"https:\/\/emf-consult.com\/nettbutikk\/produkt\/flexaray-skjermet-flex-ror-inntil-99\/#primaryimage"},"thumbnailUrl":"https:\/\/emf-consult.com\/nettbutikk\/wp-content\/uploads\/2019\/11\/p34-1.jpg","datePublished":"2016-11-24T09:49:39+00:00","dateModified":"2026-03-31T09:11:08+00:00","breadcrumb":{"@id":"https:\/\/emf-consult.com\/nettbutikk\/produkt\/flexaray-skjermet-flex-ror-inntil-99\/#breadcrumb"},"inLanguage":"nb-NO","potentialAction":[{"@type":"ReadAction","target":["https:\/\/emf-consult.com\/nettbutikk\/produkt\/flexaray-skjermet-flex-ror-inntil-99\/"]}]},{"@type":"ImageObject","inLanguage":"nb-NO","@id":"https:\/\/emf-consult.com\/nettbutikk\/produkt\/flexaray-skjermet-flex-ror-inntil-99\/#primaryimage","url":"https:\/\/emf-consult.com\/nettbutikk\/wp-content\/uploads\/2019\/11\/p34-1.jpg","contentUrl":"https:\/\/emf-consult.com\/nettbutikk\/wp-content\/uploads\/2019\/11\/p34-1.jpg","width":400,"height":450,"caption":"FLEXARAY+ Skjermet Flex r\u00f8r (inntil 99%)"},{"@type":"BreadcrumbList","@id":"https:\/\/emf-consult.com\/nettbutikk\/produkt\/flexaray-skjermet-flex-ror-inntil-99\/#breadcrumb","itemListElement":[{"@type":"ListItem","position":1,"name":"Hjem","item":"https:\/\/emf-consult.com\/nettbutikk\/"},{"@type":"ListItem","position":2,"name":"Butikk","item":"https:\/\/emf-consult.com\/nettbutikk\/butikk\/"},{"@type":"ListItem","position":3,"name":"FLEXARAY+ Skjermet Flex r\u00f8r (inntil 99%)"}]},{"@type":"WebSite","@id":"https:\/\/emf-consult.com\/nettbutikk\/#website","url":"https:\/\/emf-consult.com\/nettbutikk\/","name":"EMF Consult","description":"Nettbutikk - Beskyttelse mot str\u00e5ling","publisher":{"@id":"https:\/\/emf-consult.com\/nettbutikk\/#organization"},"potentialAction":[{"@type":"SearchAction","target":{"@type":"EntryPoint","urlTemplate":"https:\/\/emf-consult.com\/nettbutikk\/?s={search_term_string}"},"query-input":{"@type":"PropertyValueSpecification","valueRequired":true,"valueName":"search_term_string"}}],"inLanguage":"nb-NO"},{"@type":"Organization","@id":"https:\/\/emf-consult.com\/nettbutikk\/#organization","name":"EMF Consult AS","url":"https:\/\/emf-consult.com\/nettbutikk\/","logo":{"@type":"ImageObject","inLanguage":"nb-NO","@id":"https:\/\/emf-consult.com\/nettbutikk\/#\/schema\/logo\/image\/","url":"https:\/\/emf-consult.com\/nettbutikk\/wp-content\/uploads\/2022\/07\/cropped-Favikon-rod-e1658786300694.png","contentUrl":"https:\/\/emf-consult.com\/nettbutikk\/wp-content\/uploads\/2022\/07\/cropped-Favikon-rod-e1658786300694.png","width":150,"height":150,"caption":"EMF Consult AS"},"image":{"@id":"https:\/\/emf-consult.com\/nettbutikk\/#\/schema\/logo\/image\/"},"sameAs":["https:\/\/www.facebook.com\/emfconsult","https:\/\/www.linkedin.com\/company\/emf-consult\/"]}]}},"_links":{"self":[{"href":"https:\/\/emf-consult.com\/nettbutikk\/wp-json\/wp\/v2\/product\/643","targetHints":{"allow":["GET"]}}],"collection":[{"href":"https:\/\/emf-consult.com\/nettbutikk\/wp-json\/wp\/v2\/product"}],"about":[{"href":"https:\/\/emf-consult.com\/nettbutikk\/wp-json\/wp\/v2\/types\/product"}],"replies":[{"embeddable":true,"href":"https:\/\/emf-consult.com\/nettbutikk\/wp-json\/wp\/v2\/comments?post=643"}],"wp:featuredmedia":[{"embeddable":true,"href":"https:\/\/emf-consult.com\/nettbutikk\/wp-json\/wp\/v2\/media\/644"}],"wp:attachment":[{"href":"https:\/\/emf-consult.com\/nettbutikk\/wp-json\/wp\/v2\/media?parent=643"}],"wp:term":[{"taxonomy":"product_brand","embeddable":true,"href":"https:\/\/emf-consult.com\/nettbutikk\/wp-json\/wp\/v2\/product_brand?post=643"},{"taxonomy":"product_cat","embeddable":true,"href":"https:\/\/emf-consult.com\/nettbutikk\/wp-json\/wp\/v2\/product_cat?post=643"},{"taxonomy":"product_tag","embeddable":true,"href":"https:\/\/emf-consult.com\/nettbutikk\/wp-json\/wp\/v2\/product_tag?post=643"}],"curies":[{"name":"wp","href":"https:\/\/api.w.org\/{rel}","templated":true}]}}