{"id":6425,"date":"2019-11-26T08:14:18","date_gmt":"2019-11-26T07:14:18","guid":{"rendered":"https:\/\/emfconsult.nyside.net\/nettbutikk\/?post_type=product&#038;p=6425"},"modified":"2026-03-18T08:19:57","modified_gmt":"2026-03-18T07:19:57","slug":"lightning-ethernet-adapter-med-usb3","status":"publish","type":"product","link":"https:\/\/emf-consult.com\/nettbutikk\/produkt\/lightning-ethernet-adapter-med-usb3\/","title":{"rendered":"Lightning Ethernet adapter med USB3"},"content":{"rendered":"<p>Adapter for Lightning til kablet RJ45 Ethernet nettverk for alle iPhone\/iPad serier.<br \/>\nAdapteret gir mulighet for \u00e5 lade og koble til ekstern USB3 enhet samtidig som man benytter kablet internett.<\/p>\n<p>Adapteren st\u00f8tter 10\/100 mbps Ethernet LAN kablet nettverk, og det er enkelt \u00e5 overf\u00f8re bilder og videoer fra h\u00f8yoppl\u00f8selig digitalkamera til i-Pad \/ i-Phone. St\u00f8tter tilkoblet USB-periferiutstyr som minnebrikker, HUB\u00b4er, lyd \/ MIDI-tastaturgrensesnitt, kortlesere og mer.<\/p>\n<p>PREMIUMKVALITET &#8211; Anodisert aluminiumsramme, som effektivt kan forhindre elektromagnetisk forstyrrelse. Laget av slitesterk plast, f\u00f8rsteklasses komplement av plastdesign for Apple-tilbeh\u00f8r. Adapteren er designet for ypperste p\u00e5litelighet og holdbarhet.<\/p>\n<p>10\/100 Mbps Ethernet gir tilgang til superraske hastigheter p\u00e5 internett. Systemversjon \uff1a iOS 9.2 eller nyere, st\u00f8tter den nyeste iOS 13<\/p>\n<p>PLUG AND PLAY &#8211; Enkel installasjon, ingen programvare n\u00f8dvendig. Trenger ingen APP, ingen ekstern str\u00f8m er n\u00f8dvendig.<\/p>\n<p>Hvordan \u00e5 bruke?<br \/>\nAdapter for lightning til RJ45 LAN Ethernet-port<br \/>\n&#8211; 1. Sl\u00e5 av Wi-Fi p\u00e5 i-Pad eller i-Phone.<br \/>\n&#8211; 2. Plugg <a href=\"https:\/\/emf-consult.com\/nettbutikk\/produkt\/skjermet-ethernettkabel-stp-cat5e-hvit\/\">Skjermet Ethernetkabel<\/a> inn i Ethernet-porten p\u00e5 adapteren v\u00e5r, og koble lightning pluggen til i-Pad eller i-Phone.<br \/>\n&#8211; 3. G\u00e5 til &#8220;Innstilling&#8221; p\u00e5 telefonen\/nettbrettet ditt, og finn frem til Ethernet-innstillingene.<br \/>\n&#8211; 4. Klikk p\u00e5 &#8220;Ethernet&#8221; for \u00e5 f\u00e5 en IP-adresse.<br \/>\n&#8211; 5. \u00c5pne Safari og sjekk om tilkoblingen fungerer.<\/p>\n<p>USB-port<br \/>\nDu kan koble til USB-periferiutstyr som huber, lyd, MIDI paino tastaturgrensesnitt, kortlesere for Compact Flash, SD, micro SD og mer.<\/p>\n<p>Du kan ogs\u00e5 koble til adapteren til laderen til i-Phone \/ i-Pad, eller lade fra MAC. Adapteret st\u00f8tter 2A ladestr\u00f8m.<\/p>\n","protected":false},"excerpt":{"rendered":"<p>Kompatibilitet:<br \/>\n&#8211; For i-Phone-modeller: For i-Phone Xs \/ X \/ 8\/7 Plus \/ 7 \/ 6s Plus \/ 6s \/ 6Plus \/ 6 \/ SE \/ 5s \/ 5<br \/>\n&#8211; For i-Pad-modeller: For i-Pad Pro \/ Air 2 \/ Air \/ mini4 \/ mini3 \/ mini2<\/p>\n<p>Vennligst merk:<br \/>\n1. Forsikre deg om at Ethernet-kabelen er koblet til internett.<br \/>\n2. Bildefilene m\u00e5 lagres i navnet &#8220;DCIM&#8221; -mappe. Digitalkameraet kan opprette &#8220;DCIM&#8221; -mappe automatisk.<br \/>\n3. Men hvis du bruker USB-flash-disk m\u00e5 du opprette &#8220;DCIM&#8221; -mappe og kopiere manuelt.<br \/>\n4. S\u00f8rg for at USB-enhetens str\u00f8m er mindre enn 100 mah, ellers fungerer den ikke.<\/p>\n","protected":false},"featured_media":15912,"comment_status":"open","ping_status":"closed","template":"","meta":[],"product_brand":[],"product_cat":[29],"product_tag":[],"class_list":{"0":"post-6425","1":"product","2":"type-product","3":"status-publish","4":"has-post-thumbnail","6":"product_cat-data-tele","8":"first","9":"instock","10":"taxable","11":"shipping-taxable","12":"purchasable","13":"product-type-simple"},"yoast_head":"<!-- This site is optimized with the Yoast SEO plugin v27.4 - https:\/\/yoast.com\/product\/yoast-seo-wordpress\/ -->\n<title>Lightning Ethernet adapter med USB3 - EMF Consult<\/title>\n<meta name=\"robots\" content=\"index, follow, max-snippet:-1, max-image-preview:large, max-video-preview:-1\" \/>\n<link rel=\"canonical\" href=\"https:\/\/emf-consult.com\/nettbutikk\/produkt\/lightning-ethernet-adapter-med-usb3\/\" \/>\n<meta property=\"og:locale\" content=\"nb_NO\" \/>\n<meta property=\"og:type\" content=\"article\" \/>\n<meta property=\"og:title\" content=\"Lightning Ethernet adapter med USB3 - EMF Consult\" \/>\n<meta property=\"og:description\" content=\"Kompatibilitet: - For i-Phone-modeller: For i-Phone Xs \/ X \/ 8\/7 Plus \/ 7 \/ 6s Plus \/ 6s \/ 6Plus \/ 6 \/ SE \/ 5s \/ 5 - For i-Pad-modeller: For i-Pad Pro \/ Air 2 \/ Air \/ mini4 \/ mini3 \/ mini2  Vennligst merk: 1. Forsikre deg om at Ethernet-kabelen er koblet til internett. 2. Bildefilene m\u00e5 lagres i navnet &quot;DCIM&quot; -mappe. Digitalkameraet kan opprette &quot;DCIM&quot; -mappe automatisk. 3. Men hvis du bruker USB-flash-disk m\u00e5 du opprette &quot;DCIM&quot; -mappe og kopiere manuelt. 4. S\u00f8rg for at USB-enhetens str\u00f8m er mindre enn 100 mah, ellers fungerer den ikke.\" \/>\n<meta property=\"og:url\" content=\"https:\/\/emf-consult.com\/nettbutikk\/produkt\/lightning-ethernet-adapter-med-usb3\/\" \/>\n<meta property=\"og:site_name\" content=\"EMF Consult\" \/>\n<meta property=\"article:publisher\" content=\"https:\/\/www.facebook.com\/emfconsult\" \/>\n<meta property=\"article:modified_time\" content=\"2026-03-18T07:19:57+00:00\" \/>\n<meta property=\"og:image\" content=\"https:\/\/emf-consult.com\/nettbutikk\/wp-content\/uploads\/2019\/11\/TD-PC8695_Udi8Qryy3qY_DlJ5WT1ii.webp\" \/>\n\t<meta property=\"og:image:width\" content=\"750\" \/>\n\t<meta property=\"og:image:height\" content=\"750\" \/>\n\t<meta property=\"og:image:type\" content=\"image\/webp\" \/>\n<meta name=\"twitter:card\" content=\"summary_large_image\" \/>\n<meta name=\"twitter:label1\" content=\"Ansl. lesetid\" \/>\n\t<meta name=\"twitter:data1\" content=\"2 minutter\" \/>\n<script type=\"application\/ld+json\" class=\"yoast-schema-graph\">{\"@context\":\"https:\\\/\\\/schema.org\",\"@graph\":[{\"@type\":\"WebPage\",\"@id\":\"https:\\\/\\\/emf-consult.com\\\/nettbutikk\\\/produkt\\\/lightning-ethernet-adapter-med-usb3\\\/\",\"url\":\"https:\\\/\\\/emf-consult.com\\\/nettbutikk\\\/produkt\\\/lightning-ethernet-adapter-med-usb3\\\/\",\"name\":\"Lightning Ethernet adapter med USB3 - EMF Consult\",\"isPartOf\":{\"@id\":\"https:\\\/\\\/emf-consult.com\\\/nettbutikk\\\/#website\"},\"primaryImageOfPage\":{\"@id\":\"https:\\\/\\\/emf-consult.com\\\/nettbutikk\\\/produkt\\\/lightning-ethernet-adapter-med-usb3\\\/#primaryimage\"},\"image\":{\"@id\":\"https:\\\/\\\/emf-consult.com\\\/nettbutikk\\\/produkt\\\/lightning-ethernet-adapter-med-usb3\\\/#primaryimage\"},\"thumbnailUrl\":\"https:\\\/\\\/emf-consult.com\\\/nettbutikk\\\/wp-content\\\/uploads\\\/2019\\\/11\\\/TD-PC8695_Udi8Qryy3qY_DlJ5WT1ii.webp\",\"datePublished\":\"2019-11-26T07:14:18+00:00\",\"dateModified\":\"2026-03-18T07:19:57+00:00\",\"breadcrumb\":{\"@id\":\"https:\\\/\\\/emf-consult.com\\\/nettbutikk\\\/produkt\\\/lightning-ethernet-adapter-med-usb3\\\/#breadcrumb\"},\"inLanguage\":\"nb-NO\",\"potentialAction\":[{\"@type\":\"ReadAction\",\"target\":[\"https:\\\/\\\/emf-consult.com\\\/nettbutikk\\\/produkt\\\/lightning-ethernet-adapter-med-usb3\\\/\"]}]},{\"@type\":\"ImageObject\",\"inLanguage\":\"nb-NO\",\"@id\":\"https:\\\/\\\/emf-consult.com\\\/nettbutikk\\\/produkt\\\/lightning-ethernet-adapter-med-usb3\\\/#primaryimage\",\"url\":\"https:\\\/\\\/emf-consult.com\\\/nettbutikk\\\/wp-content\\\/uploads\\\/2019\\\/11\\\/TD-PC8695_Udi8Qryy3qY_DlJ5WT1ii.webp\",\"contentUrl\":\"https:\\\/\\\/emf-consult.com\\\/nettbutikk\\\/wp-content\\\/uploads\\\/2019\\\/11\\\/TD-PC8695_Udi8Qryy3qY_DlJ5WT1ii.webp\",\"width\":750,\"height\":750},{\"@type\":\"BreadcrumbList\",\"@id\":\"https:\\\/\\\/emf-consult.com\\\/nettbutikk\\\/produkt\\\/lightning-ethernet-adapter-med-usb3\\\/#breadcrumb\",\"itemListElement\":[{\"@type\":\"ListItem\",\"position\":1,\"name\":\"Hjem\",\"item\":\"https:\\\/\\\/emf-consult.com\\\/nettbutikk\\\/\"},{\"@type\":\"ListItem\",\"position\":2,\"name\":\"Butikk\",\"item\":\"https:\\\/\\\/emf-consult.com\\\/nettbutikk\\\/butikk\\\/\"},{\"@type\":\"ListItem\",\"position\":3,\"name\":\"Lightning Ethernet adapter med USB3\"}]},{\"@type\":\"WebSite\",\"@id\":\"https:\\\/\\\/emf-consult.com\\\/nettbutikk\\\/#website\",\"url\":\"https:\\\/\\\/emf-consult.com\\\/nettbutikk\\\/\",\"name\":\"EMF Consult\",\"description\":\"Nettbutikk - Beskyttelse mot str\u00e5ling\",\"publisher\":{\"@id\":\"https:\\\/\\\/emf-consult.com\\\/nettbutikk\\\/#organization\"},\"potentialAction\":[{\"@type\":\"SearchAction\",\"target\":{\"@type\":\"EntryPoint\",\"urlTemplate\":\"https:\\\/\\\/emf-consult.com\\\/nettbutikk\\\/?s={search_term_string}\"},\"query-input\":{\"@type\":\"PropertyValueSpecification\",\"valueRequired\":true,\"valueName\":\"search_term_string\"}}],\"inLanguage\":\"nb-NO\"},{\"@type\":\"Organization\",\"@id\":\"https:\\\/\\\/emf-consult.com\\\/nettbutikk\\\/#organization\",\"name\":\"EMF Consult AS\",\"url\":\"https:\\\/\\\/emf-consult.com\\\/nettbutikk\\\/\",\"logo\":{\"@type\":\"ImageObject\",\"inLanguage\":\"nb-NO\",\"@id\":\"https:\\\/\\\/emf-consult.com\\\/nettbutikk\\\/#\\\/schema\\\/logo\\\/image\\\/\",\"url\":\"https:\\\/\\\/emf-consult.com\\\/nettbutikk\\\/wp-content\\\/uploads\\\/2022\\\/07\\\/cropped-Favikon-rod-e1658786300694.png\",\"contentUrl\":\"https:\\\/\\\/emf-consult.com\\\/nettbutikk\\\/wp-content\\\/uploads\\\/2022\\\/07\\\/cropped-Favikon-rod-e1658786300694.png\",\"width\":150,\"height\":150,\"caption\":\"EMF Consult AS\"},\"image\":{\"@id\":\"https:\\\/\\\/emf-consult.com\\\/nettbutikk\\\/#\\\/schema\\\/logo\\\/image\\\/\"},\"sameAs\":[\"https:\\\/\\\/www.facebook.com\\\/emfconsult\",\"https:\\\/\\\/www.linkedin.com\\\/company\\\/emf-consult\\\/\"]}]}<\/script>\n<!-- \/ Yoast SEO plugin. -->","yoast_head_json":{"title":"Lightning Ethernet adapter med USB3 - EMF Consult","robots":{"index":"index","follow":"follow","max-snippet":"max-snippet:-1","max-image-preview":"max-image-preview:large","max-video-preview":"max-video-preview:-1"},"canonical":"https:\/\/emf-consult.com\/nettbutikk\/produkt\/lightning-ethernet-adapter-med-usb3\/","og_locale":"nb_NO","og_type":"article","og_title":"Lightning Ethernet adapter med USB3 - EMF Consult","og_description":"Kompatibilitet: - For i-Phone-modeller: For i-Phone Xs \/ X \/ 8\/7 Plus \/ 7 \/ 6s Plus \/ 6s \/ 6Plus \/ 6 \/ SE \/ 5s \/ 5 - For i-Pad-modeller: For i-Pad Pro \/ Air 2 \/ Air \/ mini4 \/ mini3 \/ mini2  Vennligst merk: 1. Forsikre deg om at Ethernet-kabelen er koblet til internett. 2. Bildefilene m\u00e5 lagres i navnet \"DCIM\" -mappe. Digitalkameraet kan opprette \"DCIM\" -mappe automatisk. 3. Men hvis du bruker USB-flash-disk m\u00e5 du opprette \"DCIM\" -mappe og kopiere manuelt. 4. S\u00f8rg for at USB-enhetens str\u00f8m er mindre enn 100 mah, ellers fungerer den ikke.","og_url":"https:\/\/emf-consult.com\/nettbutikk\/produkt\/lightning-ethernet-adapter-med-usb3\/","og_site_name":"EMF Consult","article_publisher":"https:\/\/www.facebook.com\/emfconsult","article_modified_time":"2026-03-18T07:19:57+00:00","og_image":[{"width":750,"height":750,"url":"https:\/\/emf-consult.com\/nettbutikk\/wp-content\/uploads\/2019\/11\/TD-PC8695_Udi8Qryy3qY_DlJ5WT1ii.webp","type":"image\/webp"}],"twitter_card":"summary_large_image","twitter_misc":{"Ansl. lesetid":"2 minutter"},"schema":{"@context":"https:\/\/schema.org","@graph":[{"@type":"WebPage","@id":"https:\/\/emf-consult.com\/nettbutikk\/produkt\/lightning-ethernet-adapter-med-usb3\/","url":"https:\/\/emf-consult.com\/nettbutikk\/produkt\/lightning-ethernet-adapter-med-usb3\/","name":"Lightning Ethernet adapter med USB3 - EMF Consult","isPartOf":{"@id":"https:\/\/emf-consult.com\/nettbutikk\/#website"},"primaryImageOfPage":{"@id":"https:\/\/emf-consult.com\/nettbutikk\/produkt\/lightning-ethernet-adapter-med-usb3\/#primaryimage"},"image":{"@id":"https:\/\/emf-consult.com\/nettbutikk\/produkt\/lightning-ethernet-adapter-med-usb3\/#primaryimage"},"thumbnailUrl":"https:\/\/emf-consult.com\/nettbutikk\/wp-content\/uploads\/2019\/11\/TD-PC8695_Udi8Qryy3qY_DlJ5WT1ii.webp","datePublished":"2019-11-26T07:14:18+00:00","dateModified":"2026-03-18T07:19:57+00:00","breadcrumb":{"@id":"https:\/\/emf-consult.com\/nettbutikk\/produkt\/lightning-ethernet-adapter-med-usb3\/#breadcrumb"},"inLanguage":"nb-NO","potentialAction":[{"@type":"ReadAction","target":["https:\/\/emf-consult.com\/nettbutikk\/produkt\/lightning-ethernet-adapter-med-usb3\/"]}]},{"@type":"ImageObject","inLanguage":"nb-NO","@id":"https:\/\/emf-consult.com\/nettbutikk\/produkt\/lightning-ethernet-adapter-med-usb3\/#primaryimage","url":"https:\/\/emf-consult.com\/nettbutikk\/wp-content\/uploads\/2019\/11\/TD-PC8695_Udi8Qryy3qY_DlJ5WT1ii.webp","contentUrl":"https:\/\/emf-consult.com\/nettbutikk\/wp-content\/uploads\/2019\/11\/TD-PC8695_Udi8Qryy3qY_DlJ5WT1ii.webp","width":750,"height":750},{"@type":"BreadcrumbList","@id":"https:\/\/emf-consult.com\/nettbutikk\/produkt\/lightning-ethernet-adapter-med-usb3\/#breadcrumb","itemListElement":[{"@type":"ListItem","position":1,"name":"Hjem","item":"https:\/\/emf-consult.com\/nettbutikk\/"},{"@type":"ListItem","position":2,"name":"Butikk","item":"https:\/\/emf-consult.com\/nettbutikk\/butikk\/"},{"@type":"ListItem","position":3,"name":"Lightning Ethernet adapter med USB3"}]},{"@type":"WebSite","@id":"https:\/\/emf-consult.com\/nettbutikk\/#website","url":"https:\/\/emf-consult.com\/nettbutikk\/","name":"EMF Consult","description":"Nettbutikk - Beskyttelse mot str\u00e5ling","publisher":{"@id":"https:\/\/emf-consult.com\/nettbutikk\/#organization"},"potentialAction":[{"@type":"SearchAction","target":{"@type":"EntryPoint","urlTemplate":"https:\/\/emf-consult.com\/nettbutikk\/?s={search_term_string}"},"query-input":{"@type":"PropertyValueSpecification","valueRequired":true,"valueName":"search_term_string"}}],"inLanguage":"nb-NO"},{"@type":"Organization","@id":"https:\/\/emf-consult.com\/nettbutikk\/#organization","name":"EMF Consult AS","url":"https:\/\/emf-consult.com\/nettbutikk\/","logo":{"@type":"ImageObject","inLanguage":"nb-NO","@id":"https:\/\/emf-consult.com\/nettbutikk\/#\/schema\/logo\/image\/","url":"https:\/\/emf-consult.com\/nettbutikk\/wp-content\/uploads\/2022\/07\/cropped-Favikon-rod-e1658786300694.png","contentUrl":"https:\/\/emf-consult.com\/nettbutikk\/wp-content\/uploads\/2022\/07\/cropped-Favikon-rod-e1658786300694.png","width":150,"height":150,"caption":"EMF Consult AS"},"image":{"@id":"https:\/\/emf-consult.com\/nettbutikk\/#\/schema\/logo\/image\/"},"sameAs":["https:\/\/www.facebook.com\/emfconsult","https:\/\/www.linkedin.com\/company\/emf-consult\/"]}]}},"_links":{"self":[{"href":"https:\/\/emf-consult.com\/nettbutikk\/wp-json\/wp\/v2\/product\/6425","targetHints":{"allow":["GET"]}}],"collection":[{"href":"https:\/\/emf-consult.com\/nettbutikk\/wp-json\/wp\/v2\/product"}],"about":[{"href":"https:\/\/emf-consult.com\/nettbutikk\/wp-json\/wp\/v2\/types\/product"}],"replies":[{"embeddable":true,"href":"https:\/\/emf-consult.com\/nettbutikk\/wp-json\/wp\/v2\/comments?post=6425"}],"wp:featuredmedia":[{"embeddable":true,"href":"https:\/\/emf-consult.com\/nettbutikk\/wp-json\/wp\/v2\/media\/15912"}],"wp:attachment":[{"href":"https:\/\/emf-consult.com\/nettbutikk\/wp-json\/wp\/v2\/media?parent=6425"}],"wp:term":[{"taxonomy":"product_brand","embeddable":true,"href":"https:\/\/emf-consult.com\/nettbutikk\/wp-json\/wp\/v2\/product_brand?post=6425"},{"taxonomy":"product_cat","embeddable":true,"href":"https:\/\/emf-consult.com\/nettbutikk\/wp-json\/wp\/v2\/product_cat?post=6425"},{"taxonomy":"product_tag","embeddable":true,"href":"https:\/\/emf-consult.com\/nettbutikk\/wp-json\/wp\/v2\/product_tag?post=6425"}],"curies":[{"name":"wp","href":"https:\/\/api.w.org\/{rel}","templated":true}]}}