{"id":636,"date":"2016-11-24T11:46:05","date_gmt":"2016-11-24T11:46:05","guid":{"rendered":"https:\/\/emfconsult.nyside.net\/nettbutikk\/produkt\/nettfilter-for-it-og-tn-16a\/"},"modified":"2026-04-15T11:03:12","modified_gmt":"2026-04-15T09:03:12","slug":"nettfilter-for-it-og-tn-16a","status":"publish","type":"product","link":"https:\/\/emf-consult.com\/nettbutikk\/produkt\/nettfilter-for-it-og-tn-16a\/","title":{"rendered":"Nettfilter for IT og TN, Alpha 5B -16A"},"content":{"rendered":"<h2 data-start=\"280\" data-end=\"343\">Bajog nettfilter \u2013 reduserer h\u00f8yfrekvent st\u00f8y p\u00e5 str\u00f8mnettet<\/h2>\n<p data-start=\"345\" data-end=\"628\">Bajog nettfilter er utviklet for \u00e5 dempe h\u00f8yfrekvent elektrisk st\u00f8y (EMI\/RFI) fra moderne elektronikk. Slike forstyrrelser oppst\u00e5r ofte fra switch-mode str\u00f8mforsyninger, dimmere, ladere, routere og annet digitalt utstyr, og kan spre seg via str\u00f8mnettet til andre apparater i hjemmet.<\/p>\n<p data-start=\"630\" data-end=\"749\">Filteret bidrar til \u00e5 redusere denne typen st\u00f8y og kan gi et roligere elektromagnetisk milj\u00f8 for elektronikk i boligen.<\/p>\n<h2 data-start=\"756\" data-end=\"773\">Bruk i hjemmet<\/h2>\n<p data-start=\"775\" data-end=\"855\">Mange velger \u00e5 bruke nettfilter for \u00e5 redusere elektrisk st\u00f8y fra apparater som:<\/p>\n<ul>\n<li data-start=\"859\" data-end=\"887\">routere og nettverksutstyr<\/li>\n<li data-start=\"890\" data-end=\"914\">TV og digitale enheter<\/li>\n<li data-start=\"917\" data-end=\"934\">PC-er og ladere<\/li>\n<li data-start=\"937\" data-end=\"960\">dimmerstyrt belysning<\/li>\n<li data-start=\"963\" data-end=\"1020\">annet elektronisk utstyr med switch-mode str\u00f8mforsyning<\/li>\n<\/ul>\n<p data-start=\"1022\" data-end=\"1126\">Ved \u00e5 dempe st\u00f8y fra slike kilder kan man bidra til et mer stabilt str\u00f8mnett for annet utstyr i hjemmet.<\/p>\n<h2 data-start=\"1133\" data-end=\"1156\">Bruk Bajog i hi-fi-oppsett<\/h2>\n<p data-start=\"1158\" data-end=\"1439\">I hi-fi-milj\u00f8er brukes nettfilter ofte for \u00e5 begrense elektrisk st\u00f8y fra digitale st\u00f8ykilder i n\u00e6rheten av lydanlegget. Mange entusiaster velger derfor \u00e5 bruke filteret <strong data-start=\"1327\" data-end=\"1345\">p\u00e5 st\u00f8ykildene<\/strong> \u2013 som routere, TV, switcher, PC-utstyr eller ladere \u2013 slik at st\u00f8yen stoppes der den oppst\u00e5r.<\/p>\n<p data-start=\"1441\" data-end=\"1804\">P\u00e5 den m\u00e5ten kan man redusere elektrisk st\u00f8y i str\u00f8mnettet uten \u00e5 plassere filteret direkte mellom str\u00f8muttak og effektforsterkere eller annet str\u00f8msterkt hi-fi-utstyr. Enkelte hi-fi-entusiaster mener at filtre i str\u00f8mveien til kraftige forsterkere i noen oppsett kan p\u00e5virke str\u00f8mleveransen og dermed dynamikken, og velger derfor \u00e5 filtrere st\u00f8ykildene i stedet.<\/p>\n<p style=\"padding-left: 40px;\" data-start=\"206\" data-end=\"263\">\u2b50 \u2b50 \u2b50 \u2b50 \u2b50<br data-start=\"215\" data-end=\"218\" \/><strong data-start=\"218\" data-end=\"263\">Erfaring fra hi-fi-forum (HiFiSentralen):<\/strong><\/p>\n<p style=\"padding-left: 40px;\" data-start=\"265\" data-end=\"447\">\u00abHos meg demper den m\u00e5lbart mer h\u00f8yfrekvent st\u00f8y enn Isotek Isoplug, Aquarius, Polaris, Venus og Kemp Electronics SNS plug.\u00bb<br data-start=\"389\" data-end=\"392\" \/>\u2014 fra diskusjon om dedikert str\u00f8mlinje til hi-fi-anlegg<\/p>\n<p style=\"padding-left: 40px;\" data-start=\"449\" data-end=\"644\">\u00abDet demper kj\u00f8leskap-, vaskemaskin- og lysdimmerst\u00f8y hos meg. Og den demper st\u00f8yen p\u00e5 nabokontakter ogs\u00e5, dvs. hele kursen den st\u00e5r p\u00e5.\u00bb<br data-start=\"586\" data-end=\"589\" \/>\u2014 fra diskusjon om dedikert str\u00f8mlinje til hi-fi-anlegg<\/p>\n<p style=\"padding-left: 40px;\" data-start=\"646\" data-end=\"757\">\u00abSt\u00f8ymeteret viser mye mer st\u00f8y om jeg ikke har Bajog i veggkontakten.\u00bb<br data-start=\"717\" data-end=\"720\" \/>\u2014 fra diskusjon om m\u00e5ling av nettst\u00f8y<\/p>\n<p style=\"padding-left: 40px;\" data-start=\"759\" data-end=\"864\">\u00abAlt er bedre; mer og bedre bass, trykk, dynamikk, detaljer osv.\u00bb<br data-start=\"824\" data-end=\"827\" \/>\u2014 fra diskusjon om m\u00e5ling av nettst\u00f8y<\/p>\n<p style=\"padding-left: 40px;\" data-start=\"866\" data-end=\"919\"><em data-start=\"866\" data-end=\"919\">Kilde: innlegg p\u00e5 HiFiSentralen (norsk hi-fi-forum)<\/em><\/p>\n<p data-start=\"1811\" data-end=\"1914\">\u2714 Enkel installasjon<br data-start=\"1831\" data-end=\"1834\" \/>\u2714 Klassisk EMI\/RFI-nettfilter<br data-start=\"1863\" data-end=\"1866\" \/>\u2714 Egnet b\u00e5de i vanlige hjem og i hi-fi-milj\u00f8er<\/p>\n","protected":false},"excerpt":{"rendered":"<p>Nettfilter som fungerer b\u00e5de for for IT og TN<br \/>\n250V\/16A<br \/>\nFiltrere fra &lt;10kHz til &gt;30MHz<br \/>\nFiltrere b\u00e5de common mode og differensial mode st\u00f8y<br \/>\nDimensjon: (BxHxL) : 65 x 55 x 120mm<br \/>\nDrifts temperatur: -10C til +40C<\/p>\n","protected":false},"featured_media":12381,"comment_status":"open","ping_status":"closed","template":"","meta":[],"product_brand":[],"product_cat":[23,27],"product_tag":[],"class_list":{"0":"post-636","1":"product","2":"type-product","3":"status-publish","4":"has-post-thumbnail","6":"product_cat-el-installasjon","7":"product_cat-skjermingsmateriell","9":"first","10":"instock","11":"taxable","12":"shipping-taxable","13":"purchasable","14":"product-type-simple"},"yoast_head":"<!-- This site is optimized with the Yoast SEO plugin v27.5 - https:\/\/yoast.com\/product\/yoast-seo-wordpress\/ -->\n<title>ajog nettfilter | Reduser EMI\/RFI st\u00f8y i str\u00f8mnettet<\/title>\n<meta name=\"description\" content=\"Bajog nettfilter reduserer h\u00f8yfrekvent EMI\/RFI-st\u00f8y fra moderne elektronikk. Enkel installasjon og egnet b\u00e5de i hjem og hi-fi-oppsett.\" \/>\n<meta name=\"robots\" content=\"index, follow, max-snippet:-1, max-image-preview:large, max-video-preview:-1\" \/>\n<link rel=\"canonical\" href=\"https:\/\/emf-consult.com\/nettbutikk\/produkt\/nettfilter-for-it-og-tn-16a\/\" \/>\n<meta property=\"og:locale\" content=\"nb_NO\" \/>\n<meta property=\"og:type\" content=\"article\" \/>\n<meta property=\"og:title\" content=\"ajog nettfilter | Reduser EMI\/RFI st\u00f8y i str\u00f8mnettet\" \/>\n<meta property=\"og:description\" content=\"Bajog nettfilter reduserer h\u00f8yfrekvent EMI\/RFI-st\u00f8y fra moderne elektronikk. Enkel installasjon og egnet b\u00e5de i hjem og hi-fi-oppsett.\" \/>\n<meta property=\"og:url\" content=\"https:\/\/emf-consult.com\/nettbutikk\/produkt\/nettfilter-for-it-og-tn-16a\/\" \/>\n<meta property=\"og:site_name\" content=\"EMF Consult\" \/>\n<meta property=\"article:publisher\" content=\"https:\/\/www.facebook.com\/emfconsult\" \/>\n<meta property=\"article:modified_time\" content=\"2026-04-15T09:03:12+00:00\" \/>\n<meta property=\"og:image\" content=\"https:\/\/emf-consult.com\/nettbutikk\/wp-content\/uploads\/2016\/11\/4765-filter-mod-beskidt-stroem-dirty-electricity-filter-bajog-hf-01-1-2.jpg\" \/>\n\t<meta property=\"og:image:width\" content=\"2037\" \/>\n\t<meta property=\"og:image:height\" content=\"2037\" \/>\n\t<meta property=\"og:image:type\" content=\"image\/jpeg\" \/>\n<meta name=\"twitter:card\" content=\"summary_large_image\" \/>\n<meta name=\"twitter:label1\" content=\"Ansl. lesetid\" \/>\n\t<meta name=\"twitter:data1\" content=\"3 minutter\" \/>\n<script type=\"application\/ld+json\" class=\"yoast-schema-graph\">{\"@context\":\"https:\\\/\\\/schema.org\",\"@graph\":[{\"@type\":\"WebPage\",\"@id\":\"https:\\\/\\\/emf-consult.com\\\/nettbutikk\\\/produkt\\\/nettfilter-for-it-og-tn-16a\\\/\",\"url\":\"https:\\\/\\\/emf-consult.com\\\/nettbutikk\\\/produkt\\\/nettfilter-for-it-og-tn-16a\\\/\",\"name\":\"ajog nettfilter | Reduser EMI\\\/RFI st\u00f8y i str\u00f8mnettet\",\"isPartOf\":{\"@id\":\"https:\\\/\\\/emf-consult.com\\\/nettbutikk\\\/#website\"},\"primaryImageOfPage\":{\"@id\":\"https:\\\/\\\/emf-consult.com\\\/nettbutikk\\\/produkt\\\/nettfilter-for-it-og-tn-16a\\\/#primaryimage\"},\"image\":{\"@id\":\"https:\\\/\\\/emf-consult.com\\\/nettbutikk\\\/produkt\\\/nettfilter-for-it-og-tn-16a\\\/#primaryimage\"},\"thumbnailUrl\":\"https:\\\/\\\/emf-consult.com\\\/nettbutikk\\\/wp-content\\\/uploads\\\/2016\\\/11\\\/4765-filter-mod-beskidt-stroem-dirty-electricity-filter-bajog-hf-01-1-2.jpg\",\"datePublished\":\"2016-11-24T11:46:05+00:00\",\"dateModified\":\"2026-04-15T09:03:12+00:00\",\"description\":\"Bajog nettfilter reduserer h\u00f8yfrekvent EMI\\\/RFI-st\u00f8y fra moderne elektronikk. Enkel installasjon og egnet b\u00e5de i hjem og hi-fi-oppsett.\",\"breadcrumb\":{\"@id\":\"https:\\\/\\\/emf-consult.com\\\/nettbutikk\\\/produkt\\\/nettfilter-for-it-og-tn-16a\\\/#breadcrumb\"},\"inLanguage\":\"nb-NO\",\"potentialAction\":[{\"@type\":\"ReadAction\",\"target\":[\"https:\\\/\\\/emf-consult.com\\\/nettbutikk\\\/produkt\\\/nettfilter-for-it-og-tn-16a\\\/\"]}]},{\"@type\":\"ImageObject\",\"inLanguage\":\"nb-NO\",\"@id\":\"https:\\\/\\\/emf-consult.com\\\/nettbutikk\\\/produkt\\\/nettfilter-for-it-og-tn-16a\\\/#primaryimage\",\"url\":\"https:\\\/\\\/emf-consult.com\\\/nettbutikk\\\/wp-content\\\/uploads\\\/2016\\\/11\\\/4765-filter-mod-beskidt-stroem-dirty-electricity-filter-bajog-hf-01-1-2.jpg\",\"contentUrl\":\"https:\\\/\\\/emf-consult.com\\\/nettbutikk\\\/wp-content\\\/uploads\\\/2016\\\/11\\\/4765-filter-mod-beskidt-stroem-dirty-electricity-filter-bajog-hf-01-1-2.jpg\",\"width\":2037,\"height\":2037},{\"@type\":\"BreadcrumbList\",\"@id\":\"https:\\\/\\\/emf-consult.com\\\/nettbutikk\\\/produkt\\\/nettfilter-for-it-og-tn-16a\\\/#breadcrumb\",\"itemListElement\":[{\"@type\":\"ListItem\",\"position\":1,\"name\":\"Hjem\",\"item\":\"https:\\\/\\\/emf-consult.com\\\/nettbutikk\\\/\"},{\"@type\":\"ListItem\",\"position\":2,\"name\":\"Butikk\",\"item\":\"https:\\\/\\\/emf-consult.com\\\/nettbutikk\\\/butikk\\\/\"},{\"@type\":\"ListItem\",\"position\":3,\"name\":\"Nettfilter for IT og TN, Alpha 5B -16A\"}]},{\"@type\":\"WebSite\",\"@id\":\"https:\\\/\\\/emf-consult.com\\\/nettbutikk\\\/#website\",\"url\":\"https:\\\/\\\/emf-consult.com\\\/nettbutikk\\\/\",\"name\":\"EMF Consult\",\"description\":\"Nettbutikk - Beskyttelse mot str\u00e5ling\",\"publisher\":{\"@id\":\"https:\\\/\\\/emf-consult.com\\\/nettbutikk\\\/#organization\"},\"potentialAction\":[{\"@type\":\"SearchAction\",\"target\":{\"@type\":\"EntryPoint\",\"urlTemplate\":\"https:\\\/\\\/emf-consult.com\\\/nettbutikk\\\/?s={search_term_string}\"},\"query-input\":{\"@type\":\"PropertyValueSpecification\",\"valueRequired\":true,\"valueName\":\"search_term_string\"}}],\"inLanguage\":\"nb-NO\"},{\"@type\":\"Organization\",\"@id\":\"https:\\\/\\\/emf-consult.com\\\/nettbutikk\\\/#organization\",\"name\":\"EMF Consult AS\",\"url\":\"https:\\\/\\\/emf-consult.com\\\/nettbutikk\\\/\",\"logo\":{\"@type\":\"ImageObject\",\"inLanguage\":\"nb-NO\",\"@id\":\"https:\\\/\\\/emf-consult.com\\\/nettbutikk\\\/#\\\/schema\\\/logo\\\/image\\\/\",\"url\":\"https:\\\/\\\/emf-consult.com\\\/nettbutikk\\\/wp-content\\\/uploads\\\/2022\\\/07\\\/cropped-Favikon-rod-e1658786300694.png\",\"contentUrl\":\"https:\\\/\\\/emf-consult.com\\\/nettbutikk\\\/wp-content\\\/uploads\\\/2022\\\/07\\\/cropped-Favikon-rod-e1658786300694.png\",\"width\":150,\"height\":150,\"caption\":\"EMF Consult AS\"},\"image\":{\"@id\":\"https:\\\/\\\/emf-consult.com\\\/nettbutikk\\\/#\\\/schema\\\/logo\\\/image\\\/\"},\"sameAs\":[\"https:\\\/\\\/www.facebook.com\\\/emfconsult\",\"https:\\\/\\\/www.linkedin.com\\\/company\\\/emf-consult\\\/\"]}]}<\/script>\n<!-- \/ Yoast SEO plugin. -->","yoast_head_json":{"title":"ajog nettfilter | Reduser EMI\/RFI st\u00f8y i str\u00f8mnettet","description":"Bajog nettfilter reduserer h\u00f8yfrekvent EMI\/RFI-st\u00f8y fra moderne elektronikk. Enkel installasjon og egnet b\u00e5de i hjem og hi-fi-oppsett.","robots":{"index":"index","follow":"follow","max-snippet":"max-snippet:-1","max-image-preview":"max-image-preview:large","max-video-preview":"max-video-preview:-1"},"canonical":"https:\/\/emf-consult.com\/nettbutikk\/produkt\/nettfilter-for-it-og-tn-16a\/","og_locale":"nb_NO","og_type":"article","og_title":"ajog nettfilter | Reduser EMI\/RFI st\u00f8y i str\u00f8mnettet","og_description":"Bajog nettfilter reduserer h\u00f8yfrekvent EMI\/RFI-st\u00f8y fra moderne elektronikk. Enkel installasjon og egnet b\u00e5de i hjem og hi-fi-oppsett.","og_url":"https:\/\/emf-consult.com\/nettbutikk\/produkt\/nettfilter-for-it-og-tn-16a\/","og_site_name":"EMF Consult","article_publisher":"https:\/\/www.facebook.com\/emfconsult","article_modified_time":"2026-04-15T09:03:12+00:00","og_image":[{"width":2037,"height":2037,"url":"https:\/\/emf-consult.com\/nettbutikk\/wp-content\/uploads\/2016\/11\/4765-filter-mod-beskidt-stroem-dirty-electricity-filter-bajog-hf-01-1-2.jpg","type":"image\/jpeg"}],"twitter_card":"summary_large_image","twitter_misc":{"Ansl. lesetid":"3 minutter"},"schema":{"@context":"https:\/\/schema.org","@graph":[{"@type":"WebPage","@id":"https:\/\/emf-consult.com\/nettbutikk\/produkt\/nettfilter-for-it-og-tn-16a\/","url":"https:\/\/emf-consult.com\/nettbutikk\/produkt\/nettfilter-for-it-og-tn-16a\/","name":"ajog nettfilter | Reduser EMI\/RFI st\u00f8y i str\u00f8mnettet","isPartOf":{"@id":"https:\/\/emf-consult.com\/nettbutikk\/#website"},"primaryImageOfPage":{"@id":"https:\/\/emf-consult.com\/nettbutikk\/produkt\/nettfilter-for-it-og-tn-16a\/#primaryimage"},"image":{"@id":"https:\/\/emf-consult.com\/nettbutikk\/produkt\/nettfilter-for-it-og-tn-16a\/#primaryimage"},"thumbnailUrl":"https:\/\/emf-consult.com\/nettbutikk\/wp-content\/uploads\/2016\/11\/4765-filter-mod-beskidt-stroem-dirty-electricity-filter-bajog-hf-01-1-2.jpg","datePublished":"2016-11-24T11:46:05+00:00","dateModified":"2026-04-15T09:03:12+00:00","description":"Bajog nettfilter reduserer h\u00f8yfrekvent EMI\/RFI-st\u00f8y fra moderne elektronikk. Enkel installasjon og egnet b\u00e5de i hjem og hi-fi-oppsett.","breadcrumb":{"@id":"https:\/\/emf-consult.com\/nettbutikk\/produkt\/nettfilter-for-it-og-tn-16a\/#breadcrumb"},"inLanguage":"nb-NO","potentialAction":[{"@type":"ReadAction","target":["https:\/\/emf-consult.com\/nettbutikk\/produkt\/nettfilter-for-it-og-tn-16a\/"]}]},{"@type":"ImageObject","inLanguage":"nb-NO","@id":"https:\/\/emf-consult.com\/nettbutikk\/produkt\/nettfilter-for-it-og-tn-16a\/#primaryimage","url":"https:\/\/emf-consult.com\/nettbutikk\/wp-content\/uploads\/2016\/11\/4765-filter-mod-beskidt-stroem-dirty-electricity-filter-bajog-hf-01-1-2.jpg","contentUrl":"https:\/\/emf-consult.com\/nettbutikk\/wp-content\/uploads\/2016\/11\/4765-filter-mod-beskidt-stroem-dirty-electricity-filter-bajog-hf-01-1-2.jpg","width":2037,"height":2037},{"@type":"BreadcrumbList","@id":"https:\/\/emf-consult.com\/nettbutikk\/produkt\/nettfilter-for-it-og-tn-16a\/#breadcrumb","itemListElement":[{"@type":"ListItem","position":1,"name":"Hjem","item":"https:\/\/emf-consult.com\/nettbutikk\/"},{"@type":"ListItem","position":2,"name":"Butikk","item":"https:\/\/emf-consult.com\/nettbutikk\/butikk\/"},{"@type":"ListItem","position":3,"name":"Nettfilter for IT og TN, Alpha 5B -16A"}]},{"@type":"WebSite","@id":"https:\/\/emf-consult.com\/nettbutikk\/#website","url":"https:\/\/emf-consult.com\/nettbutikk\/","name":"EMF Consult","description":"Nettbutikk - Beskyttelse mot str\u00e5ling","publisher":{"@id":"https:\/\/emf-consult.com\/nettbutikk\/#organization"},"potentialAction":[{"@type":"SearchAction","target":{"@type":"EntryPoint","urlTemplate":"https:\/\/emf-consult.com\/nettbutikk\/?s={search_term_string}"},"query-input":{"@type":"PropertyValueSpecification","valueRequired":true,"valueName":"search_term_string"}}],"inLanguage":"nb-NO"},{"@type":"Organization","@id":"https:\/\/emf-consult.com\/nettbutikk\/#organization","name":"EMF Consult AS","url":"https:\/\/emf-consult.com\/nettbutikk\/","logo":{"@type":"ImageObject","inLanguage":"nb-NO","@id":"https:\/\/emf-consult.com\/nettbutikk\/#\/schema\/logo\/image\/","url":"https:\/\/emf-consult.com\/nettbutikk\/wp-content\/uploads\/2022\/07\/cropped-Favikon-rod-e1658786300694.png","contentUrl":"https:\/\/emf-consult.com\/nettbutikk\/wp-content\/uploads\/2022\/07\/cropped-Favikon-rod-e1658786300694.png","width":150,"height":150,"caption":"EMF Consult AS"},"image":{"@id":"https:\/\/emf-consult.com\/nettbutikk\/#\/schema\/logo\/image\/"},"sameAs":["https:\/\/www.facebook.com\/emfconsult","https:\/\/www.linkedin.com\/company\/emf-consult\/"]}]}},"_links":{"self":[{"href":"https:\/\/emf-consult.com\/nettbutikk\/wp-json\/wp\/v2\/product\/636","targetHints":{"allow":["GET"]}}],"collection":[{"href":"https:\/\/emf-consult.com\/nettbutikk\/wp-json\/wp\/v2\/product"}],"about":[{"href":"https:\/\/emf-consult.com\/nettbutikk\/wp-json\/wp\/v2\/types\/product"}],"replies":[{"embeddable":true,"href":"https:\/\/emf-consult.com\/nettbutikk\/wp-json\/wp\/v2\/comments?post=636"}],"wp:featuredmedia":[{"embeddable":true,"href":"https:\/\/emf-consult.com\/nettbutikk\/wp-json\/wp\/v2\/media\/12381"}],"wp:attachment":[{"href":"https:\/\/emf-consult.com\/nettbutikk\/wp-json\/wp\/v2\/media?parent=636"}],"wp:term":[{"taxonomy":"product_brand","embeddable":true,"href":"https:\/\/emf-consult.com\/nettbutikk\/wp-json\/wp\/v2\/product_brand?post=636"},{"taxonomy":"product_cat","embeddable":true,"href":"https:\/\/emf-consult.com\/nettbutikk\/wp-json\/wp\/v2\/product_cat?post=636"},{"taxonomy":"product_tag","embeddable":true,"href":"https:\/\/emf-consult.com\/nettbutikk\/wp-json\/wp\/v2\/product_tag?post=636"}],"curies":[{"name":"wp","href":"https:\/\/api.w.org\/{rel}","templated":true}]}}