{"id":6291,"date":"2019-11-25T13:48:19","date_gmt":"2019-11-25T12:48:19","guid":{"rendered":"https:\/\/emfconsult.nyside.net\/nettbutikk\/?post_type=product&#038;p=6291"},"modified":"2026-04-09T12:49:12","modified_gmt":"2026-04-09T10:49:12","slug":"baldakin-silver-tulle-pyramideform","status":"publish","type":"product","link":"https:\/\/emf-consult.com\/nettbutikk\/produkt\/baldakin-silver-tulle-pyramideform\/","title":{"rendered":"Baldakin SILVER-TULLE &#8211; Pyramideform"},"content":{"rendered":"<p>SILVER-TULLE er den av v\u00e5re baldakiner som gir best reduksjon og beskyttelse mot h\u00f8y-frekvens (HF) str\u00e5ling og lav-frekvens felt (LF). Demper HF str\u00e5ling med 48db (99,999%) ved 1GHz<\/p>\n<p>Pyramideformet for enkeltseng, st\u00f8rrelse: Omkrets\u00a0i bunn 1150 cm x H240 cm.<\/p>\n<p>Inngangene p\u00e5 baldakin best\u00e5r av to overlappende \u00e5pninger p\u00e5 50 cm.<\/p>\n<p>SILVER-TULLE er halv-transparent og slipper inn godt med lys<\/p>\n<ul>\n<li>Et lett og luftig stoff med noe glans<\/li>\n<li>Puster godt og er mykt og behagelig<\/li>\n<li>Tekstilegenskaper: Vaskbart, lett \u00e5\u00a0bearbeide<\/li>\n<li>Meget h\u00f8y kvalitet<\/li>\n<\/ul>\n<p>Montering:<\/p>\n<ul>\n<li>Pyramideformet baldakin festet med ett punkt i tak. For \u00e5 f\u00e5 litt mer &#8220;luft&#8221; inne i baldakinen f\u00f8lger det med en glassfiber-ring (3 delt) som monteres inne i baldakinen. Oppheng og snorer medf\u00f8lger.<\/li>\n<li>Heng baldakin midt over sengen og juster h\u00f8yde slik at stoffet n\u00e5r ned til gulvet p\u00e5 endene av sengen. Avhengig av bredden p\u00e5 seng vil det p\u00e5 grunn av baldakinenes pyramideform bli liggende noe mer stoff p\u00e5 gulvet p\u00e5 langsiden av sengen. Dette kan man om \u00f8nskelig fjerne dersom man synes at det ligger i veien ved inn- og utstigning av sengen.<\/li>\n<\/ul>\n<p>SILVER-TULLE kan\u00a0jordes\u00a0og skjermer for elektriske felt. Jordingsutstyr bestilles separate.<\/p>\n<p><img decoding=\"async\" src=\"\/nettbutikk\/wp-content\/uploads\/2019\/11\/Jording-av-baldakin-1.png\" \/><\/p>\n<p>&nbsp;<\/p>\n<p><em>Baldakiner er bestillingsvare som sys p\u00e5 bestilling. Bestillingsvarer leveres normalt innen 7-14 dager etter mottatt betaling.<\/em><br \/>\n<em>Ang\u00e5ende angrerett; v\u00e6r oppmerksom p\u00e5 at av hygiene\u00e5rsaker tas kun ubrukte baldakiner i retur.<\/em><\/p>\n","protected":false},"excerpt":{"rendered":"<ul>\n<li>Farge: S\u00f8lv-beige<\/li>\n<li>Demping: 48 dB ved 1 GHz<\/li>\n<li>Materialer: 80% nylon, <strong>20%s\u00f8lv<\/strong><\/li>\n<li>Overflate ledningsvne 0,8 ohm\/tomme<\/li>\n<\/ul>\n<p>Vaskes forsiktig p\u00e5\u00a030\u00b0C,\u00a0M\u00e5 ikke strykes eller\u00a0tr\u00f8kes i t\u00f8rketrommel,\u00a0T\u00f8rkes p\u00e5 lav temperature, M\u00e5 ikke blekes.<\/p>\n<p><strong>For allergikere:<\/strong> Nye stoffer kan lukte noe, vi anbefaler derfor at du vasker stoffet f\u00f8r bruk!<\/p>\n<p><strong>MERK:<\/strong> Stoffer som inneholder s\u00f8lv vil kunne misfarges over tid. Dette er en naturlig oksideringsprosess som er vanlig for stoffer inneholdende s\u00f8lv og noen ganger leveres nye produkter med slike misfarginger. Denne misfargingen har ingen negative effect p\u00e5 skjermingen og er ikke \u00e5 anse som kvalitets avvik.<\/p>\n","protected":false},"featured_media":13870,"comment_status":"open","ping_status":"closed","template":"","meta":[],"product_brand":[],"product_cat":[45],"product_tag":[99,100,101,102,103],"class_list":{"0":"post-6291","1":"product","2":"type-product","3":"status-publish","4":"has-post-thumbnail","6":"product_cat-baldakiner-soveposer","7":"product_tag-skjerming","8":"product_tag-soverom","9":"product_tag-sovn","10":"product_tag-sovnkvalitet","11":"product_tag-straling","13":"first","14":"onbackorder","15":"taxable","16":"shipping-taxable","17":"purchasable","18":"product-type-simple"},"yoast_head":"<!-- This site is optimized with the Yoast SEO plugin v27.3 - https:\/\/yoast.com\/product\/yoast-seo-wordpress\/ -->\n<title>Baldakin SILVER-TULLE - Pyramideform - EMF Consult<\/title>\n<meta name=\"robots\" content=\"index, follow, max-snippet:-1, max-image-preview:large, max-video-preview:-1\" \/>\n<link rel=\"canonical\" href=\"https:\/\/emf-consult.com\/nettbutikk\/produkt\/baldakin-silver-tulle-pyramideform\/\" \/>\n<meta property=\"og:locale\" content=\"nb_NO\" \/>\n<meta property=\"og:type\" content=\"article\" \/>\n<meta property=\"og:title\" content=\"Baldakin SILVER-TULLE - Pyramideform - EMF Consult\" \/>\n<meta property=\"og:description\" content=\"Farge: S\u00f8lv-beige  Demping: 48 dB ved 1 GHz  Materialer: 80% nylon, 20%s\u00f8lv  Overflate ledningsvne 0,8 ohm\/tomme  Vaskes forsiktig p\u00e5\u00a030\u00b0C,\u00a0M\u00e5 ikke strykes eller\u00a0tr\u00f8kes i t\u00f8rketrommel,\u00a0T\u00f8rkes p\u00e5 lav temperature, M\u00e5 ikke blekes.  For allergikere: Nye stoffer kan lukte noe, vi anbefaler derfor at du vasker stoffet f\u00f8r bruk!  MERK: Stoffer som inneholder s\u00f8lv vil kunne misfarges over tid. Dette er en naturlig oksideringsprosess som er vanlig for stoffer inneholdende s\u00f8lv og noen ganger leveres nye produkter med slike misfarginger. Denne misfargingen har ingen negative effect p\u00e5 skjermingen og er ikke \u00e5 anse som kvalitets avvik.\" \/>\n<meta property=\"og:url\" content=\"https:\/\/emf-consult.com\/nettbutikk\/produkt\/baldakin-silver-tulle-pyramideform\/\" \/>\n<meta property=\"og:site_name\" content=\"EMF Consult\" \/>\n<meta property=\"article:publisher\" content=\"https:\/\/www.facebook.com\/emfconsult\" \/>\n<meta property=\"article:modified_time\" content=\"2026-04-09T10:49:12+00:00\" \/>\n<meta property=\"og:image\" content=\"https:\/\/emf-consult.com\/nettbutikk\/wp-content\/uploads\/2019\/11\/YSHIELD-BTP-1.jpg\" \/>\n\t<meta property=\"og:image:width\" content=\"1000\" \/>\n\t<meta property=\"og:image:height\" content=\"999\" \/>\n\t<meta property=\"og:image:type\" content=\"image\/jpeg\" \/>\n<meta name=\"twitter:card\" content=\"summary_large_image\" \/>\n<meta name=\"twitter:label1\" content=\"Ansl. lesetid\" \/>\n\t<meta name=\"twitter:data1\" content=\"2 minutter\" \/>\n<script type=\"application\/ld+json\" class=\"yoast-schema-graph\">{\"@context\":\"https:\\\/\\\/schema.org\",\"@graph\":[{\"@type\":\"WebPage\",\"@id\":\"https:\\\/\\\/emf-consult.com\\\/nettbutikk\\\/produkt\\\/baldakin-silver-tulle-pyramideform\\\/\",\"url\":\"https:\\\/\\\/emf-consult.com\\\/nettbutikk\\\/produkt\\\/baldakin-silver-tulle-pyramideform\\\/\",\"name\":\"Baldakin SILVER-TULLE - Pyramideform - EMF Consult\",\"isPartOf\":{\"@id\":\"https:\\\/\\\/emf-consult.com\\\/nettbutikk\\\/#website\"},\"primaryImageOfPage\":{\"@id\":\"https:\\\/\\\/emf-consult.com\\\/nettbutikk\\\/produkt\\\/baldakin-silver-tulle-pyramideform\\\/#primaryimage\"},\"image\":{\"@id\":\"https:\\\/\\\/emf-consult.com\\\/nettbutikk\\\/produkt\\\/baldakin-silver-tulle-pyramideform\\\/#primaryimage\"},\"thumbnailUrl\":\"https:\\\/\\\/emf-consult.com\\\/nettbutikk\\\/wp-content\\\/uploads\\\/2019\\\/11\\\/YSHIELD-BTP-1.jpg\",\"datePublished\":\"2019-11-25T12:48:19+00:00\",\"dateModified\":\"2026-04-09T10:49:12+00:00\",\"breadcrumb\":{\"@id\":\"https:\\\/\\\/emf-consult.com\\\/nettbutikk\\\/produkt\\\/baldakin-silver-tulle-pyramideform\\\/#breadcrumb\"},\"inLanguage\":\"nb-NO\",\"potentialAction\":[{\"@type\":\"ReadAction\",\"target\":[\"https:\\\/\\\/emf-consult.com\\\/nettbutikk\\\/produkt\\\/baldakin-silver-tulle-pyramideform\\\/\"]}]},{\"@type\":\"ImageObject\",\"inLanguage\":\"nb-NO\",\"@id\":\"https:\\\/\\\/emf-consult.com\\\/nettbutikk\\\/produkt\\\/baldakin-silver-tulle-pyramideform\\\/#primaryimage\",\"url\":\"https:\\\/\\\/emf-consult.com\\\/nettbutikk\\\/wp-content\\\/uploads\\\/2019\\\/11\\\/YSHIELD-BTP-1.jpg\",\"contentUrl\":\"https:\\\/\\\/emf-consult.com\\\/nettbutikk\\\/wp-content\\\/uploads\\\/2019\\\/11\\\/YSHIELD-BTP-1.jpg\",\"width\":1000,\"height\":999},{\"@type\":\"BreadcrumbList\",\"@id\":\"https:\\\/\\\/emf-consult.com\\\/nettbutikk\\\/produkt\\\/baldakin-silver-tulle-pyramideform\\\/#breadcrumb\",\"itemListElement\":[{\"@type\":\"ListItem\",\"position\":1,\"name\":\"Hjem\",\"item\":\"https:\\\/\\\/emf-consult.com\\\/nettbutikk\\\/\"},{\"@type\":\"ListItem\",\"position\":2,\"name\":\"Butikk\",\"item\":\"https:\\\/\\\/emf-consult.com\\\/nettbutikk\\\/butikk\\\/\"},{\"@type\":\"ListItem\",\"position\":3,\"name\":\"Baldakin SILVER-TULLE &#8211; Pyramideform\"}]},{\"@type\":\"WebSite\",\"@id\":\"https:\\\/\\\/emf-consult.com\\\/nettbutikk\\\/#website\",\"url\":\"https:\\\/\\\/emf-consult.com\\\/nettbutikk\\\/\",\"name\":\"EMF Consult\",\"description\":\"Nettbutikk - Beskyttelse mot str\u00e5ling\",\"publisher\":{\"@id\":\"https:\\\/\\\/emf-consult.com\\\/nettbutikk\\\/#organization\"},\"potentialAction\":[{\"@type\":\"SearchAction\",\"target\":{\"@type\":\"EntryPoint\",\"urlTemplate\":\"https:\\\/\\\/emf-consult.com\\\/nettbutikk\\\/?s={search_term_string}\"},\"query-input\":{\"@type\":\"PropertyValueSpecification\",\"valueRequired\":true,\"valueName\":\"search_term_string\"}}],\"inLanguage\":\"nb-NO\"},{\"@type\":\"Organization\",\"@id\":\"https:\\\/\\\/emf-consult.com\\\/nettbutikk\\\/#organization\",\"name\":\"EMF Consult AS\",\"url\":\"https:\\\/\\\/emf-consult.com\\\/nettbutikk\\\/\",\"logo\":{\"@type\":\"ImageObject\",\"inLanguage\":\"nb-NO\",\"@id\":\"https:\\\/\\\/emf-consult.com\\\/nettbutikk\\\/#\\\/schema\\\/logo\\\/image\\\/\",\"url\":\"https:\\\/\\\/emf-consult.com\\\/nettbutikk\\\/wp-content\\\/uploads\\\/2022\\\/07\\\/cropped-Favikon-rod-e1658786300694.png\",\"contentUrl\":\"https:\\\/\\\/emf-consult.com\\\/nettbutikk\\\/wp-content\\\/uploads\\\/2022\\\/07\\\/cropped-Favikon-rod-e1658786300694.png\",\"width\":150,\"height\":150,\"caption\":\"EMF Consult AS\"},\"image\":{\"@id\":\"https:\\\/\\\/emf-consult.com\\\/nettbutikk\\\/#\\\/schema\\\/logo\\\/image\\\/\"},\"sameAs\":[\"https:\\\/\\\/www.facebook.com\\\/emfconsult\",\"https:\\\/\\\/www.linkedin.com\\\/company\\\/emf-consult\\\/\"]}]}<\/script>\n<!-- \/ Yoast SEO plugin. -->","yoast_head_json":{"title":"Baldakin SILVER-TULLE - Pyramideform - EMF Consult","robots":{"index":"index","follow":"follow","max-snippet":"max-snippet:-1","max-image-preview":"max-image-preview:large","max-video-preview":"max-video-preview:-1"},"canonical":"https:\/\/emf-consult.com\/nettbutikk\/produkt\/baldakin-silver-tulle-pyramideform\/","og_locale":"nb_NO","og_type":"article","og_title":"Baldakin SILVER-TULLE - Pyramideform - EMF Consult","og_description":"Farge: S\u00f8lv-beige  Demping: 48 dB ved 1 GHz  Materialer: 80% nylon, 20%s\u00f8lv  Overflate ledningsvne 0,8 ohm\/tomme  Vaskes forsiktig p\u00e5\u00a030\u00b0C,\u00a0M\u00e5 ikke strykes eller\u00a0tr\u00f8kes i t\u00f8rketrommel,\u00a0T\u00f8rkes p\u00e5 lav temperature, M\u00e5 ikke blekes.  For allergikere: Nye stoffer kan lukte noe, vi anbefaler derfor at du vasker stoffet f\u00f8r bruk!  MERK: Stoffer som inneholder s\u00f8lv vil kunne misfarges over tid. Dette er en naturlig oksideringsprosess som er vanlig for stoffer inneholdende s\u00f8lv og noen ganger leveres nye produkter med slike misfarginger. Denne misfargingen har ingen negative effect p\u00e5 skjermingen og er ikke \u00e5 anse som kvalitets avvik.","og_url":"https:\/\/emf-consult.com\/nettbutikk\/produkt\/baldakin-silver-tulle-pyramideform\/","og_site_name":"EMF Consult","article_publisher":"https:\/\/www.facebook.com\/emfconsult","article_modified_time":"2026-04-09T10:49:12+00:00","og_image":[{"width":1000,"height":999,"url":"https:\/\/emf-consult.com\/nettbutikk\/wp-content\/uploads\/2019\/11\/YSHIELD-BTP-1.jpg","type":"image\/jpeg"}],"twitter_card":"summary_large_image","twitter_misc":{"Ansl. lesetid":"2 minutter"},"schema":{"@context":"https:\/\/schema.org","@graph":[{"@type":"WebPage","@id":"https:\/\/emf-consult.com\/nettbutikk\/produkt\/baldakin-silver-tulle-pyramideform\/","url":"https:\/\/emf-consult.com\/nettbutikk\/produkt\/baldakin-silver-tulle-pyramideform\/","name":"Baldakin SILVER-TULLE - Pyramideform - EMF Consult","isPartOf":{"@id":"https:\/\/emf-consult.com\/nettbutikk\/#website"},"primaryImageOfPage":{"@id":"https:\/\/emf-consult.com\/nettbutikk\/produkt\/baldakin-silver-tulle-pyramideform\/#primaryimage"},"image":{"@id":"https:\/\/emf-consult.com\/nettbutikk\/produkt\/baldakin-silver-tulle-pyramideform\/#primaryimage"},"thumbnailUrl":"https:\/\/emf-consult.com\/nettbutikk\/wp-content\/uploads\/2019\/11\/YSHIELD-BTP-1.jpg","datePublished":"2019-11-25T12:48:19+00:00","dateModified":"2026-04-09T10:49:12+00:00","breadcrumb":{"@id":"https:\/\/emf-consult.com\/nettbutikk\/produkt\/baldakin-silver-tulle-pyramideform\/#breadcrumb"},"inLanguage":"nb-NO","potentialAction":[{"@type":"ReadAction","target":["https:\/\/emf-consult.com\/nettbutikk\/produkt\/baldakin-silver-tulle-pyramideform\/"]}]},{"@type":"ImageObject","inLanguage":"nb-NO","@id":"https:\/\/emf-consult.com\/nettbutikk\/produkt\/baldakin-silver-tulle-pyramideform\/#primaryimage","url":"https:\/\/emf-consult.com\/nettbutikk\/wp-content\/uploads\/2019\/11\/YSHIELD-BTP-1.jpg","contentUrl":"https:\/\/emf-consult.com\/nettbutikk\/wp-content\/uploads\/2019\/11\/YSHIELD-BTP-1.jpg","width":1000,"height":999},{"@type":"BreadcrumbList","@id":"https:\/\/emf-consult.com\/nettbutikk\/produkt\/baldakin-silver-tulle-pyramideform\/#breadcrumb","itemListElement":[{"@type":"ListItem","position":1,"name":"Hjem","item":"https:\/\/emf-consult.com\/nettbutikk\/"},{"@type":"ListItem","position":2,"name":"Butikk","item":"https:\/\/emf-consult.com\/nettbutikk\/butikk\/"},{"@type":"ListItem","position":3,"name":"Baldakin SILVER-TULLE &#8211; Pyramideform"}]},{"@type":"WebSite","@id":"https:\/\/emf-consult.com\/nettbutikk\/#website","url":"https:\/\/emf-consult.com\/nettbutikk\/","name":"EMF Consult","description":"Nettbutikk - Beskyttelse mot str\u00e5ling","publisher":{"@id":"https:\/\/emf-consult.com\/nettbutikk\/#organization"},"potentialAction":[{"@type":"SearchAction","target":{"@type":"EntryPoint","urlTemplate":"https:\/\/emf-consult.com\/nettbutikk\/?s={search_term_string}"},"query-input":{"@type":"PropertyValueSpecification","valueRequired":true,"valueName":"search_term_string"}}],"inLanguage":"nb-NO"},{"@type":"Organization","@id":"https:\/\/emf-consult.com\/nettbutikk\/#organization","name":"EMF Consult AS","url":"https:\/\/emf-consult.com\/nettbutikk\/","logo":{"@type":"ImageObject","inLanguage":"nb-NO","@id":"https:\/\/emf-consult.com\/nettbutikk\/#\/schema\/logo\/image\/","url":"https:\/\/emf-consult.com\/nettbutikk\/wp-content\/uploads\/2022\/07\/cropped-Favikon-rod-e1658786300694.png","contentUrl":"https:\/\/emf-consult.com\/nettbutikk\/wp-content\/uploads\/2022\/07\/cropped-Favikon-rod-e1658786300694.png","width":150,"height":150,"caption":"EMF Consult AS"},"image":{"@id":"https:\/\/emf-consult.com\/nettbutikk\/#\/schema\/logo\/image\/"},"sameAs":["https:\/\/www.facebook.com\/emfconsult","https:\/\/www.linkedin.com\/company\/emf-consult\/"]}]}},"_links":{"self":[{"href":"https:\/\/emf-consult.com\/nettbutikk\/wp-json\/wp\/v2\/product\/6291","targetHints":{"allow":["GET"]}}],"collection":[{"href":"https:\/\/emf-consult.com\/nettbutikk\/wp-json\/wp\/v2\/product"}],"about":[{"href":"https:\/\/emf-consult.com\/nettbutikk\/wp-json\/wp\/v2\/types\/product"}],"replies":[{"embeddable":true,"href":"https:\/\/emf-consult.com\/nettbutikk\/wp-json\/wp\/v2\/comments?post=6291"}],"wp:featuredmedia":[{"embeddable":true,"href":"https:\/\/emf-consult.com\/nettbutikk\/wp-json\/wp\/v2\/media\/13870"}],"wp:attachment":[{"href":"https:\/\/emf-consult.com\/nettbutikk\/wp-json\/wp\/v2\/media?parent=6291"}],"wp:term":[{"taxonomy":"product_brand","embeddable":true,"href":"https:\/\/emf-consult.com\/nettbutikk\/wp-json\/wp\/v2\/product_brand?post=6291"},{"taxonomy":"product_cat","embeddable":true,"href":"https:\/\/emf-consult.com\/nettbutikk\/wp-json\/wp\/v2\/product_cat?post=6291"},{"taxonomy":"product_tag","embeddable":true,"href":"https:\/\/emf-consult.com\/nettbutikk\/wp-json\/wp\/v2\/product_tag?post=6291"}],"curies":[{"name":"wp","href":"https:\/\/api.w.org\/{rel}","templated":true}]}}