{"id":6252,"date":"2019-11-25T12:42:02","date_gmt":"2019-11-25T12:42:02","guid":{"rendered":"https:\/\/emfconsult.nyside.net\/nettbutikk\/?post_type=product&#038;p=6252"},"modified":"2022-12-07T21:17:12","modified_gmt":"2022-12-07T20:17:12","slug":"hf-analysator-sett-hfew59bd-plus","status":"publish","type":"product","link":"https:\/\/emf-consult.com\/nettbutikk\/produkt\/hf-analysator-sett-hfew59bd-plus\/","title":{"rendered":"HF analysator sett HFEW59BD Plus"},"content":{"rendered":"<p><strong>Bruksomr\u00e5de:<\/strong><\/p>\n<p>Dette er et prisgunstig sett for profesjonell m\u00e5ling av h\u00f8yfrekvens elektromagnetiske str\u00e5ling i hjem, p\u00e5 arbeidsplassen eller i uteomr\u00e5der. Settet best\u00e5r av to analysatorer som til sammen dekker frekvensomr\u00e5det fra 27 MHz til 10 GHz. Det betyr at str\u00e5ling fra b\u00e5de n\u00f8dnett, mobilnettet, tr\u00e5dl\u00f8se telefoner og nettverk, nye tjenester i 5 GHz b\u00e5ndet og radarsignaler helt opp i 9 GHz b\u00e5ndet kan m\u00e5les. Apparatene har egen innstilling for korrekt m\u00e5ling av de nye h\u00f8yhastighet mobilnettene (UMTS og LTE) og korte radarsignaler.<\/p>\n<p>Instrumentene leveres med fire antenner, to isotrop antenne som fanger opp str\u00e5ling fra alle retninger samtidig (opp til 10 GHz) og to LogPer antenner som er egnet til retningsbestemmelse og m\u00e5ling av str\u00e5ling fra bestemte kilder. M\u00e5lesettet er egnet for krevende m\u00e5leoppgaver.<\/p>\n<p><strong>Funksjoner:<\/strong><\/p>\n<p>M\u00e5lesettet er satt sammen av de to h\u00f8yfrekvensanalysatorene HFE59B og HFW59D med tilbeh\u00f8r, alt plassert i en hendig koffert. Det henvises til egne produktark for disse analysatorene.<\/p>\n<p><strong>Spesifikasjoner:<\/strong><\/p>\n<p>Frekvensomr\u00e5de: 27 MHz til 10 GHz<\/p>\n<p>M\u00e5leomr\u00e5de:<br \/>\nEnergitetthet i str\u00e5lingen: 0,001\u2013 1 999 000 \u00b5W\/m2 (1 nanoW\/m2 \u2013 1 999 W\/m2) ved bruk av medf\u00f8lgende forsterkerelement eller dempeelement. Egen bryter for innstillig av aktuelt dempe\/forsterkerledd slik at korrekt m\u00e5leverdi kan avleses direkte p\u00e5 instrumentet \u2013 ingen omregning er n\u00f8dvendig.<\/p>\n<p>N\u00f8yaktighet: 27 MHz \u2013 3,3 GHz: \u00b1 3 dB, \u00b1 5 siffer med LogPer antenne, \u00b1 4,5 dB med isotrop antenne.<br \/>\n2,4 GHz \u2013 10 GHz: \u00b1 4,5 dB, \u00b1 5 siffer<\/p>\n<p>Antenner: 4 antenner f\u00f8lger med. To stk LogPer antenne for retningsbestemming av str\u00e5ling og to stk isotrop (rundtstr\u00e5lende) bredb\u00e5nd antenne (UBB27_G3 og UBB2410) for m\u00e5ling av total innkommende str\u00e5ling.<\/p>\n<p>Audio analyse: Akustisk signal som er proporsjonalt med feltstyrke. Signalet er demodulert slik at en kan kjenne igjen lydsignatur fra s\u00e5 som GSM, UMTS, WLAN osv.<\/p>\n<p>Signalbehandling: Kontinuerlig m\u00e5ling av toppverdi og rms-verdi av signalet, Peak hold funksjon for holde toppverdi av signalet.<\/p>\n<p>Signalutgang: AC (demodulert signal, kalibrert), DC utgang for aktuell m\u00e5leverdi.<\/p>\n<p>Str\u00f8mforsyning: 9,6 Volt NiMH oppladbart batteri (inkludert), gjennomsnittlig brukstid 7-8 timer (3-4 timer med UBB27_G3 antenne).<\/p>\n<p>Lavt batteriniv\u00e5 indikator, Auto-av funksjon, kan deaktiveres ved langtidsm\u00e5ling.<\/p>\n<p>Vekt: 2,28 kg<\/p>\n<p>Apparatet leveres komplett med f\u00f8lgende utstyr:<br \/>\nM\u00e5leinstrumener, 2 stk LogPer og 2 stk UBB isotrop antenner, h\u00f8ypassfilter HP700 (700 MHz), Forsterkerekementene HV10 (+10 dB) og HV2_2400G10 (+20 dB), Dempeledd DG20_G10 (-20 dB) som kan brukes p\u00e5 begge instrumentene, internt NiMH oppladbart batteri, batterilader, brukermanualer (engelsk) og oppbevaringskoffert i plast.<\/p>\n<p>Anbefalt tilleggsutstyr:<br \/>\nTjenestespesifikt frekvensfilter FF10.<\/p>\n","protected":false},"excerpt":{"rendered":"<p>Bruksomr\u00e5de: Dette er et prisgunstig sett for profesjonell m\u00e5ling av h\u00f8yfrekvens elektromagnetiske str\u00e5ling i hjem, p\u00e5 arbeidsplassen eller i uteomr\u00e5der.<\/p>\n","protected":false},"featured_media":6253,"comment_status":"open","ping_status":"closed","template":"","meta":[],"product_brand":[],"product_cat":[22,20],"product_tag":[],"class_list":{"0":"post-6252","1":"product","2":"type-product","3":"status-publish","4":"has-post-thumbnail","6":"product_cat-maleinstrument-pakker-lf-hf","7":"product_cat-maleinstrumenter-hf","9":"first","10":"onbackorder","11":"taxable","12":"shipping-taxable","13":"purchasable","14":"product-type-simple"},"yoast_head":"<!-- This site is optimized with the Yoast SEO plugin v27.4 - https:\/\/yoast.com\/product\/yoast-seo-wordpress\/ -->\n<title>HF analysator sett HFEW59BD Plus - EMF Consult<\/title>\n<meta name=\"robots\" content=\"index, follow, max-snippet:-1, max-image-preview:large, max-video-preview:-1\" \/>\n<link rel=\"canonical\" href=\"https:\/\/emf-consult.com\/nettbutikk\/produkt\/hf-analysator-sett-hfew59bd-plus\/\" \/>\n<meta property=\"og:locale\" content=\"nb_NO\" \/>\n<meta property=\"og:type\" content=\"article\" \/>\n<meta property=\"og:title\" content=\"HF analysator sett HFEW59BD Plus - EMF Consult\" \/>\n<meta property=\"og:description\" content=\"Bruksomr\u00e5de: Dette er et prisgunstig sett for profesjonell m\u00e5ling av h\u00f8yfrekvens elektromagnetiske str\u00e5ling i hjem, p\u00e5 arbeidsplassen eller i uteomr\u00e5der.\" \/>\n<meta property=\"og:url\" content=\"https:\/\/emf-consult.com\/nettbutikk\/produkt\/hf-analysator-sett-hfew59bd-plus\/\" \/>\n<meta property=\"og:site_name\" content=\"EMF Consult\" \/>\n<meta property=\"article:publisher\" content=\"https:\/\/www.facebook.com\/emfconsult\" \/>\n<meta property=\"article:modified_time\" content=\"2022-12-07T20:17:12+00:00\" \/>\n<meta property=\"og:image\" content=\"https:\/\/emf-consult.com\/nettbutikk\/wp-content\/uploads\/2019\/11\/p20-1.jpg\" \/>\n\t<meta property=\"og:image:width\" content=\"400\" \/>\n\t<meta property=\"og:image:height\" content=\"450\" \/>\n\t<meta property=\"og:image:type\" content=\"image\/jpeg\" \/>\n<meta name=\"twitter:card\" content=\"summary_large_image\" \/>\n<meta name=\"twitter:label1\" content=\"Ansl. lesetid\" \/>\n\t<meta name=\"twitter:data1\" content=\"3 minutter\" \/>\n<script type=\"application\/ld+json\" class=\"yoast-schema-graph\">{\"@context\":\"https:\\\/\\\/schema.org\",\"@graph\":[{\"@type\":\"WebPage\",\"@id\":\"https:\\\/\\\/emf-consult.com\\\/nettbutikk\\\/produkt\\\/hf-analysator-sett-hfew59bd-plus\\\/\",\"url\":\"https:\\\/\\\/emf-consult.com\\\/nettbutikk\\\/produkt\\\/hf-analysator-sett-hfew59bd-plus\\\/\",\"name\":\"HF analysator sett HFEW59BD Plus - EMF Consult\",\"isPartOf\":{\"@id\":\"https:\\\/\\\/emf-consult.com\\\/nettbutikk\\\/#website\"},\"primaryImageOfPage\":{\"@id\":\"https:\\\/\\\/emf-consult.com\\\/nettbutikk\\\/produkt\\\/hf-analysator-sett-hfew59bd-plus\\\/#primaryimage\"},\"image\":{\"@id\":\"https:\\\/\\\/emf-consult.com\\\/nettbutikk\\\/produkt\\\/hf-analysator-sett-hfew59bd-plus\\\/#primaryimage\"},\"thumbnailUrl\":\"https:\\\/\\\/emf-consult.com\\\/nettbutikk\\\/wp-content\\\/uploads\\\/2019\\\/11\\\/p20-1.jpg\",\"datePublished\":\"2019-11-25T12:42:02+00:00\",\"dateModified\":\"2022-12-07T20:17:12+00:00\",\"breadcrumb\":{\"@id\":\"https:\\\/\\\/emf-consult.com\\\/nettbutikk\\\/produkt\\\/hf-analysator-sett-hfew59bd-plus\\\/#breadcrumb\"},\"inLanguage\":\"nb-NO\",\"potentialAction\":[{\"@type\":\"ReadAction\",\"target\":[\"https:\\\/\\\/emf-consult.com\\\/nettbutikk\\\/produkt\\\/hf-analysator-sett-hfew59bd-plus\\\/\"]}]},{\"@type\":\"ImageObject\",\"inLanguage\":\"nb-NO\",\"@id\":\"https:\\\/\\\/emf-consult.com\\\/nettbutikk\\\/produkt\\\/hf-analysator-sett-hfew59bd-plus\\\/#primaryimage\",\"url\":\"https:\\\/\\\/emf-consult.com\\\/nettbutikk\\\/wp-content\\\/uploads\\\/2019\\\/11\\\/p20-1.jpg\",\"contentUrl\":\"https:\\\/\\\/emf-consult.com\\\/nettbutikk\\\/wp-content\\\/uploads\\\/2019\\\/11\\\/p20-1.jpg\",\"width\":400,\"height\":450},{\"@type\":\"BreadcrumbList\",\"@id\":\"https:\\\/\\\/emf-consult.com\\\/nettbutikk\\\/produkt\\\/hf-analysator-sett-hfew59bd-plus\\\/#breadcrumb\",\"itemListElement\":[{\"@type\":\"ListItem\",\"position\":1,\"name\":\"Hjem\",\"item\":\"https:\\\/\\\/emf-consult.com\\\/nettbutikk\\\/\"},{\"@type\":\"ListItem\",\"position\":2,\"name\":\"Butikk\",\"item\":\"https:\\\/\\\/emf-consult.com\\\/nettbutikk\\\/butikk\\\/\"},{\"@type\":\"ListItem\",\"position\":3,\"name\":\"HF analysator sett HFEW59BD Plus\"}]},{\"@type\":\"WebSite\",\"@id\":\"https:\\\/\\\/emf-consult.com\\\/nettbutikk\\\/#website\",\"url\":\"https:\\\/\\\/emf-consult.com\\\/nettbutikk\\\/\",\"name\":\"EMF Consult\",\"description\":\"Nettbutikk - Beskyttelse mot str\u00e5ling\",\"publisher\":{\"@id\":\"https:\\\/\\\/emf-consult.com\\\/nettbutikk\\\/#organization\"},\"potentialAction\":[{\"@type\":\"SearchAction\",\"target\":{\"@type\":\"EntryPoint\",\"urlTemplate\":\"https:\\\/\\\/emf-consult.com\\\/nettbutikk\\\/?s={search_term_string}\"},\"query-input\":{\"@type\":\"PropertyValueSpecification\",\"valueRequired\":true,\"valueName\":\"search_term_string\"}}],\"inLanguage\":\"nb-NO\"},{\"@type\":\"Organization\",\"@id\":\"https:\\\/\\\/emf-consult.com\\\/nettbutikk\\\/#organization\",\"name\":\"EMF Consult AS\",\"url\":\"https:\\\/\\\/emf-consult.com\\\/nettbutikk\\\/\",\"logo\":{\"@type\":\"ImageObject\",\"inLanguage\":\"nb-NO\",\"@id\":\"https:\\\/\\\/emf-consult.com\\\/nettbutikk\\\/#\\\/schema\\\/logo\\\/image\\\/\",\"url\":\"https:\\\/\\\/emf-consult.com\\\/nettbutikk\\\/wp-content\\\/uploads\\\/2022\\\/07\\\/cropped-Favikon-rod-e1658786300694.png\",\"contentUrl\":\"https:\\\/\\\/emf-consult.com\\\/nettbutikk\\\/wp-content\\\/uploads\\\/2022\\\/07\\\/cropped-Favikon-rod-e1658786300694.png\",\"width\":150,\"height\":150,\"caption\":\"EMF Consult AS\"},\"image\":{\"@id\":\"https:\\\/\\\/emf-consult.com\\\/nettbutikk\\\/#\\\/schema\\\/logo\\\/image\\\/\"},\"sameAs\":[\"https:\\\/\\\/www.facebook.com\\\/emfconsult\",\"https:\\\/\\\/www.linkedin.com\\\/company\\\/emf-consult\\\/\"]}]}<\/script>\n<!-- \/ Yoast SEO plugin. -->","yoast_head_json":{"title":"HF analysator sett HFEW59BD Plus - EMF Consult","robots":{"index":"index","follow":"follow","max-snippet":"max-snippet:-1","max-image-preview":"max-image-preview:large","max-video-preview":"max-video-preview:-1"},"canonical":"https:\/\/emf-consult.com\/nettbutikk\/produkt\/hf-analysator-sett-hfew59bd-plus\/","og_locale":"nb_NO","og_type":"article","og_title":"HF analysator sett HFEW59BD Plus - EMF Consult","og_description":"Bruksomr\u00e5de: Dette er et prisgunstig sett for profesjonell m\u00e5ling av h\u00f8yfrekvens elektromagnetiske str\u00e5ling i hjem, p\u00e5 arbeidsplassen eller i uteomr\u00e5der.","og_url":"https:\/\/emf-consult.com\/nettbutikk\/produkt\/hf-analysator-sett-hfew59bd-plus\/","og_site_name":"EMF Consult","article_publisher":"https:\/\/www.facebook.com\/emfconsult","article_modified_time":"2022-12-07T20:17:12+00:00","og_image":[{"width":400,"height":450,"url":"https:\/\/emf-consult.com\/nettbutikk\/wp-content\/uploads\/2019\/11\/p20-1.jpg","type":"image\/jpeg"}],"twitter_card":"summary_large_image","twitter_misc":{"Ansl. lesetid":"3 minutter"},"schema":{"@context":"https:\/\/schema.org","@graph":[{"@type":"WebPage","@id":"https:\/\/emf-consult.com\/nettbutikk\/produkt\/hf-analysator-sett-hfew59bd-plus\/","url":"https:\/\/emf-consult.com\/nettbutikk\/produkt\/hf-analysator-sett-hfew59bd-plus\/","name":"HF analysator sett HFEW59BD Plus - EMF Consult","isPartOf":{"@id":"https:\/\/emf-consult.com\/nettbutikk\/#website"},"primaryImageOfPage":{"@id":"https:\/\/emf-consult.com\/nettbutikk\/produkt\/hf-analysator-sett-hfew59bd-plus\/#primaryimage"},"image":{"@id":"https:\/\/emf-consult.com\/nettbutikk\/produkt\/hf-analysator-sett-hfew59bd-plus\/#primaryimage"},"thumbnailUrl":"https:\/\/emf-consult.com\/nettbutikk\/wp-content\/uploads\/2019\/11\/p20-1.jpg","datePublished":"2019-11-25T12:42:02+00:00","dateModified":"2022-12-07T20:17:12+00:00","breadcrumb":{"@id":"https:\/\/emf-consult.com\/nettbutikk\/produkt\/hf-analysator-sett-hfew59bd-plus\/#breadcrumb"},"inLanguage":"nb-NO","potentialAction":[{"@type":"ReadAction","target":["https:\/\/emf-consult.com\/nettbutikk\/produkt\/hf-analysator-sett-hfew59bd-plus\/"]}]},{"@type":"ImageObject","inLanguage":"nb-NO","@id":"https:\/\/emf-consult.com\/nettbutikk\/produkt\/hf-analysator-sett-hfew59bd-plus\/#primaryimage","url":"https:\/\/emf-consult.com\/nettbutikk\/wp-content\/uploads\/2019\/11\/p20-1.jpg","contentUrl":"https:\/\/emf-consult.com\/nettbutikk\/wp-content\/uploads\/2019\/11\/p20-1.jpg","width":400,"height":450},{"@type":"BreadcrumbList","@id":"https:\/\/emf-consult.com\/nettbutikk\/produkt\/hf-analysator-sett-hfew59bd-plus\/#breadcrumb","itemListElement":[{"@type":"ListItem","position":1,"name":"Hjem","item":"https:\/\/emf-consult.com\/nettbutikk\/"},{"@type":"ListItem","position":2,"name":"Butikk","item":"https:\/\/emf-consult.com\/nettbutikk\/butikk\/"},{"@type":"ListItem","position":3,"name":"HF analysator sett HFEW59BD Plus"}]},{"@type":"WebSite","@id":"https:\/\/emf-consult.com\/nettbutikk\/#website","url":"https:\/\/emf-consult.com\/nettbutikk\/","name":"EMF Consult","description":"Nettbutikk - Beskyttelse mot str\u00e5ling","publisher":{"@id":"https:\/\/emf-consult.com\/nettbutikk\/#organization"},"potentialAction":[{"@type":"SearchAction","target":{"@type":"EntryPoint","urlTemplate":"https:\/\/emf-consult.com\/nettbutikk\/?s={search_term_string}"},"query-input":{"@type":"PropertyValueSpecification","valueRequired":true,"valueName":"search_term_string"}}],"inLanguage":"nb-NO"},{"@type":"Organization","@id":"https:\/\/emf-consult.com\/nettbutikk\/#organization","name":"EMF Consult AS","url":"https:\/\/emf-consult.com\/nettbutikk\/","logo":{"@type":"ImageObject","inLanguage":"nb-NO","@id":"https:\/\/emf-consult.com\/nettbutikk\/#\/schema\/logo\/image\/","url":"https:\/\/emf-consult.com\/nettbutikk\/wp-content\/uploads\/2022\/07\/cropped-Favikon-rod-e1658786300694.png","contentUrl":"https:\/\/emf-consult.com\/nettbutikk\/wp-content\/uploads\/2022\/07\/cropped-Favikon-rod-e1658786300694.png","width":150,"height":150,"caption":"EMF Consult AS"},"image":{"@id":"https:\/\/emf-consult.com\/nettbutikk\/#\/schema\/logo\/image\/"},"sameAs":["https:\/\/www.facebook.com\/emfconsult","https:\/\/www.linkedin.com\/company\/emf-consult\/"]}]}},"_links":{"self":[{"href":"https:\/\/emf-consult.com\/nettbutikk\/wp-json\/wp\/v2\/product\/6252","targetHints":{"allow":["GET"]}}],"collection":[{"href":"https:\/\/emf-consult.com\/nettbutikk\/wp-json\/wp\/v2\/product"}],"about":[{"href":"https:\/\/emf-consult.com\/nettbutikk\/wp-json\/wp\/v2\/types\/product"}],"replies":[{"embeddable":true,"href":"https:\/\/emf-consult.com\/nettbutikk\/wp-json\/wp\/v2\/comments?post=6252"}],"wp:featuredmedia":[{"embeddable":true,"href":"https:\/\/emf-consult.com\/nettbutikk\/wp-json\/wp\/v2\/media\/6253"}],"wp:attachment":[{"href":"https:\/\/emf-consult.com\/nettbutikk\/wp-json\/wp\/v2\/media?parent=6252"}],"wp:term":[{"taxonomy":"product_brand","embeddable":true,"href":"https:\/\/emf-consult.com\/nettbutikk\/wp-json\/wp\/v2\/product_brand?post=6252"},{"taxonomy":"product_cat","embeddable":true,"href":"https:\/\/emf-consult.com\/nettbutikk\/wp-json\/wp\/v2\/product_cat?post=6252"},{"taxonomy":"product_tag","embeddable":true,"href":"https:\/\/emf-consult.com\/nettbutikk\/wp-json\/wp\/v2\/product_tag?post=6252"}],"curies":[{"name":"wp","href":"https:\/\/api.w.org\/{rel}","templated":true}]}}