{"id":623,"date":"2016-11-24T11:09:21","date_gmt":"2016-11-24T11:09:21","guid":{"rendered":"https:\/\/emfconsult.nyside.net\/nettbutikk\/produkt\/lfhf-mk70-3d-profi-plus-2-1\/"},"modified":"2022-12-07T21:22:04","modified_gmt":"2022-12-07T20:22:04","slug":"lfhf-mk70-3d-profi-plus-2-2","status":"publish","type":"product","link":"https:\/\/emf-consult.com\/nettbutikk\/produkt\/lfhf-mk70-3d-profi-plus-2-2\/","title":{"rendered":"LF\/HF MK70-3D Profi Plus 2.2"},"content":{"rendered":"<p><strong>Bruksomr\u00e5de:<\/strong><\/p>\n<p>Dette er et sett med tyske kvalitetsinstrumenter for profesjonell m\u00e5ling av h\u00f8yfrekvens elektromagnetiske str\u00e5ling i hjem, p\u00e5 arbeidsplassen eller i uteomr\u00e5der. Settet inneholder alt du trenger for en profesjonell analyse av elektromagnetiske felt i frekvensomr\u00e5det fra 5 Hz til 1MHz og 27 MHz til 10 GHz.<\/p>\n<p>Analysator for lavfrekvens felt er toppmodellen NFA 1000 som har sensorer for tre-akset m\u00e5ling av elektriske og magnetiske felt. Frekvensomr\u00e5det som dekkes er 5 Hz \u2013 1 MHz. Enheten har innebygd datalogger som muliggj\u00f8r etteranalyse av m\u00e5ledata med programmet NFAsoft.<\/p>\n<p>H\u00f8yfrekvens analysatorene HFE59B og HFW59D dekker til sammen frekvensomr\u00e5det fra 27 MHz til 10 GHz. Det betyr at str\u00e5ling fra b\u00e5de n\u00f8dnett, mobilnettet, tr\u00e5dl\u00f8se telefoner og nettverk, nye tjenester i 5 GHz b\u00e5ndet og radarsignaler helt opp i 9 GHz b\u00e5ndet kan m\u00e5les. Apparatene har egen innstilling for korrekt m\u00e5ling av de nye h\u00f8yhastighet mobilnettene (UMTS og LTE) og sv\u00e6rt korte radarpulser.<\/p>\n<p>Tjenestespesifikt filter FF10 brukes sammen med h\u00f8yfrekvens analysator HFE59B slik at str\u00e5ling fra spesifikke kilder kan identifiseres og m\u00e5les.<\/p>\n<p>Logging av data utf\u00f8res med NFA 1000 som kan brukes som datalogger for alle enhetene. Analyseprogrammet NFAsoft brukes til etteranalyse av b\u00e5de lavfrekvens og h\u00f8yfrekvens m\u00e5linger.<\/p>\n<p>M\u00e5ling i henhold til TCO standarden gj\u00f8res med m\u00e5lesonden TCO3 som f\u00f8lger med i settet.<\/p>\n<p><strong>Funksjoner:<\/strong><\/p>\n<p>M\u00e5lesettet er satt sammen av lavfrekvensanalysatoren NFA 1000 og de to h\u00f8yfrekvensanalysatorene HFE59B og HFW59D med tilbeh\u00f8r samt tjenestespesifikt filter FF10 &#8211; alt plassert i en hendig koffert. Det henvises til egne produktark for hver av enhetene.<\/p>\n<p>TCO probe for bruk sammen med lavfrekvens analysator og forsterker\/dempeledd til h\u00f8yfrekvens analysatorene f\u00f8lger med.<\/p>\n","protected":false},"excerpt":{"rendered":"<p>Frekvensomr\u00e5de: 5 Hz til 1MHz og 27 MHz til 10 GHz dekkes med analysatorene NFA 1000, HFE59B og HFW59D. Se egne spesifikasjoner for hvert av disse<\/p>\n<p>Vekt: 4,76 kg<\/p>\n<p>Analysator settet leveres komplett med f\u00f8lgende utstyr:<\/p>\n<p>Lavfrekvens analysator NFA 1000; h\u00f8yfrekvens analysatorene HFE59B og HFW59D samt tjenestespesifikt filter FF10. Alle enhetene leveres med alt standard tilbeh\u00f8r.<\/p>\n<p>I tillegg medf\u00f8lgerTCO3 probe og PM1 stativ for NFA 1000. Apparatene og tilbeh\u00f8r leveres i en romslig koffert i plast.<br \/>\nDetaljert informasjon om hvert enkelt produkt finner du ved \u00e5 sl\u00e5 opp p\u00e5 hvert enkelt av produktene p\u00e5 v\u00e5r nettbutikk.<\/p>\n","protected":false},"featured_media":11922,"comment_status":"open","ping_status":"closed","template":"","meta":[],"product_brand":[],"product_cat":[22],"product_tag":[],"class_list":{"0":"post-623","1":"product","2":"type-product","3":"status-publish","4":"has-post-thumbnail","6":"product_cat-maleinstrument-pakker-lf-hf","8":"first","9":"onbackorder","10":"taxable","11":"shipping-taxable","12":"purchasable","13":"product-type-simple"},"yoast_head":"<!-- This site is optimized with the Yoast SEO plugin v27.3 - https:\/\/yoast.com\/product\/yoast-seo-wordpress\/ -->\n<title>LF\/HF MK70-3D Profi Plus 2.2 - EMF Consult<\/title>\n<meta name=\"robots\" content=\"index, follow, max-snippet:-1, max-image-preview:large, max-video-preview:-1\" \/>\n<link rel=\"canonical\" href=\"https:\/\/emf-consult.com\/nettbutikk\/produkt\/lfhf-mk70-3d-profi-plus-2-2\/\" \/>\n<meta property=\"og:locale\" content=\"nb_NO\" \/>\n<meta property=\"og:type\" content=\"article\" \/>\n<meta property=\"og:title\" content=\"LF\/HF MK70-3D Profi Plus 2.2 - EMF Consult\" \/>\n<meta property=\"og:description\" content=\"Frekvensomr\u00e5de: 5 Hz til 1MHz og 27 MHz til 10 GHz dekkes med analysatorene NFA 1000, HFE59B og HFW59D. Se egne spesifikasjoner for hvert av disse  Vekt: 4,76 kg  Analysator settet leveres komplett med f\u00f8lgende utstyr:  Lavfrekvens analysator NFA 1000; h\u00f8yfrekvens analysatorene HFE59B og HFW59D samt tjenestespesifikt filter FF10. Alle enhetene leveres med alt standard tilbeh\u00f8r.  I tillegg medf\u00f8lgerTCO3 probe og PM1 stativ for NFA 1000. Apparatene og tilbeh\u00f8r leveres i en romslig koffert i plast. Detaljert informasjon om hvert enkelt produkt finner du ved \u00e5 sl\u00e5 opp p\u00e5 hvert enkelt av produktene p\u00e5 v\u00e5r nettbutikk.\" \/>\n<meta property=\"og:url\" content=\"https:\/\/emf-consult.com\/nettbutikk\/produkt\/lfhf-mk70-3d-profi-plus-2-2\/\" \/>\n<meta property=\"og:site_name\" content=\"EMF Consult\" \/>\n<meta property=\"article:publisher\" content=\"https:\/\/www.facebook.com\/emfconsult\" \/>\n<meta property=\"article:modified_time\" content=\"2022-12-07T20:22:04+00:00\" \/>\n<meta property=\"og:image\" content=\"https:\/\/emf-consult.com\/nettbutikk\/wp-content\/uploads\/2016\/11\/image_931-134_1.jpg\" \/>\n\t<meta property=\"og:image:width\" content=\"1600\" \/>\n\t<meta property=\"og:image:height\" content=\"1219\" \/>\n\t<meta property=\"og:image:type\" content=\"image\/jpeg\" \/>\n<meta name=\"twitter:card\" content=\"summary_large_image\" \/>\n<meta name=\"twitter:label1\" content=\"Ansl. lesetid\" \/>\n\t<meta name=\"twitter:data1\" content=\"2 minutter\" \/>\n<script type=\"application\/ld+json\" class=\"yoast-schema-graph\">{\"@context\":\"https:\\\/\\\/schema.org\",\"@graph\":[{\"@type\":\"WebPage\",\"@id\":\"https:\\\/\\\/emf-consult.com\\\/nettbutikk\\\/produkt\\\/lfhf-mk70-3d-profi-plus-2-2\\\/\",\"url\":\"https:\\\/\\\/emf-consult.com\\\/nettbutikk\\\/produkt\\\/lfhf-mk70-3d-profi-plus-2-2\\\/\",\"name\":\"LF\\\/HF MK70-3D Profi Plus 2.2 - EMF Consult\",\"isPartOf\":{\"@id\":\"https:\\\/\\\/emf-consult.com\\\/nettbutikk\\\/#website\"},\"primaryImageOfPage\":{\"@id\":\"https:\\\/\\\/emf-consult.com\\\/nettbutikk\\\/produkt\\\/lfhf-mk70-3d-profi-plus-2-2\\\/#primaryimage\"},\"image\":{\"@id\":\"https:\\\/\\\/emf-consult.com\\\/nettbutikk\\\/produkt\\\/lfhf-mk70-3d-profi-plus-2-2\\\/#primaryimage\"},\"thumbnailUrl\":\"https:\\\/\\\/emf-consult.com\\\/nettbutikk\\\/wp-content\\\/uploads\\\/2016\\\/11\\\/image_931-134_1.jpg\",\"datePublished\":\"2016-11-24T11:09:21+00:00\",\"dateModified\":\"2022-12-07T20:22:04+00:00\",\"breadcrumb\":{\"@id\":\"https:\\\/\\\/emf-consult.com\\\/nettbutikk\\\/produkt\\\/lfhf-mk70-3d-profi-plus-2-2\\\/#breadcrumb\"},\"inLanguage\":\"nb-NO\",\"potentialAction\":[{\"@type\":\"ReadAction\",\"target\":[\"https:\\\/\\\/emf-consult.com\\\/nettbutikk\\\/produkt\\\/lfhf-mk70-3d-profi-plus-2-2\\\/\"]}]},{\"@type\":\"ImageObject\",\"inLanguage\":\"nb-NO\",\"@id\":\"https:\\\/\\\/emf-consult.com\\\/nettbutikk\\\/produkt\\\/lfhf-mk70-3d-profi-plus-2-2\\\/#primaryimage\",\"url\":\"https:\\\/\\\/emf-consult.com\\\/nettbutikk\\\/wp-content\\\/uploads\\\/2016\\\/11\\\/image_931-134_1.jpg\",\"contentUrl\":\"https:\\\/\\\/emf-consult.com\\\/nettbutikk\\\/wp-content\\\/uploads\\\/2016\\\/11\\\/image_931-134_1.jpg\",\"width\":1600,\"height\":1219},{\"@type\":\"BreadcrumbList\",\"@id\":\"https:\\\/\\\/emf-consult.com\\\/nettbutikk\\\/produkt\\\/lfhf-mk70-3d-profi-plus-2-2\\\/#breadcrumb\",\"itemListElement\":[{\"@type\":\"ListItem\",\"position\":1,\"name\":\"Hjem\",\"item\":\"https:\\\/\\\/emf-consult.com\\\/nettbutikk\\\/\"},{\"@type\":\"ListItem\",\"position\":2,\"name\":\"Butikk\",\"item\":\"https:\\\/\\\/emf-consult.com\\\/nettbutikk\\\/butikk\\\/\"},{\"@type\":\"ListItem\",\"position\":3,\"name\":\"LF\\\/HF MK70-3D Profi Plus 2.2\"}]},{\"@type\":\"WebSite\",\"@id\":\"https:\\\/\\\/emf-consult.com\\\/nettbutikk\\\/#website\",\"url\":\"https:\\\/\\\/emf-consult.com\\\/nettbutikk\\\/\",\"name\":\"EMF Consult\",\"description\":\"Nettbutikk - Beskyttelse mot str\u00e5ling\",\"publisher\":{\"@id\":\"https:\\\/\\\/emf-consult.com\\\/nettbutikk\\\/#organization\"},\"potentialAction\":[{\"@type\":\"SearchAction\",\"target\":{\"@type\":\"EntryPoint\",\"urlTemplate\":\"https:\\\/\\\/emf-consult.com\\\/nettbutikk\\\/?s={search_term_string}\"},\"query-input\":{\"@type\":\"PropertyValueSpecification\",\"valueRequired\":true,\"valueName\":\"search_term_string\"}}],\"inLanguage\":\"nb-NO\"},{\"@type\":\"Organization\",\"@id\":\"https:\\\/\\\/emf-consult.com\\\/nettbutikk\\\/#organization\",\"name\":\"EMF Consult AS\",\"url\":\"https:\\\/\\\/emf-consult.com\\\/nettbutikk\\\/\",\"logo\":{\"@type\":\"ImageObject\",\"inLanguage\":\"nb-NO\",\"@id\":\"https:\\\/\\\/emf-consult.com\\\/nettbutikk\\\/#\\\/schema\\\/logo\\\/image\\\/\",\"url\":\"https:\\\/\\\/emf-consult.com\\\/nettbutikk\\\/wp-content\\\/uploads\\\/2022\\\/07\\\/cropped-Favikon-rod-e1658786300694.png\",\"contentUrl\":\"https:\\\/\\\/emf-consult.com\\\/nettbutikk\\\/wp-content\\\/uploads\\\/2022\\\/07\\\/cropped-Favikon-rod-e1658786300694.png\",\"width\":150,\"height\":150,\"caption\":\"EMF Consult AS\"},\"image\":{\"@id\":\"https:\\\/\\\/emf-consult.com\\\/nettbutikk\\\/#\\\/schema\\\/logo\\\/image\\\/\"},\"sameAs\":[\"https:\\\/\\\/www.facebook.com\\\/emfconsult\",\"https:\\\/\\\/www.linkedin.com\\\/company\\\/emf-consult\\\/\"]}]}<\/script>\n<!-- \/ Yoast SEO plugin. -->","yoast_head_json":{"title":"LF\/HF MK70-3D Profi Plus 2.2 - EMF Consult","robots":{"index":"index","follow":"follow","max-snippet":"max-snippet:-1","max-image-preview":"max-image-preview:large","max-video-preview":"max-video-preview:-1"},"canonical":"https:\/\/emf-consult.com\/nettbutikk\/produkt\/lfhf-mk70-3d-profi-plus-2-2\/","og_locale":"nb_NO","og_type":"article","og_title":"LF\/HF MK70-3D Profi Plus 2.2 - EMF Consult","og_description":"Frekvensomr\u00e5de: 5 Hz til 1MHz og 27 MHz til 10 GHz dekkes med analysatorene NFA 1000, HFE59B og HFW59D. Se egne spesifikasjoner for hvert av disse  Vekt: 4,76 kg  Analysator settet leveres komplett med f\u00f8lgende utstyr:  Lavfrekvens analysator NFA 1000; h\u00f8yfrekvens analysatorene HFE59B og HFW59D samt tjenestespesifikt filter FF10. Alle enhetene leveres med alt standard tilbeh\u00f8r.  I tillegg medf\u00f8lgerTCO3 probe og PM1 stativ for NFA 1000. Apparatene og tilbeh\u00f8r leveres i en romslig koffert i plast. Detaljert informasjon om hvert enkelt produkt finner du ved \u00e5 sl\u00e5 opp p\u00e5 hvert enkelt av produktene p\u00e5 v\u00e5r nettbutikk.","og_url":"https:\/\/emf-consult.com\/nettbutikk\/produkt\/lfhf-mk70-3d-profi-plus-2-2\/","og_site_name":"EMF Consult","article_publisher":"https:\/\/www.facebook.com\/emfconsult","article_modified_time":"2022-12-07T20:22:04+00:00","og_image":[{"width":1600,"height":1219,"url":"https:\/\/emf-consult.com\/nettbutikk\/wp-content\/uploads\/2016\/11\/image_931-134_1.jpg","type":"image\/jpeg"}],"twitter_card":"summary_large_image","twitter_misc":{"Ansl. lesetid":"2 minutter"},"schema":{"@context":"https:\/\/schema.org","@graph":[{"@type":"WebPage","@id":"https:\/\/emf-consult.com\/nettbutikk\/produkt\/lfhf-mk70-3d-profi-plus-2-2\/","url":"https:\/\/emf-consult.com\/nettbutikk\/produkt\/lfhf-mk70-3d-profi-plus-2-2\/","name":"LF\/HF MK70-3D Profi Plus 2.2 - EMF Consult","isPartOf":{"@id":"https:\/\/emf-consult.com\/nettbutikk\/#website"},"primaryImageOfPage":{"@id":"https:\/\/emf-consult.com\/nettbutikk\/produkt\/lfhf-mk70-3d-profi-plus-2-2\/#primaryimage"},"image":{"@id":"https:\/\/emf-consult.com\/nettbutikk\/produkt\/lfhf-mk70-3d-profi-plus-2-2\/#primaryimage"},"thumbnailUrl":"https:\/\/emf-consult.com\/nettbutikk\/wp-content\/uploads\/2016\/11\/image_931-134_1.jpg","datePublished":"2016-11-24T11:09:21+00:00","dateModified":"2022-12-07T20:22:04+00:00","breadcrumb":{"@id":"https:\/\/emf-consult.com\/nettbutikk\/produkt\/lfhf-mk70-3d-profi-plus-2-2\/#breadcrumb"},"inLanguage":"nb-NO","potentialAction":[{"@type":"ReadAction","target":["https:\/\/emf-consult.com\/nettbutikk\/produkt\/lfhf-mk70-3d-profi-plus-2-2\/"]}]},{"@type":"ImageObject","inLanguage":"nb-NO","@id":"https:\/\/emf-consult.com\/nettbutikk\/produkt\/lfhf-mk70-3d-profi-plus-2-2\/#primaryimage","url":"https:\/\/emf-consult.com\/nettbutikk\/wp-content\/uploads\/2016\/11\/image_931-134_1.jpg","contentUrl":"https:\/\/emf-consult.com\/nettbutikk\/wp-content\/uploads\/2016\/11\/image_931-134_1.jpg","width":1600,"height":1219},{"@type":"BreadcrumbList","@id":"https:\/\/emf-consult.com\/nettbutikk\/produkt\/lfhf-mk70-3d-profi-plus-2-2\/#breadcrumb","itemListElement":[{"@type":"ListItem","position":1,"name":"Hjem","item":"https:\/\/emf-consult.com\/nettbutikk\/"},{"@type":"ListItem","position":2,"name":"Butikk","item":"https:\/\/emf-consult.com\/nettbutikk\/butikk\/"},{"@type":"ListItem","position":3,"name":"LF\/HF MK70-3D Profi Plus 2.2"}]},{"@type":"WebSite","@id":"https:\/\/emf-consult.com\/nettbutikk\/#website","url":"https:\/\/emf-consult.com\/nettbutikk\/","name":"EMF Consult","description":"Nettbutikk - Beskyttelse mot str\u00e5ling","publisher":{"@id":"https:\/\/emf-consult.com\/nettbutikk\/#organization"},"potentialAction":[{"@type":"SearchAction","target":{"@type":"EntryPoint","urlTemplate":"https:\/\/emf-consult.com\/nettbutikk\/?s={search_term_string}"},"query-input":{"@type":"PropertyValueSpecification","valueRequired":true,"valueName":"search_term_string"}}],"inLanguage":"nb-NO"},{"@type":"Organization","@id":"https:\/\/emf-consult.com\/nettbutikk\/#organization","name":"EMF Consult AS","url":"https:\/\/emf-consult.com\/nettbutikk\/","logo":{"@type":"ImageObject","inLanguage":"nb-NO","@id":"https:\/\/emf-consult.com\/nettbutikk\/#\/schema\/logo\/image\/","url":"https:\/\/emf-consult.com\/nettbutikk\/wp-content\/uploads\/2022\/07\/cropped-Favikon-rod-e1658786300694.png","contentUrl":"https:\/\/emf-consult.com\/nettbutikk\/wp-content\/uploads\/2022\/07\/cropped-Favikon-rod-e1658786300694.png","width":150,"height":150,"caption":"EMF Consult AS"},"image":{"@id":"https:\/\/emf-consult.com\/nettbutikk\/#\/schema\/logo\/image\/"},"sameAs":["https:\/\/www.facebook.com\/emfconsult","https:\/\/www.linkedin.com\/company\/emf-consult\/"]}]}},"_links":{"self":[{"href":"https:\/\/emf-consult.com\/nettbutikk\/wp-json\/wp\/v2\/product\/623","targetHints":{"allow":["GET"]}}],"collection":[{"href":"https:\/\/emf-consult.com\/nettbutikk\/wp-json\/wp\/v2\/product"}],"about":[{"href":"https:\/\/emf-consult.com\/nettbutikk\/wp-json\/wp\/v2\/types\/product"}],"replies":[{"embeddable":true,"href":"https:\/\/emf-consult.com\/nettbutikk\/wp-json\/wp\/v2\/comments?post=623"}],"wp:featuredmedia":[{"embeddable":true,"href":"https:\/\/emf-consult.com\/nettbutikk\/wp-json\/wp\/v2\/media\/11922"}],"wp:attachment":[{"href":"https:\/\/emf-consult.com\/nettbutikk\/wp-json\/wp\/v2\/media?parent=623"}],"wp:term":[{"taxonomy":"product_brand","embeddable":true,"href":"https:\/\/emf-consult.com\/nettbutikk\/wp-json\/wp\/v2\/product_brand?post=623"},{"taxonomy":"product_cat","embeddable":true,"href":"https:\/\/emf-consult.com\/nettbutikk\/wp-json\/wp\/v2\/product_cat?post=623"},{"taxonomy":"product_tag","embeddable":true,"href":"https:\/\/emf-consult.com\/nettbutikk\/wp-json\/wp\/v2\/product_tag?post=623"}],"curies":[{"name":"wp","href":"https:\/\/api.w.org\/{rel}","templated":true}]}}