{"id":619,"date":"2016-11-24T11:06:39","date_gmt":"2016-11-24T11:06:39","guid":{"rendered":"https:\/\/emfconsult.nyside.net\/nettbutikk\/produkt\/lfhf-analysator-sett-mk70-3d\/"},"modified":"2024-01-15T07:19:16","modified_gmt":"2024-01-15T06:19:16","slug":"lfhf-analysator-sett-mk70-3d","status":"publish","type":"product","link":"https:\/\/emf-consult.com\/nettbutikk\/produkt\/lfhf-analysator-sett-mk70-3d\/","title":{"rendered":"LF\/HF Analysator sett MK70-3D"},"content":{"rendered":"<p><strong>Bruksomr\u00e5de:<\/strong><\/p>\n<p>Dette er et sett med tyske kvalitetsinstrumenter for profesjonell m\u00e5ling av h\u00f8yfrekvens og lavfrekvens elektromagnetiske felt og str\u00e5ling i hjem, p\u00e5 arbeidsplassen eller i uteomr\u00e5der. Settet inneholder alt du trenger for en profesjonell analyse av elektromagnetiske felt i frekvensomr\u00e5det fra 5 Hz til 1MHz og 27 MHz til 3,3 GHz.<\/p>\n<p>Analysator for lavfrekvens felt er toppmodellen NFA 1000 som har sensorer for tre-akset m\u00e5ling av elektriske og magnetiske felt. Frekvensomr\u00e5det som dekkes er 5 Hz \u2013 1 MHz. Enheten har innebygd datalogger som muliggj\u00f8r etteranalyse av m\u00e5ledata med programmet NFAsoft.<\/p>\n<p>H\u00f8yfrekvens analysatorene HFE59B dekker til sammen frekvensomr\u00e5det fra 27 MHz til 3,3 GHz. Det betyr at str\u00e5ling fra b\u00e5de n\u00f8dnett, mobilnettet, tr\u00e5dl\u00f8se telefoner og nettverk kan m\u00e5les. De nye tjenester i 5 GHz b\u00e5ndet og radarsignaler helt opp i 9 GHz b\u00e5ndet kan dessverre ikke males med dette apparatet. Apparatene har egen innstilling for korrekt m\u00e5ling av de nye h\u00f8yhastighet mobilnettene (UMTS og LTE) og sv\u00e6rt korte radarpulser.<\/p>\n<p>Logging av data utf\u00f8res med NFA 1000 som kan brukes som datalogger for alle enhetene. Analyseprogrammet NFAsoft brukes til etteranalyse av b\u00e5de lavfrekvens og h\u00f8yfrekvens m\u00e5linger.<\/p>\n<p>M\u00e5ling i henhold til TCO standarden kan gj\u00f8res med m\u00e5lesonden TCO3 som kan kj\u00f8pes som tillegg.<\/p>\n<p><strong>Funksjoner:<\/strong><\/p>\n<p>M\u00e5lesettet er satt sammen av lavfrekvensanalysatoren NFA 1000 og h\u00f8yfrekvensanalysatoren HFE59B med tilbeh\u00f8r &#8211; alt plassert i en hendig koffert. Det henvises til egne produktark for hver av enhetene.<\/p>\n<p><strong>Spesifikasjoner:<\/strong><\/p>\n<p>Frekvensomr\u00e5de: 5 Hz til 1MHz og 27 MHz til 3,3 GHz dekkes med analysatorene NFA 1000 og HFE59B. Se egne spesifikasjoner for hvert av disse<\/p>\n<p>Vekt: 4,76 kg<\/p>\n<p>Analysator settet leveres komplett med f\u00f8lgende utstyr:<\/p>\n<p>Lavfrekvens analysator NFA 1000 og h\u00f8yfrekvens analysator HFE59B. Alle enhetene leveres med alt standard tilbeh\u00f8r.<\/p>\n<p>F\u00f8legende tilleggsutstyr anbefales:<br \/>\nTjenestespesifikt frekvensfilter FF10, TCO3 probe og PM1 stativ for NFA 1000.<br \/>\nDetaljert informasjon om hvert enkelt produkt finner du ved \u00e5 sl\u00e5 opp p\u00e5 hvert enkelt av produktene p\u00e5 v\u00e5r nettbutikk.<\/p>\n","protected":false},"excerpt":{"rendered":"<p>Bruksomr\u00e5de: Dette er et sett med tyske kvalitetsinstrumenter for profesjonell m\u00e5ling av h\u00f8yfrekvens og lavfrekvens elektromagnetiske felt og str\u00e5ling i<\/p>\n","protected":false},"featured_media":620,"comment_status":"open","ping_status":"closed","template":"","meta":[],"product_brand":[],"product_cat":[22],"product_tag":[],"class_list":{"0":"post-619","1":"product","2":"type-product","3":"status-publish","4":"has-post-thumbnail","6":"product_cat-maleinstrument-pakker-lf-hf","8":"first","9":"onbackorder","10":"taxable","11":"shipping-taxable","12":"purchasable","13":"product-type-simple"},"yoast_head":"<!-- This site is optimized with the Yoast SEO plugin v27.4 - https:\/\/yoast.com\/product\/yoast-seo-wordpress\/ -->\n<title>LF\/HF Analysator sett MK70-3D - EMF Consult<\/title>\n<meta name=\"robots\" content=\"index, follow, max-snippet:-1, max-image-preview:large, max-video-preview:-1\" \/>\n<link rel=\"canonical\" href=\"https:\/\/emf-consult.com\/nettbutikk\/produkt\/lfhf-analysator-sett-mk70-3d\/\" \/>\n<meta property=\"og:locale\" content=\"nb_NO\" \/>\n<meta property=\"og:type\" content=\"article\" \/>\n<meta property=\"og:title\" content=\"LF\/HF Analysator sett MK70-3D - EMF Consult\" \/>\n<meta property=\"og:description\" content=\"Bruksomr\u00e5de: Dette er et sett med tyske kvalitetsinstrumenter for profesjonell m\u00e5ling av h\u00f8yfrekvens og lavfrekvens elektromagnetiske felt og str\u00e5ling i\" \/>\n<meta property=\"og:url\" content=\"https:\/\/emf-consult.com\/nettbutikk\/produkt\/lfhf-analysator-sett-mk70-3d\/\" \/>\n<meta property=\"og:site_name\" content=\"EMF Consult\" \/>\n<meta property=\"article:publisher\" content=\"https:\/\/www.facebook.com\/emfconsult\" \/>\n<meta property=\"article:modified_time\" content=\"2024-01-15T06:19:16+00:00\" \/>\n<meta property=\"og:image\" content=\"https:\/\/emf-consult.com\/nettbutikk\/wp-content\/uploads\/2019\/11\/p29-1.jpg\" \/>\n\t<meta property=\"og:image:width\" content=\"400\" \/>\n\t<meta property=\"og:image:height\" content=\"450\" \/>\n\t<meta property=\"og:image:type\" content=\"image\/jpeg\" \/>\n<meta name=\"twitter:card\" content=\"summary_large_image\" \/>\n<meta name=\"twitter:label1\" content=\"Ansl. lesetid\" \/>\n\t<meta name=\"twitter:data1\" content=\"2 minutter\" \/>\n<script type=\"application\/ld+json\" class=\"yoast-schema-graph\">{\"@context\":\"https:\\\/\\\/schema.org\",\"@graph\":[{\"@type\":\"WebPage\",\"@id\":\"https:\\\/\\\/emf-consult.com\\\/nettbutikk\\\/produkt\\\/lfhf-analysator-sett-mk70-3d\\\/\",\"url\":\"https:\\\/\\\/emf-consult.com\\\/nettbutikk\\\/produkt\\\/lfhf-analysator-sett-mk70-3d\\\/\",\"name\":\"LF\\\/HF Analysator sett MK70-3D - EMF Consult\",\"isPartOf\":{\"@id\":\"https:\\\/\\\/emf-consult.com\\\/nettbutikk\\\/#website\"},\"primaryImageOfPage\":{\"@id\":\"https:\\\/\\\/emf-consult.com\\\/nettbutikk\\\/produkt\\\/lfhf-analysator-sett-mk70-3d\\\/#primaryimage\"},\"image\":{\"@id\":\"https:\\\/\\\/emf-consult.com\\\/nettbutikk\\\/produkt\\\/lfhf-analysator-sett-mk70-3d\\\/#primaryimage\"},\"thumbnailUrl\":\"https:\\\/\\\/emf-consult.com\\\/nettbutikk\\\/wp-content\\\/uploads\\\/2019\\\/11\\\/p29-1.jpg\",\"datePublished\":\"2016-11-24T11:06:39+00:00\",\"dateModified\":\"2024-01-15T06:19:16+00:00\",\"breadcrumb\":{\"@id\":\"https:\\\/\\\/emf-consult.com\\\/nettbutikk\\\/produkt\\\/lfhf-analysator-sett-mk70-3d\\\/#breadcrumb\"},\"inLanguage\":\"nb-NO\",\"potentialAction\":[{\"@type\":\"ReadAction\",\"target\":[\"https:\\\/\\\/emf-consult.com\\\/nettbutikk\\\/produkt\\\/lfhf-analysator-sett-mk70-3d\\\/\"]}]},{\"@type\":\"ImageObject\",\"inLanguage\":\"nb-NO\",\"@id\":\"https:\\\/\\\/emf-consult.com\\\/nettbutikk\\\/produkt\\\/lfhf-analysator-sett-mk70-3d\\\/#primaryimage\",\"url\":\"https:\\\/\\\/emf-consult.com\\\/nettbutikk\\\/wp-content\\\/uploads\\\/2019\\\/11\\\/p29-1.jpg\",\"contentUrl\":\"https:\\\/\\\/emf-consult.com\\\/nettbutikk\\\/wp-content\\\/uploads\\\/2019\\\/11\\\/p29-1.jpg\",\"width\":400,\"height\":450,\"caption\":\"LF\\\/HF Analysator sett MK70-3D\"},{\"@type\":\"BreadcrumbList\",\"@id\":\"https:\\\/\\\/emf-consult.com\\\/nettbutikk\\\/produkt\\\/lfhf-analysator-sett-mk70-3d\\\/#breadcrumb\",\"itemListElement\":[{\"@type\":\"ListItem\",\"position\":1,\"name\":\"Hjem\",\"item\":\"https:\\\/\\\/emf-consult.com\\\/nettbutikk\\\/\"},{\"@type\":\"ListItem\",\"position\":2,\"name\":\"Butikk\",\"item\":\"https:\\\/\\\/emf-consult.com\\\/nettbutikk\\\/butikk\\\/\"},{\"@type\":\"ListItem\",\"position\":3,\"name\":\"LF\\\/HF Analysator sett MK70-3D\"}]},{\"@type\":\"WebSite\",\"@id\":\"https:\\\/\\\/emf-consult.com\\\/nettbutikk\\\/#website\",\"url\":\"https:\\\/\\\/emf-consult.com\\\/nettbutikk\\\/\",\"name\":\"EMF Consult\",\"description\":\"Nettbutikk - Beskyttelse mot str\u00e5ling\",\"publisher\":{\"@id\":\"https:\\\/\\\/emf-consult.com\\\/nettbutikk\\\/#organization\"},\"potentialAction\":[{\"@type\":\"SearchAction\",\"target\":{\"@type\":\"EntryPoint\",\"urlTemplate\":\"https:\\\/\\\/emf-consult.com\\\/nettbutikk\\\/?s={search_term_string}\"},\"query-input\":{\"@type\":\"PropertyValueSpecification\",\"valueRequired\":true,\"valueName\":\"search_term_string\"}}],\"inLanguage\":\"nb-NO\"},{\"@type\":\"Organization\",\"@id\":\"https:\\\/\\\/emf-consult.com\\\/nettbutikk\\\/#organization\",\"name\":\"EMF Consult AS\",\"url\":\"https:\\\/\\\/emf-consult.com\\\/nettbutikk\\\/\",\"logo\":{\"@type\":\"ImageObject\",\"inLanguage\":\"nb-NO\",\"@id\":\"https:\\\/\\\/emf-consult.com\\\/nettbutikk\\\/#\\\/schema\\\/logo\\\/image\\\/\",\"url\":\"https:\\\/\\\/emf-consult.com\\\/nettbutikk\\\/wp-content\\\/uploads\\\/2022\\\/07\\\/cropped-Favikon-rod-e1658786300694.png\",\"contentUrl\":\"https:\\\/\\\/emf-consult.com\\\/nettbutikk\\\/wp-content\\\/uploads\\\/2022\\\/07\\\/cropped-Favikon-rod-e1658786300694.png\",\"width\":150,\"height\":150,\"caption\":\"EMF Consult AS\"},\"image\":{\"@id\":\"https:\\\/\\\/emf-consult.com\\\/nettbutikk\\\/#\\\/schema\\\/logo\\\/image\\\/\"},\"sameAs\":[\"https:\\\/\\\/www.facebook.com\\\/emfconsult\",\"https:\\\/\\\/www.linkedin.com\\\/company\\\/emf-consult\\\/\"]}]}<\/script>\n<!-- \/ Yoast SEO plugin. -->","yoast_head_json":{"title":"LF\/HF Analysator sett MK70-3D - EMF Consult","robots":{"index":"index","follow":"follow","max-snippet":"max-snippet:-1","max-image-preview":"max-image-preview:large","max-video-preview":"max-video-preview:-1"},"canonical":"https:\/\/emf-consult.com\/nettbutikk\/produkt\/lfhf-analysator-sett-mk70-3d\/","og_locale":"nb_NO","og_type":"article","og_title":"LF\/HF Analysator sett MK70-3D - EMF Consult","og_description":"Bruksomr\u00e5de: Dette er et sett med tyske kvalitetsinstrumenter for profesjonell m\u00e5ling av h\u00f8yfrekvens og lavfrekvens elektromagnetiske felt og str\u00e5ling i","og_url":"https:\/\/emf-consult.com\/nettbutikk\/produkt\/lfhf-analysator-sett-mk70-3d\/","og_site_name":"EMF Consult","article_publisher":"https:\/\/www.facebook.com\/emfconsult","article_modified_time":"2024-01-15T06:19:16+00:00","og_image":[{"width":400,"height":450,"url":"https:\/\/emf-consult.com\/nettbutikk\/wp-content\/uploads\/2019\/11\/p29-1.jpg","type":"image\/jpeg"}],"twitter_card":"summary_large_image","twitter_misc":{"Ansl. lesetid":"2 minutter"},"schema":{"@context":"https:\/\/schema.org","@graph":[{"@type":"WebPage","@id":"https:\/\/emf-consult.com\/nettbutikk\/produkt\/lfhf-analysator-sett-mk70-3d\/","url":"https:\/\/emf-consult.com\/nettbutikk\/produkt\/lfhf-analysator-sett-mk70-3d\/","name":"LF\/HF Analysator sett MK70-3D - EMF Consult","isPartOf":{"@id":"https:\/\/emf-consult.com\/nettbutikk\/#website"},"primaryImageOfPage":{"@id":"https:\/\/emf-consult.com\/nettbutikk\/produkt\/lfhf-analysator-sett-mk70-3d\/#primaryimage"},"image":{"@id":"https:\/\/emf-consult.com\/nettbutikk\/produkt\/lfhf-analysator-sett-mk70-3d\/#primaryimage"},"thumbnailUrl":"https:\/\/emf-consult.com\/nettbutikk\/wp-content\/uploads\/2019\/11\/p29-1.jpg","datePublished":"2016-11-24T11:06:39+00:00","dateModified":"2024-01-15T06:19:16+00:00","breadcrumb":{"@id":"https:\/\/emf-consult.com\/nettbutikk\/produkt\/lfhf-analysator-sett-mk70-3d\/#breadcrumb"},"inLanguage":"nb-NO","potentialAction":[{"@type":"ReadAction","target":["https:\/\/emf-consult.com\/nettbutikk\/produkt\/lfhf-analysator-sett-mk70-3d\/"]}]},{"@type":"ImageObject","inLanguage":"nb-NO","@id":"https:\/\/emf-consult.com\/nettbutikk\/produkt\/lfhf-analysator-sett-mk70-3d\/#primaryimage","url":"https:\/\/emf-consult.com\/nettbutikk\/wp-content\/uploads\/2019\/11\/p29-1.jpg","contentUrl":"https:\/\/emf-consult.com\/nettbutikk\/wp-content\/uploads\/2019\/11\/p29-1.jpg","width":400,"height":450,"caption":"LF\/HF Analysator sett MK70-3D"},{"@type":"BreadcrumbList","@id":"https:\/\/emf-consult.com\/nettbutikk\/produkt\/lfhf-analysator-sett-mk70-3d\/#breadcrumb","itemListElement":[{"@type":"ListItem","position":1,"name":"Hjem","item":"https:\/\/emf-consult.com\/nettbutikk\/"},{"@type":"ListItem","position":2,"name":"Butikk","item":"https:\/\/emf-consult.com\/nettbutikk\/butikk\/"},{"@type":"ListItem","position":3,"name":"LF\/HF Analysator sett MK70-3D"}]},{"@type":"WebSite","@id":"https:\/\/emf-consult.com\/nettbutikk\/#website","url":"https:\/\/emf-consult.com\/nettbutikk\/","name":"EMF Consult","description":"Nettbutikk - Beskyttelse mot str\u00e5ling","publisher":{"@id":"https:\/\/emf-consult.com\/nettbutikk\/#organization"},"potentialAction":[{"@type":"SearchAction","target":{"@type":"EntryPoint","urlTemplate":"https:\/\/emf-consult.com\/nettbutikk\/?s={search_term_string}"},"query-input":{"@type":"PropertyValueSpecification","valueRequired":true,"valueName":"search_term_string"}}],"inLanguage":"nb-NO"},{"@type":"Organization","@id":"https:\/\/emf-consult.com\/nettbutikk\/#organization","name":"EMF Consult AS","url":"https:\/\/emf-consult.com\/nettbutikk\/","logo":{"@type":"ImageObject","inLanguage":"nb-NO","@id":"https:\/\/emf-consult.com\/nettbutikk\/#\/schema\/logo\/image\/","url":"https:\/\/emf-consult.com\/nettbutikk\/wp-content\/uploads\/2022\/07\/cropped-Favikon-rod-e1658786300694.png","contentUrl":"https:\/\/emf-consult.com\/nettbutikk\/wp-content\/uploads\/2022\/07\/cropped-Favikon-rod-e1658786300694.png","width":150,"height":150,"caption":"EMF Consult AS"},"image":{"@id":"https:\/\/emf-consult.com\/nettbutikk\/#\/schema\/logo\/image\/"},"sameAs":["https:\/\/www.facebook.com\/emfconsult","https:\/\/www.linkedin.com\/company\/emf-consult\/"]}]}},"_links":{"self":[{"href":"https:\/\/emf-consult.com\/nettbutikk\/wp-json\/wp\/v2\/product\/619","targetHints":{"allow":["GET"]}}],"collection":[{"href":"https:\/\/emf-consult.com\/nettbutikk\/wp-json\/wp\/v2\/product"}],"about":[{"href":"https:\/\/emf-consult.com\/nettbutikk\/wp-json\/wp\/v2\/types\/product"}],"replies":[{"embeddable":true,"href":"https:\/\/emf-consult.com\/nettbutikk\/wp-json\/wp\/v2\/comments?post=619"}],"wp:featuredmedia":[{"embeddable":true,"href":"https:\/\/emf-consult.com\/nettbutikk\/wp-json\/wp\/v2\/media\/620"}],"wp:attachment":[{"href":"https:\/\/emf-consult.com\/nettbutikk\/wp-json\/wp\/v2\/media?parent=619"}],"wp:term":[{"taxonomy":"product_brand","embeddable":true,"href":"https:\/\/emf-consult.com\/nettbutikk\/wp-json\/wp\/v2\/product_brand?post=619"},{"taxonomy":"product_cat","embeddable":true,"href":"https:\/\/emf-consult.com\/nettbutikk\/wp-json\/wp\/v2\/product_cat?post=619"},{"taxonomy":"product_tag","embeddable":true,"href":"https:\/\/emf-consult.com\/nettbutikk\/wp-json\/wp\/v2\/product_tag?post=619"}],"curies":[{"name":"wp","href":"https:\/\/api.w.org\/{rel}","templated":true}]}}