{"id":5923,"date":"2019-07-30T19:20:31","date_gmt":"2019-07-30T19:20:31","guid":{"rendered":"https:\/\/emfconsult.nyside.net\/nettbutikk\/produkt\/brille-med-blalysfilter-kids\/"},"modified":"2026-03-13T09:51:45","modified_gmt":"2026-03-13T08:51:45","slug":"brille-med-blalysfilter-kids","status":"publish","type":"product","link":"https:\/\/emf-consult.com\/nettbutikk\/produkt\/brille-med-blalysfilter-kids\/","title":{"rendered":"Brille med bl\u00e5lysfilter &#8211; Kids"},"content":{"rendered":"<p>I dag er barn limt p\u00e5 sine elektroniske enheter mer enn noen gang f\u00f8r. Dessverre kan konstant eksponering for bl\u00e5tt lys som sendes ut av skjermene p\u00e5 disse enhetene ha en rekke negative bivirkninger p\u00e5 barnets \u00f8yne og syn.<\/p>\n<p>DefenderShield\u00ae Kids brille med bl\u00e5slysfilter er den ultimate l\u00f8sningen for \u00e5 beskytte \u00f8ynene dine mot bl\u00e5tt lys som sendes ut fra digitale skjermer p\u00e5 dataskjermer, b\u00e6rbare datamaskiner, nettbrett, mobiltelefoner og andre elektroniske enheter. Mens v\u00e5re DefenderShield-linser beskytter \u00f8ynene dine mot bl\u00e5tt lys dag og natt, vil du merke en forbedring i belastningen p\u00e5 \u00f8ynene som kan f\u00f8re til hodepine, tretthet, t\u00f8rre \u00f8yne, innsovningsproblemer og problemer med \u00e5 fokusere.<\/p>\n<p>N\u00e5r du bruker v\u00e5re profesjonelle og polerte rammer, kan du f\u00f8le deg trygg p\u00e5 at de negative effektene av langtidseksponering av skadelig bl\u00e5tt lys reduseres. Vi har ergonomisk utviklet v\u00e5re unisex-bl\u00e5lys-blokkerende briller for den mest komfortable passformen du kan tenke deg.<\/p>\n<p>Funksjoner:<\/p>\n<ul>\n<li>5 stilige og morsomme rammefargealternativer \u00e5 velge mellom som er komfortable for en rekke former og st\u00f8rrelser<\/li>\n<li>Silikon gummirammer er det mest holdbare, fleksible og lette materialet p\u00e5 markedet &#8211; perfekt for barn!<\/li>\n<li>CR-90-linser er lette og knusesikre<\/li>\n<li>Anti-flekk belegg hjelper linser forbli klare for heldags bruk<\/li>\n<li>Anti-utmattethetselement \u00f8ker konsentrasjonen og lesbarheten til sm\u00e5 tegn og forbedrer skjermkontrasten<\/li>\n<li>Anti-blending belegg eliminerer praktisk talt refleksjoner fra linsene foran og bak<\/li>\n<\/ul>\n<p style=\"padding-left: 30px;\"><strong>Orange linser<\/strong><\/p>\n<ul>\n<li>Filtrer 99% skadelig bl\u00e5tt lys<\/li>\n<li>Ideell for bruk om kvelden og natten, n\u00e5r bl\u00e5tt lys har mest effekt, mens du ser p\u00e5 skjermer, fra dataskjermer, b\u00e6rbare datamaskiner, nettbrett, mobiltelefoner og andre elektroniske enheter<\/li>\n<li>Forbedre s\u00f8vnkvaliteten ved \u00e5 hjelpe deg med \u00e5 sovne raskere og fremme REM-s\u00f8vn<\/li>\n<li>Optimaliser din d\u00f8gnrytme, slik at du v\u00e5kner og f\u00f8ler deg vel uthvilt<\/li>\n<li>Kan bidra til \u00e5 forhindre risiko for glaukom og for tidlig makul\u00e6r sykdom<\/li>\n<li>Perfekt for postoperativ beskyttelse<\/li>\n<\/ul>\n<p>&nbsp;<\/p>\n<p>https:\/\/www.youtube.com\/watch?v=ajD9hds1-9E<\/p>\n","protected":false},"excerpt":{"rendered":"<p><strong>Spesifikasjoner:<\/strong><\/p>\n<ul>\n<li>Vekt (kg): 50 gram<\/li>\n<li>Bredde p\u00e5 linse\/glassdiameter (mm): 47<\/li>\n<li>Nesebrobredde (mm): 17<\/li>\n<li>Stanglengde (mm): 132<\/li>\n<li>Rammemateriale: Silicongummi<\/li>\n<li>Linsematerial:\u00a0CR-39 (plastic polymer)<\/li>\n<li>Stil: Rektangul\u00e6r<\/li>\n<\/ul>\n","protected":false},"featured_media":5924,"comment_status":"open","ping_status":"closed","template":"","meta":[],"product_brand":[],"product_cat":[29,96],"product_tag":[],"class_list":{"0":"post-5923","1":"product","2":"type-product","3":"status-publish","4":"has-post-thumbnail","6":"product_cat-data-tele","7":"product_cat-velvaereprodukter","9":"first","10":"instock","11":"taxable","12":"shipping-taxable","13":"purchasable","14":"product-type-simple"},"yoast_head":"<!-- This site is optimized with the Yoast SEO plugin v27.3 - https:\/\/yoast.com\/product\/yoast-seo-wordpress\/ -->\n<title>Brille med bl\u00e5lysfilter - Kids - EMF Consult<\/title>\n<meta name=\"robots\" content=\"index, follow, max-snippet:-1, max-image-preview:large, max-video-preview:-1\" \/>\n<link rel=\"canonical\" href=\"https:\/\/emf-consult.com\/nettbutikk\/produkt\/brille-med-blalysfilter-kids\/\" \/>\n<meta property=\"og:locale\" content=\"nb_NO\" \/>\n<meta property=\"og:type\" content=\"article\" \/>\n<meta property=\"og:title\" content=\"Brille med bl\u00e5lysfilter - Kids - EMF Consult\" \/>\n<meta property=\"og:description\" content=\"Spesifikasjoner:   Vekt (kg): 50 gram  Bredde p\u00e5 linse\/glassdiameter (mm): 47  Nesebrobredde (mm): 17  Stanglengde (mm): 132  Rammemateriale: Silicongummi  Linsematerial:\u00a0CR-39 (plastic polymer)  Stil: Rektangul\u00e6r\" \/>\n<meta property=\"og:url\" content=\"https:\/\/emf-consult.com\/nettbutikk\/produkt\/brille-med-blalysfilter-kids\/\" \/>\n<meta property=\"og:site_name\" content=\"EMF Consult\" \/>\n<meta property=\"article:publisher\" content=\"https:\/\/www.facebook.com\/emfconsult\" \/>\n<meta property=\"article:modified_time\" content=\"2026-03-13T08:51:45+00:00\" \/>\n<meta property=\"og:image\" content=\"https:\/\/emf-consult.com\/nettbutikk\/wp-content\/uploads\/2019\/11\/2019-07-30_20h26_25.jpg\" \/>\n\t<meta property=\"og:image:width\" content=\"400\" \/>\n\t<meta property=\"og:image:height\" content=\"450\" \/>\n\t<meta property=\"og:image:type\" content=\"image\/jpeg\" \/>\n<meta name=\"twitter:card\" content=\"summary_large_image\" \/>\n<meta name=\"twitter:label1\" content=\"Ansl. lesetid\" \/>\n\t<meta name=\"twitter:data1\" content=\"2 minutter\" \/>\n<script type=\"application\/ld+json\" class=\"yoast-schema-graph\">{\"@context\":\"https:\\\/\\\/schema.org\",\"@graph\":[{\"@type\":\"WebPage\",\"@id\":\"https:\\\/\\\/emf-consult.com\\\/nettbutikk\\\/produkt\\\/brille-med-blalysfilter-kids\\\/\",\"url\":\"https:\\\/\\\/emf-consult.com\\\/nettbutikk\\\/produkt\\\/brille-med-blalysfilter-kids\\\/\",\"name\":\"Brille med bl\u00e5lysfilter - Kids - EMF Consult\",\"isPartOf\":{\"@id\":\"https:\\\/\\\/emf-consult.com\\\/nettbutikk\\\/#website\"},\"primaryImageOfPage\":{\"@id\":\"https:\\\/\\\/emf-consult.com\\\/nettbutikk\\\/produkt\\\/brille-med-blalysfilter-kids\\\/#primaryimage\"},\"image\":{\"@id\":\"https:\\\/\\\/emf-consult.com\\\/nettbutikk\\\/produkt\\\/brille-med-blalysfilter-kids\\\/#primaryimage\"},\"thumbnailUrl\":\"https:\\\/\\\/emf-consult.com\\\/nettbutikk\\\/wp-content\\\/uploads\\\/2019\\\/11\\\/2019-07-30_20h26_25.jpg\",\"datePublished\":\"2019-07-30T19:20:31+00:00\",\"dateModified\":\"2026-03-13T08:51:45+00:00\",\"breadcrumb\":{\"@id\":\"https:\\\/\\\/emf-consult.com\\\/nettbutikk\\\/produkt\\\/brille-med-blalysfilter-kids\\\/#breadcrumb\"},\"inLanguage\":\"nb-NO\",\"potentialAction\":[{\"@type\":\"ReadAction\",\"target\":[\"https:\\\/\\\/emf-consult.com\\\/nettbutikk\\\/produkt\\\/brille-med-blalysfilter-kids\\\/\"]}]},{\"@type\":\"ImageObject\",\"inLanguage\":\"nb-NO\",\"@id\":\"https:\\\/\\\/emf-consult.com\\\/nettbutikk\\\/produkt\\\/brille-med-blalysfilter-kids\\\/#primaryimage\",\"url\":\"https:\\\/\\\/emf-consult.com\\\/nettbutikk\\\/wp-content\\\/uploads\\\/2019\\\/11\\\/2019-07-30_20h26_25.jpg\",\"contentUrl\":\"https:\\\/\\\/emf-consult.com\\\/nettbutikk\\\/wp-content\\\/uploads\\\/2019\\\/11\\\/2019-07-30_20h26_25.jpg\",\"width\":400,\"height\":450,\"caption\":\"Brille med bl\u00e5lysfilter - Kids\"},{\"@type\":\"BreadcrumbList\",\"@id\":\"https:\\\/\\\/emf-consult.com\\\/nettbutikk\\\/produkt\\\/brille-med-blalysfilter-kids\\\/#breadcrumb\",\"itemListElement\":[{\"@type\":\"ListItem\",\"position\":1,\"name\":\"Hjem\",\"item\":\"https:\\\/\\\/emf-consult.com\\\/nettbutikk\\\/\"},{\"@type\":\"ListItem\",\"position\":2,\"name\":\"Butikk\",\"item\":\"https:\\\/\\\/emf-consult.com\\\/nettbutikk\\\/butikk\\\/\"},{\"@type\":\"ListItem\",\"position\":3,\"name\":\"Brille med bl\u00e5lysfilter &#8211; Kids\"}]},{\"@type\":\"WebSite\",\"@id\":\"https:\\\/\\\/emf-consult.com\\\/nettbutikk\\\/#website\",\"url\":\"https:\\\/\\\/emf-consult.com\\\/nettbutikk\\\/\",\"name\":\"EMF Consult\",\"description\":\"Nettbutikk - Beskyttelse mot str\u00e5ling\",\"publisher\":{\"@id\":\"https:\\\/\\\/emf-consult.com\\\/nettbutikk\\\/#organization\"},\"potentialAction\":[{\"@type\":\"SearchAction\",\"target\":{\"@type\":\"EntryPoint\",\"urlTemplate\":\"https:\\\/\\\/emf-consult.com\\\/nettbutikk\\\/?s={search_term_string}\"},\"query-input\":{\"@type\":\"PropertyValueSpecification\",\"valueRequired\":true,\"valueName\":\"search_term_string\"}}],\"inLanguage\":\"nb-NO\"},{\"@type\":\"Organization\",\"@id\":\"https:\\\/\\\/emf-consult.com\\\/nettbutikk\\\/#organization\",\"name\":\"EMF Consult AS\",\"url\":\"https:\\\/\\\/emf-consult.com\\\/nettbutikk\\\/\",\"logo\":{\"@type\":\"ImageObject\",\"inLanguage\":\"nb-NO\",\"@id\":\"https:\\\/\\\/emf-consult.com\\\/nettbutikk\\\/#\\\/schema\\\/logo\\\/image\\\/\",\"url\":\"https:\\\/\\\/emf-consult.com\\\/nettbutikk\\\/wp-content\\\/uploads\\\/2022\\\/07\\\/cropped-Favikon-rod-e1658786300694.png\",\"contentUrl\":\"https:\\\/\\\/emf-consult.com\\\/nettbutikk\\\/wp-content\\\/uploads\\\/2022\\\/07\\\/cropped-Favikon-rod-e1658786300694.png\",\"width\":150,\"height\":150,\"caption\":\"EMF Consult AS\"},\"image\":{\"@id\":\"https:\\\/\\\/emf-consult.com\\\/nettbutikk\\\/#\\\/schema\\\/logo\\\/image\\\/\"},\"sameAs\":[\"https:\\\/\\\/www.facebook.com\\\/emfconsult\",\"https:\\\/\\\/www.linkedin.com\\\/company\\\/emf-consult\\\/\"]}]}<\/script>\n<!-- \/ Yoast SEO plugin. -->","yoast_head_json":{"title":"Brille med bl\u00e5lysfilter - Kids - EMF Consult","robots":{"index":"index","follow":"follow","max-snippet":"max-snippet:-1","max-image-preview":"max-image-preview:large","max-video-preview":"max-video-preview:-1"},"canonical":"https:\/\/emf-consult.com\/nettbutikk\/produkt\/brille-med-blalysfilter-kids\/","og_locale":"nb_NO","og_type":"article","og_title":"Brille med bl\u00e5lysfilter - Kids - EMF Consult","og_description":"Spesifikasjoner:   Vekt (kg): 50 gram  Bredde p\u00e5 linse\/glassdiameter (mm): 47  Nesebrobredde (mm): 17  Stanglengde (mm): 132  Rammemateriale: Silicongummi  Linsematerial:\u00a0CR-39 (plastic polymer)  Stil: Rektangul\u00e6r","og_url":"https:\/\/emf-consult.com\/nettbutikk\/produkt\/brille-med-blalysfilter-kids\/","og_site_name":"EMF Consult","article_publisher":"https:\/\/www.facebook.com\/emfconsult","article_modified_time":"2026-03-13T08:51:45+00:00","og_image":[{"width":400,"height":450,"url":"https:\/\/emf-consult.com\/nettbutikk\/wp-content\/uploads\/2019\/11\/2019-07-30_20h26_25.jpg","type":"image\/jpeg"}],"twitter_card":"summary_large_image","twitter_misc":{"Ansl. lesetid":"2 minutter"},"schema":{"@context":"https:\/\/schema.org","@graph":[{"@type":"WebPage","@id":"https:\/\/emf-consult.com\/nettbutikk\/produkt\/brille-med-blalysfilter-kids\/","url":"https:\/\/emf-consult.com\/nettbutikk\/produkt\/brille-med-blalysfilter-kids\/","name":"Brille med bl\u00e5lysfilter - Kids - EMF Consult","isPartOf":{"@id":"https:\/\/emf-consult.com\/nettbutikk\/#website"},"primaryImageOfPage":{"@id":"https:\/\/emf-consult.com\/nettbutikk\/produkt\/brille-med-blalysfilter-kids\/#primaryimage"},"image":{"@id":"https:\/\/emf-consult.com\/nettbutikk\/produkt\/brille-med-blalysfilter-kids\/#primaryimage"},"thumbnailUrl":"https:\/\/emf-consult.com\/nettbutikk\/wp-content\/uploads\/2019\/11\/2019-07-30_20h26_25.jpg","datePublished":"2019-07-30T19:20:31+00:00","dateModified":"2026-03-13T08:51:45+00:00","breadcrumb":{"@id":"https:\/\/emf-consult.com\/nettbutikk\/produkt\/brille-med-blalysfilter-kids\/#breadcrumb"},"inLanguage":"nb-NO","potentialAction":[{"@type":"ReadAction","target":["https:\/\/emf-consult.com\/nettbutikk\/produkt\/brille-med-blalysfilter-kids\/"]}]},{"@type":"ImageObject","inLanguage":"nb-NO","@id":"https:\/\/emf-consult.com\/nettbutikk\/produkt\/brille-med-blalysfilter-kids\/#primaryimage","url":"https:\/\/emf-consult.com\/nettbutikk\/wp-content\/uploads\/2019\/11\/2019-07-30_20h26_25.jpg","contentUrl":"https:\/\/emf-consult.com\/nettbutikk\/wp-content\/uploads\/2019\/11\/2019-07-30_20h26_25.jpg","width":400,"height":450,"caption":"Brille med bl\u00e5lysfilter - Kids"},{"@type":"BreadcrumbList","@id":"https:\/\/emf-consult.com\/nettbutikk\/produkt\/brille-med-blalysfilter-kids\/#breadcrumb","itemListElement":[{"@type":"ListItem","position":1,"name":"Hjem","item":"https:\/\/emf-consult.com\/nettbutikk\/"},{"@type":"ListItem","position":2,"name":"Butikk","item":"https:\/\/emf-consult.com\/nettbutikk\/butikk\/"},{"@type":"ListItem","position":3,"name":"Brille med bl\u00e5lysfilter &#8211; Kids"}]},{"@type":"WebSite","@id":"https:\/\/emf-consult.com\/nettbutikk\/#website","url":"https:\/\/emf-consult.com\/nettbutikk\/","name":"EMF Consult","description":"Nettbutikk - Beskyttelse mot str\u00e5ling","publisher":{"@id":"https:\/\/emf-consult.com\/nettbutikk\/#organization"},"potentialAction":[{"@type":"SearchAction","target":{"@type":"EntryPoint","urlTemplate":"https:\/\/emf-consult.com\/nettbutikk\/?s={search_term_string}"},"query-input":{"@type":"PropertyValueSpecification","valueRequired":true,"valueName":"search_term_string"}}],"inLanguage":"nb-NO"},{"@type":"Organization","@id":"https:\/\/emf-consult.com\/nettbutikk\/#organization","name":"EMF Consult AS","url":"https:\/\/emf-consult.com\/nettbutikk\/","logo":{"@type":"ImageObject","inLanguage":"nb-NO","@id":"https:\/\/emf-consult.com\/nettbutikk\/#\/schema\/logo\/image\/","url":"https:\/\/emf-consult.com\/nettbutikk\/wp-content\/uploads\/2022\/07\/cropped-Favikon-rod-e1658786300694.png","contentUrl":"https:\/\/emf-consult.com\/nettbutikk\/wp-content\/uploads\/2022\/07\/cropped-Favikon-rod-e1658786300694.png","width":150,"height":150,"caption":"EMF Consult AS"},"image":{"@id":"https:\/\/emf-consult.com\/nettbutikk\/#\/schema\/logo\/image\/"},"sameAs":["https:\/\/www.facebook.com\/emfconsult","https:\/\/www.linkedin.com\/company\/emf-consult\/"]}]}},"_links":{"self":[{"href":"https:\/\/emf-consult.com\/nettbutikk\/wp-json\/wp\/v2\/product\/5923","targetHints":{"allow":["GET"]}}],"collection":[{"href":"https:\/\/emf-consult.com\/nettbutikk\/wp-json\/wp\/v2\/product"}],"about":[{"href":"https:\/\/emf-consult.com\/nettbutikk\/wp-json\/wp\/v2\/types\/product"}],"replies":[{"embeddable":true,"href":"https:\/\/emf-consult.com\/nettbutikk\/wp-json\/wp\/v2\/comments?post=5923"}],"wp:featuredmedia":[{"embeddable":true,"href":"https:\/\/emf-consult.com\/nettbutikk\/wp-json\/wp\/v2\/media\/5924"}],"wp:attachment":[{"href":"https:\/\/emf-consult.com\/nettbutikk\/wp-json\/wp\/v2\/media?parent=5923"}],"wp:term":[{"taxonomy":"product_brand","embeddable":true,"href":"https:\/\/emf-consult.com\/nettbutikk\/wp-json\/wp\/v2\/product_brand?post=5923"},{"taxonomy":"product_cat","embeddable":true,"href":"https:\/\/emf-consult.com\/nettbutikk\/wp-json\/wp\/v2\/product_cat?post=5923"},{"taxonomy":"product_tag","embeddable":true,"href":"https:\/\/emf-consult.com\/nettbutikk\/wp-json\/wp\/v2\/product_tag?post=5923"}],"curies":[{"name":"wp","href":"https:\/\/api.w.org\/{rel}","templated":true}]}}