{"id":592,"date":"2016-11-24T09:39:31","date_gmt":"2016-11-24T09:39:31","guid":{"rendered":"https:\/\/emfconsult.nyside.net\/nettbutikk\/produkt\/hf-isotrop-antenne-ubb-2410\/"},"modified":"2025-11-10T10:14:24","modified_gmt":"2025-11-10T09:14:24","slug":"hf-isotrop-antenne-ubb-2410","status":"publish","type":"product","link":"https:\/\/emf-consult.com\/nettbutikk\/produkt\/hf-isotrop-antenne-ubb-2410\/","title":{"rendered":"HF Isotrop antenne UBB 2410"},"content":{"rendered":"<p><strong>Bruksomr\u00e5de:<\/strong><\/p>\n<p>Istrop (rundtstr\u00e5lende) Ultra Bredb\u00e5nd antenne (UBB 2410) for m\u00e5ling av total innkommende str\u00e5ling.<\/p>\n<p>Den store fordelen med HFW59D er dens evne til \u00e5 m\u00e5le radarfrekvenser mellom 8,5 og 9,5 GHz. Men p\u00e5 grunn av den relativt langsomme rotasjonen p\u00e5 en radar, er det sv\u00e6rt vanskelig \u00e5 fange maks signalet ved hjelp av en LogPer antenne. Med en UBB 2410 rundstr\u00e5lende antenne blir dette mye enklere. I tillegg s\u00e5 er en rundstr\u00e5lende antenne selvsagt mye bedre for fastsettelse av den totale eksponeringen i m\u00e5lepunktet.<\/p>\n<p>Den rundstr\u00e5lende antennen kan brukes i kombinasjon med HFW59D og HFW35C.<\/p>\n","protected":false},"excerpt":{"rendered":"<p>Frekvensomr\u00e5de: 2,4 GHz til 10 GHz.<\/p>\n<p>For HFW35C virker denne kun for 2,4 GHz til 6 GHz.<\/p>\n<p>Gigahertz Solutions har tilpasset frekvensresponsen av denne antennen til den tilsvarende LogPer antennen, slik at begge kan brukes uten behov for konvertering. En HV 20 pre-forsterker kan v\u00e6re koblet for \u00e5 \u00f8ke oppl\u00f8sningen.<\/p>\n<p>V\u00e6r oppmerksom p\u00e5 at for HFW35C vil denne kombinasjonen klart redusere batterilevetid p\u00e5 grunn av sv\u00e6rt h\u00f8yt str\u00f8mforbruk. Vi anbefaler derfor \u00e5 alltid ha reservebatterier for h\u00e5nden!<\/p>\n","protected":false},"featured_media":593,"comment_status":"open","ping_status":"closed","template":"","meta":[],"product_brand":[],"product_cat":[25],"product_tag":[],"class_list":{"0":"post-592","1":"product","2":"type-product","3":"status-publish","4":"has-post-thumbnail","6":"product_cat-tilleggsutstyr-hf","8":"first","9":"onbackorder","10":"taxable","11":"shipping-taxable","12":"purchasable","13":"product-type-simple"},"yoast_head":"<!-- This site is optimized with the Yoast SEO plugin v27.4 - https:\/\/yoast.com\/product\/yoast-seo-wordpress\/ -->\n<title>HF Isotrop antenne UBB 2410 - EMF Consult<\/title>\n<meta name=\"robots\" content=\"index, follow, max-snippet:-1, max-image-preview:large, max-video-preview:-1\" \/>\n<link rel=\"canonical\" href=\"https:\/\/emf-consult.com\/nettbutikk\/produkt\/hf-isotrop-antenne-ubb-2410\/\" \/>\n<meta property=\"og:locale\" content=\"nb_NO\" \/>\n<meta property=\"og:type\" content=\"article\" \/>\n<meta property=\"og:title\" content=\"HF Isotrop antenne UBB 2410 - EMF Consult\" \/>\n<meta property=\"og:description\" content=\"Frekvensomr\u00e5de: 2,4 GHz til 10 GHz.  For HFW35C virker denne kun for 2,4 GHz til 6 GHz.  Gigahertz Solutions har tilpasset frekvensresponsen av denne antennen til den tilsvarende LogPer antennen, slik at begge kan brukes uten behov for konvertering. En HV 20 pre-forsterker kan v\u00e6re koblet for \u00e5 \u00f8ke oppl\u00f8sningen.  V\u00e6r oppmerksom p\u00e5 at for HFW35C vil denne kombinasjonen klart redusere batterilevetid p\u00e5 grunn av sv\u00e6rt h\u00f8yt str\u00f8mforbruk. Vi anbefaler derfor \u00e5 alltid ha reservebatterier for h\u00e5nden!\" \/>\n<meta property=\"og:url\" content=\"https:\/\/emf-consult.com\/nettbutikk\/produkt\/hf-isotrop-antenne-ubb-2410\/\" \/>\n<meta property=\"og:site_name\" content=\"EMF Consult\" \/>\n<meta property=\"article:publisher\" content=\"https:\/\/www.facebook.com\/emfconsult\" \/>\n<meta property=\"article:modified_time\" content=\"2025-11-10T09:14:24+00:00\" \/>\n<meta property=\"og:image\" content=\"https:\/\/emf-consult.com\/nettbutikk\/wp-content\/uploads\/2019\/11\/UBB2410-1-1.png\" \/>\n\t<meta property=\"og:image:width\" content=\"400\" \/>\n\t<meta property=\"og:image:height\" content=\"450\" \/>\n\t<meta property=\"og:image:type\" content=\"image\/png\" \/>\n<meta name=\"twitter:card\" content=\"summary_large_image\" \/>\n<meta name=\"twitter:label1\" content=\"Ansl. lesetid\" \/>\n\t<meta name=\"twitter:data1\" content=\"1 minutt\" \/>\n<script type=\"application\/ld+json\" class=\"yoast-schema-graph\">{\"@context\":\"https:\\\/\\\/schema.org\",\"@graph\":[{\"@type\":\"WebPage\",\"@id\":\"https:\\\/\\\/emf-consult.com\\\/nettbutikk\\\/produkt\\\/hf-isotrop-antenne-ubb-2410\\\/\",\"url\":\"https:\\\/\\\/emf-consult.com\\\/nettbutikk\\\/produkt\\\/hf-isotrop-antenne-ubb-2410\\\/\",\"name\":\"HF Isotrop antenne UBB 2410 - EMF Consult\",\"isPartOf\":{\"@id\":\"https:\\\/\\\/emf-consult.com\\\/nettbutikk\\\/#website\"},\"primaryImageOfPage\":{\"@id\":\"https:\\\/\\\/emf-consult.com\\\/nettbutikk\\\/produkt\\\/hf-isotrop-antenne-ubb-2410\\\/#primaryimage\"},\"image\":{\"@id\":\"https:\\\/\\\/emf-consult.com\\\/nettbutikk\\\/produkt\\\/hf-isotrop-antenne-ubb-2410\\\/#primaryimage\"},\"thumbnailUrl\":\"https:\\\/\\\/emf-consult.com\\\/nettbutikk\\\/wp-content\\\/uploads\\\/2019\\\/11\\\/UBB2410-1-1.png\",\"datePublished\":\"2016-11-24T09:39:31+00:00\",\"dateModified\":\"2025-11-10T09:14:24+00:00\",\"breadcrumb\":{\"@id\":\"https:\\\/\\\/emf-consult.com\\\/nettbutikk\\\/produkt\\\/hf-isotrop-antenne-ubb-2410\\\/#breadcrumb\"},\"inLanguage\":\"nb-NO\",\"potentialAction\":[{\"@type\":\"ReadAction\",\"target\":[\"https:\\\/\\\/emf-consult.com\\\/nettbutikk\\\/produkt\\\/hf-isotrop-antenne-ubb-2410\\\/\"]}]},{\"@type\":\"ImageObject\",\"inLanguage\":\"nb-NO\",\"@id\":\"https:\\\/\\\/emf-consult.com\\\/nettbutikk\\\/produkt\\\/hf-isotrop-antenne-ubb-2410\\\/#primaryimage\",\"url\":\"https:\\\/\\\/emf-consult.com\\\/nettbutikk\\\/wp-content\\\/uploads\\\/2019\\\/11\\\/UBB2410-1-1.png\",\"contentUrl\":\"https:\\\/\\\/emf-consult.com\\\/nettbutikk\\\/wp-content\\\/uploads\\\/2019\\\/11\\\/UBB2410-1-1.png\",\"width\":400,\"height\":450,\"caption\":\"HF Isotrop antenne UBB 2410\"},{\"@type\":\"BreadcrumbList\",\"@id\":\"https:\\\/\\\/emf-consult.com\\\/nettbutikk\\\/produkt\\\/hf-isotrop-antenne-ubb-2410\\\/#breadcrumb\",\"itemListElement\":[{\"@type\":\"ListItem\",\"position\":1,\"name\":\"Hjem\",\"item\":\"https:\\\/\\\/emf-consult.com\\\/nettbutikk\\\/\"},{\"@type\":\"ListItem\",\"position\":2,\"name\":\"Butikk\",\"item\":\"https:\\\/\\\/emf-consult.com\\\/nettbutikk\\\/butikk\\\/\"},{\"@type\":\"ListItem\",\"position\":3,\"name\":\"HF Isotrop antenne UBB 2410\"}]},{\"@type\":\"WebSite\",\"@id\":\"https:\\\/\\\/emf-consult.com\\\/nettbutikk\\\/#website\",\"url\":\"https:\\\/\\\/emf-consult.com\\\/nettbutikk\\\/\",\"name\":\"EMF Consult\",\"description\":\"Nettbutikk - Beskyttelse mot str\u00e5ling\",\"publisher\":{\"@id\":\"https:\\\/\\\/emf-consult.com\\\/nettbutikk\\\/#organization\"},\"potentialAction\":[{\"@type\":\"SearchAction\",\"target\":{\"@type\":\"EntryPoint\",\"urlTemplate\":\"https:\\\/\\\/emf-consult.com\\\/nettbutikk\\\/?s={search_term_string}\"},\"query-input\":{\"@type\":\"PropertyValueSpecification\",\"valueRequired\":true,\"valueName\":\"search_term_string\"}}],\"inLanguage\":\"nb-NO\"},{\"@type\":\"Organization\",\"@id\":\"https:\\\/\\\/emf-consult.com\\\/nettbutikk\\\/#organization\",\"name\":\"EMF Consult AS\",\"url\":\"https:\\\/\\\/emf-consult.com\\\/nettbutikk\\\/\",\"logo\":{\"@type\":\"ImageObject\",\"inLanguage\":\"nb-NO\",\"@id\":\"https:\\\/\\\/emf-consult.com\\\/nettbutikk\\\/#\\\/schema\\\/logo\\\/image\\\/\",\"url\":\"https:\\\/\\\/emf-consult.com\\\/nettbutikk\\\/wp-content\\\/uploads\\\/2022\\\/07\\\/cropped-Favikon-rod-e1658786300694.png\",\"contentUrl\":\"https:\\\/\\\/emf-consult.com\\\/nettbutikk\\\/wp-content\\\/uploads\\\/2022\\\/07\\\/cropped-Favikon-rod-e1658786300694.png\",\"width\":150,\"height\":150,\"caption\":\"EMF Consult AS\"},\"image\":{\"@id\":\"https:\\\/\\\/emf-consult.com\\\/nettbutikk\\\/#\\\/schema\\\/logo\\\/image\\\/\"},\"sameAs\":[\"https:\\\/\\\/www.facebook.com\\\/emfconsult\",\"https:\\\/\\\/www.linkedin.com\\\/company\\\/emf-consult\\\/\"]}]}<\/script>\n<!-- \/ Yoast SEO plugin. -->","yoast_head_json":{"title":"HF Isotrop antenne UBB 2410 - EMF Consult","robots":{"index":"index","follow":"follow","max-snippet":"max-snippet:-1","max-image-preview":"max-image-preview:large","max-video-preview":"max-video-preview:-1"},"canonical":"https:\/\/emf-consult.com\/nettbutikk\/produkt\/hf-isotrop-antenne-ubb-2410\/","og_locale":"nb_NO","og_type":"article","og_title":"HF Isotrop antenne UBB 2410 - EMF Consult","og_description":"Frekvensomr\u00e5de: 2,4 GHz til 10 GHz.  For HFW35C virker denne kun for 2,4 GHz til 6 GHz.  Gigahertz Solutions har tilpasset frekvensresponsen av denne antennen til den tilsvarende LogPer antennen, slik at begge kan brukes uten behov for konvertering. En HV 20 pre-forsterker kan v\u00e6re koblet for \u00e5 \u00f8ke oppl\u00f8sningen.  V\u00e6r oppmerksom p\u00e5 at for HFW35C vil denne kombinasjonen klart redusere batterilevetid p\u00e5 grunn av sv\u00e6rt h\u00f8yt str\u00f8mforbruk. Vi anbefaler derfor \u00e5 alltid ha reservebatterier for h\u00e5nden!","og_url":"https:\/\/emf-consult.com\/nettbutikk\/produkt\/hf-isotrop-antenne-ubb-2410\/","og_site_name":"EMF Consult","article_publisher":"https:\/\/www.facebook.com\/emfconsult","article_modified_time":"2025-11-10T09:14:24+00:00","og_image":[{"width":400,"height":450,"url":"https:\/\/emf-consult.com\/nettbutikk\/wp-content\/uploads\/2019\/11\/UBB2410-1-1.png","type":"image\/png"}],"twitter_card":"summary_large_image","twitter_misc":{"Ansl. lesetid":"1 minutt"},"schema":{"@context":"https:\/\/schema.org","@graph":[{"@type":"WebPage","@id":"https:\/\/emf-consult.com\/nettbutikk\/produkt\/hf-isotrop-antenne-ubb-2410\/","url":"https:\/\/emf-consult.com\/nettbutikk\/produkt\/hf-isotrop-antenne-ubb-2410\/","name":"HF Isotrop antenne UBB 2410 - EMF Consult","isPartOf":{"@id":"https:\/\/emf-consult.com\/nettbutikk\/#website"},"primaryImageOfPage":{"@id":"https:\/\/emf-consult.com\/nettbutikk\/produkt\/hf-isotrop-antenne-ubb-2410\/#primaryimage"},"image":{"@id":"https:\/\/emf-consult.com\/nettbutikk\/produkt\/hf-isotrop-antenne-ubb-2410\/#primaryimage"},"thumbnailUrl":"https:\/\/emf-consult.com\/nettbutikk\/wp-content\/uploads\/2019\/11\/UBB2410-1-1.png","datePublished":"2016-11-24T09:39:31+00:00","dateModified":"2025-11-10T09:14:24+00:00","breadcrumb":{"@id":"https:\/\/emf-consult.com\/nettbutikk\/produkt\/hf-isotrop-antenne-ubb-2410\/#breadcrumb"},"inLanguage":"nb-NO","potentialAction":[{"@type":"ReadAction","target":["https:\/\/emf-consult.com\/nettbutikk\/produkt\/hf-isotrop-antenne-ubb-2410\/"]}]},{"@type":"ImageObject","inLanguage":"nb-NO","@id":"https:\/\/emf-consult.com\/nettbutikk\/produkt\/hf-isotrop-antenne-ubb-2410\/#primaryimage","url":"https:\/\/emf-consult.com\/nettbutikk\/wp-content\/uploads\/2019\/11\/UBB2410-1-1.png","contentUrl":"https:\/\/emf-consult.com\/nettbutikk\/wp-content\/uploads\/2019\/11\/UBB2410-1-1.png","width":400,"height":450,"caption":"HF Isotrop antenne UBB 2410"},{"@type":"BreadcrumbList","@id":"https:\/\/emf-consult.com\/nettbutikk\/produkt\/hf-isotrop-antenne-ubb-2410\/#breadcrumb","itemListElement":[{"@type":"ListItem","position":1,"name":"Hjem","item":"https:\/\/emf-consult.com\/nettbutikk\/"},{"@type":"ListItem","position":2,"name":"Butikk","item":"https:\/\/emf-consult.com\/nettbutikk\/butikk\/"},{"@type":"ListItem","position":3,"name":"HF Isotrop antenne UBB 2410"}]},{"@type":"WebSite","@id":"https:\/\/emf-consult.com\/nettbutikk\/#website","url":"https:\/\/emf-consult.com\/nettbutikk\/","name":"EMF Consult","description":"Nettbutikk - Beskyttelse mot str\u00e5ling","publisher":{"@id":"https:\/\/emf-consult.com\/nettbutikk\/#organization"},"potentialAction":[{"@type":"SearchAction","target":{"@type":"EntryPoint","urlTemplate":"https:\/\/emf-consult.com\/nettbutikk\/?s={search_term_string}"},"query-input":{"@type":"PropertyValueSpecification","valueRequired":true,"valueName":"search_term_string"}}],"inLanguage":"nb-NO"},{"@type":"Organization","@id":"https:\/\/emf-consult.com\/nettbutikk\/#organization","name":"EMF Consult AS","url":"https:\/\/emf-consult.com\/nettbutikk\/","logo":{"@type":"ImageObject","inLanguage":"nb-NO","@id":"https:\/\/emf-consult.com\/nettbutikk\/#\/schema\/logo\/image\/","url":"https:\/\/emf-consult.com\/nettbutikk\/wp-content\/uploads\/2022\/07\/cropped-Favikon-rod-e1658786300694.png","contentUrl":"https:\/\/emf-consult.com\/nettbutikk\/wp-content\/uploads\/2022\/07\/cropped-Favikon-rod-e1658786300694.png","width":150,"height":150,"caption":"EMF Consult AS"},"image":{"@id":"https:\/\/emf-consult.com\/nettbutikk\/#\/schema\/logo\/image\/"},"sameAs":["https:\/\/www.facebook.com\/emfconsult","https:\/\/www.linkedin.com\/company\/emf-consult\/"]}]}},"_links":{"self":[{"href":"https:\/\/emf-consult.com\/nettbutikk\/wp-json\/wp\/v2\/product\/592","targetHints":{"allow":["GET"]}}],"collection":[{"href":"https:\/\/emf-consult.com\/nettbutikk\/wp-json\/wp\/v2\/product"}],"about":[{"href":"https:\/\/emf-consult.com\/nettbutikk\/wp-json\/wp\/v2\/types\/product"}],"replies":[{"embeddable":true,"href":"https:\/\/emf-consult.com\/nettbutikk\/wp-json\/wp\/v2\/comments?post=592"}],"wp:featuredmedia":[{"embeddable":true,"href":"https:\/\/emf-consult.com\/nettbutikk\/wp-json\/wp\/v2\/media\/593"}],"wp:attachment":[{"href":"https:\/\/emf-consult.com\/nettbutikk\/wp-json\/wp\/v2\/media?parent=592"}],"wp:term":[{"taxonomy":"product_brand","embeddable":true,"href":"https:\/\/emf-consult.com\/nettbutikk\/wp-json\/wp\/v2\/product_brand?post=592"},{"taxonomy":"product_cat","embeddable":true,"href":"https:\/\/emf-consult.com\/nettbutikk\/wp-json\/wp\/v2\/product_cat?post=592"},{"taxonomy":"product_tag","embeddable":true,"href":"https:\/\/emf-consult.com\/nettbutikk\/wp-json\/wp\/v2\/product_tag?post=592"}],"curies":[{"name":"wp","href":"https:\/\/api.w.org\/{rel}","templated":true}]}}