{"id":578,"date":"2016-11-24T10:28:13","date_gmt":"2016-11-24T10:28:13","guid":{"rendered":"https:\/\/emfconsult.nyside.net\/nettbutikk\/produkt\/hf-analysator-hfe59b\/"},"modified":"2022-12-07T21:14:32","modified_gmt":"2022-12-07T20:14:32","slug":"hf-analysator-hfe59b","status":"publish","type":"product","link":"https:\/\/emf-consult.com\/nettbutikk\/produkt\/hf-analysator-hfe59b\/","title":{"rendered":"HF analysator HFE59B"},"content":{"rendered":"<p><strong>Bruksomr\u00e5de:<\/strong><br \/>\nDette er et tysk kvalitetsinstrument som er utviklet for profesjonell m\u00e5ling av h\u00f8yfrekvens elektromagnetiske str\u00e5ling i hjem, p\u00e5 arbeidsplassen eller i uteomr\u00e5der. Apparatet m\u00e5ler str\u00e5ling b\u00e5de fra pulskilder og kontinuerlige kilder i frekvensomr\u00e5det fra 27 MHz til 3,3 GHz. Det betyr at str\u00e5ling fra b\u00e5de mobilnettet, n\u00f8dnettet og andre radiosignaler kan m\u00e5les med apparatet. Apparatet har egen innstilling for korrekt m\u00e5ling av de nye h\u00f8yhastighet mobilnettene (UMTS og LTE).<\/p>\n<p>Instrumentet leveres med to antenner, en isotrop antenne som fanger opp str\u00e5ling fra alle retninger samtidig og en LogPer antenne som er egnet til retningsbestemmelse av str\u00e5lingen. Apparatet er egnet for krevende m\u00e5leoppgaver.<\/p>\n<p><strong>Funksjoner:<\/strong><br \/>\nInstrumentet m\u00e5ler h\u00f8yfrekvens str\u00e5ling i frekvensomr\u00e5det 27 MHz til 3,3 GHz med den medf\u00f8lgende isotrop antennen. Med LogPer antenne er m\u00e5leomr\u00e5det fra 700 MHz til 3,3 GHz. Apparatet kan m\u00e5le b\u00e5de termisk energi i str\u00e5lingen (rms) og energiinnhold i pulstoppene i pulssignaler. Den f\u00f8rste type m\u00e5ling er egnet til \u00e5 sammenligne str\u00e5lingen med termisk baserte grenseverdier, mens den andre type m\u00e5ling er egnet for \u00e5 sammenligne str\u00e5lingen med biologisk baserte grenseverdier. Apparatet har bryter for m\u00e5ling av 1) total str\u00e5ling, dvs b\u00e5de kontinuerlige str\u00e5ling fra vanlige radiosendere og pulssignaler og 2) kun pulsdelen i str\u00e5lingen.<\/p>\n<p>Det er egen innstilling for korrekt m\u00e5ling av de nye h\u00f8yhastighet mobilnettene (UMTS og LTE). Dette er en viktig funksjon siden det er en sterkt \u00f8kende utbygging av slike nett.<\/p>\n<p>M\u00e5leverdiene angis i enheter som er vanlig brukt \u00b5W\/m2 og mW\/m2 \u2013 ingen omregning er n\u00f8dvendig n\u00e5r en skal sammenligne med grenseverdier. Apparatet har h\u00f8yttaler for audio-analyse av signalet.<\/p>\n<p>Apparatet har utgang for tilkobling av loggeenhet for langtidsm\u00e5ling av str\u00e5ling. Dette er en nyttig funksjon siden str\u00e5lingen fra mobilnettet varier mye i l\u00f8pet av et d\u00f8gn\/uke.<\/p>\n<p><strong>Spesifikasjoner:<\/strong><\/p>\n<p>Frekvensomr\u00e5de: 27 MHz til over 3,3 GHz<\/p>\n<p><strong>M\u00e5leomr\u00e5de:<\/strong><br \/>\nEnergitetthet i str\u00e5lingen: 0,001\u2013 1 999 000 \u00b5W\/m2 (1 nanoW\/m2 \u2013 1 999 W\/m2) ved bruk av medf\u00f8lgende forsterkerelement eller dempeelement. Egen bryter for innstillig av aktuelt dempe\/forsterkerledd slik at korrekt m\u00e5leverdi kan avleses direkte p\u00e5 instrumentet \u2013 ingen omregning er n\u00f8dvendig.<\/p>\n<p>N\u00f8yaktighet: \u00b1 3 dB, \u00b1 5 siffer med LogPer antenne, \u00b1 4,5 dB med isotrop antenne.<\/p>\n<p>Antenner: 2 antenner f\u00f8lger med. En LogPer antenne for retningsbestemming av str\u00e5ling og en istrop (rundtstr\u00e5lende) bredb\u00e5nd antenne (UBB27_G3) for m\u00e5ling av total innkommende str\u00e5ling.<\/p>\n<p>Audio analyse: Akustisk signal som er proporsjonalt med feltstyrke. Signalet er demodulert slik at en kan kjenne igjen lydsignatur fra s\u00e5 som GSM, UMTS, WLAN osv.<\/p>\n<p>Signalbehandling: Kontinuerlig m\u00e5ling av toppverdi og rms-verdi av signalet, Peak hold funksjon for holde toppverdi av signalet. Omkopling mellom m\u00e5ling av total og pulsdel av str\u00e5lingen.<\/p>\n<p>Signalutgang: AC (demodulert signal, kalibrert), DC utgang for aktuell m\u00e5leverdi<\/p>\n<p>Str\u00f8mforsyning: 9,6 Volt NiMH oppladbart batteri (inkludert), gjennomsnittlig brukstid 7-8 timer (3-4 timer med UBB27_G3 antenne).<\/p>\n<p>Lavt batteriniv\u00e5 indikator, Auto-av funksjon, kan deaktiveres ved langtidsm\u00e5ling.<\/p>\n<p>Vekt: 1,97 kg<\/p>\n<p>Apparatet leveres komplett med f\u00f8lgende utstyr:<br \/>\nM\u00e5leinstrument, LogPer og UBB isotrop antenne, h\u00f8ypassfilter HP700 (700 MHz), Forsterkerekement HV10 (+10 dB), Dempeledd DG20_G10 (-20 dB), internt NiMH oppladbart batteri, batterilader, brukermanual (engelsk) og oppbevaringskoffert i plast.<\/p>\n","protected":false},"excerpt":{"rendered":"<p>Bruksomr\u00e5de: Dette er et tysk kvalitetsinstrument som er utviklet for profesjonell m\u00e5ling av h\u00f8yfrekvens elektromagnetiske str\u00e5ling i hjem, p\u00e5 arbeidsplassen<\/p>\n","protected":false},"featured_media":579,"comment_status":"open","ping_status":"closed","template":"","meta":[],"product_brand":[],"product_cat":[20],"product_tag":[],"class_list":{"0":"post-578","1":"product","2":"type-product","3":"status-publish","4":"has-post-thumbnail","6":"product_cat-maleinstrumenter-hf","8":"first","9":"onbackorder","10":"taxable","11":"shipping-taxable","12":"purchasable","13":"product-type-simple"},"yoast_head":"<!-- This site is optimized with the Yoast SEO plugin v27.4 - https:\/\/yoast.com\/product\/yoast-seo-wordpress\/ -->\n<title>HF analysator HFE59B - EMF Consult<\/title>\n<meta name=\"robots\" content=\"index, follow, max-snippet:-1, max-image-preview:large, max-video-preview:-1\" \/>\n<link rel=\"canonical\" href=\"https:\/\/emf-consult.com\/nettbutikk\/produkt\/hf-analysator-hfe59b\/\" \/>\n<meta property=\"og:locale\" content=\"nb_NO\" \/>\n<meta property=\"og:type\" content=\"article\" \/>\n<meta property=\"og:title\" content=\"HF analysator HFE59B - EMF Consult\" \/>\n<meta property=\"og:description\" content=\"Bruksomr\u00e5de: Dette er et tysk kvalitetsinstrument som er utviklet for profesjonell m\u00e5ling av h\u00f8yfrekvens elektromagnetiske str\u00e5ling i hjem, p\u00e5 arbeidsplassen\" \/>\n<meta property=\"og:url\" content=\"https:\/\/emf-consult.com\/nettbutikk\/produkt\/hf-analysator-hfe59b\/\" \/>\n<meta property=\"og:site_name\" content=\"EMF Consult\" \/>\n<meta property=\"article:publisher\" content=\"https:\/\/www.facebook.com\/emfconsult\" \/>\n<meta property=\"article:modified_time\" content=\"2022-12-07T20:14:32+00:00\" \/>\n<meta property=\"og:image\" content=\"https:\/\/emf-consult.com\/nettbutikk\/wp-content\/uploads\/2019\/11\/p18-1.jpg\" \/>\n\t<meta property=\"og:image:width\" content=\"400\" \/>\n\t<meta property=\"og:image:height\" content=\"450\" \/>\n\t<meta property=\"og:image:type\" content=\"image\/jpeg\" \/>\n<meta name=\"twitter:card\" content=\"summary_large_image\" \/>\n<meta name=\"twitter:label1\" content=\"Ansl. lesetid\" \/>\n\t<meta name=\"twitter:data1\" content=\"3 minutter\" \/>\n<script type=\"application\/ld+json\" class=\"yoast-schema-graph\">{\"@context\":\"https:\\\/\\\/schema.org\",\"@graph\":[{\"@type\":\"WebPage\",\"@id\":\"https:\\\/\\\/emf-consult.com\\\/nettbutikk\\\/produkt\\\/hf-analysator-hfe59b\\\/\",\"url\":\"https:\\\/\\\/emf-consult.com\\\/nettbutikk\\\/produkt\\\/hf-analysator-hfe59b\\\/\",\"name\":\"HF analysator HFE59B - EMF Consult\",\"isPartOf\":{\"@id\":\"https:\\\/\\\/emf-consult.com\\\/nettbutikk\\\/#website\"},\"primaryImageOfPage\":{\"@id\":\"https:\\\/\\\/emf-consult.com\\\/nettbutikk\\\/produkt\\\/hf-analysator-hfe59b\\\/#primaryimage\"},\"image\":{\"@id\":\"https:\\\/\\\/emf-consult.com\\\/nettbutikk\\\/produkt\\\/hf-analysator-hfe59b\\\/#primaryimage\"},\"thumbnailUrl\":\"https:\\\/\\\/emf-consult.com\\\/nettbutikk\\\/wp-content\\\/uploads\\\/2019\\\/11\\\/p18-1.jpg\",\"datePublished\":\"2016-11-24T10:28:13+00:00\",\"dateModified\":\"2022-12-07T20:14:32+00:00\",\"breadcrumb\":{\"@id\":\"https:\\\/\\\/emf-consult.com\\\/nettbutikk\\\/produkt\\\/hf-analysator-hfe59b\\\/#breadcrumb\"},\"inLanguage\":\"nb-NO\",\"potentialAction\":[{\"@type\":\"ReadAction\",\"target\":[\"https:\\\/\\\/emf-consult.com\\\/nettbutikk\\\/produkt\\\/hf-analysator-hfe59b\\\/\"]}]},{\"@type\":\"ImageObject\",\"inLanguage\":\"nb-NO\",\"@id\":\"https:\\\/\\\/emf-consult.com\\\/nettbutikk\\\/produkt\\\/hf-analysator-hfe59b\\\/#primaryimage\",\"url\":\"https:\\\/\\\/emf-consult.com\\\/nettbutikk\\\/wp-content\\\/uploads\\\/2019\\\/11\\\/p18-1.jpg\",\"contentUrl\":\"https:\\\/\\\/emf-consult.com\\\/nettbutikk\\\/wp-content\\\/uploads\\\/2019\\\/11\\\/p18-1.jpg\",\"width\":400,\"height\":450,\"caption\":\"HF analysator HFE59B\"},{\"@type\":\"BreadcrumbList\",\"@id\":\"https:\\\/\\\/emf-consult.com\\\/nettbutikk\\\/produkt\\\/hf-analysator-hfe59b\\\/#breadcrumb\",\"itemListElement\":[{\"@type\":\"ListItem\",\"position\":1,\"name\":\"Hjem\",\"item\":\"https:\\\/\\\/emf-consult.com\\\/nettbutikk\\\/\"},{\"@type\":\"ListItem\",\"position\":2,\"name\":\"Butikk\",\"item\":\"https:\\\/\\\/emf-consult.com\\\/nettbutikk\\\/butikk\\\/\"},{\"@type\":\"ListItem\",\"position\":3,\"name\":\"HF analysator HFE59B\"}]},{\"@type\":\"WebSite\",\"@id\":\"https:\\\/\\\/emf-consult.com\\\/nettbutikk\\\/#website\",\"url\":\"https:\\\/\\\/emf-consult.com\\\/nettbutikk\\\/\",\"name\":\"EMF Consult\",\"description\":\"Nettbutikk - Beskyttelse mot str\u00e5ling\",\"publisher\":{\"@id\":\"https:\\\/\\\/emf-consult.com\\\/nettbutikk\\\/#organization\"},\"potentialAction\":[{\"@type\":\"SearchAction\",\"target\":{\"@type\":\"EntryPoint\",\"urlTemplate\":\"https:\\\/\\\/emf-consult.com\\\/nettbutikk\\\/?s={search_term_string}\"},\"query-input\":{\"@type\":\"PropertyValueSpecification\",\"valueRequired\":true,\"valueName\":\"search_term_string\"}}],\"inLanguage\":\"nb-NO\"},{\"@type\":\"Organization\",\"@id\":\"https:\\\/\\\/emf-consult.com\\\/nettbutikk\\\/#organization\",\"name\":\"EMF Consult AS\",\"url\":\"https:\\\/\\\/emf-consult.com\\\/nettbutikk\\\/\",\"logo\":{\"@type\":\"ImageObject\",\"inLanguage\":\"nb-NO\",\"@id\":\"https:\\\/\\\/emf-consult.com\\\/nettbutikk\\\/#\\\/schema\\\/logo\\\/image\\\/\",\"url\":\"https:\\\/\\\/emf-consult.com\\\/nettbutikk\\\/wp-content\\\/uploads\\\/2022\\\/07\\\/cropped-Favikon-rod-e1658786300694.png\",\"contentUrl\":\"https:\\\/\\\/emf-consult.com\\\/nettbutikk\\\/wp-content\\\/uploads\\\/2022\\\/07\\\/cropped-Favikon-rod-e1658786300694.png\",\"width\":150,\"height\":150,\"caption\":\"EMF Consult AS\"},\"image\":{\"@id\":\"https:\\\/\\\/emf-consult.com\\\/nettbutikk\\\/#\\\/schema\\\/logo\\\/image\\\/\"},\"sameAs\":[\"https:\\\/\\\/www.facebook.com\\\/emfconsult\",\"https:\\\/\\\/www.linkedin.com\\\/company\\\/emf-consult\\\/\"]}]}<\/script>\n<!-- \/ Yoast SEO plugin. -->","yoast_head_json":{"title":"HF analysator HFE59B - EMF Consult","robots":{"index":"index","follow":"follow","max-snippet":"max-snippet:-1","max-image-preview":"max-image-preview:large","max-video-preview":"max-video-preview:-1"},"canonical":"https:\/\/emf-consult.com\/nettbutikk\/produkt\/hf-analysator-hfe59b\/","og_locale":"nb_NO","og_type":"article","og_title":"HF analysator HFE59B - EMF Consult","og_description":"Bruksomr\u00e5de: Dette er et tysk kvalitetsinstrument som er utviklet for profesjonell m\u00e5ling av h\u00f8yfrekvens elektromagnetiske str\u00e5ling i hjem, p\u00e5 arbeidsplassen","og_url":"https:\/\/emf-consult.com\/nettbutikk\/produkt\/hf-analysator-hfe59b\/","og_site_name":"EMF Consult","article_publisher":"https:\/\/www.facebook.com\/emfconsult","article_modified_time":"2022-12-07T20:14:32+00:00","og_image":[{"width":400,"height":450,"url":"https:\/\/emf-consult.com\/nettbutikk\/wp-content\/uploads\/2019\/11\/p18-1.jpg","type":"image\/jpeg"}],"twitter_card":"summary_large_image","twitter_misc":{"Ansl. lesetid":"3 minutter"},"schema":{"@context":"https:\/\/schema.org","@graph":[{"@type":"WebPage","@id":"https:\/\/emf-consult.com\/nettbutikk\/produkt\/hf-analysator-hfe59b\/","url":"https:\/\/emf-consult.com\/nettbutikk\/produkt\/hf-analysator-hfe59b\/","name":"HF analysator HFE59B - EMF Consult","isPartOf":{"@id":"https:\/\/emf-consult.com\/nettbutikk\/#website"},"primaryImageOfPage":{"@id":"https:\/\/emf-consult.com\/nettbutikk\/produkt\/hf-analysator-hfe59b\/#primaryimage"},"image":{"@id":"https:\/\/emf-consult.com\/nettbutikk\/produkt\/hf-analysator-hfe59b\/#primaryimage"},"thumbnailUrl":"https:\/\/emf-consult.com\/nettbutikk\/wp-content\/uploads\/2019\/11\/p18-1.jpg","datePublished":"2016-11-24T10:28:13+00:00","dateModified":"2022-12-07T20:14:32+00:00","breadcrumb":{"@id":"https:\/\/emf-consult.com\/nettbutikk\/produkt\/hf-analysator-hfe59b\/#breadcrumb"},"inLanguage":"nb-NO","potentialAction":[{"@type":"ReadAction","target":["https:\/\/emf-consult.com\/nettbutikk\/produkt\/hf-analysator-hfe59b\/"]}]},{"@type":"ImageObject","inLanguage":"nb-NO","@id":"https:\/\/emf-consult.com\/nettbutikk\/produkt\/hf-analysator-hfe59b\/#primaryimage","url":"https:\/\/emf-consult.com\/nettbutikk\/wp-content\/uploads\/2019\/11\/p18-1.jpg","contentUrl":"https:\/\/emf-consult.com\/nettbutikk\/wp-content\/uploads\/2019\/11\/p18-1.jpg","width":400,"height":450,"caption":"HF analysator HFE59B"},{"@type":"BreadcrumbList","@id":"https:\/\/emf-consult.com\/nettbutikk\/produkt\/hf-analysator-hfe59b\/#breadcrumb","itemListElement":[{"@type":"ListItem","position":1,"name":"Hjem","item":"https:\/\/emf-consult.com\/nettbutikk\/"},{"@type":"ListItem","position":2,"name":"Butikk","item":"https:\/\/emf-consult.com\/nettbutikk\/butikk\/"},{"@type":"ListItem","position":3,"name":"HF analysator HFE59B"}]},{"@type":"WebSite","@id":"https:\/\/emf-consult.com\/nettbutikk\/#website","url":"https:\/\/emf-consult.com\/nettbutikk\/","name":"EMF Consult","description":"Nettbutikk - Beskyttelse mot str\u00e5ling","publisher":{"@id":"https:\/\/emf-consult.com\/nettbutikk\/#organization"},"potentialAction":[{"@type":"SearchAction","target":{"@type":"EntryPoint","urlTemplate":"https:\/\/emf-consult.com\/nettbutikk\/?s={search_term_string}"},"query-input":{"@type":"PropertyValueSpecification","valueRequired":true,"valueName":"search_term_string"}}],"inLanguage":"nb-NO"},{"@type":"Organization","@id":"https:\/\/emf-consult.com\/nettbutikk\/#organization","name":"EMF Consult AS","url":"https:\/\/emf-consult.com\/nettbutikk\/","logo":{"@type":"ImageObject","inLanguage":"nb-NO","@id":"https:\/\/emf-consult.com\/nettbutikk\/#\/schema\/logo\/image\/","url":"https:\/\/emf-consult.com\/nettbutikk\/wp-content\/uploads\/2022\/07\/cropped-Favikon-rod-e1658786300694.png","contentUrl":"https:\/\/emf-consult.com\/nettbutikk\/wp-content\/uploads\/2022\/07\/cropped-Favikon-rod-e1658786300694.png","width":150,"height":150,"caption":"EMF Consult AS"},"image":{"@id":"https:\/\/emf-consult.com\/nettbutikk\/#\/schema\/logo\/image\/"},"sameAs":["https:\/\/www.facebook.com\/emfconsult","https:\/\/www.linkedin.com\/company\/emf-consult\/"]}]}},"_links":{"self":[{"href":"https:\/\/emf-consult.com\/nettbutikk\/wp-json\/wp\/v2\/product\/578","targetHints":{"allow":["GET"]}}],"collection":[{"href":"https:\/\/emf-consult.com\/nettbutikk\/wp-json\/wp\/v2\/product"}],"about":[{"href":"https:\/\/emf-consult.com\/nettbutikk\/wp-json\/wp\/v2\/types\/product"}],"replies":[{"embeddable":true,"href":"https:\/\/emf-consult.com\/nettbutikk\/wp-json\/wp\/v2\/comments?post=578"}],"wp:featuredmedia":[{"embeddable":true,"href":"https:\/\/emf-consult.com\/nettbutikk\/wp-json\/wp\/v2\/media\/579"}],"wp:attachment":[{"href":"https:\/\/emf-consult.com\/nettbutikk\/wp-json\/wp\/v2\/media?parent=578"}],"wp:term":[{"taxonomy":"product_brand","embeddable":true,"href":"https:\/\/emf-consult.com\/nettbutikk\/wp-json\/wp\/v2\/product_brand?post=578"},{"taxonomy":"product_cat","embeddable":true,"href":"https:\/\/emf-consult.com\/nettbutikk\/wp-json\/wp\/v2\/product_cat?post=578"},{"taxonomy":"product_tag","embeddable":true,"href":"https:\/\/emf-consult.com\/nettbutikk\/wp-json\/wp\/v2\/product_tag?post=578"}],"curies":[{"name":"wp","href":"https:\/\/api.w.org\/{rel}","templated":true}]}}