{"id":5723,"date":"2019-06-09T15:17:44","date_gmt":"2019-06-09T13:17:44","guid":{"rendered":"https:\/\/emfconsult.nyside.net\/nettbutikk\/produkt\/nettbrett-og-ipad-emf-stralings-og-beskyttelses-deksel\/"},"modified":"2025-11-27T14:34:06","modified_gmt":"2025-11-27T13:34:06","slug":"nettbrett-og-ipad-emf-stralings-og-beskyttelses-deksel","status":"publish","type":"product","link":"https:\/\/emf-consult.com\/nettbutikk\/produkt\/nettbrett-og-ipad-emf-stralings-og-beskyttelses-deksel\/","title":{"rendered":"Nettbrett og iPad EMF-str\u00e5lings og beskyttelses deksel"},"content":{"rendered":"<p>DefenderShield fler-lags EMF-skjermings teknologi.<\/p>\n<p>DefenderShield\u00ae Nettbrett og iPad EMF-str\u00e5lings og beskyttelses deksel er i stand til \u00e5 blokkere inntil 100% av EMF-str\u00e5ling fra baksiden av nettbrettet. &#8211; Om du benytter WiFi og Bluetooth vil dette fortsatt str\u00e5le oppover fra nettbrettet. Skal du redusere str\u00e5lingen oppover anbefaler vi at du setter nettbrettet i flymodus og kobler dette til internett ved hjelp av en Ethernet adapter og Ethernetkabel.<\/p>\n<p>Dette h\u00e5ndlagde beskyttelsedekselet inneholder toppmoderne str\u00e5lingsskjermingsteknologi, samtidig som den tilbyr et myk mikrofiber innside og et elegant vegansk skinn utvendig motstandsdyktig mot riper, farging og utilsiktet fall. Tilgjengelig for 7 &#8220;-8&#8221;, 9 &#8220;-11&#8221; og 12 &#8220;-13&#8221; nettbrett.<\/p>\n<p>Benyttes for \u00e5 beskytte ditt nettbrett mens du er p\u00e5 farten, bare legg den i det polstrede dekselet for \u00e5 beskytte enheten mot skade.<\/p>\n<p>Funksjoner:<\/p>\n<div class=\"tlid-input input\">\n<div class=\"source-wrap\"><\/div>\n<\/div>\n<div class=\"tlid-results-container results-container\">\n<div class=\"tlid-result result-dict-wrapper\">\n<div class=\"result tlid-copy-target\">\n<div class=\"text-wrap tlid-copy-target\">\n<ul>\n<li class=\"result-shield-container tlid-copy-target\" tabindex=\"0\"><span class=\"tlid-translation translation\" lang=\"no\"><span title=\"\">Flere lag av avansert skjermingsteknologi i bakside og frontdeksel blokkerer opp til nesten 100% av EMF-str\u00e5ling (RF &amp; ELF);<\/span> <span title=\"\">best p\u00e5 markedet<\/span><\/span><\/li>\n<li class=\"result-shield-container tlid-copy-target\" tabindex=\"0\"><span class=\"tlid-translation translation\" lang=\"no\"><span title=\"\">Design folder og fungerer som stativ for liggende visning<\/span><\/span><\/li>\n<li class=\"result-shield-container tlid-copy-target\" tabindex=\"0\"><span class=\"tlid-translation translation\" lang=\"no\"><span title=\"\">360\u00ba svingbar montering, kan ogs\u00e5 roteres for portrettvisning<\/span><\/span><\/li>\n<li class=\"result-shield-container tlid-copy-target\" tabindex=\"0\"><span class=\"tlid-translation translation\" lang=\"no\"><span class=\"\" title=\"\">Sikker magnetisk l\u00e5semekanisme<\/span><\/span><\/li>\n<li tabindex=\"0\">Kompatibel med de fleste nettbrett p\u00e5 markedet inkludert\u00a0iPad, Nexus, Galaxy, Kindle and Nook<\/li>\n<\/ul>\n<\/div>\n<\/div>\n<\/div>\n<\/div>\n<p><iframe loading=\"lazy\" title=\"DefenderShield\u00ae Tablet EMF &amp; iPad Radiation Protection Case\" width=\"500\" height=\"281\" src=\"https:\/\/www.youtube.com\/embed\/UZu-fXNhHho?feature=oembed\" frameborder=\"0\" allow=\"accelerometer; autoplay; clipboard-write; encrypted-media; gyroscope; picture-in-picture; web-share\" referrerpolicy=\"strict-origin-when-cross-origin\" allowfullscreen><\/iframe><\/p>\n<p>&nbsp;<\/p>\n","protected":false},"excerpt":{"rendered":"<p>Testet av FCC-sertifiserte laboratorier, blokkerer DefenderPad&#8217;s toppmoderne teknologi opp til nesten 100% av hele spektret av elektromagnetisk str\u00e5ling (EMF) fra 0-10 GHz, som inkluderer:<\/p>\n<ul>\n<li>Ekstremt lavfrekvent elektrisk str\u00e5ling<\/li>\n<li>WiFi-str\u00e5ling (NB: Skjermer ikke for str\u00e5lingen som g\u00e5r mot resten av kroppen!)<\/li>\n<li>Bluetooth-str\u00e5ling (NB: Skjermer ikke for str\u00e5lingen som g\u00e5r mot resten av kroppen!)<\/li>\n<li>Varmestr\u00e5ling<\/li>\n<\/ul>\n<div class=\"tlid-input input\">\n<div class=\"source-wrap\">\n<div class=\"input-full-height-wrapper tlid-input-full-height-wrapper\">\n<div class=\"source-input\">\n<div class=\"source-footer-wrap source-or-target-footer\">\n<div class=\"source-footer\">\n<div class=\"src-tts left-positioned ttsbutton jfk-button-flat source-or-target-footer-button jfk-button\" tabindex=\"0\" role=\"button\" aria-label=\"Listen\" data-tooltip=\"Listen\" aria-pressed=\"false\" data-tooltip-align=\"t,c\" aria-hidden=\"false\" aria-disabled=\"false\">\n<div class=\"jfk-button-img\">\n<div class=\"src-tts left-positioned ttsbutton jfk-button-flat source-or-target-footer-button jfk-button\" tabindex=\"0\" role=\"button\" aria-label=\"Listen\" data-tooltip=\"Listen\" aria-pressed=\"false\" data-tooltip-align=\"t,c\" aria-hidden=\"false\" aria-disabled=\"false\">\n<div class=\"jfk-button-img\">Spesifikasjoner:<\/div>\n<\/div>\n<div>Liten 7&#8243; &#8211; 8&#8243;<\/div>\n<ul>\n<li>Vekt: 0,35 kg<\/li>\n<li><span class=\"tlid-translation translation\" lang=\"no\"><span title=\"\">Dimensjoner: 21 x 16 x 1,25 cm\u00a0<\/span><\/span><\/li>\n<li>Farge: Svart<\/li>\n<li><span class=\"tlid-translation translation\" lang=\"no\"><span class=\"\" title=\"\">Designet for \u00e5 passe de fleste nettbrett p\u00e5 markedet, se tabell under.<\/span><\/span><\/li>\n<\/ul>\n<div>Medium 9&#8243; &#8211; 11&#8243;<\/div>\n<ul>\n<li>Vekt: 0,45 kg<\/li>\n<li><span class=\"tlid-translation translation\" lang=\"no\"><span title=\"\">Dimensjoner: 25 x 18 x 2.5 cm\u00a0<\/span><\/span><\/li>\n<li>Farge: Svart<\/li>\n<li><span class=\"tlid-translation translation\" lang=\"no\"><span class=\"\" title=\"\">Designet for \u00e5 passe de fleste nettbrett p\u00e5 markedet, se tabell under.<\/span><\/span><\/li>\n<\/ul>\n<div>Stor 12&#8243; &#8211; 13&#8243;<\/div>\n<ul>\n<li>Vekt: 0,5 kg<\/li>\n<li><span class=\"tlid-translation translation\" lang=\"no\"><span title=\"\">Dimensjoner: 30 x 22,5 x 2,5 cm\u00a0<\/span><\/span><\/li>\n<li>Farge: Svart<\/li>\n<li><span class=\"tlid-translation translation\" lang=\"no\"><span class=\"\" title=\"\">Designet for \u00e5 passe de fleste nettbrett p\u00e5 markedet, se tabell under.<\/span><\/span><\/li>\n<\/ul>\n<p>&nbsp;<\/p>\n<\/div>\n<\/div>\n<h3>Finn hvilken modell som passer ditt nettbrett:<\/h3>\n<p><strong>7\u2033-8\u2033 :<\/strong><\/p>\n<div class=\"content-column one_third\">\n<ul>\n<li>\n<ul>\n<li>\n<ul>\n<li>7\u2033 Nettbrett<\/li>\n<li>8\u2033 Nettbrett<\/li>\n<li>Amazon Kindle Fire HD 7\u2033<\/li>\n<li>Amazon Kindle Fire HDX 7\u2033<\/li>\n<li>Apple iPad mini<\/li>\n<li>Apple iPad mini 2<\/li>\n<li>Apple iPad mini 3<\/li>\n<li>Galaxy Tab 7<\/li>\n<li>Galaxy Tab 8<\/li>\n<li>Nexus 7<\/li>\n<li>Samsung Galaxy 7<\/li>\n<\/ul>\n<\/li>\n<\/ul>\n<\/li>\n<\/ul>\n<\/div>\n<div class=\"content-column one_third\">\n<h4><strong>9\u2033-10\u2033:<\/strong><\/h4>\n<ul>\n<li>\n<ul>\n<li>\n<ul>\n<li>9\u2033 Nettbrett<\/li>\n<li>10\u2033 Nettbrett<\/li>\n<li>Galaxy Tab 9.7<\/li>\n<li>iPad<\/li>\n<li>iPad 2<\/li>\n<li>iPad 3<\/li>\n<li>iPad 4<\/li>\n<li>iPad Air<\/li>\n<li>iPad Air 2<\/li>\n<li>iPad Pro 9.7<\/li>\n<li>Nexus 10<\/li>\n<li>Nook HD+<\/li>\n<li>Surface 10\u2033<\/li>\n<li>Surface Pro 10\u2033<\/li>\n<\/ul>\n<\/li>\n<\/ul>\n<\/li>\n<\/ul>\n<\/div>\n<div class=\"content-column one_third last_column\">\n<h4><strong>11\u2033-13\u2033:<\/strong><\/h4>\n<ul>\n<li>\n<ul>\n<li>\n<ul>\n<li>11\u2033 Nettbrett<\/li>\n<li>12\u2033 Nettbrett<\/li>\n<li>13\u2033 Nettbrett<\/li>\n<li>iPad Pro 12.9<\/li>\n<\/ul>\n<\/li>\n<\/ul>\n<\/li>\n<\/ul>\n<\/div>\n<\/div>\n<\/div>\n<\/div>\n<\/div>\n<\/div>\n<\/div>\n<div class=\"tlid-results-container results-container\">\n<div class=\"tlid-result result-dict-wrapper\">\n<div class=\"result tlid-copy-target\">\n<div class=\"text-wrap tlid-copy-target\"><\/div>\n<\/div>\n<\/div>\n<\/div>\n","protected":false},"featured_media":5724,"comment_status":"open","ping_status":"closed","template":"","meta":[],"product_brand":[],"product_cat":[29],"product_tag":[],"class_list":{"0":"post-5723","1":"product","2":"type-product","3":"status-publish","4":"has-post-thumbnail","6":"product_cat-data-tele","7":"pa_storrelse-lite-nettbrett-7-8","8":"pa_storrelse-medium-nettbrett-9-11","9":"pa_storrelse-stort-nettbrett-12-13","11":"first","12":"instock","13":"taxable","14":"shipping-taxable","15":"purchasable","16":"product-type-variable"},"yoast_head":"<!-- This site is optimized with the Yoast SEO plugin v27.4 - https:\/\/yoast.com\/product\/yoast-seo-wordpress\/ -->\n<title>Nettbrett og iPad EMF-str\u00e5lings og beskyttelses deksel - EMF Consult<\/title>\n<meta name=\"robots\" content=\"index, follow, max-snippet:-1, max-image-preview:large, max-video-preview:-1\" \/>\n<link rel=\"canonical\" href=\"https:\/\/emf-consult.com\/nettbutikk\/produkt\/nettbrett-og-ipad-emf-stralings-og-beskyttelses-deksel\/\" \/>\n<meta property=\"og:locale\" content=\"nb_NO\" \/>\n<meta property=\"og:type\" content=\"article\" \/>\n<meta property=\"og:title\" content=\"Nettbrett og iPad EMF-str\u00e5lings og beskyttelses deksel - EMF Consult\" \/>\n<meta property=\"og:description\" content=\"Testet av FCC-sertifiserte laboratorier, blokkerer DefenderPad&#039;s toppmoderne teknologi opp til nesten 100% av hele spektret av elektromagnetisk str\u00e5ling (EMF) fra 0-10 GHz, som inkluderer:   Ekstremt lavfrekvent elektrisk str\u00e5ling  WiFi-str\u00e5ling (NB: Skjermer ikke for str\u00e5lingen som g\u00e5r mot resten av kroppen!)  Bluetooth-str\u00e5ling (NB: Skjermer ikke for str\u00e5lingen som g\u00e5r mot resten av kroppen!)  Varmestr\u00e5ling           Spesifikasjoner:  Liten 7&quot; - 8&quot;   Vekt: 0,35 kg  Dimensjoner: 21 x 16 x 1,25 cm\u00a0  Farge: Svart  Designet for \u00e5 passe de fleste nettbrett p\u00e5 markedet, se tabell under.  Medium 9&quot; - 11&quot;   Vekt: 0,45 kg  Dimensjoner: 25 x 18 x 2.5 cm\u00a0  Farge: Svart  Designet for \u00e5 passe de fleste nettbrett p\u00e5 markedet, se tabell under.  Stor 12&quot; - 13&quot;   Vekt: 0,5 kg  Dimensjoner: 30 x 22,5 x 2,5 cm\u00a0  Farge: Svart  Designet for \u00e5 passe de fleste nettbrett p\u00e5 markedet, se tabell under.  &nbsp;    Finn hvilken modell som passer ditt nettbrett: 7\u2033-8\u2033 :          7\u2033 Nettbrett  8\u2033 Nettbrett  Amazon Kindle Fire HD 7\u2033  Amazon Kindle Fire HDX 7\u2033  Apple iPad mini  Apple iPad mini 2  Apple iPad mini 3  Galaxy Tab 7  Galaxy Tab 8  Nexus 7  Samsung Galaxy 7        9\u2033-10\u2033:         9\u2033 Nettbrett  10\u2033 Nettbrett  Galaxy Tab 9.7  iPad  iPad 2  iPad 3  iPad 4  iPad Air  iPad Air 2  iPad Pro 9.7  Nexus 10  Nook HD+  Surface 10\u2033  Surface Pro 10\u2033        11\u2033-13\u2033:         11\u2033 Nettbrett  12\u2033 Nettbrett  13\u2033 Nettbrett  iPad Pro 12.9\" \/>\n<meta property=\"og:url\" content=\"https:\/\/emf-consult.com\/nettbutikk\/produkt\/nettbrett-og-ipad-emf-stralings-og-beskyttelses-deksel\/\" \/>\n<meta property=\"og:site_name\" content=\"EMF Consult\" \/>\n<meta property=\"article:publisher\" content=\"https:\/\/www.facebook.com\/emfconsult\" \/>\n<meta property=\"article:modified_time\" content=\"2025-11-27T13:34:06+00:00\" \/>\n<meta property=\"og:image\" content=\"https:\/\/emf-consult.com\/nettbutikk\/wp-content\/uploads\/2019\/11\/defendershield-tablet-emf-radiation-protection-case2-510x359-e1560093117531.jpg\" \/>\n\t<meta property=\"og:image:width\" content=\"379\" \/>\n\t<meta property=\"og:image:height\" content=\"359\" \/>\n\t<meta property=\"og:image:type\" content=\"image\/jpeg\" \/>\n<meta name=\"twitter:card\" content=\"summary_large_image\" \/>\n<meta name=\"twitter:label1\" content=\"Ansl. lesetid\" \/>\n\t<meta name=\"twitter:data1\" content=\"1 minutt\" \/>\n<script type=\"application\/ld+json\" class=\"yoast-schema-graph\">{\"@context\":\"https:\\\/\\\/schema.org\",\"@graph\":[{\"@type\":\"WebPage\",\"@id\":\"https:\\\/\\\/emf-consult.com\\\/nettbutikk\\\/produkt\\\/nettbrett-og-ipad-emf-stralings-og-beskyttelses-deksel\\\/\",\"url\":\"https:\\\/\\\/emf-consult.com\\\/nettbutikk\\\/produkt\\\/nettbrett-og-ipad-emf-stralings-og-beskyttelses-deksel\\\/\",\"name\":\"Nettbrett og iPad EMF-str\u00e5lings og beskyttelses deksel - EMF Consult\",\"isPartOf\":{\"@id\":\"https:\\\/\\\/emf-consult.com\\\/nettbutikk\\\/#website\"},\"primaryImageOfPage\":{\"@id\":\"https:\\\/\\\/emf-consult.com\\\/nettbutikk\\\/produkt\\\/nettbrett-og-ipad-emf-stralings-og-beskyttelses-deksel\\\/#primaryimage\"},\"image\":{\"@id\":\"https:\\\/\\\/emf-consult.com\\\/nettbutikk\\\/produkt\\\/nettbrett-og-ipad-emf-stralings-og-beskyttelses-deksel\\\/#primaryimage\"},\"thumbnailUrl\":\"https:\\\/\\\/emf-consult.com\\\/nettbutikk\\\/wp-content\\\/uploads\\\/2019\\\/11\\\/defendershield-tablet-emf-radiation-protection-case2-510x359-e1560093117531.jpg\",\"datePublished\":\"2019-06-09T13:17:44+00:00\",\"dateModified\":\"2025-11-27T13:34:06+00:00\",\"breadcrumb\":{\"@id\":\"https:\\\/\\\/emf-consult.com\\\/nettbutikk\\\/produkt\\\/nettbrett-og-ipad-emf-stralings-og-beskyttelses-deksel\\\/#breadcrumb\"},\"inLanguage\":\"nb-NO\",\"potentialAction\":[{\"@type\":\"ReadAction\",\"target\":[\"https:\\\/\\\/emf-consult.com\\\/nettbutikk\\\/produkt\\\/nettbrett-og-ipad-emf-stralings-og-beskyttelses-deksel\\\/\"]}]},{\"@type\":\"ImageObject\",\"inLanguage\":\"nb-NO\",\"@id\":\"https:\\\/\\\/emf-consult.com\\\/nettbutikk\\\/produkt\\\/nettbrett-og-ipad-emf-stralings-og-beskyttelses-deksel\\\/#primaryimage\",\"url\":\"https:\\\/\\\/emf-consult.com\\\/nettbutikk\\\/wp-content\\\/uploads\\\/2019\\\/11\\\/defendershield-tablet-emf-radiation-protection-case2-510x359-e1560093117531.jpg\",\"contentUrl\":\"https:\\\/\\\/emf-consult.com\\\/nettbutikk\\\/wp-content\\\/uploads\\\/2019\\\/11\\\/defendershield-tablet-emf-radiation-protection-case2-510x359-e1560093117531.jpg\",\"width\":379,\"height\":359,\"caption\":\"Nettbrett og iPad EMF-str\u00e5lings og beskyttelses deksel\"},{\"@type\":\"BreadcrumbList\",\"@id\":\"https:\\\/\\\/emf-consult.com\\\/nettbutikk\\\/produkt\\\/nettbrett-og-ipad-emf-stralings-og-beskyttelses-deksel\\\/#breadcrumb\",\"itemListElement\":[{\"@type\":\"ListItem\",\"position\":1,\"name\":\"Hjem\",\"item\":\"https:\\\/\\\/emf-consult.com\\\/nettbutikk\\\/\"},{\"@type\":\"ListItem\",\"position\":2,\"name\":\"Butikk\",\"item\":\"https:\\\/\\\/emf-consult.com\\\/nettbutikk\\\/butikk\\\/\"},{\"@type\":\"ListItem\",\"position\":3,\"name\":\"Nettbrett og iPad EMF-str\u00e5lings og beskyttelses deksel\"}]},{\"@type\":\"WebSite\",\"@id\":\"https:\\\/\\\/emf-consult.com\\\/nettbutikk\\\/#website\",\"url\":\"https:\\\/\\\/emf-consult.com\\\/nettbutikk\\\/\",\"name\":\"EMF Consult\",\"description\":\"Nettbutikk - Beskyttelse mot str\u00e5ling\",\"publisher\":{\"@id\":\"https:\\\/\\\/emf-consult.com\\\/nettbutikk\\\/#organization\"},\"potentialAction\":[{\"@type\":\"SearchAction\",\"target\":{\"@type\":\"EntryPoint\",\"urlTemplate\":\"https:\\\/\\\/emf-consult.com\\\/nettbutikk\\\/?s={search_term_string}\"},\"query-input\":{\"@type\":\"PropertyValueSpecification\",\"valueRequired\":true,\"valueName\":\"search_term_string\"}}],\"inLanguage\":\"nb-NO\"},{\"@type\":\"Organization\",\"@id\":\"https:\\\/\\\/emf-consult.com\\\/nettbutikk\\\/#organization\",\"name\":\"EMF Consult AS\",\"url\":\"https:\\\/\\\/emf-consult.com\\\/nettbutikk\\\/\",\"logo\":{\"@type\":\"ImageObject\",\"inLanguage\":\"nb-NO\",\"@id\":\"https:\\\/\\\/emf-consult.com\\\/nettbutikk\\\/#\\\/schema\\\/logo\\\/image\\\/\",\"url\":\"https:\\\/\\\/emf-consult.com\\\/nettbutikk\\\/wp-content\\\/uploads\\\/2022\\\/07\\\/cropped-Favikon-rod-e1658786300694.png\",\"contentUrl\":\"https:\\\/\\\/emf-consult.com\\\/nettbutikk\\\/wp-content\\\/uploads\\\/2022\\\/07\\\/cropped-Favikon-rod-e1658786300694.png\",\"width\":150,\"height\":150,\"caption\":\"EMF Consult AS\"},\"image\":{\"@id\":\"https:\\\/\\\/emf-consult.com\\\/nettbutikk\\\/#\\\/schema\\\/logo\\\/image\\\/\"},\"sameAs\":[\"https:\\\/\\\/www.facebook.com\\\/emfconsult\",\"https:\\\/\\\/www.linkedin.com\\\/company\\\/emf-consult\\\/\"]}]}<\/script>\n<!-- \/ Yoast SEO plugin. -->","yoast_head_json":{"title":"Nettbrett og iPad EMF-str\u00e5lings og beskyttelses deksel - EMF Consult","robots":{"index":"index","follow":"follow","max-snippet":"max-snippet:-1","max-image-preview":"max-image-preview:large","max-video-preview":"max-video-preview:-1"},"canonical":"https:\/\/emf-consult.com\/nettbutikk\/produkt\/nettbrett-og-ipad-emf-stralings-og-beskyttelses-deksel\/","og_locale":"nb_NO","og_type":"article","og_title":"Nettbrett og iPad EMF-str\u00e5lings og beskyttelses deksel - EMF Consult","og_description":"Testet av FCC-sertifiserte laboratorier, blokkerer DefenderPad's toppmoderne teknologi opp til nesten 100% av hele spektret av elektromagnetisk str\u00e5ling (EMF) fra 0-10 GHz, som inkluderer:   Ekstremt lavfrekvent elektrisk str\u00e5ling  WiFi-str\u00e5ling (NB: Skjermer ikke for str\u00e5lingen som g\u00e5r mot resten av kroppen!)  Bluetooth-str\u00e5ling (NB: Skjermer ikke for str\u00e5lingen som g\u00e5r mot resten av kroppen!)  Varmestr\u00e5ling           Spesifikasjoner:  Liten 7\" - 8\"   Vekt: 0,35 kg  Dimensjoner: 21 x 16 x 1,25 cm\u00a0  Farge: Svart  Designet for \u00e5 passe de fleste nettbrett p\u00e5 markedet, se tabell under.  Medium 9\" - 11\"   Vekt: 0,45 kg  Dimensjoner: 25 x 18 x 2.5 cm\u00a0  Farge: Svart  Designet for \u00e5 passe de fleste nettbrett p\u00e5 markedet, se tabell under.  Stor 12\" - 13\"   Vekt: 0,5 kg  Dimensjoner: 30 x 22,5 x 2,5 cm\u00a0  Farge: Svart  Designet for \u00e5 passe de fleste nettbrett p\u00e5 markedet, se tabell under.  &nbsp;    Finn hvilken modell som passer ditt nettbrett: 7\u2033-8\u2033 :          7\u2033 Nettbrett  8\u2033 Nettbrett  Amazon Kindle Fire HD 7\u2033  Amazon Kindle Fire HDX 7\u2033  Apple iPad mini  Apple iPad mini 2  Apple iPad mini 3  Galaxy Tab 7  Galaxy Tab 8  Nexus 7  Samsung Galaxy 7        9\u2033-10\u2033:         9\u2033 Nettbrett  10\u2033 Nettbrett  Galaxy Tab 9.7  iPad  iPad 2  iPad 3  iPad 4  iPad Air  iPad Air 2  iPad Pro 9.7  Nexus 10  Nook HD+  Surface 10\u2033  Surface Pro 10\u2033        11\u2033-13\u2033:         11\u2033 Nettbrett  12\u2033 Nettbrett  13\u2033 Nettbrett  iPad Pro 12.9","og_url":"https:\/\/emf-consult.com\/nettbutikk\/produkt\/nettbrett-og-ipad-emf-stralings-og-beskyttelses-deksel\/","og_site_name":"EMF Consult","article_publisher":"https:\/\/www.facebook.com\/emfconsult","article_modified_time":"2025-11-27T13:34:06+00:00","og_image":[{"width":379,"height":359,"url":"https:\/\/emf-consult.com\/nettbutikk\/wp-content\/uploads\/2019\/11\/defendershield-tablet-emf-radiation-protection-case2-510x359-e1560093117531.jpg","type":"image\/jpeg"}],"twitter_card":"summary_large_image","twitter_misc":{"Ansl. lesetid":"1 minutt"},"schema":{"@context":"https:\/\/schema.org","@graph":[{"@type":"WebPage","@id":"https:\/\/emf-consult.com\/nettbutikk\/produkt\/nettbrett-og-ipad-emf-stralings-og-beskyttelses-deksel\/","url":"https:\/\/emf-consult.com\/nettbutikk\/produkt\/nettbrett-og-ipad-emf-stralings-og-beskyttelses-deksel\/","name":"Nettbrett og iPad EMF-str\u00e5lings og beskyttelses deksel - EMF Consult","isPartOf":{"@id":"https:\/\/emf-consult.com\/nettbutikk\/#website"},"primaryImageOfPage":{"@id":"https:\/\/emf-consult.com\/nettbutikk\/produkt\/nettbrett-og-ipad-emf-stralings-og-beskyttelses-deksel\/#primaryimage"},"image":{"@id":"https:\/\/emf-consult.com\/nettbutikk\/produkt\/nettbrett-og-ipad-emf-stralings-og-beskyttelses-deksel\/#primaryimage"},"thumbnailUrl":"https:\/\/emf-consult.com\/nettbutikk\/wp-content\/uploads\/2019\/11\/defendershield-tablet-emf-radiation-protection-case2-510x359-e1560093117531.jpg","datePublished":"2019-06-09T13:17:44+00:00","dateModified":"2025-11-27T13:34:06+00:00","breadcrumb":{"@id":"https:\/\/emf-consult.com\/nettbutikk\/produkt\/nettbrett-og-ipad-emf-stralings-og-beskyttelses-deksel\/#breadcrumb"},"inLanguage":"nb-NO","potentialAction":[{"@type":"ReadAction","target":["https:\/\/emf-consult.com\/nettbutikk\/produkt\/nettbrett-og-ipad-emf-stralings-og-beskyttelses-deksel\/"]}]},{"@type":"ImageObject","inLanguage":"nb-NO","@id":"https:\/\/emf-consult.com\/nettbutikk\/produkt\/nettbrett-og-ipad-emf-stralings-og-beskyttelses-deksel\/#primaryimage","url":"https:\/\/emf-consult.com\/nettbutikk\/wp-content\/uploads\/2019\/11\/defendershield-tablet-emf-radiation-protection-case2-510x359-e1560093117531.jpg","contentUrl":"https:\/\/emf-consult.com\/nettbutikk\/wp-content\/uploads\/2019\/11\/defendershield-tablet-emf-radiation-protection-case2-510x359-e1560093117531.jpg","width":379,"height":359,"caption":"Nettbrett og iPad EMF-str\u00e5lings og beskyttelses deksel"},{"@type":"BreadcrumbList","@id":"https:\/\/emf-consult.com\/nettbutikk\/produkt\/nettbrett-og-ipad-emf-stralings-og-beskyttelses-deksel\/#breadcrumb","itemListElement":[{"@type":"ListItem","position":1,"name":"Hjem","item":"https:\/\/emf-consult.com\/nettbutikk\/"},{"@type":"ListItem","position":2,"name":"Butikk","item":"https:\/\/emf-consult.com\/nettbutikk\/butikk\/"},{"@type":"ListItem","position":3,"name":"Nettbrett og iPad EMF-str\u00e5lings og beskyttelses deksel"}]},{"@type":"WebSite","@id":"https:\/\/emf-consult.com\/nettbutikk\/#website","url":"https:\/\/emf-consult.com\/nettbutikk\/","name":"EMF Consult","description":"Nettbutikk - Beskyttelse mot str\u00e5ling","publisher":{"@id":"https:\/\/emf-consult.com\/nettbutikk\/#organization"},"potentialAction":[{"@type":"SearchAction","target":{"@type":"EntryPoint","urlTemplate":"https:\/\/emf-consult.com\/nettbutikk\/?s={search_term_string}"},"query-input":{"@type":"PropertyValueSpecification","valueRequired":true,"valueName":"search_term_string"}}],"inLanguage":"nb-NO"},{"@type":"Organization","@id":"https:\/\/emf-consult.com\/nettbutikk\/#organization","name":"EMF Consult AS","url":"https:\/\/emf-consult.com\/nettbutikk\/","logo":{"@type":"ImageObject","inLanguage":"nb-NO","@id":"https:\/\/emf-consult.com\/nettbutikk\/#\/schema\/logo\/image\/","url":"https:\/\/emf-consult.com\/nettbutikk\/wp-content\/uploads\/2022\/07\/cropped-Favikon-rod-e1658786300694.png","contentUrl":"https:\/\/emf-consult.com\/nettbutikk\/wp-content\/uploads\/2022\/07\/cropped-Favikon-rod-e1658786300694.png","width":150,"height":150,"caption":"EMF Consult AS"},"image":{"@id":"https:\/\/emf-consult.com\/nettbutikk\/#\/schema\/logo\/image\/"},"sameAs":["https:\/\/www.facebook.com\/emfconsult","https:\/\/www.linkedin.com\/company\/emf-consult\/"]}]}},"_links":{"self":[{"href":"https:\/\/emf-consult.com\/nettbutikk\/wp-json\/wp\/v2\/product\/5723","targetHints":{"allow":["GET"]}}],"collection":[{"href":"https:\/\/emf-consult.com\/nettbutikk\/wp-json\/wp\/v2\/product"}],"about":[{"href":"https:\/\/emf-consult.com\/nettbutikk\/wp-json\/wp\/v2\/types\/product"}],"replies":[{"embeddable":true,"href":"https:\/\/emf-consult.com\/nettbutikk\/wp-json\/wp\/v2\/comments?post=5723"}],"wp:featuredmedia":[{"embeddable":true,"href":"https:\/\/emf-consult.com\/nettbutikk\/wp-json\/wp\/v2\/media\/5724"}],"wp:attachment":[{"href":"https:\/\/emf-consult.com\/nettbutikk\/wp-json\/wp\/v2\/media?parent=5723"}],"wp:term":[{"taxonomy":"product_brand","embeddable":true,"href":"https:\/\/emf-consult.com\/nettbutikk\/wp-json\/wp\/v2\/product_brand?post=5723"},{"taxonomy":"product_cat","embeddable":true,"href":"https:\/\/emf-consult.com\/nettbutikk\/wp-json\/wp\/v2\/product_cat?post=5723"},{"taxonomy":"product_tag","embeddable":true,"href":"https:\/\/emf-consult.com\/nettbutikk\/wp-json\/wp\/v2\/product_tag?post=5723"}],"curies":[{"name":"wp","href":"https:\/\/api.w.org\/{rel}","templated":true}]}}