{"id":562,"date":"2016-11-24T09:17:24","date_gmt":"2016-11-24T09:17:24","guid":{"rendered":"https:\/\/emfconsult.nyside.net\/nettbutikk\/produkt\/hf-emfields-acousticom-2\/"},"modified":"2024-12-23T11:16:30","modified_gmt":"2024-12-23T10:16:30","slug":"hf-emfields-acousticom-2","status":"publish","type":"product","link":"https:\/\/emf-consult.com\/nettbutikk\/produkt\/hf-emfields-acousticom-2\/","title":{"rendered":"HF EMFields Acousticom 2"},"content":{"rendered":"<p><strong>Produsenten har dessverre sluttet \u00e5 produsere dette m\u00e5leapparatet. Sjekk ut <a href=\"https:\/\/emf-consult.com\/nettbutikk\/produkt\/hf-safe-and-sound-pro-ii\/\">Safe and Sound Pro II<\/a> som erstatter dette.<\/strong><\/p>\n<p>&nbsp;<\/p>\n<p>&nbsp;<\/p>\n<p><strong>Bruksomr\u00e5de:<\/strong><\/p>\n<p>Acousticom2 er laget for deg som \u00f8nsker \u00e5 ha et instrument som gir deg en rask oversikt over den totale h\u00f8yfrekvens belastningen. Apparatet er meget hendig og enkelt \u00e5 bruke \u2013 det er bare en knapp \u00e5 trykke p\u00e5, resten tar apparatet seg av. Apparatet er tilpasset eloverf\u00f8lsomme, dvs skalaen har bedre oppl\u00f8sning ved lave str\u00e5lingsverdier enn for h\u00f8ye verdier.<\/p>\n<p>Signalstyrken indikeres med lyssignaler i ulike farger langs en vertikal skala. Betydningen av fargene og tilsvarende str\u00e5lingsverdier er vist p\u00e5 ett av de vedlagte bildene.<\/p>\n<p>Instrumentet har et stort frekvensspenn, helt fra 200 MHz til 8 GHz. I dette frekvensomr\u00e5det finner vi de fleste moderne kommunikasjonssystemer, s\u00e5 som TETRA (n\u00f8dnettet) alle mobiltelefonsystemene fra 2G til 5G, smartm\u00e5lere for elektrisitet, tr\u00e5dl\u00f8se telefoner (DECT), BabyCall, og alle WiFi systemene.<\/p>\n<p>Instrumentet reagerer raskt og er sv\u00e6rt godt egnet til \u00e5 f\u00e5 overblikk over str\u00e5lingen. Den hendige st\u00f8rrelsen gj\u00f8r det enkelt \u00e5 ta med seg p\u00e5 reiser og utflukter.<\/p>\n<p><strong>Funksjoner:<\/strong><\/p>\n<p>Apparatet m\u00e5ler toppverdien (peak) av str\u00e5lingen og signalstyrken indikeres med led-lamper p\u00e5 en vertikal skala. Derom to lamper lyser betyr det at signalet ligger midt mellom verdien p\u00e5 lampene.<\/p>\n<p>Apparatet har innebygd h\u00f8yttaler som gir et lydsignal slik at type signal kan gjenkjennes. Det er ogs\u00e5 utstyrt med en klikkelyd som indikerer h\u00f8ye signalniv\u00e5. Alle lyder kan sl\u00e5s av\/p\u00e5.<\/p>\n<p>Alle funksjoner betjenes med en enkel bryter.<\/p>\n<p>&nbsp;<\/p>\n<p><strong><em>Dette m\u00e5leapparatet er designet for \u00e5 f\u00e5 en rask RF-str\u00e5lingsevaluering av ditt bomilj\u00f8 og er kun til referansebruk. Offisielle RF-m\u00e5lingsprosedyrer er komplisert og b\u00f8r h\u00e5ndteres av en trenet teknisk person med laboratorieinstrumenter. Vennligst ikke bruk apparatet i medisinske, juridiske, kommersielle form\u00e5l eller andre relaterte applikasjoner (kun til personlig bruk).<\/em><\/strong><\/p>\n","protected":false},"excerpt":{"rendered":"<p><strong>Spesifikasjoner:<\/strong><\/p>\n<p>Frekvensomr\u00e5de: 200 MHz \u2013 8 GHz<\/p>\n<p>M\u00e5leomr\u00e5de:<br \/>\n0.01 \u2013 6,00 V\/m svarende til 0,3 \u2013 95 000 \u00b5W\/m2<\/p>\n<p>N\u00f8yaktighet: \u00b1 6dB<\/p>\n<p>Sensor: Peak-verdi p\u00e5 pulssignaler<\/p>\n<p>Audio analyse:<br \/>\nAkustisk signal som gj\u00f8r at en kan gjenkjenne signaltyper. Alarmsignal ved h\u00f8ye str\u00e5lingsniv\u00e5 (kan deaktiveres).<\/p>\n<p>Str\u00f8mforsyning:<br \/>\n9 Volt Alkaline batteri (inkludert), gjennomsnittlig brukstid 10 timer.<\/p>\n<p>Lavt batteriniv\u00e5 indikator, Auto-av funksjon.<\/p>\n<p>M\u00e5leprinsipp: Peak Verdi<\/p>\n<p>Vekt: 0,14 kg inkl batteri<\/p>\n<p>Apparatet leveres komplett med f\u00f8lgende utstyr:<\/p>\n<p>M\u00e5leapparat, batteri, engelsk bruksanvisning\u00a0 og oppbevaringsetui. <a href=\"https:\/\/emf-consult.com\/nettbutikk\/wp-content\/uploads\/2016\/11\/Bruksanvisning-Acousticom2-v3-1.pdf\" target=\"_blank\" rel=\"noopener noreferrer\">Norsk brukerveiledning finner du her.<\/a><\/p>\n","protected":false},"featured_media":563,"comment_status":"open","ping_status":"closed","template":"","meta":[],"product_brand":[],"product_cat":[20],"product_tag":[],"class_list":{"0":"post-562","1":"product","2":"type-product","3":"status-publish","4":"has-post-thumbnail","6":"product_cat-maleinstrumenter-hf","8":"first","9":"outofstock","10":"taxable","11":"shipping-taxable","12":"purchasable","13":"product-type-simple"},"yoast_head":"<!-- This site is optimized with the Yoast SEO plugin v27.4 - https:\/\/yoast.com\/product\/yoast-seo-wordpress\/ -->\n<title>HF EMFields Acousticom 2 - EMF Consult<\/title>\n<meta name=\"robots\" content=\"index, follow, max-snippet:-1, max-image-preview:large, max-video-preview:-1\" \/>\n<link rel=\"canonical\" href=\"https:\/\/emf-consult.com\/nettbutikk\/produkt\/hf-emfields-acousticom-2\/\" \/>\n<meta property=\"og:locale\" content=\"nb_NO\" \/>\n<meta property=\"og:type\" content=\"article\" \/>\n<meta property=\"og:title\" content=\"HF EMFields Acousticom 2 - EMF Consult\" \/>\n<meta property=\"og:description\" content=\"Spesifikasjoner:  Frekvensomr\u00e5de: 200 MHz \u2013 8 GHz  M\u00e5leomr\u00e5de: 0.01 \u2013 6,00 V\/m svarende til 0,3 \u2013 95 000 \u00b5W\/m2  N\u00f8yaktighet: \u00b1 6dB  Sensor: Peak-verdi p\u00e5 pulssignaler  Audio analyse: Akustisk signal som gj\u00f8r at en kan gjenkjenne signaltyper. Alarmsignal ved h\u00f8ye str\u00e5lingsniv\u00e5 (kan deaktiveres).  Str\u00f8mforsyning: 9 Volt Alkaline batteri (inkludert), gjennomsnittlig brukstid 10 timer.  Lavt batteriniv\u00e5 indikator, Auto-av funksjon.  M\u00e5leprinsipp: Peak Verdi  Vekt: 0,14 kg inkl batteri  Apparatet leveres komplett med f\u00f8lgende utstyr:  M\u00e5leapparat, batteri, engelsk bruksanvisning\u00a0 og oppbevaringsetui. Norsk brukerveiledning finner du her.\" \/>\n<meta property=\"og:url\" content=\"https:\/\/emf-consult.com\/nettbutikk\/produkt\/hf-emfields-acousticom-2\/\" \/>\n<meta property=\"og:site_name\" content=\"EMF Consult\" \/>\n<meta property=\"article:publisher\" content=\"https:\/\/www.facebook.com\/emfconsult\" \/>\n<meta property=\"article:modified_time\" content=\"2024-12-23T10:16:30+00:00\" \/>\n<meta property=\"og:image\" content=\"https:\/\/emf-consult.com\/nettbutikk\/wp-content\/uploads\/2019\/11\/p14-1.jpg\" \/>\n\t<meta property=\"og:image:width\" content=\"400\" \/>\n\t<meta property=\"og:image:height\" content=\"450\" \/>\n\t<meta property=\"og:image:type\" content=\"image\/jpeg\" \/>\n<meta name=\"twitter:card\" content=\"summary_large_image\" \/>\n<meta name=\"twitter:label1\" content=\"Ansl. lesetid\" \/>\n\t<meta name=\"twitter:data1\" content=\"2 minutter\" \/>\n<script type=\"application\/ld+json\" class=\"yoast-schema-graph\">{\"@context\":\"https:\\\/\\\/schema.org\",\"@graph\":[{\"@type\":\"WebPage\",\"@id\":\"https:\\\/\\\/emf-consult.com\\\/nettbutikk\\\/produkt\\\/hf-emfields-acousticom-2\\\/\",\"url\":\"https:\\\/\\\/emf-consult.com\\\/nettbutikk\\\/produkt\\\/hf-emfields-acousticom-2\\\/\",\"name\":\"HF EMFields Acousticom 2 - EMF Consult\",\"isPartOf\":{\"@id\":\"https:\\\/\\\/emf-consult.com\\\/nettbutikk\\\/#website\"},\"primaryImageOfPage\":{\"@id\":\"https:\\\/\\\/emf-consult.com\\\/nettbutikk\\\/produkt\\\/hf-emfields-acousticom-2\\\/#primaryimage\"},\"image\":{\"@id\":\"https:\\\/\\\/emf-consult.com\\\/nettbutikk\\\/produkt\\\/hf-emfields-acousticom-2\\\/#primaryimage\"},\"thumbnailUrl\":\"https:\\\/\\\/emf-consult.com\\\/nettbutikk\\\/wp-content\\\/uploads\\\/2019\\\/11\\\/p14-1.jpg\",\"datePublished\":\"2016-11-24T09:17:24+00:00\",\"dateModified\":\"2024-12-23T10:16:30+00:00\",\"breadcrumb\":{\"@id\":\"https:\\\/\\\/emf-consult.com\\\/nettbutikk\\\/produkt\\\/hf-emfields-acousticom-2\\\/#breadcrumb\"},\"inLanguage\":\"nb-NO\",\"potentialAction\":[{\"@type\":\"ReadAction\",\"target\":[\"https:\\\/\\\/emf-consult.com\\\/nettbutikk\\\/produkt\\\/hf-emfields-acousticom-2\\\/\"]}]},{\"@type\":\"ImageObject\",\"inLanguage\":\"nb-NO\",\"@id\":\"https:\\\/\\\/emf-consult.com\\\/nettbutikk\\\/produkt\\\/hf-emfields-acousticom-2\\\/#primaryimage\",\"url\":\"https:\\\/\\\/emf-consult.com\\\/nettbutikk\\\/wp-content\\\/uploads\\\/2019\\\/11\\\/p14-1.jpg\",\"contentUrl\":\"https:\\\/\\\/emf-consult.com\\\/nettbutikk\\\/wp-content\\\/uploads\\\/2019\\\/11\\\/p14-1.jpg\",\"width\":400,\"height\":450,\"caption\":\"HF EMFields Acousticom 2\"},{\"@type\":\"BreadcrumbList\",\"@id\":\"https:\\\/\\\/emf-consult.com\\\/nettbutikk\\\/produkt\\\/hf-emfields-acousticom-2\\\/#breadcrumb\",\"itemListElement\":[{\"@type\":\"ListItem\",\"position\":1,\"name\":\"Hjem\",\"item\":\"https:\\\/\\\/emf-consult.com\\\/nettbutikk\\\/\"},{\"@type\":\"ListItem\",\"position\":2,\"name\":\"Butikk\",\"item\":\"https:\\\/\\\/emf-consult.com\\\/nettbutikk\\\/butikk\\\/\"},{\"@type\":\"ListItem\",\"position\":3,\"name\":\"HF EMFields Acousticom 2\"}]},{\"@type\":\"WebSite\",\"@id\":\"https:\\\/\\\/emf-consult.com\\\/nettbutikk\\\/#website\",\"url\":\"https:\\\/\\\/emf-consult.com\\\/nettbutikk\\\/\",\"name\":\"EMF Consult\",\"description\":\"Nettbutikk - Beskyttelse mot str\u00e5ling\",\"publisher\":{\"@id\":\"https:\\\/\\\/emf-consult.com\\\/nettbutikk\\\/#organization\"},\"potentialAction\":[{\"@type\":\"SearchAction\",\"target\":{\"@type\":\"EntryPoint\",\"urlTemplate\":\"https:\\\/\\\/emf-consult.com\\\/nettbutikk\\\/?s={search_term_string}\"},\"query-input\":{\"@type\":\"PropertyValueSpecification\",\"valueRequired\":true,\"valueName\":\"search_term_string\"}}],\"inLanguage\":\"nb-NO\"},{\"@type\":\"Organization\",\"@id\":\"https:\\\/\\\/emf-consult.com\\\/nettbutikk\\\/#organization\",\"name\":\"EMF Consult AS\",\"url\":\"https:\\\/\\\/emf-consult.com\\\/nettbutikk\\\/\",\"logo\":{\"@type\":\"ImageObject\",\"inLanguage\":\"nb-NO\",\"@id\":\"https:\\\/\\\/emf-consult.com\\\/nettbutikk\\\/#\\\/schema\\\/logo\\\/image\\\/\",\"url\":\"https:\\\/\\\/emf-consult.com\\\/nettbutikk\\\/wp-content\\\/uploads\\\/2022\\\/07\\\/cropped-Favikon-rod-e1658786300694.png\",\"contentUrl\":\"https:\\\/\\\/emf-consult.com\\\/nettbutikk\\\/wp-content\\\/uploads\\\/2022\\\/07\\\/cropped-Favikon-rod-e1658786300694.png\",\"width\":150,\"height\":150,\"caption\":\"EMF Consult AS\"},\"image\":{\"@id\":\"https:\\\/\\\/emf-consult.com\\\/nettbutikk\\\/#\\\/schema\\\/logo\\\/image\\\/\"},\"sameAs\":[\"https:\\\/\\\/www.facebook.com\\\/emfconsult\",\"https:\\\/\\\/www.linkedin.com\\\/company\\\/emf-consult\\\/\"]}]}<\/script>\n<!-- \/ Yoast SEO plugin. -->","yoast_head_json":{"title":"HF EMFields Acousticom 2 - EMF Consult","robots":{"index":"index","follow":"follow","max-snippet":"max-snippet:-1","max-image-preview":"max-image-preview:large","max-video-preview":"max-video-preview:-1"},"canonical":"https:\/\/emf-consult.com\/nettbutikk\/produkt\/hf-emfields-acousticom-2\/","og_locale":"nb_NO","og_type":"article","og_title":"HF EMFields Acousticom 2 - EMF Consult","og_description":"Spesifikasjoner:  Frekvensomr\u00e5de: 200 MHz \u2013 8 GHz  M\u00e5leomr\u00e5de: 0.01 \u2013 6,00 V\/m svarende til 0,3 \u2013 95 000 \u00b5W\/m2  N\u00f8yaktighet: \u00b1 6dB  Sensor: Peak-verdi p\u00e5 pulssignaler  Audio analyse: Akustisk signal som gj\u00f8r at en kan gjenkjenne signaltyper. Alarmsignal ved h\u00f8ye str\u00e5lingsniv\u00e5 (kan deaktiveres).  Str\u00f8mforsyning: 9 Volt Alkaline batteri (inkludert), gjennomsnittlig brukstid 10 timer.  Lavt batteriniv\u00e5 indikator, Auto-av funksjon.  M\u00e5leprinsipp: Peak Verdi  Vekt: 0,14 kg inkl batteri  Apparatet leveres komplett med f\u00f8lgende utstyr:  M\u00e5leapparat, batteri, engelsk bruksanvisning\u00a0 og oppbevaringsetui. Norsk brukerveiledning finner du her.","og_url":"https:\/\/emf-consult.com\/nettbutikk\/produkt\/hf-emfields-acousticom-2\/","og_site_name":"EMF Consult","article_publisher":"https:\/\/www.facebook.com\/emfconsult","article_modified_time":"2024-12-23T10:16:30+00:00","og_image":[{"width":400,"height":450,"url":"https:\/\/emf-consult.com\/nettbutikk\/wp-content\/uploads\/2019\/11\/p14-1.jpg","type":"image\/jpeg"}],"twitter_card":"summary_large_image","twitter_misc":{"Ansl. lesetid":"2 minutter"},"schema":{"@context":"https:\/\/schema.org","@graph":[{"@type":"WebPage","@id":"https:\/\/emf-consult.com\/nettbutikk\/produkt\/hf-emfields-acousticom-2\/","url":"https:\/\/emf-consult.com\/nettbutikk\/produkt\/hf-emfields-acousticom-2\/","name":"HF EMFields Acousticom 2 - EMF Consult","isPartOf":{"@id":"https:\/\/emf-consult.com\/nettbutikk\/#website"},"primaryImageOfPage":{"@id":"https:\/\/emf-consult.com\/nettbutikk\/produkt\/hf-emfields-acousticom-2\/#primaryimage"},"image":{"@id":"https:\/\/emf-consult.com\/nettbutikk\/produkt\/hf-emfields-acousticom-2\/#primaryimage"},"thumbnailUrl":"https:\/\/emf-consult.com\/nettbutikk\/wp-content\/uploads\/2019\/11\/p14-1.jpg","datePublished":"2016-11-24T09:17:24+00:00","dateModified":"2024-12-23T10:16:30+00:00","breadcrumb":{"@id":"https:\/\/emf-consult.com\/nettbutikk\/produkt\/hf-emfields-acousticom-2\/#breadcrumb"},"inLanguage":"nb-NO","potentialAction":[{"@type":"ReadAction","target":["https:\/\/emf-consult.com\/nettbutikk\/produkt\/hf-emfields-acousticom-2\/"]}]},{"@type":"ImageObject","inLanguage":"nb-NO","@id":"https:\/\/emf-consult.com\/nettbutikk\/produkt\/hf-emfields-acousticom-2\/#primaryimage","url":"https:\/\/emf-consult.com\/nettbutikk\/wp-content\/uploads\/2019\/11\/p14-1.jpg","contentUrl":"https:\/\/emf-consult.com\/nettbutikk\/wp-content\/uploads\/2019\/11\/p14-1.jpg","width":400,"height":450,"caption":"HF EMFields Acousticom 2"},{"@type":"BreadcrumbList","@id":"https:\/\/emf-consult.com\/nettbutikk\/produkt\/hf-emfields-acousticom-2\/#breadcrumb","itemListElement":[{"@type":"ListItem","position":1,"name":"Hjem","item":"https:\/\/emf-consult.com\/nettbutikk\/"},{"@type":"ListItem","position":2,"name":"Butikk","item":"https:\/\/emf-consult.com\/nettbutikk\/butikk\/"},{"@type":"ListItem","position":3,"name":"HF EMFields Acousticom 2"}]},{"@type":"WebSite","@id":"https:\/\/emf-consult.com\/nettbutikk\/#website","url":"https:\/\/emf-consult.com\/nettbutikk\/","name":"EMF Consult","description":"Nettbutikk - Beskyttelse mot str\u00e5ling","publisher":{"@id":"https:\/\/emf-consult.com\/nettbutikk\/#organization"},"potentialAction":[{"@type":"SearchAction","target":{"@type":"EntryPoint","urlTemplate":"https:\/\/emf-consult.com\/nettbutikk\/?s={search_term_string}"},"query-input":{"@type":"PropertyValueSpecification","valueRequired":true,"valueName":"search_term_string"}}],"inLanguage":"nb-NO"},{"@type":"Organization","@id":"https:\/\/emf-consult.com\/nettbutikk\/#organization","name":"EMF Consult AS","url":"https:\/\/emf-consult.com\/nettbutikk\/","logo":{"@type":"ImageObject","inLanguage":"nb-NO","@id":"https:\/\/emf-consult.com\/nettbutikk\/#\/schema\/logo\/image\/","url":"https:\/\/emf-consult.com\/nettbutikk\/wp-content\/uploads\/2022\/07\/cropped-Favikon-rod-e1658786300694.png","contentUrl":"https:\/\/emf-consult.com\/nettbutikk\/wp-content\/uploads\/2022\/07\/cropped-Favikon-rod-e1658786300694.png","width":150,"height":150,"caption":"EMF Consult AS"},"image":{"@id":"https:\/\/emf-consult.com\/nettbutikk\/#\/schema\/logo\/image\/"},"sameAs":["https:\/\/www.facebook.com\/emfconsult","https:\/\/www.linkedin.com\/company\/emf-consult\/"]}]}},"_links":{"self":[{"href":"https:\/\/emf-consult.com\/nettbutikk\/wp-json\/wp\/v2\/product\/562","targetHints":{"allow":["GET"]}}],"collection":[{"href":"https:\/\/emf-consult.com\/nettbutikk\/wp-json\/wp\/v2\/product"}],"about":[{"href":"https:\/\/emf-consult.com\/nettbutikk\/wp-json\/wp\/v2\/types\/product"}],"replies":[{"embeddable":true,"href":"https:\/\/emf-consult.com\/nettbutikk\/wp-json\/wp\/v2\/comments?post=562"}],"wp:featuredmedia":[{"embeddable":true,"href":"https:\/\/emf-consult.com\/nettbutikk\/wp-json\/wp\/v2\/media\/563"}],"wp:attachment":[{"href":"https:\/\/emf-consult.com\/nettbutikk\/wp-json\/wp\/v2\/media?parent=562"}],"wp:term":[{"taxonomy":"product_brand","embeddable":true,"href":"https:\/\/emf-consult.com\/nettbutikk\/wp-json\/wp\/v2\/product_brand?post=562"},{"taxonomy":"product_cat","embeddable":true,"href":"https:\/\/emf-consult.com\/nettbutikk\/wp-json\/wp\/v2\/product_cat?post=562"},{"taxonomy":"product_tag","embeddable":true,"href":"https:\/\/emf-consult.com\/nettbutikk\/wp-json\/wp\/v2\/product_tag?post=562"}],"curies":[{"name":"wp","href":"https:\/\/api.w.org\/{rel}","templated":true}]}}