{"id":527,"date":"2016-11-24T09:46:05","date_gmt":"2016-11-24T09:46:05","guid":{"rendered":"https:\/\/emfconsult.nyside.net\/nettbutikk\/produkt\/nettstoy-analysator-na02-13\/"},"modified":"2023-12-21T16:36:15","modified_gmt":"2023-12-21T15:36:15","slug":"nettstoy-analysator-na02-13","status":"publish","type":"product","link":"https:\/\/emf-consult.com\/nettbutikk\/produkt\/nettstoy-analysator-na02-13\/","title":{"rendered":"Leie Nettst\u00f8y Analysator NA02-13 (pris pr. uke)"},"content":{"rendered":"<p><strong>Bruksomr\u00e5de:<br \/>\n<\/strong>Dette er et tysk kvalitetsinstrument som m\u00e5ler st\u00f8y i 230 V str\u00f8mnett. Det kan brukes til mange oppgaver, s\u00e5 som st\u00f8ym\u00e5ling i forbindelse med EMC analyser, PLC installasjon og generelle st\u00f8ym\u00e5linger i str\u00f8mnettet.<\/p>\n<p>Apparatet er enkelt \u00e5 bruke og viser frekvensspekteret av st\u00f8yen i frekvensomr\u00e5det 1 kHz &#8211; 500 kHz.<\/p>\n<p>Apparatet plugges rett inn i en vanlig stikkontakt og viser st\u00f8yen p\u00e5 et grafisk display i enheten dB\u00b5V. St\u00f8yen kan sammenlignes med valgte m\u00e5lekriteriene p\u00e5 selve skjermen.<\/p>\n<p>Illustrasjonen p\u00e5 bildene viser en m\u00e5leserie for \u00e5 identifisere st\u00f8ykilde og m\u00e5le effekten av et st\u00f8yfilter. De heltrukne linjene viser den valgte EMC standarden som st\u00f8yspenningen er sammenlignet med.<\/p>\n<p><strong>Funksjoner:<\/strong><br \/>\nApparatet er enkelt \u00e5 betjene og har en skala som er lett \u00e5 lese. M\u00e5leverdiene angis i enheter som er vanlig brukt ved st\u00f8ym\u00e5ling p\u00e5 str\u00f8mnettet (dB\u00b5V).<\/p>\n<p>Aktuelle grenseverdier for st\u00f8y vises direkte p\u00e5 skjermen med heltrukne linjer og st\u00f8yspenningen kan sammenlignes direkte med grenseverdiene. Ingen omregning er n\u00f8dvendig n\u00e5r en skal sammenligne med grenseverdier. Forskjellige standard grenseverdier kan stilles inn.<\/p>\n<p>Apparatet har loggefunksjon og drives av nettspenning eller et innebygd ladbart batteri.<\/p>\n<p><strong>Spesifikasjoner:<\/strong><br \/>\nFrekvensomr\u00e5de: 1 kHz \u2013 500 kHz<br \/>\nInnebygde grenseverdier for EMC malinger<\/p>\n<p>M\u00e5leomr\u00e5de: 110 VAC \u2013 230 VAC, 50\/60 Hz<\/p>\n<p>EMC standarder:<br \/>\nEN 55011 to EN 55022 som gjelder frekvensomr\u00e5det 150 Hz \u2013 500 kHz<br \/>\nForventede ny standard CEI 0-21 for frekvensomr\u00e5det 1 kHz til 500 kHz<\/p>\n<p>Datalogging: SD kort kan settes inn med kapasitet til 24 timer logging.<\/p>\n<p>M\u00e5leprinsipp: dB\u00b5V med peak (h\u00f8yeste verdi i m\u00e5lesekvensen) eller kontinuerlig gjennomsnitt av de 6 siste m\u00e5lesamplene.<\/p>\n<p>Str\u00f8mforsyning: Oppladbart batteri (inkludert), gjennomsnittlig brukstid 1 time.<\/p>\n<p>Dimensjoner: B: 100 mm; H: 50 mm; L: 195 mm<br \/>\nVekt: 0,3 kg<\/p>\n<p>Apparatet leveres komplett med f\u00f8lgende utstyr:<br \/>\nM\u00e5leapparat, m\u00e5lekabel for \u00e5 settes inn i stikkontakt, batterilader og instrumentveske.<br \/>\nOmfattende bruksanvisning p\u00e5 engelsk.<\/p>\n<p>MERK: Leietaker betaler returporto med Posten<\/p>\n","protected":false},"excerpt":{"rendered":"<p>Bruksomr\u00e5de: Dette er et tysk kvalitetsinstrument som m\u00e5ler st\u00f8y i 230 V str\u00f8mnett. Det kan brukes til mange oppgaver, s\u00e5<\/p>\n","protected":false},"featured_media":528,"comment_status":"open","ping_status":"closed","template":"","meta":[],"product_brand":[],"product_cat":[24],"product_tag":[],"class_list":{"0":"post-527","1":"product","2":"type-product","3":"status-publish","4":"has-post-thumbnail","6":"product_cat-utleie-av-maleapparat","8":"first","9":"instock","10":"taxable","11":"shipping-taxable","12":"purchasable","13":"product-type-simple"},"yoast_head":"<!-- This site is optimized with the Yoast SEO plugin v27.4 - https:\/\/yoast.com\/product\/yoast-seo-wordpress\/ -->\n<title>Leie Nettst\u00f8y Analysator NA02-13 (pris pr. uke) - EMF Consult<\/title>\n<meta name=\"robots\" content=\"index, follow, max-snippet:-1, max-image-preview:large, max-video-preview:-1\" \/>\n<link rel=\"canonical\" href=\"https:\/\/emf-consult.com\/nettbutikk\/produkt\/nettstoy-analysator-na02-13\/\" \/>\n<meta property=\"og:locale\" content=\"nb_NO\" \/>\n<meta property=\"og:type\" content=\"article\" \/>\n<meta property=\"og:title\" content=\"Leie Nettst\u00f8y Analysator NA02-13 (pris pr. uke) - EMF Consult\" \/>\n<meta property=\"og:description\" content=\"Bruksomr\u00e5de: Dette er et tysk kvalitetsinstrument som m\u00e5ler st\u00f8y i 230 V str\u00f8mnett. Det kan brukes til mange oppgaver, s\u00e5\" \/>\n<meta property=\"og:url\" content=\"https:\/\/emf-consult.com\/nettbutikk\/produkt\/nettstoy-analysator-na02-13\/\" \/>\n<meta property=\"og:site_name\" content=\"EMF Consult\" \/>\n<meta property=\"article:publisher\" content=\"https:\/\/www.facebook.com\/emfconsult\" \/>\n<meta property=\"article:modified_time\" content=\"2023-12-21T15:36:15+00:00\" \/>\n<meta property=\"og:image\" content=\"https:\/\/emf-consult.com\/nettbutikk\/wp-content\/uploads\/2019\/11\/p7-1.jpg\" \/>\n\t<meta property=\"og:image:width\" content=\"400\" \/>\n\t<meta property=\"og:image:height\" content=\"450\" \/>\n\t<meta property=\"og:image:type\" content=\"image\/jpeg\" \/>\n<meta name=\"twitter:card\" content=\"summary_large_image\" \/>\n<meta name=\"twitter:label1\" content=\"Ansl. lesetid\" \/>\n\t<meta name=\"twitter:data1\" content=\"2 minutter\" \/>\n<script type=\"application\/ld+json\" class=\"yoast-schema-graph\">{\"@context\":\"https:\\\/\\\/schema.org\",\"@graph\":[{\"@type\":\"WebPage\",\"@id\":\"https:\\\/\\\/emf-consult.com\\\/nettbutikk\\\/produkt\\\/nettstoy-analysator-na02-13\\\/\",\"url\":\"https:\\\/\\\/emf-consult.com\\\/nettbutikk\\\/produkt\\\/nettstoy-analysator-na02-13\\\/\",\"name\":\"Leie Nettst\u00f8y Analysator NA02-13 (pris pr. uke) - EMF Consult\",\"isPartOf\":{\"@id\":\"https:\\\/\\\/emf-consult.com\\\/nettbutikk\\\/#website\"},\"primaryImageOfPage\":{\"@id\":\"https:\\\/\\\/emf-consult.com\\\/nettbutikk\\\/produkt\\\/nettstoy-analysator-na02-13\\\/#primaryimage\"},\"image\":{\"@id\":\"https:\\\/\\\/emf-consult.com\\\/nettbutikk\\\/produkt\\\/nettstoy-analysator-na02-13\\\/#primaryimage\"},\"thumbnailUrl\":\"https:\\\/\\\/emf-consult.com\\\/nettbutikk\\\/wp-content\\\/uploads\\\/2019\\\/11\\\/p7-1.jpg\",\"datePublished\":\"2016-11-24T09:46:05+00:00\",\"dateModified\":\"2023-12-21T15:36:15+00:00\",\"breadcrumb\":{\"@id\":\"https:\\\/\\\/emf-consult.com\\\/nettbutikk\\\/produkt\\\/nettstoy-analysator-na02-13\\\/#breadcrumb\"},\"inLanguage\":\"nb-NO\",\"potentialAction\":[{\"@type\":\"ReadAction\",\"target\":[\"https:\\\/\\\/emf-consult.com\\\/nettbutikk\\\/produkt\\\/nettstoy-analysator-na02-13\\\/\"]}]},{\"@type\":\"ImageObject\",\"inLanguage\":\"nb-NO\",\"@id\":\"https:\\\/\\\/emf-consult.com\\\/nettbutikk\\\/produkt\\\/nettstoy-analysator-na02-13\\\/#primaryimage\",\"url\":\"https:\\\/\\\/emf-consult.com\\\/nettbutikk\\\/wp-content\\\/uploads\\\/2019\\\/11\\\/p7-1.jpg\",\"contentUrl\":\"https:\\\/\\\/emf-consult.com\\\/nettbutikk\\\/wp-content\\\/uploads\\\/2019\\\/11\\\/p7-1.jpg\",\"width\":400,\"height\":450,\"caption\":\"Leie Nettst\u00f8y Analysator NA02-13 (pris pr. uke)\"},{\"@type\":\"BreadcrumbList\",\"@id\":\"https:\\\/\\\/emf-consult.com\\\/nettbutikk\\\/produkt\\\/nettstoy-analysator-na02-13\\\/#breadcrumb\",\"itemListElement\":[{\"@type\":\"ListItem\",\"position\":1,\"name\":\"Hjem\",\"item\":\"https:\\\/\\\/emf-consult.com\\\/nettbutikk\\\/\"},{\"@type\":\"ListItem\",\"position\":2,\"name\":\"Butikk\",\"item\":\"https:\\\/\\\/emf-consult.com\\\/nettbutikk\\\/butikk\\\/\"},{\"@type\":\"ListItem\",\"position\":3,\"name\":\"Leie Nettst\u00f8y Analysator NA02-13 (pris pr. uke)\"}]},{\"@type\":\"WebSite\",\"@id\":\"https:\\\/\\\/emf-consult.com\\\/nettbutikk\\\/#website\",\"url\":\"https:\\\/\\\/emf-consult.com\\\/nettbutikk\\\/\",\"name\":\"EMF Consult\",\"description\":\"Nettbutikk - Beskyttelse mot str\u00e5ling\",\"publisher\":{\"@id\":\"https:\\\/\\\/emf-consult.com\\\/nettbutikk\\\/#organization\"},\"potentialAction\":[{\"@type\":\"SearchAction\",\"target\":{\"@type\":\"EntryPoint\",\"urlTemplate\":\"https:\\\/\\\/emf-consult.com\\\/nettbutikk\\\/?s={search_term_string}\"},\"query-input\":{\"@type\":\"PropertyValueSpecification\",\"valueRequired\":true,\"valueName\":\"search_term_string\"}}],\"inLanguage\":\"nb-NO\"},{\"@type\":\"Organization\",\"@id\":\"https:\\\/\\\/emf-consult.com\\\/nettbutikk\\\/#organization\",\"name\":\"EMF Consult AS\",\"url\":\"https:\\\/\\\/emf-consult.com\\\/nettbutikk\\\/\",\"logo\":{\"@type\":\"ImageObject\",\"inLanguage\":\"nb-NO\",\"@id\":\"https:\\\/\\\/emf-consult.com\\\/nettbutikk\\\/#\\\/schema\\\/logo\\\/image\\\/\",\"url\":\"https:\\\/\\\/emf-consult.com\\\/nettbutikk\\\/wp-content\\\/uploads\\\/2022\\\/07\\\/cropped-Favikon-rod-e1658786300694.png\",\"contentUrl\":\"https:\\\/\\\/emf-consult.com\\\/nettbutikk\\\/wp-content\\\/uploads\\\/2022\\\/07\\\/cropped-Favikon-rod-e1658786300694.png\",\"width\":150,\"height\":150,\"caption\":\"EMF Consult AS\"},\"image\":{\"@id\":\"https:\\\/\\\/emf-consult.com\\\/nettbutikk\\\/#\\\/schema\\\/logo\\\/image\\\/\"},\"sameAs\":[\"https:\\\/\\\/www.facebook.com\\\/emfconsult\",\"https:\\\/\\\/www.linkedin.com\\\/company\\\/emf-consult\\\/\"]}]}<\/script>\n<!-- \/ Yoast SEO plugin. -->","yoast_head_json":{"title":"Leie Nettst\u00f8y Analysator NA02-13 (pris pr. uke) - EMF Consult","robots":{"index":"index","follow":"follow","max-snippet":"max-snippet:-1","max-image-preview":"max-image-preview:large","max-video-preview":"max-video-preview:-1"},"canonical":"https:\/\/emf-consult.com\/nettbutikk\/produkt\/nettstoy-analysator-na02-13\/","og_locale":"nb_NO","og_type":"article","og_title":"Leie Nettst\u00f8y Analysator NA02-13 (pris pr. uke) - EMF Consult","og_description":"Bruksomr\u00e5de: Dette er et tysk kvalitetsinstrument som m\u00e5ler st\u00f8y i 230 V str\u00f8mnett. Det kan brukes til mange oppgaver, s\u00e5","og_url":"https:\/\/emf-consult.com\/nettbutikk\/produkt\/nettstoy-analysator-na02-13\/","og_site_name":"EMF Consult","article_publisher":"https:\/\/www.facebook.com\/emfconsult","article_modified_time":"2023-12-21T15:36:15+00:00","og_image":[{"width":400,"height":450,"url":"https:\/\/emf-consult.com\/nettbutikk\/wp-content\/uploads\/2019\/11\/p7-1.jpg","type":"image\/jpeg"}],"twitter_card":"summary_large_image","twitter_misc":{"Ansl. lesetid":"2 minutter"},"schema":{"@context":"https:\/\/schema.org","@graph":[{"@type":"WebPage","@id":"https:\/\/emf-consult.com\/nettbutikk\/produkt\/nettstoy-analysator-na02-13\/","url":"https:\/\/emf-consult.com\/nettbutikk\/produkt\/nettstoy-analysator-na02-13\/","name":"Leie Nettst\u00f8y Analysator NA02-13 (pris pr. uke) - EMF Consult","isPartOf":{"@id":"https:\/\/emf-consult.com\/nettbutikk\/#website"},"primaryImageOfPage":{"@id":"https:\/\/emf-consult.com\/nettbutikk\/produkt\/nettstoy-analysator-na02-13\/#primaryimage"},"image":{"@id":"https:\/\/emf-consult.com\/nettbutikk\/produkt\/nettstoy-analysator-na02-13\/#primaryimage"},"thumbnailUrl":"https:\/\/emf-consult.com\/nettbutikk\/wp-content\/uploads\/2019\/11\/p7-1.jpg","datePublished":"2016-11-24T09:46:05+00:00","dateModified":"2023-12-21T15:36:15+00:00","breadcrumb":{"@id":"https:\/\/emf-consult.com\/nettbutikk\/produkt\/nettstoy-analysator-na02-13\/#breadcrumb"},"inLanguage":"nb-NO","potentialAction":[{"@type":"ReadAction","target":["https:\/\/emf-consult.com\/nettbutikk\/produkt\/nettstoy-analysator-na02-13\/"]}]},{"@type":"ImageObject","inLanguage":"nb-NO","@id":"https:\/\/emf-consult.com\/nettbutikk\/produkt\/nettstoy-analysator-na02-13\/#primaryimage","url":"https:\/\/emf-consult.com\/nettbutikk\/wp-content\/uploads\/2019\/11\/p7-1.jpg","contentUrl":"https:\/\/emf-consult.com\/nettbutikk\/wp-content\/uploads\/2019\/11\/p7-1.jpg","width":400,"height":450,"caption":"Leie Nettst\u00f8y Analysator NA02-13 (pris pr. uke)"},{"@type":"BreadcrumbList","@id":"https:\/\/emf-consult.com\/nettbutikk\/produkt\/nettstoy-analysator-na02-13\/#breadcrumb","itemListElement":[{"@type":"ListItem","position":1,"name":"Hjem","item":"https:\/\/emf-consult.com\/nettbutikk\/"},{"@type":"ListItem","position":2,"name":"Butikk","item":"https:\/\/emf-consult.com\/nettbutikk\/butikk\/"},{"@type":"ListItem","position":3,"name":"Leie Nettst\u00f8y Analysator NA02-13 (pris pr. uke)"}]},{"@type":"WebSite","@id":"https:\/\/emf-consult.com\/nettbutikk\/#website","url":"https:\/\/emf-consult.com\/nettbutikk\/","name":"EMF Consult","description":"Nettbutikk - Beskyttelse mot str\u00e5ling","publisher":{"@id":"https:\/\/emf-consult.com\/nettbutikk\/#organization"},"potentialAction":[{"@type":"SearchAction","target":{"@type":"EntryPoint","urlTemplate":"https:\/\/emf-consult.com\/nettbutikk\/?s={search_term_string}"},"query-input":{"@type":"PropertyValueSpecification","valueRequired":true,"valueName":"search_term_string"}}],"inLanguage":"nb-NO"},{"@type":"Organization","@id":"https:\/\/emf-consult.com\/nettbutikk\/#organization","name":"EMF Consult AS","url":"https:\/\/emf-consult.com\/nettbutikk\/","logo":{"@type":"ImageObject","inLanguage":"nb-NO","@id":"https:\/\/emf-consult.com\/nettbutikk\/#\/schema\/logo\/image\/","url":"https:\/\/emf-consult.com\/nettbutikk\/wp-content\/uploads\/2022\/07\/cropped-Favikon-rod-e1658786300694.png","contentUrl":"https:\/\/emf-consult.com\/nettbutikk\/wp-content\/uploads\/2022\/07\/cropped-Favikon-rod-e1658786300694.png","width":150,"height":150,"caption":"EMF Consult AS"},"image":{"@id":"https:\/\/emf-consult.com\/nettbutikk\/#\/schema\/logo\/image\/"},"sameAs":["https:\/\/www.facebook.com\/emfconsult","https:\/\/www.linkedin.com\/company\/emf-consult\/"]}]}},"_links":{"self":[{"href":"https:\/\/emf-consult.com\/nettbutikk\/wp-json\/wp\/v2\/product\/527","targetHints":{"allow":["GET"]}}],"collection":[{"href":"https:\/\/emf-consult.com\/nettbutikk\/wp-json\/wp\/v2\/product"}],"about":[{"href":"https:\/\/emf-consult.com\/nettbutikk\/wp-json\/wp\/v2\/types\/product"}],"replies":[{"embeddable":true,"href":"https:\/\/emf-consult.com\/nettbutikk\/wp-json\/wp\/v2\/comments?post=527"}],"wp:featuredmedia":[{"embeddable":true,"href":"https:\/\/emf-consult.com\/nettbutikk\/wp-json\/wp\/v2\/media\/528"}],"wp:attachment":[{"href":"https:\/\/emf-consult.com\/nettbutikk\/wp-json\/wp\/v2\/media?parent=527"}],"wp:term":[{"taxonomy":"product_brand","embeddable":true,"href":"https:\/\/emf-consult.com\/nettbutikk\/wp-json\/wp\/v2\/product_brand?post=527"},{"taxonomy":"product_cat","embeddable":true,"href":"https:\/\/emf-consult.com\/nettbutikk\/wp-json\/wp\/v2\/product_cat?post=527"},{"taxonomy":"product_tag","embeddable":true,"href":"https:\/\/emf-consult.com\/nettbutikk\/wp-json\/wp\/v2\/product_tag?post=527"}],"curies":[{"name":"wp","href":"https:\/\/api.w.org\/{rel}","templated":true}]}}