{"id":5251,"date":"2019-02-06T10:18:34","date_gmt":"2019-02-06T10:18:34","guid":{"rendered":"https:\/\/emfconsult.nyside.net\/nettbutikk\/produkt\/skjermet-skjoteledning-230v-svart-3-meter-3-x-1-mm%c2%b2-10a\/"},"modified":"2026-03-11T08:53:23","modified_gmt":"2026-03-11T07:53:23","slug":"skjermet-skjoteledning-230v-svart-3-meter-3-x-1-mm%c2%b2-10a","status":"publish","type":"product","link":"https:\/\/emf-consult.com\/nettbutikk\/produkt\/skjermet-skjoteledning-230v-svart-3-meter-3-x-1-mm%c2%b2-10a\/","title":{"rendered":"Skjermet skj\u00f8teledning 230V, svart, 3 meter 3 x 1,5 mm\u00b2 (16A)"},"content":{"rendered":"<p data-start=\"170\" data-end=\"549\"><strong>Skjermet skj\u00f8teledning p\u00e5 3 meter<\/strong> utviklet for trygg og stabil str\u00f8mtilf\u00f8rsel til elektrisk utstyr, samtidig som den bidrar til \u00e5 redusere eksponering for <strong data-start=\"341\" data-end=\"378\">lavfrekvente elektriske felt (LF)<\/strong>. Kabelen er sv\u00e6rt fleksibel og enkel \u00e5 h\u00e5ndtere, noe som gj\u00f8r den ideell til bruk i hjem, kontor eller milj\u00f8er hvor man \u00f8nsker ekstra fokus p\u00e5 elektromagnetisk skjerming.<\/p>\n<p data-start=\"551\" data-end=\"754\">Skj\u00f8teledningen er konstruert med <strong data-start=\"585\" data-end=\"628\">vridde ledere (15 vridninger per meter)<\/strong>. Denne teknologien bidrar til \u00e5 redusere magnetiske felt og gir bedre beskyttelse mot elektrisk st\u00f8y fra str\u00f8mf\u00f8rende kabler.<\/p>\n<p><span id=\"result_box\" lang=\"no\">Konstruksjon:<\/span><\/p>\n<p><span id=\"result_box\" lang=\"no\">\u00a0<a href=\"\/nettbutikk\/wp-content\/uploads\/2019\/11\/YSHIELD-Cable-H05VVF3G-2000-1-scaled.jpg\"><img loading=\"lazy\" decoding=\"async\" class=\" wd-lazy-fade alignleft wp-image-1548\" src=\"https:\/\/emf-consult.com\/nettbutikk\/wp-content\/themes\/woodmart\/images\/lazy.svg\" data-src=\"\/nettbutikk\/wp-content\/uploads\/2019\/11\/YSHIELD-Cable-H05VVF3G-2000-1-scaled.jpg\" alt=\"\" width=\"1078\" height=\"95\" \/><\/a><\/span><\/p>\n<p>&nbsp;<\/p>\n<p>&nbsp;<\/p>\n<p>1) kobberledere fintr\u00e5det ; 2) Isolering: Polyvinylklorid; 3)\u00a0Skjermjord: Kobber 0,34 mm\u00b2; 4) Skjerm: plastbelagte aluminiumsb\u00e5nd ; 5) Kappe: Polyvinylklorid;<\/p>\n<p data-start=\"756\" data-end=\"852\">For at skjermingen skal fungere korrekt m\u00e5 skj\u00f8teledningen <strong data-start=\"815\" data-end=\"851\">kobles til en jordet stikkontakt<\/strong>.<\/p>\n<h3 data-section-id=\"1x15ujr\" data-start=\"854\" data-end=\"866\">Fordeler<\/h3>\n<ul data-start=\"867\" data-end=\"1166\">\n<li data-section-id=\"jmzt18\" data-start=\"867\" data-end=\"933\">\n<p data-start=\"869\" data-end=\"933\">Skjermet kabel som reduserer lavfrekvente elektriske felt (LF)<\/p>\n<\/li>\n<li data-section-id=\"1y2cqv1\" data-start=\"934\" data-end=\"1001\">\n<p data-start=\"936\" data-end=\"1001\">Vridde ledere (15 ganger per meter) for redusert magnetisk felt<\/p>\n<\/li>\n<li data-section-id=\"1r8gkvl\" data-start=\"1002\" data-end=\"1055\">\n<p data-start=\"1004\" data-end=\"1055\">Meget fleksibel kabel \u2013 enkel \u00e5 plassere og bruke<\/p>\n<\/li>\n<li data-section-id=\"nt26jr\" data-start=\"1056\" data-end=\"1112\">\n<p data-start=\"1058\" data-end=\"1112\">Stabil og sikker str\u00f8mtilf\u00f8rsel til elektrisk utstyr<\/p>\n<\/li>\n<\/ul>\n<p><strong data-start=\"1376\" data-end=\"1410\">Skjermet skj\u00f8teledning 230V<\/strong> er et godt valg for deg som \u00f8nsker en <strong data-start=\"1449\" data-end=\"1534\">fleksibel og kvalitetsikker str\u00f8mledning med redusert elektromagnetisk p\u00e5virkning<\/strong>.<\/p>\n","protected":false},"excerpt":{"rendered":"<p>\u2022 Lengde: 3 m<br \/>\n\u2022 Antall ledere x\u00a0tverrsnitt: 3 x 1,5 mm\u00b2<br \/>\n\u2022 N\u00e5v\u00e6rende belastning i henhold til IEC 320-1: 16 A<br \/>\n\u2022 Nominell spenning: 250 V \/ 50 Hz<br \/>\n\u2022 Farge: Svart<br \/>\n\u2022 Ytre diameter ledning: 8,4 mm<br \/>\n\u2022 Beskyttelsesgrad 1 (med jordledning )<\/p>\n<p>&nbsp;<\/p>\n","protected":false},"featured_media":5252,"comment_status":"open","ping_status":"closed","template":"","meta":[],"product_brand":[],"product_cat":[29,23],"product_tag":[],"class_list":{"0":"post-5251","1":"product","2":"type-product","3":"status-publish","4":"has-post-thumbnail","6":"product_cat-data-tele","7":"product_cat-el-installasjon","9":"first","10":"instock","11":"taxable","12":"shipping-taxable","13":"purchasable","14":"product-type-simple"},"yoast_head":"<!-- This site is optimized with the Yoast SEO plugin v27.4 - https:\/\/yoast.com\/product\/yoast-seo-wordpress\/ -->\n<title>Skjermet skj\u00f8teledning 230V \/ 16A 3m | Reduserer elektriske felt<\/title>\n<meta name=\"description\" content=\"Skjermet skj\u00f8teledning 230V, 3 meter (3x1,5 mm\u00b2, 16A). Vridde ledere reduserer lavfrekvente elektriske og magnetiske felt. M\u00e5 brukes i jordet stikkontakt.\" \/>\n<meta name=\"robots\" content=\"index, follow, max-snippet:-1, max-image-preview:large, max-video-preview:-1\" \/>\n<link rel=\"canonical\" href=\"https:\/\/emf-consult.com\/nettbutikk\/produkt\/skjermet-skjoteledning-230v-svart-3-meter-3-x-1-mm\u00b2-10a\/\" \/>\n<meta property=\"og:locale\" content=\"nb_NO\" \/>\n<meta property=\"og:type\" content=\"article\" \/>\n<meta property=\"og:title\" content=\"Skjermet skj\u00f8teledning 230V \/ 16A 3m | Reduserer elektriske felt\" \/>\n<meta property=\"og:description\" content=\"Skjermet skj\u00f8teledning 230V, 3 meter (3x1,5 mm\u00b2, 16A). Vridde ledere reduserer lavfrekvente elektriske og magnetiske felt. M\u00e5 brukes i jordet stikkontakt.\" \/>\n<meta property=\"og:url\" content=\"https:\/\/emf-consult.com\/nettbutikk\/produkt\/skjermet-skjoteledning-230v-svart-3-meter-3-x-1-mm\u00b2-10a\/\" \/>\n<meta property=\"og:site_name\" content=\"EMF Consult\" \/>\n<meta property=\"article:publisher\" content=\"https:\/\/www.facebook.com\/emfconsult\" \/>\n<meta property=\"article:modified_time\" content=\"2026-03-11T07:53:23+00:00\" \/>\n<meta property=\"og:image\" content=\"https:\/\/emf-consult.com\/nettbutikk\/wp-content\/uploads\/2019\/11\/3m-svart-skj\u00f8teledning.jpg\" \/>\n\t<meta property=\"og:image:width\" content=\"450\" \/>\n\t<meta property=\"og:image:height\" content=\"449\" \/>\n\t<meta property=\"og:image:type\" content=\"image\/jpeg\" \/>\n<meta name=\"twitter:card\" content=\"summary_large_image\" \/>\n<meta name=\"twitter:label1\" content=\"Ansl. lesetid\" \/>\n\t<meta name=\"twitter:data1\" content=\"2 minutter\" \/>\n<script type=\"application\/ld+json\" class=\"yoast-schema-graph\">{\"@context\":\"https:\\\/\\\/schema.org\",\"@graph\":[{\"@type\":\"WebPage\",\"@id\":\"https:\\\/\\\/emf-consult.com\\\/nettbutikk\\\/produkt\\\/skjermet-skjoteledning-230v-svart-3-meter-3-x-1-mm%c2%b2-10a\\\/\",\"url\":\"https:\\\/\\\/emf-consult.com\\\/nettbutikk\\\/produkt\\\/skjermet-skjoteledning-230v-svart-3-meter-3-x-1-mm%c2%b2-10a\\\/\",\"name\":\"Skjermet skj\u00f8teledning 230V \\\/ 16A 3m | Reduserer elektriske felt\",\"isPartOf\":{\"@id\":\"https:\\\/\\\/emf-consult.com\\\/nettbutikk\\\/#website\"},\"primaryImageOfPage\":{\"@id\":\"https:\\\/\\\/emf-consult.com\\\/nettbutikk\\\/produkt\\\/skjermet-skjoteledning-230v-svart-3-meter-3-x-1-mm%c2%b2-10a\\\/#primaryimage\"},\"image\":{\"@id\":\"https:\\\/\\\/emf-consult.com\\\/nettbutikk\\\/produkt\\\/skjermet-skjoteledning-230v-svart-3-meter-3-x-1-mm%c2%b2-10a\\\/#primaryimage\"},\"thumbnailUrl\":\"https:\\\/\\\/emf-consult.com\\\/nettbutikk\\\/wp-content\\\/uploads\\\/2019\\\/11\\\/3m-svart-skj\u00f8teledning.jpg\",\"datePublished\":\"2019-02-06T10:18:34+00:00\",\"dateModified\":\"2026-03-11T07:53:23+00:00\",\"description\":\"Skjermet skj\u00f8teledning 230V, 3 meter (3x1,5 mm\u00b2, 16A). Vridde ledere reduserer lavfrekvente elektriske og magnetiske felt. M\u00e5 brukes i jordet stikkontakt.\",\"breadcrumb\":{\"@id\":\"https:\\\/\\\/emf-consult.com\\\/nettbutikk\\\/produkt\\\/skjermet-skjoteledning-230v-svart-3-meter-3-x-1-mm%c2%b2-10a\\\/#breadcrumb\"},\"inLanguage\":\"nb-NO\",\"potentialAction\":[{\"@type\":\"ReadAction\",\"target\":[\"https:\\\/\\\/emf-consult.com\\\/nettbutikk\\\/produkt\\\/skjermet-skjoteledning-230v-svart-3-meter-3-x-1-mm%c2%b2-10a\\\/\"]}]},{\"@type\":\"ImageObject\",\"inLanguage\":\"nb-NO\",\"@id\":\"https:\\\/\\\/emf-consult.com\\\/nettbutikk\\\/produkt\\\/skjermet-skjoteledning-230v-svart-3-meter-3-x-1-mm%c2%b2-10a\\\/#primaryimage\",\"url\":\"https:\\\/\\\/emf-consult.com\\\/nettbutikk\\\/wp-content\\\/uploads\\\/2019\\\/11\\\/3m-svart-skj\u00f8teledning.jpg\",\"contentUrl\":\"https:\\\/\\\/emf-consult.com\\\/nettbutikk\\\/wp-content\\\/uploads\\\/2019\\\/11\\\/3m-svart-skj\u00f8teledning.jpg\",\"width\":450,\"height\":449,\"caption\":\"Skjermet skj\u00f8teledning 230V, svart, 3 meter 3 x 1,5 mm\u00b2 (16A)\"},{\"@type\":\"BreadcrumbList\",\"@id\":\"https:\\\/\\\/emf-consult.com\\\/nettbutikk\\\/produkt\\\/skjermet-skjoteledning-230v-svart-3-meter-3-x-1-mm%c2%b2-10a\\\/#breadcrumb\",\"itemListElement\":[{\"@type\":\"ListItem\",\"position\":1,\"name\":\"Hjem\",\"item\":\"https:\\\/\\\/emf-consult.com\\\/nettbutikk\\\/\"},{\"@type\":\"ListItem\",\"position\":2,\"name\":\"Butikk\",\"item\":\"https:\\\/\\\/emf-consult.com\\\/nettbutikk\\\/butikk\\\/\"},{\"@type\":\"ListItem\",\"position\":3,\"name\":\"Skjermet skj\u00f8teledning 230V, svart, 3 meter 3 x 1,5 mm\u00b2 (16A)\"}]},{\"@type\":\"WebSite\",\"@id\":\"https:\\\/\\\/emf-consult.com\\\/nettbutikk\\\/#website\",\"url\":\"https:\\\/\\\/emf-consult.com\\\/nettbutikk\\\/\",\"name\":\"EMF Consult\",\"description\":\"Nettbutikk - Beskyttelse mot str\u00e5ling\",\"publisher\":{\"@id\":\"https:\\\/\\\/emf-consult.com\\\/nettbutikk\\\/#organization\"},\"potentialAction\":[{\"@type\":\"SearchAction\",\"target\":{\"@type\":\"EntryPoint\",\"urlTemplate\":\"https:\\\/\\\/emf-consult.com\\\/nettbutikk\\\/?s={search_term_string}\"},\"query-input\":{\"@type\":\"PropertyValueSpecification\",\"valueRequired\":true,\"valueName\":\"search_term_string\"}}],\"inLanguage\":\"nb-NO\"},{\"@type\":\"Organization\",\"@id\":\"https:\\\/\\\/emf-consult.com\\\/nettbutikk\\\/#organization\",\"name\":\"EMF Consult AS\",\"url\":\"https:\\\/\\\/emf-consult.com\\\/nettbutikk\\\/\",\"logo\":{\"@type\":\"ImageObject\",\"inLanguage\":\"nb-NO\",\"@id\":\"https:\\\/\\\/emf-consult.com\\\/nettbutikk\\\/#\\\/schema\\\/logo\\\/image\\\/\",\"url\":\"https:\\\/\\\/emf-consult.com\\\/nettbutikk\\\/wp-content\\\/uploads\\\/2022\\\/07\\\/cropped-Favikon-rod-e1658786300694.png\",\"contentUrl\":\"https:\\\/\\\/emf-consult.com\\\/nettbutikk\\\/wp-content\\\/uploads\\\/2022\\\/07\\\/cropped-Favikon-rod-e1658786300694.png\",\"width\":150,\"height\":150,\"caption\":\"EMF Consult AS\"},\"image\":{\"@id\":\"https:\\\/\\\/emf-consult.com\\\/nettbutikk\\\/#\\\/schema\\\/logo\\\/image\\\/\"},\"sameAs\":[\"https:\\\/\\\/www.facebook.com\\\/emfconsult\",\"https:\\\/\\\/www.linkedin.com\\\/company\\\/emf-consult\\\/\"]}]}<\/script>\n<!-- \/ Yoast SEO plugin. -->","yoast_head_json":{"title":"Skjermet skj\u00f8teledning 230V \/ 16A 3m | Reduserer elektriske felt","description":"Skjermet skj\u00f8teledning 230V, 3 meter (3x1,5 mm\u00b2, 16A). Vridde ledere reduserer lavfrekvente elektriske og magnetiske felt. M\u00e5 brukes i jordet stikkontakt.","robots":{"index":"index","follow":"follow","max-snippet":"max-snippet:-1","max-image-preview":"max-image-preview:large","max-video-preview":"max-video-preview:-1"},"canonical":"https:\/\/emf-consult.com\/nettbutikk\/produkt\/skjermet-skjoteledning-230v-svart-3-meter-3-x-1-mm\u00b2-10a\/","og_locale":"nb_NO","og_type":"article","og_title":"Skjermet skj\u00f8teledning 230V \/ 16A 3m | Reduserer elektriske felt","og_description":"Skjermet skj\u00f8teledning 230V, 3 meter (3x1,5 mm\u00b2, 16A). Vridde ledere reduserer lavfrekvente elektriske og magnetiske felt. M\u00e5 brukes i jordet stikkontakt.","og_url":"https:\/\/emf-consult.com\/nettbutikk\/produkt\/skjermet-skjoteledning-230v-svart-3-meter-3-x-1-mm\u00b2-10a\/","og_site_name":"EMF Consult","article_publisher":"https:\/\/www.facebook.com\/emfconsult","article_modified_time":"2026-03-11T07:53:23+00:00","og_image":[{"width":450,"height":449,"url":"https:\/\/emf-consult.com\/nettbutikk\/wp-content\/uploads\/2019\/11\/3m-svart-skj\u00f8teledning.jpg","type":"image\/jpeg"}],"twitter_card":"summary_large_image","twitter_misc":{"Ansl. lesetid":"2 minutter"},"schema":{"@context":"https:\/\/schema.org","@graph":[{"@type":"WebPage","@id":"https:\/\/emf-consult.com\/nettbutikk\/produkt\/skjermet-skjoteledning-230v-svart-3-meter-3-x-1-mm%c2%b2-10a\/","url":"https:\/\/emf-consult.com\/nettbutikk\/produkt\/skjermet-skjoteledning-230v-svart-3-meter-3-x-1-mm%c2%b2-10a\/","name":"Skjermet skj\u00f8teledning 230V \/ 16A 3m | Reduserer elektriske felt","isPartOf":{"@id":"https:\/\/emf-consult.com\/nettbutikk\/#website"},"primaryImageOfPage":{"@id":"https:\/\/emf-consult.com\/nettbutikk\/produkt\/skjermet-skjoteledning-230v-svart-3-meter-3-x-1-mm%c2%b2-10a\/#primaryimage"},"image":{"@id":"https:\/\/emf-consult.com\/nettbutikk\/produkt\/skjermet-skjoteledning-230v-svart-3-meter-3-x-1-mm%c2%b2-10a\/#primaryimage"},"thumbnailUrl":"https:\/\/emf-consult.com\/nettbutikk\/wp-content\/uploads\/2019\/11\/3m-svart-skj\u00f8teledning.jpg","datePublished":"2019-02-06T10:18:34+00:00","dateModified":"2026-03-11T07:53:23+00:00","description":"Skjermet skj\u00f8teledning 230V, 3 meter (3x1,5 mm\u00b2, 16A). Vridde ledere reduserer lavfrekvente elektriske og magnetiske felt. M\u00e5 brukes i jordet stikkontakt.","breadcrumb":{"@id":"https:\/\/emf-consult.com\/nettbutikk\/produkt\/skjermet-skjoteledning-230v-svart-3-meter-3-x-1-mm%c2%b2-10a\/#breadcrumb"},"inLanguage":"nb-NO","potentialAction":[{"@type":"ReadAction","target":["https:\/\/emf-consult.com\/nettbutikk\/produkt\/skjermet-skjoteledning-230v-svart-3-meter-3-x-1-mm%c2%b2-10a\/"]}]},{"@type":"ImageObject","inLanguage":"nb-NO","@id":"https:\/\/emf-consult.com\/nettbutikk\/produkt\/skjermet-skjoteledning-230v-svart-3-meter-3-x-1-mm%c2%b2-10a\/#primaryimage","url":"https:\/\/emf-consult.com\/nettbutikk\/wp-content\/uploads\/2019\/11\/3m-svart-skj\u00f8teledning.jpg","contentUrl":"https:\/\/emf-consult.com\/nettbutikk\/wp-content\/uploads\/2019\/11\/3m-svart-skj\u00f8teledning.jpg","width":450,"height":449,"caption":"Skjermet skj\u00f8teledning 230V, svart, 3 meter 3 x 1,5 mm\u00b2 (16A)"},{"@type":"BreadcrumbList","@id":"https:\/\/emf-consult.com\/nettbutikk\/produkt\/skjermet-skjoteledning-230v-svart-3-meter-3-x-1-mm%c2%b2-10a\/#breadcrumb","itemListElement":[{"@type":"ListItem","position":1,"name":"Hjem","item":"https:\/\/emf-consult.com\/nettbutikk\/"},{"@type":"ListItem","position":2,"name":"Butikk","item":"https:\/\/emf-consult.com\/nettbutikk\/butikk\/"},{"@type":"ListItem","position":3,"name":"Skjermet skj\u00f8teledning 230V, svart, 3 meter 3 x 1,5 mm\u00b2 (16A)"}]},{"@type":"WebSite","@id":"https:\/\/emf-consult.com\/nettbutikk\/#website","url":"https:\/\/emf-consult.com\/nettbutikk\/","name":"EMF Consult","description":"Nettbutikk - Beskyttelse mot str\u00e5ling","publisher":{"@id":"https:\/\/emf-consult.com\/nettbutikk\/#organization"},"potentialAction":[{"@type":"SearchAction","target":{"@type":"EntryPoint","urlTemplate":"https:\/\/emf-consult.com\/nettbutikk\/?s={search_term_string}"},"query-input":{"@type":"PropertyValueSpecification","valueRequired":true,"valueName":"search_term_string"}}],"inLanguage":"nb-NO"},{"@type":"Organization","@id":"https:\/\/emf-consult.com\/nettbutikk\/#organization","name":"EMF Consult AS","url":"https:\/\/emf-consult.com\/nettbutikk\/","logo":{"@type":"ImageObject","inLanguage":"nb-NO","@id":"https:\/\/emf-consult.com\/nettbutikk\/#\/schema\/logo\/image\/","url":"https:\/\/emf-consult.com\/nettbutikk\/wp-content\/uploads\/2022\/07\/cropped-Favikon-rod-e1658786300694.png","contentUrl":"https:\/\/emf-consult.com\/nettbutikk\/wp-content\/uploads\/2022\/07\/cropped-Favikon-rod-e1658786300694.png","width":150,"height":150,"caption":"EMF Consult AS"},"image":{"@id":"https:\/\/emf-consult.com\/nettbutikk\/#\/schema\/logo\/image\/"},"sameAs":["https:\/\/www.facebook.com\/emfconsult","https:\/\/www.linkedin.com\/company\/emf-consult\/"]}]}},"_links":{"self":[{"href":"https:\/\/emf-consult.com\/nettbutikk\/wp-json\/wp\/v2\/product\/5251","targetHints":{"allow":["GET"]}}],"collection":[{"href":"https:\/\/emf-consult.com\/nettbutikk\/wp-json\/wp\/v2\/product"}],"about":[{"href":"https:\/\/emf-consult.com\/nettbutikk\/wp-json\/wp\/v2\/types\/product"}],"replies":[{"embeddable":true,"href":"https:\/\/emf-consult.com\/nettbutikk\/wp-json\/wp\/v2\/comments?post=5251"}],"wp:featuredmedia":[{"embeddable":true,"href":"https:\/\/emf-consult.com\/nettbutikk\/wp-json\/wp\/v2\/media\/5252"}],"wp:attachment":[{"href":"https:\/\/emf-consult.com\/nettbutikk\/wp-json\/wp\/v2\/media?parent=5251"}],"wp:term":[{"taxonomy":"product_brand","embeddable":true,"href":"https:\/\/emf-consult.com\/nettbutikk\/wp-json\/wp\/v2\/product_brand?post=5251"},{"taxonomy":"product_cat","embeddable":true,"href":"https:\/\/emf-consult.com\/nettbutikk\/wp-json\/wp\/v2\/product_cat?post=5251"},{"taxonomy":"product_tag","embeddable":true,"href":"https:\/\/emf-consult.com\/nettbutikk\/wp-json\/wp\/v2\/product_tag?post=5251"}],"curies":[{"name":"wp","href":"https:\/\/api.w.org\/{rel}","templated":true}]}}