{"id":519,"date":"2016-11-24T09:36:28","date_gmt":"2016-11-24T09:36:28","guid":{"rendered":"https:\/\/emfconsult.nyside.net\/nettbutikk\/produkt\/lf-analysator-me-3830b\/"},"modified":"2026-03-11T09:30:24","modified_gmt":"2026-03-11T08:30:24","slug":"lf-analysator-me-3830b","status":"publish","type":"product","link":"https:\/\/emf-consult.com\/nettbutikk\/produkt\/lf-analysator-me-3830b\/","title":{"rendered":"LF analysator ME 3830B"},"content":{"rendered":"<p><strong>Bruksomr\u00e5de:<\/strong><br \/>\nDette er et tysk kvalitetsinstrument som et godt egnet til \u00e5 m\u00e5le lavfrekvens elektromagnetiske felt i ditt eget hjem, p\u00e5 arbeidsplassen eller i uteomr\u00e5der. Apparatet m\u00e5ler felt fra jernbane, str\u00f8mnettet (50 Hz og overharmoniske), sparep\u00e6rer\/LED, elektriske apparater, str\u00f8mforsyninger, energisparelamper, elektroniske dimmere, induksjon koketopper og lignende.<\/p>\n<p>Apparatet er beregnet for personlig bruk.<\/p>\n<p>Norsk bruksanvisning &#8211;&gt; <a href=\"https:\/\/emf-consult.com\/nettbutikk\/wp-content\/uploads\/2020\/04\/Bruksanvisning-ME3830B-v1.pdf\" target=\"_blank\" rel=\"noopener noreferrer\">Bruksanvisning ME3830B<\/a><br \/>\n<a href=\"https:\/\/www.youtube.com\/watch?v=hkgMjY019wc\" target=\"_blank\" rel=\"noopener noreferrer\">Video med innf\u00f8ring\u00a0i funksjoner og bruk av ME3830B<\/a><\/p>\n<p><strong>Funksjoner:<\/strong><br \/>\nInstrumentet m\u00e5ler lavfrekvens magnetiske felt (M-felt) og elektriske felt (E-felt). Apparatet er meget enkelt \u00e5 betjene og har en skala som er lett \u00e5 lese. M\u00e5leverdiene angis i enheter som er vanlig brukt (V\/m og nT) \u2013 ingen omregning er n\u00f8dvendig n\u00e5r en skal sammenligne med grenseverdier.<\/p>\n<p>Apparatet har lydsignal som kan sl\u00e5s av\/p\u00e5. Lydsignalet varierer med feltstyrken \u2013 en funksjon som er nyttig n\u00e5r en skal finne str\u00e5lingskilder.<\/p>\n<p>Instrumentet er s\u00e5kalt en-akset type (feltene m\u00e5les i en akse om gangen.<\/p>\n<p><strong>NB:<\/strong> Dette instrumentet m\u00e5ler kun lavfrekvens elektriske felt og\u00a0magnetfelt.\u00a0ME3830B\u00a0m\u00e5ler ikke h\u00f8yfrekvens elektromagnetisk str\u00e5ling fra mobilmaster, tr\u00e5dl\u00f8se nett, babymonitoerer, smarte str\u00f8m- og vannm\u00e5lere osv.. Vi anbefaler derfor alltid \u00e5 supplere ME3830B med f.eks. <a href=\"\/nettbutikk\/produkt\/hf-lf-cornet-ed88t-tri-mode-meter\/\">ED88T<\/a>, som kan m\u00e5le h\u00f8yfrekvens str\u00e5ling\u00a0i m\u00e5leomr\u00e5det 100MHz-8GHz<\/p>\n","protected":false},"excerpt":{"rendered":"<p>Frekvensomr\u00e5de:<br \/>\n16 Hz &#8211; 100 KHz (kompensert, bedre enn -2 dB).<\/p>\n<p>M\u00e5leomr\u00e5de:<br \/>\nMagnetisk felt (flukstetthet): 1 &#8211; 1999 nT<br \/>\nElektrisk feltstyrke: 1 &#8211; 1999 V\/m<\/p>\n<p>N\u00f8yaktighet: +\/- 2 %, +\/- 14 siffer @ 50\/60 Hz<\/p>\n<p>Sensor:<br \/>\nE-felt sensor for elektrisk LF- felt (en-akset)<br \/>\nH-felt sensor for magnetisk LF-felt (en-akset)<\/p>\n<p>Audio analyse: Akustisk signal som er proporsjonalt med feltstyrke \u201cGeiger-teller effekt\u201d<br \/>\nStr\u00f8mforsyning: 9 Volt Alkaline batteri (inkludert), gjennomsnittlig brukstid 24 \u2013 36 timer.<\/p>\n<p>Lavt batteriniv\u00e5 indikator, Auto-av funksjon.<br \/>\nM\u00e5leprinsipp: RMS<\/p>\n<p>Vekt: 0,42 kg<\/p>\n<p>Apparatet leveres komplett med f\u00f8lgende utstyr:<br \/>\nM\u00e5leapparat, jordingskabel, batteri og bruksanvisning.<\/p>\n","protected":false},"featured_media":520,"comment_status":"open","ping_status":"closed","template":"","meta":[],"product_brand":[],"product_cat":[21],"product_tag":[],"class_list":{"0":"post-519","1":"product","2":"type-product","3":"status-publish","4":"has-post-thumbnail","6":"product_cat-maleinstrumeter-lf","8":"first","9":"instock","10":"taxable","11":"shipping-taxable","12":"purchasable","13":"product-type-simple"},"yoast_head":"<!-- This site is optimized with the Yoast SEO plugin v27.4 - https:\/\/yoast.com\/product\/yoast-seo-wordpress\/ -->\n<title>LF analysator ME 3830B - EMF Consult<\/title>\n<meta name=\"robots\" content=\"index, follow, max-snippet:-1, max-image-preview:large, max-video-preview:-1\" \/>\n<link rel=\"canonical\" href=\"https:\/\/emf-consult.com\/nettbutikk\/produkt\/lf-analysator-me-3830b\/\" \/>\n<meta property=\"og:locale\" content=\"nb_NO\" \/>\n<meta property=\"og:type\" content=\"article\" \/>\n<meta property=\"og:title\" content=\"LF analysator ME 3830B - EMF Consult\" \/>\n<meta property=\"og:description\" content=\"Frekvensomr\u00e5de: 16 Hz - 100 KHz (kompensert, bedre enn -2 dB).  M\u00e5leomr\u00e5de: Magnetisk felt (flukstetthet): 1 - 1999 nT Elektrisk feltstyrke: 1 - 1999 V\/m  N\u00f8yaktighet: +\/- 2 %, +\/- 14 siffer @ 50\/60 Hz  Sensor: E-felt sensor for elektrisk LF- felt (en-akset) H-felt sensor for magnetisk LF-felt (en-akset)  Audio analyse: Akustisk signal som er proporsjonalt med feltstyrke \u201cGeiger-teller effekt\u201d Str\u00f8mforsyning: 9 Volt Alkaline batteri (inkludert), gjennomsnittlig brukstid 24 \u2013 36 timer.  Lavt batteriniv\u00e5 indikator, Auto-av funksjon. M\u00e5leprinsipp: RMS  Vekt: 0,42 kg  Apparatet leveres komplett med f\u00f8lgende utstyr: M\u00e5leapparat, jordingskabel, batteri og bruksanvisning.\" \/>\n<meta property=\"og:url\" content=\"https:\/\/emf-consult.com\/nettbutikk\/produkt\/lf-analysator-me-3830b\/\" \/>\n<meta property=\"og:site_name\" content=\"EMF Consult\" \/>\n<meta property=\"article:publisher\" content=\"https:\/\/www.facebook.com\/emfconsult\" \/>\n<meta property=\"article:modified_time\" content=\"2026-03-11T08:30:24+00:00\" \/>\n<meta property=\"og:image\" content=\"https:\/\/emf-consult.com\/nettbutikk\/wp-content\/uploads\/2019\/11\/p4-1.jpg\" \/>\n\t<meta property=\"og:image:width\" content=\"400\" \/>\n\t<meta property=\"og:image:height\" content=\"450\" \/>\n\t<meta property=\"og:image:type\" content=\"image\/jpeg\" \/>\n<meta name=\"twitter:card\" content=\"summary_large_image\" \/>\n<meta name=\"twitter:label1\" content=\"Ansl. lesetid\" \/>\n\t<meta name=\"twitter:data1\" content=\"2 minutter\" \/>\n<script type=\"application\/ld+json\" class=\"yoast-schema-graph\">{\"@context\":\"https:\\\/\\\/schema.org\",\"@graph\":[{\"@type\":\"WebPage\",\"@id\":\"https:\\\/\\\/emf-consult.com\\\/nettbutikk\\\/produkt\\\/lf-analysator-me-3830b\\\/\",\"url\":\"https:\\\/\\\/emf-consult.com\\\/nettbutikk\\\/produkt\\\/lf-analysator-me-3830b\\\/\",\"name\":\"LF analysator ME 3830B - EMF Consult\",\"isPartOf\":{\"@id\":\"https:\\\/\\\/emf-consult.com\\\/nettbutikk\\\/#website\"},\"primaryImageOfPage\":{\"@id\":\"https:\\\/\\\/emf-consult.com\\\/nettbutikk\\\/produkt\\\/lf-analysator-me-3830b\\\/#primaryimage\"},\"image\":{\"@id\":\"https:\\\/\\\/emf-consult.com\\\/nettbutikk\\\/produkt\\\/lf-analysator-me-3830b\\\/#primaryimage\"},\"thumbnailUrl\":\"https:\\\/\\\/emf-consult.com\\\/nettbutikk\\\/wp-content\\\/uploads\\\/2019\\\/11\\\/p4-1.jpg\",\"datePublished\":\"2016-11-24T09:36:28+00:00\",\"dateModified\":\"2026-03-11T08:30:24+00:00\",\"breadcrumb\":{\"@id\":\"https:\\\/\\\/emf-consult.com\\\/nettbutikk\\\/produkt\\\/lf-analysator-me-3830b\\\/#breadcrumb\"},\"inLanguage\":\"nb-NO\",\"potentialAction\":[{\"@type\":\"ReadAction\",\"target\":[\"https:\\\/\\\/emf-consult.com\\\/nettbutikk\\\/produkt\\\/lf-analysator-me-3830b\\\/\"]}]},{\"@type\":\"ImageObject\",\"inLanguage\":\"nb-NO\",\"@id\":\"https:\\\/\\\/emf-consult.com\\\/nettbutikk\\\/produkt\\\/lf-analysator-me-3830b\\\/#primaryimage\",\"url\":\"https:\\\/\\\/emf-consult.com\\\/nettbutikk\\\/wp-content\\\/uploads\\\/2019\\\/11\\\/p4-1.jpg\",\"contentUrl\":\"https:\\\/\\\/emf-consult.com\\\/nettbutikk\\\/wp-content\\\/uploads\\\/2019\\\/11\\\/p4-1.jpg\",\"width\":400,\"height\":450,\"caption\":\"LF analysator ME 3830B\"},{\"@type\":\"BreadcrumbList\",\"@id\":\"https:\\\/\\\/emf-consult.com\\\/nettbutikk\\\/produkt\\\/lf-analysator-me-3830b\\\/#breadcrumb\",\"itemListElement\":[{\"@type\":\"ListItem\",\"position\":1,\"name\":\"Hjem\",\"item\":\"https:\\\/\\\/emf-consult.com\\\/nettbutikk\\\/\"},{\"@type\":\"ListItem\",\"position\":2,\"name\":\"Butikk\",\"item\":\"https:\\\/\\\/emf-consult.com\\\/nettbutikk\\\/butikk\\\/\"},{\"@type\":\"ListItem\",\"position\":3,\"name\":\"LF analysator ME 3830B\"}]},{\"@type\":\"WebSite\",\"@id\":\"https:\\\/\\\/emf-consult.com\\\/nettbutikk\\\/#website\",\"url\":\"https:\\\/\\\/emf-consult.com\\\/nettbutikk\\\/\",\"name\":\"EMF Consult\",\"description\":\"Nettbutikk - Beskyttelse mot str\u00e5ling\",\"publisher\":{\"@id\":\"https:\\\/\\\/emf-consult.com\\\/nettbutikk\\\/#organization\"},\"potentialAction\":[{\"@type\":\"SearchAction\",\"target\":{\"@type\":\"EntryPoint\",\"urlTemplate\":\"https:\\\/\\\/emf-consult.com\\\/nettbutikk\\\/?s={search_term_string}\"},\"query-input\":{\"@type\":\"PropertyValueSpecification\",\"valueRequired\":true,\"valueName\":\"search_term_string\"}}],\"inLanguage\":\"nb-NO\"},{\"@type\":\"Organization\",\"@id\":\"https:\\\/\\\/emf-consult.com\\\/nettbutikk\\\/#organization\",\"name\":\"EMF Consult AS\",\"url\":\"https:\\\/\\\/emf-consult.com\\\/nettbutikk\\\/\",\"logo\":{\"@type\":\"ImageObject\",\"inLanguage\":\"nb-NO\",\"@id\":\"https:\\\/\\\/emf-consult.com\\\/nettbutikk\\\/#\\\/schema\\\/logo\\\/image\\\/\",\"url\":\"https:\\\/\\\/emf-consult.com\\\/nettbutikk\\\/wp-content\\\/uploads\\\/2022\\\/07\\\/cropped-Favikon-rod-e1658786300694.png\",\"contentUrl\":\"https:\\\/\\\/emf-consult.com\\\/nettbutikk\\\/wp-content\\\/uploads\\\/2022\\\/07\\\/cropped-Favikon-rod-e1658786300694.png\",\"width\":150,\"height\":150,\"caption\":\"EMF Consult AS\"},\"image\":{\"@id\":\"https:\\\/\\\/emf-consult.com\\\/nettbutikk\\\/#\\\/schema\\\/logo\\\/image\\\/\"},\"sameAs\":[\"https:\\\/\\\/www.facebook.com\\\/emfconsult\",\"https:\\\/\\\/www.linkedin.com\\\/company\\\/emf-consult\\\/\"]}]}<\/script>\n<!-- \/ Yoast SEO plugin. -->","yoast_head_json":{"title":"LF analysator ME 3830B - EMF Consult","robots":{"index":"index","follow":"follow","max-snippet":"max-snippet:-1","max-image-preview":"max-image-preview:large","max-video-preview":"max-video-preview:-1"},"canonical":"https:\/\/emf-consult.com\/nettbutikk\/produkt\/lf-analysator-me-3830b\/","og_locale":"nb_NO","og_type":"article","og_title":"LF analysator ME 3830B - EMF Consult","og_description":"Frekvensomr\u00e5de: 16 Hz - 100 KHz (kompensert, bedre enn -2 dB).  M\u00e5leomr\u00e5de: Magnetisk felt (flukstetthet): 1 - 1999 nT Elektrisk feltstyrke: 1 - 1999 V\/m  N\u00f8yaktighet: +\/- 2 %, +\/- 14 siffer @ 50\/60 Hz  Sensor: E-felt sensor for elektrisk LF- felt (en-akset) H-felt sensor for magnetisk LF-felt (en-akset)  Audio analyse: Akustisk signal som er proporsjonalt med feltstyrke \u201cGeiger-teller effekt\u201d Str\u00f8mforsyning: 9 Volt Alkaline batteri (inkludert), gjennomsnittlig brukstid 24 \u2013 36 timer.  Lavt batteriniv\u00e5 indikator, Auto-av funksjon. M\u00e5leprinsipp: RMS  Vekt: 0,42 kg  Apparatet leveres komplett med f\u00f8lgende utstyr: M\u00e5leapparat, jordingskabel, batteri og bruksanvisning.","og_url":"https:\/\/emf-consult.com\/nettbutikk\/produkt\/lf-analysator-me-3830b\/","og_site_name":"EMF Consult","article_publisher":"https:\/\/www.facebook.com\/emfconsult","article_modified_time":"2026-03-11T08:30:24+00:00","og_image":[{"width":400,"height":450,"url":"https:\/\/emf-consult.com\/nettbutikk\/wp-content\/uploads\/2019\/11\/p4-1.jpg","type":"image\/jpeg"}],"twitter_card":"summary_large_image","twitter_misc":{"Ansl. lesetid":"2 minutter"},"schema":{"@context":"https:\/\/schema.org","@graph":[{"@type":"WebPage","@id":"https:\/\/emf-consult.com\/nettbutikk\/produkt\/lf-analysator-me-3830b\/","url":"https:\/\/emf-consult.com\/nettbutikk\/produkt\/lf-analysator-me-3830b\/","name":"LF analysator ME 3830B - EMF Consult","isPartOf":{"@id":"https:\/\/emf-consult.com\/nettbutikk\/#website"},"primaryImageOfPage":{"@id":"https:\/\/emf-consult.com\/nettbutikk\/produkt\/lf-analysator-me-3830b\/#primaryimage"},"image":{"@id":"https:\/\/emf-consult.com\/nettbutikk\/produkt\/lf-analysator-me-3830b\/#primaryimage"},"thumbnailUrl":"https:\/\/emf-consult.com\/nettbutikk\/wp-content\/uploads\/2019\/11\/p4-1.jpg","datePublished":"2016-11-24T09:36:28+00:00","dateModified":"2026-03-11T08:30:24+00:00","breadcrumb":{"@id":"https:\/\/emf-consult.com\/nettbutikk\/produkt\/lf-analysator-me-3830b\/#breadcrumb"},"inLanguage":"nb-NO","potentialAction":[{"@type":"ReadAction","target":["https:\/\/emf-consult.com\/nettbutikk\/produkt\/lf-analysator-me-3830b\/"]}]},{"@type":"ImageObject","inLanguage":"nb-NO","@id":"https:\/\/emf-consult.com\/nettbutikk\/produkt\/lf-analysator-me-3830b\/#primaryimage","url":"https:\/\/emf-consult.com\/nettbutikk\/wp-content\/uploads\/2019\/11\/p4-1.jpg","contentUrl":"https:\/\/emf-consult.com\/nettbutikk\/wp-content\/uploads\/2019\/11\/p4-1.jpg","width":400,"height":450,"caption":"LF analysator ME 3830B"},{"@type":"BreadcrumbList","@id":"https:\/\/emf-consult.com\/nettbutikk\/produkt\/lf-analysator-me-3830b\/#breadcrumb","itemListElement":[{"@type":"ListItem","position":1,"name":"Hjem","item":"https:\/\/emf-consult.com\/nettbutikk\/"},{"@type":"ListItem","position":2,"name":"Butikk","item":"https:\/\/emf-consult.com\/nettbutikk\/butikk\/"},{"@type":"ListItem","position":3,"name":"LF analysator ME 3830B"}]},{"@type":"WebSite","@id":"https:\/\/emf-consult.com\/nettbutikk\/#website","url":"https:\/\/emf-consult.com\/nettbutikk\/","name":"EMF Consult","description":"Nettbutikk - Beskyttelse mot str\u00e5ling","publisher":{"@id":"https:\/\/emf-consult.com\/nettbutikk\/#organization"},"potentialAction":[{"@type":"SearchAction","target":{"@type":"EntryPoint","urlTemplate":"https:\/\/emf-consult.com\/nettbutikk\/?s={search_term_string}"},"query-input":{"@type":"PropertyValueSpecification","valueRequired":true,"valueName":"search_term_string"}}],"inLanguage":"nb-NO"},{"@type":"Organization","@id":"https:\/\/emf-consult.com\/nettbutikk\/#organization","name":"EMF Consult AS","url":"https:\/\/emf-consult.com\/nettbutikk\/","logo":{"@type":"ImageObject","inLanguage":"nb-NO","@id":"https:\/\/emf-consult.com\/nettbutikk\/#\/schema\/logo\/image\/","url":"https:\/\/emf-consult.com\/nettbutikk\/wp-content\/uploads\/2022\/07\/cropped-Favikon-rod-e1658786300694.png","contentUrl":"https:\/\/emf-consult.com\/nettbutikk\/wp-content\/uploads\/2022\/07\/cropped-Favikon-rod-e1658786300694.png","width":150,"height":150,"caption":"EMF Consult AS"},"image":{"@id":"https:\/\/emf-consult.com\/nettbutikk\/#\/schema\/logo\/image\/"},"sameAs":["https:\/\/www.facebook.com\/emfconsult","https:\/\/www.linkedin.com\/company\/emf-consult\/"]}]}},"_links":{"self":[{"href":"https:\/\/emf-consult.com\/nettbutikk\/wp-json\/wp\/v2\/product\/519","targetHints":{"allow":["GET"]}}],"collection":[{"href":"https:\/\/emf-consult.com\/nettbutikk\/wp-json\/wp\/v2\/product"}],"about":[{"href":"https:\/\/emf-consult.com\/nettbutikk\/wp-json\/wp\/v2\/types\/product"}],"replies":[{"embeddable":true,"href":"https:\/\/emf-consult.com\/nettbutikk\/wp-json\/wp\/v2\/comments?post=519"}],"wp:featuredmedia":[{"embeddable":true,"href":"https:\/\/emf-consult.com\/nettbutikk\/wp-json\/wp\/v2\/media\/520"}],"wp:attachment":[{"href":"https:\/\/emf-consult.com\/nettbutikk\/wp-json\/wp\/v2\/media?parent=519"}],"wp:term":[{"taxonomy":"product_brand","embeddable":true,"href":"https:\/\/emf-consult.com\/nettbutikk\/wp-json\/wp\/v2\/product_brand?post=519"},{"taxonomy":"product_cat","embeddable":true,"href":"https:\/\/emf-consult.com\/nettbutikk\/wp-json\/wp\/v2\/product_cat?post=519"},{"taxonomy":"product_tag","embeddable":true,"href":"https:\/\/emf-consult.com\/nettbutikk\/wp-json\/wp\/v2\/product_tag?post=519"}],"curies":[{"name":"wp","href":"https:\/\/api.w.org\/{rel}","templated":true}]}}