{"id":5178,"date":"2019-02-01T17:36:44","date_gmt":"2019-02-01T17:36:44","guid":{"rendered":"https:\/\/emfconsult.nyside.net\/nettbutikk\/produkt\/grunnlast-til-nettavkobler-onf3\/"},"modified":"2025-08-05T10:11:29","modified_gmt":"2025-08-05T08:11:29","slug":"grunnlast-til-nettavkobler-onf3","status":"publish","type":"product","link":"https:\/\/emf-consult.com\/nettbutikk\/produkt\/grunnlast-til-nettavkobler-onf3\/","title":{"rendered":"Grunnlast til Nettavkobler ONF3"},"content":{"rendered":"<p><strong>Grunnlast element for enkel installasjon p\u00e5 forbrukere med elektroniske ballaster<\/strong><\/p>\n<div class=\"tlid-input input\">\n<div class=\"source-wrap\">\n<div class=\"input-full-height-wrapper tlid-input-full-height-wrapper\">\n<div class=\"source-input\">\n<div class=\"source-header\">\n<div class=\"go-wrap\">Nettavkobler sammen med energisparende lamper og LED &#8211; et problem med grunnbelastningen!<\/div>\n<\/div>\n<\/div>\n<\/div>\n<\/div>\n<\/div>\n<div class=\"tlid-results-container results-container\">\n<div class=\"tlid-result result-dict-wrapper\">\n<div class=\"result tlid-copy-target\">\n<div class=\"text-wrap tlid-copy-target\">\n<div class=\"result-shield-container tlid-copy-target\"><span class=\"tlid-translation translation\">Ikke bli overrasket om energisparelysene og LED-lampene ikke sl\u00e5s p\u00e5 lenger n\u00e5r en nettavkobler er installert. \u00c5rsaken til dette er at den lave mengden str\u00f8m som er n\u00f8dvendig for \u00e5 tenne energisparende lamper og lysdioder. Nettavkobleren alene vil ofte ikke gjenkjenne at de er sl\u00e5tt p\u00e5 og rommet forblir m\u00f8rkt som et resultat.\u00a0<\/span><\/div>\n<div class=\"result-shield-container tlid-copy-target\"><span class=\"tlid-translation translation\"><br \/>\nAv denne grunn anbefaler vi at en grunnlastkomponent monteres p\u00e5 slike laster for \u00e5 \u00f8ke basismotstanden i de kursene hvor ONF 3 nettavkobler er brukt. Dette sikrer at lampen f\u00e5r nok str\u00f8m slik at nettavkobleren gjenkjenner den. Nettavkobleren gjenkjenner lysdioder p\u00e5 minst 4 watt normalt uten tilleggsbelastningsmodstand.\u00a0<\/span>Str\u00f8mforbruket \u00f8kes ikke av grunnlastmotstanden. Det er ingen temperaturproblemer fordi lastmotstanden bare blir varm til ber\u00f8ring i noen sekunder (under p\u00e5koplingsprosessen).En lastmotstand er n\u00f8dvendig per str\u00f8mbryter \/ bryter. Lastmotstanden monters mellom bryter og forbruker, se bilde.<\/div>\n<\/div>\n<\/div>\n<div><a href=\"\/nettbutikk\/wp-content\/uploads\/2019\/11\/Nettavkobler-Basislast-prinsipp-1.jpg\"><img loading=\"lazy\" decoding=\"async\" class=\" wd-lazy-fade aligncenter size-full wp-image-5170\" src=\"https:\/\/emf-consult.com\/nettbutikk\/wp-content\/themes\/woodmart\/images\/lazy.svg\" data-src=\"\/nettbutikk\/wp-content\/uploads\/2019\/11\/Nettavkobler-Basislast-prinsipp-1.jpg\" alt=\"\" width=\"1083\" height=\"427\" \/><\/a><\/div>\n<\/div>\n<\/div>\n<p>&nbsp;<\/p>\n","protected":false},"excerpt":{"rendered":"<p><strong>Montasje og funksjon av grunnlastmotstand<\/strong><\/p>\n<p>Nettavkobleren kan ha problemer med \u00e5 fungere sammen med noen LED og sparep\u00e6rer fordi de har for lav effekt til at nettavkobleren gjenkjenner de. Dette kan da avhjelpes ved \u00e5 installere en hjelpemotstand, en grunnlast.<\/p>\n<p>Grunnlast elementet m\u00e5 monters i parallell med forbrukeren. Dette gjelder for alle grunnbelastninger. Dette er overraskende for mange fordi dette vanligvis for\u00e5rsaker kortslutning.<br \/>\nKan installeres direkte i bryteren (overflate eller i veggbryter) eller i en koblingsboks.<br \/>\nKabellengden kan forkortes for installasjon.<br \/>\nGrunnlastmotstanden varmes noe opp under operasjonen, men blir ikke for varm.<br \/>\nKan installeres i betong og t\u00f8mmerkonstruksjon uten problemer.<\/p>\n<p>MERK: Denne enheten m\u00e5 utelukkende installeres av godkjent elektroinstallat\u00f8r!<\/p>\n<div class=\"tlid-results-container results-container\">\n<div class=\"tlid-result result-dict-wrapper\">\n<div><\/div>\n<\/div>\n<\/div>\n","protected":false},"featured_media":5179,"comment_status":"open","ping_status":"closed","template":"","meta":[],"product_brand":[],"product_cat":[23,27],"product_tag":[],"class_list":{"0":"post-5178","1":"product","2":"type-product","3":"status-publish","4":"has-post-thumbnail","6":"product_cat-el-installasjon","7":"product_cat-skjermingsmateriell","9":"first","10":"instock","11":"taxable","12":"shipping-taxable","13":"purchasable","14":"product-type-simple"},"yoast_head":"<!-- This site is optimized with the Yoast SEO plugin v27.4 - https:\/\/yoast.com\/product\/yoast-seo-wordpress\/ -->\n<title>Grunnlast til Nettavkobler ONF3 - EMF Consult<\/title>\n<meta name=\"robots\" content=\"index, follow, max-snippet:-1, max-image-preview:large, max-video-preview:-1\" \/>\n<link rel=\"canonical\" href=\"https:\/\/emf-consult.com\/nettbutikk\/produkt\/grunnlast-til-nettavkobler-onf3\/\" \/>\n<meta property=\"og:locale\" content=\"nb_NO\" \/>\n<meta property=\"og:type\" content=\"article\" \/>\n<meta property=\"og:title\" content=\"Grunnlast til Nettavkobler ONF3 - EMF Consult\" \/>\n<meta property=\"og:description\" content=\"Montasje og funksjon av grunnlastmotstand  Nettavkobleren kan ha problemer med \u00e5 fungere sammen med noen LED og sparep\u00e6rer fordi de har for lav effekt til at nettavkobleren gjenkjenner de. Dette kan da avhjelpes ved \u00e5 installere en hjelpemotstand, en grunnlast.  Grunnlast elementet m\u00e5 monters i parallell med forbrukeren. Dette gjelder for alle grunnbelastninger. Dette er overraskende for mange fordi dette vanligvis for\u00e5rsaker kortslutning. Kan installeres direkte i bryteren (overflate eller i veggbryter) eller i en koblingsboks. Kabellengden kan forkortes for installasjon. Grunnlastmotstanden varmes noe opp under operasjonen, men blir ikke for varm. Kan installeres i betong og t\u00f8mmerkonstruksjon uten problemer.  MERK: Denne enheten m\u00e5 utelukkende installeres av godkjent elektroinstallat\u00f8r!\" \/>\n<meta property=\"og:url\" content=\"https:\/\/emf-consult.com\/nettbutikk\/produkt\/grunnlast-til-nettavkobler-onf3\/\" \/>\n<meta property=\"og:site_name\" content=\"EMF Consult\" \/>\n<meta property=\"article:publisher\" content=\"https:\/\/www.facebook.com\/emfconsult\" \/>\n<meta property=\"article:modified_time\" content=\"2025-08-05T08:11:29+00:00\" \/>\n<meta property=\"og:image\" content=\"https:\/\/emf-consult.com\/nettbutikk\/wp-content\/uploads\/2019\/11\/Nettavkobler-Basislast-1.jpg\" \/>\n\t<meta property=\"og:image:width\" content=\"450\" \/>\n\t<meta property=\"og:image:height\" content=\"449\" \/>\n\t<meta property=\"og:image:type\" content=\"image\/jpeg\" \/>\n<meta name=\"twitter:card\" content=\"summary_large_image\" \/>\n<meta name=\"twitter:label1\" content=\"Ansl. lesetid\" \/>\n\t<meta name=\"twitter:data1\" content=\"1 minutt\" \/>\n<script type=\"application\/ld+json\" class=\"yoast-schema-graph\">{\"@context\":\"https:\\\/\\\/schema.org\",\"@graph\":[{\"@type\":\"WebPage\",\"@id\":\"https:\\\/\\\/emf-consult.com\\\/nettbutikk\\\/produkt\\\/grunnlast-til-nettavkobler-onf3\\\/\",\"url\":\"https:\\\/\\\/emf-consult.com\\\/nettbutikk\\\/produkt\\\/grunnlast-til-nettavkobler-onf3\\\/\",\"name\":\"Grunnlast til Nettavkobler ONF3 - EMF Consult\",\"isPartOf\":{\"@id\":\"https:\\\/\\\/emf-consult.com\\\/nettbutikk\\\/#website\"},\"primaryImageOfPage\":{\"@id\":\"https:\\\/\\\/emf-consult.com\\\/nettbutikk\\\/produkt\\\/grunnlast-til-nettavkobler-onf3\\\/#primaryimage\"},\"image\":{\"@id\":\"https:\\\/\\\/emf-consult.com\\\/nettbutikk\\\/produkt\\\/grunnlast-til-nettavkobler-onf3\\\/#primaryimage\"},\"thumbnailUrl\":\"https:\\\/\\\/emf-consult.com\\\/nettbutikk\\\/wp-content\\\/uploads\\\/2019\\\/11\\\/Nettavkobler-Basislast-1.jpg\",\"datePublished\":\"2019-02-01T17:36:44+00:00\",\"dateModified\":\"2025-08-05T08:11:29+00:00\",\"breadcrumb\":{\"@id\":\"https:\\\/\\\/emf-consult.com\\\/nettbutikk\\\/produkt\\\/grunnlast-til-nettavkobler-onf3\\\/#breadcrumb\"},\"inLanguage\":\"nb-NO\",\"potentialAction\":[{\"@type\":\"ReadAction\",\"target\":[\"https:\\\/\\\/emf-consult.com\\\/nettbutikk\\\/produkt\\\/grunnlast-til-nettavkobler-onf3\\\/\"]}]},{\"@type\":\"ImageObject\",\"inLanguage\":\"nb-NO\",\"@id\":\"https:\\\/\\\/emf-consult.com\\\/nettbutikk\\\/produkt\\\/grunnlast-til-nettavkobler-onf3\\\/#primaryimage\",\"url\":\"https:\\\/\\\/emf-consult.com\\\/nettbutikk\\\/wp-content\\\/uploads\\\/2019\\\/11\\\/Nettavkobler-Basislast-1.jpg\",\"contentUrl\":\"https:\\\/\\\/emf-consult.com\\\/nettbutikk\\\/wp-content\\\/uploads\\\/2019\\\/11\\\/Nettavkobler-Basislast-1.jpg\",\"width\":450,\"height\":449,\"caption\":\"Grunnlast til Nettavkobler ONF3\"},{\"@type\":\"BreadcrumbList\",\"@id\":\"https:\\\/\\\/emf-consult.com\\\/nettbutikk\\\/produkt\\\/grunnlast-til-nettavkobler-onf3\\\/#breadcrumb\",\"itemListElement\":[{\"@type\":\"ListItem\",\"position\":1,\"name\":\"Hjem\",\"item\":\"https:\\\/\\\/emf-consult.com\\\/nettbutikk\\\/\"},{\"@type\":\"ListItem\",\"position\":2,\"name\":\"Butikk\",\"item\":\"https:\\\/\\\/emf-consult.com\\\/nettbutikk\\\/butikk\\\/\"},{\"@type\":\"ListItem\",\"position\":3,\"name\":\"Grunnlast til Nettavkobler ONF3\"}]},{\"@type\":\"WebSite\",\"@id\":\"https:\\\/\\\/emf-consult.com\\\/nettbutikk\\\/#website\",\"url\":\"https:\\\/\\\/emf-consult.com\\\/nettbutikk\\\/\",\"name\":\"EMF Consult\",\"description\":\"Nettbutikk - Beskyttelse mot str\u00e5ling\",\"publisher\":{\"@id\":\"https:\\\/\\\/emf-consult.com\\\/nettbutikk\\\/#organization\"},\"potentialAction\":[{\"@type\":\"SearchAction\",\"target\":{\"@type\":\"EntryPoint\",\"urlTemplate\":\"https:\\\/\\\/emf-consult.com\\\/nettbutikk\\\/?s={search_term_string}\"},\"query-input\":{\"@type\":\"PropertyValueSpecification\",\"valueRequired\":true,\"valueName\":\"search_term_string\"}}],\"inLanguage\":\"nb-NO\"},{\"@type\":\"Organization\",\"@id\":\"https:\\\/\\\/emf-consult.com\\\/nettbutikk\\\/#organization\",\"name\":\"EMF Consult AS\",\"url\":\"https:\\\/\\\/emf-consult.com\\\/nettbutikk\\\/\",\"logo\":{\"@type\":\"ImageObject\",\"inLanguage\":\"nb-NO\",\"@id\":\"https:\\\/\\\/emf-consult.com\\\/nettbutikk\\\/#\\\/schema\\\/logo\\\/image\\\/\",\"url\":\"https:\\\/\\\/emf-consult.com\\\/nettbutikk\\\/wp-content\\\/uploads\\\/2022\\\/07\\\/cropped-Favikon-rod-e1658786300694.png\",\"contentUrl\":\"https:\\\/\\\/emf-consult.com\\\/nettbutikk\\\/wp-content\\\/uploads\\\/2022\\\/07\\\/cropped-Favikon-rod-e1658786300694.png\",\"width\":150,\"height\":150,\"caption\":\"EMF Consult AS\"},\"image\":{\"@id\":\"https:\\\/\\\/emf-consult.com\\\/nettbutikk\\\/#\\\/schema\\\/logo\\\/image\\\/\"},\"sameAs\":[\"https:\\\/\\\/www.facebook.com\\\/emfconsult\",\"https:\\\/\\\/www.linkedin.com\\\/company\\\/emf-consult\\\/\"]}]}<\/script>\n<!-- \/ Yoast SEO plugin. -->","yoast_head_json":{"title":"Grunnlast til Nettavkobler ONF3 - EMF Consult","robots":{"index":"index","follow":"follow","max-snippet":"max-snippet:-1","max-image-preview":"max-image-preview:large","max-video-preview":"max-video-preview:-1"},"canonical":"https:\/\/emf-consult.com\/nettbutikk\/produkt\/grunnlast-til-nettavkobler-onf3\/","og_locale":"nb_NO","og_type":"article","og_title":"Grunnlast til Nettavkobler ONF3 - EMF Consult","og_description":"Montasje og funksjon av grunnlastmotstand  Nettavkobleren kan ha problemer med \u00e5 fungere sammen med noen LED og sparep\u00e6rer fordi de har for lav effekt til at nettavkobleren gjenkjenner de. Dette kan da avhjelpes ved \u00e5 installere en hjelpemotstand, en grunnlast.  Grunnlast elementet m\u00e5 monters i parallell med forbrukeren. Dette gjelder for alle grunnbelastninger. Dette er overraskende for mange fordi dette vanligvis for\u00e5rsaker kortslutning. Kan installeres direkte i bryteren (overflate eller i veggbryter) eller i en koblingsboks. Kabellengden kan forkortes for installasjon. Grunnlastmotstanden varmes noe opp under operasjonen, men blir ikke for varm. Kan installeres i betong og t\u00f8mmerkonstruksjon uten problemer.  MERK: Denne enheten m\u00e5 utelukkende installeres av godkjent elektroinstallat\u00f8r!","og_url":"https:\/\/emf-consult.com\/nettbutikk\/produkt\/grunnlast-til-nettavkobler-onf3\/","og_site_name":"EMF Consult","article_publisher":"https:\/\/www.facebook.com\/emfconsult","article_modified_time":"2025-08-05T08:11:29+00:00","og_image":[{"width":450,"height":449,"url":"https:\/\/emf-consult.com\/nettbutikk\/wp-content\/uploads\/2019\/11\/Nettavkobler-Basislast-1.jpg","type":"image\/jpeg"}],"twitter_card":"summary_large_image","twitter_misc":{"Ansl. lesetid":"1 minutt"},"schema":{"@context":"https:\/\/schema.org","@graph":[{"@type":"WebPage","@id":"https:\/\/emf-consult.com\/nettbutikk\/produkt\/grunnlast-til-nettavkobler-onf3\/","url":"https:\/\/emf-consult.com\/nettbutikk\/produkt\/grunnlast-til-nettavkobler-onf3\/","name":"Grunnlast til Nettavkobler ONF3 - EMF Consult","isPartOf":{"@id":"https:\/\/emf-consult.com\/nettbutikk\/#website"},"primaryImageOfPage":{"@id":"https:\/\/emf-consult.com\/nettbutikk\/produkt\/grunnlast-til-nettavkobler-onf3\/#primaryimage"},"image":{"@id":"https:\/\/emf-consult.com\/nettbutikk\/produkt\/grunnlast-til-nettavkobler-onf3\/#primaryimage"},"thumbnailUrl":"https:\/\/emf-consult.com\/nettbutikk\/wp-content\/uploads\/2019\/11\/Nettavkobler-Basislast-1.jpg","datePublished":"2019-02-01T17:36:44+00:00","dateModified":"2025-08-05T08:11:29+00:00","breadcrumb":{"@id":"https:\/\/emf-consult.com\/nettbutikk\/produkt\/grunnlast-til-nettavkobler-onf3\/#breadcrumb"},"inLanguage":"nb-NO","potentialAction":[{"@type":"ReadAction","target":["https:\/\/emf-consult.com\/nettbutikk\/produkt\/grunnlast-til-nettavkobler-onf3\/"]}]},{"@type":"ImageObject","inLanguage":"nb-NO","@id":"https:\/\/emf-consult.com\/nettbutikk\/produkt\/grunnlast-til-nettavkobler-onf3\/#primaryimage","url":"https:\/\/emf-consult.com\/nettbutikk\/wp-content\/uploads\/2019\/11\/Nettavkobler-Basislast-1.jpg","contentUrl":"https:\/\/emf-consult.com\/nettbutikk\/wp-content\/uploads\/2019\/11\/Nettavkobler-Basislast-1.jpg","width":450,"height":449,"caption":"Grunnlast til Nettavkobler ONF3"},{"@type":"BreadcrumbList","@id":"https:\/\/emf-consult.com\/nettbutikk\/produkt\/grunnlast-til-nettavkobler-onf3\/#breadcrumb","itemListElement":[{"@type":"ListItem","position":1,"name":"Hjem","item":"https:\/\/emf-consult.com\/nettbutikk\/"},{"@type":"ListItem","position":2,"name":"Butikk","item":"https:\/\/emf-consult.com\/nettbutikk\/butikk\/"},{"@type":"ListItem","position":3,"name":"Grunnlast til Nettavkobler ONF3"}]},{"@type":"WebSite","@id":"https:\/\/emf-consult.com\/nettbutikk\/#website","url":"https:\/\/emf-consult.com\/nettbutikk\/","name":"EMF Consult","description":"Nettbutikk - Beskyttelse mot str\u00e5ling","publisher":{"@id":"https:\/\/emf-consult.com\/nettbutikk\/#organization"},"potentialAction":[{"@type":"SearchAction","target":{"@type":"EntryPoint","urlTemplate":"https:\/\/emf-consult.com\/nettbutikk\/?s={search_term_string}"},"query-input":{"@type":"PropertyValueSpecification","valueRequired":true,"valueName":"search_term_string"}}],"inLanguage":"nb-NO"},{"@type":"Organization","@id":"https:\/\/emf-consult.com\/nettbutikk\/#organization","name":"EMF Consult AS","url":"https:\/\/emf-consult.com\/nettbutikk\/","logo":{"@type":"ImageObject","inLanguage":"nb-NO","@id":"https:\/\/emf-consult.com\/nettbutikk\/#\/schema\/logo\/image\/","url":"https:\/\/emf-consult.com\/nettbutikk\/wp-content\/uploads\/2022\/07\/cropped-Favikon-rod-e1658786300694.png","contentUrl":"https:\/\/emf-consult.com\/nettbutikk\/wp-content\/uploads\/2022\/07\/cropped-Favikon-rod-e1658786300694.png","width":150,"height":150,"caption":"EMF Consult AS"},"image":{"@id":"https:\/\/emf-consult.com\/nettbutikk\/#\/schema\/logo\/image\/"},"sameAs":["https:\/\/www.facebook.com\/emfconsult","https:\/\/www.linkedin.com\/company\/emf-consult\/"]}]}},"_links":{"self":[{"href":"https:\/\/emf-consult.com\/nettbutikk\/wp-json\/wp\/v2\/product\/5178","targetHints":{"allow":["GET"]}}],"collection":[{"href":"https:\/\/emf-consult.com\/nettbutikk\/wp-json\/wp\/v2\/product"}],"about":[{"href":"https:\/\/emf-consult.com\/nettbutikk\/wp-json\/wp\/v2\/types\/product"}],"replies":[{"embeddable":true,"href":"https:\/\/emf-consult.com\/nettbutikk\/wp-json\/wp\/v2\/comments?post=5178"}],"wp:featuredmedia":[{"embeddable":true,"href":"https:\/\/emf-consult.com\/nettbutikk\/wp-json\/wp\/v2\/media\/5179"}],"wp:attachment":[{"href":"https:\/\/emf-consult.com\/nettbutikk\/wp-json\/wp\/v2\/media?parent=5178"}],"wp:term":[{"taxonomy":"product_brand","embeddable":true,"href":"https:\/\/emf-consult.com\/nettbutikk\/wp-json\/wp\/v2\/product_brand?post=5178"},{"taxonomy":"product_cat","embeddable":true,"href":"https:\/\/emf-consult.com\/nettbutikk\/wp-json\/wp\/v2\/product_cat?post=5178"},{"taxonomy":"product_tag","embeddable":true,"href":"https:\/\/emf-consult.com\/nettbutikk\/wp-json\/wp\/v2\/product_tag?post=5178"}],"curies":[{"name":"wp","href":"https:\/\/api.w.org\/{rel}","templated":true}]}}