{"id":509,"date":"2016-11-24T09:26:40","date_gmt":"2016-11-24T09:26:40","guid":{"rendered":"https:\/\/emfconsult.nyside.net\/nettbutikk\/produkt\/hf-lf-cornet-ed88tplus-tri-mode-meter\/"},"modified":"2025-04-15T12:58:14","modified_gmt":"2025-04-15T10:58:14","slug":"hf-lf-cornet-ed88tplus-tri-mode-meter","status":"publish","type":"product","link":"https:\/\/emf-consult.com\/nettbutikk\/produkt\/hf-lf-cornet-ed88tplus-tri-mode-meter\/","title":{"rendered":"HF-LF Cornet ED88TPlus Tri-mode meter"},"content":{"rendered":"<p><strong>Cornet ED88TPlus er erstattet med den nyere og oppdaterte modellen Cornet <a href=\"https:\/\/emf-consult.com\/nettbutikk\/produkt\/hf-lf-cornet-ed88tplus5g2-tri-mode-meter\/\">ED88TPlus2-5G<\/a><\/strong><\/p>\n<p>&nbsp;<\/p>\n<p>&nbsp;<\/p>\n<p><strong>Nedlastninger:<\/strong><br \/>\nNorsk bruksanvisning &#8211;&gt; <a href=\"https:\/\/emf-consult.com\/nettbutikk\/wp-content\/uploads\/2016\/11\/Bruksanvisning-Cornet-ED88TPlus-rev4.pdf\" target=\"_blank\" rel=\"noopener noreferrer\">Bruksanvisning Cornet ED88TPlus v4<\/a><br \/>\nUSB driver &#8211;&gt;\u00a0<a href=\"\/nettbutikk\/wp-content\/uploads\/2019\/11\/USBBridgeSetup_CA.zip\">USBBridgeSetup_CA<\/a><br \/>\nPC program &#8211;&gt;\u00a0<a href=\"\/nettbutikk\/wp-content\/uploads\/2019\/11\/Monitoring_Cornet.zip\">Monitoring_Cornet<\/a><br \/>\nTerminalprogram for PC &#8211;&gt;\u00a0<a href=\"https:\/\/emf-consult.com\/nettbutikk\/wp-content\/uploads\/2016\/11\/teraterm-4.101.zip\" target=\"_blank\" rel=\"noopener noreferrer\">teraterm-4.101<\/a> \u00a0(for den mer avanserte brukeren)<\/p>\n","protected":false},"excerpt":{"rendered":"<p>Tre operasjonsmodus: HF Feltstyrke, LF Gauss meter modus og E-felt meter.<\/p>\n<p><strong>Frekvens:<\/strong><br \/>\n\u2022 HF: 100 MHz til 8 GHz (-60 dBm til +5 dBm), (0.5 \u00b5w\/m2 til 1.8 w\/m2), (14 mV\/m til 26.2 V\/m)<br \/>\n\u2022 Viser frekvens til sterkeste signal i frekvensomr\u00e5det 100MHz &#8211; 2,7GHz<br \/>\n\u2022 LF1: 50 til 10KHz (0.1 \u00b5T til 60 \u00b5T) \/ (1 mg til 600 mg), tilsvarende 100 nT til 60.000 nT<br \/>\n\u2022 LF2: 50 til 1 kHz (0.01 \u00b5T til 1 \u00b5T) \/ (0,1 mg til 10 mg), tilsvarende 10 nT til 1000 nT<br \/>\n\u2022 E-felt: 50 Hz til 50 kHz (10 V\/m til 1000 V\/m)<br \/>\n\u2022 LCD-skjerm med histogram og stolpediagram for \u00e5 vise felt tetthet.<br \/>\n\u2022 LCD-baklys: 15 sekunder auto-av og manuell p\u00e5\/av kontroll.<br \/>\n\u2022 Samplingrate: 10000\/sec.<br \/>\n\u2022 Skjerm oppdateringshastighet: 2\/sec.<br \/>\n\u2022 Feilrate: HF +\/- 3.5 dBm, LF: 20%, EField 25%<br \/>\n\u2022 Analog HF (AM, FM) og Digital HF (TETRA, GSM, 3G, 4G, 5G, DECT, Bluetooth, WiFi, WiMAX 2,4 GHz, 3,6 GHz, 5.8 GHz).<br \/>\n\u2022 Max og Hold funksjon, mW\/m2, V\/m, dBm, MG, \u00b5T.<br \/>\n\u2022 Gjennomsnittlig m\u00e5ling, lydutgang, kalibrering korreksjon.<br \/>\n\u2022 \u00d8replugg utgang, 3,5mm<br \/>\n\u2022 Lyd volumkontroll og programmerbar lydalarm trigger niv\u00e5.<br \/>\n\u2022 N\u00f8yaktig, lett \u00e5 bruke, utmerket for personlig elektrosmog eksponering og evaluering av bomilj\u00f8, for eksempel i n\u00e6rheten Mobiltelefon basestasjon eller transformatorstasjoner.<br \/>\n\u2022 Liten, kompakt h\u00e5ndholdt design, 69 mm x 110 mm.<br \/>\n\u2022 Batteridrevet (9V DC) &#8211; ett batteri er inkludert.<\/p>\n<p>NB: Dette instrumentet er bra for m\u00e5ling av h\u00f8yfrekvens str\u00e5ling, og lavfrekvens magnetfelt fra huset str\u00f8mnett. ED88TPlus vil dog ikke kunne m\u00e5le lavfrekvens elektromagnetisk st\u00f8y fra for eksempel sparep\u00e6rer, lysstoffr\u00f8r, induksjonsovner, induktivt ladeutstyr og jernbane. Vi anbefaler derfor alltid \u00e5 supplere ED88tPlus med f.eks. <a href=\"\/nettbutikk\/produkt\/lf-analysator-me-3830b\/\">ME3830B<\/a>, et lavfrekvensinstrument i m\u00e5leomr\u00e5det 16Hz-100KHz<\/p>\n","protected":false},"featured_media":510,"comment_status":"open","ping_status":"closed","template":"","meta":[],"product_brand":[],"product_cat":[22,20,21],"product_tag":[],"class_list":{"0":"post-509","1":"product","2":"type-product","3":"status-publish","4":"has-post-thumbnail","6":"product_cat-maleinstrument-pakker-lf-hf","7":"product_cat-maleinstrumenter-hf","8":"product_cat-maleinstrumeter-lf","10":"first","11":"outofstock","12":"taxable","13":"shipping-taxable","14":"purchasable","15":"product-type-simple"},"yoast_head":"<!-- This site is optimized with the Yoast SEO plugin v27.3 - https:\/\/yoast.com\/product\/yoast-seo-wordpress\/ -->\n<title>HF-LF Cornet ED88TPlus Tri-mode meter - EMF Consult<\/title>\n<meta name=\"robots\" content=\"index, nofollow, max-snippet:-1, max-image-preview:large, max-video-preview:-1\" \/>\n<link rel=\"canonical\" href=\"https:\/\/emf-consult.com\/nettbutikk\/produkt\/hf-lf-cornet-ed88tplus-tri-mode-meter\/\" \/>\n<meta property=\"og:locale\" content=\"nb_NO\" \/>\n<meta property=\"og:type\" content=\"article\" \/>\n<meta property=\"og:title\" content=\"HF-LF Cornet ED88TPlus Tri-mode meter - EMF Consult\" \/>\n<meta property=\"og:description\" content=\"Tre operasjonsmodus: HF Feltstyrke, LF Gauss meter modus og E-felt meter.  Frekvens: \u2022 HF: 100 MHz til 8 GHz (-60 dBm til +5 dBm), (0.5 \u00b5w\/m2 til 1.8 w\/m2), (14 mV\/m til 26.2 V\/m) \u2022 Viser frekvens til sterkeste signal i frekvensomr\u00e5det 100MHz - 2,7GHz \u2022 LF1: 50 til 10KHz (0.1 \u00b5T til 60 \u00b5T) \/ (1 mg til 600 mg), tilsvarende 100 nT til 60.000 nT \u2022 LF2: 50 til 1 kHz (0.01 \u00b5T til 1 \u00b5T) \/ (0,1 mg til 10 mg), tilsvarende 10 nT til 1000 nT \u2022 E-felt: 50 Hz til 50 kHz (10 V\/m til 1000 V\/m) \u2022 LCD-skjerm med histogram og stolpediagram for \u00e5 vise felt tetthet. \u2022 LCD-baklys: 15 sekunder auto-av og manuell p\u00e5\/av kontroll. \u2022 Samplingrate: 10000\/sec. \u2022 Skjerm oppdateringshastighet: 2\/sec. \u2022 Feilrate: HF +\/- 3.5 dBm, LF: 20%, EField 25% \u2022 Analog HF (AM, FM) og Digital HF (TETRA, GSM, 3G, 4G, 5G, DECT, Bluetooth, WiFi, WiMAX 2,4 GHz, 3,6 GHz, 5.8 GHz). \u2022 Max og Hold funksjon, mW\/m2, V\/m, dBm, MG, \u00b5T. \u2022 Gjennomsnittlig m\u00e5ling, lydutgang, kalibrering korreksjon. \u2022 \u00d8replugg utgang, 3,5mm \u2022 Lyd volumkontroll og programmerbar lydalarm trigger niv\u00e5. \u2022 N\u00f8yaktig, lett \u00e5 bruke, utmerket for personlig elektrosmog eksponering og evaluering av bomilj\u00f8, for eksempel i n\u00e6rheten Mobiltelefon basestasjon eller transformatorstasjoner. \u2022 Liten, kompakt h\u00e5ndholdt design, 69 mm x 110 mm. \u2022 Batteridrevet (9V DC) - ett batteri er inkludert.  NB: Dette instrumentet er bra for m\u00e5ling av h\u00f8yfrekvens str\u00e5ling, og lavfrekvens magnetfelt fra huset str\u00f8mnett. ED88TPlus vil dog ikke kunne m\u00e5le lavfrekvens elektromagnetisk st\u00f8y fra for eksempel sparep\u00e6rer, lysstoffr\u00f8r, induksjonsovner, induktivt ladeutstyr og jernbane. Vi anbefaler derfor alltid \u00e5 supplere ED88tPlus med f.eks. ME3830B, et lavfrekvensinstrument i m\u00e5leomr\u00e5det 16Hz-100KHz\" \/>\n<meta property=\"og:url\" content=\"https:\/\/emf-consult.com\/nettbutikk\/produkt\/hf-lf-cornet-ed88tplus-tri-mode-meter\/\" \/>\n<meta property=\"og:site_name\" content=\"EMF Consult\" \/>\n<meta property=\"article:publisher\" content=\"https:\/\/www.facebook.com\/emfconsult\" \/>\n<meta property=\"article:modified_time\" content=\"2025-04-15T10:58:14+00:00\" \/>\n<meta property=\"og:image\" content=\"https:\/\/emf-consult.com\/nettbutikk\/wp-content\/uploads\/2019\/11\/1Edit.jpg\" \/>\n\t<meta property=\"og:image:width\" content=\"2000\" \/>\n\t<meta property=\"og:image:height\" content=\"2250\" \/>\n\t<meta property=\"og:image:type\" content=\"image\/jpeg\" \/>\n<meta name=\"twitter:card\" content=\"summary_large_image\" \/>\n<meta name=\"twitter:label1\" content=\"Ansl. lesetid\" \/>\n\t<meta name=\"twitter:data1\" content=\"1 minutt\" \/>\n<script type=\"application\/ld+json\" class=\"yoast-schema-graph\">{\"@context\":\"https:\\\/\\\/schema.org\",\"@graph\":[{\"@type\":\"WebPage\",\"@id\":\"https:\\\/\\\/emf-consult.com\\\/nettbutikk\\\/produkt\\\/hf-lf-cornet-ed88tplus-tri-mode-meter\\\/\",\"url\":\"https:\\\/\\\/emf-consult.com\\\/nettbutikk\\\/produkt\\\/hf-lf-cornet-ed88tplus-tri-mode-meter\\\/\",\"name\":\"HF-LF Cornet ED88TPlus Tri-mode meter - EMF Consult\",\"isPartOf\":{\"@id\":\"https:\\\/\\\/emf-consult.com\\\/nettbutikk\\\/#website\"},\"primaryImageOfPage\":{\"@id\":\"https:\\\/\\\/emf-consult.com\\\/nettbutikk\\\/produkt\\\/hf-lf-cornet-ed88tplus-tri-mode-meter\\\/#primaryimage\"},\"image\":{\"@id\":\"https:\\\/\\\/emf-consult.com\\\/nettbutikk\\\/produkt\\\/hf-lf-cornet-ed88tplus-tri-mode-meter\\\/#primaryimage\"},\"thumbnailUrl\":\"https:\\\/\\\/emf-consult.com\\\/nettbutikk\\\/wp-content\\\/uploads\\\/2019\\\/11\\\/1Edit.jpg\",\"datePublished\":\"2016-11-24T09:26:40+00:00\",\"dateModified\":\"2025-04-15T10:58:14+00:00\",\"breadcrumb\":{\"@id\":\"https:\\\/\\\/emf-consult.com\\\/nettbutikk\\\/produkt\\\/hf-lf-cornet-ed88tplus-tri-mode-meter\\\/#breadcrumb\"},\"inLanguage\":\"nb-NO\",\"potentialAction\":[{\"@type\":\"ReadAction\",\"target\":[\"https:\\\/\\\/emf-consult.com\\\/nettbutikk\\\/produkt\\\/hf-lf-cornet-ed88tplus-tri-mode-meter\\\/\"]}]},{\"@type\":\"ImageObject\",\"inLanguage\":\"nb-NO\",\"@id\":\"https:\\\/\\\/emf-consult.com\\\/nettbutikk\\\/produkt\\\/hf-lf-cornet-ed88tplus-tri-mode-meter\\\/#primaryimage\",\"url\":\"https:\\\/\\\/emf-consult.com\\\/nettbutikk\\\/wp-content\\\/uploads\\\/2019\\\/11\\\/1Edit.jpg\",\"contentUrl\":\"https:\\\/\\\/emf-consult.com\\\/nettbutikk\\\/wp-content\\\/uploads\\\/2019\\\/11\\\/1Edit.jpg\",\"width\":2000,\"height\":2250,\"caption\":\"HF-LF Cornet ED88TPlus Tri-mode meter\"},{\"@type\":\"BreadcrumbList\",\"@id\":\"https:\\\/\\\/emf-consult.com\\\/nettbutikk\\\/produkt\\\/hf-lf-cornet-ed88tplus-tri-mode-meter\\\/#breadcrumb\",\"itemListElement\":[{\"@type\":\"ListItem\",\"position\":1,\"name\":\"Hjem\",\"item\":\"https:\\\/\\\/emf-consult.com\\\/nettbutikk\\\/\"},{\"@type\":\"ListItem\",\"position\":2,\"name\":\"Butikk\",\"item\":\"https:\\\/\\\/emf-consult.com\\\/nettbutikk\\\/butikk\\\/\"},{\"@type\":\"ListItem\",\"position\":3,\"name\":\"HF-LF Cornet ED88TPlus Tri-mode meter\"}]},{\"@type\":\"WebSite\",\"@id\":\"https:\\\/\\\/emf-consult.com\\\/nettbutikk\\\/#website\",\"url\":\"https:\\\/\\\/emf-consult.com\\\/nettbutikk\\\/\",\"name\":\"EMF Consult\",\"description\":\"Nettbutikk - Beskyttelse mot str\u00e5ling\",\"publisher\":{\"@id\":\"https:\\\/\\\/emf-consult.com\\\/nettbutikk\\\/#organization\"},\"potentialAction\":[{\"@type\":\"SearchAction\",\"target\":{\"@type\":\"EntryPoint\",\"urlTemplate\":\"https:\\\/\\\/emf-consult.com\\\/nettbutikk\\\/?s={search_term_string}\"},\"query-input\":{\"@type\":\"PropertyValueSpecification\",\"valueRequired\":true,\"valueName\":\"search_term_string\"}}],\"inLanguage\":\"nb-NO\"},{\"@type\":\"Organization\",\"@id\":\"https:\\\/\\\/emf-consult.com\\\/nettbutikk\\\/#organization\",\"name\":\"EMF Consult AS\",\"url\":\"https:\\\/\\\/emf-consult.com\\\/nettbutikk\\\/\",\"logo\":{\"@type\":\"ImageObject\",\"inLanguage\":\"nb-NO\",\"@id\":\"https:\\\/\\\/emf-consult.com\\\/nettbutikk\\\/#\\\/schema\\\/logo\\\/image\\\/\",\"url\":\"https:\\\/\\\/emf-consult.com\\\/nettbutikk\\\/wp-content\\\/uploads\\\/2022\\\/07\\\/cropped-Favikon-rod-e1658786300694.png\",\"contentUrl\":\"https:\\\/\\\/emf-consult.com\\\/nettbutikk\\\/wp-content\\\/uploads\\\/2022\\\/07\\\/cropped-Favikon-rod-e1658786300694.png\",\"width\":150,\"height\":150,\"caption\":\"EMF Consult AS\"},\"image\":{\"@id\":\"https:\\\/\\\/emf-consult.com\\\/nettbutikk\\\/#\\\/schema\\\/logo\\\/image\\\/\"},\"sameAs\":[\"https:\\\/\\\/www.facebook.com\\\/emfconsult\",\"https:\\\/\\\/www.linkedin.com\\\/company\\\/emf-consult\\\/\"]}]}<\/script>\n<!-- \/ Yoast SEO plugin. -->","yoast_head_json":{"title":"HF-LF Cornet ED88TPlus Tri-mode meter - EMF Consult","robots":{"index":"index","follow":"nofollow","max-snippet":"max-snippet:-1","max-image-preview":"max-image-preview:large","max-video-preview":"max-video-preview:-1"},"canonical":"https:\/\/emf-consult.com\/nettbutikk\/produkt\/hf-lf-cornet-ed88tplus-tri-mode-meter\/","og_locale":"nb_NO","og_type":"article","og_title":"HF-LF Cornet ED88TPlus Tri-mode meter - EMF Consult","og_description":"Tre operasjonsmodus: HF Feltstyrke, LF Gauss meter modus og E-felt meter.  Frekvens: \u2022 HF: 100 MHz til 8 GHz (-60 dBm til +5 dBm), (0.5 \u00b5w\/m2 til 1.8 w\/m2), (14 mV\/m til 26.2 V\/m) \u2022 Viser frekvens til sterkeste signal i frekvensomr\u00e5det 100MHz - 2,7GHz \u2022 LF1: 50 til 10KHz (0.1 \u00b5T til 60 \u00b5T) \/ (1 mg til 600 mg), tilsvarende 100 nT til 60.000 nT \u2022 LF2: 50 til 1 kHz (0.01 \u00b5T til 1 \u00b5T) \/ (0,1 mg til 10 mg), tilsvarende 10 nT til 1000 nT \u2022 E-felt: 50 Hz til 50 kHz (10 V\/m til 1000 V\/m) \u2022 LCD-skjerm med histogram og stolpediagram for \u00e5 vise felt tetthet. \u2022 LCD-baklys: 15 sekunder auto-av og manuell p\u00e5\/av kontroll. \u2022 Samplingrate: 10000\/sec. \u2022 Skjerm oppdateringshastighet: 2\/sec. \u2022 Feilrate: HF +\/- 3.5 dBm, LF: 20%, EField 25% \u2022 Analog HF (AM, FM) og Digital HF (TETRA, GSM, 3G, 4G, 5G, DECT, Bluetooth, WiFi, WiMAX 2,4 GHz, 3,6 GHz, 5.8 GHz). \u2022 Max og Hold funksjon, mW\/m2, V\/m, dBm, MG, \u00b5T. \u2022 Gjennomsnittlig m\u00e5ling, lydutgang, kalibrering korreksjon. \u2022 \u00d8replugg utgang, 3,5mm \u2022 Lyd volumkontroll og programmerbar lydalarm trigger niv\u00e5. \u2022 N\u00f8yaktig, lett \u00e5 bruke, utmerket for personlig elektrosmog eksponering og evaluering av bomilj\u00f8, for eksempel i n\u00e6rheten Mobiltelefon basestasjon eller transformatorstasjoner. \u2022 Liten, kompakt h\u00e5ndholdt design, 69 mm x 110 mm. \u2022 Batteridrevet (9V DC) - ett batteri er inkludert.  NB: Dette instrumentet er bra for m\u00e5ling av h\u00f8yfrekvens str\u00e5ling, og lavfrekvens magnetfelt fra huset str\u00f8mnett. ED88TPlus vil dog ikke kunne m\u00e5le lavfrekvens elektromagnetisk st\u00f8y fra for eksempel sparep\u00e6rer, lysstoffr\u00f8r, induksjonsovner, induktivt ladeutstyr og jernbane. Vi anbefaler derfor alltid \u00e5 supplere ED88tPlus med f.eks. ME3830B, et lavfrekvensinstrument i m\u00e5leomr\u00e5det 16Hz-100KHz","og_url":"https:\/\/emf-consult.com\/nettbutikk\/produkt\/hf-lf-cornet-ed88tplus-tri-mode-meter\/","og_site_name":"EMF Consult","article_publisher":"https:\/\/www.facebook.com\/emfconsult","article_modified_time":"2025-04-15T10:58:14+00:00","og_image":[{"width":2000,"height":2250,"url":"https:\/\/emf-consult.com\/nettbutikk\/wp-content\/uploads\/2019\/11\/1Edit.jpg","type":"image\/jpeg"}],"twitter_card":"summary_large_image","twitter_misc":{"Ansl. lesetid":"1 minutt"},"schema":{"@context":"https:\/\/schema.org","@graph":[{"@type":"WebPage","@id":"https:\/\/emf-consult.com\/nettbutikk\/produkt\/hf-lf-cornet-ed88tplus-tri-mode-meter\/","url":"https:\/\/emf-consult.com\/nettbutikk\/produkt\/hf-lf-cornet-ed88tplus-tri-mode-meter\/","name":"HF-LF Cornet ED88TPlus Tri-mode meter - EMF Consult","isPartOf":{"@id":"https:\/\/emf-consult.com\/nettbutikk\/#website"},"primaryImageOfPage":{"@id":"https:\/\/emf-consult.com\/nettbutikk\/produkt\/hf-lf-cornet-ed88tplus-tri-mode-meter\/#primaryimage"},"image":{"@id":"https:\/\/emf-consult.com\/nettbutikk\/produkt\/hf-lf-cornet-ed88tplus-tri-mode-meter\/#primaryimage"},"thumbnailUrl":"https:\/\/emf-consult.com\/nettbutikk\/wp-content\/uploads\/2019\/11\/1Edit.jpg","datePublished":"2016-11-24T09:26:40+00:00","dateModified":"2025-04-15T10:58:14+00:00","breadcrumb":{"@id":"https:\/\/emf-consult.com\/nettbutikk\/produkt\/hf-lf-cornet-ed88tplus-tri-mode-meter\/#breadcrumb"},"inLanguage":"nb-NO","potentialAction":[{"@type":"ReadAction","target":["https:\/\/emf-consult.com\/nettbutikk\/produkt\/hf-lf-cornet-ed88tplus-tri-mode-meter\/"]}]},{"@type":"ImageObject","inLanguage":"nb-NO","@id":"https:\/\/emf-consult.com\/nettbutikk\/produkt\/hf-lf-cornet-ed88tplus-tri-mode-meter\/#primaryimage","url":"https:\/\/emf-consult.com\/nettbutikk\/wp-content\/uploads\/2019\/11\/1Edit.jpg","contentUrl":"https:\/\/emf-consult.com\/nettbutikk\/wp-content\/uploads\/2019\/11\/1Edit.jpg","width":2000,"height":2250,"caption":"HF-LF Cornet ED88TPlus Tri-mode meter"},{"@type":"BreadcrumbList","@id":"https:\/\/emf-consult.com\/nettbutikk\/produkt\/hf-lf-cornet-ed88tplus-tri-mode-meter\/#breadcrumb","itemListElement":[{"@type":"ListItem","position":1,"name":"Hjem","item":"https:\/\/emf-consult.com\/nettbutikk\/"},{"@type":"ListItem","position":2,"name":"Butikk","item":"https:\/\/emf-consult.com\/nettbutikk\/butikk\/"},{"@type":"ListItem","position":3,"name":"HF-LF Cornet ED88TPlus Tri-mode meter"}]},{"@type":"WebSite","@id":"https:\/\/emf-consult.com\/nettbutikk\/#website","url":"https:\/\/emf-consult.com\/nettbutikk\/","name":"EMF Consult","description":"Nettbutikk - Beskyttelse mot str\u00e5ling","publisher":{"@id":"https:\/\/emf-consult.com\/nettbutikk\/#organization"},"potentialAction":[{"@type":"SearchAction","target":{"@type":"EntryPoint","urlTemplate":"https:\/\/emf-consult.com\/nettbutikk\/?s={search_term_string}"},"query-input":{"@type":"PropertyValueSpecification","valueRequired":true,"valueName":"search_term_string"}}],"inLanguage":"nb-NO"},{"@type":"Organization","@id":"https:\/\/emf-consult.com\/nettbutikk\/#organization","name":"EMF Consult AS","url":"https:\/\/emf-consult.com\/nettbutikk\/","logo":{"@type":"ImageObject","inLanguage":"nb-NO","@id":"https:\/\/emf-consult.com\/nettbutikk\/#\/schema\/logo\/image\/","url":"https:\/\/emf-consult.com\/nettbutikk\/wp-content\/uploads\/2022\/07\/cropped-Favikon-rod-e1658786300694.png","contentUrl":"https:\/\/emf-consult.com\/nettbutikk\/wp-content\/uploads\/2022\/07\/cropped-Favikon-rod-e1658786300694.png","width":150,"height":150,"caption":"EMF Consult AS"},"image":{"@id":"https:\/\/emf-consult.com\/nettbutikk\/#\/schema\/logo\/image\/"},"sameAs":["https:\/\/www.facebook.com\/emfconsult","https:\/\/www.linkedin.com\/company\/emf-consult\/"]}]}},"_links":{"self":[{"href":"https:\/\/emf-consult.com\/nettbutikk\/wp-json\/wp\/v2\/product\/509","targetHints":{"allow":["GET"]}}],"collection":[{"href":"https:\/\/emf-consult.com\/nettbutikk\/wp-json\/wp\/v2\/product"}],"about":[{"href":"https:\/\/emf-consult.com\/nettbutikk\/wp-json\/wp\/v2\/types\/product"}],"replies":[{"embeddable":true,"href":"https:\/\/emf-consult.com\/nettbutikk\/wp-json\/wp\/v2\/comments?post=509"}],"wp:featuredmedia":[{"embeddable":true,"href":"https:\/\/emf-consult.com\/nettbutikk\/wp-json\/wp\/v2\/media\/510"}],"wp:attachment":[{"href":"https:\/\/emf-consult.com\/nettbutikk\/wp-json\/wp\/v2\/media?parent=509"}],"wp:term":[{"taxonomy":"product_brand","embeddable":true,"href":"https:\/\/emf-consult.com\/nettbutikk\/wp-json\/wp\/v2\/product_brand?post=509"},{"taxonomy":"product_cat","embeddable":true,"href":"https:\/\/emf-consult.com\/nettbutikk\/wp-json\/wp\/v2\/product_cat?post=509"},{"taxonomy":"product_tag","embeddable":true,"href":"https:\/\/emf-consult.com\/nettbutikk\/wp-json\/wp\/v2\/product_tag?post=509"}],"curies":[{"name":"wp","href":"https:\/\/api.w.org\/{rel}","templated":true}]}}