{"id":2969,"date":"2018-02-25T15:38:55","date_gmt":"2018-02-25T15:38:55","guid":{"rendered":"https:\/\/emfconsult.nyside.net\/nettbutikk\/produkt\/lf-3d-analysator-nfa1000-utleie\/"},"modified":"2025-01-02T12:45:06","modified_gmt":"2025-01-02T11:45:06","slug":"lf-3d-analysator-nfa1000-utleie","status":"publish","type":"product","link":"https:\/\/emf-consult.com\/nettbutikk\/produkt\/lf-3d-analysator-nfa1000-utleie\/","title":{"rendered":"Leie av LF analysator NFA1000 (pris pr. uke)"},"content":{"rendered":"<p><strong>Bruksomr\u00e5de:<\/strong><br \/>\nDette er et tysk kvalitetsinstrument som er utviklet for profesjonell m\u00e5ling av elektromagnetiske felt i hjem, p\u00e5 arbeidsplassen eller i uteomr\u00e5der. Tre-akset m\u00e5ling og innebygd datalogger muliggj\u00f8r effektiv og sikker kartlegging av elektromagnetiske felt.<\/p>\n<p>Apparatet m\u00e5ler felt fra jernbane, str\u00f8mnettet (50 Hz og overharmoniske), sparep\u00e6rer\/LED, elektriske apparater, str\u00f8mforsyninger, energisparelamper, elektroniske dimmere, induksjon koketopper, ladematter for smarttelefoner \u2013 og tr\u00e5dl\u00f8s lading av elbiler.<\/p>\n<p>Frekvensomr\u00e5de og m\u00e5leprinsipp er godt over kravene i byggbiologiske normer og den svenske TCO standarden. Apparatet er egnet for krevende m\u00e5leoppgaver.<\/p>\n<p><strong>Funksjoner:<\/strong><br \/>\nInstrumentet m\u00e5ler lavfrekvens magnetiske felt (M-felt) og elektriske felt (E-felt) . Apparatet har 3D sensorer for tre-akset m\u00e5ling av magnetisk felt og tre-akset potensialfri m\u00e5ling av elektrisk felt. Apparatet har innebygd loggefunksjon og leveres med programmet \u00abNFAsoft\u00bb for etteranalyse av m\u00e5leresultater p\u00e5 PC. Apparatet her mikrofon slik at kommentarer kan leses inn samtidig som man utf\u00f8rer m\u00e5lingen. M\u00e5leverdiene angis i enheter som er vanlig brukt (V\/m og nT) \u2013 ingen omregning er n\u00f8dvendig n\u00e5r en skal sammenligne med grenseverdier.<\/p>\n<p>Det innebygde frekvensfilteret viser de dominerende frekvensene ved hjelp av lysdioder over displayet. Frekvensanalyser kan gj\u00f8res ute i feltet, eller i ettertid n\u00e5r en logger data p\u00e5 et standard SD minne kort.<\/p>\n<p>For m\u00e5ling i henhold til TCO standarden kreves en TCO probe som tilleggsutstyr.<br \/>\nFor mer informasjon: www.NFA-meters.com<\/p>\n<p><span style=\"color: #000000;\"><strong>Spesifikasjoner:<\/strong><\/span><\/p>\n<p><span style=\"color: #000000;\">Frekvensomr\u00e5de:<br \/>\n5 Hz &#8211; 1000 KHz (kompensert).<br \/>\nInternt frekvensfilter for frekvensanalyse: 16 Hz b\u00e5ndpass, 50 Hz b\u00e5ndpass, 50 Hz overharmoniske, rest &lt;2 kHz og 2 kHz h\u00f8ypass.<\/span><\/p>\n<p><span style=\"color: #000000;\">M\u00e5leomr\u00e5de:<br \/>\nMagnetisk felt (flukstetthet): 1 \u2013 19 999 nT<br \/>\nElektrisk feltstyrke: 0,1 \u2013 1 999 V\/m<\/span><\/p>\n<p><span style=\"color: #000000;\">N\u00f8yaktighet:<br \/>\n50\/60 Hz: \u00b1 5%<br \/>\n16 Hz \u2013 30 kHz: \u00b1 1 dB<br \/>\n5 Hz \u2013 1 000 kHz: \u00b1 2 dB<br \/>\nIsotropisk avvik: \u00b1 1,5 dB<br \/>\nOffset: \u00b1 5 siffer<\/span><\/p>\n<p><span style=\"color: #000000;\">Sensor:<br \/>\nE-felt sensor for elektrisk LF- vekselfelt: 3D potensialfri<br \/>\nH-felt sensor for magnetisk LF- vekselfelt: 3D<\/span><\/p>\n<p><span style=\"color: #000000;\">Audio analyse:<br \/>\nAkustisk signal som er proporsjonalt med feltstyrke \u201cGeiger-teller effekt\u201d <\/span><\/p>\n<p><span style=\"color: #000000;\">M\u00e5leprinsipp: trueRMS, Peak, Peak hold<br \/>\nSignalutgang: AC\/DC utgang for frekvensanalysator\/logging<\/span><\/p>\n<p><span style=\"color: #000000;\">Str\u00f8mforsyning:<br \/>\n7,4 Volt Li-ion oppladbar batteripakke (inkludert), gjennomsnittlig brukstid p\u00e5 batteri i loggemodus 36 timer.<br \/>\nLavt batteriniv\u00e5 indikator, Auto-av funksjon, kan deaktiveres ved langtidsm\u00e5ling.<\/span><\/p>\n<p><span style=\"color: #000000;\">Vekt: 0,68 kg<\/span><\/p>\n<p><span style=\"color: #000000;\">Apparatet leveres komplett med f\u00f8lgende utstyr:<br \/>\nM\u00e5leinstrument med silicon hylster, 4GB SDHC SD-kort, USB-kabel, \u00abNFAsoft\u00bb analyse software, fleksibel 1 mm2 jordingskabel, jordingsklemme, intern Li Ion oppladbar batteripakke, batterilader, brukermanual, oppbevaringskoffert i plast.<\/span><\/p>\n<p><span style=\"color: #000000;\">TCO probe, stativ og utstyr for potensialfri m\u00e5ling kan leveres som tilleggsutstyr<\/span><\/p>\n<p>&nbsp;<\/p>\n<p>MERK: Leietaker betaler returporto med Posten<\/p>\n","protected":false},"excerpt":{"rendered":"<p>Bruksomr\u00e5de: Dette er et tysk kvalitetsinstrument som er utviklet for profesjonell m\u00e5ling av elektromagnetiske felt i hjem, p\u00e5 arbeidsplassen eller<\/p>\n","protected":false},"featured_media":2970,"comment_status":"open","ping_status":"closed","template":"","meta":[],"product_brand":[],"product_cat":[24],"product_tag":[],"class_list":{"0":"post-2969","1":"product","2":"type-product","3":"status-publish","4":"has-post-thumbnail","6":"product_cat-utleie-av-maleapparat","8":"first","9":"instock","10":"taxable","11":"shipping-taxable","12":"purchasable","13":"product-type-simple"},"yoast_head":"<!-- This site is optimized with the Yoast SEO plugin v27.4 - https:\/\/yoast.com\/product\/yoast-seo-wordpress\/ -->\n<title>Leie av LF analysator NFA1000 (pris pr. uke) - EMF Consult<\/title>\n<meta name=\"robots\" content=\"index, follow, max-snippet:-1, max-image-preview:large, max-video-preview:-1\" \/>\n<link rel=\"canonical\" href=\"https:\/\/emf-consult.com\/nettbutikk\/produkt\/lf-3d-analysator-nfa1000-utleie\/\" \/>\n<meta property=\"og:locale\" content=\"nb_NO\" \/>\n<meta property=\"og:type\" content=\"article\" \/>\n<meta property=\"og:title\" content=\"Leie av LF analysator NFA1000 (pris pr. uke) - EMF Consult\" \/>\n<meta property=\"og:description\" content=\"Bruksomr\u00e5de: Dette er et tysk kvalitetsinstrument som er utviklet for profesjonell m\u00e5ling av elektromagnetiske felt i hjem, p\u00e5 arbeidsplassen eller\" \/>\n<meta property=\"og:url\" content=\"https:\/\/emf-consult.com\/nettbutikk\/produkt\/lf-3d-analysator-nfa1000-utleie\/\" \/>\n<meta property=\"og:site_name\" content=\"EMF Consult\" \/>\n<meta property=\"article:publisher\" content=\"https:\/\/www.facebook.com\/emfconsult\" \/>\n<meta property=\"article:modified_time\" content=\"2025-01-02T11:45:06+00:00\" \/>\n<meta property=\"og:image\" content=\"https:\/\/emf-consult.com\/nettbutikk\/wp-content\/uploads\/2019\/11\/p6-1-1.jpg\" \/>\n\t<meta property=\"og:image:width\" content=\"400\" \/>\n\t<meta property=\"og:image:height\" content=\"450\" \/>\n\t<meta property=\"og:image:type\" content=\"image\/jpeg\" \/>\n<meta name=\"twitter:card\" content=\"summary_large_image\" \/>\n<meta name=\"twitter:label1\" content=\"Ansl. lesetid\" \/>\n\t<meta name=\"twitter:data1\" content=\"2 minutter\" \/>\n<script type=\"application\/ld+json\" class=\"yoast-schema-graph\">{\"@context\":\"https:\\\/\\\/schema.org\",\"@graph\":[{\"@type\":\"WebPage\",\"@id\":\"https:\\\/\\\/emf-consult.com\\\/nettbutikk\\\/produkt\\\/lf-3d-analysator-nfa1000-utleie\\\/\",\"url\":\"https:\\\/\\\/emf-consult.com\\\/nettbutikk\\\/produkt\\\/lf-3d-analysator-nfa1000-utleie\\\/\",\"name\":\"Leie av LF analysator NFA1000 (pris pr. uke) - EMF Consult\",\"isPartOf\":{\"@id\":\"https:\\\/\\\/emf-consult.com\\\/nettbutikk\\\/#website\"},\"primaryImageOfPage\":{\"@id\":\"https:\\\/\\\/emf-consult.com\\\/nettbutikk\\\/produkt\\\/lf-3d-analysator-nfa1000-utleie\\\/#primaryimage\"},\"image\":{\"@id\":\"https:\\\/\\\/emf-consult.com\\\/nettbutikk\\\/produkt\\\/lf-3d-analysator-nfa1000-utleie\\\/#primaryimage\"},\"thumbnailUrl\":\"https:\\\/\\\/emf-consult.com\\\/nettbutikk\\\/wp-content\\\/uploads\\\/2019\\\/11\\\/p6-1-1.jpg\",\"datePublished\":\"2018-02-25T15:38:55+00:00\",\"dateModified\":\"2025-01-02T11:45:06+00:00\",\"breadcrumb\":{\"@id\":\"https:\\\/\\\/emf-consult.com\\\/nettbutikk\\\/produkt\\\/lf-3d-analysator-nfa1000-utleie\\\/#breadcrumb\"},\"inLanguage\":\"nb-NO\",\"potentialAction\":[{\"@type\":\"ReadAction\",\"target\":[\"https:\\\/\\\/emf-consult.com\\\/nettbutikk\\\/produkt\\\/lf-3d-analysator-nfa1000-utleie\\\/\"]}]},{\"@type\":\"ImageObject\",\"inLanguage\":\"nb-NO\",\"@id\":\"https:\\\/\\\/emf-consult.com\\\/nettbutikk\\\/produkt\\\/lf-3d-analysator-nfa1000-utleie\\\/#primaryimage\",\"url\":\"https:\\\/\\\/emf-consult.com\\\/nettbutikk\\\/wp-content\\\/uploads\\\/2019\\\/11\\\/p6-1-1.jpg\",\"contentUrl\":\"https:\\\/\\\/emf-consult.com\\\/nettbutikk\\\/wp-content\\\/uploads\\\/2019\\\/11\\\/p6-1-1.jpg\",\"width\":400,\"height\":450,\"caption\":\"Leie av LF analysator NFA1000 (pris pr. uke)\"},{\"@type\":\"BreadcrumbList\",\"@id\":\"https:\\\/\\\/emf-consult.com\\\/nettbutikk\\\/produkt\\\/lf-3d-analysator-nfa1000-utleie\\\/#breadcrumb\",\"itemListElement\":[{\"@type\":\"ListItem\",\"position\":1,\"name\":\"Hjem\",\"item\":\"https:\\\/\\\/emf-consult.com\\\/nettbutikk\\\/\"},{\"@type\":\"ListItem\",\"position\":2,\"name\":\"Butikk\",\"item\":\"https:\\\/\\\/emf-consult.com\\\/nettbutikk\\\/butikk\\\/\"},{\"@type\":\"ListItem\",\"position\":3,\"name\":\"Leie av LF analysator NFA1000 (pris pr. uke)\"}]},{\"@type\":\"WebSite\",\"@id\":\"https:\\\/\\\/emf-consult.com\\\/nettbutikk\\\/#website\",\"url\":\"https:\\\/\\\/emf-consult.com\\\/nettbutikk\\\/\",\"name\":\"EMF Consult\",\"description\":\"Nettbutikk - Beskyttelse mot str\u00e5ling\",\"publisher\":{\"@id\":\"https:\\\/\\\/emf-consult.com\\\/nettbutikk\\\/#organization\"},\"potentialAction\":[{\"@type\":\"SearchAction\",\"target\":{\"@type\":\"EntryPoint\",\"urlTemplate\":\"https:\\\/\\\/emf-consult.com\\\/nettbutikk\\\/?s={search_term_string}\"},\"query-input\":{\"@type\":\"PropertyValueSpecification\",\"valueRequired\":true,\"valueName\":\"search_term_string\"}}],\"inLanguage\":\"nb-NO\"},{\"@type\":\"Organization\",\"@id\":\"https:\\\/\\\/emf-consult.com\\\/nettbutikk\\\/#organization\",\"name\":\"EMF Consult AS\",\"url\":\"https:\\\/\\\/emf-consult.com\\\/nettbutikk\\\/\",\"logo\":{\"@type\":\"ImageObject\",\"inLanguage\":\"nb-NO\",\"@id\":\"https:\\\/\\\/emf-consult.com\\\/nettbutikk\\\/#\\\/schema\\\/logo\\\/image\\\/\",\"url\":\"https:\\\/\\\/emf-consult.com\\\/nettbutikk\\\/wp-content\\\/uploads\\\/2022\\\/07\\\/cropped-Favikon-rod-e1658786300694.png\",\"contentUrl\":\"https:\\\/\\\/emf-consult.com\\\/nettbutikk\\\/wp-content\\\/uploads\\\/2022\\\/07\\\/cropped-Favikon-rod-e1658786300694.png\",\"width\":150,\"height\":150,\"caption\":\"EMF Consult AS\"},\"image\":{\"@id\":\"https:\\\/\\\/emf-consult.com\\\/nettbutikk\\\/#\\\/schema\\\/logo\\\/image\\\/\"},\"sameAs\":[\"https:\\\/\\\/www.facebook.com\\\/emfconsult\",\"https:\\\/\\\/www.linkedin.com\\\/company\\\/emf-consult\\\/\"]}]}<\/script>\n<!-- \/ Yoast SEO plugin. -->","yoast_head_json":{"title":"Leie av LF analysator NFA1000 (pris pr. uke) - EMF Consult","robots":{"index":"index","follow":"follow","max-snippet":"max-snippet:-1","max-image-preview":"max-image-preview:large","max-video-preview":"max-video-preview:-1"},"canonical":"https:\/\/emf-consult.com\/nettbutikk\/produkt\/lf-3d-analysator-nfa1000-utleie\/","og_locale":"nb_NO","og_type":"article","og_title":"Leie av LF analysator NFA1000 (pris pr. uke) - EMF Consult","og_description":"Bruksomr\u00e5de: Dette er et tysk kvalitetsinstrument som er utviklet for profesjonell m\u00e5ling av elektromagnetiske felt i hjem, p\u00e5 arbeidsplassen eller","og_url":"https:\/\/emf-consult.com\/nettbutikk\/produkt\/lf-3d-analysator-nfa1000-utleie\/","og_site_name":"EMF Consult","article_publisher":"https:\/\/www.facebook.com\/emfconsult","article_modified_time":"2025-01-02T11:45:06+00:00","og_image":[{"width":400,"height":450,"url":"https:\/\/emf-consult.com\/nettbutikk\/wp-content\/uploads\/2019\/11\/p6-1-1.jpg","type":"image\/jpeg"}],"twitter_card":"summary_large_image","twitter_misc":{"Ansl. lesetid":"2 minutter"},"schema":{"@context":"https:\/\/schema.org","@graph":[{"@type":"WebPage","@id":"https:\/\/emf-consult.com\/nettbutikk\/produkt\/lf-3d-analysator-nfa1000-utleie\/","url":"https:\/\/emf-consult.com\/nettbutikk\/produkt\/lf-3d-analysator-nfa1000-utleie\/","name":"Leie av LF analysator NFA1000 (pris pr. uke) - EMF Consult","isPartOf":{"@id":"https:\/\/emf-consult.com\/nettbutikk\/#website"},"primaryImageOfPage":{"@id":"https:\/\/emf-consult.com\/nettbutikk\/produkt\/lf-3d-analysator-nfa1000-utleie\/#primaryimage"},"image":{"@id":"https:\/\/emf-consult.com\/nettbutikk\/produkt\/lf-3d-analysator-nfa1000-utleie\/#primaryimage"},"thumbnailUrl":"https:\/\/emf-consult.com\/nettbutikk\/wp-content\/uploads\/2019\/11\/p6-1-1.jpg","datePublished":"2018-02-25T15:38:55+00:00","dateModified":"2025-01-02T11:45:06+00:00","breadcrumb":{"@id":"https:\/\/emf-consult.com\/nettbutikk\/produkt\/lf-3d-analysator-nfa1000-utleie\/#breadcrumb"},"inLanguage":"nb-NO","potentialAction":[{"@type":"ReadAction","target":["https:\/\/emf-consult.com\/nettbutikk\/produkt\/lf-3d-analysator-nfa1000-utleie\/"]}]},{"@type":"ImageObject","inLanguage":"nb-NO","@id":"https:\/\/emf-consult.com\/nettbutikk\/produkt\/lf-3d-analysator-nfa1000-utleie\/#primaryimage","url":"https:\/\/emf-consult.com\/nettbutikk\/wp-content\/uploads\/2019\/11\/p6-1-1.jpg","contentUrl":"https:\/\/emf-consult.com\/nettbutikk\/wp-content\/uploads\/2019\/11\/p6-1-1.jpg","width":400,"height":450,"caption":"Leie av LF analysator NFA1000 (pris pr. uke)"},{"@type":"BreadcrumbList","@id":"https:\/\/emf-consult.com\/nettbutikk\/produkt\/lf-3d-analysator-nfa1000-utleie\/#breadcrumb","itemListElement":[{"@type":"ListItem","position":1,"name":"Hjem","item":"https:\/\/emf-consult.com\/nettbutikk\/"},{"@type":"ListItem","position":2,"name":"Butikk","item":"https:\/\/emf-consult.com\/nettbutikk\/butikk\/"},{"@type":"ListItem","position":3,"name":"Leie av LF analysator NFA1000 (pris pr. uke)"}]},{"@type":"WebSite","@id":"https:\/\/emf-consult.com\/nettbutikk\/#website","url":"https:\/\/emf-consult.com\/nettbutikk\/","name":"EMF Consult","description":"Nettbutikk - Beskyttelse mot str\u00e5ling","publisher":{"@id":"https:\/\/emf-consult.com\/nettbutikk\/#organization"},"potentialAction":[{"@type":"SearchAction","target":{"@type":"EntryPoint","urlTemplate":"https:\/\/emf-consult.com\/nettbutikk\/?s={search_term_string}"},"query-input":{"@type":"PropertyValueSpecification","valueRequired":true,"valueName":"search_term_string"}}],"inLanguage":"nb-NO"},{"@type":"Organization","@id":"https:\/\/emf-consult.com\/nettbutikk\/#organization","name":"EMF Consult AS","url":"https:\/\/emf-consult.com\/nettbutikk\/","logo":{"@type":"ImageObject","inLanguage":"nb-NO","@id":"https:\/\/emf-consult.com\/nettbutikk\/#\/schema\/logo\/image\/","url":"https:\/\/emf-consult.com\/nettbutikk\/wp-content\/uploads\/2022\/07\/cropped-Favikon-rod-e1658786300694.png","contentUrl":"https:\/\/emf-consult.com\/nettbutikk\/wp-content\/uploads\/2022\/07\/cropped-Favikon-rod-e1658786300694.png","width":150,"height":150,"caption":"EMF Consult AS"},"image":{"@id":"https:\/\/emf-consult.com\/nettbutikk\/#\/schema\/logo\/image\/"},"sameAs":["https:\/\/www.facebook.com\/emfconsult","https:\/\/www.linkedin.com\/company\/emf-consult\/"]}]}},"_links":{"self":[{"href":"https:\/\/emf-consult.com\/nettbutikk\/wp-json\/wp\/v2\/product\/2969","targetHints":{"allow":["GET"]}}],"collection":[{"href":"https:\/\/emf-consult.com\/nettbutikk\/wp-json\/wp\/v2\/product"}],"about":[{"href":"https:\/\/emf-consult.com\/nettbutikk\/wp-json\/wp\/v2\/types\/product"}],"replies":[{"embeddable":true,"href":"https:\/\/emf-consult.com\/nettbutikk\/wp-json\/wp\/v2\/comments?post=2969"}],"wp:featuredmedia":[{"embeddable":true,"href":"https:\/\/emf-consult.com\/nettbutikk\/wp-json\/wp\/v2\/media\/2970"}],"wp:attachment":[{"href":"https:\/\/emf-consult.com\/nettbutikk\/wp-json\/wp\/v2\/media?parent=2969"}],"wp:term":[{"taxonomy":"product_brand","embeddable":true,"href":"https:\/\/emf-consult.com\/nettbutikk\/wp-json\/wp\/v2\/product_brand?post=2969"},{"taxonomy":"product_cat","embeddable":true,"href":"https:\/\/emf-consult.com\/nettbutikk\/wp-json\/wp\/v2\/product_cat?post=2969"},{"taxonomy":"product_tag","embeddable":true,"href":"https:\/\/emf-consult.com\/nettbutikk\/wp-json\/wp\/v2\/product_tag?post=2969"}],"curies":[{"name":"wp","href":"https:\/\/api.w.org\/{rel}","templated":true}]}}