{"id":2307,"date":"2018-01-11T08:44:31","date_gmt":"2018-01-11T08:44:31","guid":{"rendered":"https:\/\/emfconsult.nyside.net\/nettbutikk\/produkt\/skjermende-teppe-tdg\/"},"modified":"2026-04-13T10:18:06","modified_gmt":"2026-04-13T08:18:06","slug":"skjermende-teppe-tdg","status":"publish","type":"product","link":"https:\/\/emf-consult.com\/nettbutikk\/produkt\/skjermende-teppe-tdg\/","title":{"rendered":"Skjermende teppe &#8211; TDG"},"content":{"rendered":"<p><span id=\"result_box\" lang=\"no\">Skjermende teppe av <span title=\"Shielding sleeping bag made from Steel-Gray for HF shielding.\">STEEL-GREY for skjerming \u00a0(inntil 99,95%) av h\u00f8yfrekvent og lavfrekvent elektromagnetiske felt (HF og LF)<\/span>. Enkel og rask beskyttelse p\u00e5 sofaen, i sengen, p\u00e5 ferie, p\u00e5 forretningsreiser eller mens du spiller konsollspill.<\/span><\/p>\n<p><span title=\"Shielding sleeping bag made from Steel-Gray for HF shielding.\">STEEL-GREY<\/span> er et kompakt vevet stoff i bomull \/ polyester \/ rustfritt st\u00e5l.\u00a0<span title=\"Shielding sleeping bag made from Steel-Gray for HF shielding.\">STEEL-GREY<\/span> inneholder veldig fine rustfrie st\u00e5ltr\u00e5der som <span title=\"On the skin Steel-Gray feels a bit like a scratchy woolen sweater.\">kan oppleves litt som en &#8220;kl\u00f8ende ull-genser<\/span>. Men p\u00e5 sofaen med kl\u00e6r p\u00e5 eller i sengen med en pyjamas\u00a0g\u00e5r dette helt greit.<\/p>\n<p><span title=\"The fabric Steel-Gray was chosen as it is, due to it\u00b4s stainless steel threads, considerably more durable and stable even with strong movement, than fabrics with silver threats would be.\"><span title=\"The sleeping bag is sewn from Steel-Gray.\"><span title=\"Shielding sleeping bag made from Steel-Gray for HF shielding.\">STEEL-GREY<\/span><\/span> stoffet ble valgt fordi det er, p\u00e5 grunn av tr\u00e5dene i rustfritt st\u00e5l, betydelig mer holdbart og stabilt, selv med sterk bevegelse enn stoffer med s\u00f8lvttr\u00e5der. <\/span><span id=\"result_box\" lang=\"no\"><span title=\"The fabric Steel-Gray was chosen as it is, due to it\u00b4s stainless steel threads, considerably more durable and stable even with strong movement, than fabrics with silver threats would be.\"><span title=\"The sleeping bag is sewn from Steel-Gray.\"><span title=\"Shielding sleeping bag made from Steel-Gray for HF shielding.\">STEEL-GREY<\/span><\/span><\/span><\/span> er laget i bomull\/polyester\/st\u00e5l og t\u00e5ler sv\u00e6rt godt h\u00e5ndtering og vask uten \u00e5 miste skjermingsevnen.<\/p>\n<p>St\u00f8rrelse:\u00a0200 cm x 140 cm<\/p>\n<p><span id=\"result_box\" lang=\"no\"><span title=\"On the skin Steel-Gray feels a bit like a scratchy woolen sweater.\">MERK: <span title=\"The fabric Steel-Gray was chosen as it is, due to it\u00b4s stainless steel threads, considerably more durable and stable even with strong movement, than fabrics with silver threats would be.\"><span title=\"The sleeping bag is sewn from Steel-Gray.\"><span title=\"Shielding sleeping bag made from Steel-Gray for HF shielding.\">STEEL-GREY<\/span><\/span><\/span> kan oppleves litt som en &#8220;kl\u00f8ende ull-genser&#8221;. Vi anbefaler derfor at man bruker\u00a0teppet med\u00a0<\/span><span title=\"Without inner cover or pajama on, this could bother you.\">kl\u00e6r p\u00e5 eller med et laken eller annet teppe som mellomlag.<\/span><\/span><\/p>\n","protected":false},"excerpt":{"rendered":"<p>St\u00f8rrelse:\u00a0200 cm x 140 cm<\/p>\n<p>Skjerming: 35 dB\u00a0ved 1 GHz<\/p>\n<p>Farge: Gr\u00e5<\/p>\n<p>Materiale: 40 % bomull, 30 % polyester, 30 % rustfritt st\u00e5l<\/p>\n<p>Kan jordes for \u00e5 redusere elektriske felt &#8211; overflatemotstand 100-800 ohm<\/p>\n<p>For jording trenger man f\u00f8lgende tilleggsutstyr:<\/p>\n<p>Jordingsplate med borrel\u00e5s (GCV), Jordingskabel (GL) og Jordingsplugg (GP1)<\/p>\n","protected":false},"featured_media":2308,"comment_status":"open","ping_status":"closed","template":"","meta":[],"product_brand":[],"product_cat":[45,50],"product_tag":[],"class_list":{"0":"post-2307","1":"product","2":"type-product","3":"status-publish","4":"has-post-thumbnail","6":"product_cat-baldakiner-soveposer","7":"product_cat-bekledning-klaer","9":"first","10":"instock","11":"featured","12":"taxable","13":"shipping-taxable","14":"purchasable","15":"product-type-simple"},"yoast_head":"<!-- This site is optimized with the Yoast SEO plugin v27.4 - https:\/\/yoast.com\/product\/yoast-seo-wordpress\/ -->\n<title>Skjermende teppe - TDG - EMF Consult<\/title>\n<meta name=\"robots\" content=\"index, follow, max-snippet:-1, max-image-preview:large, max-video-preview:-1\" \/>\n<link rel=\"canonical\" href=\"https:\/\/emf-consult.com\/nettbutikk\/produkt\/skjermende-teppe-tdg\/\" \/>\n<meta property=\"og:locale\" content=\"nb_NO\" \/>\n<meta property=\"og:type\" content=\"article\" \/>\n<meta property=\"og:title\" content=\"Skjermende teppe - TDG - EMF Consult\" \/>\n<meta property=\"og:description\" content=\"St\u00f8rrelse:\u00a0200 cm x 140 cm  Skjerming: 35 dB\u00a0ved 1 GHz  Farge: Gr\u00e5  Materiale: 40 % bomull, 30 % polyester, 30 % rustfritt st\u00e5l  Kan jordes for \u00e5 redusere elektriske felt - overflatemotstand 100-800 ohm  For jording trenger man f\u00f8lgende tilleggsutstyr:  Jordingsplate med borrel\u00e5s (GCV), Jordingskabel (GL) og Jordingsplugg (GP1)\" \/>\n<meta property=\"og:url\" content=\"https:\/\/emf-consult.com\/nettbutikk\/produkt\/skjermende-teppe-tdg\/\" \/>\n<meta property=\"og:site_name\" content=\"EMF Consult\" \/>\n<meta property=\"article:publisher\" content=\"https:\/\/www.facebook.com\/emfconsult\" \/>\n<meta property=\"article:modified_time\" content=\"2026-04-13T08:18:06+00:00\" \/>\n<meta property=\"og:image\" content=\"https:\/\/emf-consult.com\/nettbutikk\/wp-content\/uploads\/2019\/11\/Skjermende-teppe-1.jpg\" \/>\n\t<meta property=\"og:image:width\" content=\"1890\" \/>\n\t<meta property=\"og:image:height\" content=\"1890\" \/>\n\t<meta property=\"og:image:type\" content=\"image\/jpeg\" \/>\n<meta name=\"twitter:card\" content=\"summary_large_image\" \/>\n<meta name=\"twitter:label1\" content=\"Ansl. lesetid\" \/>\n\t<meta name=\"twitter:data1\" content=\"2 minutter\" \/>\n<script type=\"application\/ld+json\" class=\"yoast-schema-graph\">{\"@context\":\"https:\\\/\\\/schema.org\",\"@graph\":[{\"@type\":\"WebPage\",\"@id\":\"https:\\\/\\\/emf-consult.com\\\/nettbutikk\\\/produkt\\\/skjermende-teppe-tdg\\\/\",\"url\":\"https:\\\/\\\/emf-consult.com\\\/nettbutikk\\\/produkt\\\/skjermende-teppe-tdg\\\/\",\"name\":\"Skjermende teppe - TDG - EMF Consult\",\"isPartOf\":{\"@id\":\"https:\\\/\\\/emf-consult.com\\\/nettbutikk\\\/#website\"},\"primaryImageOfPage\":{\"@id\":\"https:\\\/\\\/emf-consult.com\\\/nettbutikk\\\/produkt\\\/skjermende-teppe-tdg\\\/#primaryimage\"},\"image\":{\"@id\":\"https:\\\/\\\/emf-consult.com\\\/nettbutikk\\\/produkt\\\/skjermende-teppe-tdg\\\/#primaryimage\"},\"thumbnailUrl\":\"https:\\\/\\\/emf-consult.com\\\/nettbutikk\\\/wp-content\\\/uploads\\\/2019\\\/11\\\/Skjermende-teppe-1.jpg\",\"datePublished\":\"2018-01-11T08:44:31+00:00\",\"dateModified\":\"2026-04-13T08:18:06+00:00\",\"breadcrumb\":{\"@id\":\"https:\\\/\\\/emf-consult.com\\\/nettbutikk\\\/produkt\\\/skjermende-teppe-tdg\\\/#breadcrumb\"},\"inLanguage\":\"nb-NO\",\"potentialAction\":[{\"@type\":\"ReadAction\",\"target\":[\"https:\\\/\\\/emf-consult.com\\\/nettbutikk\\\/produkt\\\/skjermende-teppe-tdg\\\/\"]}]},{\"@type\":\"ImageObject\",\"inLanguage\":\"nb-NO\",\"@id\":\"https:\\\/\\\/emf-consult.com\\\/nettbutikk\\\/produkt\\\/skjermende-teppe-tdg\\\/#primaryimage\",\"url\":\"https:\\\/\\\/emf-consult.com\\\/nettbutikk\\\/wp-content\\\/uploads\\\/2019\\\/11\\\/Skjermende-teppe-1.jpg\",\"contentUrl\":\"https:\\\/\\\/emf-consult.com\\\/nettbutikk\\\/wp-content\\\/uploads\\\/2019\\\/11\\\/Skjermende-teppe-1.jpg\",\"width\":1890,\"height\":1890,\"caption\":\"Skjermende teppe - TDG\"},{\"@type\":\"BreadcrumbList\",\"@id\":\"https:\\\/\\\/emf-consult.com\\\/nettbutikk\\\/produkt\\\/skjermende-teppe-tdg\\\/#breadcrumb\",\"itemListElement\":[{\"@type\":\"ListItem\",\"position\":1,\"name\":\"Hjem\",\"item\":\"https:\\\/\\\/emf-consult.com\\\/nettbutikk\\\/\"},{\"@type\":\"ListItem\",\"position\":2,\"name\":\"Butikk\",\"item\":\"https:\\\/\\\/emf-consult.com\\\/nettbutikk\\\/butikk\\\/\"},{\"@type\":\"ListItem\",\"position\":3,\"name\":\"Skjermende teppe &#8211; TDG\"}]},{\"@type\":\"WebSite\",\"@id\":\"https:\\\/\\\/emf-consult.com\\\/nettbutikk\\\/#website\",\"url\":\"https:\\\/\\\/emf-consult.com\\\/nettbutikk\\\/\",\"name\":\"EMF Consult\",\"description\":\"Nettbutikk - Beskyttelse mot str\u00e5ling\",\"publisher\":{\"@id\":\"https:\\\/\\\/emf-consult.com\\\/nettbutikk\\\/#organization\"},\"potentialAction\":[{\"@type\":\"SearchAction\",\"target\":{\"@type\":\"EntryPoint\",\"urlTemplate\":\"https:\\\/\\\/emf-consult.com\\\/nettbutikk\\\/?s={search_term_string}\"},\"query-input\":{\"@type\":\"PropertyValueSpecification\",\"valueRequired\":true,\"valueName\":\"search_term_string\"}}],\"inLanguage\":\"nb-NO\"},{\"@type\":\"Organization\",\"@id\":\"https:\\\/\\\/emf-consult.com\\\/nettbutikk\\\/#organization\",\"name\":\"EMF Consult AS\",\"url\":\"https:\\\/\\\/emf-consult.com\\\/nettbutikk\\\/\",\"logo\":{\"@type\":\"ImageObject\",\"inLanguage\":\"nb-NO\",\"@id\":\"https:\\\/\\\/emf-consult.com\\\/nettbutikk\\\/#\\\/schema\\\/logo\\\/image\\\/\",\"url\":\"https:\\\/\\\/emf-consult.com\\\/nettbutikk\\\/wp-content\\\/uploads\\\/2022\\\/07\\\/cropped-Favikon-rod-e1658786300694.png\",\"contentUrl\":\"https:\\\/\\\/emf-consult.com\\\/nettbutikk\\\/wp-content\\\/uploads\\\/2022\\\/07\\\/cropped-Favikon-rod-e1658786300694.png\",\"width\":150,\"height\":150,\"caption\":\"EMF Consult AS\"},\"image\":{\"@id\":\"https:\\\/\\\/emf-consult.com\\\/nettbutikk\\\/#\\\/schema\\\/logo\\\/image\\\/\"},\"sameAs\":[\"https:\\\/\\\/www.facebook.com\\\/emfconsult\",\"https:\\\/\\\/www.linkedin.com\\\/company\\\/emf-consult\\\/\"]}]}<\/script>\n<!-- \/ Yoast SEO plugin. -->","yoast_head_json":{"title":"Skjermende teppe - TDG - EMF Consult","robots":{"index":"index","follow":"follow","max-snippet":"max-snippet:-1","max-image-preview":"max-image-preview:large","max-video-preview":"max-video-preview:-1"},"canonical":"https:\/\/emf-consult.com\/nettbutikk\/produkt\/skjermende-teppe-tdg\/","og_locale":"nb_NO","og_type":"article","og_title":"Skjermende teppe - TDG - EMF Consult","og_description":"St\u00f8rrelse:\u00a0200 cm x 140 cm  Skjerming: 35 dB\u00a0ved 1 GHz  Farge: Gr\u00e5  Materiale: 40 % bomull, 30 % polyester, 30 % rustfritt st\u00e5l  Kan jordes for \u00e5 redusere elektriske felt - overflatemotstand 100-800 ohm  For jording trenger man f\u00f8lgende tilleggsutstyr:  Jordingsplate med borrel\u00e5s (GCV), Jordingskabel (GL) og Jordingsplugg (GP1)","og_url":"https:\/\/emf-consult.com\/nettbutikk\/produkt\/skjermende-teppe-tdg\/","og_site_name":"EMF Consult","article_publisher":"https:\/\/www.facebook.com\/emfconsult","article_modified_time":"2026-04-13T08:18:06+00:00","og_image":[{"width":1890,"height":1890,"url":"https:\/\/emf-consult.com\/nettbutikk\/wp-content\/uploads\/2019\/11\/Skjermende-teppe-1.jpg","type":"image\/jpeg"}],"twitter_card":"summary_large_image","twitter_misc":{"Ansl. lesetid":"2 minutter"},"schema":{"@context":"https:\/\/schema.org","@graph":[{"@type":"WebPage","@id":"https:\/\/emf-consult.com\/nettbutikk\/produkt\/skjermende-teppe-tdg\/","url":"https:\/\/emf-consult.com\/nettbutikk\/produkt\/skjermende-teppe-tdg\/","name":"Skjermende teppe - TDG - EMF Consult","isPartOf":{"@id":"https:\/\/emf-consult.com\/nettbutikk\/#website"},"primaryImageOfPage":{"@id":"https:\/\/emf-consult.com\/nettbutikk\/produkt\/skjermende-teppe-tdg\/#primaryimage"},"image":{"@id":"https:\/\/emf-consult.com\/nettbutikk\/produkt\/skjermende-teppe-tdg\/#primaryimage"},"thumbnailUrl":"https:\/\/emf-consult.com\/nettbutikk\/wp-content\/uploads\/2019\/11\/Skjermende-teppe-1.jpg","datePublished":"2018-01-11T08:44:31+00:00","dateModified":"2026-04-13T08:18:06+00:00","breadcrumb":{"@id":"https:\/\/emf-consult.com\/nettbutikk\/produkt\/skjermende-teppe-tdg\/#breadcrumb"},"inLanguage":"nb-NO","potentialAction":[{"@type":"ReadAction","target":["https:\/\/emf-consult.com\/nettbutikk\/produkt\/skjermende-teppe-tdg\/"]}]},{"@type":"ImageObject","inLanguage":"nb-NO","@id":"https:\/\/emf-consult.com\/nettbutikk\/produkt\/skjermende-teppe-tdg\/#primaryimage","url":"https:\/\/emf-consult.com\/nettbutikk\/wp-content\/uploads\/2019\/11\/Skjermende-teppe-1.jpg","contentUrl":"https:\/\/emf-consult.com\/nettbutikk\/wp-content\/uploads\/2019\/11\/Skjermende-teppe-1.jpg","width":1890,"height":1890,"caption":"Skjermende teppe - TDG"},{"@type":"BreadcrumbList","@id":"https:\/\/emf-consult.com\/nettbutikk\/produkt\/skjermende-teppe-tdg\/#breadcrumb","itemListElement":[{"@type":"ListItem","position":1,"name":"Hjem","item":"https:\/\/emf-consult.com\/nettbutikk\/"},{"@type":"ListItem","position":2,"name":"Butikk","item":"https:\/\/emf-consult.com\/nettbutikk\/butikk\/"},{"@type":"ListItem","position":3,"name":"Skjermende teppe &#8211; TDG"}]},{"@type":"WebSite","@id":"https:\/\/emf-consult.com\/nettbutikk\/#website","url":"https:\/\/emf-consult.com\/nettbutikk\/","name":"EMF Consult","description":"Nettbutikk - Beskyttelse mot str\u00e5ling","publisher":{"@id":"https:\/\/emf-consult.com\/nettbutikk\/#organization"},"potentialAction":[{"@type":"SearchAction","target":{"@type":"EntryPoint","urlTemplate":"https:\/\/emf-consult.com\/nettbutikk\/?s={search_term_string}"},"query-input":{"@type":"PropertyValueSpecification","valueRequired":true,"valueName":"search_term_string"}}],"inLanguage":"nb-NO"},{"@type":"Organization","@id":"https:\/\/emf-consult.com\/nettbutikk\/#organization","name":"EMF Consult AS","url":"https:\/\/emf-consult.com\/nettbutikk\/","logo":{"@type":"ImageObject","inLanguage":"nb-NO","@id":"https:\/\/emf-consult.com\/nettbutikk\/#\/schema\/logo\/image\/","url":"https:\/\/emf-consult.com\/nettbutikk\/wp-content\/uploads\/2022\/07\/cropped-Favikon-rod-e1658786300694.png","contentUrl":"https:\/\/emf-consult.com\/nettbutikk\/wp-content\/uploads\/2022\/07\/cropped-Favikon-rod-e1658786300694.png","width":150,"height":150,"caption":"EMF Consult AS"},"image":{"@id":"https:\/\/emf-consult.com\/nettbutikk\/#\/schema\/logo\/image\/"},"sameAs":["https:\/\/www.facebook.com\/emfconsult","https:\/\/www.linkedin.com\/company\/emf-consult\/"]}]}},"_links":{"self":[{"href":"https:\/\/emf-consult.com\/nettbutikk\/wp-json\/wp\/v2\/product\/2307","targetHints":{"allow":["GET"]}}],"collection":[{"href":"https:\/\/emf-consult.com\/nettbutikk\/wp-json\/wp\/v2\/product"}],"about":[{"href":"https:\/\/emf-consult.com\/nettbutikk\/wp-json\/wp\/v2\/types\/product"}],"replies":[{"embeddable":true,"href":"https:\/\/emf-consult.com\/nettbutikk\/wp-json\/wp\/v2\/comments?post=2307"}],"wp:featuredmedia":[{"embeddable":true,"href":"https:\/\/emf-consult.com\/nettbutikk\/wp-json\/wp\/v2\/media\/2308"}],"wp:attachment":[{"href":"https:\/\/emf-consult.com\/nettbutikk\/wp-json\/wp\/v2\/media?parent=2307"}],"wp:term":[{"taxonomy":"product_brand","embeddable":true,"href":"https:\/\/emf-consult.com\/nettbutikk\/wp-json\/wp\/v2\/product_brand?post=2307"},{"taxonomy":"product_cat","embeddable":true,"href":"https:\/\/emf-consult.com\/nettbutikk\/wp-json\/wp\/v2\/product_cat?post=2307"},{"taxonomy":"product_tag","embeddable":true,"href":"https:\/\/emf-consult.com\/nettbutikk\/wp-json\/wp\/v2\/product_tag?post=2307"}],"curies":[{"name":"wp","href":"https:\/\/api.w.org\/{rel}","templated":true}]}}