{"id":2300,"date":"2018-01-11T08:35:37","date_gmt":"2018-01-11T07:35:37","guid":{"rendered":"https:\/\/emfconsult.nyside.net\/nettbutikk\/produkt\/skjermet-sovepose-tsb\/"},"modified":"2026-04-14T13:56:00","modified_gmt":"2026-04-14T11:56:00","slug":"skjermet-sovepose-tsb","status":"publish","type":"product","link":"https:\/\/emf-consult.com\/nettbutikk\/produkt\/skjermet-sovepose-tsb\/","title":{"rendered":"Skjermet sovepose &#8211; TSB"},"content":{"rendered":"<p><span id=\"result_box\" lang=\"no\"><span title=\"Shielding sleeping bag made from Steel-Gray for HF shielding.\">Beskyttende sovepose laget av\u00a0STEEL-GREY for skjerming (inntil 99,95%) av h\u00f8yfrekvent og lavfrekvent elektromagnetiske felt (HF og LF). <\/span><span title=\"This sleeping bag is a competitive alternative to canopies and perfect to be used for travelling. \">Denne soveposen er et konkurransedyktig alternativ til baldakiner og perfekt til bruk\u00a0p\u00e5 reiser.<\/span><\/span><\/p>\n<p><span title=\"The sleeping bag is sewn from Steel-Gray.\">Soveposen er sydd fra <span title=\"Shielding sleeping bag made from Steel-Gray for HF shielding.\">STEEL-GREY<\/span>. <\/span><span title=\"The zipper is collateral fitted at mid length and is silvered to provide an integrated shielding.\">Glidel\u00e5sen er montert slik at posen kan \u00e5pnes ned til midten og er skjermet for \u00e5 gi en integrert skjerming. <\/span><span title=\"The inner cover, made of cotton fabric, is removable and fixed with a hook and loop fastener.\">Innerposen, laget av bomullstoff, er avtagbart og festet med krok og sl\u00f8yfe. <\/span><span title=\"The inner cover will ensure your scratch free sleep, even without pajamas.\">Innvendig\u00a0pose s\u00f8rger for at du f\u00e5r\u00a0en kl\u00f8fri s\u00f8vn, selv uten pyjamas. <\/span><span title=\"If required the head area can be tightened with an elastic cord, so that only the face is uncovered.\">Om n\u00f8dvendig kan hodestykket strammes med et elastisk b\u00e5nd\u00a0slik at bare ansiktet blir eksponert. <\/span><span title=\"In comparison to common sleeping bags this shielding sleeping back is designed with generous measurements for a comfortable, permanent use. \">Sammenlignet med vanlige soveposer er denne skjermende soveposen designet med sjener\u00f8se m\u00e5l for behagelig, permanent bruk. <\/span><\/p>\n<p><span title=\"In comparison to common sleeping bags this shielding sleeping back is designed with generous measurements for a comfortable, permanent use. \">St\u00f8rrelse: 90 cm x 220 cm<\/span><\/p>\n<p><span title=\"The fabric Steel-Gray was chosen as it is, due to it\u00b4s stainless steel threads, considerably more durable and stable even with strong movement, than fabrics with silver threats would be.\"><span title=\"The sleeping bag is sewn from Steel-Gray.\"><span title=\"Shielding sleeping bag made from Steel-Gray for HF shielding.\">STEEL-GREY<\/span><\/span> stoffet ble valgt fordi det er, p\u00e5 grunn av tr\u00e5dene i rustfritt st\u00e5l, betydelig mer holdbart og stabilt, selv med sterk bevegelse enn stoffer med s\u00f8lvttr\u00e5der. <\/span><span id=\"result_box\" lang=\"no\"><span title=\"The fabric Steel-Gray was chosen as it is, due to it\u00b4s stainless steel threads, considerably more durable and stable even with strong movement, than fabrics with silver threats would be.\"><span title=\"The sleeping bag is sewn from Steel-Gray.\"><span title=\"Shielding sleeping bag made from Steel-Gray for HF shielding.\">STEEL-GREY<\/span><\/span><\/span><\/span> er laget i bomull\/polyester\/st\u00e5l og t\u00e5ler sv\u00e6rt godt h\u00e5ndtering og vask uten \u00e5 miste skjermingsevnen.<\/p>\n<p><span id=\"result_box\" lang=\"no\"><span title=\"On the skin Steel-Gray feels a bit like a scratchy woolen sweater.\">MERK: <span title=\"The fabric Steel-Gray was chosen as it is, due to it\u00b4s stainless steel threads, considerably more durable and stable even with strong movement, than fabrics with silver threats would be.\"><span title=\"The sleeping bag is sewn from Steel-Gray.\"><span title=\"Shielding sleeping bag made from Steel-Gray for HF shielding.\">STEEL-GREY<\/span><\/span><\/span> kan oppleves litt som en &#8220;kl\u00f8ende ull-genser&#8221;. For en mest mulig behagelig s\u00f8vn anbefaler vi\u00a0derfor at man alltid bruker\u00a0soveposen\u00a0med in<\/span><span title=\"Without inner cover or pajama on, this could bother you.\">nerposen eller pysjamas\u00a0p\u00e5.<\/span><\/span><\/p>\n<p><em>Ang\u00e5ende angrerett; v\u00e6r oppmerksom p\u00e5 at av hygiene\u00e5rsaker tas kun ubrukte soveposer i retur.<\/em><\/p>\n","protected":false},"excerpt":{"rendered":"<p>St\u00f8rrelse: 90 cm x 220 cm<\/p>\n<p>Skjerming: 35 dB\u00a0ved 1 GHz<\/p>\n<p>Farge: Gr\u00e5<\/p>\n<p>Materiale: 40 % bomull, 30 % polyester, 30 % rustfritt st\u00e5l<\/p>\n<p>Vekt: 1,5 kg<\/p>\n<p>Avtagbar innerpose av bomull gj\u00f8r posen behagelig og lett \u00e5 vaske<\/p>\n<p>Kan jordes for \u00e5 redusere elektriske felt &#8211; overflatemotstand 100-800 ohm<\/p>\n","protected":false},"featured_media":2301,"comment_status":"open","ping_status":"closed","template":"","meta":[],"product_brand":[],"product_cat":[45],"product_tag":[99,100,101,102,103],"class_list":{"0":"post-2300","1":"product","2":"type-product","3":"status-publish","4":"has-post-thumbnail","6":"product_cat-baldakiner-soveposer","7":"product_tag-skjerming","8":"product_tag-soverom","9":"product_tag-sovn","10":"product_tag-sovnkvalitet","11":"product_tag-straling","13":"first","14":"instock","15":"taxable","16":"shipping-taxable","17":"purchasable","18":"product-type-simple"},"yoast_head":"<!-- This site is optimized with the Yoast SEO plugin v27.3 - https:\/\/yoast.com\/product\/yoast-seo-wordpress\/ -->\n<title>Skjermet sovepose - TSB - EMF Consult<\/title>\n<meta name=\"robots\" content=\"index, follow, max-snippet:-1, max-image-preview:large, max-video-preview:-1\" \/>\n<link rel=\"canonical\" href=\"https:\/\/emf-consult.com\/nettbutikk\/produkt\/skjermet-sovepose-tsb\/\" \/>\n<meta property=\"og:locale\" content=\"nb_NO\" \/>\n<meta property=\"og:type\" content=\"article\" \/>\n<meta property=\"og:title\" content=\"Skjermet sovepose - TSB - EMF Consult\" \/>\n<meta property=\"og:description\" content=\"St\u00f8rrelse: 90 cm x 220 cm  Skjerming: 35 dB\u00a0ved 1 GHz  Farge: Gr\u00e5  Materiale: 40 % bomull, 30 % polyester, 30 % rustfritt st\u00e5l  Vekt: 1,5 kg  Avtagbar innerpose av bomull gj\u00f8r posen behagelig og lett \u00e5 vaske  Kan jordes for \u00e5 redusere elektriske felt - overflatemotstand 100-800 ohm\" \/>\n<meta property=\"og:url\" content=\"https:\/\/emf-consult.com\/nettbutikk\/produkt\/skjermet-sovepose-tsb\/\" \/>\n<meta property=\"og:site_name\" content=\"EMF Consult\" \/>\n<meta property=\"article:publisher\" content=\"https:\/\/www.facebook.com\/emfconsult\" \/>\n<meta property=\"article:modified_time\" content=\"2026-04-14T11:56:00+00:00\" \/>\n<meta property=\"og:image\" content=\"https:\/\/emf-consult.com\/nettbutikk\/wp-content\/uploads\/2019\/11\/Skjermende-sovepose-1.jpg\" \/>\n\t<meta property=\"og:image:width\" content=\"1890\" \/>\n\t<meta property=\"og:image:height\" content=\"1890\" \/>\n\t<meta property=\"og:image:type\" content=\"image\/jpeg\" \/>\n<meta name=\"twitter:card\" content=\"summary_large_image\" \/>\n<meta name=\"twitter:label1\" content=\"Ansl. lesetid\" \/>\n\t<meta name=\"twitter:data1\" content=\"2 minutter\" \/>\n<script type=\"application\/ld+json\" class=\"yoast-schema-graph\">{\"@context\":\"https:\\\/\\\/schema.org\",\"@graph\":[{\"@type\":\"WebPage\",\"@id\":\"https:\\\/\\\/emf-consult.com\\\/nettbutikk\\\/produkt\\\/skjermet-sovepose-tsb\\\/\",\"url\":\"https:\\\/\\\/emf-consult.com\\\/nettbutikk\\\/produkt\\\/skjermet-sovepose-tsb\\\/\",\"name\":\"Skjermet sovepose - TSB - EMF Consult\",\"isPartOf\":{\"@id\":\"https:\\\/\\\/emf-consult.com\\\/nettbutikk\\\/#website\"},\"primaryImageOfPage\":{\"@id\":\"https:\\\/\\\/emf-consult.com\\\/nettbutikk\\\/produkt\\\/skjermet-sovepose-tsb\\\/#primaryimage\"},\"image\":{\"@id\":\"https:\\\/\\\/emf-consult.com\\\/nettbutikk\\\/produkt\\\/skjermet-sovepose-tsb\\\/#primaryimage\"},\"thumbnailUrl\":\"https:\\\/\\\/emf-consult.com\\\/nettbutikk\\\/wp-content\\\/uploads\\\/2019\\\/11\\\/Skjermende-sovepose-1.jpg\",\"datePublished\":\"2018-01-11T07:35:37+00:00\",\"dateModified\":\"2026-04-14T11:56:00+00:00\",\"breadcrumb\":{\"@id\":\"https:\\\/\\\/emf-consult.com\\\/nettbutikk\\\/produkt\\\/skjermet-sovepose-tsb\\\/#breadcrumb\"},\"inLanguage\":\"nb-NO\",\"potentialAction\":[{\"@type\":\"ReadAction\",\"target\":[\"https:\\\/\\\/emf-consult.com\\\/nettbutikk\\\/produkt\\\/skjermet-sovepose-tsb\\\/\"]}]},{\"@type\":\"ImageObject\",\"inLanguage\":\"nb-NO\",\"@id\":\"https:\\\/\\\/emf-consult.com\\\/nettbutikk\\\/produkt\\\/skjermet-sovepose-tsb\\\/#primaryimage\",\"url\":\"https:\\\/\\\/emf-consult.com\\\/nettbutikk\\\/wp-content\\\/uploads\\\/2019\\\/11\\\/Skjermende-sovepose-1.jpg\",\"contentUrl\":\"https:\\\/\\\/emf-consult.com\\\/nettbutikk\\\/wp-content\\\/uploads\\\/2019\\\/11\\\/Skjermende-sovepose-1.jpg\",\"width\":1890,\"height\":1890,\"caption\":\"Skjermet sovepose\"},{\"@type\":\"BreadcrumbList\",\"@id\":\"https:\\\/\\\/emf-consult.com\\\/nettbutikk\\\/produkt\\\/skjermet-sovepose-tsb\\\/#breadcrumb\",\"itemListElement\":[{\"@type\":\"ListItem\",\"position\":1,\"name\":\"Hjem\",\"item\":\"https:\\\/\\\/emf-consult.com\\\/nettbutikk\\\/\"},{\"@type\":\"ListItem\",\"position\":2,\"name\":\"Butikk\",\"item\":\"https:\\\/\\\/emf-consult.com\\\/nettbutikk\\\/butikk\\\/\"},{\"@type\":\"ListItem\",\"position\":3,\"name\":\"Skjermet sovepose &#8211; TSB\"}]},{\"@type\":\"WebSite\",\"@id\":\"https:\\\/\\\/emf-consult.com\\\/nettbutikk\\\/#website\",\"url\":\"https:\\\/\\\/emf-consult.com\\\/nettbutikk\\\/\",\"name\":\"EMF Consult\",\"description\":\"Nettbutikk - Beskyttelse mot str\u00e5ling\",\"publisher\":{\"@id\":\"https:\\\/\\\/emf-consult.com\\\/nettbutikk\\\/#organization\"},\"potentialAction\":[{\"@type\":\"SearchAction\",\"target\":{\"@type\":\"EntryPoint\",\"urlTemplate\":\"https:\\\/\\\/emf-consult.com\\\/nettbutikk\\\/?s={search_term_string}\"},\"query-input\":{\"@type\":\"PropertyValueSpecification\",\"valueRequired\":true,\"valueName\":\"search_term_string\"}}],\"inLanguage\":\"nb-NO\"},{\"@type\":\"Organization\",\"@id\":\"https:\\\/\\\/emf-consult.com\\\/nettbutikk\\\/#organization\",\"name\":\"EMF Consult AS\",\"url\":\"https:\\\/\\\/emf-consult.com\\\/nettbutikk\\\/\",\"logo\":{\"@type\":\"ImageObject\",\"inLanguage\":\"nb-NO\",\"@id\":\"https:\\\/\\\/emf-consult.com\\\/nettbutikk\\\/#\\\/schema\\\/logo\\\/image\\\/\",\"url\":\"https:\\\/\\\/emf-consult.com\\\/nettbutikk\\\/wp-content\\\/uploads\\\/2022\\\/07\\\/cropped-Favikon-rod-e1658786300694.png\",\"contentUrl\":\"https:\\\/\\\/emf-consult.com\\\/nettbutikk\\\/wp-content\\\/uploads\\\/2022\\\/07\\\/cropped-Favikon-rod-e1658786300694.png\",\"width\":150,\"height\":150,\"caption\":\"EMF Consult AS\"},\"image\":{\"@id\":\"https:\\\/\\\/emf-consult.com\\\/nettbutikk\\\/#\\\/schema\\\/logo\\\/image\\\/\"},\"sameAs\":[\"https:\\\/\\\/www.facebook.com\\\/emfconsult\",\"https:\\\/\\\/www.linkedin.com\\\/company\\\/emf-consult\\\/\"]}]}<\/script>\n<!-- \/ Yoast SEO plugin. -->","yoast_head_json":{"title":"Skjermet sovepose - TSB - EMF Consult","robots":{"index":"index","follow":"follow","max-snippet":"max-snippet:-1","max-image-preview":"max-image-preview:large","max-video-preview":"max-video-preview:-1"},"canonical":"https:\/\/emf-consult.com\/nettbutikk\/produkt\/skjermet-sovepose-tsb\/","og_locale":"nb_NO","og_type":"article","og_title":"Skjermet sovepose - TSB - EMF Consult","og_description":"St\u00f8rrelse: 90 cm x 220 cm  Skjerming: 35 dB\u00a0ved 1 GHz  Farge: Gr\u00e5  Materiale: 40 % bomull, 30 % polyester, 30 % rustfritt st\u00e5l  Vekt: 1,5 kg  Avtagbar innerpose av bomull gj\u00f8r posen behagelig og lett \u00e5 vaske  Kan jordes for \u00e5 redusere elektriske felt - overflatemotstand 100-800 ohm","og_url":"https:\/\/emf-consult.com\/nettbutikk\/produkt\/skjermet-sovepose-tsb\/","og_site_name":"EMF Consult","article_publisher":"https:\/\/www.facebook.com\/emfconsult","article_modified_time":"2026-04-14T11:56:00+00:00","og_image":[{"width":1890,"height":1890,"url":"https:\/\/emf-consult.com\/nettbutikk\/wp-content\/uploads\/2019\/11\/Skjermende-sovepose-1.jpg","type":"image\/jpeg"}],"twitter_card":"summary_large_image","twitter_misc":{"Ansl. lesetid":"2 minutter"},"schema":{"@context":"https:\/\/schema.org","@graph":[{"@type":"WebPage","@id":"https:\/\/emf-consult.com\/nettbutikk\/produkt\/skjermet-sovepose-tsb\/","url":"https:\/\/emf-consult.com\/nettbutikk\/produkt\/skjermet-sovepose-tsb\/","name":"Skjermet sovepose - TSB - EMF Consult","isPartOf":{"@id":"https:\/\/emf-consult.com\/nettbutikk\/#website"},"primaryImageOfPage":{"@id":"https:\/\/emf-consult.com\/nettbutikk\/produkt\/skjermet-sovepose-tsb\/#primaryimage"},"image":{"@id":"https:\/\/emf-consult.com\/nettbutikk\/produkt\/skjermet-sovepose-tsb\/#primaryimage"},"thumbnailUrl":"https:\/\/emf-consult.com\/nettbutikk\/wp-content\/uploads\/2019\/11\/Skjermende-sovepose-1.jpg","datePublished":"2018-01-11T07:35:37+00:00","dateModified":"2026-04-14T11:56:00+00:00","breadcrumb":{"@id":"https:\/\/emf-consult.com\/nettbutikk\/produkt\/skjermet-sovepose-tsb\/#breadcrumb"},"inLanguage":"nb-NO","potentialAction":[{"@type":"ReadAction","target":["https:\/\/emf-consult.com\/nettbutikk\/produkt\/skjermet-sovepose-tsb\/"]}]},{"@type":"ImageObject","inLanguage":"nb-NO","@id":"https:\/\/emf-consult.com\/nettbutikk\/produkt\/skjermet-sovepose-tsb\/#primaryimage","url":"https:\/\/emf-consult.com\/nettbutikk\/wp-content\/uploads\/2019\/11\/Skjermende-sovepose-1.jpg","contentUrl":"https:\/\/emf-consult.com\/nettbutikk\/wp-content\/uploads\/2019\/11\/Skjermende-sovepose-1.jpg","width":1890,"height":1890,"caption":"Skjermet sovepose"},{"@type":"BreadcrumbList","@id":"https:\/\/emf-consult.com\/nettbutikk\/produkt\/skjermet-sovepose-tsb\/#breadcrumb","itemListElement":[{"@type":"ListItem","position":1,"name":"Hjem","item":"https:\/\/emf-consult.com\/nettbutikk\/"},{"@type":"ListItem","position":2,"name":"Butikk","item":"https:\/\/emf-consult.com\/nettbutikk\/butikk\/"},{"@type":"ListItem","position":3,"name":"Skjermet sovepose &#8211; TSB"}]},{"@type":"WebSite","@id":"https:\/\/emf-consult.com\/nettbutikk\/#website","url":"https:\/\/emf-consult.com\/nettbutikk\/","name":"EMF Consult","description":"Nettbutikk - Beskyttelse mot str\u00e5ling","publisher":{"@id":"https:\/\/emf-consult.com\/nettbutikk\/#organization"},"potentialAction":[{"@type":"SearchAction","target":{"@type":"EntryPoint","urlTemplate":"https:\/\/emf-consult.com\/nettbutikk\/?s={search_term_string}"},"query-input":{"@type":"PropertyValueSpecification","valueRequired":true,"valueName":"search_term_string"}}],"inLanguage":"nb-NO"},{"@type":"Organization","@id":"https:\/\/emf-consult.com\/nettbutikk\/#organization","name":"EMF Consult AS","url":"https:\/\/emf-consult.com\/nettbutikk\/","logo":{"@type":"ImageObject","inLanguage":"nb-NO","@id":"https:\/\/emf-consult.com\/nettbutikk\/#\/schema\/logo\/image\/","url":"https:\/\/emf-consult.com\/nettbutikk\/wp-content\/uploads\/2022\/07\/cropped-Favikon-rod-e1658786300694.png","contentUrl":"https:\/\/emf-consult.com\/nettbutikk\/wp-content\/uploads\/2022\/07\/cropped-Favikon-rod-e1658786300694.png","width":150,"height":150,"caption":"EMF Consult AS"},"image":{"@id":"https:\/\/emf-consult.com\/nettbutikk\/#\/schema\/logo\/image\/"},"sameAs":["https:\/\/www.facebook.com\/emfconsult","https:\/\/www.linkedin.com\/company\/emf-consult\/"]}]}},"_links":{"self":[{"href":"https:\/\/emf-consult.com\/nettbutikk\/wp-json\/wp\/v2\/product\/2300","targetHints":{"allow":["GET"]}}],"collection":[{"href":"https:\/\/emf-consult.com\/nettbutikk\/wp-json\/wp\/v2\/product"}],"about":[{"href":"https:\/\/emf-consult.com\/nettbutikk\/wp-json\/wp\/v2\/types\/product"}],"replies":[{"embeddable":true,"href":"https:\/\/emf-consult.com\/nettbutikk\/wp-json\/wp\/v2\/comments?post=2300"}],"wp:featuredmedia":[{"embeddable":true,"href":"https:\/\/emf-consult.com\/nettbutikk\/wp-json\/wp\/v2\/media\/2301"}],"wp:attachment":[{"href":"https:\/\/emf-consult.com\/nettbutikk\/wp-json\/wp\/v2\/media?parent=2300"}],"wp:term":[{"taxonomy":"product_brand","embeddable":true,"href":"https:\/\/emf-consult.com\/nettbutikk\/wp-json\/wp\/v2\/product_brand?post=2300"},{"taxonomy":"product_cat","embeddable":true,"href":"https:\/\/emf-consult.com\/nettbutikk\/wp-json\/wp\/v2\/product_cat?post=2300"},{"taxonomy":"product_tag","embeddable":true,"href":"https:\/\/emf-consult.com\/nettbutikk\/wp-json\/wp\/v2\/product_tag?post=2300"}],"curies":[{"name":"wp","href":"https:\/\/api.w.org\/{rel}","templated":true}]}}