{"id":19333,"date":"2026-03-19T13:12:47","date_gmt":"2026-03-19T12:12:47","guid":{"rendered":"https:\/\/emf-consult.com\/nettbutikk\/?post_type=product&#038;p=19333"},"modified":"2026-03-19T13:30:12","modified_gmt":"2026-03-19T12:30:12","slug":"yshield-hnx50-skjermingstape-50mm","status":"publish","type":"product","link":"https:\/\/emf-consult.com\/nettbutikk\/produkt\/yshield-hnx50-skjermingstape-50mm\/","title":{"rendered":"Jordingstape HNX50"},"content":{"rendered":"<h2 class=\"text-text-100 mt-3 -mb-1 text-[1.125rem] font-bold\">HNX50 \u2013 Skjermingstape for EMF skj\u00f8ter og kanter | 50 mm bredde | 50 meter<\/h2>\n<p class=\"font-claude-response-body break-words whitespace-normal leading-[1.7]\"><strong>HNX50 skjermingstape fra er den profesjonelle l\u00f8sningen for \u00e5 tette gap, skj\u00f8ter og overlapp i EMF-skjermingsmaterialer. Uten riktig taping kan selv de beste skjermingsmaterialene miste mesteparten av sin effekt der platene m\u00f8tes. HNX50 l\u00f8ser dette problemet effektivt og er foretrukket av fagfolk innen bygningsbiologi og EMF-r\u00e5dgivning. Den profesjonelle l\u00f8sningen for \u00e5 tette gap og overlapp i skjermingsmaterialer.<\/strong><\/p>\n<p class=\"font-claude-response-body break-words whitespace-normal leading-[1.7]\">N\u00e5r skjermingsmaterialer som folier, nett eller tapet legges over store flater, oppst\u00e5r det alltid skj\u00f8ter og overlapp. Selv med n\u00f8ye montering kan str\u00e5ling slippe gjennom disse svake punktene \u2013 og betydelig svekke den totale skjermingseffekten. HNX50 er designet nettopp for \u00e5 l\u00f8se dette problemet.<\/p>\n<p class=\"font-claude-response-body break-words whitespace-normal leading-[1.7]\">I motsetning til vanlige kopper- eller aluminiumstaper, har HNX50 en tekstiloverflate av polyester belagt med kobber og nikkel. Den ru overflaten hindrer str\u00e5lingen i \u00e5 trenge gjennom limlaget \u2013 noe glatte metalltaper ikke klarer. Resultatet er dokumentert imponerende:<\/p>\n<h3 class=\"text-text-100 mt-2 -mb-1 text-base font-bold\">Egnet for<\/h3>\n<ul class=\"[li_&amp;]:mb-0 [li_&amp;]:mt-1 [li_&amp;]:gap-1 [&amp;:not(:last-child)_ul]:pb-1 [&amp;:not(:last-child)_ol]:pb-1 list-disc flex flex-col gap-1 pl-8 mb-3\">\n<li class=\"whitespace-normal break-words pl-2\">Skj\u00f8ter og overlapp mellom skjermingsfolier, nett og tapet<\/li>\n<li class=\"whitespace-normal break-words pl-2\">Tetting av sprekker, hull og \u00e5pninger i skjermingsflater<\/li>\n<li class=\"whitespace-normal break-words pl-2\">Optimalisering av h\u00f8yytelses skjermingsmaterialer som A300, A190 og K150<\/li>\n<li class=\"whitespace-normal break-words pl-2\">Profesjonell installasjon der maksimal skjermingseffekt er avgj\u00f8rende<\/li>\n<\/ul>\n<p>For best resultat anbefales det \u00e5 bruke v\u00e5r <a href=\"https:\/\/emf-consult.com\/nettbutikk\/produkt\/plast-skraper-fvr10-10-cm\/\">plastskrape FVR10<\/a>, slik at tapen festes jevnt og uten luftbobler.<\/p>\n","protected":false},"excerpt":{"rendered":"<p>Materialer: Polyester, kobber, nikkel. Ledende akryllim p\u00e5 baksiden med h\u00f8y limstyrke<br \/>\nSkjermingsdemping: 76 dB<\/p>\n<p>Leveres p\u00e5 rull:<\/p>\n<ul>\n<li>Lengde: 50 meter<\/li>\n<li>Bredde: 50 mm<\/li>\n<li>Tykkelse: 0,11 mm<\/li>\n<li>Vekt 700g<\/li>\n<\/ul>\n<p>&nbsp;<\/p>\n","protected":false},"featured_media":19334,"comment_status":"open","ping_status":"closed","template":"","meta":[],"product_brand":[],"product_cat":[49,44,40,27],"product_tag":[],"class_list":{"0":"post-19333","1":"product","2":"type-product","3":"status-publish","4":"has-post-thumbnail","6":"product_cat-folier-netting-fleece","7":"product_cat-jording","8":"product_cat-maling","9":"product_cat-skjermingsmateriell","11":"first","12":"onbackorder","13":"taxable","14":"shipping-taxable","15":"purchasable","16":"product-type-simple"},"yoast_head":"<!-- This site is optimized with the Yoast SEO plugin v27.3 - https:\/\/yoast.com\/product\/yoast-seo-wordpress\/ -->\n<title>skjermingstape EMF for Effektiv Str\u00e5leskjerming<\/title>\n<meta name=\"description\" content=\"Med skjermingstape EMF kan du tette alle hull i skjermingsmaterialer. Opplev styrken av HNX50 for optimal beskyttelse n\u00e5!\" \/>\n<meta name=\"robots\" content=\"index, follow, max-snippet:-1, max-image-preview:large, max-video-preview:-1\" \/>\n<link rel=\"canonical\" href=\"https:\/\/emf-consult.com\/nettbutikk\/produkt\/yshield-hnx50-skjermingstape-50mm\/\" \/>\n<meta property=\"og:locale\" content=\"nb_NO\" \/>\n<meta property=\"og:type\" content=\"article\" \/>\n<meta property=\"og:title\" content=\"skjermingstape EMF for Effektiv Str\u00e5leskjerming\" \/>\n<meta property=\"og:description\" content=\"Med skjermingstape EMF kan du tette alle hull i skjermingsmaterialer. Opplev styrken av HNX50 for optimal beskyttelse n\u00e5!\" \/>\n<meta property=\"og:url\" content=\"https:\/\/emf-consult.com\/nettbutikk\/produkt\/yshield-hnx50-skjermingstape-50mm\/\" \/>\n<meta property=\"og:site_name\" content=\"EMF Consult\" \/>\n<meta property=\"article:publisher\" content=\"https:\/\/www.facebook.com\/emfconsult\" \/>\n<meta property=\"article:modified_time\" content=\"2026-03-19T12:30:12+00:00\" \/>\n<meta property=\"og:image\" content=\"https:\/\/emf-consult.com\/nettbutikk\/wp-content\/uploads\/2026\/03\/YSHIELD-HNX50-1X_1.jpg\" \/>\n\t<meta property=\"og:image:width\" content=\"2000\" \/>\n\t<meta property=\"og:image:height\" content=\"2000\" \/>\n\t<meta property=\"og:image:type\" content=\"image\/jpeg\" \/>\n<meta name=\"twitter:card\" content=\"summary_large_image\" \/>\n<meta name=\"twitter:label1\" content=\"Ansl. lesetid\" \/>\n\t<meta name=\"twitter:data1\" content=\"2 minutter\" \/>\n<script type=\"application\/ld+json\" class=\"yoast-schema-graph\">{\"@context\":\"https:\\\/\\\/schema.org\",\"@graph\":[{\"@type\":\"WebPage\",\"@id\":\"https:\\\/\\\/emf-consult.com\\\/nettbutikk\\\/produkt\\\/yshield-hnx50-skjermingstape-50mm\\\/\",\"url\":\"https:\\\/\\\/emf-consult.com\\\/nettbutikk\\\/produkt\\\/yshield-hnx50-skjermingstape-50mm\\\/\",\"name\":\"skjermingstape EMF for Effektiv Str\u00e5leskjerming\",\"isPartOf\":{\"@id\":\"https:\\\/\\\/emf-consult.com\\\/nettbutikk\\\/#website\"},\"primaryImageOfPage\":{\"@id\":\"https:\\\/\\\/emf-consult.com\\\/nettbutikk\\\/produkt\\\/yshield-hnx50-skjermingstape-50mm\\\/#primaryimage\"},\"image\":{\"@id\":\"https:\\\/\\\/emf-consult.com\\\/nettbutikk\\\/produkt\\\/yshield-hnx50-skjermingstape-50mm\\\/#primaryimage\"},\"thumbnailUrl\":\"https:\\\/\\\/emf-consult.com\\\/nettbutikk\\\/wp-content\\\/uploads\\\/2026\\\/03\\\/YSHIELD-HNX50-1X_1.jpg\",\"datePublished\":\"2026-03-19T12:12:47+00:00\",\"dateModified\":\"2026-03-19T12:30:12+00:00\",\"description\":\"Med skjermingstape EMF kan du tette alle hull i skjermingsmaterialer. Opplev styrken av HNX50 for optimal beskyttelse n\u00e5!\",\"breadcrumb\":{\"@id\":\"https:\\\/\\\/emf-consult.com\\\/nettbutikk\\\/produkt\\\/yshield-hnx50-skjermingstape-50mm\\\/#breadcrumb\"},\"inLanguage\":\"nb-NO\",\"potentialAction\":[{\"@type\":\"ReadAction\",\"target\":[\"https:\\\/\\\/emf-consult.com\\\/nettbutikk\\\/produkt\\\/yshield-hnx50-skjermingstape-50mm\\\/\"]}]},{\"@type\":\"ImageObject\",\"inLanguage\":\"nb-NO\",\"@id\":\"https:\\\/\\\/emf-consult.com\\\/nettbutikk\\\/produkt\\\/yshield-hnx50-skjermingstape-50mm\\\/#primaryimage\",\"url\":\"https:\\\/\\\/emf-consult.com\\\/nettbutikk\\\/wp-content\\\/uploads\\\/2026\\\/03\\\/YSHIELD-HNX50-1X_1.jpg\",\"contentUrl\":\"https:\\\/\\\/emf-consult.com\\\/nettbutikk\\\/wp-content\\\/uploads\\\/2026\\\/03\\\/YSHIELD-HNX50-1X_1.jpg\",\"width\":2000,\"height\":2000,\"caption\":\"Skjermingstape EMF\"},{\"@type\":\"BreadcrumbList\",\"@id\":\"https:\\\/\\\/emf-consult.com\\\/nettbutikk\\\/produkt\\\/yshield-hnx50-skjermingstape-50mm\\\/#breadcrumb\",\"itemListElement\":[{\"@type\":\"ListItem\",\"position\":1,\"name\":\"Hjem\",\"item\":\"https:\\\/\\\/emf-consult.com\\\/nettbutikk\\\/\"},{\"@type\":\"ListItem\",\"position\":2,\"name\":\"Butikk\",\"item\":\"https:\\\/\\\/emf-consult.com\\\/nettbutikk\\\/butikk\\\/\"},{\"@type\":\"ListItem\",\"position\":3,\"name\":\"Jordingstape HNX50\"}]},{\"@type\":\"WebSite\",\"@id\":\"https:\\\/\\\/emf-consult.com\\\/nettbutikk\\\/#website\",\"url\":\"https:\\\/\\\/emf-consult.com\\\/nettbutikk\\\/\",\"name\":\"EMF Consult\",\"description\":\"Nettbutikk - Beskyttelse mot str\u00e5ling\",\"publisher\":{\"@id\":\"https:\\\/\\\/emf-consult.com\\\/nettbutikk\\\/#organization\"},\"potentialAction\":[{\"@type\":\"SearchAction\",\"target\":{\"@type\":\"EntryPoint\",\"urlTemplate\":\"https:\\\/\\\/emf-consult.com\\\/nettbutikk\\\/?s={search_term_string}\"},\"query-input\":{\"@type\":\"PropertyValueSpecification\",\"valueRequired\":true,\"valueName\":\"search_term_string\"}}],\"inLanguage\":\"nb-NO\"},{\"@type\":\"Organization\",\"@id\":\"https:\\\/\\\/emf-consult.com\\\/nettbutikk\\\/#organization\",\"name\":\"EMF Consult AS\",\"url\":\"https:\\\/\\\/emf-consult.com\\\/nettbutikk\\\/\",\"logo\":{\"@type\":\"ImageObject\",\"inLanguage\":\"nb-NO\",\"@id\":\"https:\\\/\\\/emf-consult.com\\\/nettbutikk\\\/#\\\/schema\\\/logo\\\/image\\\/\",\"url\":\"https:\\\/\\\/emf-consult.com\\\/nettbutikk\\\/wp-content\\\/uploads\\\/2022\\\/07\\\/cropped-Favikon-rod-e1658786300694.png\",\"contentUrl\":\"https:\\\/\\\/emf-consult.com\\\/nettbutikk\\\/wp-content\\\/uploads\\\/2022\\\/07\\\/cropped-Favikon-rod-e1658786300694.png\",\"width\":150,\"height\":150,\"caption\":\"EMF Consult AS\"},\"image\":{\"@id\":\"https:\\\/\\\/emf-consult.com\\\/nettbutikk\\\/#\\\/schema\\\/logo\\\/image\\\/\"},\"sameAs\":[\"https:\\\/\\\/www.facebook.com\\\/emfconsult\",\"https:\\\/\\\/www.linkedin.com\\\/company\\\/emf-consult\\\/\"]}]}<\/script>\n<!-- \/ Yoast SEO plugin. -->","yoast_head_json":{"title":"skjermingstape EMF for Effektiv Str\u00e5leskjerming","description":"Med skjermingstape EMF kan du tette alle hull i skjermingsmaterialer. Opplev styrken av HNX50 for optimal beskyttelse n\u00e5!","robots":{"index":"index","follow":"follow","max-snippet":"max-snippet:-1","max-image-preview":"max-image-preview:large","max-video-preview":"max-video-preview:-1"},"canonical":"https:\/\/emf-consult.com\/nettbutikk\/produkt\/yshield-hnx50-skjermingstape-50mm\/","og_locale":"nb_NO","og_type":"article","og_title":"skjermingstape EMF for Effektiv Str\u00e5leskjerming","og_description":"Med skjermingstape EMF kan du tette alle hull i skjermingsmaterialer. Opplev styrken av HNX50 for optimal beskyttelse n\u00e5!","og_url":"https:\/\/emf-consult.com\/nettbutikk\/produkt\/yshield-hnx50-skjermingstape-50mm\/","og_site_name":"EMF Consult","article_publisher":"https:\/\/www.facebook.com\/emfconsult","article_modified_time":"2026-03-19T12:30:12+00:00","og_image":[{"width":2000,"height":2000,"url":"https:\/\/emf-consult.com\/nettbutikk\/wp-content\/uploads\/2026\/03\/YSHIELD-HNX50-1X_1.jpg","type":"image\/jpeg"}],"twitter_card":"summary_large_image","twitter_misc":{"Ansl. lesetid":"2 minutter"},"schema":{"@context":"https:\/\/schema.org","@graph":[{"@type":"WebPage","@id":"https:\/\/emf-consult.com\/nettbutikk\/produkt\/yshield-hnx50-skjermingstape-50mm\/","url":"https:\/\/emf-consult.com\/nettbutikk\/produkt\/yshield-hnx50-skjermingstape-50mm\/","name":"skjermingstape EMF for Effektiv Str\u00e5leskjerming","isPartOf":{"@id":"https:\/\/emf-consult.com\/nettbutikk\/#website"},"primaryImageOfPage":{"@id":"https:\/\/emf-consult.com\/nettbutikk\/produkt\/yshield-hnx50-skjermingstape-50mm\/#primaryimage"},"image":{"@id":"https:\/\/emf-consult.com\/nettbutikk\/produkt\/yshield-hnx50-skjermingstape-50mm\/#primaryimage"},"thumbnailUrl":"https:\/\/emf-consult.com\/nettbutikk\/wp-content\/uploads\/2026\/03\/YSHIELD-HNX50-1X_1.jpg","datePublished":"2026-03-19T12:12:47+00:00","dateModified":"2026-03-19T12:30:12+00:00","description":"Med skjermingstape EMF kan du tette alle hull i skjermingsmaterialer. Opplev styrken av HNX50 for optimal beskyttelse n\u00e5!","breadcrumb":{"@id":"https:\/\/emf-consult.com\/nettbutikk\/produkt\/yshield-hnx50-skjermingstape-50mm\/#breadcrumb"},"inLanguage":"nb-NO","potentialAction":[{"@type":"ReadAction","target":["https:\/\/emf-consult.com\/nettbutikk\/produkt\/yshield-hnx50-skjermingstape-50mm\/"]}]},{"@type":"ImageObject","inLanguage":"nb-NO","@id":"https:\/\/emf-consult.com\/nettbutikk\/produkt\/yshield-hnx50-skjermingstape-50mm\/#primaryimage","url":"https:\/\/emf-consult.com\/nettbutikk\/wp-content\/uploads\/2026\/03\/YSHIELD-HNX50-1X_1.jpg","contentUrl":"https:\/\/emf-consult.com\/nettbutikk\/wp-content\/uploads\/2026\/03\/YSHIELD-HNX50-1X_1.jpg","width":2000,"height":2000,"caption":"Skjermingstape EMF"},{"@type":"BreadcrumbList","@id":"https:\/\/emf-consult.com\/nettbutikk\/produkt\/yshield-hnx50-skjermingstape-50mm\/#breadcrumb","itemListElement":[{"@type":"ListItem","position":1,"name":"Hjem","item":"https:\/\/emf-consult.com\/nettbutikk\/"},{"@type":"ListItem","position":2,"name":"Butikk","item":"https:\/\/emf-consult.com\/nettbutikk\/butikk\/"},{"@type":"ListItem","position":3,"name":"Jordingstape HNX50"}]},{"@type":"WebSite","@id":"https:\/\/emf-consult.com\/nettbutikk\/#website","url":"https:\/\/emf-consult.com\/nettbutikk\/","name":"EMF Consult","description":"Nettbutikk - Beskyttelse mot str\u00e5ling","publisher":{"@id":"https:\/\/emf-consult.com\/nettbutikk\/#organization"},"potentialAction":[{"@type":"SearchAction","target":{"@type":"EntryPoint","urlTemplate":"https:\/\/emf-consult.com\/nettbutikk\/?s={search_term_string}"},"query-input":{"@type":"PropertyValueSpecification","valueRequired":true,"valueName":"search_term_string"}}],"inLanguage":"nb-NO"},{"@type":"Organization","@id":"https:\/\/emf-consult.com\/nettbutikk\/#organization","name":"EMF Consult AS","url":"https:\/\/emf-consult.com\/nettbutikk\/","logo":{"@type":"ImageObject","inLanguage":"nb-NO","@id":"https:\/\/emf-consult.com\/nettbutikk\/#\/schema\/logo\/image\/","url":"https:\/\/emf-consult.com\/nettbutikk\/wp-content\/uploads\/2022\/07\/cropped-Favikon-rod-e1658786300694.png","contentUrl":"https:\/\/emf-consult.com\/nettbutikk\/wp-content\/uploads\/2022\/07\/cropped-Favikon-rod-e1658786300694.png","width":150,"height":150,"caption":"EMF Consult AS"},"image":{"@id":"https:\/\/emf-consult.com\/nettbutikk\/#\/schema\/logo\/image\/"},"sameAs":["https:\/\/www.facebook.com\/emfconsult","https:\/\/www.linkedin.com\/company\/emf-consult\/"]}]}},"_links":{"self":[{"href":"https:\/\/emf-consult.com\/nettbutikk\/wp-json\/wp\/v2\/product\/19333","targetHints":{"allow":["GET"]}}],"collection":[{"href":"https:\/\/emf-consult.com\/nettbutikk\/wp-json\/wp\/v2\/product"}],"about":[{"href":"https:\/\/emf-consult.com\/nettbutikk\/wp-json\/wp\/v2\/types\/product"}],"replies":[{"embeddable":true,"href":"https:\/\/emf-consult.com\/nettbutikk\/wp-json\/wp\/v2\/comments?post=19333"}],"wp:featuredmedia":[{"embeddable":true,"href":"https:\/\/emf-consult.com\/nettbutikk\/wp-json\/wp\/v2\/media\/19334"}],"wp:attachment":[{"href":"https:\/\/emf-consult.com\/nettbutikk\/wp-json\/wp\/v2\/media?parent=19333"}],"wp:term":[{"taxonomy":"product_brand","embeddable":true,"href":"https:\/\/emf-consult.com\/nettbutikk\/wp-json\/wp\/v2\/product_brand?post=19333"},{"taxonomy":"product_cat","embeddable":true,"href":"https:\/\/emf-consult.com\/nettbutikk\/wp-json\/wp\/v2\/product_cat?post=19333"},{"taxonomy":"product_tag","embeddable":true,"href":"https:\/\/emf-consult.com\/nettbutikk\/wp-json\/wp\/v2\/product_tag?post=19333"}],"curies":[{"name":"wp","href":"https:\/\/api.w.org\/{rel}","templated":true}]}}