{"id":1918,"date":"2017-10-08T10:43:36","date_gmt":"2017-10-08T08:43:36","guid":{"rendered":"https:\/\/emfconsult.nyside.net\/nettbutikk\/produkt\/skjermings-netting\/"},"modified":"2026-03-30T10:15:38","modified_gmt":"2026-03-30T08:15:38","slug":"skjermings-netting","status":"publish","type":"product","link":"https:\/\/emf-consult.com\/nettbutikk\/produkt\/skjermings-netting\/","title":{"rendered":"Skjermings netting &#8211; V4A03"},"content":{"rendered":"<p><span lang=\"NO-BOK\">V4A03 er en ekstremt finvevd, rustfri st\u00e5lnetting til beskyttelse mot h\u00f8yfrekvent str\u00e5ling (HF) og lavfrekvente elektriske felt (LF).<\/span><\/p>\n<p><span lang=\"NO-BOK\">P\u00e5 grunn av de fine maske\u00e5pningene er denne meget godt egnet som fluenetting. De fine maske\u00e5pningene gj\u00f8r at nettingen egner seg godt for skjerming av h\u00f8yfrekvens str\u00e5ling. Typiske anvendelsesomr\u00e5der er bruk i gulv, tak, vegg innredning, vegg utvendig tak og vegger, under plater eller panel.<\/span><\/p>\n<p><span lang=\"NO-BOK\">Jording: Elektrisk ledende. Kan jordes for \u00e5 skjerme elektriske felt (LF). <\/span><\/p>\n<p><span lang=\"NO-BOK\">V4A03 er motstandsdyktig mot vann, vanndamp, luftfuktighet, milde syrer og i kystomr\u00e5der mot saltvann!<\/span><\/p>\n<p><span lang=\"NO-BOK\">MERK: Bestilles i l\u00f8pemeter. Dette produktet blir kuttet i henhold til dine spesifikasjoner, det er ikke mulig \u00e5 returnere eller kansellere ordre. <\/span><\/p>\n<p>&nbsp;<\/p>\n<p><strong><span lang=\"NO-BOK\">Brukertips<\/span><\/strong><\/p>\n<p><span lang=\"NO-BOK\">Under gulvbelegg (laminat, parkett, PVC-belegg etc.) festes V4A03 med limet som brukes til gulvbelegg. For vegger og takomr\u00e5der kan nettingelementene stiftes p\u00e5 reisverket. <\/span><\/p>\n<p><span lang=\"NO-BOK\">Husk \u00e5 overlappe nettingen minst 5 cm. <\/span><\/p>\n<p><span lang=\"NO-BOK\"><strong>For jording<\/strong>, bruk perforert <a href=\"https:\/\/emf-consult.com\/nettbutikk\/produkt\/galvanisert-stalband-elb-10-meter\/\">galvanisert st\u00e5lb\u00e5nd ELB <\/a>ved \u00e5 skru det rett over elementene i overlappen. <\/span><\/p>\n<p>&nbsp;<\/p>\n","protected":false},"excerpt":{"rendered":"<p><span title=\"Technical data \"><strong>Tekniske data<\/strong><br \/>\n<\/span><\/p>\n<p><span lang=\"NO-BOK\">\u2022 Bredde: 90 cm<\/span> og 150cm<br \/>\n<span lang=\"NO-BOK\">\u2022 Lengde: 25 m rull \/ eller etter m\u00e5l<\/span><br \/>\n<span lang=\"NO-BOK\">\u2022 Demping: 55 dB (to lag 75 dB)<\/span><br \/>\n<span lang=\"NO-BOK\">\u2022 Maske bredde: 0,3 mm<\/span><br \/>\n<span lang=\"NO-BOK\">\u2022 Tr\u00e5ddiameter: 0,08 mm<\/span><br \/>\n<span lang=\"NO-BOK\">\u2022 Materialtykkelse: 0,16 mm<\/span><br \/>\n<span lang=\"NO-BOK\">\u2022 \u00c5pent omr\u00e5de: 54%<\/span><br \/>\n<span lang=\"NO-BOK\">\u2022 Vekt: 200 g \/ m\u00b2.<\/span><br \/>\n<span lang=\"NO-BOK\">\u2022 Farge: S\u00f8lv.<\/span><br \/>\n<span lang=\"NO-BOK\">\u2022 Brannsikkert materiale, A1 i henhold til DIN 4102: 1994.<\/span><br \/>\n<span lang=\"NO-BOK\">\u2022 Overflate ledningsevne: 0,03 ohm <\/span><\/p>\n<p>&nbsp;<\/p>\n","protected":false},"featured_media":1919,"comment_status":"open","ping_status":"closed","template":"","meta":[],"product_brand":[],"product_cat":[49],"product_tag":[],"class_list":{"0":"post-1918","1":"product","2":"type-product","3":"status-publish","4":"has-post-thumbnail","6":"product_cat-folier-netting-fleece","8":"first","9":"instock","10":"taxable","11":"shipping-taxable","12":"purchasable","13":"product-type-variable"},"yoast_head":"<!-- This site is optimized with the Yoast SEO plugin v27.3 - https:\/\/yoast.com\/product\/yoast-seo-wordpress\/ -->\n<title>Skjermings netting - V4A03 - EMF Consult<\/title>\n<meta name=\"robots\" content=\"index, follow, max-snippet:-1, max-image-preview:large, max-video-preview:-1\" \/>\n<link rel=\"canonical\" href=\"https:\/\/emf-consult.com\/nettbutikk\/produkt\/skjermings-netting\/\" \/>\n<meta property=\"og:locale\" content=\"nb_NO\" \/>\n<meta property=\"og:type\" content=\"article\" \/>\n<meta property=\"og:title\" content=\"Skjermings netting - V4A03 - EMF Consult\" \/>\n<meta property=\"og:description\" content=\"Tekniske data   \u2022 Bredde: 90 cm og 150cm \u2022 Lengde: 25 m rull \/ eller etter m\u00e5l \u2022 Demping: 55 dB (to lag 75 dB) \u2022 Maske bredde: 0,3 mm \u2022 Tr\u00e5ddiameter: 0,08 mm \u2022 Materialtykkelse: 0,16 mm \u2022 \u00c5pent omr\u00e5de: 54% \u2022 Vekt: 200 g \/ m\u00b2. \u2022 Farge: S\u00f8lv. \u2022 Brannsikkert materiale, A1 i henhold til DIN 4102: 1994. \u2022 Overflate ledningsevne: 0,03 ohm   &nbsp;\" \/>\n<meta property=\"og:url\" content=\"https:\/\/emf-consult.com\/nettbutikk\/produkt\/skjermings-netting\/\" \/>\n<meta property=\"og:site_name\" content=\"EMF Consult\" \/>\n<meta property=\"article:publisher\" content=\"https:\/\/www.facebook.com\/emfconsult\" \/>\n<meta property=\"article:modified_time\" content=\"2026-03-30T08:15:38+00:00\" \/>\n<meta property=\"og:image\" content=\"https:\/\/emf-consult.com\/nettbutikk\/wp-content\/uploads\/2019\/11\/YSHIELD-A-V4A03.jpg\" \/>\n\t<meta property=\"og:image:width\" content=\"1890\" \/>\n\t<meta property=\"og:image:height\" content=\"1890\" \/>\n\t<meta property=\"og:image:type\" content=\"image\/jpeg\" \/>\n<meta name=\"twitter:card\" content=\"summary_large_image\" \/>\n<meta name=\"twitter:label1\" content=\"Ansl. lesetid\" \/>\n\t<meta name=\"twitter:data1\" content=\"2 minutter\" \/>\n<script type=\"application\/ld+json\" class=\"yoast-schema-graph\">{\"@context\":\"https:\\\/\\\/schema.org\",\"@graph\":[{\"@type\":\"WebPage\",\"@id\":\"https:\\\/\\\/emf-consult.com\\\/nettbutikk\\\/produkt\\\/skjermings-netting\\\/\",\"url\":\"https:\\\/\\\/emf-consult.com\\\/nettbutikk\\\/produkt\\\/skjermings-netting\\\/\",\"name\":\"Skjermings netting - V4A03 - EMF Consult\",\"isPartOf\":{\"@id\":\"https:\\\/\\\/emf-consult.com\\\/nettbutikk\\\/#website\"},\"primaryImageOfPage\":{\"@id\":\"https:\\\/\\\/emf-consult.com\\\/nettbutikk\\\/produkt\\\/skjermings-netting\\\/#primaryimage\"},\"image\":{\"@id\":\"https:\\\/\\\/emf-consult.com\\\/nettbutikk\\\/produkt\\\/skjermings-netting\\\/#primaryimage\"},\"thumbnailUrl\":\"https:\\\/\\\/emf-consult.com\\\/nettbutikk\\\/wp-content\\\/uploads\\\/2019\\\/11\\\/YSHIELD-A-V4A03.jpg\",\"datePublished\":\"2017-10-08T08:43:36+00:00\",\"dateModified\":\"2026-03-30T08:15:38+00:00\",\"breadcrumb\":{\"@id\":\"https:\\\/\\\/emf-consult.com\\\/nettbutikk\\\/produkt\\\/skjermings-netting\\\/#breadcrumb\"},\"inLanguage\":\"nb-NO\",\"potentialAction\":[{\"@type\":\"ReadAction\",\"target\":[\"https:\\\/\\\/emf-consult.com\\\/nettbutikk\\\/produkt\\\/skjermings-netting\\\/\"]}]},{\"@type\":\"ImageObject\",\"inLanguage\":\"nb-NO\",\"@id\":\"https:\\\/\\\/emf-consult.com\\\/nettbutikk\\\/produkt\\\/skjermings-netting\\\/#primaryimage\",\"url\":\"https:\\\/\\\/emf-consult.com\\\/nettbutikk\\\/wp-content\\\/uploads\\\/2019\\\/11\\\/YSHIELD-A-V4A03.jpg\",\"contentUrl\":\"https:\\\/\\\/emf-consult.com\\\/nettbutikk\\\/wp-content\\\/uploads\\\/2019\\\/11\\\/YSHIELD-A-V4A03.jpg\",\"width\":1890,\"height\":1890,\"caption\":\"Skjermings netting - V4A03\"},{\"@type\":\"BreadcrumbList\",\"@id\":\"https:\\\/\\\/emf-consult.com\\\/nettbutikk\\\/produkt\\\/skjermings-netting\\\/#breadcrumb\",\"itemListElement\":[{\"@type\":\"ListItem\",\"position\":1,\"name\":\"Hjem\",\"item\":\"https:\\\/\\\/emf-consult.com\\\/nettbutikk\\\/\"},{\"@type\":\"ListItem\",\"position\":2,\"name\":\"Butikk\",\"item\":\"https:\\\/\\\/emf-consult.com\\\/nettbutikk\\\/butikk\\\/\"},{\"@type\":\"ListItem\",\"position\":3,\"name\":\"Skjermings netting &#8211; V4A03\"}]},{\"@type\":\"WebSite\",\"@id\":\"https:\\\/\\\/emf-consult.com\\\/nettbutikk\\\/#website\",\"url\":\"https:\\\/\\\/emf-consult.com\\\/nettbutikk\\\/\",\"name\":\"EMF Consult\",\"description\":\"Nettbutikk - Beskyttelse mot str\u00e5ling\",\"publisher\":{\"@id\":\"https:\\\/\\\/emf-consult.com\\\/nettbutikk\\\/#organization\"},\"potentialAction\":[{\"@type\":\"SearchAction\",\"target\":{\"@type\":\"EntryPoint\",\"urlTemplate\":\"https:\\\/\\\/emf-consult.com\\\/nettbutikk\\\/?s={search_term_string}\"},\"query-input\":{\"@type\":\"PropertyValueSpecification\",\"valueRequired\":true,\"valueName\":\"search_term_string\"}}],\"inLanguage\":\"nb-NO\"},{\"@type\":\"Organization\",\"@id\":\"https:\\\/\\\/emf-consult.com\\\/nettbutikk\\\/#organization\",\"name\":\"EMF Consult AS\",\"url\":\"https:\\\/\\\/emf-consult.com\\\/nettbutikk\\\/\",\"logo\":{\"@type\":\"ImageObject\",\"inLanguage\":\"nb-NO\",\"@id\":\"https:\\\/\\\/emf-consult.com\\\/nettbutikk\\\/#\\\/schema\\\/logo\\\/image\\\/\",\"url\":\"https:\\\/\\\/emf-consult.com\\\/nettbutikk\\\/wp-content\\\/uploads\\\/2022\\\/07\\\/cropped-Favikon-rod-e1658786300694.png\",\"contentUrl\":\"https:\\\/\\\/emf-consult.com\\\/nettbutikk\\\/wp-content\\\/uploads\\\/2022\\\/07\\\/cropped-Favikon-rod-e1658786300694.png\",\"width\":150,\"height\":150,\"caption\":\"EMF Consult AS\"},\"image\":{\"@id\":\"https:\\\/\\\/emf-consult.com\\\/nettbutikk\\\/#\\\/schema\\\/logo\\\/image\\\/\"},\"sameAs\":[\"https:\\\/\\\/www.facebook.com\\\/emfconsult\",\"https:\\\/\\\/www.linkedin.com\\\/company\\\/emf-consult\\\/\"]}]}<\/script>\n<!-- \/ Yoast SEO plugin. -->","yoast_head_json":{"title":"Skjermings netting - V4A03 - EMF Consult","robots":{"index":"index","follow":"follow","max-snippet":"max-snippet:-1","max-image-preview":"max-image-preview:large","max-video-preview":"max-video-preview:-1"},"canonical":"https:\/\/emf-consult.com\/nettbutikk\/produkt\/skjermings-netting\/","og_locale":"nb_NO","og_type":"article","og_title":"Skjermings netting - V4A03 - EMF Consult","og_description":"Tekniske data   \u2022 Bredde: 90 cm og 150cm \u2022 Lengde: 25 m rull \/ eller etter m\u00e5l \u2022 Demping: 55 dB (to lag 75 dB) \u2022 Maske bredde: 0,3 mm \u2022 Tr\u00e5ddiameter: 0,08 mm \u2022 Materialtykkelse: 0,16 mm \u2022 \u00c5pent omr\u00e5de: 54% \u2022 Vekt: 200 g \/ m\u00b2. \u2022 Farge: S\u00f8lv. \u2022 Brannsikkert materiale, A1 i henhold til DIN 4102: 1994. \u2022 Overflate ledningsevne: 0,03 ohm   &nbsp;","og_url":"https:\/\/emf-consult.com\/nettbutikk\/produkt\/skjermings-netting\/","og_site_name":"EMF Consult","article_publisher":"https:\/\/www.facebook.com\/emfconsult","article_modified_time":"2026-03-30T08:15:38+00:00","og_image":[{"width":1890,"height":1890,"url":"https:\/\/emf-consult.com\/nettbutikk\/wp-content\/uploads\/2019\/11\/YSHIELD-A-V4A03.jpg","type":"image\/jpeg"}],"twitter_card":"summary_large_image","twitter_misc":{"Ansl. lesetid":"2 minutter"},"schema":{"@context":"https:\/\/schema.org","@graph":[{"@type":"WebPage","@id":"https:\/\/emf-consult.com\/nettbutikk\/produkt\/skjermings-netting\/","url":"https:\/\/emf-consult.com\/nettbutikk\/produkt\/skjermings-netting\/","name":"Skjermings netting - V4A03 - EMF Consult","isPartOf":{"@id":"https:\/\/emf-consult.com\/nettbutikk\/#website"},"primaryImageOfPage":{"@id":"https:\/\/emf-consult.com\/nettbutikk\/produkt\/skjermings-netting\/#primaryimage"},"image":{"@id":"https:\/\/emf-consult.com\/nettbutikk\/produkt\/skjermings-netting\/#primaryimage"},"thumbnailUrl":"https:\/\/emf-consult.com\/nettbutikk\/wp-content\/uploads\/2019\/11\/YSHIELD-A-V4A03.jpg","datePublished":"2017-10-08T08:43:36+00:00","dateModified":"2026-03-30T08:15:38+00:00","breadcrumb":{"@id":"https:\/\/emf-consult.com\/nettbutikk\/produkt\/skjermings-netting\/#breadcrumb"},"inLanguage":"nb-NO","potentialAction":[{"@type":"ReadAction","target":["https:\/\/emf-consult.com\/nettbutikk\/produkt\/skjermings-netting\/"]}]},{"@type":"ImageObject","inLanguage":"nb-NO","@id":"https:\/\/emf-consult.com\/nettbutikk\/produkt\/skjermings-netting\/#primaryimage","url":"https:\/\/emf-consult.com\/nettbutikk\/wp-content\/uploads\/2019\/11\/YSHIELD-A-V4A03.jpg","contentUrl":"https:\/\/emf-consult.com\/nettbutikk\/wp-content\/uploads\/2019\/11\/YSHIELD-A-V4A03.jpg","width":1890,"height":1890,"caption":"Skjermings netting - V4A03"},{"@type":"BreadcrumbList","@id":"https:\/\/emf-consult.com\/nettbutikk\/produkt\/skjermings-netting\/#breadcrumb","itemListElement":[{"@type":"ListItem","position":1,"name":"Hjem","item":"https:\/\/emf-consult.com\/nettbutikk\/"},{"@type":"ListItem","position":2,"name":"Butikk","item":"https:\/\/emf-consult.com\/nettbutikk\/butikk\/"},{"@type":"ListItem","position":3,"name":"Skjermings netting &#8211; V4A03"}]},{"@type":"WebSite","@id":"https:\/\/emf-consult.com\/nettbutikk\/#website","url":"https:\/\/emf-consult.com\/nettbutikk\/","name":"EMF Consult","description":"Nettbutikk - Beskyttelse mot str\u00e5ling","publisher":{"@id":"https:\/\/emf-consult.com\/nettbutikk\/#organization"},"potentialAction":[{"@type":"SearchAction","target":{"@type":"EntryPoint","urlTemplate":"https:\/\/emf-consult.com\/nettbutikk\/?s={search_term_string}"},"query-input":{"@type":"PropertyValueSpecification","valueRequired":true,"valueName":"search_term_string"}}],"inLanguage":"nb-NO"},{"@type":"Organization","@id":"https:\/\/emf-consult.com\/nettbutikk\/#organization","name":"EMF Consult AS","url":"https:\/\/emf-consult.com\/nettbutikk\/","logo":{"@type":"ImageObject","inLanguage":"nb-NO","@id":"https:\/\/emf-consult.com\/nettbutikk\/#\/schema\/logo\/image\/","url":"https:\/\/emf-consult.com\/nettbutikk\/wp-content\/uploads\/2022\/07\/cropped-Favikon-rod-e1658786300694.png","contentUrl":"https:\/\/emf-consult.com\/nettbutikk\/wp-content\/uploads\/2022\/07\/cropped-Favikon-rod-e1658786300694.png","width":150,"height":150,"caption":"EMF Consult AS"},"image":{"@id":"https:\/\/emf-consult.com\/nettbutikk\/#\/schema\/logo\/image\/"},"sameAs":["https:\/\/www.facebook.com\/emfconsult","https:\/\/www.linkedin.com\/company\/emf-consult\/"]}]}},"_links":{"self":[{"href":"https:\/\/emf-consult.com\/nettbutikk\/wp-json\/wp\/v2\/product\/1918","targetHints":{"allow":["GET"]}}],"collection":[{"href":"https:\/\/emf-consult.com\/nettbutikk\/wp-json\/wp\/v2\/product"}],"about":[{"href":"https:\/\/emf-consult.com\/nettbutikk\/wp-json\/wp\/v2\/types\/product"}],"replies":[{"embeddable":true,"href":"https:\/\/emf-consult.com\/nettbutikk\/wp-json\/wp\/v2\/comments?post=1918"}],"wp:featuredmedia":[{"embeddable":true,"href":"https:\/\/emf-consult.com\/nettbutikk\/wp-json\/wp\/v2\/media\/1919"}],"wp:attachment":[{"href":"https:\/\/emf-consult.com\/nettbutikk\/wp-json\/wp\/v2\/media?parent=1918"}],"wp:term":[{"taxonomy":"product_brand","embeddable":true,"href":"https:\/\/emf-consult.com\/nettbutikk\/wp-json\/wp\/v2\/product_brand?post=1918"},{"taxonomy":"product_cat","embeddable":true,"href":"https:\/\/emf-consult.com\/nettbutikk\/wp-json\/wp\/v2\/product_cat?post=1918"},{"taxonomy":"product_tag","embeddable":true,"href":"https:\/\/emf-consult.com\/nettbutikk\/wp-json\/wp\/v2\/product_tag?post=1918"}],"curies":[{"name":"wp","href":"https:\/\/api.w.org\/{rel}","templated":true}]}}