{"id":18942,"date":"2026-01-27T08:47:20","date_gmt":"2026-01-27T07:47:20","guid":{"rendered":"https:\/\/emf-consult.com\/nettbutikk\/?post_type=product&#038;p=18942"},"modified":"2026-04-16T16:34:40","modified_gmt":"2026-04-16T14:34:40","slug":"safe-and-sound-classic-iii-rf-detektor","status":"publish","type":"product","link":"https:\/\/emf-consult.com\/nettbutikk\/produkt\/safe-and-sound-classic-iii-rf-detektor\/","title":{"rendered":"HF Safe and Sound Classic III"},"content":{"rendered":"<h2 data-start=\"307\" data-end=\"369\">Safe and Sound Classic III RF-detektor<\/h2>\n<p data-start=\"461\" data-end=\"748\"><strong data-start=\"461\" data-end=\"503\">Safe and Sound Classic III RF-detektor<\/strong> gir deg en enkel og presis m\u00e5te \u00e5 m\u00e5le radiofrekvent og mikrob\u00f8lgebasert str\u00e5ling (EMF) p\u00e5. Den er 5G-klar og tredjepartstestet, og passer derfor perfekt for deg som \u00f8nsker bedre oversikt over tr\u00e5dl\u00f8s str\u00e5ling i hjemmet eller p\u00e5 arbeidsplassen.<\/p>\n<p data-start=\"750\" data-end=\"1058\">M\u00e5leren er utviklet av RF-ingeni\u00f8rer hos Safe Living Technologies, og de har designet den for bruk uten teknisk erfaring. Du kan derfor ta den i bruk med \u00e9n gang. Samtidig gir de fargekodede LED-indikatorene deg en rask visuell oversikt, mens lydanalysen hjelper deg med \u00e5 identifisere ulike str\u00e5lingskilder.<\/p>\n<p data-start=\"1060\" data-end=\"1334\">Classic III m\u00e5ler RF-niv\u00e5er basert p\u00e5 gjeldende <a href=\"https:\/\/buildingbiology.com\" target=\"_blank\" rel=\"noopener\">byggbiologiske retningslinjer<\/a> for soveomr\u00e5der. Den benytter moderne m\u00e5leteknologi og registrerer sv\u00e6rt lave niv\u00e5er, helt ned under 1 \u00b5W\/m\u00b2. Derfor egner den seg ogs\u00e5 godt for elektrosensitive personer og helsebevisste brukere.<\/p>\n<p data-start=\"1336\" data-end=\"1585\">I tillegg kan m\u00e5leren registrere str\u00e5ling fra blant annet WiFi-rutere, mobilmaster, mobiltelefoner, Bluetooth-enheter og babycall. Du f\u00e5r dermed bedre kontroll over hvilke kilder som p\u00e5virker milj\u00f8et ditt, enten du er hjemme, p\u00e5 jobb eller p\u00e5 reise.<\/p>\n<h3 data-start=\"1317\" data-end=\"1361\">Forbedringer sammenlignet med Classic II<\/h3>\n<ul>\n<li data-start=\"1364\" data-end=\"1419\">Flere LED-lys: <strong data-start=\"1379\" data-end=\"1419\">8 niv\u00e5er fra &lt;1 til &gt;1.000.000 \u00b5W\/m\u00b2<\/strong><\/li>\n<li data-start=\"1422\" data-end=\"1457\">St\u00f8rre h\u00f8yttaler for tydeligere lyd<\/li>\n<li data-start=\"1460\" data-end=\"1477\">Lengre batteritid<\/li>\n<li data-start=\"1480\" data-end=\"1520\">Kan registrere kortere og raskere pulser<\/li>\n<li data-start=\"1523\" data-end=\"1585\">Tredjepartstestet med full frekvensrespons <strong data-start=\"1566\" data-end=\"1585\">200 MHz \u2013 8 GHz<\/strong><\/li>\n<\/ul>\n<h2 data-start=\"1592\" data-end=\"1622\">Hva kan m\u00e5leren registrere?<\/h2>\n<p data-start=\"1624\" data-end=\"1688\">Safe and Sound Classic III kan blant annet oppdage str\u00e5ling fra:<\/p>\n<ul>\n<li data-start=\"1692\" data-end=\"1712\">Smarte str\u00f8mm\u00e5lere<\/li>\n<li data-start=\"1715\" data-end=\"1752\">Tr\u00e5dl\u00f8se rutere (WiFi 2,4 og 5 GHz)<\/li>\n<li data-start=\"1755\" data-end=\"1788\">Mobilmaster (GSM, 3G, 4G og 5G)<\/li>\n<li data-start=\"1791\" data-end=\"1807\">Mobiltelefoner<\/li>\n<li data-start=\"1810\" data-end=\"1835\">Tr\u00e5dl\u00f8se DECT-telefoner<\/li>\n<li data-start=\"1838\" data-end=\"1857\">Bluetooth-enheter<\/li>\n<li data-start=\"1860\" data-end=\"1879\">Babycall\/babyvakt<\/li>\n<li data-start=\"1882\" data-end=\"1897\">Flyplassradar<\/li>\n<li data-start=\"1900\" data-end=\"1936\">Lekkasjestr\u00e5ling fra mikrob\u00f8lgeovn<\/li>\n<li data-start=\"1939\" data-end=\"1984\">Spillkonsoller og annen tr\u00e5dl\u00f8s elektronikk<\/li>\n<\/ul>\n<p>Bruk h\u00f8yttaleren og lydfunksjon for \u00e5 <a href=\"https:\/\/emf-consult.com\/maletips\/\" target=\"_blank\" rel=\"noopener\">skille mellom de forskjellige str\u00e5lingskildene<\/a><\/p>\n<p>Norsk brukermanual: <a href=\"https:\/\/emf-consult.com\/nettbutikk\/wp-content\/uploads\/2026\/01\/Bruksanvisning-Safe-and-Sound-Classic-III-rev01.pdf\">Bruksanvisning Safe and Sound Classic III rev01<\/a><\/p>\n<p>Engelsk brukermanual: <a href=\"https:\/\/emf-consult.com\/nettbutikk\/wp-content\/uploads\/2026\/01\/safeandsoundclassiciiimanualforweb.pdf\" target=\"_blank\" rel=\"noopener\">Safe and Sound Classic III &#8211; User manual<\/a><\/p>\n<p><iframe loading=\"lazy\" title=\"Safe and Sound Classic II - RF &amp; Microwave Detector\" width=\"500\" height=\"281\" src=\"https:\/\/www.youtube.com\/embed\/Y3jUEUxz4zM?feature=oembed\" frameborder=\"0\" allow=\"accelerometer; autoplay; clipboard-write; encrypted-media; gyroscope; picture-in-picture; web-share\" referrerpolicy=\"strict-origin-when-cross-origin\" allowfullscreen><\/iframe><\/p>\n<p><strong><em>Dette m\u00e5leapparatet er designet for \u00e5 f\u00e5 en rask RF-str\u00e5lingsevaluering av ditt bomilj\u00f8 og er kun til referansebruk. Offisielle RF-m\u00e5lingsprosedyrer er komplisert og b\u00f8r h\u00e5ndteres av en trenet teknisk person med laboratorieinstrumenter. Vennligst ikke bruk apparatet i medisinske, juridiske, kommersielle form\u00e5l eller andre relaterte applikasjoner (kun til personlig bruk).<\/em><\/strong><\/p>\n","protected":false},"excerpt":{"rendered":"<div class=\"TyagGW_tableContainer\">\n<div class=\"group TyagGW_tableWrapper flex flex-col-reverse w-fit\" tabindex=\"-1\">\n<table class=\"w-fit min-w-(--thread-content-width)\" data-start=\"2147\" data-end=\"2841\">\n<thead data-start=\"2147\" data-end=\"2175\">\n<tr data-start=\"2147\" data-end=\"2175\">\n<th data-start=\"2147\" data-end=\"2163\" data-col-size=\"sm\">Spesifikasjon<\/th>\n<th data-start=\"2163\" data-end=\"2175\" data-col-size=\"md\">Detaljer<\/th>\n<\/tr>\n<\/thead>\n<tbody data-start=\"2203\" data-end=\"2841\">\n<tr data-start=\"2203\" data-end=\"2238\">\n<td data-start=\"2203\" data-end=\"2217\" data-col-size=\"sm\">Produkttype<\/td>\n<td data-col-size=\"md\" data-start=\"2217\" data-end=\"2238\">RF \/ EMF-detektor<\/td>\n<\/tr>\n<tr data-start=\"2239\" data-end=\"2275\">\n<td data-start=\"2239\" data-end=\"2256\" data-col-size=\"sm\">Frekvensomr\u00e5de<\/td>\n<td data-col-size=\"md\" data-start=\"2256\" data-end=\"2275\">200 MHz \u2013 8 GHz<\/td>\n<\/tr>\n<tr data-start=\"2276\" data-end=\"2301\">\n<td data-start=\"2276\" data-end=\"2288\" data-col-size=\"sm\">F\u00f8lsomhet<\/td>\n<td data-col-size=\"md\" data-start=\"2288\" data-end=\"2301\">&lt; 1 \u00b5W\/m\u00b2<\/td>\n<\/tr>\n<tr data-start=\"2302\" data-end=\"2352\">\n<td data-start=\"2302\" data-end=\"2318\" data-col-size=\"sm\">M\u00e5leindikator<\/td>\n<td data-col-size=\"md\" data-start=\"2318\" data-end=\"2352\">Fargekodede LED-lys (8 niv\u00e5er)<\/td>\n<\/tr>\n<tr data-start=\"2353\" data-end=\"2414\">\n<td data-start=\"2353\" data-end=\"2367\" data-col-size=\"sm\">Lydfunksjon<\/td>\n<td data-col-size=\"md\" data-start=\"2367\" data-end=\"2414\">Lydsignaturanalyse (starter i lydl\u00f8s modus)<\/td>\n<\/tr>\n<tr data-start=\"2415\" data-end=\"2473\">\n<td data-start=\"2415\" data-end=\"2432\" data-col-size=\"sm\">Retningslinjer<\/td>\n<td data-col-size=\"md\" data-start=\"2432\" data-end=\"2473\">Basert p\u00e5 Building Biology-standarder<\/td>\n<\/tr>\n<tr data-start=\"2474\" data-end=\"2529\">\n<td data-start=\"2474\" data-end=\"2493\" data-col-size=\"sm\">Brukervennlighet<\/td>\n<td data-col-size=\"md\" data-start=\"2493\" data-end=\"2529\">Ingen teknisk erfaring n\u00f8dvendig<\/td>\n<\/tr>\n<tr data-start=\"2530\" data-end=\"2568\">\n<td data-start=\"2530\" data-end=\"2547\" data-col-size=\"sm\">Str\u00f8mforsyning<\/td>\n<td data-col-size=\"md\" data-start=\"2547\" data-end=\"2568\">3 \u00d7 AAA-batterier<\/td>\n<\/tr>\n<tr data-start=\"2569\" data-end=\"2601\">\n<td data-start=\"2569\" data-end=\"2582\" data-col-size=\"sm\">Batteritid<\/td>\n<td data-col-size=\"md\" data-start=\"2582\" data-end=\"2601\">Ca. 27\u201340 timer<\/td>\n<\/tr>\n<tr data-start=\"2602\" data-end=\"2635\">\n<td data-start=\"2602\" data-end=\"2616\" data-col-size=\"sm\">Dimensjoner<\/td>\n<td data-col-size=\"md\" data-start=\"2616\" data-end=\"2635\">65 \u00d7 90 \u00d7 21 mm<\/td>\n<\/tr>\n<tr data-start=\"2636\" data-end=\"2677\">\n<td data-start=\"2636\" data-end=\"2645\" data-col-size=\"sm\">Design<\/td>\n<td data-col-size=\"md\" data-start=\"2645\" data-end=\"2677\">H\u00e5ndholdt, kompakt og robust<\/td>\n<\/tr>\n<tr data-start=\"2678\" data-end=\"2710\">\n<td data-start=\"2678\" data-end=\"2692\" data-col-size=\"sm\">EMF-utslipp<\/td>\n<td data-col-size=\"md\" data-start=\"2692\" data-end=\"2710\">Lav-EMF-design<\/td>\n<\/tr>\n<tr data-start=\"2711\" data-end=\"2774\">\n<td data-start=\"2711\" data-end=\"2724\" data-col-size=\"sm\">Produksjon<\/td>\n<td data-col-size=\"md\" data-start=\"2724\" data-end=\"2774\">Konstruert i Canada, produsert i Canada og USA<\/td>\n<\/tr>\n<tr data-start=\"2775\" data-end=\"2822\">\n<td data-start=\"2775\" data-end=\"2785\" data-col-size=\"sm\">Testing<\/td>\n<td data-col-size=\"md\" data-start=\"2785\" data-end=\"2822\">Tredjepartstestet RF-laboratorium<\/td>\n<\/tr>\n<tr data-start=\"2823\" data-end=\"2841\">\n<td data-start=\"2823\" data-end=\"2833\" data-col-size=\"sm\">Garanti<\/td>\n<td data-col-size=\"md\" data-start=\"2833\" data-end=\"2841\">2 \u00e5r<\/td>\n<\/tr>\n<\/tbody>\n<\/table>\n<\/div>\n<\/div>\n<hr data-start=\"2843\" data-end=\"2846\" \/>\n<h2 data-start=\"2848\" data-end=\"2867\">Innhold i pakken<\/h2>\n<ul>\n<li data-start=\"2871\" data-end=\"2911\">Safe and Sound Classic III RF-detektor<\/li>\n<li data-start=\"2914\" data-end=\"2938\">B\u00e6reveske med glidel\u00e5s<\/li>\n<li data-start=\"2941\" data-end=\"2955\">Brukermanual<\/li>\n<li data-start=\"2958\" data-end=\"2987\">3 \u00d7 AAA alkaliske batterier<\/li>\n<li data-start=\"2990\" data-end=\"3005\">2 \u00e5rs garanti<\/li>\n<\/ul>\n<p>Signalstyrke vises klart og tydelig p\u00e5 en lyssterk OLED skjerm<\/p>\n<p>Signalstyrken indikeres ogs\u00e5 med 4 LED-dioder tilpasset, med indikasjon tilpasset Tysk byggbiologi-standard (SMB2015)<\/p>\n<p>Audio analyse: Akustisk signal som gj\u00f8r at en kan gjenkjenne signaltyper. Kan h\u00f8res via den innebygde h\u00f8ykvalitets h\u00f8yttaleren eller via 3,5mm utgang for \u00f8repropp\/hodetelefon.<\/p>\n<p>Skannehastighet: &lt;5 \u03bcs<\/p>\n<p>N\u00f8yaktighet: \u00b1 6dB<\/p>\n<p>Sensor: Peak-verdi p\u00e5 pulssignaler<\/p>\n<p>Str\u00f8mforsyning: 2 x AA batteri (inkludert), gjennomsnittlig brukstid 12-15 timer. Skjermen viser batteristatus. Alternativt til batteri kan en bruke en Mikro-USB lader for kontinuerlig str\u00f8mforsyning (f\u00f8lger ikke med)<\/p>\n<p>Dimensjon: \u00a0110 x 170 x 40 mm<\/p>\n<p>Vekt: 0,3 kg inkl batteri<\/p>\n<p>Apparatet leveres komplett med f\u00f8lgende utstyr:\u00a0M\u00e5leapparat, batteri, engelsk bruksanvisning\u00a0 og oppbevaringsetui<\/p>\n<p>&nbsp;<\/p>\n","protected":false},"featured_media":18945,"comment_status":"open","ping_status":"closed","template":"","meta":[],"product_brand":[],"product_cat":[20,53],"product_tag":[],"class_list":{"0":"post-18942","1":"product","2":"type-product","3":"status-publish","4":"has-post-thumbnail","6":"product_cat-maleinstrumenter-hf","7":"product_cat-nyheter","9":"first","10":"instock","11":"taxable","12":"shipping-taxable","13":"purchasable","14":"product-type-simple"},"yoast_head":"<!-- This site is optimized with the Yoast SEO plugin v27.4 - https:\/\/yoast.com\/product\/yoast-seo-wordpress\/ -->\n<title>HF Safe and Sound Classic III - EMF Consult<\/title>\n<meta name=\"description\" content=\"M\u00e5l RF- og EMF-str\u00e5ling enkelt med Safe and Sound Classic III. 5G-klar, tredjepartstestet og designet for elektrosensitive. Rask levering.\" \/>\n<meta name=\"robots\" content=\"index, follow, max-snippet:-1, max-image-preview:large, max-video-preview:-1\" \/>\n<link rel=\"canonical\" href=\"https:\/\/emf-consult.com\/nettbutikk\/produkt\/safe-and-sound-classic-iii-rf-detektor\/\" \/>\n<meta property=\"og:locale\" content=\"nb_NO\" \/>\n<meta property=\"og:type\" content=\"article\" \/>\n<meta property=\"og:title\" content=\"HF Safe and Sound Classic III - EMF Consult\" \/>\n<meta property=\"og:description\" content=\"M\u00e5l RF- og EMF-str\u00e5ling enkelt med Safe and Sound Classic III. 5G-klar, tredjepartstestet og designet for elektrosensitive. Rask levering.\" \/>\n<meta property=\"og:url\" content=\"https:\/\/emf-consult.com\/nettbutikk\/produkt\/safe-and-sound-classic-iii-rf-detektor\/\" \/>\n<meta property=\"og:site_name\" content=\"EMF Consult\" \/>\n<meta property=\"article:publisher\" content=\"https:\/\/www.facebook.com\/emfconsult\" \/>\n<meta property=\"article:modified_time\" content=\"2026-04-16T14:34:40+00:00\" \/>\n<meta property=\"og:image\" content=\"https:\/\/emf-consult.com\/nettbutikk\/wp-content\/uploads\/2026\/01\/safe-and-sound-classic-iii__45362.jpg\" \/>\n\t<meta property=\"og:image:width\" content=\"1080\" \/>\n\t<meta property=\"og:image:height\" content=\"1080\" \/>\n\t<meta property=\"og:image:type\" content=\"image\/jpeg\" \/>\n<meta name=\"twitter:card\" content=\"summary_large_image\" \/>\n<meta name=\"twitter:label1\" content=\"Ansl. lesetid\" \/>\n\t<meta name=\"twitter:data1\" content=\"2 minutter\" \/>\n<script type=\"application\/ld+json\" class=\"yoast-schema-graph\">{\"@context\":\"https:\\\/\\\/schema.org\",\"@graph\":[{\"@type\":\"WebPage\",\"@id\":\"https:\\\/\\\/emf-consult.com\\\/nettbutikk\\\/produkt\\\/safe-and-sound-classic-iii-rf-detektor\\\/\",\"url\":\"https:\\\/\\\/emf-consult.com\\\/nettbutikk\\\/produkt\\\/safe-and-sound-classic-iii-rf-detektor\\\/\",\"name\":\"HF Safe and Sound Classic III - EMF Consult\",\"isPartOf\":{\"@id\":\"https:\\\/\\\/emf-consult.com\\\/nettbutikk\\\/#website\"},\"primaryImageOfPage\":{\"@id\":\"https:\\\/\\\/emf-consult.com\\\/nettbutikk\\\/produkt\\\/safe-and-sound-classic-iii-rf-detektor\\\/#primaryimage\"},\"image\":{\"@id\":\"https:\\\/\\\/emf-consult.com\\\/nettbutikk\\\/produkt\\\/safe-and-sound-classic-iii-rf-detektor\\\/#primaryimage\"},\"thumbnailUrl\":\"https:\\\/\\\/emf-consult.com\\\/nettbutikk\\\/wp-content\\\/uploads\\\/2026\\\/01\\\/safe-and-sound-classic-iii__45362.jpg\",\"datePublished\":\"2026-01-27T07:47:20+00:00\",\"dateModified\":\"2026-04-16T14:34:40+00:00\",\"description\":\"M\u00e5l RF- og EMF-str\u00e5ling enkelt med Safe and Sound Classic III. 5G-klar, tredjepartstestet og designet for elektrosensitive. Rask levering.\",\"breadcrumb\":{\"@id\":\"https:\\\/\\\/emf-consult.com\\\/nettbutikk\\\/produkt\\\/safe-and-sound-classic-iii-rf-detektor\\\/#breadcrumb\"},\"inLanguage\":\"nb-NO\",\"potentialAction\":[{\"@type\":\"ReadAction\",\"target\":[\"https:\\\/\\\/emf-consult.com\\\/nettbutikk\\\/produkt\\\/safe-and-sound-classic-iii-rf-detektor\\\/\"]}]},{\"@type\":\"ImageObject\",\"inLanguage\":\"nb-NO\",\"@id\":\"https:\\\/\\\/emf-consult.com\\\/nettbutikk\\\/produkt\\\/safe-and-sound-classic-iii-rf-detektor\\\/#primaryimage\",\"url\":\"https:\\\/\\\/emf-consult.com\\\/nettbutikk\\\/wp-content\\\/uploads\\\/2026\\\/01\\\/safe-and-sound-classic-iii__45362.jpg\",\"contentUrl\":\"https:\\\/\\\/emf-consult.com\\\/nettbutikk\\\/wp-content\\\/uploads\\\/2026\\\/01\\\/safe-and-sound-classic-iii__45362.jpg\",\"width\":1080,\"height\":1080},{\"@type\":\"BreadcrumbList\",\"@id\":\"https:\\\/\\\/emf-consult.com\\\/nettbutikk\\\/produkt\\\/safe-and-sound-classic-iii-rf-detektor\\\/#breadcrumb\",\"itemListElement\":[{\"@type\":\"ListItem\",\"position\":1,\"name\":\"Hjem\",\"item\":\"https:\\\/\\\/emf-consult.com\\\/nettbutikk\\\/\"},{\"@type\":\"ListItem\",\"position\":2,\"name\":\"Butikk\",\"item\":\"https:\\\/\\\/emf-consult.com\\\/nettbutikk\\\/butikk\\\/\"},{\"@type\":\"ListItem\",\"position\":3,\"name\":\"HF Safe and Sound Classic III\"}]},{\"@type\":\"WebSite\",\"@id\":\"https:\\\/\\\/emf-consult.com\\\/nettbutikk\\\/#website\",\"url\":\"https:\\\/\\\/emf-consult.com\\\/nettbutikk\\\/\",\"name\":\"EMF Consult\",\"description\":\"Nettbutikk - Beskyttelse mot str\u00e5ling\",\"publisher\":{\"@id\":\"https:\\\/\\\/emf-consult.com\\\/nettbutikk\\\/#organization\"},\"potentialAction\":[{\"@type\":\"SearchAction\",\"target\":{\"@type\":\"EntryPoint\",\"urlTemplate\":\"https:\\\/\\\/emf-consult.com\\\/nettbutikk\\\/?s={search_term_string}\"},\"query-input\":{\"@type\":\"PropertyValueSpecification\",\"valueRequired\":true,\"valueName\":\"search_term_string\"}}],\"inLanguage\":\"nb-NO\"},{\"@type\":\"Organization\",\"@id\":\"https:\\\/\\\/emf-consult.com\\\/nettbutikk\\\/#organization\",\"name\":\"EMF Consult AS\",\"url\":\"https:\\\/\\\/emf-consult.com\\\/nettbutikk\\\/\",\"logo\":{\"@type\":\"ImageObject\",\"inLanguage\":\"nb-NO\",\"@id\":\"https:\\\/\\\/emf-consult.com\\\/nettbutikk\\\/#\\\/schema\\\/logo\\\/image\\\/\",\"url\":\"https:\\\/\\\/emf-consult.com\\\/nettbutikk\\\/wp-content\\\/uploads\\\/2022\\\/07\\\/cropped-Favikon-rod-e1658786300694.png\",\"contentUrl\":\"https:\\\/\\\/emf-consult.com\\\/nettbutikk\\\/wp-content\\\/uploads\\\/2022\\\/07\\\/cropped-Favikon-rod-e1658786300694.png\",\"width\":150,\"height\":150,\"caption\":\"EMF Consult AS\"},\"image\":{\"@id\":\"https:\\\/\\\/emf-consult.com\\\/nettbutikk\\\/#\\\/schema\\\/logo\\\/image\\\/\"},\"sameAs\":[\"https:\\\/\\\/www.facebook.com\\\/emfconsult\",\"https:\\\/\\\/www.linkedin.com\\\/company\\\/emf-consult\\\/\"]}]}<\/script>\n<!-- \/ Yoast SEO plugin. -->","yoast_head_json":{"title":"HF Safe and Sound Classic III - EMF Consult","description":"M\u00e5l RF- og EMF-str\u00e5ling enkelt med Safe and Sound Classic III. 5G-klar, tredjepartstestet og designet for elektrosensitive. Rask levering.","robots":{"index":"index","follow":"follow","max-snippet":"max-snippet:-1","max-image-preview":"max-image-preview:large","max-video-preview":"max-video-preview:-1"},"canonical":"https:\/\/emf-consult.com\/nettbutikk\/produkt\/safe-and-sound-classic-iii-rf-detektor\/","og_locale":"nb_NO","og_type":"article","og_title":"HF Safe and Sound Classic III - EMF Consult","og_description":"M\u00e5l RF- og EMF-str\u00e5ling enkelt med Safe and Sound Classic III. 5G-klar, tredjepartstestet og designet for elektrosensitive. Rask levering.","og_url":"https:\/\/emf-consult.com\/nettbutikk\/produkt\/safe-and-sound-classic-iii-rf-detektor\/","og_site_name":"EMF Consult","article_publisher":"https:\/\/www.facebook.com\/emfconsult","article_modified_time":"2026-04-16T14:34:40+00:00","og_image":[{"width":1080,"height":1080,"url":"https:\/\/emf-consult.com\/nettbutikk\/wp-content\/uploads\/2026\/01\/safe-and-sound-classic-iii__45362.jpg","type":"image\/jpeg"}],"twitter_card":"summary_large_image","twitter_misc":{"Ansl. lesetid":"2 minutter"},"schema":{"@context":"https:\/\/schema.org","@graph":[{"@type":"WebPage","@id":"https:\/\/emf-consult.com\/nettbutikk\/produkt\/safe-and-sound-classic-iii-rf-detektor\/","url":"https:\/\/emf-consult.com\/nettbutikk\/produkt\/safe-and-sound-classic-iii-rf-detektor\/","name":"HF Safe and Sound Classic III - EMF Consult","isPartOf":{"@id":"https:\/\/emf-consult.com\/nettbutikk\/#website"},"primaryImageOfPage":{"@id":"https:\/\/emf-consult.com\/nettbutikk\/produkt\/safe-and-sound-classic-iii-rf-detektor\/#primaryimage"},"image":{"@id":"https:\/\/emf-consult.com\/nettbutikk\/produkt\/safe-and-sound-classic-iii-rf-detektor\/#primaryimage"},"thumbnailUrl":"https:\/\/emf-consult.com\/nettbutikk\/wp-content\/uploads\/2026\/01\/safe-and-sound-classic-iii__45362.jpg","datePublished":"2026-01-27T07:47:20+00:00","dateModified":"2026-04-16T14:34:40+00:00","description":"M\u00e5l RF- og EMF-str\u00e5ling enkelt med Safe and Sound Classic III. 5G-klar, tredjepartstestet og designet for elektrosensitive. Rask levering.","breadcrumb":{"@id":"https:\/\/emf-consult.com\/nettbutikk\/produkt\/safe-and-sound-classic-iii-rf-detektor\/#breadcrumb"},"inLanguage":"nb-NO","potentialAction":[{"@type":"ReadAction","target":["https:\/\/emf-consult.com\/nettbutikk\/produkt\/safe-and-sound-classic-iii-rf-detektor\/"]}]},{"@type":"ImageObject","inLanguage":"nb-NO","@id":"https:\/\/emf-consult.com\/nettbutikk\/produkt\/safe-and-sound-classic-iii-rf-detektor\/#primaryimage","url":"https:\/\/emf-consult.com\/nettbutikk\/wp-content\/uploads\/2026\/01\/safe-and-sound-classic-iii__45362.jpg","contentUrl":"https:\/\/emf-consult.com\/nettbutikk\/wp-content\/uploads\/2026\/01\/safe-and-sound-classic-iii__45362.jpg","width":1080,"height":1080},{"@type":"BreadcrumbList","@id":"https:\/\/emf-consult.com\/nettbutikk\/produkt\/safe-and-sound-classic-iii-rf-detektor\/#breadcrumb","itemListElement":[{"@type":"ListItem","position":1,"name":"Hjem","item":"https:\/\/emf-consult.com\/nettbutikk\/"},{"@type":"ListItem","position":2,"name":"Butikk","item":"https:\/\/emf-consult.com\/nettbutikk\/butikk\/"},{"@type":"ListItem","position":3,"name":"HF Safe and Sound Classic III"}]},{"@type":"WebSite","@id":"https:\/\/emf-consult.com\/nettbutikk\/#website","url":"https:\/\/emf-consult.com\/nettbutikk\/","name":"EMF Consult","description":"Nettbutikk - Beskyttelse mot str\u00e5ling","publisher":{"@id":"https:\/\/emf-consult.com\/nettbutikk\/#organization"},"potentialAction":[{"@type":"SearchAction","target":{"@type":"EntryPoint","urlTemplate":"https:\/\/emf-consult.com\/nettbutikk\/?s={search_term_string}"},"query-input":{"@type":"PropertyValueSpecification","valueRequired":true,"valueName":"search_term_string"}}],"inLanguage":"nb-NO"},{"@type":"Organization","@id":"https:\/\/emf-consult.com\/nettbutikk\/#organization","name":"EMF Consult AS","url":"https:\/\/emf-consult.com\/nettbutikk\/","logo":{"@type":"ImageObject","inLanguage":"nb-NO","@id":"https:\/\/emf-consult.com\/nettbutikk\/#\/schema\/logo\/image\/","url":"https:\/\/emf-consult.com\/nettbutikk\/wp-content\/uploads\/2022\/07\/cropped-Favikon-rod-e1658786300694.png","contentUrl":"https:\/\/emf-consult.com\/nettbutikk\/wp-content\/uploads\/2022\/07\/cropped-Favikon-rod-e1658786300694.png","width":150,"height":150,"caption":"EMF Consult AS"},"image":{"@id":"https:\/\/emf-consult.com\/nettbutikk\/#\/schema\/logo\/image\/"},"sameAs":["https:\/\/www.facebook.com\/emfconsult","https:\/\/www.linkedin.com\/company\/emf-consult\/"]}]}},"_links":{"self":[{"href":"https:\/\/emf-consult.com\/nettbutikk\/wp-json\/wp\/v2\/product\/18942","targetHints":{"allow":["GET"]}}],"collection":[{"href":"https:\/\/emf-consult.com\/nettbutikk\/wp-json\/wp\/v2\/product"}],"about":[{"href":"https:\/\/emf-consult.com\/nettbutikk\/wp-json\/wp\/v2\/types\/product"}],"replies":[{"embeddable":true,"href":"https:\/\/emf-consult.com\/nettbutikk\/wp-json\/wp\/v2\/comments?post=18942"}],"wp:featuredmedia":[{"embeddable":true,"href":"https:\/\/emf-consult.com\/nettbutikk\/wp-json\/wp\/v2\/media\/18945"}],"wp:attachment":[{"href":"https:\/\/emf-consult.com\/nettbutikk\/wp-json\/wp\/v2\/media?parent=18942"}],"wp:term":[{"taxonomy":"product_brand","embeddable":true,"href":"https:\/\/emf-consult.com\/nettbutikk\/wp-json\/wp\/v2\/product_brand?post=18942"},{"taxonomy":"product_cat","embeddable":true,"href":"https:\/\/emf-consult.com\/nettbutikk\/wp-json\/wp\/v2\/product_cat?post=18942"},{"taxonomy":"product_tag","embeddable":true,"href":"https:\/\/emf-consult.com\/nettbutikk\/wp-json\/wp\/v2\/product_tag?post=18942"}],"curies":[{"name":"wp","href":"https:\/\/api.w.org\/{rel}","templated":true}]}}