{"id":18691,"date":"2025-12-17T10:26:27","date_gmt":"2025-12-17T09:26:27","guid":{"rendered":"https:\/\/emf-consult.com\/nettbutikk\/?post_type=product&#038;p=18691"},"modified":"2026-02-16T10:16:07","modified_gmt":"2026-02-16T09:16:07","slug":"sinetamer-240-400v-it-tn-1-fas","status":"publish","type":"product","link":"https:\/\/emf-consult.com\/nettbutikk\/produkt\/sinetamer-240-400v-it-tn-1-fas\/","title":{"rendered":"SineTamer 240\/400V IT\/TN, 1-fas"},"content":{"rendered":"<h3><b>SineTamer ST S8070A1 1S2, 1-fas pluss n\u00f8ytral og jord, 240\/400V IT og TN-nett<\/b><\/h3>\n<p>De fleste EMI-linjefilter eller \u00abplugin\u00bb-filter som selges i dag, kutter toppene av st\u00f8yen ved \u00e5 kortslutte den u\u00f8nskede eller overfl\u00f8dige energien til n\u00f8ytral- eller jordledningen ved hjelp av kondensatorer. De fjerner dermed ikke den overfl\u00f8dig energi fra det elektriske systemet, men overf\u00f8rer den til jordledningen.\u00a0 Har man god overgangsmotstand til jord vil denne type filter fungere greit. Utfordringen er at mange norske boliger har d\u00e5rlig elektrisk jordforbindelse og i slike tilfeller vil denne type filter kunne\u00a0 skape flere problemer elektrisk ved at den h\u00f8yfrekvente st\u00f8yen blir &#8220;st\u00e5ende&#8221; i jordledningene og spres utover hele huset og alt jordet utstyr som er koblet til jordledningene.<\/p>\n<p>SineTamer derimot<strong> absorberer<\/strong> den overfl\u00f8dig forbig\u00e5ende energi fra st\u00f8ykomponenten og eliminerer den gjennom de interne kretsene, og etterlater ingen gjenv\u00e6rende energi som skal injiseres tilbake p\u00e5 str\u00f8mnettet. Den overfl\u00f8dige energien gj\u00f8res om til varme i stedet. Dette gj\u00f8r at SineTamer ikke trekker noe str\u00f8m for \u00e5 fungere. Str\u00f8mforbruket til SineTamer er kun 8mA, fra 2 sm\u00e5 LED-lys som viser driftsstatus.<\/p>\n<p>SineTamers benytter en spesiell frekvensdempingskretsbeskyttelse som er frekvensaktivert i stedet for spenningsaktivert som alle konkurrentene. Den spesielle SineTamer-kretsen gir oss muligheten til \u00e5 beskytte alle str\u00f8mmodusene i bygningene v\u00e5re, Linje til Linje\/N\u00f8ytral (Differential mode) og Linje til Jord (Common-mode).<\/p>\n<p>SineTamers spesielle frekvensdempningsbeskyttelse inkluderer ogs\u00e5 spesiell RF- og EMI-filtrering i kretsene for \u00e5 fjerne niv\u00e5er av h\u00f8yere skadelige frekvenser mellom 1 kHz helt opp til 10 MHz fra smartm\u00e5lere og andre st\u00f8ykilder p\u00e5 str\u00f8mnettet.<\/p>\n<p>SineTamer er ogs\u00e5 et meget effektivt overspenningsvern som kan beskytte din elektriske installasjon mot kraftige transienter i str\u00f8mnettet, slik som fra\u00a0 lynnedslag osv.<\/p>\n<p>MERK: Bestillingsvare 3-6 uker leveransetid. Vanlig returrett gjelder normalt ikke for bestillingsvarer.<\/p>\n<p>Nettfilter<\/p>\n","protected":false},"excerpt":{"rendered":"<p><strong>SPESIFIKASJONER<\/strong><\/p>\n<ul>\n<li>\u00c9n-fas IT, TN og TT-nett<\/li>\n<li>Spenning: 240\/400Vac<\/li>\n<li>Str\u00f8m: Opp til 600A<\/li>\n<li>Frekvens: 50\/60Hz<\/li>\n<li>Sikring: innebygget termosikring<\/li>\n<li>Forbruk: 8mW<\/li>\n<li>Operasjons temperatur: opptil 80\u00b0C<\/li>\n<li>Reaksjonstid overspenningsvern: &lt;1 nano sekund<\/li>\n<li>kAIC rating: 10kA. 200kAIC n\u00e5r installert i henhold til installasjons instruks<\/li>\n<li>EMI\/RFI st\u00f8ydemping: 30dB Max fra 1kHz til 10MHz<\/li>\n<li>Kondensator: Opp til 3,5\u03bcF max<\/li>\n<li>Operasjons temperatur: opptil 80\u00b0C<\/li>\n<li>Dimensjon: L 24,5cm x B 12,5cm x H 7,5cm<\/li>\n<li>Vekt 2,7kg<\/li>\n<li>Tilkopling: Kobles i parallell, mellom str\u00f8mm\u00e5ler og fordelingsskinne i sikringsskapet.<\/li>\n<li>Material: Flammehemmende svart plast<\/li>\n<li>Tetthetsgrad: IP67<\/li>\n<\/ul>\n<p>&nbsp;<\/p>\n","protected":false},"featured_media":17414,"comment_status":"open","ping_status":"closed","template":"","meta":[],"product_brand":[],"product_cat":[23,27],"product_tag":[],"class_list":{"0":"post-18691","1":"product","2":"type-product","3":"status-publish","4":"has-post-thumbnail","6":"product_cat-el-installasjon","7":"product_cat-skjermingsmateriell","9":"first","10":"instock","11":"taxable","12":"shipping-taxable","13":"purchasable","14":"product-type-simple"},"yoast_head":"<!-- This site is optimized with the Yoast SEO plugin v27.3 - https:\/\/yoast.com\/product\/yoast-seo-wordpress\/ -->\n<title>SineTamer 240\/400V IT\/TN, 1-fas - EMF Consult<\/title>\n<meta name=\"robots\" content=\"index, follow, max-snippet:-1, max-image-preview:large, max-video-preview:-1\" \/>\n<link rel=\"canonical\" href=\"https:\/\/emf-consult.com\/nettbutikk\/produkt\/sinetamer-240-400v-it-tn-1-fas\/\" \/>\n<meta property=\"og:locale\" content=\"nb_NO\" \/>\n<meta property=\"og:type\" content=\"article\" \/>\n<meta property=\"og:title\" content=\"SineTamer 240\/400V IT\/TN, 1-fas - EMF Consult\" \/>\n<meta property=\"og:description\" content=\"SPESIFIKASJONER   \u00c9n-fas IT, TN og TT-nett  Spenning: 240\/400Vac  Str\u00f8m: Opp til 600A  Frekvens: 50\/60Hz  Sikring: innebygget termosikring  Forbruk: 8mW  Operasjons temperatur: opptil 80\u00b0C  Reaksjonstid overspenningsvern: &lt;1 nano sekund  kAIC rating: 10kA. 200kAIC n\u00e5r installert i henhold til installasjons instruks  EMI\/RFI st\u00f8ydemping: 30dB Max fra 1kHz til 10MHz  Kondensator: Opp til 3,5\u03bcF max  Operasjons temperatur: opptil 80\u00b0C  Dimensjon: L 24,5cm x B 12,5cm x H 7,5cm  Vekt 2,7kg  Tilkopling: Kobles i parallell, mellom str\u00f8mm\u00e5ler og fordelingsskinne i sikringsskapet.  Material: Flammehemmende svart plast  Tetthetsgrad: IP67  &nbsp;\" \/>\n<meta property=\"og:url\" content=\"https:\/\/emf-consult.com\/nettbutikk\/produkt\/sinetamer-240-400v-it-tn-1-fas\/\" \/>\n<meta property=\"og:site_name\" content=\"EMF Consult\" \/>\n<meta property=\"article:publisher\" content=\"https:\/\/www.facebook.com\/emfconsult\" \/>\n<meta property=\"article:modified_time\" content=\"2026-02-16T09:16:07+00:00\" \/>\n<meta property=\"og:image\" content=\"https:\/\/emf-consult.com\/nettbutikk\/wp-content\/uploads\/2024\/10\/image_41a37f70-f8a7-42bb-b9d3-68f6ffe2dea6.webp\" \/>\n\t<meta property=\"og:image:width\" content=\"960\" \/>\n\t<meta property=\"og:image:height\" content=\"960\" \/>\n\t<meta property=\"og:image:type\" content=\"image\/webp\" \/>\n<meta name=\"twitter:card\" content=\"summary_large_image\" \/>\n<meta name=\"twitter:label1\" content=\"Ansl. lesetid\" \/>\n\t<meta name=\"twitter:data1\" content=\"2 minutter\" \/>\n<script type=\"application\/ld+json\" class=\"yoast-schema-graph\">{\"@context\":\"https:\\\/\\\/schema.org\",\"@graph\":[{\"@type\":\"WebPage\",\"@id\":\"https:\\\/\\\/emf-consult.com\\\/nettbutikk\\\/produkt\\\/sinetamer-240-400v-it-tn-1-fas\\\/\",\"url\":\"https:\\\/\\\/emf-consult.com\\\/nettbutikk\\\/produkt\\\/sinetamer-240-400v-it-tn-1-fas\\\/\",\"name\":\"SineTamer 240\\\/400V IT\\\/TN, 1-fas - EMF Consult\",\"isPartOf\":{\"@id\":\"https:\\\/\\\/emf-consult.com\\\/nettbutikk\\\/#website\"},\"primaryImageOfPage\":{\"@id\":\"https:\\\/\\\/emf-consult.com\\\/nettbutikk\\\/produkt\\\/sinetamer-240-400v-it-tn-1-fas\\\/#primaryimage\"},\"image\":{\"@id\":\"https:\\\/\\\/emf-consult.com\\\/nettbutikk\\\/produkt\\\/sinetamer-240-400v-it-tn-1-fas\\\/#primaryimage\"},\"thumbnailUrl\":\"https:\\\/\\\/emf-consult.com\\\/nettbutikk\\\/wp-content\\\/uploads\\\/2024\\\/10\\\/image_41a37f70-f8a7-42bb-b9d3-68f6ffe2dea6.webp\",\"datePublished\":\"2025-12-17T09:26:27+00:00\",\"dateModified\":\"2026-02-16T09:16:07+00:00\",\"breadcrumb\":{\"@id\":\"https:\\\/\\\/emf-consult.com\\\/nettbutikk\\\/produkt\\\/sinetamer-240-400v-it-tn-1-fas\\\/#breadcrumb\"},\"inLanguage\":\"nb-NO\",\"potentialAction\":[{\"@type\":\"ReadAction\",\"target\":[\"https:\\\/\\\/emf-consult.com\\\/nettbutikk\\\/produkt\\\/sinetamer-240-400v-it-tn-1-fas\\\/\"]}]},{\"@type\":\"ImageObject\",\"inLanguage\":\"nb-NO\",\"@id\":\"https:\\\/\\\/emf-consult.com\\\/nettbutikk\\\/produkt\\\/sinetamer-240-400v-it-tn-1-fas\\\/#primaryimage\",\"url\":\"https:\\\/\\\/emf-consult.com\\\/nettbutikk\\\/wp-content\\\/uploads\\\/2024\\\/10\\\/image_41a37f70-f8a7-42bb-b9d3-68f6ffe2dea6.webp\",\"contentUrl\":\"https:\\\/\\\/emf-consult.com\\\/nettbutikk\\\/wp-content\\\/uploads\\\/2024\\\/10\\\/image_41a37f70-f8a7-42bb-b9d3-68f6ffe2dea6.webp\",\"width\":960,\"height\":960},{\"@type\":\"BreadcrumbList\",\"@id\":\"https:\\\/\\\/emf-consult.com\\\/nettbutikk\\\/produkt\\\/sinetamer-240-400v-it-tn-1-fas\\\/#breadcrumb\",\"itemListElement\":[{\"@type\":\"ListItem\",\"position\":1,\"name\":\"Hjem\",\"item\":\"https:\\\/\\\/emf-consult.com\\\/nettbutikk\\\/\"},{\"@type\":\"ListItem\",\"position\":2,\"name\":\"Butikk\",\"item\":\"https:\\\/\\\/emf-consult.com\\\/nettbutikk\\\/butikk\\\/\"},{\"@type\":\"ListItem\",\"position\":3,\"name\":\"SineTamer 240\\\/400V IT\\\/TN, 1-fas\"}]},{\"@type\":\"WebSite\",\"@id\":\"https:\\\/\\\/emf-consult.com\\\/nettbutikk\\\/#website\",\"url\":\"https:\\\/\\\/emf-consult.com\\\/nettbutikk\\\/\",\"name\":\"EMF Consult\",\"description\":\"Nettbutikk - Beskyttelse mot str\u00e5ling\",\"publisher\":{\"@id\":\"https:\\\/\\\/emf-consult.com\\\/nettbutikk\\\/#organization\"},\"potentialAction\":[{\"@type\":\"SearchAction\",\"target\":{\"@type\":\"EntryPoint\",\"urlTemplate\":\"https:\\\/\\\/emf-consult.com\\\/nettbutikk\\\/?s={search_term_string}\"},\"query-input\":{\"@type\":\"PropertyValueSpecification\",\"valueRequired\":true,\"valueName\":\"search_term_string\"}}],\"inLanguage\":\"nb-NO\"},{\"@type\":\"Organization\",\"@id\":\"https:\\\/\\\/emf-consult.com\\\/nettbutikk\\\/#organization\",\"name\":\"EMF Consult AS\",\"url\":\"https:\\\/\\\/emf-consult.com\\\/nettbutikk\\\/\",\"logo\":{\"@type\":\"ImageObject\",\"inLanguage\":\"nb-NO\",\"@id\":\"https:\\\/\\\/emf-consult.com\\\/nettbutikk\\\/#\\\/schema\\\/logo\\\/image\\\/\",\"url\":\"https:\\\/\\\/emf-consult.com\\\/nettbutikk\\\/wp-content\\\/uploads\\\/2022\\\/07\\\/cropped-Favikon-rod-e1658786300694.png\",\"contentUrl\":\"https:\\\/\\\/emf-consult.com\\\/nettbutikk\\\/wp-content\\\/uploads\\\/2022\\\/07\\\/cropped-Favikon-rod-e1658786300694.png\",\"width\":150,\"height\":150,\"caption\":\"EMF Consult AS\"},\"image\":{\"@id\":\"https:\\\/\\\/emf-consult.com\\\/nettbutikk\\\/#\\\/schema\\\/logo\\\/image\\\/\"},\"sameAs\":[\"https:\\\/\\\/www.facebook.com\\\/emfconsult\",\"https:\\\/\\\/www.linkedin.com\\\/company\\\/emf-consult\\\/\"]}]}<\/script>\n<!-- \/ Yoast SEO plugin. -->","yoast_head_json":{"title":"SineTamer 240\/400V IT\/TN, 1-fas - EMF Consult","robots":{"index":"index","follow":"follow","max-snippet":"max-snippet:-1","max-image-preview":"max-image-preview:large","max-video-preview":"max-video-preview:-1"},"canonical":"https:\/\/emf-consult.com\/nettbutikk\/produkt\/sinetamer-240-400v-it-tn-1-fas\/","og_locale":"nb_NO","og_type":"article","og_title":"SineTamer 240\/400V IT\/TN, 1-fas - EMF Consult","og_description":"SPESIFIKASJONER   \u00c9n-fas IT, TN og TT-nett  Spenning: 240\/400Vac  Str\u00f8m: Opp til 600A  Frekvens: 50\/60Hz  Sikring: innebygget termosikring  Forbruk: 8mW  Operasjons temperatur: opptil 80\u00b0C  Reaksjonstid overspenningsvern: &lt;1 nano sekund  kAIC rating: 10kA. 200kAIC n\u00e5r installert i henhold til installasjons instruks  EMI\/RFI st\u00f8ydemping: 30dB Max fra 1kHz til 10MHz  Kondensator: Opp til 3,5\u03bcF max  Operasjons temperatur: opptil 80\u00b0C  Dimensjon: L 24,5cm x B 12,5cm x H 7,5cm  Vekt 2,7kg  Tilkopling: Kobles i parallell, mellom str\u00f8mm\u00e5ler og fordelingsskinne i sikringsskapet.  Material: Flammehemmende svart plast  Tetthetsgrad: IP67  &nbsp;","og_url":"https:\/\/emf-consult.com\/nettbutikk\/produkt\/sinetamer-240-400v-it-tn-1-fas\/","og_site_name":"EMF Consult","article_publisher":"https:\/\/www.facebook.com\/emfconsult","article_modified_time":"2026-02-16T09:16:07+00:00","og_image":[{"width":960,"height":960,"url":"https:\/\/emf-consult.com\/nettbutikk\/wp-content\/uploads\/2024\/10\/image_41a37f70-f8a7-42bb-b9d3-68f6ffe2dea6.webp","type":"image\/webp"}],"twitter_card":"summary_large_image","twitter_misc":{"Ansl. lesetid":"2 minutter"},"schema":{"@context":"https:\/\/schema.org","@graph":[{"@type":"WebPage","@id":"https:\/\/emf-consult.com\/nettbutikk\/produkt\/sinetamer-240-400v-it-tn-1-fas\/","url":"https:\/\/emf-consult.com\/nettbutikk\/produkt\/sinetamer-240-400v-it-tn-1-fas\/","name":"SineTamer 240\/400V IT\/TN, 1-fas - EMF Consult","isPartOf":{"@id":"https:\/\/emf-consult.com\/nettbutikk\/#website"},"primaryImageOfPage":{"@id":"https:\/\/emf-consult.com\/nettbutikk\/produkt\/sinetamer-240-400v-it-tn-1-fas\/#primaryimage"},"image":{"@id":"https:\/\/emf-consult.com\/nettbutikk\/produkt\/sinetamer-240-400v-it-tn-1-fas\/#primaryimage"},"thumbnailUrl":"https:\/\/emf-consult.com\/nettbutikk\/wp-content\/uploads\/2024\/10\/image_41a37f70-f8a7-42bb-b9d3-68f6ffe2dea6.webp","datePublished":"2025-12-17T09:26:27+00:00","dateModified":"2026-02-16T09:16:07+00:00","breadcrumb":{"@id":"https:\/\/emf-consult.com\/nettbutikk\/produkt\/sinetamer-240-400v-it-tn-1-fas\/#breadcrumb"},"inLanguage":"nb-NO","potentialAction":[{"@type":"ReadAction","target":["https:\/\/emf-consult.com\/nettbutikk\/produkt\/sinetamer-240-400v-it-tn-1-fas\/"]}]},{"@type":"ImageObject","inLanguage":"nb-NO","@id":"https:\/\/emf-consult.com\/nettbutikk\/produkt\/sinetamer-240-400v-it-tn-1-fas\/#primaryimage","url":"https:\/\/emf-consult.com\/nettbutikk\/wp-content\/uploads\/2024\/10\/image_41a37f70-f8a7-42bb-b9d3-68f6ffe2dea6.webp","contentUrl":"https:\/\/emf-consult.com\/nettbutikk\/wp-content\/uploads\/2024\/10\/image_41a37f70-f8a7-42bb-b9d3-68f6ffe2dea6.webp","width":960,"height":960},{"@type":"BreadcrumbList","@id":"https:\/\/emf-consult.com\/nettbutikk\/produkt\/sinetamer-240-400v-it-tn-1-fas\/#breadcrumb","itemListElement":[{"@type":"ListItem","position":1,"name":"Hjem","item":"https:\/\/emf-consult.com\/nettbutikk\/"},{"@type":"ListItem","position":2,"name":"Butikk","item":"https:\/\/emf-consult.com\/nettbutikk\/butikk\/"},{"@type":"ListItem","position":3,"name":"SineTamer 240\/400V IT\/TN, 1-fas"}]},{"@type":"WebSite","@id":"https:\/\/emf-consult.com\/nettbutikk\/#website","url":"https:\/\/emf-consult.com\/nettbutikk\/","name":"EMF Consult","description":"Nettbutikk - Beskyttelse mot str\u00e5ling","publisher":{"@id":"https:\/\/emf-consult.com\/nettbutikk\/#organization"},"potentialAction":[{"@type":"SearchAction","target":{"@type":"EntryPoint","urlTemplate":"https:\/\/emf-consult.com\/nettbutikk\/?s={search_term_string}"},"query-input":{"@type":"PropertyValueSpecification","valueRequired":true,"valueName":"search_term_string"}}],"inLanguage":"nb-NO"},{"@type":"Organization","@id":"https:\/\/emf-consult.com\/nettbutikk\/#organization","name":"EMF Consult AS","url":"https:\/\/emf-consult.com\/nettbutikk\/","logo":{"@type":"ImageObject","inLanguage":"nb-NO","@id":"https:\/\/emf-consult.com\/nettbutikk\/#\/schema\/logo\/image\/","url":"https:\/\/emf-consult.com\/nettbutikk\/wp-content\/uploads\/2022\/07\/cropped-Favikon-rod-e1658786300694.png","contentUrl":"https:\/\/emf-consult.com\/nettbutikk\/wp-content\/uploads\/2022\/07\/cropped-Favikon-rod-e1658786300694.png","width":150,"height":150,"caption":"EMF Consult AS"},"image":{"@id":"https:\/\/emf-consult.com\/nettbutikk\/#\/schema\/logo\/image\/"},"sameAs":["https:\/\/www.facebook.com\/emfconsult","https:\/\/www.linkedin.com\/company\/emf-consult\/"]}]}},"_links":{"self":[{"href":"https:\/\/emf-consult.com\/nettbutikk\/wp-json\/wp\/v2\/product\/18691","targetHints":{"allow":["GET"]}}],"collection":[{"href":"https:\/\/emf-consult.com\/nettbutikk\/wp-json\/wp\/v2\/product"}],"about":[{"href":"https:\/\/emf-consult.com\/nettbutikk\/wp-json\/wp\/v2\/types\/product"}],"replies":[{"embeddable":true,"href":"https:\/\/emf-consult.com\/nettbutikk\/wp-json\/wp\/v2\/comments?post=18691"}],"wp:featuredmedia":[{"embeddable":true,"href":"https:\/\/emf-consult.com\/nettbutikk\/wp-json\/wp\/v2\/media\/17414"}],"wp:attachment":[{"href":"https:\/\/emf-consult.com\/nettbutikk\/wp-json\/wp\/v2\/media?parent=18691"}],"wp:term":[{"taxonomy":"product_brand","embeddable":true,"href":"https:\/\/emf-consult.com\/nettbutikk\/wp-json\/wp\/v2\/product_brand?post=18691"},{"taxonomy":"product_cat","embeddable":true,"href":"https:\/\/emf-consult.com\/nettbutikk\/wp-json\/wp\/v2\/product_cat?post=18691"},{"taxonomy":"product_tag","embeddable":true,"href":"https:\/\/emf-consult.com\/nettbutikk\/wp-json\/wp\/v2\/product_tag?post=18691"}],"curies":[{"name":"wp","href":"https:\/\/api.w.org\/{rel}","templated":true}]}}