{"id":18585,"date":"2025-12-02T16:16:23","date_gmt":"2025-12-02T15:16:23","guid":{"rendered":"https:\/\/emf-consult.com\/nettbutikk\/?post_type=product&#038;p=18585"},"modified":"2025-12-02T16:37:50","modified_gmt":"2025-12-02T15:37:50","slug":"gulvmatte-universal","status":"publish","type":"product","link":"https:\/\/emf-consult.com\/nettbutikk\/produkt\/gulvmatte-universal\/","title":{"rendered":"Gulvmatte Universal"},"content":{"rendered":"<p><em>Tomt p\u00e5 lager? Vi bestiller fortl\u00f8pende, beregne ca. 10-14 dagers leveringstid.<\/em><\/p>\n<p>For \u00e5 oppn\u00e5 et fullt Faraday bur med baldakin, er det ogs\u00e5 n\u00f8dvendig \u00e5 skjerme nedenfra. Denne gulvmatten er laget av materialet BU280 med 111 dB skjermingsdemping (1GHz), og best\u00e5r av tre lengder bl\u00f8t fleece som har pustende aluminium p\u00e5 undersiden. Denne l\u00f8sningen har en veldig h\u00f8y skjermings demping, ligger godt mot gulvet.<\/p>\n<p>Vi anbefaler normalt ikke \u00e5 jorde gulvmatter eller baldakiner.<br \/>\nOm man \u00f8nsker \u00e5 jorde gulvmatten trenger du \u00e5 handle f\u00f8lgende tilleggsutstyr:<br \/>\n1 stk. Jordingsplugg GP1 for norske stikkontakter<br \/>\n2 stk. Borrel\u00e5skoblingen GCMV for baldakiner (du kan velge om du vil koble baldakinen med en borrel\u00e5s eller magnet) og Jordingsledninger<br \/>\n1 stk. Jordingsledning GL_100 (kobles mellom gulvmatte og baldakin)<br \/>\n1 stk. Jordingsledning GL_XXX, med lengde som n\u00e5r fra baldakin til jordet stikkontakt.<\/p>\n<p><span id=\"result_box\" lang=\"no\"><span title=\"Basis is a stable PP-fleece, on one side coated with zinc. \">Reduserer H\u00f8yfrekvens (HF) elektromagnetiske felt selv uten jording.<br \/>\nKoblet til jord reduseres ogs\u00e5 Lavfrekvens (LF).<\/span><\/span><\/p>\n","protected":false},"excerpt":{"rendered":"<p><span title=\"Technical data \">Tekniske data:<\/span><\/p>\n<ul>\n<li><span title=\"\u2022Attenuation: 50 dB \">Farge: Svart \/ Aluminium<\/span><\/li>\n<li><span title=\"\u2022Attenuation: 50 dB \">Demping: 111 dB<\/span><\/li>\n<li>Materialer: Fleece, mikron\u00e5let aluminiums foile<\/li>\n<li><span title=\"\u2022Size double bed (U2M): Width 290 cm, length: 290 cm \">St\u00f8rrelse: 3 x 100cm x 280cm. Total bredde 280 cm, lengde: 280 cm<\/span><\/li>\n<li>Tykkelse: 1 mm<\/li>\n<\/ul>\n<p>MERK: BU280 kan ikke vaskes eller renses. B\u00f8r derfor legges under et teppe for \u00e5 unng\u00e5 at det blir skittent.<br \/>\nFest gjerne gulvmatten med dobbeltsidig tape mot gulvet for \u00e5 hindre at mattene forflytter seg.<\/p>\n<p><span title=\"Grounding: 2 plates GV, 2 cables GC20\/GC500, 1 plug GD have to be ordered seperately. \"><br \/>\n<\/span><a href=\"\/nettbutikk\/wp-content\/uploads\/2019\/11\/Jording-av-baldakin-2.png\"><img loading=\"lazy\" decoding=\"async\" class=\" wd-lazy-fade aligncenter wp-image-4115 size-full\" src=\"https:\/\/emf-consult.com\/nettbutikk\/wp-content\/themes\/woodmart\/images\/lazy.svg\" data-src=\"\/nettbutikk\/wp-content\/uploads\/2019\/11\/Jording-av-baldakin-2.png\" alt=\"\" width=\"457\" height=\"615\" \/><\/a><\/p>\n<p><span title=\"Grounding: 2 plates GV, 2 cables GC20\/GC500, 1 plug GD have to be ordered seperately. \">\u00a0<\/span><\/p>\n","protected":false},"featured_media":18589,"comment_status":"open","ping_status":"closed","template":"","meta":[],"product_brand":[],"product_cat":[45],"product_tag":[99,100,101,102,103],"class_list":{"0":"post-18585","1":"product","2":"type-product","3":"status-publish","4":"has-post-thumbnail","6":"product_cat-baldakiner-soveposer","7":"product_tag-skjerming","8":"product_tag-soverom","9":"product_tag-sovn","10":"product_tag-sovnkvalitet","11":"product_tag-straling","13":"first","14":"onbackorder","15":"taxable","16":"shipping-taxable","17":"purchasable","18":"product-type-simple"},"yoast_head":"<!-- This site is optimized with the Yoast SEO plugin v27.3 - https:\/\/yoast.com\/product\/yoast-seo-wordpress\/ -->\n<title>Gulvmatte Universal - EMF Consult<\/title>\n<meta name=\"robots\" content=\"index, follow, max-snippet:-1, max-image-preview:large, max-video-preview:-1\" \/>\n<link rel=\"canonical\" href=\"https:\/\/emf-consult.com\/nettbutikk\/produkt\/gulvmatte-universal\/\" \/>\n<meta property=\"og:locale\" content=\"nb_NO\" \/>\n<meta property=\"og:type\" content=\"article\" \/>\n<meta property=\"og:title\" content=\"Gulvmatte Universal - EMF Consult\" \/>\n<meta property=\"og:description\" content=\"Tekniske data:   Farge: Svart \/ Aluminium  Demping: 111 dB  Materialer: Fleece, mikron\u00e5let aluminiums foile  St\u00f8rrelse: 3 x 100cm x 280cm. Total bredde 280 cm, lengde: 280 cm  Tykkelse: 1 mm  MERK: BU280 kan ikke vaskes eller renses. B\u00f8r derfor legges under et teppe for \u00e5 unng\u00e5 at det blir skittent. Fest gjerne gulvmatten med dobbeltsidig tape mot gulvet for \u00e5 hindre at mattene forflytter seg.     \u00a0\" \/>\n<meta property=\"og:url\" content=\"https:\/\/emf-consult.com\/nettbutikk\/produkt\/gulvmatte-universal\/\" \/>\n<meta property=\"og:site_name\" content=\"EMF Consult\" \/>\n<meta property=\"article:publisher\" content=\"https:\/\/www.facebook.com\/emfconsult\" \/>\n<meta property=\"article:modified_time\" content=\"2025-12-02T15:37:50+00:00\" \/>\n<meta property=\"og:image\" content=\"https:\/\/emf-consult.com\/nettbutikk\/wp-content\/uploads\/2025\/12\/YSHIELD-BU280-3.jpg\" \/>\n\t<meta property=\"og:image:width\" content=\"2000\" \/>\n\t<meta property=\"og:image:height\" content=\"1997\" \/>\n\t<meta property=\"og:image:type\" content=\"image\/jpeg\" \/>\n<meta name=\"twitter:card\" content=\"summary_large_image\" \/>\n<meta name=\"twitter:label1\" content=\"Ansl. lesetid\" \/>\n\t<meta name=\"twitter:data1\" content=\"2 minutter\" \/>\n<script type=\"application\/ld+json\" class=\"yoast-schema-graph\">{\"@context\":\"https:\\\/\\\/schema.org\",\"@graph\":[{\"@type\":\"WebPage\",\"@id\":\"https:\\\/\\\/emf-consult.com\\\/nettbutikk\\\/produkt\\\/gulvmatte-universal\\\/\",\"url\":\"https:\\\/\\\/emf-consult.com\\\/nettbutikk\\\/produkt\\\/gulvmatte-universal\\\/\",\"name\":\"Gulvmatte Universal - EMF Consult\",\"isPartOf\":{\"@id\":\"https:\\\/\\\/emf-consult.com\\\/nettbutikk\\\/#website\"},\"primaryImageOfPage\":{\"@id\":\"https:\\\/\\\/emf-consult.com\\\/nettbutikk\\\/produkt\\\/gulvmatte-universal\\\/#primaryimage\"},\"image\":{\"@id\":\"https:\\\/\\\/emf-consult.com\\\/nettbutikk\\\/produkt\\\/gulvmatte-universal\\\/#primaryimage\"},\"thumbnailUrl\":\"https:\\\/\\\/emf-consult.com\\\/nettbutikk\\\/wp-content\\\/uploads\\\/2025\\\/12\\\/YSHIELD-BU280-3.jpg\",\"datePublished\":\"2025-12-02T15:16:23+00:00\",\"dateModified\":\"2025-12-02T15:37:50+00:00\",\"breadcrumb\":{\"@id\":\"https:\\\/\\\/emf-consult.com\\\/nettbutikk\\\/produkt\\\/gulvmatte-universal\\\/#breadcrumb\"},\"inLanguage\":\"nb-NO\",\"potentialAction\":[{\"@type\":\"ReadAction\",\"target\":[\"https:\\\/\\\/emf-consult.com\\\/nettbutikk\\\/produkt\\\/gulvmatte-universal\\\/\"]}]},{\"@type\":\"ImageObject\",\"inLanguage\":\"nb-NO\",\"@id\":\"https:\\\/\\\/emf-consult.com\\\/nettbutikk\\\/produkt\\\/gulvmatte-universal\\\/#primaryimage\",\"url\":\"https:\\\/\\\/emf-consult.com\\\/nettbutikk\\\/wp-content\\\/uploads\\\/2025\\\/12\\\/YSHIELD-BU280-3.jpg\",\"contentUrl\":\"https:\\\/\\\/emf-consult.com\\\/nettbutikk\\\/wp-content\\\/uploads\\\/2025\\\/12\\\/YSHIELD-BU280-3.jpg\",\"width\":2000,\"height\":1997},{\"@type\":\"BreadcrumbList\",\"@id\":\"https:\\\/\\\/emf-consult.com\\\/nettbutikk\\\/produkt\\\/gulvmatte-universal\\\/#breadcrumb\",\"itemListElement\":[{\"@type\":\"ListItem\",\"position\":1,\"name\":\"Hjem\",\"item\":\"https:\\\/\\\/emf-consult.com\\\/nettbutikk\\\/\"},{\"@type\":\"ListItem\",\"position\":2,\"name\":\"Butikk\",\"item\":\"https:\\\/\\\/emf-consult.com\\\/nettbutikk\\\/butikk\\\/\"},{\"@type\":\"ListItem\",\"position\":3,\"name\":\"Gulvmatte Universal\"}]},{\"@type\":\"WebSite\",\"@id\":\"https:\\\/\\\/emf-consult.com\\\/nettbutikk\\\/#website\",\"url\":\"https:\\\/\\\/emf-consult.com\\\/nettbutikk\\\/\",\"name\":\"EMF Consult\",\"description\":\"Nettbutikk - Beskyttelse mot str\u00e5ling\",\"publisher\":{\"@id\":\"https:\\\/\\\/emf-consult.com\\\/nettbutikk\\\/#organization\"},\"potentialAction\":[{\"@type\":\"SearchAction\",\"target\":{\"@type\":\"EntryPoint\",\"urlTemplate\":\"https:\\\/\\\/emf-consult.com\\\/nettbutikk\\\/?s={search_term_string}\"},\"query-input\":{\"@type\":\"PropertyValueSpecification\",\"valueRequired\":true,\"valueName\":\"search_term_string\"}}],\"inLanguage\":\"nb-NO\"},{\"@type\":\"Organization\",\"@id\":\"https:\\\/\\\/emf-consult.com\\\/nettbutikk\\\/#organization\",\"name\":\"EMF Consult AS\",\"url\":\"https:\\\/\\\/emf-consult.com\\\/nettbutikk\\\/\",\"logo\":{\"@type\":\"ImageObject\",\"inLanguage\":\"nb-NO\",\"@id\":\"https:\\\/\\\/emf-consult.com\\\/nettbutikk\\\/#\\\/schema\\\/logo\\\/image\\\/\",\"url\":\"https:\\\/\\\/emf-consult.com\\\/nettbutikk\\\/wp-content\\\/uploads\\\/2022\\\/07\\\/cropped-Favikon-rod-e1658786300694.png\",\"contentUrl\":\"https:\\\/\\\/emf-consult.com\\\/nettbutikk\\\/wp-content\\\/uploads\\\/2022\\\/07\\\/cropped-Favikon-rod-e1658786300694.png\",\"width\":150,\"height\":150,\"caption\":\"EMF Consult AS\"},\"image\":{\"@id\":\"https:\\\/\\\/emf-consult.com\\\/nettbutikk\\\/#\\\/schema\\\/logo\\\/image\\\/\"},\"sameAs\":[\"https:\\\/\\\/www.facebook.com\\\/emfconsult\",\"https:\\\/\\\/www.linkedin.com\\\/company\\\/emf-consult\\\/\"]}]}<\/script>\n<!-- \/ Yoast SEO plugin. -->","yoast_head_json":{"title":"Gulvmatte Universal - EMF Consult","robots":{"index":"index","follow":"follow","max-snippet":"max-snippet:-1","max-image-preview":"max-image-preview:large","max-video-preview":"max-video-preview:-1"},"canonical":"https:\/\/emf-consult.com\/nettbutikk\/produkt\/gulvmatte-universal\/","og_locale":"nb_NO","og_type":"article","og_title":"Gulvmatte Universal - EMF Consult","og_description":"Tekniske data:   Farge: Svart \/ Aluminium  Demping: 111 dB  Materialer: Fleece, mikron\u00e5let aluminiums foile  St\u00f8rrelse: 3 x 100cm x 280cm. Total bredde 280 cm, lengde: 280 cm  Tykkelse: 1 mm  MERK: BU280 kan ikke vaskes eller renses. B\u00f8r derfor legges under et teppe for \u00e5 unng\u00e5 at det blir skittent. Fest gjerne gulvmatten med dobbeltsidig tape mot gulvet for \u00e5 hindre at mattene forflytter seg.     \u00a0","og_url":"https:\/\/emf-consult.com\/nettbutikk\/produkt\/gulvmatte-universal\/","og_site_name":"EMF Consult","article_publisher":"https:\/\/www.facebook.com\/emfconsult","article_modified_time":"2025-12-02T15:37:50+00:00","og_image":[{"width":2000,"height":1997,"url":"https:\/\/emf-consult.com\/nettbutikk\/wp-content\/uploads\/2025\/12\/YSHIELD-BU280-3.jpg","type":"image\/jpeg"}],"twitter_card":"summary_large_image","twitter_misc":{"Ansl. lesetid":"2 minutter"},"schema":{"@context":"https:\/\/schema.org","@graph":[{"@type":"WebPage","@id":"https:\/\/emf-consult.com\/nettbutikk\/produkt\/gulvmatte-universal\/","url":"https:\/\/emf-consult.com\/nettbutikk\/produkt\/gulvmatte-universal\/","name":"Gulvmatte Universal - EMF Consult","isPartOf":{"@id":"https:\/\/emf-consult.com\/nettbutikk\/#website"},"primaryImageOfPage":{"@id":"https:\/\/emf-consult.com\/nettbutikk\/produkt\/gulvmatte-universal\/#primaryimage"},"image":{"@id":"https:\/\/emf-consult.com\/nettbutikk\/produkt\/gulvmatte-universal\/#primaryimage"},"thumbnailUrl":"https:\/\/emf-consult.com\/nettbutikk\/wp-content\/uploads\/2025\/12\/YSHIELD-BU280-3.jpg","datePublished":"2025-12-02T15:16:23+00:00","dateModified":"2025-12-02T15:37:50+00:00","breadcrumb":{"@id":"https:\/\/emf-consult.com\/nettbutikk\/produkt\/gulvmatte-universal\/#breadcrumb"},"inLanguage":"nb-NO","potentialAction":[{"@type":"ReadAction","target":["https:\/\/emf-consult.com\/nettbutikk\/produkt\/gulvmatte-universal\/"]}]},{"@type":"ImageObject","inLanguage":"nb-NO","@id":"https:\/\/emf-consult.com\/nettbutikk\/produkt\/gulvmatte-universal\/#primaryimage","url":"https:\/\/emf-consult.com\/nettbutikk\/wp-content\/uploads\/2025\/12\/YSHIELD-BU280-3.jpg","contentUrl":"https:\/\/emf-consult.com\/nettbutikk\/wp-content\/uploads\/2025\/12\/YSHIELD-BU280-3.jpg","width":2000,"height":1997},{"@type":"BreadcrumbList","@id":"https:\/\/emf-consult.com\/nettbutikk\/produkt\/gulvmatte-universal\/#breadcrumb","itemListElement":[{"@type":"ListItem","position":1,"name":"Hjem","item":"https:\/\/emf-consult.com\/nettbutikk\/"},{"@type":"ListItem","position":2,"name":"Butikk","item":"https:\/\/emf-consult.com\/nettbutikk\/butikk\/"},{"@type":"ListItem","position":3,"name":"Gulvmatte Universal"}]},{"@type":"WebSite","@id":"https:\/\/emf-consult.com\/nettbutikk\/#website","url":"https:\/\/emf-consult.com\/nettbutikk\/","name":"EMF Consult","description":"Nettbutikk - Beskyttelse mot str\u00e5ling","publisher":{"@id":"https:\/\/emf-consult.com\/nettbutikk\/#organization"},"potentialAction":[{"@type":"SearchAction","target":{"@type":"EntryPoint","urlTemplate":"https:\/\/emf-consult.com\/nettbutikk\/?s={search_term_string}"},"query-input":{"@type":"PropertyValueSpecification","valueRequired":true,"valueName":"search_term_string"}}],"inLanguage":"nb-NO"},{"@type":"Organization","@id":"https:\/\/emf-consult.com\/nettbutikk\/#organization","name":"EMF Consult AS","url":"https:\/\/emf-consult.com\/nettbutikk\/","logo":{"@type":"ImageObject","inLanguage":"nb-NO","@id":"https:\/\/emf-consult.com\/nettbutikk\/#\/schema\/logo\/image\/","url":"https:\/\/emf-consult.com\/nettbutikk\/wp-content\/uploads\/2022\/07\/cropped-Favikon-rod-e1658786300694.png","contentUrl":"https:\/\/emf-consult.com\/nettbutikk\/wp-content\/uploads\/2022\/07\/cropped-Favikon-rod-e1658786300694.png","width":150,"height":150,"caption":"EMF Consult AS"},"image":{"@id":"https:\/\/emf-consult.com\/nettbutikk\/#\/schema\/logo\/image\/"},"sameAs":["https:\/\/www.facebook.com\/emfconsult","https:\/\/www.linkedin.com\/company\/emf-consult\/"]}]}},"_links":{"self":[{"href":"https:\/\/emf-consult.com\/nettbutikk\/wp-json\/wp\/v2\/product\/18585","targetHints":{"allow":["GET"]}}],"collection":[{"href":"https:\/\/emf-consult.com\/nettbutikk\/wp-json\/wp\/v2\/product"}],"about":[{"href":"https:\/\/emf-consult.com\/nettbutikk\/wp-json\/wp\/v2\/types\/product"}],"replies":[{"embeddable":true,"href":"https:\/\/emf-consult.com\/nettbutikk\/wp-json\/wp\/v2\/comments?post=18585"}],"wp:featuredmedia":[{"embeddable":true,"href":"https:\/\/emf-consult.com\/nettbutikk\/wp-json\/wp\/v2\/media\/18589"}],"wp:attachment":[{"href":"https:\/\/emf-consult.com\/nettbutikk\/wp-json\/wp\/v2\/media?parent=18585"}],"wp:term":[{"taxonomy":"product_brand","embeddable":true,"href":"https:\/\/emf-consult.com\/nettbutikk\/wp-json\/wp\/v2\/product_brand?post=18585"},{"taxonomy":"product_cat","embeddable":true,"href":"https:\/\/emf-consult.com\/nettbutikk\/wp-json\/wp\/v2\/product_cat?post=18585"},{"taxonomy":"product_tag","embeddable":true,"href":"https:\/\/emf-consult.com\/nettbutikk\/wp-json\/wp\/v2\/product_tag?post=18585"}],"curies":[{"name":"wp","href":"https:\/\/api.w.org\/{rel}","templated":true}]}}