{"id":18580,"date":"2025-12-02T12:58:26","date_gmt":"2025-12-02T11:58:26","guid":{"rendered":"https:\/\/emf-consult.com\/nettbutikk\/?post_type=product&#038;p=18580"},"modified":"2026-04-10T01:32:40","modified_gmt":"2026-04-09T23:32:40","slug":"hydrogenvannflaske-cellpower","status":"publish","type":"product","link":"https:\/\/emf-consult.com\/nettbutikk\/produkt\/hydrogenvannflaske-cellpower\/","title":{"rendered":"Hydrogenvannflaske &#8211; CellPower"},"content":{"rendered":"<h3 style=\"text-align: center;\"><em>Hva om du kunne bidra til \u00e5 beskytte og fornye cellene dine med den enkleste tingen\u00a0du allerede gj\u00f8r hver dag?<\/em><\/h3>\n<h3 style=\"text-align: center;\"><em>Svaret ligger i vann. Vann beriket med molekyl\u00e6rt hydrogen.<\/em><\/h3>\n<h4><strong>Opplev kraften i molekyl\u00e6rt hydrogen\u00a0<\/strong>\ud83d\udca7<a href=\"https:\/\/emfconsult.mailmojo.no\/e\/m\/c\/500090\/1a23c701\/\"><img loading=\"lazy\" decoding=\"async\" class=\"mm-content-image alignnone\" src=\"https:\/\/emfconsult.mailmojo.no\/p\/2174\/ef5990586354ed07a7b59f7f733373f8.png\" alt=\"\" width=\"410\" height=\"622\" align=\"right\" \/><\/a><\/h4>\n<p>Hydrogenvann er vann som inneholder oppl\u00f8st molekyl\u00e6rt hydrogen (H\u2082), en naturlig og sv\u00e6rt liten gass som kan trenge inn i alle kroppens celler. I motsetning til vanlig vann, har hydrogenvann dokumenterte antioksidant- og antiinflammatoriske egenskaper.<\/p>\n<h5><strong>Hvordan virker hydrogenvann i kroppen?<\/strong><\/h5>\n<ul>\n<li>Absorberes raskt gjennom munnslimhinne og mage-tarmkanal<\/li>\n<li>Diffunderer lett inn i celler, mitokondrier og over blod-hjerne-barrieren<\/li>\n<li>Stimulerer energiproduksjon (ATP) i mitokondriene<\/li>\n<li>Aktiverer kroppens egne antioksidantsystemer<\/li>\n<li>Bidrar til \u00e5 redusere oksidativt stress og beskytter celler og DNA mot skade<\/li>\n<\/ul>\n<h5><strong>Hva forskning og brukere indikerer at hydrogenvann kan bidra til:<\/strong><\/h5>\n<ul>\n<li>Kan <strong>redusere oksidativt stress<\/strong><\/li>\n<li>Kan gi en f\u00f8lelse av<strong> bedre mental klarhet og ro<\/strong><\/li>\n<li>Oppleves av mange som <strong>positivt for energiniv\u00e5, overskudd og restitusjon<\/strong><\/li>\n<li>Kan bidra til <strong>bedre hydrering<\/strong><\/li>\n<li>Enkelte studier antyder at hydrogen kan ha\u00a0<strong>cellebeskyttende egenskaper<\/strong><\/li>\n<\/ul>\n<h5><strong>Dokumentert effekt<\/strong><\/h5>\n<p>Det finnes <strong>flere hundre fagfellevurderte studier<\/strong>\u00a0om molekyl\u00e6rt hydrogens potensielle helsefordeler \u2013 blant annet for \u00e5 redusere oksidativt stress, st\u00f8tte restitusjon, kognitiv funksjon og betennelsesdemping.<\/p>\n<p>\ud83d\udcfd\ufe0f\u00a0En kort\u00a0<strong>video<\/strong>\u00a0som viser effekten av\u00a0<strong>CellPower<\/strong>\u00a0hydrogenvann p\u00e5 blodceller:\u00a0<a href=\"https:\/\/emfconsult.mailmojo.no\/e\/m\/c\/500090\/1a23c701\/\">The Microscopic Universe Within Us (short)<\/a>.<br \/>\n&#8211;\u00a0<em>Full versjon av videoen finner du her:\u00a0<\/em><a href=\"https:\/\/www.youtube.com\/watch?v=QzljaCGRcYk\">The Microscopic Universe Within Us<\/a><\/p>\n<p>Her kan du finne mer info om bruk av <a href=\"https:\/\/lumivitae.no\/faq\" target=\"_blank\" rel=\"noopener\"><strong>CellPower<\/strong> Molekyl\u00e6rt hydrogenflaske<\/a>.<\/p>\n<div class=\"bg-primary flex-container align-middle padding-y\">\n<div class=\"grid-container padding-y\">\n<div class=\"grid-x grid-padding-x grid-padding-y\">\n<div class=\"cell\">\n<h2>Hvorfor velge LumiVitae CellPower?<\/h2>\n<p><strong>LumiVitae CellPower<\/strong>\u00a0er ikke som andre hydrogenflasker. Den kombinerer ren og trygg H\u2082<a href=\"https:\/\/odd-magne.lumivitae.com\/\" target=\"_blank\" rel=\"noopener\"><img loading=\"lazy\" decoding=\"async\" class=\"mm-content-image\" src=\"https:\/\/emfconsult.mailmojo.no\/p\/2174\/7373839568f8f1ec14c88c20266eda08.jpg\" alt=\"\" width=\"490\" height=\"368\" align=\"right\" border=\"0\" \/><\/a> -produksjon med banebrytende teknologi som strukturerer og aktiverer vannet &#8211; for maksimal effekt og opptak i kroppen.<\/p>\n<ul>\n<li><strong>Bioaktivt hydrogenvann:\u00a0<\/strong>Eneste flasken i markedet\u00a0som kombinerer H\u2082 med lys, frekvenser og magnetfelt &#8211;\u00a0for strukturert vann med h\u00f8y biotilgjengelighet.<\/li>\n<li><strong>Optimal mengde H\u2082 &#8211;\u00a0hver gang:\u00a0<\/strong>Dokumentert effektiv terapeutisk dose\u00a0av molekyl\u00e6rt hydrogen &#8211; verken for lite, eller ustabilt mye.<\/li>\n<li><strong>Egenutviklet h\u00f8ykvalitet PEM-membran:\u00a0<\/strong>Avansert teknologi med platina-titan-elektroder og lav driftsspenning gir renere H\u2082 uten biprodukter som\u00a0klor, ozon eller tungmetaller\u00a0&#8211;\u00a0og sikrer lang levetid.<\/li>\n<li><strong>Sikker og helsevennlig:\u00a0<\/strong>Laget av BPA-fri Tritan\u2122 og IHSA-sertifisert* for vannkvalitet.\u00a0 T\u00e5ler varmt vann (opp til 100\u202f\u00b0C), st\u00f8tsikker\u00a0og er enkel \u00e5 ta med overalt.<\/li>\n<li><strong>Ideell antioksidant:\u00a0<\/strong>Hydrogen virker selektivt der kroppen trenger det mest og forlater kroppen raskt uten \u00e5 forstyrre naturlige prosesser.<\/li>\n<\/ul>\n<h5><strong>CellPower &#8211; mer helhetlig st\u00f8tte enn standard hydrogenflasker!<\/strong><\/h5>\n<p><em>* International Hydrogen Standards Association<\/em><\/p>\n<\/div>\n<\/div>\n<\/div>\n<\/div>\n<div class=\"bg-primary flex-container align-middle padding-y\">\n<div class=\"grid-container padding-y\">\n<div class=\"grid-x grid-padding-x grid-padding-y\">\n<div class=\"cell\">\n<h2 style=\"text-align: center;\"><em>S\u00e5 enkelt som \u00e5 drikke vann, men n\u00e5 er vannet ditt superladet!<\/em><\/h2>\n<h2 style=\"text-align: center;\"><em>Gi kroppen din det lille ekstra \u2013 drikk, nyt, og kjenn energien!<\/em><\/h2>\n<h3 style=\"text-align: center;\"><span style=\"color: #ff0000;\">Introduksjonstilbudet gjelder KUN s\u00e5 lenge lageret rekker!<\/span><\/h3>\n<p>&nbsp;<\/p>\n<\/div>\n<\/div>\n<\/div>\n<\/div>\n","protected":false},"excerpt":{"rendered":"<h5><strong>Tilleggsinformasjon<\/strong><\/h5>\n<p>Vekt: 460 g<br \/>\nFarge: Grafitt gr\u00e5 eller Gull<br \/>\nKapasitet: 2,5dl<br \/>\nDimensjoner: 22,5 x 6 x 6 cm<\/p>\n<p>Leveres med USB-C kabel og en induktiv ladeplate for lading<\/p>\n","protected":false},"featured_media":18192,"comment_status":"open","ping_status":"closed","template":"","meta":[],"product_brand":[],"product_cat":[53,96],"product_tag":[],"class_list":{"0":"post-18580","1":"product","2":"type-product","3":"status-publish","4":"has-post-thumbnail","6":"product_cat-nyheter","7":"product_cat-velvaereprodukter","9":"first","10":"instock","11":"sale","12":"taxable","13":"shipping-taxable","14":"purchasable","15":"product-type-variable"},"yoast_head":"<!-- This site is optimized with the Yoast SEO plugin v27.3 - https:\/\/yoast.com\/product\/yoast-seo-wordpress\/ -->\n<title>Hydrogenvannflaske - CellPower - EMF Consult<\/title>\n<meta name=\"description\" content=\"RENT HELSEBRINGENDE VANN MED MEGAHOME DESTILLATOR! I Norge er vi oppl\u00e6rt til \u00e5 tro at vi har rent vann i springen og at det er helt un\u00f8dvendig \u00e5 rense vannet. Sannheten er derimot at urenheter i drikkevannet belaster kroppen un\u00f8dvendig! Ved anskaffelse av en Megahome 316 Deluxe vanndestillator kan du derimot gi deg selv helt rent drikkevann, der alle former for virus, bakterier og giftstoffer er fjernet. Du har antakelig aldri smakt rent vann, hvis du ikke har drukket vann fra en destillator. En slik maskin vil kunne ha en sv\u00e6rt positiv innvirkning p\u00e5 helsen din, da den n\u00e6rmest fungerer som en ekstra nyre. Den sparer med andre ord kroppens indre organer fra \u00e5 m\u00e5tte filtrere alle urenhetene ved \u00e5 fjerne disse p\u00e5 forh\u00e5nd.\" \/>\n<meta name=\"robots\" content=\"index, follow, max-snippet:-1, max-image-preview:large, max-video-preview:-1\" \/>\n<link rel=\"canonical\" href=\"https:\/\/emf-consult.com\/nettbutikk\/produkt\/hydrogenvannflaske-cellpower\/\" \/>\n<meta property=\"og:locale\" content=\"nb_NO\" \/>\n<meta property=\"og:type\" content=\"article\" \/>\n<meta property=\"og:title\" content=\"RENT HELSEBRINGENDE VANN MED MEGAHOME DESTILLATOR!\" \/>\n<meta property=\"og:description\" content=\"I Norge er vi oppl\u00e6rt til \u00e5 tro at vi har rent vann i springen og at det er helt un\u00f8dvendig \u00e5 rense vannet. Sannheten er derimot at urenheter i drikkevannet belaster kroppen un\u00f8dvendig! Ved anskaffelse av en Megahome 316 Deluxe vanndestillator kan du derimot gi deg selv helt rent drikkevann, der alle former for virus, bakterier og giftstoffer er fjernet. Du har antakelig aldri smakt rent vann, hvis du ikke har drukket vann fra en destillator. En slik maskin vil kunne ha en sv\u00e6rt positiv innvirkning p\u00e5 helsen din, da den n\u00e6rmest fungerer som en ekstra nyre. Den sparer med andre ord kroppens indre organer fra \u00e5 m\u00e5tte filtrere alle urenhetene ved \u00e5 fjerne disse p\u00e5 forh\u00e5nd.\" \/>\n<meta property=\"og:url\" content=\"https:\/\/emf-consult.com\/nettbutikk\/produkt\/hydrogenvannflaske-cellpower\/\" \/>\n<meta property=\"og:site_name\" content=\"EMF Consult\" \/>\n<meta property=\"article:publisher\" content=\"https:\/\/www.facebook.com\/emfconsult\" \/>\n<meta property=\"article:modified_time\" content=\"2026-04-09T23:32:40+00:00\" \/>\n<meta property=\"og:image\" content=\"https:\/\/emf-consult.com\/nettbutikk\/wp-content\/uploads\/2019\/12\/Megahome-316-bord.png\" \/>\n\t<meta property=\"og:image:width\" content=\"800\" \/>\n\t<meta property=\"og:image:height\" content=\"800\" \/>\n\t<meta property=\"og:image:type\" content=\"image\/png\" \/>\n<meta name=\"twitter:card\" content=\"summary_large_image\" \/>\n<meta name=\"twitter:label1\" content=\"Ansl. lesetid\" \/>\n\t<meta name=\"twitter:data1\" content=\"3 minutter\" \/>\n<script type=\"application\/ld+json\" class=\"yoast-schema-graph\">{\"@context\":\"https:\\\/\\\/schema.org\",\"@graph\":[{\"@type\":\"WebPage\",\"@id\":\"https:\\\/\\\/emf-consult.com\\\/nettbutikk\\\/produkt\\\/hydrogenvannflaske-cellpower\\\/\",\"url\":\"https:\\\/\\\/emf-consult.com\\\/nettbutikk\\\/produkt\\\/hydrogenvannflaske-cellpower\\\/\",\"name\":\"Hydrogenvannflaske - CellPower - EMF Consult\",\"isPartOf\":{\"@id\":\"https:\\\/\\\/emf-consult.com\\\/nettbutikk\\\/#website\"},\"primaryImageOfPage\":{\"@id\":\"https:\\\/\\\/emf-consult.com\\\/nettbutikk\\\/produkt\\\/hydrogenvannflaske-cellpower\\\/#primaryimage\"},\"image\":{\"@id\":\"https:\\\/\\\/emf-consult.com\\\/nettbutikk\\\/produkt\\\/hydrogenvannflaske-cellpower\\\/#primaryimage\"},\"thumbnailUrl\":\"https:\\\/\\\/emf-consult.com\\\/nettbutikk\\\/wp-content\\\/uploads\\\/2025\\\/07\\\/Cellpower-transparent-800x800-1.jpg\",\"datePublished\":\"2025-12-02T11:58:26+00:00\",\"dateModified\":\"2026-04-09T23:32:40+00:00\",\"description\":\"RENT HELSEBRINGENDE VANN MED MEGAHOME DESTILLATOR! I Norge er vi oppl\u00e6rt til \u00e5 tro at vi har rent vann i springen og at det er helt un\u00f8dvendig \u00e5 rense vannet. Sannheten er derimot at urenheter i drikkevannet belaster kroppen un\u00f8dvendig! Ved anskaffelse av en Megahome 316 Deluxe vanndestillator kan du derimot gi deg selv helt rent drikkevann, der alle former for virus, bakterier og giftstoffer er fjernet. Du har antakelig aldri smakt rent vann, hvis du ikke har drukket vann fra en destillator. En slik maskin vil kunne ha en sv\u00e6rt positiv innvirkning p\u00e5 helsen din, da den n\u00e6rmest fungerer som en ekstra nyre. Den sparer med andre ord kroppens indre organer fra \u00e5 m\u00e5tte filtrere alle urenhetene ved \u00e5 fjerne disse p\u00e5 forh\u00e5nd.\",\"breadcrumb\":{\"@id\":\"https:\\\/\\\/emf-consult.com\\\/nettbutikk\\\/produkt\\\/hydrogenvannflaske-cellpower\\\/#breadcrumb\"},\"inLanguage\":\"nb-NO\",\"potentialAction\":[{\"@type\":\"ReadAction\",\"target\":[\"https:\\\/\\\/emf-consult.com\\\/nettbutikk\\\/produkt\\\/hydrogenvannflaske-cellpower\\\/\"]}]},{\"@type\":\"ImageObject\",\"inLanguage\":\"nb-NO\",\"@id\":\"https:\\\/\\\/emf-consult.com\\\/nettbutikk\\\/produkt\\\/hydrogenvannflaske-cellpower\\\/#primaryimage\",\"url\":\"https:\\\/\\\/emf-consult.com\\\/nettbutikk\\\/wp-content\\\/uploads\\\/2025\\\/07\\\/Cellpower-transparent-800x800-1.jpg\",\"contentUrl\":\"https:\\\/\\\/emf-consult.com\\\/nettbutikk\\\/wp-content\\\/uploads\\\/2025\\\/07\\\/Cellpower-transparent-800x800-1.jpg\",\"width\":799,\"height\":800},{\"@type\":\"BreadcrumbList\",\"@id\":\"https:\\\/\\\/emf-consult.com\\\/nettbutikk\\\/produkt\\\/hydrogenvannflaske-cellpower\\\/#breadcrumb\",\"itemListElement\":[{\"@type\":\"ListItem\",\"position\":1,\"name\":\"Hjem\",\"item\":\"https:\\\/\\\/emf-consult.com\\\/nettbutikk\\\/\"},{\"@type\":\"ListItem\",\"position\":2,\"name\":\"Butikk\",\"item\":\"https:\\\/\\\/emf-consult.com\\\/nettbutikk\\\/butikk\\\/\"},{\"@type\":\"ListItem\",\"position\":3,\"name\":\"Hydrogenvannflaske &#8211; CellPower\"}]},{\"@type\":\"WebSite\",\"@id\":\"https:\\\/\\\/emf-consult.com\\\/nettbutikk\\\/#website\",\"url\":\"https:\\\/\\\/emf-consult.com\\\/nettbutikk\\\/\",\"name\":\"EMF Consult\",\"description\":\"Nettbutikk - Beskyttelse mot str\u00e5ling\",\"publisher\":{\"@id\":\"https:\\\/\\\/emf-consult.com\\\/nettbutikk\\\/#organization\"},\"potentialAction\":[{\"@type\":\"SearchAction\",\"target\":{\"@type\":\"EntryPoint\",\"urlTemplate\":\"https:\\\/\\\/emf-consult.com\\\/nettbutikk\\\/?s={search_term_string}\"},\"query-input\":{\"@type\":\"PropertyValueSpecification\",\"valueRequired\":true,\"valueName\":\"search_term_string\"}}],\"inLanguage\":\"nb-NO\"},{\"@type\":\"Organization\",\"@id\":\"https:\\\/\\\/emf-consult.com\\\/nettbutikk\\\/#organization\",\"name\":\"EMF Consult AS\",\"url\":\"https:\\\/\\\/emf-consult.com\\\/nettbutikk\\\/\",\"logo\":{\"@type\":\"ImageObject\",\"inLanguage\":\"nb-NO\",\"@id\":\"https:\\\/\\\/emf-consult.com\\\/nettbutikk\\\/#\\\/schema\\\/logo\\\/image\\\/\",\"url\":\"https:\\\/\\\/emf-consult.com\\\/nettbutikk\\\/wp-content\\\/uploads\\\/2022\\\/07\\\/cropped-Favikon-rod-e1658786300694.png\",\"contentUrl\":\"https:\\\/\\\/emf-consult.com\\\/nettbutikk\\\/wp-content\\\/uploads\\\/2022\\\/07\\\/cropped-Favikon-rod-e1658786300694.png\",\"width\":150,\"height\":150,\"caption\":\"EMF Consult AS\"},\"image\":{\"@id\":\"https:\\\/\\\/emf-consult.com\\\/nettbutikk\\\/#\\\/schema\\\/logo\\\/image\\\/\"},\"sameAs\":[\"https:\\\/\\\/www.facebook.com\\\/emfconsult\",\"https:\\\/\\\/www.linkedin.com\\\/company\\\/emf-consult\\\/\"]}]}<\/script>\n<!-- \/ Yoast SEO plugin. -->","yoast_head_json":{"title":"Hydrogenvannflaske - CellPower - EMF Consult","description":"RENT HELSEBRINGENDE VANN MED MEGAHOME DESTILLATOR! I Norge er vi oppl\u00e6rt til \u00e5 tro at vi har rent vann i springen og at det er helt un\u00f8dvendig \u00e5 rense vannet. Sannheten er derimot at urenheter i drikkevannet belaster kroppen un\u00f8dvendig! Ved anskaffelse av en Megahome 316 Deluxe vanndestillator kan du derimot gi deg selv helt rent drikkevann, der alle former for virus, bakterier og giftstoffer er fjernet. Du har antakelig aldri smakt rent vann, hvis du ikke har drukket vann fra en destillator. En slik maskin vil kunne ha en sv\u00e6rt positiv innvirkning p\u00e5 helsen din, da den n\u00e6rmest fungerer som en ekstra nyre. Den sparer med andre ord kroppens indre organer fra \u00e5 m\u00e5tte filtrere alle urenhetene ved \u00e5 fjerne disse p\u00e5 forh\u00e5nd.","robots":{"index":"index","follow":"follow","max-snippet":"max-snippet:-1","max-image-preview":"max-image-preview:large","max-video-preview":"max-video-preview:-1"},"canonical":"https:\/\/emf-consult.com\/nettbutikk\/produkt\/hydrogenvannflaske-cellpower\/","og_locale":"nb_NO","og_type":"article","og_title":"RENT HELSEBRINGENDE VANN MED MEGAHOME DESTILLATOR!","og_description":"I Norge er vi oppl\u00e6rt til \u00e5 tro at vi har rent vann i springen og at det er helt un\u00f8dvendig \u00e5 rense vannet. Sannheten er derimot at urenheter i drikkevannet belaster kroppen un\u00f8dvendig! Ved anskaffelse av en Megahome 316 Deluxe vanndestillator kan du derimot gi deg selv helt rent drikkevann, der alle former for virus, bakterier og giftstoffer er fjernet. Du har antakelig aldri smakt rent vann, hvis du ikke har drukket vann fra en destillator. En slik maskin vil kunne ha en sv\u00e6rt positiv innvirkning p\u00e5 helsen din, da den n\u00e6rmest fungerer som en ekstra nyre. Den sparer med andre ord kroppens indre organer fra \u00e5 m\u00e5tte filtrere alle urenhetene ved \u00e5 fjerne disse p\u00e5 forh\u00e5nd.","og_url":"https:\/\/emf-consult.com\/nettbutikk\/produkt\/hydrogenvannflaske-cellpower\/","og_site_name":"EMF Consult","article_publisher":"https:\/\/www.facebook.com\/emfconsult","article_modified_time":"2026-04-09T23:32:40+00:00","og_image":[{"width":800,"height":800,"url":"https:\/\/emf-consult.com\/nettbutikk\/wp-content\/uploads\/2019\/12\/Megahome-316-bord.png","type":"image\/png"}],"twitter_card":"summary_large_image","twitter_misc":{"Ansl. lesetid":"3 minutter"},"schema":{"@context":"https:\/\/schema.org","@graph":[{"@type":"WebPage","@id":"https:\/\/emf-consult.com\/nettbutikk\/produkt\/hydrogenvannflaske-cellpower\/","url":"https:\/\/emf-consult.com\/nettbutikk\/produkt\/hydrogenvannflaske-cellpower\/","name":"Hydrogenvannflaske - CellPower - EMF Consult","isPartOf":{"@id":"https:\/\/emf-consult.com\/nettbutikk\/#website"},"primaryImageOfPage":{"@id":"https:\/\/emf-consult.com\/nettbutikk\/produkt\/hydrogenvannflaske-cellpower\/#primaryimage"},"image":{"@id":"https:\/\/emf-consult.com\/nettbutikk\/produkt\/hydrogenvannflaske-cellpower\/#primaryimage"},"thumbnailUrl":"https:\/\/emf-consult.com\/nettbutikk\/wp-content\/uploads\/2025\/07\/Cellpower-transparent-800x800-1.jpg","datePublished":"2025-12-02T11:58:26+00:00","dateModified":"2026-04-09T23:32:40+00:00","description":"RENT HELSEBRINGENDE VANN MED MEGAHOME DESTILLATOR! I Norge er vi oppl\u00e6rt til \u00e5 tro at vi har rent vann i springen og at det er helt un\u00f8dvendig \u00e5 rense vannet. Sannheten er derimot at urenheter i drikkevannet belaster kroppen un\u00f8dvendig! Ved anskaffelse av en Megahome 316 Deluxe vanndestillator kan du derimot gi deg selv helt rent drikkevann, der alle former for virus, bakterier og giftstoffer er fjernet. Du har antakelig aldri smakt rent vann, hvis du ikke har drukket vann fra en destillator. En slik maskin vil kunne ha en sv\u00e6rt positiv innvirkning p\u00e5 helsen din, da den n\u00e6rmest fungerer som en ekstra nyre. Den sparer med andre ord kroppens indre organer fra \u00e5 m\u00e5tte filtrere alle urenhetene ved \u00e5 fjerne disse p\u00e5 forh\u00e5nd.","breadcrumb":{"@id":"https:\/\/emf-consult.com\/nettbutikk\/produkt\/hydrogenvannflaske-cellpower\/#breadcrumb"},"inLanguage":"nb-NO","potentialAction":[{"@type":"ReadAction","target":["https:\/\/emf-consult.com\/nettbutikk\/produkt\/hydrogenvannflaske-cellpower\/"]}]},{"@type":"ImageObject","inLanguage":"nb-NO","@id":"https:\/\/emf-consult.com\/nettbutikk\/produkt\/hydrogenvannflaske-cellpower\/#primaryimage","url":"https:\/\/emf-consult.com\/nettbutikk\/wp-content\/uploads\/2025\/07\/Cellpower-transparent-800x800-1.jpg","contentUrl":"https:\/\/emf-consult.com\/nettbutikk\/wp-content\/uploads\/2025\/07\/Cellpower-transparent-800x800-1.jpg","width":799,"height":800},{"@type":"BreadcrumbList","@id":"https:\/\/emf-consult.com\/nettbutikk\/produkt\/hydrogenvannflaske-cellpower\/#breadcrumb","itemListElement":[{"@type":"ListItem","position":1,"name":"Hjem","item":"https:\/\/emf-consult.com\/nettbutikk\/"},{"@type":"ListItem","position":2,"name":"Butikk","item":"https:\/\/emf-consult.com\/nettbutikk\/butikk\/"},{"@type":"ListItem","position":3,"name":"Hydrogenvannflaske &#8211; CellPower"}]},{"@type":"WebSite","@id":"https:\/\/emf-consult.com\/nettbutikk\/#website","url":"https:\/\/emf-consult.com\/nettbutikk\/","name":"EMF Consult","description":"Nettbutikk - Beskyttelse mot str\u00e5ling","publisher":{"@id":"https:\/\/emf-consult.com\/nettbutikk\/#organization"},"potentialAction":[{"@type":"SearchAction","target":{"@type":"EntryPoint","urlTemplate":"https:\/\/emf-consult.com\/nettbutikk\/?s={search_term_string}"},"query-input":{"@type":"PropertyValueSpecification","valueRequired":true,"valueName":"search_term_string"}}],"inLanguage":"nb-NO"},{"@type":"Organization","@id":"https:\/\/emf-consult.com\/nettbutikk\/#organization","name":"EMF Consult AS","url":"https:\/\/emf-consult.com\/nettbutikk\/","logo":{"@type":"ImageObject","inLanguage":"nb-NO","@id":"https:\/\/emf-consult.com\/nettbutikk\/#\/schema\/logo\/image\/","url":"https:\/\/emf-consult.com\/nettbutikk\/wp-content\/uploads\/2022\/07\/cropped-Favikon-rod-e1658786300694.png","contentUrl":"https:\/\/emf-consult.com\/nettbutikk\/wp-content\/uploads\/2022\/07\/cropped-Favikon-rod-e1658786300694.png","width":150,"height":150,"caption":"EMF Consult AS"},"image":{"@id":"https:\/\/emf-consult.com\/nettbutikk\/#\/schema\/logo\/image\/"},"sameAs":["https:\/\/www.facebook.com\/emfconsult","https:\/\/www.linkedin.com\/company\/emf-consult\/"]}]}},"_links":{"self":[{"href":"https:\/\/emf-consult.com\/nettbutikk\/wp-json\/wp\/v2\/product\/18580","targetHints":{"allow":["GET"]}}],"collection":[{"href":"https:\/\/emf-consult.com\/nettbutikk\/wp-json\/wp\/v2\/product"}],"about":[{"href":"https:\/\/emf-consult.com\/nettbutikk\/wp-json\/wp\/v2\/types\/product"}],"replies":[{"embeddable":true,"href":"https:\/\/emf-consult.com\/nettbutikk\/wp-json\/wp\/v2\/comments?post=18580"}],"wp:featuredmedia":[{"embeddable":true,"href":"https:\/\/emf-consult.com\/nettbutikk\/wp-json\/wp\/v2\/media\/18192"}],"wp:attachment":[{"href":"https:\/\/emf-consult.com\/nettbutikk\/wp-json\/wp\/v2\/media?parent=18580"}],"wp:term":[{"taxonomy":"product_brand","embeddable":true,"href":"https:\/\/emf-consult.com\/nettbutikk\/wp-json\/wp\/v2\/product_brand?post=18580"},{"taxonomy":"product_cat","embeddable":true,"href":"https:\/\/emf-consult.com\/nettbutikk\/wp-json\/wp\/v2\/product_cat?post=18580"},{"taxonomy":"product_tag","embeddable":true,"href":"https:\/\/emf-consult.com\/nettbutikk\/wp-json\/wp\/v2\/product_tag?post=18580"}],"curies":[{"name":"wp","href":"https:\/\/api.w.org\/{rel}","templated":true}]}}