{"id":18456,"date":"2025-11-01T21:57:03","date_gmt":"2025-11-01T20:57:03","guid":{"rendered":"https:\/\/emf-consult.com\/nettbutikk\/?post_type=product&#038;p=18456"},"modified":"2026-01-19T10:44:07","modified_gmt":"2026-01-19T09:44:07","slug":"usb-a-og-usb-c-til-ethernet-adapter","status":"publish","type":"product","link":"https:\/\/emf-consult.com\/nettbutikk\/produkt\/usb-a-og-usb-c-til-ethernet-adapter\/","title":{"rendered":"USB-A og USB-C til Ethernet adapter"},"content":{"rendered":"<p>Dra fordel av p\u00e5litelig og h\u00f8y kablet intertnetthastighet med USB Ethernet Adapter. Adapteren har en USB-A og en USB-C-kontakt i ene enden og en Gigabit Ethernet-port p\u00e5 andre siden, hvilket gj\u00f8r det enkelt \u00e5 opprette en kablet Internettilkobling med PC, Macbook Air, Chromebook eller Ultrabook.<\/p>\n<div>\n<div>\n<p>Med dette Ethernet adapteret f\u00e5r du h\u00f8y hastighet ved dataoverf\u00f8ringer, hvilket er ideelt for nedlasting av store filer eller til \u00e5 str\u00f8mme filmer.<\/p>\n<p>Med kablet internett kan du sl\u00e5 av WiFi og surfe p\u00e5 nettet uten elektromagnetisk str\u00e5ling.<\/p>\n<\/div>\n<\/div>\n<div>\n<div>\n<h4>Perfekt \u00e5 ta med seg p\u00e5 reisen<\/h4>\n<\/div>\n<\/div>\n<div>\n<div>\n<p>Adapteren er den perfekte l\u00f8sningen for forretningsreisende som trenger en sikker og rask kablet Ethernet-tilkobling p\u00e5 et hotell eller p\u00e5 en konferanse.<br \/>\nKoble USB-A eller USC-C adapter til din Macbook Air, Chromebook eller Ultrabook og koble Gigabit Ethernet-porten til en <a href=\"https:\/\/emf-consult.com\/nettbutikk\/produkt\/skjermet-ethernettkabel-stp-cat5e-hvit\/\">Skjermet Ethernetkabel<\/a> og videre til en ruter. Adapteret er ideelt for reiser, og har et tynt og fleksibelt design som passer fint i lommen eller vesken.<\/p>\n<\/div>\n<\/div>\n","protected":false},"excerpt":{"rendered":"<table class=\"table table-striped\">\n<tbody>\n<tr class=\"info\">\n<th class=\"plCategoryHeader plCid_293\" colspan=\"2\">Nettverkstilknytning<\/th>\n<\/tr>\n<tr>\n<td class=\"plHeader\">Porter<\/td>\n<td class=\"plValue\">Gigabit Ethernet<\/td>\n<\/tr>\n<tr>\n<td class=\"plHeader\">Overf\u00f8ringsteknologi<\/td>\n<td class=\"plValue\">Kablet<\/td>\n<\/tr>\n<tr>\n<td class=\"plHeader\">Kabelf\u00f8ringstype<\/td>\n<td class=\"plValue\">Ethernet 10Base-T, Ethernet 100Base-TX, Ethernet 1000Base-T<\/td>\n<\/tr>\n<tr>\n<td class=\"plHeader\">Datakjedeprotokoll<\/td>\n<td class=\"plValue\">Ethernet, Fast Ethernet, Gigabit Ethernet<\/td>\n<\/tr>\n<tr>\n<td class=\"plHeader\">Statusindikatorer<\/td>\n<td class=\"plValue\">Lenke\/aktivitet<\/td>\n<\/tr>\n<tr>\n<td class=\"plHeader\">Tilpassede standarder<\/td>\n<td class=\"plValue\">IEEE 802.3, IEEE 802.3u, IEEE 802.3ab, USB 1.1, USB 2.0, USB 3.0<\/td>\n<\/tr>\n<\/tbody>\n<\/table>\n<p>&nbsp;<\/p>\n<table class=\"table table-striped\">\n<tbody>\n<tr class=\"info\">\n<th class=\"plCategoryHeader plCid_693\" colspan=\"2\">M\u00e5l og vekt<\/th>\n<\/tr>\n<tr>\n<td class=\"plHeader\">Dybde<\/td>\n<td class=\"plValue\">2.535 cm<\/td>\n<\/tr>\n<tr>\n<td class=\"plHeader\">H\u00f8yde<\/td>\n<td class=\"plValue\">1.765 cm<\/td>\n<\/tr>\n<tr>\n<td class=\"plHeader\">Lengde<\/td>\n<td class=\"plValue\">20.23 cm<\/td>\n<\/tr>\n<tr>\n<td class=\"plHeader\">Vekt<\/td>\n<td class=\"plValue\">23 g<\/td>\n<\/tr>\n<\/tbody>\n<\/table>\n","protected":false},"featured_media":18460,"comment_status":"open","ping_status":"closed","template":"","meta":[],"product_brand":[],"product_cat":[29],"product_tag":[],"class_list":{"0":"post-18456","1":"product","2":"type-product","3":"status-publish","4":"has-post-thumbnail","6":"product_cat-data-tele","8":"first","9":"instock","10":"taxable","11":"shipping-taxable","12":"purchasable","13":"product-type-simple"},"yoast_head":"<!-- This site is optimized with the Yoast SEO plugin v27.4 - https:\/\/yoast.com\/product\/yoast-seo-wordpress\/ -->\n<title>USB-A og USB-C til Ethernet adapter - EMF Consult<\/title>\n<meta name=\"robots\" content=\"index, follow, max-snippet:-1, max-image-preview:large, max-video-preview:-1\" \/>\n<link rel=\"canonical\" href=\"https:\/\/emf-consult.com\/nettbutikk\/produkt\/usb-a-og-usb-c-til-ethernet-adapter\/\" \/>\n<meta property=\"og:locale\" content=\"nb_NO\" \/>\n<meta property=\"og:type\" content=\"article\" \/>\n<meta property=\"og:title\" content=\"USB-A og USB-C til Ethernet adapter - EMF Consult\" \/>\n<meta property=\"og:description\" content=\"Nettverkstilknytning   Porter Gigabit Ethernet   Overf\u00f8ringsteknologi Kablet   Kabelf\u00f8ringstype Ethernet 10Base-T, Ethernet 100Base-TX, Ethernet 1000Base-T   Datakjedeprotokoll Ethernet, Fast Ethernet, Gigabit Ethernet   Statusindikatorer Lenke\/aktivitet   Tilpassede standarder IEEE 802.3, IEEE 802.3u, IEEE 802.3ab, USB 1.1, USB 2.0, USB 3.0    &nbsp;    M\u00e5l og vekt   Dybde 2.535 cm   H\u00f8yde 1.765 cm   Lengde 20.23 cm   Vekt 23 g\" \/>\n<meta property=\"og:url\" content=\"https:\/\/emf-consult.com\/nettbutikk\/produkt\/usb-a-og-usb-c-til-ethernet-adapter\/\" \/>\n<meta property=\"og:site_name\" content=\"EMF Consult\" \/>\n<meta property=\"article:publisher\" content=\"https:\/\/www.facebook.com\/emfconsult\" \/>\n<meta property=\"article:modified_time\" content=\"2026-01-19T09:44:07+00:00\" \/>\n<meta property=\"og:image\" content=\"https:\/\/emf-consult.com\/nettbutikk\/wp-content\/uploads\/2025\/11\/USB-C-A-Ethernet-adapter-1.jpg\" \/>\n\t<meta property=\"og:image:width\" content=\"800\" \/>\n\t<meta property=\"og:image:height\" content=\"800\" \/>\n\t<meta property=\"og:image:type\" content=\"image\/jpeg\" \/>\n<meta name=\"twitter:card\" content=\"summary_large_image\" \/>\n<meta name=\"twitter:label1\" content=\"Ansl. lesetid\" \/>\n\t<meta name=\"twitter:data1\" content=\"2 minutter\" \/>\n<script type=\"application\/ld+json\" class=\"yoast-schema-graph\">{\"@context\":\"https:\\\/\\\/schema.org\",\"@graph\":[{\"@type\":\"WebPage\",\"@id\":\"https:\\\/\\\/emf-consult.com\\\/nettbutikk\\\/produkt\\\/usb-a-og-usb-c-til-ethernet-adapter\\\/\",\"url\":\"https:\\\/\\\/emf-consult.com\\\/nettbutikk\\\/produkt\\\/usb-a-og-usb-c-til-ethernet-adapter\\\/\",\"name\":\"USB-A og USB-C til Ethernet adapter - EMF Consult\",\"isPartOf\":{\"@id\":\"https:\\\/\\\/emf-consult.com\\\/nettbutikk\\\/#website\"},\"primaryImageOfPage\":{\"@id\":\"https:\\\/\\\/emf-consult.com\\\/nettbutikk\\\/produkt\\\/usb-a-og-usb-c-til-ethernet-adapter\\\/#primaryimage\"},\"image\":{\"@id\":\"https:\\\/\\\/emf-consult.com\\\/nettbutikk\\\/produkt\\\/usb-a-og-usb-c-til-ethernet-adapter\\\/#primaryimage\"},\"thumbnailUrl\":\"https:\\\/\\\/emf-consult.com\\\/nettbutikk\\\/wp-content\\\/uploads\\\/2025\\\/11\\\/USB-C-A-Ethernet-adapter-1.jpg\",\"datePublished\":\"2025-11-01T20:57:03+00:00\",\"dateModified\":\"2026-01-19T09:44:07+00:00\",\"breadcrumb\":{\"@id\":\"https:\\\/\\\/emf-consult.com\\\/nettbutikk\\\/produkt\\\/usb-a-og-usb-c-til-ethernet-adapter\\\/#breadcrumb\"},\"inLanguage\":\"nb-NO\",\"potentialAction\":[{\"@type\":\"ReadAction\",\"target\":[\"https:\\\/\\\/emf-consult.com\\\/nettbutikk\\\/produkt\\\/usb-a-og-usb-c-til-ethernet-adapter\\\/\"]}]},{\"@type\":\"ImageObject\",\"inLanguage\":\"nb-NO\",\"@id\":\"https:\\\/\\\/emf-consult.com\\\/nettbutikk\\\/produkt\\\/usb-a-og-usb-c-til-ethernet-adapter\\\/#primaryimage\",\"url\":\"https:\\\/\\\/emf-consult.com\\\/nettbutikk\\\/wp-content\\\/uploads\\\/2025\\\/11\\\/USB-C-A-Ethernet-adapter-1.jpg\",\"contentUrl\":\"https:\\\/\\\/emf-consult.com\\\/nettbutikk\\\/wp-content\\\/uploads\\\/2025\\\/11\\\/USB-C-A-Ethernet-adapter-1.jpg\",\"width\":800,\"height\":800},{\"@type\":\"BreadcrumbList\",\"@id\":\"https:\\\/\\\/emf-consult.com\\\/nettbutikk\\\/produkt\\\/usb-a-og-usb-c-til-ethernet-adapter\\\/#breadcrumb\",\"itemListElement\":[{\"@type\":\"ListItem\",\"position\":1,\"name\":\"Hjem\",\"item\":\"https:\\\/\\\/emf-consult.com\\\/nettbutikk\\\/\"},{\"@type\":\"ListItem\",\"position\":2,\"name\":\"Butikk\",\"item\":\"https:\\\/\\\/emf-consult.com\\\/nettbutikk\\\/butikk\\\/\"},{\"@type\":\"ListItem\",\"position\":3,\"name\":\"USB-A og USB-C til Ethernet adapter\"}]},{\"@type\":\"WebSite\",\"@id\":\"https:\\\/\\\/emf-consult.com\\\/nettbutikk\\\/#website\",\"url\":\"https:\\\/\\\/emf-consult.com\\\/nettbutikk\\\/\",\"name\":\"EMF Consult\",\"description\":\"Nettbutikk - Beskyttelse mot str\u00e5ling\",\"publisher\":{\"@id\":\"https:\\\/\\\/emf-consult.com\\\/nettbutikk\\\/#organization\"},\"potentialAction\":[{\"@type\":\"SearchAction\",\"target\":{\"@type\":\"EntryPoint\",\"urlTemplate\":\"https:\\\/\\\/emf-consult.com\\\/nettbutikk\\\/?s={search_term_string}\"},\"query-input\":{\"@type\":\"PropertyValueSpecification\",\"valueRequired\":true,\"valueName\":\"search_term_string\"}}],\"inLanguage\":\"nb-NO\"},{\"@type\":\"Organization\",\"@id\":\"https:\\\/\\\/emf-consult.com\\\/nettbutikk\\\/#organization\",\"name\":\"EMF Consult AS\",\"url\":\"https:\\\/\\\/emf-consult.com\\\/nettbutikk\\\/\",\"logo\":{\"@type\":\"ImageObject\",\"inLanguage\":\"nb-NO\",\"@id\":\"https:\\\/\\\/emf-consult.com\\\/nettbutikk\\\/#\\\/schema\\\/logo\\\/image\\\/\",\"url\":\"https:\\\/\\\/emf-consult.com\\\/nettbutikk\\\/wp-content\\\/uploads\\\/2022\\\/07\\\/cropped-Favikon-rod-e1658786300694.png\",\"contentUrl\":\"https:\\\/\\\/emf-consult.com\\\/nettbutikk\\\/wp-content\\\/uploads\\\/2022\\\/07\\\/cropped-Favikon-rod-e1658786300694.png\",\"width\":150,\"height\":150,\"caption\":\"EMF Consult AS\"},\"image\":{\"@id\":\"https:\\\/\\\/emf-consult.com\\\/nettbutikk\\\/#\\\/schema\\\/logo\\\/image\\\/\"},\"sameAs\":[\"https:\\\/\\\/www.facebook.com\\\/emfconsult\",\"https:\\\/\\\/www.linkedin.com\\\/company\\\/emf-consult\\\/\"]}]}<\/script>\n<!-- \/ Yoast SEO plugin. -->","yoast_head_json":{"title":"USB-A og USB-C til Ethernet adapter - EMF Consult","robots":{"index":"index","follow":"follow","max-snippet":"max-snippet:-1","max-image-preview":"max-image-preview:large","max-video-preview":"max-video-preview:-1"},"canonical":"https:\/\/emf-consult.com\/nettbutikk\/produkt\/usb-a-og-usb-c-til-ethernet-adapter\/","og_locale":"nb_NO","og_type":"article","og_title":"USB-A og USB-C til Ethernet adapter - EMF Consult","og_description":"Nettverkstilknytning   Porter Gigabit Ethernet   Overf\u00f8ringsteknologi Kablet   Kabelf\u00f8ringstype Ethernet 10Base-T, Ethernet 100Base-TX, Ethernet 1000Base-T   Datakjedeprotokoll Ethernet, Fast Ethernet, Gigabit Ethernet   Statusindikatorer Lenke\/aktivitet   Tilpassede standarder IEEE 802.3, IEEE 802.3u, IEEE 802.3ab, USB 1.1, USB 2.0, USB 3.0    &nbsp;    M\u00e5l og vekt   Dybde 2.535 cm   H\u00f8yde 1.765 cm   Lengde 20.23 cm   Vekt 23 g","og_url":"https:\/\/emf-consult.com\/nettbutikk\/produkt\/usb-a-og-usb-c-til-ethernet-adapter\/","og_site_name":"EMF Consult","article_publisher":"https:\/\/www.facebook.com\/emfconsult","article_modified_time":"2026-01-19T09:44:07+00:00","og_image":[{"width":800,"height":800,"url":"https:\/\/emf-consult.com\/nettbutikk\/wp-content\/uploads\/2025\/11\/USB-C-A-Ethernet-adapter-1.jpg","type":"image\/jpeg"}],"twitter_card":"summary_large_image","twitter_misc":{"Ansl. lesetid":"2 minutter"},"schema":{"@context":"https:\/\/schema.org","@graph":[{"@type":"WebPage","@id":"https:\/\/emf-consult.com\/nettbutikk\/produkt\/usb-a-og-usb-c-til-ethernet-adapter\/","url":"https:\/\/emf-consult.com\/nettbutikk\/produkt\/usb-a-og-usb-c-til-ethernet-adapter\/","name":"USB-A og USB-C til Ethernet adapter - EMF Consult","isPartOf":{"@id":"https:\/\/emf-consult.com\/nettbutikk\/#website"},"primaryImageOfPage":{"@id":"https:\/\/emf-consult.com\/nettbutikk\/produkt\/usb-a-og-usb-c-til-ethernet-adapter\/#primaryimage"},"image":{"@id":"https:\/\/emf-consult.com\/nettbutikk\/produkt\/usb-a-og-usb-c-til-ethernet-adapter\/#primaryimage"},"thumbnailUrl":"https:\/\/emf-consult.com\/nettbutikk\/wp-content\/uploads\/2025\/11\/USB-C-A-Ethernet-adapter-1.jpg","datePublished":"2025-11-01T20:57:03+00:00","dateModified":"2026-01-19T09:44:07+00:00","breadcrumb":{"@id":"https:\/\/emf-consult.com\/nettbutikk\/produkt\/usb-a-og-usb-c-til-ethernet-adapter\/#breadcrumb"},"inLanguage":"nb-NO","potentialAction":[{"@type":"ReadAction","target":["https:\/\/emf-consult.com\/nettbutikk\/produkt\/usb-a-og-usb-c-til-ethernet-adapter\/"]}]},{"@type":"ImageObject","inLanguage":"nb-NO","@id":"https:\/\/emf-consult.com\/nettbutikk\/produkt\/usb-a-og-usb-c-til-ethernet-adapter\/#primaryimage","url":"https:\/\/emf-consult.com\/nettbutikk\/wp-content\/uploads\/2025\/11\/USB-C-A-Ethernet-adapter-1.jpg","contentUrl":"https:\/\/emf-consult.com\/nettbutikk\/wp-content\/uploads\/2025\/11\/USB-C-A-Ethernet-adapter-1.jpg","width":800,"height":800},{"@type":"BreadcrumbList","@id":"https:\/\/emf-consult.com\/nettbutikk\/produkt\/usb-a-og-usb-c-til-ethernet-adapter\/#breadcrumb","itemListElement":[{"@type":"ListItem","position":1,"name":"Hjem","item":"https:\/\/emf-consult.com\/nettbutikk\/"},{"@type":"ListItem","position":2,"name":"Butikk","item":"https:\/\/emf-consult.com\/nettbutikk\/butikk\/"},{"@type":"ListItem","position":3,"name":"USB-A og USB-C til Ethernet adapter"}]},{"@type":"WebSite","@id":"https:\/\/emf-consult.com\/nettbutikk\/#website","url":"https:\/\/emf-consult.com\/nettbutikk\/","name":"EMF Consult","description":"Nettbutikk - Beskyttelse mot str\u00e5ling","publisher":{"@id":"https:\/\/emf-consult.com\/nettbutikk\/#organization"},"potentialAction":[{"@type":"SearchAction","target":{"@type":"EntryPoint","urlTemplate":"https:\/\/emf-consult.com\/nettbutikk\/?s={search_term_string}"},"query-input":{"@type":"PropertyValueSpecification","valueRequired":true,"valueName":"search_term_string"}}],"inLanguage":"nb-NO"},{"@type":"Organization","@id":"https:\/\/emf-consult.com\/nettbutikk\/#organization","name":"EMF Consult AS","url":"https:\/\/emf-consult.com\/nettbutikk\/","logo":{"@type":"ImageObject","inLanguage":"nb-NO","@id":"https:\/\/emf-consult.com\/nettbutikk\/#\/schema\/logo\/image\/","url":"https:\/\/emf-consult.com\/nettbutikk\/wp-content\/uploads\/2022\/07\/cropped-Favikon-rod-e1658786300694.png","contentUrl":"https:\/\/emf-consult.com\/nettbutikk\/wp-content\/uploads\/2022\/07\/cropped-Favikon-rod-e1658786300694.png","width":150,"height":150,"caption":"EMF Consult AS"},"image":{"@id":"https:\/\/emf-consult.com\/nettbutikk\/#\/schema\/logo\/image\/"},"sameAs":["https:\/\/www.facebook.com\/emfconsult","https:\/\/www.linkedin.com\/company\/emf-consult\/"]}]}},"_links":{"self":[{"href":"https:\/\/emf-consult.com\/nettbutikk\/wp-json\/wp\/v2\/product\/18456","targetHints":{"allow":["GET"]}}],"collection":[{"href":"https:\/\/emf-consult.com\/nettbutikk\/wp-json\/wp\/v2\/product"}],"about":[{"href":"https:\/\/emf-consult.com\/nettbutikk\/wp-json\/wp\/v2\/types\/product"}],"replies":[{"embeddable":true,"href":"https:\/\/emf-consult.com\/nettbutikk\/wp-json\/wp\/v2\/comments?post=18456"}],"wp:featuredmedia":[{"embeddable":true,"href":"https:\/\/emf-consult.com\/nettbutikk\/wp-json\/wp\/v2\/media\/18460"}],"wp:attachment":[{"href":"https:\/\/emf-consult.com\/nettbutikk\/wp-json\/wp\/v2\/media?parent=18456"}],"wp:term":[{"taxonomy":"product_brand","embeddable":true,"href":"https:\/\/emf-consult.com\/nettbutikk\/wp-json\/wp\/v2\/product_brand?post=18456"},{"taxonomy":"product_cat","embeddable":true,"href":"https:\/\/emf-consult.com\/nettbutikk\/wp-json\/wp\/v2\/product_cat?post=18456"},{"taxonomy":"product_tag","embeddable":true,"href":"https:\/\/emf-consult.com\/nettbutikk\/wp-json\/wp\/v2\/product_tag?post=18456"}],"curies":[{"name":"wp","href":"https:\/\/api.w.org\/{rel}","templated":true}]}}