{"id":18364,"date":"2025-10-02T18:16:57","date_gmt":"2025-10-02T16:16:57","guid":{"rendered":"https:\/\/emf-consult.com\/nettbutikk\/?post_type=product&#038;p=18364"},"modified":"2026-03-04T01:29:40","modified_gmt":"2026-03-04T00:29:40","slug":"lavstrale-router-full-eco-100-era","status":"publish","type":"product","link":"https:\/\/emf-consult.com\/nettbutikk\/produkt\/lavstrale-router-full-eco-100-era\/","title":{"rendered":"Lavstr\u00e5le Router, Full Eco 100 Era"},"content":{"rendered":"<p>Full-Eco wifi router, 100% str\u00e5lingsfri i standbymodus. Den unike JRS\u00ae Eco 100 wifi-ruteren skifter automatisk til Full-Eco-standby-modus n\u00e5r det ikke er tilkoblet wifi-enheter, noe som reduserer str\u00e5lingen til null. N\u00e5r du kobler til wifi, sl\u00e5s JRS Eco 100-ruteren automatisk p\u00e5 igjen.<\/p>\n<p>De fleste har i dag blitt \u00abavhengige\u00bb av \u00e5 ha tr\u00e5dl\u00f8s tilgang til smarttelefoner, nettbrett, PC osv. Dette har f\u00f8rt til at n\u00e6r sagt alle Norske hjem har en eller flere tr\u00e5dl\u00f8se routere installert.<\/p>\n<p>Det mange ikke tenker p\u00e5 er at disse ordin\u00e6re WiFi routere for tr\u00e5dl\u00f8st nett sender ut et signal 10 ganger per sekund 24 timer per dag, selv n\u00e5r de ikke brukes. Dette resulterer i et un\u00f8dvendig h\u00f8yt niv\u00e5 av h\u00f8yfrekvens elektromagnetisk str\u00e5ling i n\u00e6rmilj\u00f8et. <strong><em>864.000 signalpulser sendes ut hvert d\u00f8gn selv om det tr\u00e5dl\u00f8se nettet ikke er i bruk, &#8211; til hvilken nytte?!<\/em><\/strong><\/p>\n<p>Selv om vi alltid anbefaler kablet nettverk forst\u00e5r vi at mange \u00f8nsker \u00e5 kunne benytte seg av tr\u00e5dl\u00f8st nett n\u00e5 og da. Vi har derfor funnet frem til spennende produkt som gir betydelig mindre str\u00e5ling uten at det g\u00e5r ut over ytelse.<\/p>\n<p><strong>Funksjoner:<\/strong><\/p>\n<ul>\n<li><strong>Reduserer WiFi str\u00e5ling med 100% i standby,<\/strong>\u00a0skifter automatisk til Full-Eco-standby-modus<\/li>\n<li><strong>Reduserer WiFi str\u00e5lingen med 90% i bruk,<\/strong>\u00a0signalpulsene sendes kun \u00e9n gang hvert sekund, eller mindre (justerbart). Tilkoblingshastighet og nettverkstabilitet forblir den samme.<\/li>\n<li><strong>Opp til 99% reduksjon i sendereffekt<\/strong>, justerbart (rekkevidden av router reduseres). 4 eksterne dipolantenner garanterer en isotropisk signalfordeling, slik at brukeren kan stille inn sende-effekten s\u00e5 lavt som mulig samtidig som den opprettholder en god rekkevidde<\/li>\n<li><strong>Mulighet for \u00e5 sl\u00e5 av WiFi sender, 100% str\u00e5lingsfritt <\/strong>&#8211; kablet tilkobling fortsatt mulig.\n<ul>\n<li><strong>Manuell P\u00e5- \/ Av-bryter <\/strong>for WiFi-sender<\/li>\n<li><strong>Justerbar timer<\/strong> for \u00e5 sl\u00e5 router av i faste tidsrom (f.eks. om natten)<\/li>\n<\/ul>\n<\/li>\n<\/ul>\n<p>N\u00e5r du f\u00f8rst installerer JRS Eco 100-ruteren, g\u00e5r den inn i l\u00e6ringsmodus, slik at du enkelt kan koble til alle Wi-Fi-enhetene dine. Ruteren holder automatisk en liste over enheter du har koblet til den. Deretter skifter den automatisk til Full Eco-modus, hvor JRS Eco 100-ruteren er helt str\u00e5lingsfri i standby.<\/p>\n<p>S\u00e5 snart JRS Eco 100-ruteren mottar en tilkoblingsforesp\u00f8rsel fra en tr\u00e5dl\u00f8s enhet i ruterenes registreringsliste, og f\u00f8rst da, vil ruteren sl\u00e5 p\u00e5 wifi-signalet igjen. Din tr\u00e5dl\u00f8se enhet sender en tilkoblingsforesp\u00f8rsel hvis du aktiverer wifi eller \u00e5pner listen over tilgjengelige nettverk.<\/p>\n<p>Den globalt unike JRS Eco 100-teknologien er kompatibel med alle merker og modeller av tr\u00e5dl\u00f8se enheter: Android\u00ae, Apple\u00ae, Windows\u00ae etc. og du mister ikke wifi-hastighet, rekkevidde eller stabilitet. JRS Eco 100 tilbyr ogs\u00e5 redusert signalpuls, akkurat som forrige generasjon JRS Eco wifi, selv under bruk.<\/p>\n<p><strong>Kan jeg oppn\u00e5 det samme ved \u00e5 justere innstillingene i en vanlig ruter?<\/strong> &#8211; JRS Eco 100-funksjonaliteten, som automatisk sl\u00e5r av wifi-signalet helt i standby, er unikt for JRS Eco 100-operativsystemet og er ikke tilgjengelig p\u00e5 vanlige routere.<\/p>\n<p><strong>Hva med andre innstillinger?<\/strong> &#8211;\u00a0Ofte kan du justere overf\u00f8ringseffekten i normale rutere eller bare i grove trinn. JRS Eco 100-firmware gir finjustering av overf\u00f8ringseffekten med en trinnst\u00f8rrelse eller 1 milliwatt, noe som er bedre enn vanlig Asus\u00ae-firmware.<\/p>\n<p><strong>I hvilken grad reduserer en Eco-ruteren min eksponering for wifi-str\u00e5ling?<\/strong> &#8211;\u00a0Wifi er toveistrafikk. Selv om Eco-ruteren reduserer str\u00e5lingen fra ruteren din helt under standby og delvis under drift, reduseres ikke str\u00e5lingen p\u00e5 de tr\u00e5dl\u00f8se enhetene. For hvert stykke data som sendes fra Wi-Fi-ruteren, sendes en bekreftelse tilbake av enheten. Wifi-str\u00e5ling fra enhetene er relativt sterk og du holder ofte disse enhetene sv\u00e6rt n\u00e6r kroppen din. Spesielt i dataintensive applikasjoner, for eksempel video, er wifi-str\u00e5lingen h\u00f8y.<\/p>\n<p><iframe loading=\"lazy\" title=\"The JRS Eco 100 Wireless Router\" src=\"https:\/\/player.vimeo.com\/video\/448056365?dnt=1&amp;app_id=122963\" width=\"500\" height=\"281\" frameborder=\"0\" allow=\"autoplay; fullscreen; picture-in-picture; clipboard-write; encrypted-media; web-share\" referrerpolicy=\"strict-origin-when-cross-origin\"><\/iframe><\/p>\n<p><strong>Merk:<\/strong> Eksponeringen fra elektromagnetisk str\u00e5ling fra laptop, eller annet tr\u00e5dl\u00f8st tilkoblet utstyr, forblir som nevnt uendret. Du kan eventuelt redusere sendereffekten p\u00e5 datamaskinens WiFi-adapter med datamaskinens Enhetsbehandling. &#8211; Alternativt \u00e5 sl\u00e5 av WiFi p\u00e5 PC og annet tr\u00e5dl\u00f8st utstyr n\u00e5r dette ikke er i bruk.<\/p>\n<p><strong>VIKTIG: <\/strong><strong>Selv om man installerer en Full Eco-WiFi- router<\/strong><strong> anbefaler vi allikevel at man til daglig bruker en kablet internett tilkobling fordi denne er str\u00e5lingsfri og minimerer helsefare. WiFi senderen sl\u00e5s kun p\u00e5 og benyttes n\u00e5r kablet internett tilgang er praktisk umulig eller uhensiktsmessig.<\/strong><\/p>\n<p><a href=\"https:\/\/www.youtube.com\/watch?v=5CHaZhbQZdw&amp;feature=share\" target=\"_blank\" rel=\"noopener noreferrer\">Her finner du en liten videosnutt laget av en av v\u00e5re kunder som viser hvordan v\u00e5r tr\u00e5dl\u00f8se ECO WiFi ruter reduserer str\u00e5lingen \ud83d\ude42<\/a><\/p>\n<p><a href=\"https:\/\/www.youtube.com\/watch?v=JOHF0Z2qrP4\" target=\"_blank\" rel=\"noopener noreferrer\">Hvordan installere ECO WiFi router<\/a><\/p>\n<p>Stikkord: Router med lav utgangseffekt\/sendereffekt. Router som str\u00e5ler mindre enn vanlige routere, <a href=\"https:\/\/emf-consult.com\/nettbutikk\/produkt\/skjermet-ethernettkabel-stp-cat5e-hvit\/\">Skjermet Ethernetkabel\u00a0<\/a><\/p>\n","protected":false},"excerpt":{"rendered":"<table width=\"605\">\n<tbody>\n<tr>\n<td width=\"142\">Funksjon:<\/td>\n<td width=\"463\">Dual-band WiFi router som kan redusere elektromagnetisk belastning med mer enn 90% i forhold til standard WiFi routere.\u00a0Full-Eco, null str\u00e5ling i stand-by mode.<\/p>\n<p>Dual-core-prosessor for rask og responsiv ytelse med tr\u00e5dl\u00f8s-, ethernet- og USB-enheter.<\/p>\n<p>S\u00f8ml\u00f8s installasjon og enhetstilkobling: Skann koden p\u00e5 undersiden av ruteren for \u00e5 koble til enhetene dine med et enkelt klikk, slik at de kan vekke Eco-ruteren fra hvilemodus.<\/p>\n<p>Indikasjons-LED-er: Se enkelt n\u00e5r Eco-modus er aktiv gjennom lysene p\u00e5 ruteren.<\/p>\n<p>Med ECO-router firmware installert er det ikke mulighet for \u00e5 kombinere flere routere sammen for \u00e5 lage et maskenett (Mesh-nettverk), da dette bryter med prinsippet om \u00e5 redusere str\u00e5lingsbelastningen.<\/td>\n<\/tr>\n<tr>\n<td width=\"142\">Utforming:<\/td>\n<td width=\"463\">Str\u00e5lings reduserende, WPS-knapp fungerer som WiFi Av-\/P\u00e5 knapp (100% str\u00e5lingsfri), Justerbar timer for \u00e5 sl\u00e5 router av i faste tidsrom (f.eks. om natten.<\/td>\n<\/tr>\n<tr>\n<td width=\"142\">Sender frekvens:<\/td>\n<td width=\"463\">Dual band 2,4GHz og 5GHz<\/td>\n<\/tr>\n<tr>\n<td width=\"142\">Data hastighet:<\/td>\n<td width=\"463\">Med AX4200-wifi leveres en total hastighet p\u00e5 opptil:<\/p>\n<ul>\n<li>3600 Mbps p\u00e5 5 GHz-b\u00e5ndet x 3<\/li>\n<li>600 Mbps p\u00e5 2,4 GHz-b\u00e5ndet x 3<\/li>\n<li>og opprettholder full stabilitet.<\/li>\n<\/ul>\n<\/td>\n<\/tr>\n<tr>\n<td width=\"142\">Datakjedeprotokoll:<\/td>\n<td width=\"463\">Ethernet, Fast Ethernet, Gigabit Ethernet,\u00a0IEEE 802.11b, IEEE 802.11a, IEEE 802.11g, IEEE 802.11n,\u00a0<span id=\"glossaryWord45\" class=\"glossaryWord\" title=\"DLNA\" data-action=\"glossary\" data-container=\"body\" data-trigger=\"focus\" data-placement=\"top\" data-content=\"\" data-link=\"\/ContentJson\/Glossary\/DLNA\">DLNA<\/span>\u00a0CERTIFIED, UPnP, IEEE 802.11ac<\/td>\n<\/tr>\n<tr>\n<td width=\"142\">Antall antenner:<\/td>\n<td width=\"463\">3 eksterne dual-band justerbare og avtakbare antenner<\/td>\n<\/tr>\n<tr>\n<td width=\"142\">Antall WAN porter:<\/td>\n<td width=\"463\">1 x 2,5 Gbps (for tilkobling til modem)<\/td>\n<\/tr>\n<tr>\n<td width=\"142\">Antall LAN porter:<\/td>\n<td width=\"463\">4 x Gigabit (for tilkobling av PC, IP telefon, Smart-TV eller lignende)<\/td>\n<\/tr>\n<tr>\n<td width=\"142\">Antall USB porter:<\/td>\n<td width=\"463\">1 x USB 3.0 (for tilkobling av eksterne USB lagringsenheter, skriver osv.)<\/td>\n<\/tr>\n<tr>\n<td width=\"142\">Str\u00f8mtilf\u00f8rsel:<\/td>\n<td width=\"463\">220 Volt AC og 110 Volt AC kompatibel, 19 VDC utgang maksimalt 1,58 A<br \/>\nJordet st\u00f8psel.<\/td>\n<\/tr>\n<tr>\n<td width=\"142\">Farge:<\/td>\n<td width=\"463\">Svart<\/td>\n<\/tr>\n<tr>\n<td width=\"142\">M\u00e5l (cm):<\/td>\n<td width=\"463\">Bredde 265, Dybde 178 og H\u00f8yde 186<\/td>\n<\/tr>\n<tr>\n<td width=\"142\"><\/td>\n<td width=\"463\"><\/td>\n<\/tr>\n<\/tbody>\n<\/table>\n<p>&nbsp;<\/p>\n<p>Leveres med Spenningsadapter, RJ-45 kabel og CD med brukermanual, hurtig guide og software<\/p>\n","protected":false},"featured_media":18365,"comment_status":"open","ping_status":"closed","template":"","meta":[],"product_brand":[],"product_cat":[29,53],"product_tag":[],"class_list":{"0":"post-18364","1":"product","2":"type-product","3":"status-publish","4":"has-post-thumbnail","6":"product_cat-data-tele","7":"product_cat-nyheter","9":"first","10":"instock","11":"featured","12":"taxable","13":"shipping-taxable","14":"purchasable","15":"product-type-simple"},"yoast_head":"<!-- This site is optimized with the Yoast SEO plugin v27.3 - https:\/\/yoast.com\/product\/yoast-seo-wordpress\/ -->\n<title>Lavstr\u00e5le Router, Full Eco 100 Era - EMF Consult<\/title>\n<meta name=\"description\" content=\"Verdens f\u00f8rste Full-Eco wifi router, 100% str\u00e5lingsfri i standbymodus. Skifter automatisk til Full-Eco-standby-modus n\u00e5r det ikke er tilkoblet wifi-enheter. N\u00e5r du kobler til wifi, sl\u00e5s JRS Eco 100-ruteren automatisk p\u00e5 igjen.\" \/>\n<meta name=\"robots\" content=\"index, follow, max-snippet:-1, max-image-preview:large, max-video-preview:-1\" \/>\n<link rel=\"canonical\" href=\"https:\/\/emf-consult.com\/nettbutikk\/produkt\/lavstrale-router-full-eco-100-era\/\" \/>\n<meta property=\"og:locale\" content=\"nb_NO\" \/>\n<meta property=\"og:type\" content=\"article\" \/>\n<meta property=\"og:title\" content=\"Lavstr\u00e5le Router, Full Eco 100 Era - EMF Consult\" \/>\n<meta property=\"og:description\" content=\"Verdens f\u00f8rste Full-Eco wifi router, 100% str\u00e5lingsfri i standbymodus. Skifter automatisk til Full-Eco-standby-modus n\u00e5r det ikke er tilkoblet wifi-enheter. N\u00e5r du kobler til wifi, sl\u00e5s JRS Eco 100-ruteren automatisk p\u00e5 igjen.\" \/>\n<meta property=\"og:url\" content=\"https:\/\/emf-consult.com\/nettbutikk\/produkt\/lavstrale-router-full-eco-100-era\/\" \/>\n<meta property=\"og:site_name\" content=\"EMF Consult\" \/>\n<meta property=\"article:publisher\" content=\"https:\/\/www.facebook.com\/emfconsult\" \/>\n<meta property=\"article:modified_time\" content=\"2026-03-04T00:29:40+00:00\" \/>\n<meta property=\"og:image\" content=\"https:\/\/emf-consult.com\/nettbutikk\/wp-content\/uploads\/2025\/10\/Era-Eco-wifi-router-2c-600x600-1.jpg\" \/>\n\t<meta property=\"og:image:width\" content=\"600\" \/>\n\t<meta property=\"og:image:height\" content=\"600\" \/>\n\t<meta property=\"og:image:type\" content=\"image\/jpeg\" \/>\n<meta name=\"twitter:card\" content=\"summary_large_image\" \/>\n<meta name=\"twitter:label1\" content=\"Ansl. lesetid\" \/>\n\t<meta name=\"twitter:data1\" content=\"5 minutter\" \/>\n<script type=\"application\/ld+json\" class=\"yoast-schema-graph\">{\"@context\":\"https:\\\/\\\/schema.org\",\"@graph\":[{\"@type\":\"WebPage\",\"@id\":\"https:\\\/\\\/emf-consult.com\\\/nettbutikk\\\/produkt\\\/lavstrale-router-full-eco-100-era\\\/\",\"url\":\"https:\\\/\\\/emf-consult.com\\\/nettbutikk\\\/produkt\\\/lavstrale-router-full-eco-100-era\\\/\",\"name\":\"Lavstr\u00e5le Router, Full Eco 100 Era - EMF Consult\",\"isPartOf\":{\"@id\":\"https:\\\/\\\/emf-consult.com\\\/nettbutikk\\\/#website\"},\"primaryImageOfPage\":{\"@id\":\"https:\\\/\\\/emf-consult.com\\\/nettbutikk\\\/produkt\\\/lavstrale-router-full-eco-100-era\\\/#primaryimage\"},\"image\":{\"@id\":\"https:\\\/\\\/emf-consult.com\\\/nettbutikk\\\/produkt\\\/lavstrale-router-full-eco-100-era\\\/#primaryimage\"},\"thumbnailUrl\":\"https:\\\/\\\/emf-consult.com\\\/nettbutikk\\\/wp-content\\\/uploads\\\/2025\\\/10\\\/Era-Eco-wifi-router-2c-600x600-1.jpg\",\"datePublished\":\"2025-10-02T16:16:57+00:00\",\"dateModified\":\"2026-03-04T00:29:40+00:00\",\"description\":\"Verdens f\u00f8rste Full-Eco wifi router, 100% str\u00e5lingsfri i standbymodus. Skifter automatisk til Full-Eco-standby-modus n\u00e5r det ikke er tilkoblet wifi-enheter. N\u00e5r du kobler til wifi, sl\u00e5s JRS Eco 100-ruteren automatisk p\u00e5 igjen.\",\"breadcrumb\":{\"@id\":\"https:\\\/\\\/emf-consult.com\\\/nettbutikk\\\/produkt\\\/lavstrale-router-full-eco-100-era\\\/#breadcrumb\"},\"inLanguage\":\"nb-NO\",\"potentialAction\":[{\"@type\":\"ReadAction\",\"target\":[\"https:\\\/\\\/emf-consult.com\\\/nettbutikk\\\/produkt\\\/lavstrale-router-full-eco-100-era\\\/\"]}]},{\"@type\":\"ImageObject\",\"inLanguage\":\"nb-NO\",\"@id\":\"https:\\\/\\\/emf-consult.com\\\/nettbutikk\\\/produkt\\\/lavstrale-router-full-eco-100-era\\\/#primaryimage\",\"url\":\"https:\\\/\\\/emf-consult.com\\\/nettbutikk\\\/wp-content\\\/uploads\\\/2025\\\/10\\\/Era-Eco-wifi-router-2c-600x600-1.jpg\",\"contentUrl\":\"https:\\\/\\\/emf-consult.com\\\/nettbutikk\\\/wp-content\\\/uploads\\\/2025\\\/10\\\/Era-Eco-wifi-router-2c-600x600-1.jpg\",\"width\":600,\"height\":600,\"caption\":\"Lavstr\u00e5le Router, Full Eco 100 Era\"},{\"@type\":\"BreadcrumbList\",\"@id\":\"https:\\\/\\\/emf-consult.com\\\/nettbutikk\\\/produkt\\\/lavstrale-router-full-eco-100-era\\\/#breadcrumb\",\"itemListElement\":[{\"@type\":\"ListItem\",\"position\":1,\"name\":\"Hjem\",\"item\":\"https:\\\/\\\/emf-consult.com\\\/nettbutikk\\\/\"},{\"@type\":\"ListItem\",\"position\":2,\"name\":\"Butikk\",\"item\":\"https:\\\/\\\/emf-consult.com\\\/nettbutikk\\\/butikk\\\/\"},{\"@type\":\"ListItem\",\"position\":3,\"name\":\"Lavstr\u00e5le Router, Full Eco 100 Era\"}]},{\"@type\":\"WebSite\",\"@id\":\"https:\\\/\\\/emf-consult.com\\\/nettbutikk\\\/#website\",\"url\":\"https:\\\/\\\/emf-consult.com\\\/nettbutikk\\\/\",\"name\":\"EMF Consult\",\"description\":\"Nettbutikk - Beskyttelse mot str\u00e5ling\",\"publisher\":{\"@id\":\"https:\\\/\\\/emf-consult.com\\\/nettbutikk\\\/#organization\"},\"potentialAction\":[{\"@type\":\"SearchAction\",\"target\":{\"@type\":\"EntryPoint\",\"urlTemplate\":\"https:\\\/\\\/emf-consult.com\\\/nettbutikk\\\/?s={search_term_string}\"},\"query-input\":{\"@type\":\"PropertyValueSpecification\",\"valueRequired\":true,\"valueName\":\"search_term_string\"}}],\"inLanguage\":\"nb-NO\"},{\"@type\":\"Organization\",\"@id\":\"https:\\\/\\\/emf-consult.com\\\/nettbutikk\\\/#organization\",\"name\":\"EMF Consult AS\",\"url\":\"https:\\\/\\\/emf-consult.com\\\/nettbutikk\\\/\",\"logo\":{\"@type\":\"ImageObject\",\"inLanguage\":\"nb-NO\",\"@id\":\"https:\\\/\\\/emf-consult.com\\\/nettbutikk\\\/#\\\/schema\\\/logo\\\/image\\\/\",\"url\":\"https:\\\/\\\/emf-consult.com\\\/nettbutikk\\\/wp-content\\\/uploads\\\/2022\\\/07\\\/cropped-Favikon-rod-e1658786300694.png\",\"contentUrl\":\"https:\\\/\\\/emf-consult.com\\\/nettbutikk\\\/wp-content\\\/uploads\\\/2022\\\/07\\\/cropped-Favikon-rod-e1658786300694.png\",\"width\":150,\"height\":150,\"caption\":\"EMF Consult AS\"},\"image\":{\"@id\":\"https:\\\/\\\/emf-consult.com\\\/nettbutikk\\\/#\\\/schema\\\/logo\\\/image\\\/\"},\"sameAs\":[\"https:\\\/\\\/www.facebook.com\\\/emfconsult\",\"https:\\\/\\\/www.linkedin.com\\\/company\\\/emf-consult\\\/\"]}]}<\/script>\n<!-- \/ Yoast SEO plugin. -->","yoast_head_json":{"title":"Lavstr\u00e5le Router, Full Eco 100 Era - EMF Consult","description":"Verdens f\u00f8rste Full-Eco wifi router, 100% str\u00e5lingsfri i standbymodus. Skifter automatisk til Full-Eco-standby-modus n\u00e5r det ikke er tilkoblet wifi-enheter. N\u00e5r du kobler til wifi, sl\u00e5s JRS Eco 100-ruteren automatisk p\u00e5 igjen.","robots":{"index":"index","follow":"follow","max-snippet":"max-snippet:-1","max-image-preview":"max-image-preview:large","max-video-preview":"max-video-preview:-1"},"canonical":"https:\/\/emf-consult.com\/nettbutikk\/produkt\/lavstrale-router-full-eco-100-era\/","og_locale":"nb_NO","og_type":"article","og_title":"Lavstr\u00e5le Router, Full Eco 100 Era - EMF Consult","og_description":"Verdens f\u00f8rste Full-Eco wifi router, 100% str\u00e5lingsfri i standbymodus. Skifter automatisk til Full-Eco-standby-modus n\u00e5r det ikke er tilkoblet wifi-enheter. N\u00e5r du kobler til wifi, sl\u00e5s JRS Eco 100-ruteren automatisk p\u00e5 igjen.","og_url":"https:\/\/emf-consult.com\/nettbutikk\/produkt\/lavstrale-router-full-eco-100-era\/","og_site_name":"EMF Consult","article_publisher":"https:\/\/www.facebook.com\/emfconsult","article_modified_time":"2026-03-04T00:29:40+00:00","og_image":[{"width":600,"height":600,"url":"https:\/\/emf-consult.com\/nettbutikk\/wp-content\/uploads\/2025\/10\/Era-Eco-wifi-router-2c-600x600-1.jpg","type":"image\/jpeg"}],"twitter_card":"summary_large_image","twitter_misc":{"Ansl. lesetid":"5 minutter"},"schema":{"@context":"https:\/\/schema.org","@graph":[{"@type":"WebPage","@id":"https:\/\/emf-consult.com\/nettbutikk\/produkt\/lavstrale-router-full-eco-100-era\/","url":"https:\/\/emf-consult.com\/nettbutikk\/produkt\/lavstrale-router-full-eco-100-era\/","name":"Lavstr\u00e5le Router, Full Eco 100 Era - EMF Consult","isPartOf":{"@id":"https:\/\/emf-consult.com\/nettbutikk\/#website"},"primaryImageOfPage":{"@id":"https:\/\/emf-consult.com\/nettbutikk\/produkt\/lavstrale-router-full-eco-100-era\/#primaryimage"},"image":{"@id":"https:\/\/emf-consult.com\/nettbutikk\/produkt\/lavstrale-router-full-eco-100-era\/#primaryimage"},"thumbnailUrl":"https:\/\/emf-consult.com\/nettbutikk\/wp-content\/uploads\/2025\/10\/Era-Eco-wifi-router-2c-600x600-1.jpg","datePublished":"2025-10-02T16:16:57+00:00","dateModified":"2026-03-04T00:29:40+00:00","description":"Verdens f\u00f8rste Full-Eco wifi router, 100% str\u00e5lingsfri i standbymodus. Skifter automatisk til Full-Eco-standby-modus n\u00e5r det ikke er tilkoblet wifi-enheter. N\u00e5r du kobler til wifi, sl\u00e5s JRS Eco 100-ruteren automatisk p\u00e5 igjen.","breadcrumb":{"@id":"https:\/\/emf-consult.com\/nettbutikk\/produkt\/lavstrale-router-full-eco-100-era\/#breadcrumb"},"inLanguage":"nb-NO","potentialAction":[{"@type":"ReadAction","target":["https:\/\/emf-consult.com\/nettbutikk\/produkt\/lavstrale-router-full-eco-100-era\/"]}]},{"@type":"ImageObject","inLanguage":"nb-NO","@id":"https:\/\/emf-consult.com\/nettbutikk\/produkt\/lavstrale-router-full-eco-100-era\/#primaryimage","url":"https:\/\/emf-consult.com\/nettbutikk\/wp-content\/uploads\/2025\/10\/Era-Eco-wifi-router-2c-600x600-1.jpg","contentUrl":"https:\/\/emf-consult.com\/nettbutikk\/wp-content\/uploads\/2025\/10\/Era-Eco-wifi-router-2c-600x600-1.jpg","width":600,"height":600,"caption":"Lavstr\u00e5le Router, Full Eco 100 Era"},{"@type":"BreadcrumbList","@id":"https:\/\/emf-consult.com\/nettbutikk\/produkt\/lavstrale-router-full-eco-100-era\/#breadcrumb","itemListElement":[{"@type":"ListItem","position":1,"name":"Hjem","item":"https:\/\/emf-consult.com\/nettbutikk\/"},{"@type":"ListItem","position":2,"name":"Butikk","item":"https:\/\/emf-consult.com\/nettbutikk\/butikk\/"},{"@type":"ListItem","position":3,"name":"Lavstr\u00e5le Router, Full Eco 100 Era"}]},{"@type":"WebSite","@id":"https:\/\/emf-consult.com\/nettbutikk\/#website","url":"https:\/\/emf-consult.com\/nettbutikk\/","name":"EMF Consult","description":"Nettbutikk - Beskyttelse mot str\u00e5ling","publisher":{"@id":"https:\/\/emf-consult.com\/nettbutikk\/#organization"},"potentialAction":[{"@type":"SearchAction","target":{"@type":"EntryPoint","urlTemplate":"https:\/\/emf-consult.com\/nettbutikk\/?s={search_term_string}"},"query-input":{"@type":"PropertyValueSpecification","valueRequired":true,"valueName":"search_term_string"}}],"inLanguage":"nb-NO"},{"@type":"Organization","@id":"https:\/\/emf-consult.com\/nettbutikk\/#organization","name":"EMF Consult AS","url":"https:\/\/emf-consult.com\/nettbutikk\/","logo":{"@type":"ImageObject","inLanguage":"nb-NO","@id":"https:\/\/emf-consult.com\/nettbutikk\/#\/schema\/logo\/image\/","url":"https:\/\/emf-consult.com\/nettbutikk\/wp-content\/uploads\/2022\/07\/cropped-Favikon-rod-e1658786300694.png","contentUrl":"https:\/\/emf-consult.com\/nettbutikk\/wp-content\/uploads\/2022\/07\/cropped-Favikon-rod-e1658786300694.png","width":150,"height":150,"caption":"EMF Consult AS"},"image":{"@id":"https:\/\/emf-consult.com\/nettbutikk\/#\/schema\/logo\/image\/"},"sameAs":["https:\/\/www.facebook.com\/emfconsult","https:\/\/www.linkedin.com\/company\/emf-consult\/"]}]}},"_links":{"self":[{"href":"https:\/\/emf-consult.com\/nettbutikk\/wp-json\/wp\/v2\/product\/18364","targetHints":{"allow":["GET"]}}],"collection":[{"href":"https:\/\/emf-consult.com\/nettbutikk\/wp-json\/wp\/v2\/product"}],"about":[{"href":"https:\/\/emf-consult.com\/nettbutikk\/wp-json\/wp\/v2\/types\/product"}],"replies":[{"embeddable":true,"href":"https:\/\/emf-consult.com\/nettbutikk\/wp-json\/wp\/v2\/comments?post=18364"}],"wp:featuredmedia":[{"embeddable":true,"href":"https:\/\/emf-consult.com\/nettbutikk\/wp-json\/wp\/v2\/media\/18365"}],"wp:attachment":[{"href":"https:\/\/emf-consult.com\/nettbutikk\/wp-json\/wp\/v2\/media?parent=18364"}],"wp:term":[{"taxonomy":"product_brand","embeddable":true,"href":"https:\/\/emf-consult.com\/nettbutikk\/wp-json\/wp\/v2\/product_brand?post=18364"},{"taxonomy":"product_cat","embeddable":true,"href":"https:\/\/emf-consult.com\/nettbutikk\/wp-json\/wp\/v2\/product_cat?post=18364"},{"taxonomy":"product_tag","embeddable":true,"href":"https:\/\/emf-consult.com\/nettbutikk\/wp-json\/wp\/v2\/product_tag?post=18364"}],"curies":[{"name":"wp","href":"https:\/\/api.w.org\/{rel}","templated":true}]}}