{"id":18355,"date":"2025-10-01T13:01:11","date_gmt":"2025-10-01T11:01:11","guid":{"rendered":"https:\/\/emf-consult.com\/nettbutikk\/?post_type=product&#038;p=18355"},"modified":"2026-03-09T13:31:05","modified_gmt":"2026-03-09T12:31:05","slug":"skjermet-lampeledning-med-2-polbryter","status":"publish","type":"product","link":"https:\/\/emf-consult.com\/nettbutikk\/produkt\/skjermet-lampeledning-med-2-polbryter\/","title":{"rendered":"Skjermet lampeledning med 2-polbryter"},"content":{"rendered":"<h5 style=\"text-align: left; padding-left: 40px;\"><span id=\"result_box\" lang=\"no\">Har du en uskjermet lampe som du \u00f8nsker \u00e5 beholde er det kanskje mulighet for \u00e5 bygge om denne med en skjermet og jordet ledning.<\/span><\/h5>\n<p style=\"text-align: left; padding-left: 40px;\"><span id=\"result_box\" lang=\"no\">Skjermet, fleksibel skj\u00f8teledning for tilkobling til lamper og andre bevegelige enheter, for beskyttelse mot lavfrekvente elektriske felt (LF). For \u00e5 redusere det magnetiske feltet er lederne vridd 15 ganger per meter!<br \/>\n<\/span><\/p>\n<p style=\"text-align: left; padding-left: 40px;\">Produktet best\u00e5r av ferdig skjermet fleksibel kabel inkl. jordet st\u00f8psel (Schuko-plugg) p\u00e5 den ene siden og 2-polet mellomliggende ledningsbryter.<br \/>\nDen 2-polede ledningsbryteren kobler den elektriske enheten 100 % fra str\u00f8mnettet, det er ikke noe elektrisk felt igjen. Spenningen blir sl\u00e5tt av, uavhengig av st\u00f8pselets posisjon i stikkontakten. I tillegg forhindrer den 2-polede bryteren standby-str\u00f8m i apparater som ikke har en &#8220;ekte av-bryter&#8221;, og sparer deg str\u00f8m og dermed penger.<\/p>\n<p style=\"text-align: left; padding-left: 40px;\">M\u00e5 kobles til jordet stikkontakt for at skjerming skal ha noen funksjon.<\/p>\n","protected":false},"excerpt":{"rendered":"<p>\u2022 Lengde: 2 m<br \/>\n\u2022 Antall ledere x tverrsnitt: 3 x 0,75 mm\u00b2<br \/>\n\u2022 Mellomliggende ledningsbryter: 2-polet bryter montert ca. 30 cm fra enden<br \/>\n\u2022 N\u00e5v\u00e6rende belastning i henhold til IEC 320-1: 6 A<br \/>\n\u2022 Nominell spenning: 250 V \/ 50 Hz<br \/>\n\u2022 Farge: Hvit<br \/>\n\u2022 Ytre diameter ledning: 6.6 mm<br \/>\n\u2022 Beskyttelsesgrad 1 (med jordledning )<\/p>\n","protected":false},"featured_media":18359,"comment_status":"open","ping_status":"closed","template":"","meta":[],"product_brand":[],"product_cat":[29,23],"product_tag":[],"class_list":{"0":"post-18355","1":"product","2":"type-product","3":"status-publish","4":"has-post-thumbnail","6":"product_cat-data-tele","7":"product_cat-el-installasjon","9":"first","10":"instock","11":"taxable","12":"shipping-taxable","13":"purchasable","14":"product-type-simple"},"yoast_head":"<!-- This site is optimized with the Yoast SEO plugin v27.3 - https:\/\/yoast.com\/product\/yoast-seo-wordpress\/ -->\n<title>Skjermet lampeledning med 2-polbryter - EMF Consult<\/title>\n<meta name=\"description\" content=\"Har du en uskjermet lampe som du \u00f8nsker \u00e5 beholde er det kanskje mulighet for \u00e5 bygge om denne med en skjermet og jordet ledning.Skjermet, fleksibel skj\u00f8teledning for tilkobling til lamper og andre bevegelige enheter, for beskyttelse mot lavfrekvente elektriske felt (LF)\" \/>\n<meta name=\"robots\" content=\"index, follow, max-snippet:-1, max-image-preview:large, max-video-preview:-1\" \/>\n<link rel=\"canonical\" href=\"https:\/\/emf-consult.com\/nettbutikk\/produkt\/skjermet-lampeledning-med-2-polbryter\/\" \/>\n<meta property=\"og:locale\" content=\"nb_NO\" \/>\n<meta property=\"og:type\" content=\"article\" \/>\n<meta property=\"og:title\" content=\"Skjermet lampeledning med 2-polbryter - EMF Consult\" \/>\n<meta property=\"og:description\" content=\"Har du en uskjermet lampe som du \u00f8nsker \u00e5 beholde er det kanskje mulighet for \u00e5 bygge om denne med en skjermet og jordet ledning.Skjermet, fleksibel skj\u00f8teledning for tilkobling til lamper og andre bevegelige enheter, for beskyttelse mot lavfrekvente elektriske felt (LF)\" \/>\n<meta property=\"og:url\" content=\"https:\/\/emf-consult.com\/nettbutikk\/produkt\/skjermet-lampeledning-med-2-polbryter\/\" \/>\n<meta property=\"og:site_name\" content=\"EMF Consult\" \/>\n<meta property=\"article:publisher\" content=\"https:\/\/www.facebook.com\/emfconsult\" \/>\n<meta property=\"article:modified_time\" content=\"2026-03-09T12:31:05+00:00\" \/>\n<meta name=\"twitter:card\" content=\"summary_large_image\" \/>\n<meta name=\"twitter:label1\" content=\"Ansl. lesetid\" \/>\n\t<meta name=\"twitter:data1\" content=\"1 minutt\" \/>\n<script type=\"application\/ld+json\" class=\"yoast-schema-graph\">{\"@context\":\"https:\\\/\\\/schema.org\",\"@graph\":[{\"@type\":\"WebPage\",\"@id\":\"https:\\\/\\\/emf-consult.com\\\/nettbutikk\\\/produkt\\\/skjermet-lampeledning-med-2-polbryter\\\/\",\"url\":\"https:\\\/\\\/emf-consult.com\\\/nettbutikk\\\/produkt\\\/skjermet-lampeledning-med-2-polbryter\\\/\",\"name\":\"Skjermet lampeledning med 2-polbryter - EMF Consult\",\"isPartOf\":{\"@id\":\"https:\\\/\\\/emf-consult.com\\\/nettbutikk\\\/#website\"},\"primaryImageOfPage\":{\"@id\":\"https:\\\/\\\/emf-consult.com\\\/nettbutikk\\\/produkt\\\/skjermet-lampeledning-med-2-polbryter\\\/#primaryimage\"},\"image\":{\"@id\":\"https:\\\/\\\/emf-consult.com\\\/nettbutikk\\\/produkt\\\/skjermet-lampeledning-med-2-polbryter\\\/#primaryimage\"},\"thumbnailUrl\":\"https:\\\/\\\/emf-consult.com\\\/nettbutikk\\\/wp-content\\\/uploads\\\/2025\\\/10\\\/GAL-SZ-02.avif\",\"datePublished\":\"2025-10-01T11:01:11+00:00\",\"dateModified\":\"2026-03-09T12:31:05+00:00\",\"description\":\"Har du en uskjermet lampe som du \u00f8nsker \u00e5 beholde er det kanskje mulighet for \u00e5 bygge om denne med en skjermet og jordet ledning.Skjermet, fleksibel skj\u00f8teledning for tilkobling til lamper og andre bevegelige enheter, for beskyttelse mot lavfrekvente elektriske felt (LF)\",\"breadcrumb\":{\"@id\":\"https:\\\/\\\/emf-consult.com\\\/nettbutikk\\\/produkt\\\/skjermet-lampeledning-med-2-polbryter\\\/#breadcrumb\"},\"inLanguage\":\"nb-NO\",\"potentialAction\":[{\"@type\":\"ReadAction\",\"target\":[\"https:\\\/\\\/emf-consult.com\\\/nettbutikk\\\/produkt\\\/skjermet-lampeledning-med-2-polbryter\\\/\"]}]},{\"@type\":\"ImageObject\",\"inLanguage\":\"nb-NO\",\"@id\":\"https:\\\/\\\/emf-consult.com\\\/nettbutikk\\\/produkt\\\/skjermet-lampeledning-med-2-polbryter\\\/#primaryimage\",\"url\":\"https:\\\/\\\/emf-consult.com\\\/nettbutikk\\\/wp-content\\\/uploads\\\/2025\\\/10\\\/GAL-SZ-02.avif\",\"contentUrl\":\"https:\\\/\\\/emf-consult.com\\\/nettbutikk\\\/wp-content\\\/uploads\\\/2025\\\/10\\\/GAL-SZ-02.avif\",\"width\":720,\"height\":720},{\"@type\":\"BreadcrumbList\",\"@id\":\"https:\\\/\\\/emf-consult.com\\\/nettbutikk\\\/produkt\\\/skjermet-lampeledning-med-2-polbryter\\\/#breadcrumb\",\"itemListElement\":[{\"@type\":\"ListItem\",\"position\":1,\"name\":\"Hjem\",\"item\":\"https:\\\/\\\/emf-consult.com\\\/nettbutikk\\\/\"},{\"@type\":\"ListItem\",\"position\":2,\"name\":\"Butikk\",\"item\":\"https:\\\/\\\/emf-consult.com\\\/nettbutikk\\\/butikk\\\/\"},{\"@type\":\"ListItem\",\"position\":3,\"name\":\"Skjermet lampeledning med 2-polbryter\"}]},{\"@type\":\"WebSite\",\"@id\":\"https:\\\/\\\/emf-consult.com\\\/nettbutikk\\\/#website\",\"url\":\"https:\\\/\\\/emf-consult.com\\\/nettbutikk\\\/\",\"name\":\"EMF Consult\",\"description\":\"Nettbutikk - Beskyttelse mot str\u00e5ling\",\"publisher\":{\"@id\":\"https:\\\/\\\/emf-consult.com\\\/nettbutikk\\\/#organization\"},\"potentialAction\":[{\"@type\":\"SearchAction\",\"target\":{\"@type\":\"EntryPoint\",\"urlTemplate\":\"https:\\\/\\\/emf-consult.com\\\/nettbutikk\\\/?s={search_term_string}\"},\"query-input\":{\"@type\":\"PropertyValueSpecification\",\"valueRequired\":true,\"valueName\":\"search_term_string\"}}],\"inLanguage\":\"nb-NO\"},{\"@type\":\"Organization\",\"@id\":\"https:\\\/\\\/emf-consult.com\\\/nettbutikk\\\/#organization\",\"name\":\"EMF Consult AS\",\"url\":\"https:\\\/\\\/emf-consult.com\\\/nettbutikk\\\/\",\"logo\":{\"@type\":\"ImageObject\",\"inLanguage\":\"nb-NO\",\"@id\":\"https:\\\/\\\/emf-consult.com\\\/nettbutikk\\\/#\\\/schema\\\/logo\\\/image\\\/\",\"url\":\"https:\\\/\\\/emf-consult.com\\\/nettbutikk\\\/wp-content\\\/uploads\\\/2022\\\/07\\\/cropped-Favikon-rod-e1658786300694.png\",\"contentUrl\":\"https:\\\/\\\/emf-consult.com\\\/nettbutikk\\\/wp-content\\\/uploads\\\/2022\\\/07\\\/cropped-Favikon-rod-e1658786300694.png\",\"width\":150,\"height\":150,\"caption\":\"EMF Consult AS\"},\"image\":{\"@id\":\"https:\\\/\\\/emf-consult.com\\\/nettbutikk\\\/#\\\/schema\\\/logo\\\/image\\\/\"},\"sameAs\":[\"https:\\\/\\\/www.facebook.com\\\/emfconsult\",\"https:\\\/\\\/www.linkedin.com\\\/company\\\/emf-consult\\\/\"]}]}<\/script>\n<!-- \/ Yoast SEO plugin. -->","yoast_head_json":{"title":"Skjermet lampeledning med 2-polbryter - EMF Consult","description":"Har du en uskjermet lampe som du \u00f8nsker \u00e5 beholde er det kanskje mulighet for \u00e5 bygge om denne med en skjermet og jordet ledning.Skjermet, fleksibel skj\u00f8teledning for tilkobling til lamper og andre bevegelige enheter, for beskyttelse mot lavfrekvente elektriske felt (LF)","robots":{"index":"index","follow":"follow","max-snippet":"max-snippet:-1","max-image-preview":"max-image-preview:large","max-video-preview":"max-video-preview:-1"},"canonical":"https:\/\/emf-consult.com\/nettbutikk\/produkt\/skjermet-lampeledning-med-2-polbryter\/","og_locale":"nb_NO","og_type":"article","og_title":"Skjermet lampeledning med 2-polbryter - EMF Consult","og_description":"Har du en uskjermet lampe som du \u00f8nsker \u00e5 beholde er det kanskje mulighet for \u00e5 bygge om denne med en skjermet og jordet ledning.Skjermet, fleksibel skj\u00f8teledning for tilkobling til lamper og andre bevegelige enheter, for beskyttelse mot lavfrekvente elektriske felt (LF)","og_url":"https:\/\/emf-consult.com\/nettbutikk\/produkt\/skjermet-lampeledning-med-2-polbryter\/","og_site_name":"EMF Consult","article_publisher":"https:\/\/www.facebook.com\/emfconsult","article_modified_time":"2026-03-09T12:31:05+00:00","twitter_card":"summary_large_image","twitter_misc":{"Ansl. lesetid":"1 minutt"},"schema":{"@context":"https:\/\/schema.org","@graph":[{"@type":"WebPage","@id":"https:\/\/emf-consult.com\/nettbutikk\/produkt\/skjermet-lampeledning-med-2-polbryter\/","url":"https:\/\/emf-consult.com\/nettbutikk\/produkt\/skjermet-lampeledning-med-2-polbryter\/","name":"Skjermet lampeledning med 2-polbryter - EMF Consult","isPartOf":{"@id":"https:\/\/emf-consult.com\/nettbutikk\/#website"},"primaryImageOfPage":{"@id":"https:\/\/emf-consult.com\/nettbutikk\/produkt\/skjermet-lampeledning-med-2-polbryter\/#primaryimage"},"image":{"@id":"https:\/\/emf-consult.com\/nettbutikk\/produkt\/skjermet-lampeledning-med-2-polbryter\/#primaryimage"},"thumbnailUrl":"https:\/\/emf-consult.com\/nettbutikk\/wp-content\/uploads\/2025\/10\/GAL-SZ-02.avif","datePublished":"2025-10-01T11:01:11+00:00","dateModified":"2026-03-09T12:31:05+00:00","description":"Har du en uskjermet lampe som du \u00f8nsker \u00e5 beholde er det kanskje mulighet for \u00e5 bygge om denne med en skjermet og jordet ledning.Skjermet, fleksibel skj\u00f8teledning for tilkobling til lamper og andre bevegelige enheter, for beskyttelse mot lavfrekvente elektriske felt (LF)","breadcrumb":{"@id":"https:\/\/emf-consult.com\/nettbutikk\/produkt\/skjermet-lampeledning-med-2-polbryter\/#breadcrumb"},"inLanguage":"nb-NO","potentialAction":[{"@type":"ReadAction","target":["https:\/\/emf-consult.com\/nettbutikk\/produkt\/skjermet-lampeledning-med-2-polbryter\/"]}]},{"@type":"ImageObject","inLanguage":"nb-NO","@id":"https:\/\/emf-consult.com\/nettbutikk\/produkt\/skjermet-lampeledning-med-2-polbryter\/#primaryimage","url":"https:\/\/emf-consult.com\/nettbutikk\/wp-content\/uploads\/2025\/10\/GAL-SZ-02.avif","contentUrl":"https:\/\/emf-consult.com\/nettbutikk\/wp-content\/uploads\/2025\/10\/GAL-SZ-02.avif","width":720,"height":720},{"@type":"BreadcrumbList","@id":"https:\/\/emf-consult.com\/nettbutikk\/produkt\/skjermet-lampeledning-med-2-polbryter\/#breadcrumb","itemListElement":[{"@type":"ListItem","position":1,"name":"Hjem","item":"https:\/\/emf-consult.com\/nettbutikk\/"},{"@type":"ListItem","position":2,"name":"Butikk","item":"https:\/\/emf-consult.com\/nettbutikk\/butikk\/"},{"@type":"ListItem","position":3,"name":"Skjermet lampeledning med 2-polbryter"}]},{"@type":"WebSite","@id":"https:\/\/emf-consult.com\/nettbutikk\/#website","url":"https:\/\/emf-consult.com\/nettbutikk\/","name":"EMF Consult","description":"Nettbutikk - Beskyttelse mot str\u00e5ling","publisher":{"@id":"https:\/\/emf-consult.com\/nettbutikk\/#organization"},"potentialAction":[{"@type":"SearchAction","target":{"@type":"EntryPoint","urlTemplate":"https:\/\/emf-consult.com\/nettbutikk\/?s={search_term_string}"},"query-input":{"@type":"PropertyValueSpecification","valueRequired":true,"valueName":"search_term_string"}}],"inLanguage":"nb-NO"},{"@type":"Organization","@id":"https:\/\/emf-consult.com\/nettbutikk\/#organization","name":"EMF Consult AS","url":"https:\/\/emf-consult.com\/nettbutikk\/","logo":{"@type":"ImageObject","inLanguage":"nb-NO","@id":"https:\/\/emf-consult.com\/nettbutikk\/#\/schema\/logo\/image\/","url":"https:\/\/emf-consult.com\/nettbutikk\/wp-content\/uploads\/2022\/07\/cropped-Favikon-rod-e1658786300694.png","contentUrl":"https:\/\/emf-consult.com\/nettbutikk\/wp-content\/uploads\/2022\/07\/cropped-Favikon-rod-e1658786300694.png","width":150,"height":150,"caption":"EMF Consult AS"},"image":{"@id":"https:\/\/emf-consult.com\/nettbutikk\/#\/schema\/logo\/image\/"},"sameAs":["https:\/\/www.facebook.com\/emfconsult","https:\/\/www.linkedin.com\/company\/emf-consult\/"]}]}},"_links":{"self":[{"href":"https:\/\/emf-consult.com\/nettbutikk\/wp-json\/wp\/v2\/product\/18355","targetHints":{"allow":["GET"]}}],"collection":[{"href":"https:\/\/emf-consult.com\/nettbutikk\/wp-json\/wp\/v2\/product"}],"about":[{"href":"https:\/\/emf-consult.com\/nettbutikk\/wp-json\/wp\/v2\/types\/product"}],"replies":[{"embeddable":true,"href":"https:\/\/emf-consult.com\/nettbutikk\/wp-json\/wp\/v2\/comments?post=18355"}],"wp:featuredmedia":[{"embeddable":true,"href":"https:\/\/emf-consult.com\/nettbutikk\/wp-json\/wp\/v2\/media\/18359"}],"wp:attachment":[{"href":"https:\/\/emf-consult.com\/nettbutikk\/wp-json\/wp\/v2\/media?parent=18355"}],"wp:term":[{"taxonomy":"product_brand","embeddable":true,"href":"https:\/\/emf-consult.com\/nettbutikk\/wp-json\/wp\/v2\/product_brand?post=18355"},{"taxonomy":"product_cat","embeddable":true,"href":"https:\/\/emf-consult.com\/nettbutikk\/wp-json\/wp\/v2\/product_cat?post=18355"},{"taxonomy":"product_tag","embeddable":true,"href":"https:\/\/emf-consult.com\/nettbutikk\/wp-json\/wp\/v2\/product_tag?post=18355"}],"curies":[{"name":"wp","href":"https:\/\/api.w.org\/{rel}","templated":true}]}}