{"id":18337,"date":"2025-09-29T08:12:59","date_gmt":"2025-09-29T06:12:59","guid":{"rendered":"https:\/\/emf-consult.com\/nettbutikk\/?post_type=product&#038;p=18337"},"modified":"2026-03-27T08:57:50","modified_gmt":"2026-03-27T07:57:50","slug":"hf-safe-and-sound-pro-mmwave","status":"publish","type":"product","link":"https:\/\/emf-consult.com\/nettbutikk\/produkt\/hf-safe-and-sound-pro-mmwave\/","title":{"rendered":"HF Safe and Sound Pro mmWave"},"content":{"rendered":"<h4>Safe and Sound Pro mmWave-m\u00e5ler, en kompakt, brukervennlig m\u00e5ler for mikrob\u00f8lge-\/millimeterb\u00f8lgestr\u00e5ling. 5G-klar!<\/h4>\n<p><strong>Bruksomr\u00e5de:<br \/>\n<\/strong>Den perfekte f\u00f8lgesvennen til Safe and Sound Pro II RF-m\u00e5leren. Safe and Sound Pro mmWave-m\u00e5leren m\u00e5ler str\u00e5lingskilder i frekvensomr\u00e5det 20 GHz til 40 GHz med profesjonell n\u00f8yaktighet og til en rimelig pris. Med begge Safe and Sound Pro m\u00e5leapparatene kan du n\u00e5 avdekke hele spekteret av 5G-frekvenser.<\/p>\n<p>Apparatet er meget hendig og enkelt \u00e5 bruke og apparatet er tilpasset el.overf\u00f8lsomme, dvs. lysindikeringen har bedre oppl\u00f8sning ved lave str\u00e5lingsverdier enn for h\u00f8ye verdier.<\/p>\n<p>M\u00e5leapparatet har et stort frekvensspenn, helt fra 20 GHz til 40 GHz. I dette frekvens omr\u00e5det finnes satellitt- og radiolinje kommunikasjon, bil-radar og 5G i millimeterb\u00f8lge omr\u00e5det.<\/p>\n<p>Safe and Sound Pro mmWave reagerer raskt og er sv\u00e6rt godt egnet til \u00e5 f\u00e5 overblikk over str\u00e5lingen. Den hendige st\u00f8rrelsen gj\u00f8r det enkelt \u00e5 ta med seg p\u00e5 reiser og utflukter.<\/p>\n<p><strong>Funksjoner:<br \/>\n<\/strong>3. parts sertifisert mmWave-m\u00e5ler. Leveres med en semi-omni directional antenne. Horn-antenne og 20dB-dempeledd (100x) kan levers som tilleggsvalg.<\/p>\n<p>Med <strong>semi-omni directional antenne<\/strong>:<br \/>\nFrekvensrespons: +\/- 5 dB n\u00f8yaktighet fra 20\u201340 GHz (effektiv ned til 18 GHz med redusert toleranse).<br \/>\nMinimum m\u00e5lbart signal: 5 \u00b5W\/m\u00b2<br \/>\nMaksimalt m\u00e5lbart signal: 500 000 \u00b5W\/m\u00b2 eller (50 000 000 \u00b5W\/m\u00b2 med valgfritt 20dB-dempeledd)<br \/>\nKvasi-omni-direksjonelt mottaksm\u00f8nster (50 grader foran og 50 grader bak)<\/p>\n<p>Med <strong>horn-antenne<\/strong>:<br \/>\nFrekvensrespons: +\/- 6dB fra 25\u201340 GHz<br \/>\nMinimum m\u00e5lbart signal: 0,5 \u00b5W\/m\u00b2<br \/>\nMaksimum m\u00e5lbart signal: 30 000 \u00b5W\/m\u00b2 eller (3 000 000 \u00b5W\/m\u00b2 med valgfritt 20dB-dempeledd)<br \/>\nRetningsbestemt mottaksm\u00f8nster (35 grader foran)<\/p>\n<p>Inkluderer en premium OLED-skjerm for digitale avlesninger opp til 30.000 \u03bcW\/m\u00b2 og ned til 0,5 \u03bcW\/m\u00b2, Max Hold, Max Reset-knapp, USB-str\u00f8mkontakt for kontinuerlig overv\u00e5king, volumkontroll, hodetelefonkontakt, kalibreringssertifikat og mer!<\/p>\n<p>Apparatet m\u00e5ler toppverdien (peak) av str\u00e5lingen og signalstyrken indikeres ogs\u00e5 med 4 LED-dioder tilpasset, med indikasjon tilpasset Tysk byggbiologi-standard (SMB2015)<\/p>\n<p>Apparatet har innebygd h\u00f8yttaler som gir et klart og tydelig lydsignal slik at type RF-signal kan gjenkjennes. Alle lyder kan sl\u00e5s av\/p\u00e5.<\/p>\n<p><a href=\"https:\/\/emf-consult.com\/nettbutikk\/wp-content\/uploads\/2025\/09\/SafeandSoundmmWaveManualForWebv1.pdf\" target=\"_blank\" rel=\"noopener\">Brukermanual (Engelsk)<\/a><\/p>\n<p><iframe loading=\"lazy\" title=\"Safe and Sound Pro mmWave Meter - 5G High Band RF Meter\" width=\"500\" height=\"281\" src=\"https:\/\/www.youtube.com\/embed\/uNYOLs4F4cw?start=4&#038;feature=oembed\" frameborder=\"0\" allow=\"accelerometer; autoplay; clipboard-write; encrypted-media; gyroscope; picture-in-picture; web-share\" referrerpolicy=\"strict-origin-when-cross-origin\" allowfullscreen><\/iframe><\/p>\n<p><strong><em>Dette m\u00e5leapparatet er designet for \u00e5 f\u00e5 en rask RF-str\u00e5lingsevaluering av ditt bomilj\u00f8 og er kun til referansebruk. Offisielle RF-m\u00e5lingsprosedyrer er komplisert og b\u00f8r h\u00e5ndteres av en trenet teknisk person med laboratorieinstrumenter. Vennligst ikke bruk apparatet i medisinske, juridiske, kommersielle form\u00e5l eller andre relaterte applikasjoner (kun til personlig bruk).<\/em><\/strong><\/p>\n","protected":false},"excerpt":{"rendered":"<p><strong>Spesifikasjoner:<\/strong><\/p>\n<p>Frekvensomr\u00e5de:\u00a0 20 \u2013 40 GHz (kan detektere signaler ned til 18 GHz)<\/p>\n<p>M\u00e5leomr\u00e5de standard &#8220;stub&#8221; semi-omni antenne: 5\u00b5W\/m\u00b2 &#8211; 500,000\u00b5W\/m\u00b2, alternativt kan m\u00e5leverdi viser i V\/m.<\/p>\n<p>M\u00e5leomr\u00e5de standard &#8220;Horn&#8221; antenne: 0,5\u00b5W\/m\u00b2 &#8211; 30,000\u00b5W\/m\u00b2, alternativt kan m\u00e5leverdi viser i V\/m.<\/p>\n<p>M\u00e5leprinsipp: Peak, Max og Gjennomsnitt<\/p>\n<p>Signalstyrke vises klart og tydelig p\u00e5 en lyssterk OLED skjerm<\/p>\n<p>Signalstyrken indikeres ogs\u00e5 med 4 LED-dioder tilpasset, med indikasjon tilpasset Tysk byggbiologi-standard (SMB2015)<\/p>\n<p>Audio analyse: Akustisk signal som gj\u00f8r at en kan gjenkjenne signaltyper. Kan h\u00f8res via den innebygde h\u00f8ykvalitets h\u00f8yttaleren eller via 3,5mm utgang for \u00f8repropp\/hodetelefon.<\/p>\n<p>Skannehastighet: &lt;5 \u03bcs<\/p>\n<p>Sensor: Peak-verdi p\u00e5 pulssignaler<\/p>\n<p>Str\u00f8mforsyning: 2 x AA batteri (inkludert), gjennomsnittlig brukstid 12-15 timer. Skjermen viser batteristatus. Alternativt til batteri kan en bruke en Mikro-USB lader for kontinuerlig str\u00f8mforsyning (f\u00f8lger ikke med)<\/p>\n<p>Dimensjon: \u00a0110 x 170 x 40 mm<\/p>\n<p>Vekt: 0,3 kg inkl batteri<\/p>\n<p>Apparatet leveres komplett med f\u00f8lgende utstyr: M\u00e5leapparat, &#8220;Stub&#8221; antenne, batteri, engelsk bruksanvisning\u00a0 og oppbevaringsetui<\/p>\n<p>&nbsp;<\/p>\n","protected":false},"featured_media":18340,"comment_status":"open","ping_status":"closed","template":"","meta":[],"product_brand":[],"product_cat":[20,53],"product_tag":[],"class_list":{"0":"post-18337","1":"product","2":"type-product","3":"status-publish","4":"has-post-thumbnail","6":"product_cat-maleinstrumenter-hf","7":"product_cat-nyheter","9":"first","10":"onbackorder","11":"taxable","12":"shipping-taxable","13":"purchasable","14":"product-type-simple"},"yoast_head":"<!-- This site is optimized with the Yoast SEO plugin v27.4 - https:\/\/yoast.com\/product\/yoast-seo-wordpress\/ -->\n<title>HF Safe and Sound Pro mmWave - EMF Consult<\/title>\n<meta name=\"description\" content=\"Safe and Sound Pro mmWave-m\u00e5leren m\u00e5ler str\u00e5lingskilder i frekvensomr\u00e5det 20 GHz til 40 GHz med profesjonell n\u00f8yaktighet og til en rimelig pris. I dette frekvens omr\u00e5det finnes satellitt- og radiolinje kommunikasjon, bil-radar og 5G i millimeterb\u00f8lge omr\u00e5det. Apparatet er meget hendig og enkelt \u00e5 bruke og apparatet er tilpasset el.overf\u00f8lsomme, dvs. lysindikeringen har bedre oppl\u00f8sning ved lave str\u00e5lingsverdier enn for h\u00f8ye verdier.\" \/>\n<meta name=\"robots\" content=\"index, follow, max-snippet:-1, max-image-preview:large, max-video-preview:-1\" \/>\n<link rel=\"canonical\" href=\"https:\/\/emf-consult.com\/nettbutikk\/produkt\/hf-safe-and-sound-pro-mmwave\/\" \/>\n<meta property=\"og:locale\" content=\"nb_NO\" \/>\n<meta property=\"og:type\" content=\"article\" \/>\n<meta property=\"og:title\" content=\"HF Safe and Sound Pro mmWave - EMF Consult\" \/>\n<meta property=\"og:description\" content=\"Safe and Sound Pro mmWave-m\u00e5leren m\u00e5ler str\u00e5lingskilder i frekvensomr\u00e5det 20 GHz til 40 GHz med profesjonell n\u00f8yaktighet og til en rimelig pris. I dette frekvens omr\u00e5det finnes satellitt- og radiolinje kommunikasjon, bil-radar og 5G i millimeterb\u00f8lge omr\u00e5det. Apparatet er meget hendig og enkelt \u00e5 bruke og apparatet er tilpasset el.overf\u00f8lsomme, dvs. lysindikeringen har bedre oppl\u00f8sning ved lave str\u00e5lingsverdier enn for h\u00f8ye verdier.\" \/>\n<meta property=\"og:url\" content=\"https:\/\/emf-consult.com\/nettbutikk\/produkt\/hf-safe-and-sound-pro-mmwave\/\" \/>\n<meta property=\"og:site_name\" content=\"EMF Consult\" \/>\n<meta property=\"article:publisher\" content=\"https:\/\/www.facebook.com\/emfconsult\" \/>\n<meta property=\"article:modified_time\" content=\"2026-03-27T07:57:50+00:00\" \/>\n<meta property=\"og:image\" content=\"https:\/\/emf-consult.com\/nettbutikk\/wp-content\/uploads\/2025\/09\/safe-and-sound-pro-mmwave.png\" \/>\n\t<meta property=\"og:image:width\" content=\"600\" \/>\n\t<meta property=\"og:image:height\" content=\"600\" \/>\n\t<meta property=\"og:image:type\" content=\"image\/png\" \/>\n<meta name=\"twitter:card\" content=\"summary_large_image\" \/>\n<meta name=\"twitter:label1\" content=\"Ansl. lesetid\" \/>\n\t<meta name=\"twitter:data1\" content=\"3 minutter\" \/>\n<script type=\"application\/ld+json\" class=\"yoast-schema-graph\">{\"@context\":\"https:\\\/\\\/schema.org\",\"@graph\":[{\"@type\":\"WebPage\",\"@id\":\"https:\\\/\\\/emf-consult.com\\\/nettbutikk\\\/produkt\\\/hf-safe-and-sound-pro-mmwave\\\/\",\"url\":\"https:\\\/\\\/emf-consult.com\\\/nettbutikk\\\/produkt\\\/hf-safe-and-sound-pro-mmwave\\\/\",\"name\":\"HF Safe and Sound Pro mmWave - EMF Consult\",\"isPartOf\":{\"@id\":\"https:\\\/\\\/emf-consult.com\\\/nettbutikk\\\/#website\"},\"primaryImageOfPage\":{\"@id\":\"https:\\\/\\\/emf-consult.com\\\/nettbutikk\\\/produkt\\\/hf-safe-and-sound-pro-mmwave\\\/#primaryimage\"},\"image\":{\"@id\":\"https:\\\/\\\/emf-consult.com\\\/nettbutikk\\\/produkt\\\/hf-safe-and-sound-pro-mmwave\\\/#primaryimage\"},\"thumbnailUrl\":\"https:\\\/\\\/emf-consult.com\\\/nettbutikk\\\/wp-content\\\/uploads\\\/2025\\\/09\\\/safe-and-sound-pro-mmwave.png\",\"datePublished\":\"2025-09-29T06:12:59+00:00\",\"dateModified\":\"2026-03-27T07:57:50+00:00\",\"description\":\"Safe and Sound Pro mmWave-m\u00e5leren m\u00e5ler str\u00e5lingskilder i frekvensomr\u00e5det 20 GHz til 40 GHz med profesjonell n\u00f8yaktighet og til en rimelig pris. I dette frekvens omr\u00e5det finnes satellitt- og radiolinje kommunikasjon, bil-radar og 5G i millimeterb\u00f8lge omr\u00e5det. Apparatet er meget hendig og enkelt \u00e5 bruke og apparatet er tilpasset el.overf\u00f8lsomme, dvs. lysindikeringen har bedre oppl\u00f8sning ved lave str\u00e5lingsverdier enn for h\u00f8ye verdier.\",\"breadcrumb\":{\"@id\":\"https:\\\/\\\/emf-consult.com\\\/nettbutikk\\\/produkt\\\/hf-safe-and-sound-pro-mmwave\\\/#breadcrumb\"},\"inLanguage\":\"nb-NO\",\"potentialAction\":[{\"@type\":\"ReadAction\",\"target\":[\"https:\\\/\\\/emf-consult.com\\\/nettbutikk\\\/produkt\\\/hf-safe-and-sound-pro-mmwave\\\/\"]}]},{\"@type\":\"ImageObject\",\"inLanguage\":\"nb-NO\",\"@id\":\"https:\\\/\\\/emf-consult.com\\\/nettbutikk\\\/produkt\\\/hf-safe-and-sound-pro-mmwave\\\/#primaryimage\",\"url\":\"https:\\\/\\\/emf-consult.com\\\/nettbutikk\\\/wp-content\\\/uploads\\\/2025\\\/09\\\/safe-and-sound-pro-mmwave.png\",\"contentUrl\":\"https:\\\/\\\/emf-consult.com\\\/nettbutikk\\\/wp-content\\\/uploads\\\/2025\\\/09\\\/safe-and-sound-pro-mmwave.png\",\"width\":600,\"height\":600},{\"@type\":\"BreadcrumbList\",\"@id\":\"https:\\\/\\\/emf-consult.com\\\/nettbutikk\\\/produkt\\\/hf-safe-and-sound-pro-mmwave\\\/#breadcrumb\",\"itemListElement\":[{\"@type\":\"ListItem\",\"position\":1,\"name\":\"Hjem\",\"item\":\"https:\\\/\\\/emf-consult.com\\\/nettbutikk\\\/\"},{\"@type\":\"ListItem\",\"position\":2,\"name\":\"Butikk\",\"item\":\"https:\\\/\\\/emf-consult.com\\\/nettbutikk\\\/butikk\\\/\"},{\"@type\":\"ListItem\",\"position\":3,\"name\":\"HF Safe and Sound Pro mmWave\"}]},{\"@type\":\"WebSite\",\"@id\":\"https:\\\/\\\/emf-consult.com\\\/nettbutikk\\\/#website\",\"url\":\"https:\\\/\\\/emf-consult.com\\\/nettbutikk\\\/\",\"name\":\"EMF Consult\",\"description\":\"Nettbutikk - Beskyttelse mot str\u00e5ling\",\"publisher\":{\"@id\":\"https:\\\/\\\/emf-consult.com\\\/nettbutikk\\\/#organization\"},\"potentialAction\":[{\"@type\":\"SearchAction\",\"target\":{\"@type\":\"EntryPoint\",\"urlTemplate\":\"https:\\\/\\\/emf-consult.com\\\/nettbutikk\\\/?s={search_term_string}\"},\"query-input\":{\"@type\":\"PropertyValueSpecification\",\"valueRequired\":true,\"valueName\":\"search_term_string\"}}],\"inLanguage\":\"nb-NO\"},{\"@type\":\"Organization\",\"@id\":\"https:\\\/\\\/emf-consult.com\\\/nettbutikk\\\/#organization\",\"name\":\"EMF Consult AS\",\"url\":\"https:\\\/\\\/emf-consult.com\\\/nettbutikk\\\/\",\"logo\":{\"@type\":\"ImageObject\",\"inLanguage\":\"nb-NO\",\"@id\":\"https:\\\/\\\/emf-consult.com\\\/nettbutikk\\\/#\\\/schema\\\/logo\\\/image\\\/\",\"url\":\"https:\\\/\\\/emf-consult.com\\\/nettbutikk\\\/wp-content\\\/uploads\\\/2022\\\/07\\\/cropped-Favikon-rod-e1658786300694.png\",\"contentUrl\":\"https:\\\/\\\/emf-consult.com\\\/nettbutikk\\\/wp-content\\\/uploads\\\/2022\\\/07\\\/cropped-Favikon-rod-e1658786300694.png\",\"width\":150,\"height\":150,\"caption\":\"EMF Consult AS\"},\"image\":{\"@id\":\"https:\\\/\\\/emf-consult.com\\\/nettbutikk\\\/#\\\/schema\\\/logo\\\/image\\\/\"},\"sameAs\":[\"https:\\\/\\\/www.facebook.com\\\/emfconsult\",\"https:\\\/\\\/www.linkedin.com\\\/company\\\/emf-consult\\\/\"]}]}<\/script>\n<!-- \/ Yoast SEO plugin. -->","yoast_head_json":{"title":"HF Safe and Sound Pro mmWave - EMF Consult","description":"Safe and Sound Pro mmWave-m\u00e5leren m\u00e5ler str\u00e5lingskilder i frekvensomr\u00e5det 20 GHz til 40 GHz med profesjonell n\u00f8yaktighet og til en rimelig pris. I dette frekvens omr\u00e5det finnes satellitt- og radiolinje kommunikasjon, bil-radar og 5G i millimeterb\u00f8lge omr\u00e5det. Apparatet er meget hendig og enkelt \u00e5 bruke og apparatet er tilpasset el.overf\u00f8lsomme, dvs. lysindikeringen har bedre oppl\u00f8sning ved lave str\u00e5lingsverdier enn for h\u00f8ye verdier.","robots":{"index":"index","follow":"follow","max-snippet":"max-snippet:-1","max-image-preview":"max-image-preview:large","max-video-preview":"max-video-preview:-1"},"canonical":"https:\/\/emf-consult.com\/nettbutikk\/produkt\/hf-safe-and-sound-pro-mmwave\/","og_locale":"nb_NO","og_type":"article","og_title":"HF Safe and Sound Pro mmWave - EMF Consult","og_description":"Safe and Sound Pro mmWave-m\u00e5leren m\u00e5ler str\u00e5lingskilder i frekvensomr\u00e5det 20 GHz til 40 GHz med profesjonell n\u00f8yaktighet og til en rimelig pris. I dette frekvens omr\u00e5det finnes satellitt- og radiolinje kommunikasjon, bil-radar og 5G i millimeterb\u00f8lge omr\u00e5det. Apparatet er meget hendig og enkelt \u00e5 bruke og apparatet er tilpasset el.overf\u00f8lsomme, dvs. lysindikeringen har bedre oppl\u00f8sning ved lave str\u00e5lingsverdier enn for h\u00f8ye verdier.","og_url":"https:\/\/emf-consult.com\/nettbutikk\/produkt\/hf-safe-and-sound-pro-mmwave\/","og_site_name":"EMF Consult","article_publisher":"https:\/\/www.facebook.com\/emfconsult","article_modified_time":"2026-03-27T07:57:50+00:00","og_image":[{"width":600,"height":600,"url":"https:\/\/emf-consult.com\/nettbutikk\/wp-content\/uploads\/2025\/09\/safe-and-sound-pro-mmwave.png","type":"image\/png"}],"twitter_card":"summary_large_image","twitter_misc":{"Ansl. lesetid":"3 minutter"},"schema":{"@context":"https:\/\/schema.org","@graph":[{"@type":"WebPage","@id":"https:\/\/emf-consult.com\/nettbutikk\/produkt\/hf-safe-and-sound-pro-mmwave\/","url":"https:\/\/emf-consult.com\/nettbutikk\/produkt\/hf-safe-and-sound-pro-mmwave\/","name":"HF Safe and Sound Pro mmWave - EMF Consult","isPartOf":{"@id":"https:\/\/emf-consult.com\/nettbutikk\/#website"},"primaryImageOfPage":{"@id":"https:\/\/emf-consult.com\/nettbutikk\/produkt\/hf-safe-and-sound-pro-mmwave\/#primaryimage"},"image":{"@id":"https:\/\/emf-consult.com\/nettbutikk\/produkt\/hf-safe-and-sound-pro-mmwave\/#primaryimage"},"thumbnailUrl":"https:\/\/emf-consult.com\/nettbutikk\/wp-content\/uploads\/2025\/09\/safe-and-sound-pro-mmwave.png","datePublished":"2025-09-29T06:12:59+00:00","dateModified":"2026-03-27T07:57:50+00:00","description":"Safe and Sound Pro mmWave-m\u00e5leren m\u00e5ler str\u00e5lingskilder i frekvensomr\u00e5det 20 GHz til 40 GHz med profesjonell n\u00f8yaktighet og til en rimelig pris. I dette frekvens omr\u00e5det finnes satellitt- og radiolinje kommunikasjon, bil-radar og 5G i millimeterb\u00f8lge omr\u00e5det. Apparatet er meget hendig og enkelt \u00e5 bruke og apparatet er tilpasset el.overf\u00f8lsomme, dvs. lysindikeringen har bedre oppl\u00f8sning ved lave str\u00e5lingsverdier enn for h\u00f8ye verdier.","breadcrumb":{"@id":"https:\/\/emf-consult.com\/nettbutikk\/produkt\/hf-safe-and-sound-pro-mmwave\/#breadcrumb"},"inLanguage":"nb-NO","potentialAction":[{"@type":"ReadAction","target":["https:\/\/emf-consult.com\/nettbutikk\/produkt\/hf-safe-and-sound-pro-mmwave\/"]}]},{"@type":"ImageObject","inLanguage":"nb-NO","@id":"https:\/\/emf-consult.com\/nettbutikk\/produkt\/hf-safe-and-sound-pro-mmwave\/#primaryimage","url":"https:\/\/emf-consult.com\/nettbutikk\/wp-content\/uploads\/2025\/09\/safe-and-sound-pro-mmwave.png","contentUrl":"https:\/\/emf-consult.com\/nettbutikk\/wp-content\/uploads\/2025\/09\/safe-and-sound-pro-mmwave.png","width":600,"height":600},{"@type":"BreadcrumbList","@id":"https:\/\/emf-consult.com\/nettbutikk\/produkt\/hf-safe-and-sound-pro-mmwave\/#breadcrumb","itemListElement":[{"@type":"ListItem","position":1,"name":"Hjem","item":"https:\/\/emf-consult.com\/nettbutikk\/"},{"@type":"ListItem","position":2,"name":"Butikk","item":"https:\/\/emf-consult.com\/nettbutikk\/butikk\/"},{"@type":"ListItem","position":3,"name":"HF Safe and Sound Pro mmWave"}]},{"@type":"WebSite","@id":"https:\/\/emf-consult.com\/nettbutikk\/#website","url":"https:\/\/emf-consult.com\/nettbutikk\/","name":"EMF Consult","description":"Nettbutikk - Beskyttelse mot str\u00e5ling","publisher":{"@id":"https:\/\/emf-consult.com\/nettbutikk\/#organization"},"potentialAction":[{"@type":"SearchAction","target":{"@type":"EntryPoint","urlTemplate":"https:\/\/emf-consult.com\/nettbutikk\/?s={search_term_string}"},"query-input":{"@type":"PropertyValueSpecification","valueRequired":true,"valueName":"search_term_string"}}],"inLanguage":"nb-NO"},{"@type":"Organization","@id":"https:\/\/emf-consult.com\/nettbutikk\/#organization","name":"EMF Consult AS","url":"https:\/\/emf-consult.com\/nettbutikk\/","logo":{"@type":"ImageObject","inLanguage":"nb-NO","@id":"https:\/\/emf-consult.com\/nettbutikk\/#\/schema\/logo\/image\/","url":"https:\/\/emf-consult.com\/nettbutikk\/wp-content\/uploads\/2022\/07\/cropped-Favikon-rod-e1658786300694.png","contentUrl":"https:\/\/emf-consult.com\/nettbutikk\/wp-content\/uploads\/2022\/07\/cropped-Favikon-rod-e1658786300694.png","width":150,"height":150,"caption":"EMF Consult AS"},"image":{"@id":"https:\/\/emf-consult.com\/nettbutikk\/#\/schema\/logo\/image\/"},"sameAs":["https:\/\/www.facebook.com\/emfconsult","https:\/\/www.linkedin.com\/company\/emf-consult\/"]}]}},"_links":{"self":[{"href":"https:\/\/emf-consult.com\/nettbutikk\/wp-json\/wp\/v2\/product\/18337","targetHints":{"allow":["GET"]}}],"collection":[{"href":"https:\/\/emf-consult.com\/nettbutikk\/wp-json\/wp\/v2\/product"}],"about":[{"href":"https:\/\/emf-consult.com\/nettbutikk\/wp-json\/wp\/v2\/types\/product"}],"replies":[{"embeddable":true,"href":"https:\/\/emf-consult.com\/nettbutikk\/wp-json\/wp\/v2\/comments?post=18337"}],"wp:featuredmedia":[{"embeddable":true,"href":"https:\/\/emf-consult.com\/nettbutikk\/wp-json\/wp\/v2\/media\/18340"}],"wp:attachment":[{"href":"https:\/\/emf-consult.com\/nettbutikk\/wp-json\/wp\/v2\/media?parent=18337"}],"wp:term":[{"taxonomy":"product_brand","embeddable":true,"href":"https:\/\/emf-consult.com\/nettbutikk\/wp-json\/wp\/v2\/product_brand?post=18337"},{"taxonomy":"product_cat","embeddable":true,"href":"https:\/\/emf-consult.com\/nettbutikk\/wp-json\/wp\/v2\/product_cat?post=18337"},{"taxonomy":"product_tag","embeddable":true,"href":"https:\/\/emf-consult.com\/nettbutikk\/wp-json\/wp\/v2\/product_tag?post=18337"}],"curies":[{"name":"wp","href":"https:\/\/api.w.org\/{rel}","templated":true}]}}