{"id":18068,"date":"2025-06-10T13:59:59","date_gmt":"2025-06-10T11:59:59","guid":{"rendered":"https:\/\/emf-consult.com\/nettbutikk\/?post_type=product&#038;p=18068"},"modified":"2026-04-07T18:13:07","modified_gmt":"2026-04-07T16:13:07","slug":"stralebeskyttende-skulderveske","status":"publish","type":"product","link":"https:\/\/emf-consult.com\/nettbutikk\/produkt\/stralebeskyttende-skulderveske\/","title":{"rendered":"Str\u00e5lebeskyttende skulderveske"},"content":{"rendered":"<p>Hold mobiltelefonen og andre n\u00f8dvendigheter i n\u00e6rheten, alt mens du er beskyttet mot EMF-str\u00e5ling med v\u00e5r EMF str\u00e5lebeskyttende skulderveske.<\/p>\n<p>Skuldervesken er designet med f\u00f8rsteklasses materialer og funksjonalitet i tankene, og er en stilig veske som passer til smarttelefonen din, og andre ting \u00e5 gj\u00f8r den til det perfekte tilbeh\u00f8ret for reiser og til hverdagsbruk.\u00a0I en moderne verden hvor datatyveri er en utfordring tar Safesleeve beskyttelse av personvern, sikkerhet og EMF-str\u00e5ling til et nytt niv\u00e5!<\/p>\n<p>G\u00e5 \u201coff-grid\u201d og beveg deg under radaren \u2013 mens du samtidig er beskyttet mot EMF-str\u00e5ling. Skuldervesken kan benyttes til \u00e5:<\/p>\n<ul>\n<li>Beskytte Pass og ID-informasjon<\/li>\n<li>Skjerme for elektromagnetisk str\u00e5ling, og tyveri av data fra mobiltelefonen<\/li>\n<li>Beskytte kredittkortinformasjon<\/li>\n<li>Forhindre hacking<\/li>\n<\/ul>\n<p>Safesleeve skulderveske inneholder avansert EMF-skjermingsteknologi, som er i stand til \u00e5 blokkere alle innkommende og utg\u00e5ende signaler fra elektroniske enheter, inkludert RFID, Mobiltelefon, GPS, WiFi og Bluetooth med 99,99%.<\/p>\n<p>Bare plasser mobiltelefonen, kredittkort, pass, ID-er eller andre sporbare gjenstander i Safesleeve skulderveskens innerste beskyttelsespose, lukk vesken godt og de blir uoppdagelige, helt usynlige for omverdenen.<\/p>\n<p>For \u00e5 beskytte deg mot tr\u00e5dl\u00f8s EMF-str\u00e5ling, men fortsatt motta telefonsamtaler eller meldinger, plasser du telefonen i frontlommen. Enheten din vil fortsatt kunne fungere mens kroppen din vil bli beskyttet mot tr\u00e5dl\u00f8se EMF-belastning.<\/p>\n<p>For \u00f8kt trygghet, er Safesleeve skulderveske en perfekt l\u00f8sning for reiser, pendling, skole, forretning og milit\u00e6re applikasjoner. I tillegg kan du bruke skuldervesken i overfylte offentlige rom, for eksempel festivaler, konserter eller forn\u00f8yelsesparker!<\/p>\n<p>For \u00f8kt trygghet, er skuldervesken en perfekt l\u00f8sning for for travle mennesker som er avhengig av \u00e5 ha mobiltelefonen lett tilgjengelig.<\/p>\n<p>&nbsp;<\/p>\n","protected":false},"excerpt":{"rendered":"<p><strong>Spesifikasjoner:<\/strong><br \/>\nVekt (g): 200<br \/>\nM\u00e5l (cm): 21,3 x 11,90 x<br \/>\nFarge: Svart<\/p>\n","protected":false},"featured_media":18070,"comment_status":"open","ping_status":"closed","template":"","meta":[],"product_brand":[],"product_cat":[29],"product_tag":[],"class_list":{"0":"post-18068","1":"product","2":"type-product","3":"status-publish","4":"has-post-thumbnail","6":"product_cat-data-tele","8":"first","9":"instock","10":"taxable","11":"shipping-taxable","12":"purchasable","13":"product-type-simple"},"yoast_head":"<!-- This site is optimized with the Yoast SEO plugin v27.4 - https:\/\/yoast.com\/product\/yoast-seo-wordpress\/ -->\n<title>Str\u00e5lebeskyttende skulderveske - EMF Consult<\/title>\n<meta name=\"robots\" content=\"index, follow, max-snippet:-1, max-image-preview:large, max-video-preview:-1\" \/>\n<link rel=\"canonical\" href=\"https:\/\/emf-consult.com\/nettbutikk\/produkt\/stralebeskyttende-skulderveske\/\" \/>\n<meta property=\"og:locale\" content=\"nb_NO\" \/>\n<meta property=\"og:type\" content=\"article\" \/>\n<meta property=\"og:title\" content=\"Str\u00e5lebeskyttende skulderveske - EMF Consult\" \/>\n<meta property=\"og:description\" content=\"Spesifikasjoner: Vekt (g): 200 M\u00e5l (cm): 21,3 x 11,90 x Farge: Svart\" \/>\n<meta property=\"og:url\" content=\"https:\/\/emf-consult.com\/nettbutikk\/produkt\/stralebeskyttende-skulderveske\/\" \/>\n<meta property=\"og:site_name\" content=\"EMF Consult\" \/>\n<meta property=\"article:publisher\" content=\"https:\/\/www.facebook.com\/emfconsult\" \/>\n<meta property=\"article:modified_time\" content=\"2026-04-07T16:13:07+00:00\" \/>\n<meta property=\"og:image\" content=\"https:\/\/emf-consult.com\/nettbutikk\/wp-content\/uploads\/2025\/06\/240816-1-0018-2000_720x.webp\" \/>\n\t<meta property=\"og:image:width\" content=\"720\" \/>\n\t<meta property=\"og:image:height\" content=\"720\" \/>\n\t<meta property=\"og:image:type\" content=\"image\/webp\" \/>\n<meta name=\"twitter:card\" content=\"summary_large_image\" \/>\n<meta name=\"twitter:label1\" content=\"Ansl. lesetid\" \/>\n\t<meta name=\"twitter:data1\" content=\"2 minutter\" \/>\n<script type=\"application\/ld+json\" class=\"yoast-schema-graph\">{\"@context\":\"https:\\\/\\\/schema.org\",\"@graph\":[{\"@type\":\"WebPage\",\"@id\":\"https:\\\/\\\/emf-consult.com\\\/nettbutikk\\\/produkt\\\/stralebeskyttende-skulderveske\\\/\",\"url\":\"https:\\\/\\\/emf-consult.com\\\/nettbutikk\\\/produkt\\\/stralebeskyttende-skulderveske\\\/\",\"name\":\"Str\u00e5lebeskyttende skulderveske - EMF Consult\",\"isPartOf\":{\"@id\":\"https:\\\/\\\/emf-consult.com\\\/nettbutikk\\\/#website\"},\"primaryImageOfPage\":{\"@id\":\"https:\\\/\\\/emf-consult.com\\\/nettbutikk\\\/produkt\\\/stralebeskyttende-skulderveske\\\/#primaryimage\"},\"image\":{\"@id\":\"https:\\\/\\\/emf-consult.com\\\/nettbutikk\\\/produkt\\\/stralebeskyttende-skulderveske\\\/#primaryimage\"},\"thumbnailUrl\":\"https:\\\/\\\/emf-consult.com\\\/nettbutikk\\\/wp-content\\\/uploads\\\/2025\\\/06\\\/240816-1-0018-2000_720x.webp\",\"datePublished\":\"2025-06-10T11:59:59+00:00\",\"dateModified\":\"2026-04-07T16:13:07+00:00\",\"breadcrumb\":{\"@id\":\"https:\\\/\\\/emf-consult.com\\\/nettbutikk\\\/produkt\\\/stralebeskyttende-skulderveske\\\/#breadcrumb\"},\"inLanguage\":\"nb-NO\",\"potentialAction\":[{\"@type\":\"ReadAction\",\"target\":[\"https:\\\/\\\/emf-consult.com\\\/nettbutikk\\\/produkt\\\/stralebeskyttende-skulderveske\\\/\"]}]},{\"@type\":\"ImageObject\",\"inLanguage\":\"nb-NO\",\"@id\":\"https:\\\/\\\/emf-consult.com\\\/nettbutikk\\\/produkt\\\/stralebeskyttende-skulderveske\\\/#primaryimage\",\"url\":\"https:\\\/\\\/emf-consult.com\\\/nettbutikk\\\/wp-content\\\/uploads\\\/2025\\\/06\\\/240816-1-0018-2000_720x.webp\",\"contentUrl\":\"https:\\\/\\\/emf-consult.com\\\/nettbutikk\\\/wp-content\\\/uploads\\\/2025\\\/06\\\/240816-1-0018-2000_720x.webp\",\"width\":720,\"height\":720},{\"@type\":\"BreadcrumbList\",\"@id\":\"https:\\\/\\\/emf-consult.com\\\/nettbutikk\\\/produkt\\\/stralebeskyttende-skulderveske\\\/#breadcrumb\",\"itemListElement\":[{\"@type\":\"ListItem\",\"position\":1,\"name\":\"Hjem\",\"item\":\"https:\\\/\\\/emf-consult.com\\\/nettbutikk\\\/\"},{\"@type\":\"ListItem\",\"position\":2,\"name\":\"Butikk\",\"item\":\"https:\\\/\\\/emf-consult.com\\\/nettbutikk\\\/butikk\\\/\"},{\"@type\":\"ListItem\",\"position\":3,\"name\":\"Str\u00e5lebeskyttende skulderveske\"}]},{\"@type\":\"WebSite\",\"@id\":\"https:\\\/\\\/emf-consult.com\\\/nettbutikk\\\/#website\",\"url\":\"https:\\\/\\\/emf-consult.com\\\/nettbutikk\\\/\",\"name\":\"EMF Consult\",\"description\":\"Nettbutikk - Beskyttelse mot str\u00e5ling\",\"publisher\":{\"@id\":\"https:\\\/\\\/emf-consult.com\\\/nettbutikk\\\/#organization\"},\"potentialAction\":[{\"@type\":\"SearchAction\",\"target\":{\"@type\":\"EntryPoint\",\"urlTemplate\":\"https:\\\/\\\/emf-consult.com\\\/nettbutikk\\\/?s={search_term_string}\"},\"query-input\":{\"@type\":\"PropertyValueSpecification\",\"valueRequired\":true,\"valueName\":\"search_term_string\"}}],\"inLanguage\":\"nb-NO\"},{\"@type\":\"Organization\",\"@id\":\"https:\\\/\\\/emf-consult.com\\\/nettbutikk\\\/#organization\",\"name\":\"EMF Consult AS\",\"url\":\"https:\\\/\\\/emf-consult.com\\\/nettbutikk\\\/\",\"logo\":{\"@type\":\"ImageObject\",\"inLanguage\":\"nb-NO\",\"@id\":\"https:\\\/\\\/emf-consult.com\\\/nettbutikk\\\/#\\\/schema\\\/logo\\\/image\\\/\",\"url\":\"https:\\\/\\\/emf-consult.com\\\/nettbutikk\\\/wp-content\\\/uploads\\\/2022\\\/07\\\/cropped-Favikon-rod-e1658786300694.png\",\"contentUrl\":\"https:\\\/\\\/emf-consult.com\\\/nettbutikk\\\/wp-content\\\/uploads\\\/2022\\\/07\\\/cropped-Favikon-rod-e1658786300694.png\",\"width\":150,\"height\":150,\"caption\":\"EMF Consult AS\"},\"image\":{\"@id\":\"https:\\\/\\\/emf-consult.com\\\/nettbutikk\\\/#\\\/schema\\\/logo\\\/image\\\/\"},\"sameAs\":[\"https:\\\/\\\/www.facebook.com\\\/emfconsult\",\"https:\\\/\\\/www.linkedin.com\\\/company\\\/emf-consult\\\/\"]}]}<\/script>\n<!-- \/ Yoast SEO plugin. -->","yoast_head_json":{"title":"Str\u00e5lebeskyttende skulderveske - EMF Consult","robots":{"index":"index","follow":"follow","max-snippet":"max-snippet:-1","max-image-preview":"max-image-preview:large","max-video-preview":"max-video-preview:-1"},"canonical":"https:\/\/emf-consult.com\/nettbutikk\/produkt\/stralebeskyttende-skulderveske\/","og_locale":"nb_NO","og_type":"article","og_title":"Str\u00e5lebeskyttende skulderveske - EMF Consult","og_description":"Spesifikasjoner: Vekt (g): 200 M\u00e5l (cm): 21,3 x 11,90 x Farge: Svart","og_url":"https:\/\/emf-consult.com\/nettbutikk\/produkt\/stralebeskyttende-skulderveske\/","og_site_name":"EMF Consult","article_publisher":"https:\/\/www.facebook.com\/emfconsult","article_modified_time":"2026-04-07T16:13:07+00:00","og_image":[{"width":720,"height":720,"url":"https:\/\/emf-consult.com\/nettbutikk\/wp-content\/uploads\/2025\/06\/240816-1-0018-2000_720x.webp","type":"image\/webp"}],"twitter_card":"summary_large_image","twitter_misc":{"Ansl. lesetid":"2 minutter"},"schema":{"@context":"https:\/\/schema.org","@graph":[{"@type":"WebPage","@id":"https:\/\/emf-consult.com\/nettbutikk\/produkt\/stralebeskyttende-skulderveske\/","url":"https:\/\/emf-consult.com\/nettbutikk\/produkt\/stralebeskyttende-skulderveske\/","name":"Str\u00e5lebeskyttende skulderveske - EMF Consult","isPartOf":{"@id":"https:\/\/emf-consult.com\/nettbutikk\/#website"},"primaryImageOfPage":{"@id":"https:\/\/emf-consult.com\/nettbutikk\/produkt\/stralebeskyttende-skulderveske\/#primaryimage"},"image":{"@id":"https:\/\/emf-consult.com\/nettbutikk\/produkt\/stralebeskyttende-skulderveske\/#primaryimage"},"thumbnailUrl":"https:\/\/emf-consult.com\/nettbutikk\/wp-content\/uploads\/2025\/06\/240816-1-0018-2000_720x.webp","datePublished":"2025-06-10T11:59:59+00:00","dateModified":"2026-04-07T16:13:07+00:00","breadcrumb":{"@id":"https:\/\/emf-consult.com\/nettbutikk\/produkt\/stralebeskyttende-skulderveske\/#breadcrumb"},"inLanguage":"nb-NO","potentialAction":[{"@type":"ReadAction","target":["https:\/\/emf-consult.com\/nettbutikk\/produkt\/stralebeskyttende-skulderveske\/"]}]},{"@type":"ImageObject","inLanguage":"nb-NO","@id":"https:\/\/emf-consult.com\/nettbutikk\/produkt\/stralebeskyttende-skulderveske\/#primaryimage","url":"https:\/\/emf-consult.com\/nettbutikk\/wp-content\/uploads\/2025\/06\/240816-1-0018-2000_720x.webp","contentUrl":"https:\/\/emf-consult.com\/nettbutikk\/wp-content\/uploads\/2025\/06\/240816-1-0018-2000_720x.webp","width":720,"height":720},{"@type":"BreadcrumbList","@id":"https:\/\/emf-consult.com\/nettbutikk\/produkt\/stralebeskyttende-skulderveske\/#breadcrumb","itemListElement":[{"@type":"ListItem","position":1,"name":"Hjem","item":"https:\/\/emf-consult.com\/nettbutikk\/"},{"@type":"ListItem","position":2,"name":"Butikk","item":"https:\/\/emf-consult.com\/nettbutikk\/butikk\/"},{"@type":"ListItem","position":3,"name":"Str\u00e5lebeskyttende skulderveske"}]},{"@type":"WebSite","@id":"https:\/\/emf-consult.com\/nettbutikk\/#website","url":"https:\/\/emf-consult.com\/nettbutikk\/","name":"EMF Consult","description":"Nettbutikk - Beskyttelse mot str\u00e5ling","publisher":{"@id":"https:\/\/emf-consult.com\/nettbutikk\/#organization"},"potentialAction":[{"@type":"SearchAction","target":{"@type":"EntryPoint","urlTemplate":"https:\/\/emf-consult.com\/nettbutikk\/?s={search_term_string}"},"query-input":{"@type":"PropertyValueSpecification","valueRequired":true,"valueName":"search_term_string"}}],"inLanguage":"nb-NO"},{"@type":"Organization","@id":"https:\/\/emf-consult.com\/nettbutikk\/#organization","name":"EMF Consult AS","url":"https:\/\/emf-consult.com\/nettbutikk\/","logo":{"@type":"ImageObject","inLanguage":"nb-NO","@id":"https:\/\/emf-consult.com\/nettbutikk\/#\/schema\/logo\/image\/","url":"https:\/\/emf-consult.com\/nettbutikk\/wp-content\/uploads\/2022\/07\/cropped-Favikon-rod-e1658786300694.png","contentUrl":"https:\/\/emf-consult.com\/nettbutikk\/wp-content\/uploads\/2022\/07\/cropped-Favikon-rod-e1658786300694.png","width":150,"height":150,"caption":"EMF Consult AS"},"image":{"@id":"https:\/\/emf-consult.com\/nettbutikk\/#\/schema\/logo\/image\/"},"sameAs":["https:\/\/www.facebook.com\/emfconsult","https:\/\/www.linkedin.com\/company\/emf-consult\/"]}]}},"_links":{"self":[{"href":"https:\/\/emf-consult.com\/nettbutikk\/wp-json\/wp\/v2\/product\/18068","targetHints":{"allow":["GET"]}}],"collection":[{"href":"https:\/\/emf-consult.com\/nettbutikk\/wp-json\/wp\/v2\/product"}],"about":[{"href":"https:\/\/emf-consult.com\/nettbutikk\/wp-json\/wp\/v2\/types\/product"}],"replies":[{"embeddable":true,"href":"https:\/\/emf-consult.com\/nettbutikk\/wp-json\/wp\/v2\/comments?post=18068"}],"wp:featuredmedia":[{"embeddable":true,"href":"https:\/\/emf-consult.com\/nettbutikk\/wp-json\/wp\/v2\/media\/18070"}],"wp:attachment":[{"href":"https:\/\/emf-consult.com\/nettbutikk\/wp-json\/wp\/v2\/media?parent=18068"}],"wp:term":[{"taxonomy":"product_brand","embeddable":true,"href":"https:\/\/emf-consult.com\/nettbutikk\/wp-json\/wp\/v2\/product_brand?post=18068"},{"taxonomy":"product_cat","embeddable":true,"href":"https:\/\/emf-consult.com\/nettbutikk\/wp-json\/wp\/v2\/product_cat?post=18068"},{"taxonomy":"product_tag","embeddable":true,"href":"https:\/\/emf-consult.com\/nettbutikk\/wp-json\/wp\/v2\/product_tag?post=18068"}],"curies":[{"name":"wp","href":"https:\/\/api.w.org\/{rel}","templated":true}]}}