{"id":17742,"date":"2025-02-03T16:12:07","date_gmt":"2025-02-03T15:12:07","guid":{"rendered":"https:\/\/emf-consult.com\/nettbutikk\/?post_type=product&#038;p=17742"},"modified":"2025-08-20T14:45:26","modified_gmt":"2025-08-20T12:45:26","slug":"skjerming-magnetfelt-m6l-85","status":"publish","type":"product","link":"https:\/\/emf-consult.com\/nettbutikk\/produkt\/skjerming-magnetfelt-m6l-85\/","title":{"rendered":"Skjerming magnetfelt M6L-85"},"content":{"rendered":"<p>M6L-85 er en magnetfeltskjermingsplate for skjerming av lavfrekvente magnetiske felt, permanent beskyttet mot milj\u00f8p\u00e5virkning p\u00e5 begge sider med en lamineringsfilm. Den er derfor ekstremt slitesterk, og kan brukes for eksempel p\u00e5 flatt tak eller under gulv konstruksjoner. Enkeltlagsbehandling har den beste pris\/ytelsesforhold, for h\u00f8yere magnetiske flukstettheter kreves flerlagsbehandling. For dette produktet har vi koblet 6 meget tynne skjermingsfolier sammen, fordi flere tynne lag gir bedre skjerming enn ett tykt ark.<\/p>\n<p>Den er egnet for sm\u00e5 overflater i et hjemmemilj\u00f8, s\u00e5 vel som for store overflater i bygg, handel eller industri. I tillegg er det ulike bruksmuligheter i biler, elektriske kj\u00f8ret\u00f8y, varebiler, bobiler, bobiler<\/p>\n<p><span title=\"MCL61 can easily be cut with scissors. \"><span title=\"The attenuation depends on the number of phases, cable twisting, the size of the area, etc.;\">Dempningen av magnetfelt er avhengig av antall faser, kabel vridning, st\u00f8rrelsen p\u00e5 omr\u00e5det, etc .; <\/span><span title=\"Work in large areas: Shield cables with 1-2 sheets, fuse-boxes with 2-4 sheets; \">Skjerm kabler med 1-2 lag, sikringsbokser med 2-4 lag. magnetfelt g\u00e5r i &#8220;sirkler&#8221; ut fra kilden og det er derfor viktig \u00e5 dekke et st\u00f8rre omr\u00e5de rundt kilden, eller &#8220;pakk inn&#8221; kilden i M6L-85 for \u00e5 oppn\u00e5 oppgitt skjermingseffekt.\u00a0<\/span><br \/>\n<\/span><span title=\"\u2022Materials: Polyester, Co69, Fe4, Mo4, Nb1, Si16, B7 \"><br \/>\n<\/span><strong><span title=\"Processing \">H\u00e5ndtering<\/span><\/strong><\/p>\n<p>OBS: M6L-serien kan kuttes med saks av h\u00f8y kvalitet! Skj\u00e6rekantene er skarpe som kniver og m\u00e5 beskyttes (f.eks. med stofftape) umiddelbart etter kutting! Bruk kuttbestandige hansker under bearbeiding! Vi anbefaler \u00e5 planlegge monteringen av platene p\u00e5 en m\u00e5te som gj\u00f8r at du ikke trenger \u00e5 kutte dem! V\u00e6r oppmerksom p\u00e5 ved st\u00f8rre veggflater at platene er en vanndampsperre.<\/p>\n<p>Bruksomr\u00e5de: Velg et lim som kan lime lamineringsfilmen laget av PET (polyetylentereftalat). Det finnes h\u00f8yviskositets monteringslim for f.eks. faste underlag eller fleksible plastlim for liming, f.eks. under tepper i biler. F\u00f8lg instruksjonene til limprodusenten. P\u00e5f\u00f8ring med stiftemaskin eller spikerpistol: Hvis underlaget er egnet, anbefaler vi \u00e5 bruke en elektrisk stiftemaskin eller spikerpistol. For ett lag inkludert overlapping er det tilstrekkelig med en middels priset elektrisk stifter; for to eller flere lag trenger du en profesjonell spikerpistol. Skjermingsflaten skal overlappe med minst 2 cm. Flerlagsinstallasjon: Installer alltid platene i en forskj\u00f8vet posisjon &#8211; overflaten skal dekke overlappingen under.<\/p>\n<p><strong><span title=\"Grounding \">Jording: <\/span><\/strong><span title=\"Grounding \">N\u00e5r du skjermer magnetiske felt, v\u00e6r ogs\u00e5 oppmerksom p\u00e5 de elektriske feltene. Jording skal utf\u00f8res for \u00e5 hindre spredning av elektriske felt. M6L-serien er hellaminert, men det er fortsatt en l\u00f8sning for kontakt: Fest v\u00e5r <a href=\"https:\/\/emf-consult.com\/nettbutikk\/produkt\/jordingstape-gsx10\/\">GSX10<\/a> eller <a href=\"https:\/\/emf-consult.com\/nettbutikk\/produkt\/jordingstape-gsx50\/\">GSX50<\/a> jordingstape til alle overflater. Stift eller spik gjennom jordingstapen. Stiftene eller spikrene kommer i kontakt med panelet og jordingsstroppen. Ytterligere komponenter finner du under &#8220;Jording&#8221;<\/span><strong><span title=\"Grounding \">.<\/span><\/strong><\/p>\n<p>&nbsp;<\/p>\n","protected":false},"excerpt":{"rendered":"<p><span title=\"Technical data \"><strong>Tekniske data<\/strong><\/span><\/p>\n<ul>\n<li><span title=\"Technical data \">St\u00f8rrelse: 80&#215;55 cm (0,44 kvm)<br \/>\n<\/span><\/li>\n<li><span title=\"Because of the high production costs, we allow to divide up the ordered quantity! \">Tykkelse: 0,5 mm (0,7 mm overlapping)<\/span><\/li>\n<li>Vekt: 640 g<\/li>\n<li><span title=\"Color: Silver \">Farge: S\u00f8lv<\/span><\/li>\n<li><span title=\"Because of the high production costs, we allow to divide up the ordered quantity! \">Demping magnetiske felt (Tre-fase 50 Hz): Enkeltlags 19,5 dB (89,4 %), tolags 25,7 dB (94,8 %), trelags 30,2 dB (96,9 %), firelags 32,6 dB (97,7 %)<\/span><\/li>\n<li><span title=\"Because of the high production costs, we allow to divide up the ordered quantity! \">Demping magnetiske felt (Enfaset 50 Hz): Enkeltlags 17,7 dB (87 %), tolags 23,2 dB (93,1 %), trelags 26,8 dB (95,4 %), firelags 29,3 dB (96,6 %)<\/span><\/li>\n<li><span title=\"Because of the high production costs, we allow to divide up the ordered quantity! \">Demping magnetiske felt (statisk): DC-forbrukere, jordmagnetfelt, permanente magneter er skjermet i omr\u00e5det fra 15 % (enkeltlags) til 58 % (firelags)<\/span><\/li>\n<li><span title=\"Because of the high production costs, we allow to divide up the ordered quantity! \">Minste b\u00f8yeradius: 20 cm<\/span><\/li>\n<li><span title=\"Because of the high production costs, we allow to divide up the ordered quantity! \">Av hensyn til innovasjon deklarerer vi ikke ingredienser og magnetiske n\u00f8kkeltall. Det h\u00f8yteknologiske materialet har h\u00f8y initial permeabilitet og h\u00f8y metningsinduksjon fra 5 Hz til 50 kHz. I tillegg er statiske magnetiske felt ved 0 Hz skjermet, det samme er elektromagnetiske felt opp til 40 GHz.<\/span><\/li>\n<\/ul>\n","protected":false},"featured_media":17747,"comment_status":"open","ping_status":"closed","template":"","meta":[],"product_brand":[],"product_cat":[49,53],"product_tag":[],"class_list":{"0":"post-17742","1":"product","2":"type-product","3":"status-publish","4":"has-post-thumbnail","6":"product_cat-folier-netting-fleece","7":"product_cat-nyheter","9":"first","10":"instock","11":"taxable","12":"shipping-taxable","13":"purchasable","14":"product-type-simple"},"yoast_head":"<!-- This site is optimized with the Yoast SEO plugin v27.4 - https:\/\/yoast.com\/product\/yoast-seo-wordpress\/ -->\n<title>Skjerming magnetfelt M6L-85 - EMF Consult<\/title>\n<meta name=\"robots\" content=\"index, follow, max-snippet:-1, max-image-preview:large, max-video-preview:-1\" \/>\n<link rel=\"canonical\" href=\"https:\/\/emf-consult.com\/nettbutikk\/produkt\/skjerming-magnetfelt-m6l-85\/\" \/>\n<meta property=\"og:locale\" content=\"nb_NO\" \/>\n<meta property=\"og:type\" content=\"article\" \/>\n<meta property=\"og:title\" content=\"Skjerming magnetfelt M6L-85 - EMF Consult\" \/>\n<meta property=\"og:description\" content=\"Tekniske data   St\u00f8rrelse: 80x55 cm (0,44 kvm)   Tykkelse: 0,5 mm (0,7 mm overlapping)  Vekt: 640 g  Farge: S\u00f8lv  Demping magnetiske felt (Tre-fase 50 Hz): Enkeltlags 19,5 dB (89,4 %), tolags 25,7 dB (94,8 %), trelags 30,2 dB (96,9 %), firelags 32,6 dB (97,7 %)  Demping magnetiske felt (Enfaset 50 Hz): Enkeltlags 17,7 dB (87 %), tolags 23,2 dB (93,1 %), trelags 26,8 dB (95,4 %), firelags 29,3 dB (96,6 %)  Demping magnetiske felt (statisk): DC-forbrukere, jordmagnetfelt, permanente magneter er skjermet i omr\u00e5det fra 15 % (enkeltlags) til 58 % (firelags)  Minste b\u00f8yeradius: 20 cm  Av hensyn til innovasjon deklarerer vi ikke ingredienser og magnetiske n\u00f8kkeltall. Det h\u00f8yteknologiske materialet har h\u00f8y initial permeabilitet og h\u00f8y metningsinduksjon fra 5 Hz til 50 kHz. I tillegg er statiske magnetiske felt ved 0 Hz skjermet, det samme er elektromagnetiske felt opp til 40 GHz.\" \/>\n<meta property=\"og:url\" content=\"https:\/\/emf-consult.com\/nettbutikk\/produkt\/skjerming-magnetfelt-m6l-85\/\" \/>\n<meta property=\"og:site_name\" content=\"EMF Consult\" \/>\n<meta property=\"article:publisher\" content=\"https:\/\/www.facebook.com\/emfconsult\" \/>\n<meta property=\"article:modified_time\" content=\"2025-08-20T12:45:26+00:00\" \/>\n<meta property=\"og:image\" content=\"https:\/\/emf-consult.com\/nettbutikk\/wp-content\/uploads\/2025\/02\/YSHIELD-M6L-85-Hand.jpg\" \/>\n\t<meta property=\"og:image:width\" content=\"2000\" \/>\n\t<meta property=\"og:image:height\" content=\"2000\" \/>\n\t<meta property=\"og:image:type\" content=\"image\/jpeg\" \/>\n<meta name=\"twitter:card\" content=\"summary_large_image\" \/>\n<meta name=\"twitter:label1\" content=\"Ansl. lesetid\" \/>\n\t<meta name=\"twitter:data1\" content=\"3 minutter\" \/>\n<script type=\"application\/ld+json\" class=\"yoast-schema-graph\">{\"@context\":\"https:\\\/\\\/schema.org\",\"@graph\":[{\"@type\":\"WebPage\",\"@id\":\"https:\\\/\\\/emf-consult.com\\\/nettbutikk\\\/produkt\\\/skjerming-magnetfelt-m6l-85\\\/\",\"url\":\"https:\\\/\\\/emf-consult.com\\\/nettbutikk\\\/produkt\\\/skjerming-magnetfelt-m6l-85\\\/\",\"name\":\"Skjerming magnetfelt M6L-85 - EMF Consult\",\"isPartOf\":{\"@id\":\"https:\\\/\\\/emf-consult.com\\\/nettbutikk\\\/#website\"},\"primaryImageOfPage\":{\"@id\":\"https:\\\/\\\/emf-consult.com\\\/nettbutikk\\\/produkt\\\/skjerming-magnetfelt-m6l-85\\\/#primaryimage\"},\"image\":{\"@id\":\"https:\\\/\\\/emf-consult.com\\\/nettbutikk\\\/produkt\\\/skjerming-magnetfelt-m6l-85\\\/#primaryimage\"},\"thumbnailUrl\":\"https:\\\/\\\/emf-consult.com\\\/nettbutikk\\\/wp-content\\\/uploads\\\/2025\\\/02\\\/YSHIELD-M6L-85-Hand.jpg\",\"datePublished\":\"2025-02-03T15:12:07+00:00\",\"dateModified\":\"2025-08-20T12:45:26+00:00\",\"breadcrumb\":{\"@id\":\"https:\\\/\\\/emf-consult.com\\\/nettbutikk\\\/produkt\\\/skjerming-magnetfelt-m6l-85\\\/#breadcrumb\"},\"inLanguage\":\"nb-NO\",\"potentialAction\":[{\"@type\":\"ReadAction\",\"target\":[\"https:\\\/\\\/emf-consult.com\\\/nettbutikk\\\/produkt\\\/skjerming-magnetfelt-m6l-85\\\/\"]}]},{\"@type\":\"ImageObject\",\"inLanguage\":\"nb-NO\",\"@id\":\"https:\\\/\\\/emf-consult.com\\\/nettbutikk\\\/produkt\\\/skjerming-magnetfelt-m6l-85\\\/#primaryimage\",\"url\":\"https:\\\/\\\/emf-consult.com\\\/nettbutikk\\\/wp-content\\\/uploads\\\/2025\\\/02\\\/YSHIELD-M6L-85-Hand.jpg\",\"contentUrl\":\"https:\\\/\\\/emf-consult.com\\\/nettbutikk\\\/wp-content\\\/uploads\\\/2025\\\/02\\\/YSHIELD-M6L-85-Hand.jpg\",\"width\":2000,\"height\":2000},{\"@type\":\"BreadcrumbList\",\"@id\":\"https:\\\/\\\/emf-consult.com\\\/nettbutikk\\\/produkt\\\/skjerming-magnetfelt-m6l-85\\\/#breadcrumb\",\"itemListElement\":[{\"@type\":\"ListItem\",\"position\":1,\"name\":\"Hjem\",\"item\":\"https:\\\/\\\/emf-consult.com\\\/nettbutikk\\\/\"},{\"@type\":\"ListItem\",\"position\":2,\"name\":\"Butikk\",\"item\":\"https:\\\/\\\/emf-consult.com\\\/nettbutikk\\\/butikk\\\/\"},{\"@type\":\"ListItem\",\"position\":3,\"name\":\"Skjerming magnetfelt M6L-85\"}]},{\"@type\":\"WebSite\",\"@id\":\"https:\\\/\\\/emf-consult.com\\\/nettbutikk\\\/#website\",\"url\":\"https:\\\/\\\/emf-consult.com\\\/nettbutikk\\\/\",\"name\":\"EMF Consult\",\"description\":\"Nettbutikk - Beskyttelse mot str\u00e5ling\",\"publisher\":{\"@id\":\"https:\\\/\\\/emf-consult.com\\\/nettbutikk\\\/#organization\"},\"potentialAction\":[{\"@type\":\"SearchAction\",\"target\":{\"@type\":\"EntryPoint\",\"urlTemplate\":\"https:\\\/\\\/emf-consult.com\\\/nettbutikk\\\/?s={search_term_string}\"},\"query-input\":{\"@type\":\"PropertyValueSpecification\",\"valueRequired\":true,\"valueName\":\"search_term_string\"}}],\"inLanguage\":\"nb-NO\"},{\"@type\":\"Organization\",\"@id\":\"https:\\\/\\\/emf-consult.com\\\/nettbutikk\\\/#organization\",\"name\":\"EMF Consult AS\",\"url\":\"https:\\\/\\\/emf-consult.com\\\/nettbutikk\\\/\",\"logo\":{\"@type\":\"ImageObject\",\"inLanguage\":\"nb-NO\",\"@id\":\"https:\\\/\\\/emf-consult.com\\\/nettbutikk\\\/#\\\/schema\\\/logo\\\/image\\\/\",\"url\":\"https:\\\/\\\/emf-consult.com\\\/nettbutikk\\\/wp-content\\\/uploads\\\/2022\\\/07\\\/cropped-Favikon-rod-e1658786300694.png\",\"contentUrl\":\"https:\\\/\\\/emf-consult.com\\\/nettbutikk\\\/wp-content\\\/uploads\\\/2022\\\/07\\\/cropped-Favikon-rod-e1658786300694.png\",\"width\":150,\"height\":150,\"caption\":\"EMF Consult AS\"},\"image\":{\"@id\":\"https:\\\/\\\/emf-consult.com\\\/nettbutikk\\\/#\\\/schema\\\/logo\\\/image\\\/\"},\"sameAs\":[\"https:\\\/\\\/www.facebook.com\\\/emfconsult\",\"https:\\\/\\\/www.linkedin.com\\\/company\\\/emf-consult\\\/\"]}]}<\/script>\n<!-- \/ Yoast SEO plugin. -->","yoast_head_json":{"title":"Skjerming magnetfelt M6L-85 - EMF Consult","robots":{"index":"index","follow":"follow","max-snippet":"max-snippet:-1","max-image-preview":"max-image-preview:large","max-video-preview":"max-video-preview:-1"},"canonical":"https:\/\/emf-consult.com\/nettbutikk\/produkt\/skjerming-magnetfelt-m6l-85\/","og_locale":"nb_NO","og_type":"article","og_title":"Skjerming magnetfelt M6L-85 - EMF Consult","og_description":"Tekniske data   St\u00f8rrelse: 80x55 cm (0,44 kvm)   Tykkelse: 0,5 mm (0,7 mm overlapping)  Vekt: 640 g  Farge: S\u00f8lv  Demping magnetiske felt (Tre-fase 50 Hz): Enkeltlags 19,5 dB (89,4 %), tolags 25,7 dB (94,8 %), trelags 30,2 dB (96,9 %), firelags 32,6 dB (97,7 %)  Demping magnetiske felt (Enfaset 50 Hz): Enkeltlags 17,7 dB (87 %), tolags 23,2 dB (93,1 %), trelags 26,8 dB (95,4 %), firelags 29,3 dB (96,6 %)  Demping magnetiske felt (statisk): DC-forbrukere, jordmagnetfelt, permanente magneter er skjermet i omr\u00e5det fra 15 % (enkeltlags) til 58 % (firelags)  Minste b\u00f8yeradius: 20 cm  Av hensyn til innovasjon deklarerer vi ikke ingredienser og magnetiske n\u00f8kkeltall. Det h\u00f8yteknologiske materialet har h\u00f8y initial permeabilitet og h\u00f8y metningsinduksjon fra 5 Hz til 50 kHz. I tillegg er statiske magnetiske felt ved 0 Hz skjermet, det samme er elektromagnetiske felt opp til 40 GHz.","og_url":"https:\/\/emf-consult.com\/nettbutikk\/produkt\/skjerming-magnetfelt-m6l-85\/","og_site_name":"EMF Consult","article_publisher":"https:\/\/www.facebook.com\/emfconsult","article_modified_time":"2025-08-20T12:45:26+00:00","og_image":[{"width":2000,"height":2000,"url":"https:\/\/emf-consult.com\/nettbutikk\/wp-content\/uploads\/2025\/02\/YSHIELD-M6L-85-Hand.jpg","type":"image\/jpeg"}],"twitter_card":"summary_large_image","twitter_misc":{"Ansl. lesetid":"3 minutter"},"schema":{"@context":"https:\/\/schema.org","@graph":[{"@type":"WebPage","@id":"https:\/\/emf-consult.com\/nettbutikk\/produkt\/skjerming-magnetfelt-m6l-85\/","url":"https:\/\/emf-consult.com\/nettbutikk\/produkt\/skjerming-magnetfelt-m6l-85\/","name":"Skjerming magnetfelt M6L-85 - EMF Consult","isPartOf":{"@id":"https:\/\/emf-consult.com\/nettbutikk\/#website"},"primaryImageOfPage":{"@id":"https:\/\/emf-consult.com\/nettbutikk\/produkt\/skjerming-magnetfelt-m6l-85\/#primaryimage"},"image":{"@id":"https:\/\/emf-consult.com\/nettbutikk\/produkt\/skjerming-magnetfelt-m6l-85\/#primaryimage"},"thumbnailUrl":"https:\/\/emf-consult.com\/nettbutikk\/wp-content\/uploads\/2025\/02\/YSHIELD-M6L-85-Hand.jpg","datePublished":"2025-02-03T15:12:07+00:00","dateModified":"2025-08-20T12:45:26+00:00","breadcrumb":{"@id":"https:\/\/emf-consult.com\/nettbutikk\/produkt\/skjerming-magnetfelt-m6l-85\/#breadcrumb"},"inLanguage":"nb-NO","potentialAction":[{"@type":"ReadAction","target":["https:\/\/emf-consult.com\/nettbutikk\/produkt\/skjerming-magnetfelt-m6l-85\/"]}]},{"@type":"ImageObject","inLanguage":"nb-NO","@id":"https:\/\/emf-consult.com\/nettbutikk\/produkt\/skjerming-magnetfelt-m6l-85\/#primaryimage","url":"https:\/\/emf-consult.com\/nettbutikk\/wp-content\/uploads\/2025\/02\/YSHIELD-M6L-85-Hand.jpg","contentUrl":"https:\/\/emf-consult.com\/nettbutikk\/wp-content\/uploads\/2025\/02\/YSHIELD-M6L-85-Hand.jpg","width":2000,"height":2000},{"@type":"BreadcrumbList","@id":"https:\/\/emf-consult.com\/nettbutikk\/produkt\/skjerming-magnetfelt-m6l-85\/#breadcrumb","itemListElement":[{"@type":"ListItem","position":1,"name":"Hjem","item":"https:\/\/emf-consult.com\/nettbutikk\/"},{"@type":"ListItem","position":2,"name":"Butikk","item":"https:\/\/emf-consult.com\/nettbutikk\/butikk\/"},{"@type":"ListItem","position":3,"name":"Skjerming magnetfelt M6L-85"}]},{"@type":"WebSite","@id":"https:\/\/emf-consult.com\/nettbutikk\/#website","url":"https:\/\/emf-consult.com\/nettbutikk\/","name":"EMF Consult","description":"Nettbutikk - Beskyttelse mot str\u00e5ling","publisher":{"@id":"https:\/\/emf-consult.com\/nettbutikk\/#organization"},"potentialAction":[{"@type":"SearchAction","target":{"@type":"EntryPoint","urlTemplate":"https:\/\/emf-consult.com\/nettbutikk\/?s={search_term_string}"},"query-input":{"@type":"PropertyValueSpecification","valueRequired":true,"valueName":"search_term_string"}}],"inLanguage":"nb-NO"},{"@type":"Organization","@id":"https:\/\/emf-consult.com\/nettbutikk\/#organization","name":"EMF Consult AS","url":"https:\/\/emf-consult.com\/nettbutikk\/","logo":{"@type":"ImageObject","inLanguage":"nb-NO","@id":"https:\/\/emf-consult.com\/nettbutikk\/#\/schema\/logo\/image\/","url":"https:\/\/emf-consult.com\/nettbutikk\/wp-content\/uploads\/2022\/07\/cropped-Favikon-rod-e1658786300694.png","contentUrl":"https:\/\/emf-consult.com\/nettbutikk\/wp-content\/uploads\/2022\/07\/cropped-Favikon-rod-e1658786300694.png","width":150,"height":150,"caption":"EMF Consult AS"},"image":{"@id":"https:\/\/emf-consult.com\/nettbutikk\/#\/schema\/logo\/image\/"},"sameAs":["https:\/\/www.facebook.com\/emfconsult","https:\/\/www.linkedin.com\/company\/emf-consult\/"]}]}},"_links":{"self":[{"href":"https:\/\/emf-consult.com\/nettbutikk\/wp-json\/wp\/v2\/product\/17742","targetHints":{"allow":["GET"]}}],"collection":[{"href":"https:\/\/emf-consult.com\/nettbutikk\/wp-json\/wp\/v2\/product"}],"about":[{"href":"https:\/\/emf-consult.com\/nettbutikk\/wp-json\/wp\/v2\/types\/product"}],"replies":[{"embeddable":true,"href":"https:\/\/emf-consult.com\/nettbutikk\/wp-json\/wp\/v2\/comments?post=17742"}],"wp:featuredmedia":[{"embeddable":true,"href":"https:\/\/emf-consult.com\/nettbutikk\/wp-json\/wp\/v2\/media\/17747"}],"wp:attachment":[{"href":"https:\/\/emf-consult.com\/nettbutikk\/wp-json\/wp\/v2\/media?parent=17742"}],"wp:term":[{"taxonomy":"product_brand","embeddable":true,"href":"https:\/\/emf-consult.com\/nettbutikk\/wp-json\/wp\/v2\/product_brand?post=17742"},{"taxonomy":"product_cat","embeddable":true,"href":"https:\/\/emf-consult.com\/nettbutikk\/wp-json\/wp\/v2\/product_cat?post=17742"},{"taxonomy":"product_tag","embeddable":true,"href":"https:\/\/emf-consult.com\/nettbutikk\/wp-json\/wp\/v2\/product_tag?post=17742"}],"curies":[{"name":"wp","href":"https:\/\/api.w.org\/{rel}","templated":true}]}}