{"id":17572,"date":"2024-12-12T15:54:20","date_gmt":"2024-12-12T14:54:20","guid":{"rendered":"https:\/\/emf-consult.com\/nettbutikk\/?post_type=product&#038;p=17572"},"modified":"2026-03-31T09:24:13","modified_gmt":"2026-03-31T07:24:13","slug":"usb-c-til-ethernet-adapter-5-i-1","status":"publish","type":"product","link":"https:\/\/emf-consult.com\/nettbutikk\/produkt\/usb-c-til-ethernet-adapter-5-i-1\/","title":{"rendered":"USB-C til Ethernet adapter 5-i-1"},"content":{"rendered":"<p>Adapter for USB-C til kablet RJ45 Ethernet nettverk for PC, MAC, mobiltelefoner og nettbrett. Gigabit Ethernet &#8211; det beste valget for \u00e5 koble til Internett med kabel, str\u00f8mme store videofiler, spille online spill og laste ned programvare. Raskere dataoverf\u00f8ring og bedre sikkerhet. Adapteret gir mulighet for \u00e5 lade (via USB-C) og koble til ekstern monitor via HDMI og mus\/tastatur eller minnebrikker via USB3,\u00a0 samtidig som man benytter kablet internett.<\/p>\n<p>PREMIUMKVALITET &#8211; Anodisert aluminiumsramme, som effektivt kan forhindre elektromagnetisk forstyrrelse. Laget av slitesterk plast, f\u00f8rsteklasses komplement av plastdesign for Apple-tilbeh\u00f8r. Adapteren er designet for ypperste p\u00e5litelighet og holdbarhet.<\/p>\n<p>10\/100\/1000\u00a0Mbps Ethernet gir tilgang til superraske hastigheter p\u00e5 internett.<\/p>\n<p>PLUG AND PLAY &#8211; Enkel installasjon, ingen programvare n\u00f8dvendig. Trenger ingen APP, ingen ekstern str\u00f8m er n\u00f8dvendig.<\/p>\n<p>Hvordan \u00e5 bruke?<br \/>\nAdapter for USB-C til RJ45 LAN Ethernet-port<br \/>\n&#8211; 1. Sl\u00e5 av Wi-Fi p\u00e5 MAC, Nettbrett eller telefon<br \/>\n&#8211; 2. Plugg <a href=\"https:\/\/emf-consult.com\/nettbutikk\/produkt\/skjermet-ethernettkabel-stp-cat5e-hvit\/\">Skjermet Ethernetkabel<\/a> inn i Ethernet-porten p\u00e5 adapteren v\u00e5r, og koble USB-C pluggen til MAC, Nettbrett eller telefon<br \/>\n&#8211; 3. G\u00e5 til &#8220;Innstilling&#8221; p\u00e5 MAC\/telefonen\/nettbrettet ditt, og finn frem til Ethernet-innstillingene.<br \/>\n&#8211; 4. Klikk p\u00e5 &#8220;Ethernet&#8221; for \u00e5 f\u00e5 en IP-adresse.<br \/>\n&#8211; 5. \u00c5pne internett browser og sjekk om tilkoblingen fungerer.<\/p>\n<p>USB-porter<br \/>\nDu kan koble til USB-periferiutstyr som minnebrikker, lyd (via USB-A), USB-A mus og tastatur, kortlesere for Compact Flash, SD, micro SD og mer.<\/p>\n<p>Du kan ogs\u00e5 koble til adapteren til laderen til Android enheten. Adapteret st\u00f8tter 1.5A og 3,0 A over 5 V ladestr\u00f8m.<\/p>\n<p>Kompatibel med MacBook Pro \/ 2017 MacBook Pro \/ MacBook Pro \/ ber\u00f8ringspenn \/ Dell XPS12 (9250) \/ Dell XPS13 (9350) \/ Dell XPS15 (9550) \/ Dell Precision5510 \/ HP Specter X2 \/ HP Spectre X360 \/ HP EliteBook Folio G1 \/ HP Elite X2 1012 G1 \/ Acer Switch Alpha 1 \/ Acer Spin7 \/ Acer Chromebook R13 \/ for Google Chromebook Pixels \/ Lenovo 900 \/ Lenovo 910 \/ for Samsung s8 \/ Samsung S8 plus \/ Huawei MateBook.<\/p>\n<p>&nbsp;<\/p>\n<p>&nbsp;<\/p>\n<p>&nbsp;<\/p>\n","protected":false},"excerpt":{"rendered":"<p><strong>Spesifikasjon:<\/strong><\/p>\n<p>Inngangsport: USB-C hann<\/p>\n<p>Utgangsporter:<\/p>\n<p>1 x USB-A 3.0 hunn port<\/p>\n<p>1 x USB-A 2.0 hunn port<\/p>\n<p>1 x HDMI hunn port, supporterer 3840&#215;2160@30hz 4K TV<\/p>\n<p>1 x 10\/100\/1000 Mbps Ethernet hunn port<\/p>\n<p data-spm-anchor-id=\"a2700.details.0.i62.68ab4be2ihfVmW\">1 x PD 100W Lade port USB-C<\/p>\n<p>HDMI-st\u00f8tte opptil 4K. St\u00f8tter 4K-oppl\u00f8snings HDMI-utgang (3840 x 2160 @ 30 Hz); bakoverkompatibel med 1080P og 720P. Leverer HD-lyd og video.<\/p>\n","protected":false},"featured_media":17575,"comment_status":"open","ping_status":"closed","template":"","meta":[],"product_brand":[],"product_cat":[29],"product_tag":[],"class_list":{"0":"post-17572","1":"product","2":"type-product","3":"status-publish","4":"has-post-thumbnail","6":"product_cat-data-tele","8":"first","9":"instock","10":"taxable","11":"shipping-taxable","12":"purchasable","13":"product-type-simple"},"yoast_head":"<!-- This site is optimized with the Yoast SEO plugin v27.4 - https:\/\/yoast.com\/product\/yoast-seo-wordpress\/ -->\n<title>USB-C til Ethernet adapter 5-i-1 - EMF Consult<\/title>\n<meta name=\"robots\" content=\"index, follow, max-snippet:-1, max-image-preview:large, max-video-preview:-1\" \/>\n<link rel=\"canonical\" href=\"https:\/\/emf-consult.com\/nettbutikk\/produkt\/usb-c-til-ethernet-adapter-5-i-1\/\" \/>\n<meta property=\"og:locale\" content=\"nb_NO\" \/>\n<meta property=\"og:type\" content=\"article\" \/>\n<meta property=\"og:title\" content=\"USB-C til Ethernet adapter 5-i-1 - EMF Consult\" \/>\n<meta property=\"og:description\" content=\"Spesifikasjon:  Inngangsport: USB-C hann  Utgangsporter:  1 x USB-A 3.0 hunn port  1 x USB-A 2.0 hunn port  1 x HDMI hunn port, supporterer 3840x2160@30hz 4K TV  1 x 10\/100\/1000 Mbps Ethernet hunn port 1 x PD 100W Lade port USB-C HDMI-st\u00f8tte opptil 4K. St\u00f8tter 4K-oppl\u00f8snings HDMI-utgang (3840 x 2160 @ 30 Hz); bakoverkompatibel med 1080P og 720P. Leverer HD-lyd og video.\" \/>\n<meta property=\"og:url\" content=\"https:\/\/emf-consult.com\/nettbutikk\/produkt\/usb-c-til-ethernet-adapter-5-i-1\/\" \/>\n<meta property=\"og:site_name\" content=\"EMF Consult\" \/>\n<meta property=\"article:publisher\" content=\"https:\/\/www.facebook.com\/emfconsult\" \/>\n<meta property=\"article:modified_time\" content=\"2026-03-31T07:24:13+00:00\" \/>\n<meta property=\"og:image\" content=\"https:\/\/emf-consult.com\/nettbutikk\/wp-content\/uploads\/2024\/12\/H635ca0dc9a914231a32cb45fe07e87d0S.webp\" \/>\n\t<meta property=\"og:image:width\" content=\"750\" \/>\n\t<meta property=\"og:image:height\" content=\"750\" \/>\n\t<meta property=\"og:image:type\" content=\"image\/webp\" \/>\n<meta name=\"twitter:card\" content=\"summary_large_image\" \/>\n<meta name=\"twitter:label1\" content=\"Ansl. lesetid\" \/>\n\t<meta name=\"twitter:data1\" content=\"2 minutter\" \/>\n<script type=\"application\/ld+json\" class=\"yoast-schema-graph\">{\"@context\":\"https:\\\/\\\/schema.org\",\"@graph\":[{\"@type\":\"WebPage\",\"@id\":\"https:\\\/\\\/emf-consult.com\\\/nettbutikk\\\/produkt\\\/usb-c-til-ethernet-adapter-5-i-1\\\/\",\"url\":\"https:\\\/\\\/emf-consult.com\\\/nettbutikk\\\/produkt\\\/usb-c-til-ethernet-adapter-5-i-1\\\/\",\"name\":\"USB-C til Ethernet adapter 5-i-1 - EMF Consult\",\"isPartOf\":{\"@id\":\"https:\\\/\\\/emf-consult.com\\\/nettbutikk\\\/#website\"},\"primaryImageOfPage\":{\"@id\":\"https:\\\/\\\/emf-consult.com\\\/nettbutikk\\\/produkt\\\/usb-c-til-ethernet-adapter-5-i-1\\\/#primaryimage\"},\"image\":{\"@id\":\"https:\\\/\\\/emf-consult.com\\\/nettbutikk\\\/produkt\\\/usb-c-til-ethernet-adapter-5-i-1\\\/#primaryimage\"},\"thumbnailUrl\":\"https:\\\/\\\/emf-consult.com\\\/nettbutikk\\\/wp-content\\\/uploads\\\/2024\\\/12\\\/H635ca0dc9a914231a32cb45fe07e87d0S.webp\",\"datePublished\":\"2024-12-12T14:54:20+00:00\",\"dateModified\":\"2026-03-31T07:24:13+00:00\",\"breadcrumb\":{\"@id\":\"https:\\\/\\\/emf-consult.com\\\/nettbutikk\\\/produkt\\\/usb-c-til-ethernet-adapter-5-i-1\\\/#breadcrumb\"},\"inLanguage\":\"nb-NO\",\"potentialAction\":[{\"@type\":\"ReadAction\",\"target\":[\"https:\\\/\\\/emf-consult.com\\\/nettbutikk\\\/produkt\\\/usb-c-til-ethernet-adapter-5-i-1\\\/\"]}]},{\"@type\":\"ImageObject\",\"inLanguage\":\"nb-NO\",\"@id\":\"https:\\\/\\\/emf-consult.com\\\/nettbutikk\\\/produkt\\\/usb-c-til-ethernet-adapter-5-i-1\\\/#primaryimage\",\"url\":\"https:\\\/\\\/emf-consult.com\\\/nettbutikk\\\/wp-content\\\/uploads\\\/2024\\\/12\\\/H635ca0dc9a914231a32cb45fe07e87d0S.webp\",\"contentUrl\":\"https:\\\/\\\/emf-consult.com\\\/nettbutikk\\\/wp-content\\\/uploads\\\/2024\\\/12\\\/H635ca0dc9a914231a32cb45fe07e87d0S.webp\",\"width\":750,\"height\":750},{\"@type\":\"BreadcrumbList\",\"@id\":\"https:\\\/\\\/emf-consult.com\\\/nettbutikk\\\/produkt\\\/usb-c-til-ethernet-adapter-5-i-1\\\/#breadcrumb\",\"itemListElement\":[{\"@type\":\"ListItem\",\"position\":1,\"name\":\"Hjem\",\"item\":\"https:\\\/\\\/emf-consult.com\\\/nettbutikk\\\/\"},{\"@type\":\"ListItem\",\"position\":2,\"name\":\"Butikk\",\"item\":\"https:\\\/\\\/emf-consult.com\\\/nettbutikk\\\/butikk\\\/\"},{\"@type\":\"ListItem\",\"position\":3,\"name\":\"USB-C til Ethernet adapter 5-i-1\"}]},{\"@type\":\"WebSite\",\"@id\":\"https:\\\/\\\/emf-consult.com\\\/nettbutikk\\\/#website\",\"url\":\"https:\\\/\\\/emf-consult.com\\\/nettbutikk\\\/\",\"name\":\"EMF Consult\",\"description\":\"Nettbutikk - Beskyttelse mot str\u00e5ling\",\"publisher\":{\"@id\":\"https:\\\/\\\/emf-consult.com\\\/nettbutikk\\\/#organization\"},\"potentialAction\":[{\"@type\":\"SearchAction\",\"target\":{\"@type\":\"EntryPoint\",\"urlTemplate\":\"https:\\\/\\\/emf-consult.com\\\/nettbutikk\\\/?s={search_term_string}\"},\"query-input\":{\"@type\":\"PropertyValueSpecification\",\"valueRequired\":true,\"valueName\":\"search_term_string\"}}],\"inLanguage\":\"nb-NO\"},{\"@type\":\"Organization\",\"@id\":\"https:\\\/\\\/emf-consult.com\\\/nettbutikk\\\/#organization\",\"name\":\"EMF Consult AS\",\"url\":\"https:\\\/\\\/emf-consult.com\\\/nettbutikk\\\/\",\"logo\":{\"@type\":\"ImageObject\",\"inLanguage\":\"nb-NO\",\"@id\":\"https:\\\/\\\/emf-consult.com\\\/nettbutikk\\\/#\\\/schema\\\/logo\\\/image\\\/\",\"url\":\"https:\\\/\\\/emf-consult.com\\\/nettbutikk\\\/wp-content\\\/uploads\\\/2022\\\/07\\\/cropped-Favikon-rod-e1658786300694.png\",\"contentUrl\":\"https:\\\/\\\/emf-consult.com\\\/nettbutikk\\\/wp-content\\\/uploads\\\/2022\\\/07\\\/cropped-Favikon-rod-e1658786300694.png\",\"width\":150,\"height\":150,\"caption\":\"EMF Consult AS\"},\"image\":{\"@id\":\"https:\\\/\\\/emf-consult.com\\\/nettbutikk\\\/#\\\/schema\\\/logo\\\/image\\\/\"},\"sameAs\":[\"https:\\\/\\\/www.facebook.com\\\/emfconsult\",\"https:\\\/\\\/www.linkedin.com\\\/company\\\/emf-consult\\\/\"]}]}<\/script>\n<!-- \/ Yoast SEO plugin. -->","yoast_head_json":{"title":"USB-C til Ethernet adapter 5-i-1 - EMF Consult","robots":{"index":"index","follow":"follow","max-snippet":"max-snippet:-1","max-image-preview":"max-image-preview:large","max-video-preview":"max-video-preview:-1"},"canonical":"https:\/\/emf-consult.com\/nettbutikk\/produkt\/usb-c-til-ethernet-adapter-5-i-1\/","og_locale":"nb_NO","og_type":"article","og_title":"USB-C til Ethernet adapter 5-i-1 - EMF Consult","og_description":"Spesifikasjon:  Inngangsport: USB-C hann  Utgangsporter:  1 x USB-A 3.0 hunn port  1 x USB-A 2.0 hunn port  1 x HDMI hunn port, supporterer 3840x2160@30hz 4K TV  1 x 10\/100\/1000 Mbps Ethernet hunn port 1 x PD 100W Lade port USB-C HDMI-st\u00f8tte opptil 4K. St\u00f8tter 4K-oppl\u00f8snings HDMI-utgang (3840 x 2160 @ 30 Hz); bakoverkompatibel med 1080P og 720P. Leverer HD-lyd og video.","og_url":"https:\/\/emf-consult.com\/nettbutikk\/produkt\/usb-c-til-ethernet-adapter-5-i-1\/","og_site_name":"EMF Consult","article_publisher":"https:\/\/www.facebook.com\/emfconsult","article_modified_time":"2026-03-31T07:24:13+00:00","og_image":[{"width":750,"height":750,"url":"https:\/\/emf-consult.com\/nettbutikk\/wp-content\/uploads\/2024\/12\/H635ca0dc9a914231a32cb45fe07e87d0S.webp","type":"image\/webp"}],"twitter_card":"summary_large_image","twitter_misc":{"Ansl. lesetid":"2 minutter"},"schema":{"@context":"https:\/\/schema.org","@graph":[{"@type":"WebPage","@id":"https:\/\/emf-consult.com\/nettbutikk\/produkt\/usb-c-til-ethernet-adapter-5-i-1\/","url":"https:\/\/emf-consult.com\/nettbutikk\/produkt\/usb-c-til-ethernet-adapter-5-i-1\/","name":"USB-C til Ethernet adapter 5-i-1 - EMF Consult","isPartOf":{"@id":"https:\/\/emf-consult.com\/nettbutikk\/#website"},"primaryImageOfPage":{"@id":"https:\/\/emf-consult.com\/nettbutikk\/produkt\/usb-c-til-ethernet-adapter-5-i-1\/#primaryimage"},"image":{"@id":"https:\/\/emf-consult.com\/nettbutikk\/produkt\/usb-c-til-ethernet-adapter-5-i-1\/#primaryimage"},"thumbnailUrl":"https:\/\/emf-consult.com\/nettbutikk\/wp-content\/uploads\/2024\/12\/H635ca0dc9a914231a32cb45fe07e87d0S.webp","datePublished":"2024-12-12T14:54:20+00:00","dateModified":"2026-03-31T07:24:13+00:00","breadcrumb":{"@id":"https:\/\/emf-consult.com\/nettbutikk\/produkt\/usb-c-til-ethernet-adapter-5-i-1\/#breadcrumb"},"inLanguage":"nb-NO","potentialAction":[{"@type":"ReadAction","target":["https:\/\/emf-consult.com\/nettbutikk\/produkt\/usb-c-til-ethernet-adapter-5-i-1\/"]}]},{"@type":"ImageObject","inLanguage":"nb-NO","@id":"https:\/\/emf-consult.com\/nettbutikk\/produkt\/usb-c-til-ethernet-adapter-5-i-1\/#primaryimage","url":"https:\/\/emf-consult.com\/nettbutikk\/wp-content\/uploads\/2024\/12\/H635ca0dc9a914231a32cb45fe07e87d0S.webp","contentUrl":"https:\/\/emf-consult.com\/nettbutikk\/wp-content\/uploads\/2024\/12\/H635ca0dc9a914231a32cb45fe07e87d0S.webp","width":750,"height":750},{"@type":"BreadcrumbList","@id":"https:\/\/emf-consult.com\/nettbutikk\/produkt\/usb-c-til-ethernet-adapter-5-i-1\/#breadcrumb","itemListElement":[{"@type":"ListItem","position":1,"name":"Hjem","item":"https:\/\/emf-consult.com\/nettbutikk\/"},{"@type":"ListItem","position":2,"name":"Butikk","item":"https:\/\/emf-consult.com\/nettbutikk\/butikk\/"},{"@type":"ListItem","position":3,"name":"USB-C til Ethernet adapter 5-i-1"}]},{"@type":"WebSite","@id":"https:\/\/emf-consult.com\/nettbutikk\/#website","url":"https:\/\/emf-consult.com\/nettbutikk\/","name":"EMF Consult","description":"Nettbutikk - Beskyttelse mot str\u00e5ling","publisher":{"@id":"https:\/\/emf-consult.com\/nettbutikk\/#organization"},"potentialAction":[{"@type":"SearchAction","target":{"@type":"EntryPoint","urlTemplate":"https:\/\/emf-consult.com\/nettbutikk\/?s={search_term_string}"},"query-input":{"@type":"PropertyValueSpecification","valueRequired":true,"valueName":"search_term_string"}}],"inLanguage":"nb-NO"},{"@type":"Organization","@id":"https:\/\/emf-consult.com\/nettbutikk\/#organization","name":"EMF Consult AS","url":"https:\/\/emf-consult.com\/nettbutikk\/","logo":{"@type":"ImageObject","inLanguage":"nb-NO","@id":"https:\/\/emf-consult.com\/nettbutikk\/#\/schema\/logo\/image\/","url":"https:\/\/emf-consult.com\/nettbutikk\/wp-content\/uploads\/2022\/07\/cropped-Favikon-rod-e1658786300694.png","contentUrl":"https:\/\/emf-consult.com\/nettbutikk\/wp-content\/uploads\/2022\/07\/cropped-Favikon-rod-e1658786300694.png","width":150,"height":150,"caption":"EMF Consult AS"},"image":{"@id":"https:\/\/emf-consult.com\/nettbutikk\/#\/schema\/logo\/image\/"},"sameAs":["https:\/\/www.facebook.com\/emfconsult","https:\/\/www.linkedin.com\/company\/emf-consult\/"]}]}},"_links":{"self":[{"href":"https:\/\/emf-consult.com\/nettbutikk\/wp-json\/wp\/v2\/product\/17572","targetHints":{"allow":["GET"]}}],"collection":[{"href":"https:\/\/emf-consult.com\/nettbutikk\/wp-json\/wp\/v2\/product"}],"about":[{"href":"https:\/\/emf-consult.com\/nettbutikk\/wp-json\/wp\/v2\/types\/product"}],"replies":[{"embeddable":true,"href":"https:\/\/emf-consult.com\/nettbutikk\/wp-json\/wp\/v2\/comments?post=17572"}],"wp:featuredmedia":[{"embeddable":true,"href":"https:\/\/emf-consult.com\/nettbutikk\/wp-json\/wp\/v2\/media\/17575"}],"wp:attachment":[{"href":"https:\/\/emf-consult.com\/nettbutikk\/wp-json\/wp\/v2\/media?parent=17572"}],"wp:term":[{"taxonomy":"product_brand","embeddable":true,"href":"https:\/\/emf-consult.com\/nettbutikk\/wp-json\/wp\/v2\/product_brand?post=17572"},{"taxonomy":"product_cat","embeddable":true,"href":"https:\/\/emf-consult.com\/nettbutikk\/wp-json\/wp\/v2\/product_cat?post=17572"},{"taxonomy":"product_tag","embeddable":true,"href":"https:\/\/emf-consult.com\/nettbutikk\/wp-json\/wp\/v2\/product_tag?post=17572"}],"curies":[{"name":"wp","href":"https:\/\/api.w.org\/{rel}","templated":true}]}}