{"id":17425,"date":"2024-11-01T08:30:44","date_gmt":"2024-11-01T07:30:44","guid":{"rendered":"https:\/\/emf-consult.com\/nettbutikk\/?post_type=product&#038;p=17425"},"modified":"2026-03-20T13:42:57","modified_gmt":"2026-03-20T12:42:57","slug":"biolight-full-spektrum-infrarod-sad-lysterapi-lampe","status":"publish","type":"product","link":"https:\/\/emf-consult.com\/nettbutikk\/produkt\/biolight-full-spektrum-infrarod-sad-lysterapi-lampe\/","title":{"rendered":"BioLight Full Spektrum + Infrar\u00f8d SAD lysterapi lampe"},"content":{"rendered":"<h3>Ta med sollyset inn med v\u00e5r BioLight Full Spektrum + Infrar\u00f8d SAD lysterapi lampe.<\/h3>\n<p>Verdens mest optimale lyspanel som gir det mest bioaktive fullspektrede lyset, kombinert med bredspektret n\u00e6r-infrar\u00f8dt lys, levert i samme lysintensitet som utend\u00f8rs sollys.\u00a0F\u00e5 fordelene ved \u00e5 v\u00e6re utend\u00f8rs i naturlig sollys mens du arbeider og bor inne.<\/p>\n<p>BioLight lysterapilampen sender ut fullspektret synlig lys sammen med bredspektret n\u00e6r infrar\u00f8dt lys som ligner b\u00e5de solens spektrum og intensiteten til naturlig lys.<\/p>\n<p>Dette gj\u00f8r BioLight Lysterapi SAD-lampen til den beste lysterapilampen du kan bruke fordi den avgir de samme spektrene og niv\u00e5ene av lys som vi blir utsatt for utenfor. Dette skiller den fra andre lysterapilamper p\u00e5 markedet.<\/p>\n<p>De eneste andre SAD-lysterapienhetene som for tiden er p\u00e5 markedet bruker konvensjonelle lysdioder, som avgir et sv\u00e6rt ubalansert og begrenset spekter av bl\u00e5tt lys som kan v\u00e6re skadelig for hud og \u00f8yne. BioLight Panel er den eneste terapilampen som gjenskaper utend\u00f8rs lyseksponering n\u00f8yaktig ved bruk av fullspektrumteknologi og n\u00e6r infrar\u00f8dt lys.<\/p>\n<p><strong>Hvorfor BioLight Therapy Panel er n\u00f8dvendig<\/strong><br \/>\nSiden de fleste av oss tilbringer mesteparten av tiden v\u00e5r innend\u00f8rs under ekstremt smalspektret kunstig lys, mangler vi ubevisst det tilstrekkelige naturlige lyset som genene v\u00e5re trenger for \u00e5 fungere p\u00e5 sitt beste. Immunitet, generell helse og velv\u00e6re kan bli negativt p\u00e5virket av dette. Det er bedre og mer optimalt for helsen \u00e5 tilbringe mer tid utend\u00f8rs i fullspektret sollys, men i dagens hektiske verden er ikke dette alltid gjennomf\u00f8rbart eller mulig.<\/p>\n<p>Hypothalamus i hjernen kan slutte \u00e5 fungere ordentlig hvis det ikke kommer nok ufiltrert sollys inn i \u00f8ynene v\u00e5re. Som et resultat produserer kroppene v\u00e5re mindre serotonin, dopamin og melatonin, noe som kan p\u00e5virke hum\u00f8ret, motivasjonen, appetitten og s\u00f8vnen.<\/p>\n<p>Helsefordelene av sollys som vitalitet, velv\u00e6re, motivasjon og s\u00f8vn er allment kjent, men de fleste mennesker bruker ikke nok tid ute til \u00e5 h\u00f8ste disse fordelene. BioLight Lysterapi lampen gir deg mange av fordelene ved \u00e5 v\u00e6re utend\u00f8rs i solen mens du er innend\u00f8rs.<\/p>\n<p><strong>Hvordan BioLight Lysterapi SAD lampen fungerer<\/strong><br \/>\nDet menneskelige \u00f8yets oppfatning av lysintensiteten m\u00e5les i LUX-enheter. P\u00e5 en typisk klar dag kan den typiske eksponeringen v\u00e6re omtrent 10 000 til 20 000 LUX ute. Belysningen i det gjennomsnittlige hjemmet eller arbeidsstedet best\u00e5r av kunstige lysspektre som er unaturlige og har en ekstremt lav lyseffekt p\u00e5 bare rundt 500 LUX.<\/p>\n<p>I f\u00f8lge forskning forbedrer daglig eksponering for lys med full spektrum ved niv\u00e5er h\u00f8yere enn 3000 LUX generelt velv\u00e6re, hum\u00f8r og motivasjon.<\/p>\n<p>BioLight Lysterapi SAD lampen sender ut fullt spekter og n\u00e6r infrar\u00f8dt lys i omr\u00e5det 3000 til 12 000 LUX. Brukeren vil motta samme fullspektre og LUX lysstyrkeniv\u00e5er som naturlig sollys som et resultat. BioLight-panelet bringer bokstavelig talt spektrene og intensiteten til utend\u00f8rs sollys, innend\u00f8rs.<\/p>\n<p>BioLight Lysterapi SAD lampen kan hjelpe deg med \u00e5 f\u00f8le deg bedre generelt, ha mer energi, v\u00e6re mer motivert og bidra til \u00e5 regulere d\u00f8gnrytmen din.<\/p>\n<p><strong>Hva er et SAD-lys og kan BioLight Lysterapi lampen brukes som en SAD-lampe?<\/strong><br \/>\nSAD st\u00e5r for Seasonal affective disorder, eller sesongavhengig depresjon p\u00e5 norsk. SAD kan ofte v\u00e6re for\u00e5rsaket av ikke \u00e5 motta nok fullspekter naturlig lys i l\u00f8pet av dagen. SAD er en veldig vanlig tilstand folk kan utvikle i vinterm\u00e5nedene der dagene er mye kortere. SAD-lys som BioLight er designet for \u00e5 sende ut fullspektret lys som gjenskaper det samme synlige spekteret som naturlig lys fra solen. SAD-lamper beh\u00f8ves i den moderne innend\u00f8rs livsstilen folk lever der det er en fullstendig mangel p\u00e5 sunt fullspekterlys. Behovet for \u00e5 bruke verkt\u00f8y som SAD-lys er mye st\u00f8rre om vinteren p\u00e5 grunn av korte dager og mangel p\u00e5 lys og tid utend\u00f8rs.<\/p>\n<p>SAD-lys er utformet for \u00e5 produsere fullspektret lys som tett matcher spekteret av naturlig lys og brukes som lysterapi for depresjonsbehandling. Mangel p\u00e5 naturlig lys fra \u00e5 v\u00e6re innend\u00f8rs mesteparten av dagen mens du blir utsatt for standard LED-belysning og skjermer skaper en mangel p\u00e5 fordelaktig lys som til slutt kan f\u00f8re til depresjon og angst. Sesongbaserte depresjonslamper er et flott verkt\u00f8y for \u00e5 sikre at en person f\u00e5r nok sunt lys i l\u00f8pet av dagen for \u00e5 regulere hum\u00f8r og energiniv\u00e5er.<\/p>\n","protected":false},"excerpt":{"rendered":"<p><strong>Spesifikasjon<\/strong><\/p>\n<ul>\n<li><strong>LUX: <\/strong>3000 &#8211; 14,000 lux, 10cm fra panel<\/li>\n<li><strong>Colour rendering index (CRI):\u00a0<\/strong>&gt;99<\/li>\n<li><strong>Fargetemperatur: <\/strong>5700k Full Spektrum<\/li>\n<li><strong>Bredt spektrum n\u00e6r infrar\u00f8d (NIR): <\/strong>730nm, 770nm, 810nm, 850nm, 890nm<\/li>\n<li><strong>LED: <\/strong>40 x 5w (20 Full Spektrum, 20 Near infrar\u00f8d)<\/li>\n<li><strong>Timer: <\/strong>1min &#8211; 30min<\/li>\n<li><strong>Variabel lysstyrkekontroller: <\/strong>10%, 25%, 50%, 75%, 100%<\/li>\n<li><strong>Brytere: <\/strong>To brytere, en for Full Spektrum lys (FS), og en for N\u00e6r Infrar\u00f8dt lys (IR). Bruk kun IR eller b\u00e5de FS og IR samtidig.<\/li>\n<li><strong>Lysvinkel: <\/strong>90 grader<\/li>\n<li><strong>Flimmerfri teknologi<\/strong><\/li>\n<li><strong>Lav EMF<\/strong><\/li>\n<li><strong>Dimensjon: <\/strong>125mm x 220mm x 25mm<\/li>\n<\/ul>\n","protected":false},"featured_media":17431,"comment_status":"open","ping_status":"closed","template":"","meta":[],"product_brand":[],"product_cat":[38,28,53,96],"product_tag":[],"class_list":{"0":"post-17425","1":"product","2":"type-product","3":"status-publish","4":"has-post-thumbnail","6":"product_cat-belysning-lamper","7":"product_cat-lavstraleprodukter","8":"product_cat-nyheter","9":"product_cat-velvaereprodukter","10":"pa_farge-aluminium","11":"pa_farge-svart","13":"first","14":"onbackorder","15":"taxable","16":"shipping-taxable","17":"purchasable","18":"product-type-simple"},"yoast_head":"<!-- This site is optimized with the Yoast SEO plugin v27.4 - https:\/\/yoast.com\/product\/yoast-seo-wordpress\/ -->\n<title>BioLight Full Spektrum + Infrar\u00f8d SAD lysterapi lampe - EMF Consult<\/title>\n<meta name=\"robots\" content=\"index, follow, max-snippet:-1, max-image-preview:large, max-video-preview:-1\" \/>\n<link rel=\"canonical\" href=\"https:\/\/emf-consult.com\/nettbutikk\/produkt\/biolight-full-spektrum-infrarod-sad-lysterapi-lampe\/\" \/>\n<meta property=\"og:locale\" content=\"nb_NO\" \/>\n<meta property=\"og:type\" content=\"article\" \/>\n<meta property=\"og:title\" content=\"BioLight Full Spektrum + Infrar\u00f8d SAD lysterapi lampe - EMF Consult\" \/>\n<meta property=\"og:description\" content=\"Spesifikasjon   LUX: 3000 - 14,000 lux, 10cm fra panel  Colour rendering index (CRI):\u00a0&gt;99  Fargetemperatur: 5700k Full Spektrum  Bredt spektrum n\u00e6r infrar\u00f8d (NIR): 730nm, 770nm, 810nm, 850nm, 890nm  LED: 40 x 5w (20 Full Spektrum, 20 Near infrar\u00f8d)  Timer: 1min - 30min  Variabel lysstyrkekontroller: 10%, 25%, 50%, 75%, 100%  Brytere: To brytere, en for Full Spektrum lys (FS), og en for N\u00e6r Infrar\u00f8dt lys (IR). Bruk kun IR eller b\u00e5de FS og IR samtidig.  Lysvinkel: 90 grader  Flimmerfri teknologi  Lav EMF  Dimensjon: 125mm x 220mm x 25mm\" \/>\n<meta property=\"og:url\" content=\"https:\/\/emf-consult.com\/nettbutikk\/produkt\/biolight-full-spektrum-infrarod-sad-lysterapi-lampe\/\" \/>\n<meta property=\"og:site_name\" content=\"EMF Consult\" \/>\n<meta property=\"article:publisher\" content=\"https:\/\/www.facebook.com\/emfconsult\" \/>\n<meta property=\"article:modified_time\" content=\"2026-03-20T12:42:57+00:00\" \/>\n<meta property=\"og:image\" content=\"https:\/\/emf-consult.com\/nettbutikk\/wp-content\/uploads\/2024\/11\/SAD-lampe.png\" \/>\n\t<meta property=\"og:image:width\" content=\"1599\" \/>\n\t<meta property=\"og:image:height\" content=\"1600\" \/>\n\t<meta property=\"og:image:type\" content=\"image\/png\" \/>\n<meta name=\"twitter:card\" content=\"summary_large_image\" \/>\n<meta name=\"twitter:label1\" content=\"Ansl. lesetid\" \/>\n\t<meta name=\"twitter:data1\" content=\"4 minutter\" \/>\n<script type=\"application\/ld+json\" class=\"yoast-schema-graph\">{\"@context\":\"https:\\\/\\\/schema.org\",\"@graph\":[{\"@type\":\"WebPage\",\"@id\":\"https:\\\/\\\/emf-consult.com\\\/nettbutikk\\\/produkt\\\/biolight-full-spektrum-infrarod-sad-lysterapi-lampe\\\/\",\"url\":\"https:\\\/\\\/emf-consult.com\\\/nettbutikk\\\/produkt\\\/biolight-full-spektrum-infrarod-sad-lysterapi-lampe\\\/\",\"name\":\"BioLight Full Spektrum + Infrar\u00f8d SAD lysterapi lampe - EMF Consult\",\"isPartOf\":{\"@id\":\"https:\\\/\\\/emf-consult.com\\\/nettbutikk\\\/#website\"},\"primaryImageOfPage\":{\"@id\":\"https:\\\/\\\/emf-consult.com\\\/nettbutikk\\\/produkt\\\/biolight-full-spektrum-infrarod-sad-lysterapi-lampe\\\/#primaryimage\"},\"image\":{\"@id\":\"https:\\\/\\\/emf-consult.com\\\/nettbutikk\\\/produkt\\\/biolight-full-spektrum-infrarod-sad-lysterapi-lampe\\\/#primaryimage\"},\"thumbnailUrl\":\"https:\\\/\\\/emf-consult.com\\\/nettbutikk\\\/wp-content\\\/uploads\\\/2024\\\/11\\\/SAD-lampe.png\",\"datePublished\":\"2024-11-01T07:30:44+00:00\",\"dateModified\":\"2026-03-20T12:42:57+00:00\",\"breadcrumb\":{\"@id\":\"https:\\\/\\\/emf-consult.com\\\/nettbutikk\\\/produkt\\\/biolight-full-spektrum-infrarod-sad-lysterapi-lampe\\\/#breadcrumb\"},\"inLanguage\":\"nb-NO\",\"potentialAction\":[{\"@type\":\"ReadAction\",\"target\":[\"https:\\\/\\\/emf-consult.com\\\/nettbutikk\\\/produkt\\\/biolight-full-spektrum-infrarod-sad-lysterapi-lampe\\\/\"]}]},{\"@type\":\"ImageObject\",\"inLanguage\":\"nb-NO\",\"@id\":\"https:\\\/\\\/emf-consult.com\\\/nettbutikk\\\/produkt\\\/biolight-full-spektrum-infrarod-sad-lysterapi-lampe\\\/#primaryimage\",\"url\":\"https:\\\/\\\/emf-consult.com\\\/nettbutikk\\\/wp-content\\\/uploads\\\/2024\\\/11\\\/SAD-lampe.png\",\"contentUrl\":\"https:\\\/\\\/emf-consult.com\\\/nettbutikk\\\/wp-content\\\/uploads\\\/2024\\\/11\\\/SAD-lampe.png\",\"width\":1599,\"height\":1600},{\"@type\":\"BreadcrumbList\",\"@id\":\"https:\\\/\\\/emf-consult.com\\\/nettbutikk\\\/produkt\\\/biolight-full-spektrum-infrarod-sad-lysterapi-lampe\\\/#breadcrumb\",\"itemListElement\":[{\"@type\":\"ListItem\",\"position\":1,\"name\":\"Hjem\",\"item\":\"https:\\\/\\\/emf-consult.com\\\/nettbutikk\\\/\"},{\"@type\":\"ListItem\",\"position\":2,\"name\":\"Butikk\",\"item\":\"https:\\\/\\\/emf-consult.com\\\/nettbutikk\\\/butikk\\\/\"},{\"@type\":\"ListItem\",\"position\":3,\"name\":\"BioLight Full Spektrum + Infrar\u00f8d SAD lysterapi lampe\"}]},{\"@type\":\"WebSite\",\"@id\":\"https:\\\/\\\/emf-consult.com\\\/nettbutikk\\\/#website\",\"url\":\"https:\\\/\\\/emf-consult.com\\\/nettbutikk\\\/\",\"name\":\"EMF Consult\",\"description\":\"Nettbutikk - Beskyttelse mot str\u00e5ling\",\"publisher\":{\"@id\":\"https:\\\/\\\/emf-consult.com\\\/nettbutikk\\\/#organization\"},\"potentialAction\":[{\"@type\":\"SearchAction\",\"target\":{\"@type\":\"EntryPoint\",\"urlTemplate\":\"https:\\\/\\\/emf-consult.com\\\/nettbutikk\\\/?s={search_term_string}\"},\"query-input\":{\"@type\":\"PropertyValueSpecification\",\"valueRequired\":true,\"valueName\":\"search_term_string\"}}],\"inLanguage\":\"nb-NO\"},{\"@type\":\"Organization\",\"@id\":\"https:\\\/\\\/emf-consult.com\\\/nettbutikk\\\/#organization\",\"name\":\"EMF Consult AS\",\"url\":\"https:\\\/\\\/emf-consult.com\\\/nettbutikk\\\/\",\"logo\":{\"@type\":\"ImageObject\",\"inLanguage\":\"nb-NO\",\"@id\":\"https:\\\/\\\/emf-consult.com\\\/nettbutikk\\\/#\\\/schema\\\/logo\\\/image\\\/\",\"url\":\"https:\\\/\\\/emf-consult.com\\\/nettbutikk\\\/wp-content\\\/uploads\\\/2022\\\/07\\\/cropped-Favikon-rod-e1658786300694.png\",\"contentUrl\":\"https:\\\/\\\/emf-consult.com\\\/nettbutikk\\\/wp-content\\\/uploads\\\/2022\\\/07\\\/cropped-Favikon-rod-e1658786300694.png\",\"width\":150,\"height\":150,\"caption\":\"EMF Consult AS\"},\"image\":{\"@id\":\"https:\\\/\\\/emf-consult.com\\\/nettbutikk\\\/#\\\/schema\\\/logo\\\/image\\\/\"},\"sameAs\":[\"https:\\\/\\\/www.facebook.com\\\/emfconsult\",\"https:\\\/\\\/www.linkedin.com\\\/company\\\/emf-consult\\\/\"]}]}<\/script>\n<!-- \/ Yoast SEO plugin. -->","yoast_head_json":{"title":"BioLight Full Spektrum + Infrar\u00f8d SAD lysterapi lampe - EMF Consult","robots":{"index":"index","follow":"follow","max-snippet":"max-snippet:-1","max-image-preview":"max-image-preview:large","max-video-preview":"max-video-preview:-1"},"canonical":"https:\/\/emf-consult.com\/nettbutikk\/produkt\/biolight-full-spektrum-infrarod-sad-lysterapi-lampe\/","og_locale":"nb_NO","og_type":"article","og_title":"BioLight Full Spektrum + Infrar\u00f8d SAD lysterapi lampe - EMF Consult","og_description":"Spesifikasjon   LUX: 3000 - 14,000 lux, 10cm fra panel  Colour rendering index (CRI):\u00a0&gt;99  Fargetemperatur: 5700k Full Spektrum  Bredt spektrum n\u00e6r infrar\u00f8d (NIR): 730nm, 770nm, 810nm, 850nm, 890nm  LED: 40 x 5w (20 Full Spektrum, 20 Near infrar\u00f8d)  Timer: 1min - 30min  Variabel lysstyrkekontroller: 10%, 25%, 50%, 75%, 100%  Brytere: To brytere, en for Full Spektrum lys (FS), og en for N\u00e6r Infrar\u00f8dt lys (IR). Bruk kun IR eller b\u00e5de FS og IR samtidig.  Lysvinkel: 90 grader  Flimmerfri teknologi  Lav EMF  Dimensjon: 125mm x 220mm x 25mm","og_url":"https:\/\/emf-consult.com\/nettbutikk\/produkt\/biolight-full-spektrum-infrarod-sad-lysterapi-lampe\/","og_site_name":"EMF Consult","article_publisher":"https:\/\/www.facebook.com\/emfconsult","article_modified_time":"2026-03-20T12:42:57+00:00","og_image":[{"width":1599,"height":1600,"url":"https:\/\/emf-consult.com\/nettbutikk\/wp-content\/uploads\/2024\/11\/SAD-lampe.png","type":"image\/png"}],"twitter_card":"summary_large_image","twitter_misc":{"Ansl. lesetid":"4 minutter"},"schema":{"@context":"https:\/\/schema.org","@graph":[{"@type":"WebPage","@id":"https:\/\/emf-consult.com\/nettbutikk\/produkt\/biolight-full-spektrum-infrarod-sad-lysterapi-lampe\/","url":"https:\/\/emf-consult.com\/nettbutikk\/produkt\/biolight-full-spektrum-infrarod-sad-lysterapi-lampe\/","name":"BioLight Full Spektrum + Infrar\u00f8d SAD lysterapi lampe - EMF Consult","isPartOf":{"@id":"https:\/\/emf-consult.com\/nettbutikk\/#website"},"primaryImageOfPage":{"@id":"https:\/\/emf-consult.com\/nettbutikk\/produkt\/biolight-full-spektrum-infrarod-sad-lysterapi-lampe\/#primaryimage"},"image":{"@id":"https:\/\/emf-consult.com\/nettbutikk\/produkt\/biolight-full-spektrum-infrarod-sad-lysterapi-lampe\/#primaryimage"},"thumbnailUrl":"https:\/\/emf-consult.com\/nettbutikk\/wp-content\/uploads\/2024\/11\/SAD-lampe.png","datePublished":"2024-11-01T07:30:44+00:00","dateModified":"2026-03-20T12:42:57+00:00","breadcrumb":{"@id":"https:\/\/emf-consult.com\/nettbutikk\/produkt\/biolight-full-spektrum-infrarod-sad-lysterapi-lampe\/#breadcrumb"},"inLanguage":"nb-NO","potentialAction":[{"@type":"ReadAction","target":["https:\/\/emf-consult.com\/nettbutikk\/produkt\/biolight-full-spektrum-infrarod-sad-lysterapi-lampe\/"]}]},{"@type":"ImageObject","inLanguage":"nb-NO","@id":"https:\/\/emf-consult.com\/nettbutikk\/produkt\/biolight-full-spektrum-infrarod-sad-lysterapi-lampe\/#primaryimage","url":"https:\/\/emf-consult.com\/nettbutikk\/wp-content\/uploads\/2024\/11\/SAD-lampe.png","contentUrl":"https:\/\/emf-consult.com\/nettbutikk\/wp-content\/uploads\/2024\/11\/SAD-lampe.png","width":1599,"height":1600},{"@type":"BreadcrumbList","@id":"https:\/\/emf-consult.com\/nettbutikk\/produkt\/biolight-full-spektrum-infrarod-sad-lysterapi-lampe\/#breadcrumb","itemListElement":[{"@type":"ListItem","position":1,"name":"Hjem","item":"https:\/\/emf-consult.com\/nettbutikk\/"},{"@type":"ListItem","position":2,"name":"Butikk","item":"https:\/\/emf-consult.com\/nettbutikk\/butikk\/"},{"@type":"ListItem","position":3,"name":"BioLight Full Spektrum + Infrar\u00f8d SAD lysterapi lampe"}]},{"@type":"WebSite","@id":"https:\/\/emf-consult.com\/nettbutikk\/#website","url":"https:\/\/emf-consult.com\/nettbutikk\/","name":"EMF Consult","description":"Nettbutikk - Beskyttelse mot str\u00e5ling","publisher":{"@id":"https:\/\/emf-consult.com\/nettbutikk\/#organization"},"potentialAction":[{"@type":"SearchAction","target":{"@type":"EntryPoint","urlTemplate":"https:\/\/emf-consult.com\/nettbutikk\/?s={search_term_string}"},"query-input":{"@type":"PropertyValueSpecification","valueRequired":true,"valueName":"search_term_string"}}],"inLanguage":"nb-NO"},{"@type":"Organization","@id":"https:\/\/emf-consult.com\/nettbutikk\/#organization","name":"EMF Consult AS","url":"https:\/\/emf-consult.com\/nettbutikk\/","logo":{"@type":"ImageObject","inLanguage":"nb-NO","@id":"https:\/\/emf-consult.com\/nettbutikk\/#\/schema\/logo\/image\/","url":"https:\/\/emf-consult.com\/nettbutikk\/wp-content\/uploads\/2022\/07\/cropped-Favikon-rod-e1658786300694.png","contentUrl":"https:\/\/emf-consult.com\/nettbutikk\/wp-content\/uploads\/2022\/07\/cropped-Favikon-rod-e1658786300694.png","width":150,"height":150,"caption":"EMF Consult AS"},"image":{"@id":"https:\/\/emf-consult.com\/nettbutikk\/#\/schema\/logo\/image\/"},"sameAs":["https:\/\/www.facebook.com\/emfconsult","https:\/\/www.linkedin.com\/company\/emf-consult\/"]}]}},"_links":{"self":[{"href":"https:\/\/emf-consult.com\/nettbutikk\/wp-json\/wp\/v2\/product\/17425","targetHints":{"allow":["GET"]}}],"collection":[{"href":"https:\/\/emf-consult.com\/nettbutikk\/wp-json\/wp\/v2\/product"}],"about":[{"href":"https:\/\/emf-consult.com\/nettbutikk\/wp-json\/wp\/v2\/types\/product"}],"replies":[{"embeddable":true,"href":"https:\/\/emf-consult.com\/nettbutikk\/wp-json\/wp\/v2\/comments?post=17425"}],"wp:featuredmedia":[{"embeddable":true,"href":"https:\/\/emf-consult.com\/nettbutikk\/wp-json\/wp\/v2\/media\/17431"}],"wp:attachment":[{"href":"https:\/\/emf-consult.com\/nettbutikk\/wp-json\/wp\/v2\/media?parent=17425"}],"wp:term":[{"taxonomy":"product_brand","embeddable":true,"href":"https:\/\/emf-consult.com\/nettbutikk\/wp-json\/wp\/v2\/product_brand?post=17425"},{"taxonomy":"product_cat","embeddable":true,"href":"https:\/\/emf-consult.com\/nettbutikk\/wp-json\/wp\/v2\/product_cat?post=17425"},{"taxonomy":"product_tag","embeddable":true,"href":"https:\/\/emf-consult.com\/nettbutikk\/wp-json\/wp\/v2\/product_tag?post=17425"}],"curies":[{"name":"wp","href":"https:\/\/api.w.org\/{rel}","templated":true}]}}