{"id":17298,"date":"2024-09-23T16:24:42","date_gmt":"2024-09-23T14:24:42","guid":{"rendered":"https:\/\/emf-consult.com\/nettbutikk\/?post_type=product&#038;p=17298"},"modified":"2025-12-16T08:17:46","modified_gmt":"2025-12-16T07:17:46","slug":"bevegelsesaktivert-nattlys-uten-blalys","status":"publish","type":"product","link":"https:\/\/emf-consult.com\/nettbutikk\/produkt\/bevegelsesaktivert-nattlys-uten-blalys\/","title":{"rendered":"Bevegelsesaktivert nattlys &#8211; uten bl\u00e5tt lys"},"content":{"rendered":"<p>R\u00f8dt plugin nattlys \u2013 den perfekte s\u00f8vnpartner<\/p>\n<p>Forbedre s\u00f8vnen og nattrutinen med et r\u00f8dt nattlys. Den er beregnet p\u00e5 alle som \u00f8nsker \u00e5 skape et rolig milj\u00f8 for bedre s\u00f8vn. Dette r\u00f8de nattlyset er designet for \u00e5 hjelpe deg med \u00e5 slappe av, og gir en beroligende atmosf\u00e6re som fremmer avslappende s\u00f8vn for b\u00e5de voksne og barn. Enten du \u00f8nsker \u00e5 stenge ute bl\u00e5tt lys om natten eller skape en tr\u00f8stende gl\u00f8d i barnets soverom, er R\u00f8dt plugin nattlys ditt beste valg.<\/p>\n<p>Dette r\u00f8de plugin-nattlyset sender ut rent r\u00f8dt lys med null bl\u00e5tt og gr\u00f8nt lys, og sikrer at s\u00f8vnen din ikke blir forstyrret av s\u00f8vnhemmende b\u00f8lgelengder. Med variabel lysstyrkekontroll kan du enkelt justere lyset til \u00f8nsket intensitet, noe som gj\u00f8r det perfekt for enhver setting, enten det er et sm\u00e5barnsrom, en gang eller et toalett. Den bevegelsesaktiverte modusen legger til bekvemmelighet, lyser kun n\u00e5r det er n\u00f8dvendig, mens den konstante belysningsinnstillingen holder lyset p\u00e5 hele natten for jevn komfort.<\/p>\n","protected":false},"excerpt":{"rendered":"<ul>\n<li>H\u00f8y kvalitet 100 % fri for bl\u00e5tt og gr\u00f8nt lys<\/li>\n<li>EU st\u00f8psel<\/li>\n<li>Lysstyrke: 0 &#8211; 60 lm<\/li>\n<li>B\u00f8lgelengder: 600nm \u2013 640nm r\u00f8dt lys<\/li>\n<li>Effekt: 0,5W<\/li>\n<li>St\u00f8rrelse: 7,8 cm x 6,9 cm x 4,5 cm<\/li>\n<li>Sertifisering: SAA, ROHS, CE<\/li>\n<li>Vekt: 78g<\/li>\n<\/ul>\n","protected":false},"featured_media":17299,"comment_status":"open","ping_status":"closed","template":"","meta":[],"product_brand":[],"product_cat":[38,28,53,96],"product_tag":[],"class_list":{"0":"post-17298","1":"product","2":"type-product","3":"status-publish","4":"has-post-thumbnail","6":"product_cat-belysning-lamper","7":"product_cat-lavstraleprodukter","8":"product_cat-nyheter","9":"product_cat-velvaereprodukter","10":"pa_farge-aluminium","11":"pa_farge-svart","13":"first","14":"instock","15":"taxable","16":"shipping-taxable","17":"purchasable","18":"product-type-simple"},"yoast_head":"<!-- This site is optimized with the Yoast SEO plugin v27.4 - https:\/\/yoast.com\/product\/yoast-seo-wordpress\/ -->\n<title>Bevegelsesaktivert nattlys - uten bl\u00e5tt lys - EMF Consult<\/title>\n<meta name=\"robots\" content=\"index, follow, max-snippet:-1, max-image-preview:large, max-video-preview:-1\" \/>\n<link rel=\"canonical\" href=\"https:\/\/emf-consult.com\/nettbutikk\/produkt\/bevegelsesaktivert-nattlys-uten-blalys\/\" \/>\n<meta property=\"og:locale\" content=\"nb_NO\" \/>\n<meta property=\"og:type\" content=\"article\" \/>\n<meta property=\"og:title\" content=\"Bevegelsesaktivert nattlys - uten bl\u00e5tt lys - EMF Consult\" \/>\n<meta property=\"og:description\" content=\"H\u00f8y kvalitet 100 % fri for bl\u00e5tt og gr\u00f8nt lys  EU st\u00f8psel  Lysstyrke: 0 - 60 lm  B\u00f8lgelengder: 600nm \u2013 640nm r\u00f8dt lys  Effekt: 0,5W  St\u00f8rrelse: 7,8 cm x 6,9 cm x 4,5 cm  Sertifisering: SAA, ROHS, CE  Vekt: 78g\" \/>\n<meta property=\"og:url\" content=\"https:\/\/emf-consult.com\/nettbutikk\/produkt\/bevegelsesaktivert-nattlys-uten-blalys\/\" \/>\n<meta property=\"og:site_name\" content=\"EMF Consult\" \/>\n<meta property=\"article:publisher\" content=\"https:\/\/www.facebook.com\/emfconsult\" \/>\n<meta property=\"article:modified_time\" content=\"2025-12-16T07:17:46+00:00\" \/>\n<meta property=\"og:image\" content=\"https:\/\/emf-consult.com\/nettbutikk\/wp-content\/uploads\/2024\/09\/Rodt-plugin-nattlys.png\" \/>\n\t<meta property=\"og:image:width\" content=\"1599\" \/>\n\t<meta property=\"og:image:height\" content=\"1600\" \/>\n\t<meta property=\"og:image:type\" content=\"image\/png\" \/>\n<meta name=\"twitter:card\" content=\"summary_large_image\" \/>\n<meta name=\"twitter:label1\" content=\"Ansl. lesetid\" \/>\n\t<meta name=\"twitter:data1\" content=\"2 minutter\" \/>\n<script type=\"application\/ld+json\" class=\"yoast-schema-graph\">{\"@context\":\"https:\\\/\\\/schema.org\",\"@graph\":[{\"@type\":\"WebPage\",\"@id\":\"https:\\\/\\\/emf-consult.com\\\/nettbutikk\\\/produkt\\\/bevegelsesaktivert-nattlys-uten-blalys\\\/\",\"url\":\"https:\\\/\\\/emf-consult.com\\\/nettbutikk\\\/produkt\\\/bevegelsesaktivert-nattlys-uten-blalys\\\/\",\"name\":\"Bevegelsesaktivert nattlys - uten bl\u00e5tt lys - EMF Consult\",\"isPartOf\":{\"@id\":\"https:\\\/\\\/emf-consult.com\\\/nettbutikk\\\/#website\"},\"primaryImageOfPage\":{\"@id\":\"https:\\\/\\\/emf-consult.com\\\/nettbutikk\\\/produkt\\\/bevegelsesaktivert-nattlys-uten-blalys\\\/#primaryimage\"},\"image\":{\"@id\":\"https:\\\/\\\/emf-consult.com\\\/nettbutikk\\\/produkt\\\/bevegelsesaktivert-nattlys-uten-blalys\\\/#primaryimage\"},\"thumbnailUrl\":\"https:\\\/\\\/emf-consult.com\\\/nettbutikk\\\/wp-content\\\/uploads\\\/2024\\\/09\\\/Rodt-plugin-nattlys.png\",\"datePublished\":\"2024-09-23T14:24:42+00:00\",\"dateModified\":\"2025-12-16T07:17:46+00:00\",\"breadcrumb\":{\"@id\":\"https:\\\/\\\/emf-consult.com\\\/nettbutikk\\\/produkt\\\/bevegelsesaktivert-nattlys-uten-blalys\\\/#breadcrumb\"},\"inLanguage\":\"nb-NO\",\"potentialAction\":[{\"@type\":\"ReadAction\",\"target\":[\"https:\\\/\\\/emf-consult.com\\\/nettbutikk\\\/produkt\\\/bevegelsesaktivert-nattlys-uten-blalys\\\/\"]}]},{\"@type\":\"ImageObject\",\"inLanguage\":\"nb-NO\",\"@id\":\"https:\\\/\\\/emf-consult.com\\\/nettbutikk\\\/produkt\\\/bevegelsesaktivert-nattlys-uten-blalys\\\/#primaryimage\",\"url\":\"https:\\\/\\\/emf-consult.com\\\/nettbutikk\\\/wp-content\\\/uploads\\\/2024\\\/09\\\/Rodt-plugin-nattlys.png\",\"contentUrl\":\"https:\\\/\\\/emf-consult.com\\\/nettbutikk\\\/wp-content\\\/uploads\\\/2024\\\/09\\\/Rodt-plugin-nattlys.png\",\"width\":1599,\"height\":1600},{\"@type\":\"BreadcrumbList\",\"@id\":\"https:\\\/\\\/emf-consult.com\\\/nettbutikk\\\/produkt\\\/bevegelsesaktivert-nattlys-uten-blalys\\\/#breadcrumb\",\"itemListElement\":[{\"@type\":\"ListItem\",\"position\":1,\"name\":\"Hjem\",\"item\":\"https:\\\/\\\/emf-consult.com\\\/nettbutikk\\\/\"},{\"@type\":\"ListItem\",\"position\":2,\"name\":\"Butikk\",\"item\":\"https:\\\/\\\/emf-consult.com\\\/nettbutikk\\\/butikk\\\/\"},{\"@type\":\"ListItem\",\"position\":3,\"name\":\"Bevegelsesaktivert nattlys &#8211; uten bl\u00e5tt lys\"}]},{\"@type\":\"WebSite\",\"@id\":\"https:\\\/\\\/emf-consult.com\\\/nettbutikk\\\/#website\",\"url\":\"https:\\\/\\\/emf-consult.com\\\/nettbutikk\\\/\",\"name\":\"EMF Consult\",\"description\":\"Nettbutikk - Beskyttelse mot str\u00e5ling\",\"publisher\":{\"@id\":\"https:\\\/\\\/emf-consult.com\\\/nettbutikk\\\/#organization\"},\"potentialAction\":[{\"@type\":\"SearchAction\",\"target\":{\"@type\":\"EntryPoint\",\"urlTemplate\":\"https:\\\/\\\/emf-consult.com\\\/nettbutikk\\\/?s={search_term_string}\"},\"query-input\":{\"@type\":\"PropertyValueSpecification\",\"valueRequired\":true,\"valueName\":\"search_term_string\"}}],\"inLanguage\":\"nb-NO\"},{\"@type\":\"Organization\",\"@id\":\"https:\\\/\\\/emf-consult.com\\\/nettbutikk\\\/#organization\",\"name\":\"EMF Consult AS\",\"url\":\"https:\\\/\\\/emf-consult.com\\\/nettbutikk\\\/\",\"logo\":{\"@type\":\"ImageObject\",\"inLanguage\":\"nb-NO\",\"@id\":\"https:\\\/\\\/emf-consult.com\\\/nettbutikk\\\/#\\\/schema\\\/logo\\\/image\\\/\",\"url\":\"https:\\\/\\\/emf-consult.com\\\/nettbutikk\\\/wp-content\\\/uploads\\\/2022\\\/07\\\/cropped-Favikon-rod-e1658786300694.png\",\"contentUrl\":\"https:\\\/\\\/emf-consult.com\\\/nettbutikk\\\/wp-content\\\/uploads\\\/2022\\\/07\\\/cropped-Favikon-rod-e1658786300694.png\",\"width\":150,\"height\":150,\"caption\":\"EMF Consult AS\"},\"image\":{\"@id\":\"https:\\\/\\\/emf-consult.com\\\/nettbutikk\\\/#\\\/schema\\\/logo\\\/image\\\/\"},\"sameAs\":[\"https:\\\/\\\/www.facebook.com\\\/emfconsult\",\"https:\\\/\\\/www.linkedin.com\\\/company\\\/emf-consult\\\/\"]}]}<\/script>\n<!-- \/ Yoast SEO plugin. -->","yoast_head_json":{"title":"Bevegelsesaktivert nattlys - uten bl\u00e5tt lys - EMF Consult","robots":{"index":"index","follow":"follow","max-snippet":"max-snippet:-1","max-image-preview":"max-image-preview:large","max-video-preview":"max-video-preview:-1"},"canonical":"https:\/\/emf-consult.com\/nettbutikk\/produkt\/bevegelsesaktivert-nattlys-uten-blalys\/","og_locale":"nb_NO","og_type":"article","og_title":"Bevegelsesaktivert nattlys - uten bl\u00e5tt lys - EMF Consult","og_description":"H\u00f8y kvalitet 100 % fri for bl\u00e5tt og gr\u00f8nt lys  EU st\u00f8psel  Lysstyrke: 0 - 60 lm  B\u00f8lgelengder: 600nm \u2013 640nm r\u00f8dt lys  Effekt: 0,5W  St\u00f8rrelse: 7,8 cm x 6,9 cm x 4,5 cm  Sertifisering: SAA, ROHS, CE  Vekt: 78g","og_url":"https:\/\/emf-consult.com\/nettbutikk\/produkt\/bevegelsesaktivert-nattlys-uten-blalys\/","og_site_name":"EMF Consult","article_publisher":"https:\/\/www.facebook.com\/emfconsult","article_modified_time":"2025-12-16T07:17:46+00:00","og_image":[{"width":1599,"height":1600,"url":"https:\/\/emf-consult.com\/nettbutikk\/wp-content\/uploads\/2024\/09\/Rodt-plugin-nattlys.png","type":"image\/png"}],"twitter_card":"summary_large_image","twitter_misc":{"Ansl. lesetid":"2 minutter"},"schema":{"@context":"https:\/\/schema.org","@graph":[{"@type":"WebPage","@id":"https:\/\/emf-consult.com\/nettbutikk\/produkt\/bevegelsesaktivert-nattlys-uten-blalys\/","url":"https:\/\/emf-consult.com\/nettbutikk\/produkt\/bevegelsesaktivert-nattlys-uten-blalys\/","name":"Bevegelsesaktivert nattlys - uten bl\u00e5tt lys - EMF Consult","isPartOf":{"@id":"https:\/\/emf-consult.com\/nettbutikk\/#website"},"primaryImageOfPage":{"@id":"https:\/\/emf-consult.com\/nettbutikk\/produkt\/bevegelsesaktivert-nattlys-uten-blalys\/#primaryimage"},"image":{"@id":"https:\/\/emf-consult.com\/nettbutikk\/produkt\/bevegelsesaktivert-nattlys-uten-blalys\/#primaryimage"},"thumbnailUrl":"https:\/\/emf-consult.com\/nettbutikk\/wp-content\/uploads\/2024\/09\/Rodt-plugin-nattlys.png","datePublished":"2024-09-23T14:24:42+00:00","dateModified":"2025-12-16T07:17:46+00:00","breadcrumb":{"@id":"https:\/\/emf-consult.com\/nettbutikk\/produkt\/bevegelsesaktivert-nattlys-uten-blalys\/#breadcrumb"},"inLanguage":"nb-NO","potentialAction":[{"@type":"ReadAction","target":["https:\/\/emf-consult.com\/nettbutikk\/produkt\/bevegelsesaktivert-nattlys-uten-blalys\/"]}]},{"@type":"ImageObject","inLanguage":"nb-NO","@id":"https:\/\/emf-consult.com\/nettbutikk\/produkt\/bevegelsesaktivert-nattlys-uten-blalys\/#primaryimage","url":"https:\/\/emf-consult.com\/nettbutikk\/wp-content\/uploads\/2024\/09\/Rodt-plugin-nattlys.png","contentUrl":"https:\/\/emf-consult.com\/nettbutikk\/wp-content\/uploads\/2024\/09\/Rodt-plugin-nattlys.png","width":1599,"height":1600},{"@type":"BreadcrumbList","@id":"https:\/\/emf-consult.com\/nettbutikk\/produkt\/bevegelsesaktivert-nattlys-uten-blalys\/#breadcrumb","itemListElement":[{"@type":"ListItem","position":1,"name":"Hjem","item":"https:\/\/emf-consult.com\/nettbutikk\/"},{"@type":"ListItem","position":2,"name":"Butikk","item":"https:\/\/emf-consult.com\/nettbutikk\/butikk\/"},{"@type":"ListItem","position":3,"name":"Bevegelsesaktivert nattlys &#8211; uten bl\u00e5tt lys"}]},{"@type":"WebSite","@id":"https:\/\/emf-consult.com\/nettbutikk\/#website","url":"https:\/\/emf-consult.com\/nettbutikk\/","name":"EMF Consult","description":"Nettbutikk - Beskyttelse mot str\u00e5ling","publisher":{"@id":"https:\/\/emf-consult.com\/nettbutikk\/#organization"},"potentialAction":[{"@type":"SearchAction","target":{"@type":"EntryPoint","urlTemplate":"https:\/\/emf-consult.com\/nettbutikk\/?s={search_term_string}"},"query-input":{"@type":"PropertyValueSpecification","valueRequired":true,"valueName":"search_term_string"}}],"inLanguage":"nb-NO"},{"@type":"Organization","@id":"https:\/\/emf-consult.com\/nettbutikk\/#organization","name":"EMF Consult AS","url":"https:\/\/emf-consult.com\/nettbutikk\/","logo":{"@type":"ImageObject","inLanguage":"nb-NO","@id":"https:\/\/emf-consult.com\/nettbutikk\/#\/schema\/logo\/image\/","url":"https:\/\/emf-consult.com\/nettbutikk\/wp-content\/uploads\/2022\/07\/cropped-Favikon-rod-e1658786300694.png","contentUrl":"https:\/\/emf-consult.com\/nettbutikk\/wp-content\/uploads\/2022\/07\/cropped-Favikon-rod-e1658786300694.png","width":150,"height":150,"caption":"EMF Consult AS"},"image":{"@id":"https:\/\/emf-consult.com\/nettbutikk\/#\/schema\/logo\/image\/"},"sameAs":["https:\/\/www.facebook.com\/emfconsult","https:\/\/www.linkedin.com\/company\/emf-consult\/"]}]}},"_links":{"self":[{"href":"https:\/\/emf-consult.com\/nettbutikk\/wp-json\/wp\/v2\/product\/17298","targetHints":{"allow":["GET"]}}],"collection":[{"href":"https:\/\/emf-consult.com\/nettbutikk\/wp-json\/wp\/v2\/product"}],"about":[{"href":"https:\/\/emf-consult.com\/nettbutikk\/wp-json\/wp\/v2\/types\/product"}],"replies":[{"embeddable":true,"href":"https:\/\/emf-consult.com\/nettbutikk\/wp-json\/wp\/v2\/comments?post=17298"}],"wp:featuredmedia":[{"embeddable":true,"href":"https:\/\/emf-consult.com\/nettbutikk\/wp-json\/wp\/v2\/media\/17299"}],"wp:attachment":[{"href":"https:\/\/emf-consult.com\/nettbutikk\/wp-json\/wp\/v2\/media?parent=17298"}],"wp:term":[{"taxonomy":"product_brand","embeddable":true,"href":"https:\/\/emf-consult.com\/nettbutikk\/wp-json\/wp\/v2\/product_brand?post=17298"},{"taxonomy":"product_cat","embeddable":true,"href":"https:\/\/emf-consult.com\/nettbutikk\/wp-json\/wp\/v2\/product_cat?post=17298"},{"taxonomy":"product_tag","embeddable":true,"href":"https:\/\/emf-consult.com\/nettbutikk\/wp-json\/wp\/v2\/product_tag?post=17298"}],"curies":[{"name":"wp","href":"https:\/\/api.w.org\/{rel}","templated":true}]}}