{"id":17290,"date":"2024-09-23T15:48:17","date_gmt":"2024-09-23T13:48:17","guid":{"rendered":"https:\/\/emf-consult.com\/nettbutikk\/?post_type=product&#038;p=17290"},"modified":"2026-02-24T15:34:35","modified_gmt":"2026-02-24T14:34:35","slug":"oppladbar-nattbordlampe-uten-blatt-lys","status":"publish","type":"product","link":"https:\/\/emf-consult.com\/nettbutikk\/produkt\/oppladbar-nattbordlampe-uten-blatt-lys\/","title":{"rendered":"Oppladbar nattbordlampe &#8211; uten bl\u00e5tt lys"},"content":{"rendered":"<p>Forbedre s\u00f8vnen og slapp av med v\u00e5r multi-modus bl\u00e5lys-blokkerende sove-\/nattbordlampe. Den er beregnet p\u00e5 alle som \u00f8nsker \u00e5 skape et rolig milj\u00f8 for bedre s\u00f8vn. Bare sl\u00e5 p\u00e5 lampen om kvelden, velg din foretrukne fargemodus og juster lysstyrken etter eget \u00f8nske. La den milde og flimmerfrie belysningen lede deg inn i en tilstand av ro, og signalisere til kroppen din at det er p\u00e5 tide \u00e5 slappe av og forberede seg p\u00e5 en foryngende s\u00f8vn.<\/p>\n<p>Ikke g\u00e5 p\u00e5 akkord med s\u00f8vnkvaliteten lenger. Invester i v\u00e5r Multi-Modus bl\u00e5lys-blokkerende lampe og opplev fordelene med en god natts s\u00f8vn som aldri f\u00f8r. Bestill n\u00e5 og ta et skritt mot \u00e5 forbedre ditt generelle velv\u00e6re.<\/p>\n<p>Lett, oppladbar, lang batterilevetid, justerbar hals gj\u00f8r at lampen er enkel \u00e5 ta med seg p\u00e5 reise.<\/p>\n<p>Med lav EMF og 3 forskjellige fargetoner kan du enkelte skape den perfekte atmosf\u00e6ren for optimal avslapning og s\u00f8vn.<\/p>\n<ul>\n<li>Ravfarget lys: 100 % fritt for bl\u00e5tt lys. S\u00f8vnvennlig ravfarget lys, varm og avslappende stearinlysf\u00f8lelse, flott for tidlig kveld.<\/li>\n<li>Solnedgangs lys: Gir et beroligende oransje lys som gir f\u00f8lelsen av \u00e5 lese ved siden av et b\u00e5l.<\/li>\n<li>Skumringsr\u00f8dt lys: 100 % fri for bl\u00e5tt og gr\u00f8nt lys. Det mest optimale r\u00f8de lyset \u00e5 bruke sent p\u00e5 kvelden, eller midt p\u00e5 natten.<\/li>\n<\/ul>\n","protected":false},"excerpt":{"rendered":"<ul>\n<li>H\u00f8y kvalitet 100 % fri for bl\u00e5tt lys<\/li>\n<li>Lysfarge:\u00a0 rav \/ oransje \/ r\u00f8dt lys<\/li>\n<li>Fargetemperatur: 1200k \/ 1400k \/ 1600k<\/li>\n<li>Flimmerfri teknologi<\/li>\n<li>Lav EMF<\/li>\n<li>Oppladbart 1800mAh litiumbatteri<\/li>\n<li>Variabel lysstyrkekontroller<\/li>\n<li>360 grader b\u00f8ybar nakke<\/li>\n<li>USB-C ladekabel inkludert<\/li>\n<li>40 cm lang, helt utstrakt<\/li>\n<li>14cm x 12cm sammenrullet<\/li>\n<\/ul>\n","protected":false},"featured_media":17297,"comment_status":"open","ping_status":"closed","template":"","meta":[],"product_brand":[],"product_cat":[38,28,53,96],"product_tag":[],"class_list":{"0":"post-17290","1":"product","2":"type-product","3":"status-publish","4":"has-post-thumbnail","6":"product_cat-belysning-lamper","7":"product_cat-lavstraleprodukter","8":"product_cat-nyheter","9":"product_cat-velvaereprodukter","10":"pa_farge-aluminium","11":"pa_farge-svart","13":"first","14":"instock","15":"taxable","16":"shipping-taxable","17":"purchasable","18":"product-type-simple"},"yoast_head":"<!-- This site is optimized with the Yoast SEO plugin v27.4 - https:\/\/yoast.com\/product\/yoast-seo-wordpress\/ -->\n<title>Oppladbar nattbordlampe - uten bl\u00e5tt lys - EMF Consult<\/title>\n<meta name=\"robots\" content=\"index, follow, max-snippet:-1, max-image-preview:large, max-video-preview:-1\" \/>\n<link rel=\"canonical\" href=\"https:\/\/emf-consult.com\/nettbutikk\/produkt\/oppladbar-nattbordlampe-uten-blatt-lys\/\" \/>\n<meta property=\"og:locale\" content=\"nb_NO\" \/>\n<meta property=\"og:type\" content=\"article\" \/>\n<meta property=\"og:title\" content=\"Oppladbar nattbordlampe - uten bl\u00e5tt lys - EMF Consult\" \/>\n<meta property=\"og:description\" content=\"H\u00f8y kvalitet 100 % fri for bl\u00e5tt lys  Lysfarge:\u00a0 rav \/ oransje \/ r\u00f8dt lys  Fargetemperatur: 1200k \/ 1400k \/ 1600k  Flimmerfri teknologi  Lav EMF  Oppladbart 1800mAh litiumbatteri  Variabel lysstyrkekontroller  360 grader b\u00f8ybar nakke  USB-C ladekabel inkludert  40 cm lang, helt utstrakt  14cm x 12cm sammenrullet\" \/>\n<meta property=\"og:url\" content=\"https:\/\/emf-consult.com\/nettbutikk\/produkt\/oppladbar-nattbordlampe-uten-blatt-lys\/\" \/>\n<meta property=\"og:site_name\" content=\"EMF Consult\" \/>\n<meta property=\"article:publisher\" content=\"https:\/\/www.facebook.com\/emfconsult\" \/>\n<meta property=\"article:modified_time\" content=\"2026-02-24T14:34:35+00:00\" \/>\n<meta property=\"og:image\" content=\"https:\/\/emf-consult.com\/nettbutikk\/wp-content\/uploads\/2024\/09\/Multimode-nattbordlampe11.png\" \/>\n\t<meta property=\"og:image:width\" content=\"1600\" \/>\n\t<meta property=\"og:image:height\" content=\"1600\" \/>\n\t<meta property=\"og:image:type\" content=\"image\/png\" \/>\n<meta name=\"twitter:card\" content=\"summary_large_image\" \/>\n<meta name=\"twitter:label1\" content=\"Ansl. lesetid\" \/>\n\t<meta name=\"twitter:data1\" content=\"2 minutter\" \/>\n<script type=\"application\/ld+json\" class=\"yoast-schema-graph\">{\"@context\":\"https:\\\/\\\/schema.org\",\"@graph\":[{\"@type\":\"WebPage\",\"@id\":\"https:\\\/\\\/emf-consult.com\\\/nettbutikk\\\/produkt\\\/oppladbar-nattbordlampe-uten-blatt-lys\\\/\",\"url\":\"https:\\\/\\\/emf-consult.com\\\/nettbutikk\\\/produkt\\\/oppladbar-nattbordlampe-uten-blatt-lys\\\/\",\"name\":\"Oppladbar nattbordlampe - uten bl\u00e5tt lys - EMF Consult\",\"isPartOf\":{\"@id\":\"https:\\\/\\\/emf-consult.com\\\/nettbutikk\\\/#website\"},\"primaryImageOfPage\":{\"@id\":\"https:\\\/\\\/emf-consult.com\\\/nettbutikk\\\/produkt\\\/oppladbar-nattbordlampe-uten-blatt-lys\\\/#primaryimage\"},\"image\":{\"@id\":\"https:\\\/\\\/emf-consult.com\\\/nettbutikk\\\/produkt\\\/oppladbar-nattbordlampe-uten-blatt-lys\\\/#primaryimage\"},\"thumbnailUrl\":\"https:\\\/\\\/emf-consult.com\\\/nettbutikk\\\/wp-content\\\/uploads\\\/2024\\\/09\\\/Multimode-nattbordlampe11.png\",\"datePublished\":\"2024-09-23T13:48:17+00:00\",\"dateModified\":\"2026-02-24T14:34:35+00:00\",\"breadcrumb\":{\"@id\":\"https:\\\/\\\/emf-consult.com\\\/nettbutikk\\\/produkt\\\/oppladbar-nattbordlampe-uten-blatt-lys\\\/#breadcrumb\"},\"inLanguage\":\"nb-NO\",\"potentialAction\":[{\"@type\":\"ReadAction\",\"target\":[\"https:\\\/\\\/emf-consult.com\\\/nettbutikk\\\/produkt\\\/oppladbar-nattbordlampe-uten-blatt-lys\\\/\"]}]},{\"@type\":\"ImageObject\",\"inLanguage\":\"nb-NO\",\"@id\":\"https:\\\/\\\/emf-consult.com\\\/nettbutikk\\\/produkt\\\/oppladbar-nattbordlampe-uten-blatt-lys\\\/#primaryimage\",\"url\":\"https:\\\/\\\/emf-consult.com\\\/nettbutikk\\\/wp-content\\\/uploads\\\/2024\\\/09\\\/Multimode-nattbordlampe11.png\",\"contentUrl\":\"https:\\\/\\\/emf-consult.com\\\/nettbutikk\\\/wp-content\\\/uploads\\\/2024\\\/09\\\/Multimode-nattbordlampe11.png\",\"width\":1600,\"height\":1600},{\"@type\":\"BreadcrumbList\",\"@id\":\"https:\\\/\\\/emf-consult.com\\\/nettbutikk\\\/produkt\\\/oppladbar-nattbordlampe-uten-blatt-lys\\\/#breadcrumb\",\"itemListElement\":[{\"@type\":\"ListItem\",\"position\":1,\"name\":\"Hjem\",\"item\":\"https:\\\/\\\/emf-consult.com\\\/nettbutikk\\\/\"},{\"@type\":\"ListItem\",\"position\":2,\"name\":\"Butikk\",\"item\":\"https:\\\/\\\/emf-consult.com\\\/nettbutikk\\\/butikk\\\/\"},{\"@type\":\"ListItem\",\"position\":3,\"name\":\"Oppladbar nattbordlampe &#8211; uten bl\u00e5tt lys\"}]},{\"@type\":\"WebSite\",\"@id\":\"https:\\\/\\\/emf-consult.com\\\/nettbutikk\\\/#website\",\"url\":\"https:\\\/\\\/emf-consult.com\\\/nettbutikk\\\/\",\"name\":\"EMF Consult\",\"description\":\"Nettbutikk - Beskyttelse mot str\u00e5ling\",\"publisher\":{\"@id\":\"https:\\\/\\\/emf-consult.com\\\/nettbutikk\\\/#organization\"},\"potentialAction\":[{\"@type\":\"SearchAction\",\"target\":{\"@type\":\"EntryPoint\",\"urlTemplate\":\"https:\\\/\\\/emf-consult.com\\\/nettbutikk\\\/?s={search_term_string}\"},\"query-input\":{\"@type\":\"PropertyValueSpecification\",\"valueRequired\":true,\"valueName\":\"search_term_string\"}}],\"inLanguage\":\"nb-NO\"},{\"@type\":\"Organization\",\"@id\":\"https:\\\/\\\/emf-consult.com\\\/nettbutikk\\\/#organization\",\"name\":\"EMF Consult AS\",\"url\":\"https:\\\/\\\/emf-consult.com\\\/nettbutikk\\\/\",\"logo\":{\"@type\":\"ImageObject\",\"inLanguage\":\"nb-NO\",\"@id\":\"https:\\\/\\\/emf-consult.com\\\/nettbutikk\\\/#\\\/schema\\\/logo\\\/image\\\/\",\"url\":\"https:\\\/\\\/emf-consult.com\\\/nettbutikk\\\/wp-content\\\/uploads\\\/2022\\\/07\\\/cropped-Favikon-rod-e1658786300694.png\",\"contentUrl\":\"https:\\\/\\\/emf-consult.com\\\/nettbutikk\\\/wp-content\\\/uploads\\\/2022\\\/07\\\/cropped-Favikon-rod-e1658786300694.png\",\"width\":150,\"height\":150,\"caption\":\"EMF Consult AS\"},\"image\":{\"@id\":\"https:\\\/\\\/emf-consult.com\\\/nettbutikk\\\/#\\\/schema\\\/logo\\\/image\\\/\"},\"sameAs\":[\"https:\\\/\\\/www.facebook.com\\\/emfconsult\",\"https:\\\/\\\/www.linkedin.com\\\/company\\\/emf-consult\\\/\"]}]}<\/script>\n<!-- \/ Yoast SEO plugin. -->","yoast_head_json":{"title":"Oppladbar nattbordlampe - uten bl\u00e5tt lys - EMF Consult","robots":{"index":"index","follow":"follow","max-snippet":"max-snippet:-1","max-image-preview":"max-image-preview:large","max-video-preview":"max-video-preview:-1"},"canonical":"https:\/\/emf-consult.com\/nettbutikk\/produkt\/oppladbar-nattbordlampe-uten-blatt-lys\/","og_locale":"nb_NO","og_type":"article","og_title":"Oppladbar nattbordlampe - uten bl\u00e5tt lys - EMF Consult","og_description":"H\u00f8y kvalitet 100 % fri for bl\u00e5tt lys  Lysfarge:\u00a0 rav \/ oransje \/ r\u00f8dt lys  Fargetemperatur: 1200k \/ 1400k \/ 1600k  Flimmerfri teknologi  Lav EMF  Oppladbart 1800mAh litiumbatteri  Variabel lysstyrkekontroller  360 grader b\u00f8ybar nakke  USB-C ladekabel inkludert  40 cm lang, helt utstrakt  14cm x 12cm sammenrullet","og_url":"https:\/\/emf-consult.com\/nettbutikk\/produkt\/oppladbar-nattbordlampe-uten-blatt-lys\/","og_site_name":"EMF Consult","article_publisher":"https:\/\/www.facebook.com\/emfconsult","article_modified_time":"2026-02-24T14:34:35+00:00","og_image":[{"width":1600,"height":1600,"url":"https:\/\/emf-consult.com\/nettbutikk\/wp-content\/uploads\/2024\/09\/Multimode-nattbordlampe11.png","type":"image\/png"}],"twitter_card":"summary_large_image","twitter_misc":{"Ansl. lesetid":"2 minutter"},"schema":{"@context":"https:\/\/schema.org","@graph":[{"@type":"WebPage","@id":"https:\/\/emf-consult.com\/nettbutikk\/produkt\/oppladbar-nattbordlampe-uten-blatt-lys\/","url":"https:\/\/emf-consult.com\/nettbutikk\/produkt\/oppladbar-nattbordlampe-uten-blatt-lys\/","name":"Oppladbar nattbordlampe - uten bl\u00e5tt lys - EMF Consult","isPartOf":{"@id":"https:\/\/emf-consult.com\/nettbutikk\/#website"},"primaryImageOfPage":{"@id":"https:\/\/emf-consult.com\/nettbutikk\/produkt\/oppladbar-nattbordlampe-uten-blatt-lys\/#primaryimage"},"image":{"@id":"https:\/\/emf-consult.com\/nettbutikk\/produkt\/oppladbar-nattbordlampe-uten-blatt-lys\/#primaryimage"},"thumbnailUrl":"https:\/\/emf-consult.com\/nettbutikk\/wp-content\/uploads\/2024\/09\/Multimode-nattbordlampe11.png","datePublished":"2024-09-23T13:48:17+00:00","dateModified":"2026-02-24T14:34:35+00:00","breadcrumb":{"@id":"https:\/\/emf-consult.com\/nettbutikk\/produkt\/oppladbar-nattbordlampe-uten-blatt-lys\/#breadcrumb"},"inLanguage":"nb-NO","potentialAction":[{"@type":"ReadAction","target":["https:\/\/emf-consult.com\/nettbutikk\/produkt\/oppladbar-nattbordlampe-uten-blatt-lys\/"]}]},{"@type":"ImageObject","inLanguage":"nb-NO","@id":"https:\/\/emf-consult.com\/nettbutikk\/produkt\/oppladbar-nattbordlampe-uten-blatt-lys\/#primaryimage","url":"https:\/\/emf-consult.com\/nettbutikk\/wp-content\/uploads\/2024\/09\/Multimode-nattbordlampe11.png","contentUrl":"https:\/\/emf-consult.com\/nettbutikk\/wp-content\/uploads\/2024\/09\/Multimode-nattbordlampe11.png","width":1600,"height":1600},{"@type":"BreadcrumbList","@id":"https:\/\/emf-consult.com\/nettbutikk\/produkt\/oppladbar-nattbordlampe-uten-blatt-lys\/#breadcrumb","itemListElement":[{"@type":"ListItem","position":1,"name":"Hjem","item":"https:\/\/emf-consult.com\/nettbutikk\/"},{"@type":"ListItem","position":2,"name":"Butikk","item":"https:\/\/emf-consult.com\/nettbutikk\/butikk\/"},{"@type":"ListItem","position":3,"name":"Oppladbar nattbordlampe &#8211; uten bl\u00e5tt lys"}]},{"@type":"WebSite","@id":"https:\/\/emf-consult.com\/nettbutikk\/#website","url":"https:\/\/emf-consult.com\/nettbutikk\/","name":"EMF Consult","description":"Nettbutikk - Beskyttelse mot str\u00e5ling","publisher":{"@id":"https:\/\/emf-consult.com\/nettbutikk\/#organization"},"potentialAction":[{"@type":"SearchAction","target":{"@type":"EntryPoint","urlTemplate":"https:\/\/emf-consult.com\/nettbutikk\/?s={search_term_string}"},"query-input":{"@type":"PropertyValueSpecification","valueRequired":true,"valueName":"search_term_string"}}],"inLanguage":"nb-NO"},{"@type":"Organization","@id":"https:\/\/emf-consult.com\/nettbutikk\/#organization","name":"EMF Consult AS","url":"https:\/\/emf-consult.com\/nettbutikk\/","logo":{"@type":"ImageObject","inLanguage":"nb-NO","@id":"https:\/\/emf-consult.com\/nettbutikk\/#\/schema\/logo\/image\/","url":"https:\/\/emf-consult.com\/nettbutikk\/wp-content\/uploads\/2022\/07\/cropped-Favikon-rod-e1658786300694.png","contentUrl":"https:\/\/emf-consult.com\/nettbutikk\/wp-content\/uploads\/2022\/07\/cropped-Favikon-rod-e1658786300694.png","width":150,"height":150,"caption":"EMF Consult AS"},"image":{"@id":"https:\/\/emf-consult.com\/nettbutikk\/#\/schema\/logo\/image\/"},"sameAs":["https:\/\/www.facebook.com\/emfconsult","https:\/\/www.linkedin.com\/company\/emf-consult\/"]}]}},"_links":{"self":[{"href":"https:\/\/emf-consult.com\/nettbutikk\/wp-json\/wp\/v2\/product\/17290","targetHints":{"allow":["GET"]}}],"collection":[{"href":"https:\/\/emf-consult.com\/nettbutikk\/wp-json\/wp\/v2\/product"}],"about":[{"href":"https:\/\/emf-consult.com\/nettbutikk\/wp-json\/wp\/v2\/types\/product"}],"replies":[{"embeddable":true,"href":"https:\/\/emf-consult.com\/nettbutikk\/wp-json\/wp\/v2\/comments?post=17290"}],"wp:featuredmedia":[{"embeddable":true,"href":"https:\/\/emf-consult.com\/nettbutikk\/wp-json\/wp\/v2\/media\/17297"}],"wp:attachment":[{"href":"https:\/\/emf-consult.com\/nettbutikk\/wp-json\/wp\/v2\/media?parent=17290"}],"wp:term":[{"taxonomy":"product_brand","embeddable":true,"href":"https:\/\/emf-consult.com\/nettbutikk\/wp-json\/wp\/v2\/product_brand?post=17290"},{"taxonomy":"product_cat","embeddable":true,"href":"https:\/\/emf-consult.com\/nettbutikk\/wp-json\/wp\/v2\/product_cat?post=17290"},{"taxonomy":"product_tag","embeddable":true,"href":"https:\/\/emf-consult.com\/nettbutikk\/wp-json\/wp\/v2\/product_tag?post=17290"}],"curies":[{"name":"wp","href":"https:\/\/api.w.org\/{rel}","templated":true}]}}