{"id":17241,"date":"2024-09-03T21:19:27","date_gmt":"2024-09-03T19:19:27","guid":{"rendered":"https:\/\/emf-consult.com\/nettbutikk\/?post_type=product&#038;p=17241"},"modified":"2026-03-31T11:11:14","modified_gmt":"2026-03-31T09:11:14","slug":"mobilt-bredband-internett-og-telefon-erstatning","status":"publish","type":"product","link":"https:\/\/emf-consult.com\/nettbutikk\/produkt\/mobilt-bredband-internett-og-telefon-erstatning\/","title":{"rendered":"Mobilt bredb\u00e5nd, internett- og telefon erstatning"},"content":{"rendered":"<div class=\"row\">\n<div class=\"col-xs-12\">\n<div class=\"row\">\n<div class=\"col-xs-12\">\n<h3>TP-Link 4G router<\/h3>\n<p>Etter at kobbernettet har blitt lagt ned over st\u00f8rstedelen av landet er det kun to muligheter til internett tilgang hjemme eller p\u00e5 hytta, fibernett eller mobilt bredb\u00e5nd. Har du tilgang til fibernett anbefaler vi at du benytter dette.<\/p>\n<p>For de som ikke har fibernett frem til boligen har kan vi anbefale v\u00e5r mobil bredb\u00e5nds router, med AV\/P\u00c5-knapp for WiFi, og med mulighet for \u00e5 koble til en analog fastttelefon. For ytterligere reduksjon av str\u00e5lingsniv\u00e5et inne i bolig anbefaler vi at router kombineres med en utvendig<strong>\u00a0<a href=\"https:\/\/emf-consult.com\/nettbutikk\/produkt\/antenne-til-mobilt-bredband-router\/\" target=\"_blank\" rel=\"noopener\">retningsbestemt antenne<\/a><\/strong>.<\/p>\n<p>Routeren har 3 stykker RJ45 LAN-porter for tilkobling av kablet Ethernet til komputer, TV osv. Det er ogs\u00e5 mulighet for \u00e5 koble til en <a href=\"https:\/\/emf-consult.com\/nettbutikk\/produkt\/lavstrale-telefon-litefon-2020\/\"><strong>analog telefon<\/strong><\/a> direkte til router via RJ11 kontakten. Velg et mobilabonnement med stor datapakke og skaff deg et &#8220;tvilling SIM-kort&#8221; s\u00e5 trenger du bare ett abonnement for mobiltelefon, internett- og fasttelefon! Genialt ikke sant \ud83d\ude42<\/p>\n<p><strong>MERK: <\/strong>Ved brukt av VoLTE kan du med denne routeren surfe p\u00e5 internett samtidig som du benytter telefonen.<\/p>\n<p>TP-link TL-MR6500v st\u00f8tter 4G, 4G+ som er bygd ut med god dekning over hele landet. Teknologien gir 150 Mbps nedlastingshastighet ved god dekning og 100 Mbps i opplastingshastighet. Modellen er <strong>uten operat\u00f8rl\u00e5s<\/strong>, og virker s\u00e5ledes med alle teleoperat\u00f8rer \u2010 ogs\u00e5 i utlandet.<\/p>\n<\/div>\n<\/div>\n<div class=\"row\">\n<div class=\"col-xs-12\">\n<p>Router har som seg h\u00f8r og b\u00f8r en egen <strong>separat knapp for \u00e5 sl\u00e5 av og p\u00e5 WiFi<\/strong>! For lavest mulig st\u00e5ling ved bruk av WiFi anbefaler vi at man sl\u00e5r av tr\u00e5dl\u00f8sfunksjonen i TP-link routeren og heller kobler en <strong><a href=\"https:\/\/emf-consult.com\/nettbutikk\/produkt\/lavstrale-router-full-eco-100-svart\/\">lavstr\u00e5le router<\/a><\/strong> til en av LAN-portene, med alle de fordeler dette medf\u00f8rer for str\u00e5lingsbelastningen.<\/p>\n<\/div>\n<\/div>\n<div class=\"row\">\n<div class=\"col-xs-12\">\n<p><img loading=\"lazy\" decoding=\"async\" class=\" wd-lazy-fade aligncenter wp-image-14237\" src=\"https:\/\/emf-consult.com\/nettbutikk\/wp-content\/themes\/woodmart\/images\/lazy.svg\" data-src=\"https:\/\/emf-consult.com\/nettbutikk\/wp-content\/uploads\/2022\/03\/Kobbernett-erstatning--e1646209650233.jpg\" alt=\"\" width=\"778\" height=\"600\" srcset=\"\" data-srcset=\"https:\/\/emf-consult.com\/nettbutikk\/wp-content\/uploads\/2022\/03\/Kobbernett-erstatning--e1646209650233.jpg 778w, https:\/\/emf-consult.com\/nettbutikk\/wp-content\/uploads\/2022\/03\/Kobbernett-erstatning--e1646209650233-150x116.jpg 150w, https:\/\/emf-consult.com\/nettbutikk\/wp-content\/uploads\/2022\/03\/Kobbernett-erstatning--e1646209650233-300x231.jpg 300w, https:\/\/emf-consult.com\/nettbutikk\/wp-content\/uploads\/2022\/03\/Kobbernett-erstatning--e1646209650233-768x592.jpg 768w\" sizes=\"auto, (max-width: 778px) 100vw, 778px\" \/><\/p>\n<p><em>S\u00f8keord: EasyGate, mobiltelefon, telefon, internett, bredb\u00e5nd, datanettverk, nettverk, router, ruter, antenne<\/em><\/p>\n<p>&nbsp;<\/p>\n<\/div>\n<\/div>\n<\/div>\n<\/div>\n","protected":false},"excerpt":{"rendered":"<h4>Spesifikasjoner TP-link TL-MR6500v:<\/h4>\n<p><strong>Teknisk standard:<\/strong><br \/>\nWAN: LTE TDD\/FDD, UMTS, HSPA+<br \/>\nWLAN: 802.11 b\/g\/n\/ac med 64\/128-bit WEP, WPA\/WPA2, WPA-PSK\/WPA2-PSK encryptions<\/p>\n<p><strong>Frekvensb\u00e5nd:<\/strong><br \/>\n4G\/LTE FDD: 800\/900\/1800\/2100\/2600 MHz<br \/>\n4G\/LTE TDD: 2600MHz<br \/>\n3G\/HSPA+: 900\/2100 MHz<br \/>\nWLAN: 2.4 GHz, 300Mbps<\/p>\n<p><strong>Hastighet:<\/strong><br \/>\nLTE: Mottak: 150 Mbps. Sending: 150 Mbps (maks hastighet)<br \/>\n3G HSPA+: 42 Mbps. Sending: 5.76 Mbps<\/p>\n<p><strong>Eksterne grensesnitt:<\/strong><br \/>\n2 x eksterne antenneporter MIMO (SMA\u2010hun). Avtagbare antenner<br \/>\n3 x 10\/100 Mbps\u00a0WAN\u2010\/Ethernet\u2010porter, en for WLAN\/LAN, t0 for LAN (RJ45)<br \/>\n1 x RJ-11 for <a href=\"https:\/\/emf-consult.com\/nettbutikk\/produkt\/lavstrale-telefon-litefon-2020\/\">Analog telefon<\/a><\/p>\n<p><strong>Telefon funksjoner:<\/strong><br \/>\nVoIP standard: VoLTE<br \/>\nIntegrert telefonsvarer: Lagrer 100 minutter lange talemeldinger internt p\u00e5 modemruteren<br \/>\nAvanserte telefon funkjoner: Anropsblokkering, anonyme anropsblokkeringer, hurtigvalg, n\u00f8dnummer<\/p>\n<p><strong>SIM\u2010kort:<\/strong> Nano-SIM<\/p>\n<p><strong>Str\u00f8mforsyning:<\/strong> 12V\/1A<\/p>\n<p><strong>St\u00f8rrelse:<\/strong> 202 x 141 x 34 mm. (BxDxH)<\/p>\n<p><strong>Farge:<\/strong> Svart<\/p>\n<p><strong>Vekt<\/strong>: Ca. 450 gram (uten str\u00f8madapteret)<\/p>\n<p><strong>Temperaturomr\u00e5de bruk:<\/strong>\u00a00\u00b0C til +40\u00b0C<br \/>\n<strong>Temperaturomr\u00e5de oppbevaring:<\/strong>\u00a0\u201020\u00b0C til +70\u00b0C<br \/>\n<strong>Luftfuktighet:<\/strong>\u00a0Opptil 95%<\/p>\n<p>Router leveres sammen med ett EU str\u00f8madapter (230VAC- 12VDC, 1A), to antenner for innend\u00f8rs bruk (disse brukes IKKE n\u00e5r du kobler til den eksterne antennen), en uskjermet Ethernetkabel og en hurtig installasjons guide.<\/p>\n<p>&nbsp;<\/p>\n","protected":false},"featured_media":17236,"comment_status":"open","ping_status":"closed","template":"","meta":[],"product_brand":[],"product_cat":[29,28],"product_tag":[],"class_list":{"0":"post-17241","1":"product","2":"type-product","3":"status-publish","4":"has-post-thumbnail","6":"product_cat-data-tele","7":"product_cat-lavstraleprodukter","9":"first","10":"instock","11":"taxable","12":"shipping-taxable","13":"purchasable","14":"product-type-simple"},"yoast_head":"<!-- This site is optimized with the Yoast SEO plugin v27.4 - https:\/\/yoast.com\/product\/yoast-seo-wordpress\/ -->\n<title>Mobilt bredb\u00e5nd, internett- og telefon erstatning - EMF Consult<\/title>\n<meta name=\"robots\" content=\"index, follow, max-snippet:-1, max-image-preview:large, max-video-preview:-1\" \/>\n<link rel=\"canonical\" href=\"https:\/\/emf-consult.com\/nettbutikk\/produkt\/mobilt-bredband-internett-og-telefon-erstatning\/\" \/>\n<meta property=\"og:locale\" content=\"nb_NO\" \/>\n<meta property=\"og:type\" content=\"article\" \/>\n<meta property=\"og:title\" content=\"Mobilt bredb\u00e5nd, internett- og telefon erstatning - EMF Consult\" \/>\n<meta property=\"og:description\" content=\"Spesifikasjoner TP-link TL-MR6500v: Teknisk standard: WAN: LTE TDD\/FDD, UMTS, HSPA+ WLAN: 802.11 b\/g\/n\/ac med 64\/128-bit WEP, WPA\/WPA2, WPA-PSK\/WPA2-PSK encryptions  Frekvensb\u00e5nd: 4G\/LTE FDD: 800\/900\/1800\/2100\/2600 MHz 4G\/LTE TDD: 2600MHz 3G\/HSPA+: 900\/2100 MHz WLAN: 2.4 GHz, 300Mbps  Hastighet: LTE: Mottak: 150 Mbps. Sending: 150 Mbps (maks hastighet) 3G HSPA+: 42 Mbps. Sending: 5.76 Mbps  Eksterne grensesnitt: 2 x eksterne antenneporter MIMO (SMA\u2010hun). Avtagbare antenner 3 x 10\/100 Mbps\u00a0WAN\u2010\/Ethernet\u2010porter, en for WLAN\/LAN, t0 for LAN (RJ45) 1 x RJ-11 for Analog telefon  Telefon funksjoner: VoIP standard: VoLTE Integrert telefonsvarer: Lagrer 100 minutter lange talemeldinger internt p\u00e5 modemruteren Avanserte telefon funkjoner: Anropsblokkering, anonyme anropsblokkeringer, hurtigvalg, n\u00f8dnummer  SIM\u2010kort: Nano-SIM  Str\u00f8mforsyning: 12V\/1A  St\u00f8rrelse: 202 x 141 x 34 mm. (BxDxH)  Farge: Svart  Vekt: Ca. 450 gram (uten str\u00f8madapteret)  Temperaturomr\u00e5de bruk:\u00a00\u00b0C til +40\u00b0C Temperaturomr\u00e5de oppbevaring:\u00a0\u201020\u00b0C til +70\u00b0C Luftfuktighet:\u00a0Opptil 95%  Router leveres sammen med ett EU str\u00f8madapter (230VAC- 12VDC, 1A), to antenner for innend\u00f8rs bruk (disse brukes IKKE n\u00e5r du kobler til den eksterne antennen), en uskjermet Ethernetkabel og en hurtig installasjons guide.  &nbsp;\" \/>\n<meta property=\"og:url\" content=\"https:\/\/emf-consult.com\/nettbutikk\/produkt\/mobilt-bredband-internett-og-telefon-erstatning\/\" \/>\n<meta property=\"og:site_name\" content=\"EMF Consult\" \/>\n<meta property=\"article:publisher\" content=\"https:\/\/www.facebook.com\/emfconsult\" \/>\n<meta property=\"article:modified_time\" content=\"2026-03-31T09:11:14+00:00\" \/>\n<meta property=\"og:image\" content=\"https:\/\/emf-consult.com\/nettbutikk\/wp-content\/uploads\/2022\/03\/Overview_TL-MR6500v_01_large_20211021120633s.jpg\" \/>\n\t<meta property=\"og:image:width\" content=\"1000\" \/>\n\t<meta property=\"og:image:height\" content=\"1000\" \/>\n\t<meta property=\"og:image:type\" content=\"image\/jpeg\" \/>\n<meta name=\"twitter:card\" content=\"summary_large_image\" \/>\n<meta name=\"twitter:label1\" content=\"Ansl. lesetid\" \/>\n\t<meta name=\"twitter:data1\" content=\"2 minutter\" \/>\n<script type=\"application\/ld+json\" class=\"yoast-schema-graph\">{\"@context\":\"https:\\\/\\\/schema.org\",\"@graph\":[{\"@type\":\"WebPage\",\"@id\":\"https:\\\/\\\/emf-consult.com\\\/nettbutikk\\\/produkt\\\/mobilt-bredband-internett-og-telefon-erstatning\\\/\",\"url\":\"https:\\\/\\\/emf-consult.com\\\/nettbutikk\\\/produkt\\\/mobilt-bredband-internett-og-telefon-erstatning\\\/\",\"name\":\"Mobilt bredb\u00e5nd, internett- og telefon erstatning - EMF Consult\",\"isPartOf\":{\"@id\":\"https:\\\/\\\/emf-consult.com\\\/nettbutikk\\\/#website\"},\"primaryImageOfPage\":{\"@id\":\"https:\\\/\\\/emf-consult.com\\\/nettbutikk\\\/produkt\\\/mobilt-bredband-internett-og-telefon-erstatning\\\/#primaryimage\"},\"image\":{\"@id\":\"https:\\\/\\\/emf-consult.com\\\/nettbutikk\\\/produkt\\\/mobilt-bredband-internett-og-telefon-erstatning\\\/#primaryimage\"},\"thumbnailUrl\":\"https:\\\/\\\/emf-consult.com\\\/nettbutikk\\\/wp-content\\\/uploads\\\/2022\\\/03\\\/Overview_TL-MR6500v_01_large_20211021120633s.jpg\",\"datePublished\":\"2024-09-03T19:19:27+00:00\",\"dateModified\":\"2026-03-31T09:11:14+00:00\",\"breadcrumb\":{\"@id\":\"https:\\\/\\\/emf-consult.com\\\/nettbutikk\\\/produkt\\\/mobilt-bredband-internett-og-telefon-erstatning\\\/#breadcrumb\"},\"inLanguage\":\"nb-NO\",\"potentialAction\":[{\"@type\":\"ReadAction\",\"target\":[\"https:\\\/\\\/emf-consult.com\\\/nettbutikk\\\/produkt\\\/mobilt-bredband-internett-og-telefon-erstatning\\\/\"]}]},{\"@type\":\"ImageObject\",\"inLanguage\":\"nb-NO\",\"@id\":\"https:\\\/\\\/emf-consult.com\\\/nettbutikk\\\/produkt\\\/mobilt-bredband-internett-og-telefon-erstatning\\\/#primaryimage\",\"url\":\"https:\\\/\\\/emf-consult.com\\\/nettbutikk\\\/wp-content\\\/uploads\\\/2022\\\/03\\\/Overview_TL-MR6500v_01_large_20211021120633s.jpg\",\"contentUrl\":\"https:\\\/\\\/emf-consult.com\\\/nettbutikk\\\/wp-content\\\/uploads\\\/2022\\\/03\\\/Overview_TL-MR6500v_01_large_20211021120633s.jpg\",\"width\":1000,\"height\":1000},{\"@type\":\"BreadcrumbList\",\"@id\":\"https:\\\/\\\/emf-consult.com\\\/nettbutikk\\\/produkt\\\/mobilt-bredband-internett-og-telefon-erstatning\\\/#breadcrumb\",\"itemListElement\":[{\"@type\":\"ListItem\",\"position\":1,\"name\":\"Hjem\",\"item\":\"https:\\\/\\\/emf-consult.com\\\/nettbutikk\\\/\"},{\"@type\":\"ListItem\",\"position\":2,\"name\":\"Butikk\",\"item\":\"https:\\\/\\\/emf-consult.com\\\/nettbutikk\\\/butikk\\\/\"},{\"@type\":\"ListItem\",\"position\":3,\"name\":\"Mobilt bredb\u00e5nd, internett- og telefon erstatning\"}]},{\"@type\":\"WebSite\",\"@id\":\"https:\\\/\\\/emf-consult.com\\\/nettbutikk\\\/#website\",\"url\":\"https:\\\/\\\/emf-consult.com\\\/nettbutikk\\\/\",\"name\":\"EMF Consult\",\"description\":\"Nettbutikk - Beskyttelse mot str\u00e5ling\",\"publisher\":{\"@id\":\"https:\\\/\\\/emf-consult.com\\\/nettbutikk\\\/#organization\"},\"potentialAction\":[{\"@type\":\"SearchAction\",\"target\":{\"@type\":\"EntryPoint\",\"urlTemplate\":\"https:\\\/\\\/emf-consult.com\\\/nettbutikk\\\/?s={search_term_string}\"},\"query-input\":{\"@type\":\"PropertyValueSpecification\",\"valueRequired\":true,\"valueName\":\"search_term_string\"}}],\"inLanguage\":\"nb-NO\"},{\"@type\":\"Organization\",\"@id\":\"https:\\\/\\\/emf-consult.com\\\/nettbutikk\\\/#organization\",\"name\":\"EMF Consult AS\",\"url\":\"https:\\\/\\\/emf-consult.com\\\/nettbutikk\\\/\",\"logo\":{\"@type\":\"ImageObject\",\"inLanguage\":\"nb-NO\",\"@id\":\"https:\\\/\\\/emf-consult.com\\\/nettbutikk\\\/#\\\/schema\\\/logo\\\/image\\\/\",\"url\":\"https:\\\/\\\/emf-consult.com\\\/nettbutikk\\\/wp-content\\\/uploads\\\/2022\\\/07\\\/cropped-Favikon-rod-e1658786300694.png\",\"contentUrl\":\"https:\\\/\\\/emf-consult.com\\\/nettbutikk\\\/wp-content\\\/uploads\\\/2022\\\/07\\\/cropped-Favikon-rod-e1658786300694.png\",\"width\":150,\"height\":150,\"caption\":\"EMF Consult AS\"},\"image\":{\"@id\":\"https:\\\/\\\/emf-consult.com\\\/nettbutikk\\\/#\\\/schema\\\/logo\\\/image\\\/\"},\"sameAs\":[\"https:\\\/\\\/www.facebook.com\\\/emfconsult\",\"https:\\\/\\\/www.linkedin.com\\\/company\\\/emf-consult\\\/\"]}]}<\/script>\n<!-- \/ Yoast SEO plugin. -->","yoast_head_json":{"title":"Mobilt bredb\u00e5nd, internett- og telefon erstatning - EMF Consult","robots":{"index":"index","follow":"follow","max-snippet":"max-snippet:-1","max-image-preview":"max-image-preview:large","max-video-preview":"max-video-preview:-1"},"canonical":"https:\/\/emf-consult.com\/nettbutikk\/produkt\/mobilt-bredband-internett-og-telefon-erstatning\/","og_locale":"nb_NO","og_type":"article","og_title":"Mobilt bredb\u00e5nd, internett- og telefon erstatning - EMF Consult","og_description":"Spesifikasjoner TP-link TL-MR6500v: Teknisk standard: WAN: LTE TDD\/FDD, UMTS, HSPA+ WLAN: 802.11 b\/g\/n\/ac med 64\/128-bit WEP, WPA\/WPA2, WPA-PSK\/WPA2-PSK encryptions  Frekvensb\u00e5nd: 4G\/LTE FDD: 800\/900\/1800\/2100\/2600 MHz 4G\/LTE TDD: 2600MHz 3G\/HSPA+: 900\/2100 MHz WLAN: 2.4 GHz, 300Mbps  Hastighet: LTE: Mottak: 150 Mbps. Sending: 150 Mbps (maks hastighet) 3G HSPA+: 42 Mbps. Sending: 5.76 Mbps  Eksterne grensesnitt: 2 x eksterne antenneporter MIMO (SMA\u2010hun). Avtagbare antenner 3 x 10\/100 Mbps\u00a0WAN\u2010\/Ethernet\u2010porter, en for WLAN\/LAN, t0 for LAN (RJ45) 1 x RJ-11 for Analog telefon  Telefon funksjoner: VoIP standard: VoLTE Integrert telefonsvarer: Lagrer 100 minutter lange talemeldinger internt p\u00e5 modemruteren Avanserte telefon funkjoner: Anropsblokkering, anonyme anropsblokkeringer, hurtigvalg, n\u00f8dnummer  SIM\u2010kort: Nano-SIM  Str\u00f8mforsyning: 12V\/1A  St\u00f8rrelse: 202 x 141 x 34 mm. (BxDxH)  Farge: Svart  Vekt: Ca. 450 gram (uten str\u00f8madapteret)  Temperaturomr\u00e5de bruk:\u00a00\u00b0C til +40\u00b0C Temperaturomr\u00e5de oppbevaring:\u00a0\u201020\u00b0C til +70\u00b0C Luftfuktighet:\u00a0Opptil 95%  Router leveres sammen med ett EU str\u00f8madapter (230VAC- 12VDC, 1A), to antenner for innend\u00f8rs bruk (disse brukes IKKE n\u00e5r du kobler til den eksterne antennen), en uskjermet Ethernetkabel og en hurtig installasjons guide.  &nbsp;","og_url":"https:\/\/emf-consult.com\/nettbutikk\/produkt\/mobilt-bredband-internett-og-telefon-erstatning\/","og_site_name":"EMF Consult","article_publisher":"https:\/\/www.facebook.com\/emfconsult","article_modified_time":"2026-03-31T09:11:14+00:00","og_image":[{"width":1000,"height":1000,"url":"https:\/\/emf-consult.com\/nettbutikk\/wp-content\/uploads\/2022\/03\/Overview_TL-MR6500v_01_large_20211021120633s.jpg","type":"image\/jpeg"}],"twitter_card":"summary_large_image","twitter_misc":{"Ansl. lesetid":"2 minutter"},"schema":{"@context":"https:\/\/schema.org","@graph":[{"@type":"WebPage","@id":"https:\/\/emf-consult.com\/nettbutikk\/produkt\/mobilt-bredband-internett-og-telefon-erstatning\/","url":"https:\/\/emf-consult.com\/nettbutikk\/produkt\/mobilt-bredband-internett-og-telefon-erstatning\/","name":"Mobilt bredb\u00e5nd, internett- og telefon erstatning - EMF Consult","isPartOf":{"@id":"https:\/\/emf-consult.com\/nettbutikk\/#website"},"primaryImageOfPage":{"@id":"https:\/\/emf-consult.com\/nettbutikk\/produkt\/mobilt-bredband-internett-og-telefon-erstatning\/#primaryimage"},"image":{"@id":"https:\/\/emf-consult.com\/nettbutikk\/produkt\/mobilt-bredband-internett-og-telefon-erstatning\/#primaryimage"},"thumbnailUrl":"https:\/\/emf-consult.com\/nettbutikk\/wp-content\/uploads\/2022\/03\/Overview_TL-MR6500v_01_large_20211021120633s.jpg","datePublished":"2024-09-03T19:19:27+00:00","dateModified":"2026-03-31T09:11:14+00:00","breadcrumb":{"@id":"https:\/\/emf-consult.com\/nettbutikk\/produkt\/mobilt-bredband-internett-og-telefon-erstatning\/#breadcrumb"},"inLanguage":"nb-NO","potentialAction":[{"@type":"ReadAction","target":["https:\/\/emf-consult.com\/nettbutikk\/produkt\/mobilt-bredband-internett-og-telefon-erstatning\/"]}]},{"@type":"ImageObject","inLanguage":"nb-NO","@id":"https:\/\/emf-consult.com\/nettbutikk\/produkt\/mobilt-bredband-internett-og-telefon-erstatning\/#primaryimage","url":"https:\/\/emf-consult.com\/nettbutikk\/wp-content\/uploads\/2022\/03\/Overview_TL-MR6500v_01_large_20211021120633s.jpg","contentUrl":"https:\/\/emf-consult.com\/nettbutikk\/wp-content\/uploads\/2022\/03\/Overview_TL-MR6500v_01_large_20211021120633s.jpg","width":1000,"height":1000},{"@type":"BreadcrumbList","@id":"https:\/\/emf-consult.com\/nettbutikk\/produkt\/mobilt-bredband-internett-og-telefon-erstatning\/#breadcrumb","itemListElement":[{"@type":"ListItem","position":1,"name":"Hjem","item":"https:\/\/emf-consult.com\/nettbutikk\/"},{"@type":"ListItem","position":2,"name":"Butikk","item":"https:\/\/emf-consult.com\/nettbutikk\/butikk\/"},{"@type":"ListItem","position":3,"name":"Mobilt bredb\u00e5nd, internett- og telefon erstatning"}]},{"@type":"WebSite","@id":"https:\/\/emf-consult.com\/nettbutikk\/#website","url":"https:\/\/emf-consult.com\/nettbutikk\/","name":"EMF Consult","description":"Nettbutikk - Beskyttelse mot str\u00e5ling","publisher":{"@id":"https:\/\/emf-consult.com\/nettbutikk\/#organization"},"potentialAction":[{"@type":"SearchAction","target":{"@type":"EntryPoint","urlTemplate":"https:\/\/emf-consult.com\/nettbutikk\/?s={search_term_string}"},"query-input":{"@type":"PropertyValueSpecification","valueRequired":true,"valueName":"search_term_string"}}],"inLanguage":"nb-NO"},{"@type":"Organization","@id":"https:\/\/emf-consult.com\/nettbutikk\/#organization","name":"EMF Consult AS","url":"https:\/\/emf-consult.com\/nettbutikk\/","logo":{"@type":"ImageObject","inLanguage":"nb-NO","@id":"https:\/\/emf-consult.com\/nettbutikk\/#\/schema\/logo\/image\/","url":"https:\/\/emf-consult.com\/nettbutikk\/wp-content\/uploads\/2022\/07\/cropped-Favikon-rod-e1658786300694.png","contentUrl":"https:\/\/emf-consult.com\/nettbutikk\/wp-content\/uploads\/2022\/07\/cropped-Favikon-rod-e1658786300694.png","width":150,"height":150,"caption":"EMF Consult AS"},"image":{"@id":"https:\/\/emf-consult.com\/nettbutikk\/#\/schema\/logo\/image\/"},"sameAs":["https:\/\/www.facebook.com\/emfconsult","https:\/\/www.linkedin.com\/company\/emf-consult\/"]}]}},"_links":{"self":[{"href":"https:\/\/emf-consult.com\/nettbutikk\/wp-json\/wp\/v2\/product\/17241","targetHints":{"allow":["GET"]}}],"collection":[{"href":"https:\/\/emf-consult.com\/nettbutikk\/wp-json\/wp\/v2\/product"}],"about":[{"href":"https:\/\/emf-consult.com\/nettbutikk\/wp-json\/wp\/v2\/types\/product"}],"replies":[{"embeddable":true,"href":"https:\/\/emf-consult.com\/nettbutikk\/wp-json\/wp\/v2\/comments?post=17241"}],"wp:featuredmedia":[{"embeddable":true,"href":"https:\/\/emf-consult.com\/nettbutikk\/wp-json\/wp\/v2\/media\/17236"}],"wp:attachment":[{"href":"https:\/\/emf-consult.com\/nettbutikk\/wp-json\/wp\/v2\/media?parent=17241"}],"wp:term":[{"taxonomy":"product_brand","embeddable":true,"href":"https:\/\/emf-consult.com\/nettbutikk\/wp-json\/wp\/v2\/product_brand?post=17241"},{"taxonomy":"product_cat","embeddable":true,"href":"https:\/\/emf-consult.com\/nettbutikk\/wp-json\/wp\/v2\/product_cat?post=17241"},{"taxonomy":"product_tag","embeddable":true,"href":"https:\/\/emf-consult.com\/nettbutikk\/wp-json\/wp\/v2\/product_tag?post=17241"}],"curies":[{"name":"wp","href":"https:\/\/api.w.org\/{rel}","templated":true}]}}