{"id":17231,"date":"2024-09-03T20:41:39","date_gmt":"2024-09-03T18:41:39","guid":{"rendered":"https:\/\/emf-consult.com\/nettbutikk\/?post_type=product&#038;p=17231"},"modified":"2025-10-18T17:37:48","modified_gmt":"2025-10-18T15:37:48","slug":"antenne-til-mobilt-bredband-router","status":"publish","type":"product","link":"https:\/\/emf-consult.com\/nettbutikk\/produkt\/antenne-til-mobilt-bredband-router\/","title":{"rendered":"Antenne til mobilt bredb\u00e5nd router"},"content":{"rendered":"<div class=\"row\">\n<div class=\"col-xs-12\">\n<h1>EMCOM XPOL-2 4G\/5G retningsstyrt antenne<\/h1>\n<p>Etter at kobbernettet har blitt lagt ned over st\u00f8rstedelen av landet er det kun to muligheter til internett tilgang hjemme eller p\u00e5 hytta, fibernett eller mobilt bredb\u00e5nd. Har du tilgang til fibernett anbefaler vi at du benytter dette.<\/p>\n<p>For de som ikke har fibernett frem til boligen har kan vi anbefale v\u00e5r mobil bredb\u00e5ndsl\u00f8sning med <strong>ekstern retningsbestemt antenne<\/strong>. Om du allerede har en mobil bredb\u00e5ndsrouter og \u00f8nsker \u00e5 flytte str\u00e5lingen ut fra boligen kan vi anbefale v\u00e5r EMCOM XPOL (2 &#8211; 4G\/5G) panelantenne. Antennen monteres p\u00e5 utsiden av boligen og kan skrus direkte p\u00e5 SMA\/TS9-koblingene p\u00e5 ruteren. Om du har behov for \u00e5 flytte antennen enda lenger bort fra bolig, for \u00e5 f\u00e5 st\u00f8rre avstand til str\u00e5lingskilden (antennen) kan du benytte v\u00e5re <a href=\"https:\/\/emf-consult.com\/nettbutikk\/produkt\/antennekabel\/\">forlengerkabler p\u00e5 20m eller 30m<\/a>.<\/p>\n<\/div>\n<\/div>\n<div class=\"row\">\n<div class=\"col-xs-12\">\n<p>Denne nye versjonen av v\u00e5r popul\u00e6re XPOL-2 panelantenne gir enda kraftigere forsterkning ved bruk av ny teknologi. I tillegg st\u00f8tter den frekvensb\u00e5ndet 3400-3800 MHz, som blir brukt til 5G. Panelantenna gir alts\u00e5 god forsterkning uansett hvilket nett du har tilgang til og er klar for neste generasjon mobile nettverk.<\/p>\n<p>To antennekabler (Super Low Loss) p\u00e5 fem meter med SMA-han kontakter g\u00e5r ut fra antenna. Disse kan kobles direkte til alle 4G-rutere som er utstyrt med to SMA-hun kontakter, bl.a. B535 og B525 fra Huawei, DWR-921 fra D-Link og 4G-AC68U fra Asus. I tillegg er det lagt ved antenneoverganger til TS9 som benyttes av bl.a. Huawei B628, B818, H112 og H122.<\/p>\n<p>Emcom XPOL panelantenne er en MIMO-antenne av meget god kvalitet. MIMO betyr antennen har to inn-\/utganger og at du derfor kan <strong>laste ned og opp data dobbelt s\u00e5 raskt<\/strong> som p\u00e5 en enkel retningsbestemt antenne. Den er utviklet for \u00e5 t\u00e5le mange \u00e5r utend\u00f8rs i et r\u00f8ft norsk klima. Selve antennehuset er av halogenfri og UV-bestandig ASA-plast og er grundig tettet med gummipakninger for \u00e5 minimere risikoen for vanninntrengning. Den aller beste effekten f\u00e5r man ved \u00e5 montere antennen p\u00e5 mastr\u00f8r p\u00e5 taket. Antennen kan ogs\u00e5 veggmonteres, men tenk p\u00e5 at det er viktig f\u00e5 s\u00e5 fri sikt som mulig mot basestasjonen. Monteres antenne p\u00e5 utside av vegg kan det v\u00e6re lurt \u00e5 montere et skjermingsmateriale bak antennen, inn mot bolig, for \u00e5 reduserer eventuell str\u00e5lingslekkasje bak antennen. &#8211; Ved montering, husk at jo h\u00f8yere frekvenser basestasjonen benytter, jo desto mer stoppes signalene av skog, husvegger og lignende.<\/p>\n<\/div>\n<\/div>\n<div class=\"row\">\n<div class=\"col-xs-12\">\n<p>Om du har behov for \u00e5 flytte antennen enda lenger bort fra bolig, for \u00e5 f\u00e5 st\u00f8rre avstand til str\u00e5lingskilden (antennen) kan du benytte v\u00e5re forlengerkabler p\u00e5 20m eller 30m. Router vil kunne fungere med kun \u00e9n forlengerkabel, men for \u00e5 best mulig hastighet og full utnyttelse av MIMO trenger du to (2) forlengerkabler.<\/p>\n<p><img loading=\"lazy\" decoding=\"async\" class=\" wd-lazy-fade aligncenter wp-image-14237\" src=\"https:\/\/emf-consult.com\/nettbutikk\/wp-content\/themes\/woodmart\/images\/lazy.svg\" data-src=\"https:\/\/emf-consult.com\/nettbutikk\/wp-content\/uploads\/2022\/03\/Kobbernett-erstatning--e1646209650233.jpg\" alt=\"\" width=\"778\" height=\"600\" srcset=\"\" data-srcset=\"https:\/\/emf-consult.com\/nettbutikk\/wp-content\/uploads\/2022\/03\/Kobbernett-erstatning--e1646209650233.jpg 778w, https:\/\/emf-consult.com\/nettbutikk\/wp-content\/uploads\/2022\/03\/Kobbernett-erstatning--e1646209650233-150x116.jpg 150w, https:\/\/emf-consult.com\/nettbutikk\/wp-content\/uploads\/2022\/03\/Kobbernett-erstatning--e1646209650233-300x231.jpg 300w, https:\/\/emf-consult.com\/nettbutikk\/wp-content\/uploads\/2022\/03\/Kobbernett-erstatning--e1646209650233-768x592.jpg 768w\" sizes=\"auto, (max-width: 778px) 100vw, 778px\" \/><\/p>\n<p><em>S\u00f8keord: EasyGate, mobiltelefon, telefon, internett, bredb\u00e5nd, datanettverk, nettverk, mobil router, ruter, antenne<\/em><\/p>\n<p>&nbsp;<\/p>\n<\/div>\n<\/div>\n","protected":false},"excerpt":{"rendered":"<h4>XPOL &#8211; Antennespesifikasjoner:<\/h4>\n<p><strong>Frekvensomr\u00e5de og forsterkning:<\/strong><br \/>\n650-960 MHz, 9 dBi maks.<br \/>\n1710-2700 MHz, 10 dBi maks.<br \/>\n3400-3800 MHz, 11 dBi maks.<br \/>\nVSWR: &lt; 1.5:1 over 95% av frekvensb\u00e5nde t<br \/>\nPolarisering: 2 x line\u00e6r. (Vertikal og horisontal)<br \/>\nUtstr\u00e5ling: Retningsbestemt. Den str\u00e5ler ca. 120 grader ut fra fronten av antennen, minimalt med str\u00e5ling bakover.<br \/>\nImpedans: 50 Ohm<br \/>\nKapslingsgrad: IP 65<br \/>\nVindgrense (Wind Survival): &lt; 160 km\/h<br \/>\nTemperaturomr\u00e5de: -40\u00b0C til +80\u00b0C<br \/>\nLuftfuktighet: Opptil 98%<br \/>\nAntennekabel: To stk. fem meter hvite HDF-195 lavtapskabler med SMA-han kontakt.<br \/>\nTap i kabel: 0.35 dB\/m ved 900MHz, 0.53 dB\/m ved 2000 MHz, 0.6 dM\/m ved 2500 MHz, 0.66 dM\/m ved 3500 MHz,<\/p>\n<p><strong>Fysiske spesifikasjoner:<\/strong><br \/>\nFarge: Hvit. Fargkode: Pantone P 179-1 C<br \/>\nMateriale: UV-stabil Halogenfri ASA-plast<br \/>\nDimensjon antenne: 25.5 x 25.5 x 8.0\u00a0cm. (uten brakett)<br \/>\nDimensjon produkteske:\u00a029 x 27.6 x 9.8 cm.<br \/>\nVekt: 1.55 kg. Vekt inkl. produkteske: 1.98 kg.<\/p>\n<p>Leveres med feste for montasje p\u00e5 r\u00f8r med diameter 30-63 mm. eller direkte p\u00e5 vegg.<\/p>\n","protected":false},"featured_media":17234,"comment_status":"open","ping_status":"closed","template":"","meta":[],"product_brand":[],"product_cat":[29,28],"product_tag":[],"class_list":{"0":"post-17231","1":"product","2":"type-product","3":"status-publish","4":"has-post-thumbnail","6":"product_cat-data-tele","7":"product_cat-lavstraleprodukter","9":"first","10":"instock","11":"taxable","12":"shipping-taxable","13":"purchasable","14":"product-type-simple"},"yoast_head":"<!-- This site is optimized with the Yoast SEO plugin v27.4 - https:\/\/yoast.com\/product\/yoast-seo-wordpress\/ -->\n<title>Antenne til mobilt bredb\u00e5nd router - EMF Consult<\/title>\n<meta name=\"robots\" content=\"index, follow, max-snippet:-1, max-image-preview:large, max-video-preview:-1\" \/>\n<link rel=\"canonical\" href=\"https:\/\/emf-consult.com\/nettbutikk\/produkt\/antenne-til-mobilt-bredband-router\/\" \/>\n<meta property=\"og:locale\" content=\"nb_NO\" \/>\n<meta property=\"og:type\" content=\"article\" \/>\n<meta property=\"og:title\" content=\"Antenne til mobilt bredb\u00e5nd router - EMF Consult\" \/>\n<meta property=\"og:description\" content=\"XPOL - Antennespesifikasjoner: Frekvensomr\u00e5de og forsterkning: 650-960 MHz, 9 dBi maks. 1710-2700 MHz, 10 dBi maks. 3400-3800 MHz, 11 dBi maks. VSWR: &lt; 1.5:1 over 95% av frekvensb\u00e5nde t Polarisering: 2 x line\u00e6r. (Vertikal og horisontal) Utstr\u00e5ling: Retningsbestemt. Den str\u00e5ler ca. 120 grader ut fra fronten av antennen, minimalt med str\u00e5ling bakover. Impedans: 50 Ohm Kapslingsgrad: IP 65 Vindgrense (Wind Survival): &lt; 160 km\/h Temperaturomr\u00e5de: -40\u00b0C til +80\u00b0C Luftfuktighet: Opptil 98% Antennekabel: To stk. fem meter hvite HDF-195 lavtapskabler med SMA-han kontakt. Tap i kabel: 0.35 dB\/m ved 900MHz, 0.53 dB\/m ved 2000 MHz, 0.6 dM\/m ved 2500 MHz, 0.66 dM\/m ved 3500 MHz,  Fysiske spesifikasjoner: Farge: Hvit. Fargkode: Pantone P 179-1 C Materiale: UV-stabil Halogenfri ASA-plast Dimensjon antenne: 25.5 x 25.5 x 8.0\u00a0cm. (uten brakett) Dimensjon produkteske:\u00a029 x 27.6 x 9.8 cm. Vekt: 1.55 kg. Vekt inkl. produkteske: 1.98 kg.  Leveres med feste for montasje p\u00e5 r\u00f8r med diameter 30-63 mm. eller direkte p\u00e5 vegg.\" \/>\n<meta property=\"og:url\" content=\"https:\/\/emf-consult.com\/nettbutikk\/produkt\/antenne-til-mobilt-bredband-router\/\" \/>\n<meta property=\"og:site_name\" content=\"EMF Consult\" \/>\n<meta property=\"article:publisher\" content=\"https:\/\/www.facebook.com\/emfconsult\" \/>\n<meta property=\"article:modified_time\" content=\"2025-10-18T15:37:48+00:00\" \/>\n<meta property=\"og:image\" content=\"https:\/\/emf-consult.com\/nettbutikk\/wp-content\/uploads\/2024\/09\/WEB_Image_EMCOM_XPOL-2_4G-_5G-panelantenne_Retning_xpol-2-v3_emcom2019084737_plid_26535-e1725393080319.png\" \/>\n\t<meta property=\"og:image:width\" content=\"442\" \/>\n\t<meta property=\"og:image:height\" content=\"442\" \/>\n\t<meta property=\"og:image:type\" content=\"image\/png\" \/>\n<meta name=\"twitter:card\" content=\"summary_large_image\" \/>\n<meta name=\"twitter:label1\" content=\"Ansl. lesetid\" \/>\n\t<meta name=\"twitter:data1\" content=\"5 minutter\" \/>\n<script type=\"application\/ld+json\" class=\"yoast-schema-graph\">{\"@context\":\"https:\\\/\\\/schema.org\",\"@graph\":[{\"@type\":\"WebPage\",\"@id\":\"https:\\\/\\\/emf-consult.com\\\/nettbutikk\\\/produkt\\\/antenne-til-mobilt-bredband-router\\\/\",\"url\":\"https:\\\/\\\/emf-consult.com\\\/nettbutikk\\\/produkt\\\/antenne-til-mobilt-bredband-router\\\/\",\"name\":\"Antenne til mobilt bredb\u00e5nd router - EMF Consult\",\"isPartOf\":{\"@id\":\"https:\\\/\\\/emf-consult.com\\\/nettbutikk\\\/#website\"},\"primaryImageOfPage\":{\"@id\":\"https:\\\/\\\/emf-consult.com\\\/nettbutikk\\\/produkt\\\/antenne-til-mobilt-bredband-router\\\/#primaryimage\"},\"image\":{\"@id\":\"https:\\\/\\\/emf-consult.com\\\/nettbutikk\\\/produkt\\\/antenne-til-mobilt-bredband-router\\\/#primaryimage\"},\"thumbnailUrl\":\"https:\\\/\\\/emf-consult.com\\\/nettbutikk\\\/wp-content\\\/uploads\\\/2024\\\/09\\\/WEB_Image_EMCOM_XPOL-2_4G-_5G-panelantenne_Retning_xpol-2-v3_emcom2019084737_plid_26535-e1725393080319.png\",\"datePublished\":\"2024-09-03T18:41:39+00:00\",\"dateModified\":\"2025-10-18T15:37:48+00:00\",\"breadcrumb\":{\"@id\":\"https:\\\/\\\/emf-consult.com\\\/nettbutikk\\\/produkt\\\/antenne-til-mobilt-bredband-router\\\/#breadcrumb\"},\"inLanguage\":\"nb-NO\",\"potentialAction\":[{\"@type\":\"ReadAction\",\"target\":[\"https:\\\/\\\/emf-consult.com\\\/nettbutikk\\\/produkt\\\/antenne-til-mobilt-bredband-router\\\/\"]}]},{\"@type\":\"ImageObject\",\"inLanguage\":\"nb-NO\",\"@id\":\"https:\\\/\\\/emf-consult.com\\\/nettbutikk\\\/produkt\\\/antenne-til-mobilt-bredband-router\\\/#primaryimage\",\"url\":\"https:\\\/\\\/emf-consult.com\\\/nettbutikk\\\/wp-content\\\/uploads\\\/2024\\\/09\\\/WEB_Image_EMCOM_XPOL-2_4G-_5G-panelantenne_Retning_xpol-2-v3_emcom2019084737_plid_26535-e1725393080319.png\",\"contentUrl\":\"https:\\\/\\\/emf-consult.com\\\/nettbutikk\\\/wp-content\\\/uploads\\\/2024\\\/09\\\/WEB_Image_EMCOM_XPOL-2_4G-_5G-panelantenne_Retning_xpol-2-v3_emcom2019084737_plid_26535-e1725393080319.png\",\"width\":442,\"height\":442},{\"@type\":\"BreadcrumbList\",\"@id\":\"https:\\\/\\\/emf-consult.com\\\/nettbutikk\\\/produkt\\\/antenne-til-mobilt-bredband-router\\\/#breadcrumb\",\"itemListElement\":[{\"@type\":\"ListItem\",\"position\":1,\"name\":\"Hjem\",\"item\":\"https:\\\/\\\/emf-consult.com\\\/nettbutikk\\\/\"},{\"@type\":\"ListItem\",\"position\":2,\"name\":\"Butikk\",\"item\":\"https:\\\/\\\/emf-consult.com\\\/nettbutikk\\\/butikk\\\/\"},{\"@type\":\"ListItem\",\"position\":3,\"name\":\"Antenne til mobilt bredb\u00e5nd router\"}]},{\"@type\":\"WebSite\",\"@id\":\"https:\\\/\\\/emf-consult.com\\\/nettbutikk\\\/#website\",\"url\":\"https:\\\/\\\/emf-consult.com\\\/nettbutikk\\\/\",\"name\":\"EMF Consult\",\"description\":\"Nettbutikk - Beskyttelse mot str\u00e5ling\",\"publisher\":{\"@id\":\"https:\\\/\\\/emf-consult.com\\\/nettbutikk\\\/#organization\"},\"potentialAction\":[{\"@type\":\"SearchAction\",\"target\":{\"@type\":\"EntryPoint\",\"urlTemplate\":\"https:\\\/\\\/emf-consult.com\\\/nettbutikk\\\/?s={search_term_string}\"},\"query-input\":{\"@type\":\"PropertyValueSpecification\",\"valueRequired\":true,\"valueName\":\"search_term_string\"}}],\"inLanguage\":\"nb-NO\"},{\"@type\":\"Organization\",\"@id\":\"https:\\\/\\\/emf-consult.com\\\/nettbutikk\\\/#organization\",\"name\":\"EMF Consult AS\",\"url\":\"https:\\\/\\\/emf-consult.com\\\/nettbutikk\\\/\",\"logo\":{\"@type\":\"ImageObject\",\"inLanguage\":\"nb-NO\",\"@id\":\"https:\\\/\\\/emf-consult.com\\\/nettbutikk\\\/#\\\/schema\\\/logo\\\/image\\\/\",\"url\":\"https:\\\/\\\/emf-consult.com\\\/nettbutikk\\\/wp-content\\\/uploads\\\/2022\\\/07\\\/cropped-Favikon-rod-e1658786300694.png\",\"contentUrl\":\"https:\\\/\\\/emf-consult.com\\\/nettbutikk\\\/wp-content\\\/uploads\\\/2022\\\/07\\\/cropped-Favikon-rod-e1658786300694.png\",\"width\":150,\"height\":150,\"caption\":\"EMF Consult AS\"},\"image\":{\"@id\":\"https:\\\/\\\/emf-consult.com\\\/nettbutikk\\\/#\\\/schema\\\/logo\\\/image\\\/\"},\"sameAs\":[\"https:\\\/\\\/www.facebook.com\\\/emfconsult\",\"https:\\\/\\\/www.linkedin.com\\\/company\\\/emf-consult\\\/\"]}]}<\/script>\n<!-- \/ Yoast SEO plugin. -->","yoast_head_json":{"title":"Antenne til mobilt bredb\u00e5nd router - EMF Consult","robots":{"index":"index","follow":"follow","max-snippet":"max-snippet:-1","max-image-preview":"max-image-preview:large","max-video-preview":"max-video-preview:-1"},"canonical":"https:\/\/emf-consult.com\/nettbutikk\/produkt\/antenne-til-mobilt-bredband-router\/","og_locale":"nb_NO","og_type":"article","og_title":"Antenne til mobilt bredb\u00e5nd router - EMF Consult","og_description":"XPOL - Antennespesifikasjoner: Frekvensomr\u00e5de og forsterkning: 650-960 MHz, 9 dBi maks. 1710-2700 MHz, 10 dBi maks. 3400-3800 MHz, 11 dBi maks. VSWR: &lt; 1.5:1 over 95% av frekvensb\u00e5nde t Polarisering: 2 x line\u00e6r. (Vertikal og horisontal) Utstr\u00e5ling: Retningsbestemt. Den str\u00e5ler ca. 120 grader ut fra fronten av antennen, minimalt med str\u00e5ling bakover. Impedans: 50 Ohm Kapslingsgrad: IP 65 Vindgrense (Wind Survival): &lt; 160 km\/h Temperaturomr\u00e5de: -40\u00b0C til +80\u00b0C Luftfuktighet: Opptil 98% Antennekabel: To stk. fem meter hvite HDF-195 lavtapskabler med SMA-han kontakt. Tap i kabel: 0.35 dB\/m ved 900MHz, 0.53 dB\/m ved 2000 MHz, 0.6 dM\/m ved 2500 MHz, 0.66 dM\/m ved 3500 MHz,  Fysiske spesifikasjoner: Farge: Hvit. Fargkode: Pantone P 179-1 C Materiale: UV-stabil Halogenfri ASA-plast Dimensjon antenne: 25.5 x 25.5 x 8.0\u00a0cm. (uten brakett) Dimensjon produkteske:\u00a029 x 27.6 x 9.8 cm. Vekt: 1.55 kg. Vekt inkl. produkteske: 1.98 kg.  Leveres med feste for montasje p\u00e5 r\u00f8r med diameter 30-63 mm. eller direkte p\u00e5 vegg.","og_url":"https:\/\/emf-consult.com\/nettbutikk\/produkt\/antenne-til-mobilt-bredband-router\/","og_site_name":"EMF Consult","article_publisher":"https:\/\/www.facebook.com\/emfconsult","article_modified_time":"2025-10-18T15:37:48+00:00","og_image":[{"width":442,"height":442,"url":"https:\/\/emf-consult.com\/nettbutikk\/wp-content\/uploads\/2024\/09\/WEB_Image_EMCOM_XPOL-2_4G-_5G-panelantenne_Retning_xpol-2-v3_emcom2019084737_plid_26535-e1725393080319.png","type":"image\/png"}],"twitter_card":"summary_large_image","twitter_misc":{"Ansl. lesetid":"5 minutter"},"schema":{"@context":"https:\/\/schema.org","@graph":[{"@type":"WebPage","@id":"https:\/\/emf-consult.com\/nettbutikk\/produkt\/antenne-til-mobilt-bredband-router\/","url":"https:\/\/emf-consult.com\/nettbutikk\/produkt\/antenne-til-mobilt-bredband-router\/","name":"Antenne til mobilt bredb\u00e5nd router - EMF Consult","isPartOf":{"@id":"https:\/\/emf-consult.com\/nettbutikk\/#website"},"primaryImageOfPage":{"@id":"https:\/\/emf-consult.com\/nettbutikk\/produkt\/antenne-til-mobilt-bredband-router\/#primaryimage"},"image":{"@id":"https:\/\/emf-consult.com\/nettbutikk\/produkt\/antenne-til-mobilt-bredband-router\/#primaryimage"},"thumbnailUrl":"https:\/\/emf-consult.com\/nettbutikk\/wp-content\/uploads\/2024\/09\/WEB_Image_EMCOM_XPOL-2_4G-_5G-panelantenne_Retning_xpol-2-v3_emcom2019084737_plid_26535-e1725393080319.png","datePublished":"2024-09-03T18:41:39+00:00","dateModified":"2025-10-18T15:37:48+00:00","breadcrumb":{"@id":"https:\/\/emf-consult.com\/nettbutikk\/produkt\/antenne-til-mobilt-bredband-router\/#breadcrumb"},"inLanguage":"nb-NO","potentialAction":[{"@type":"ReadAction","target":["https:\/\/emf-consult.com\/nettbutikk\/produkt\/antenne-til-mobilt-bredband-router\/"]}]},{"@type":"ImageObject","inLanguage":"nb-NO","@id":"https:\/\/emf-consult.com\/nettbutikk\/produkt\/antenne-til-mobilt-bredband-router\/#primaryimage","url":"https:\/\/emf-consult.com\/nettbutikk\/wp-content\/uploads\/2024\/09\/WEB_Image_EMCOM_XPOL-2_4G-_5G-panelantenne_Retning_xpol-2-v3_emcom2019084737_plid_26535-e1725393080319.png","contentUrl":"https:\/\/emf-consult.com\/nettbutikk\/wp-content\/uploads\/2024\/09\/WEB_Image_EMCOM_XPOL-2_4G-_5G-panelantenne_Retning_xpol-2-v3_emcom2019084737_plid_26535-e1725393080319.png","width":442,"height":442},{"@type":"BreadcrumbList","@id":"https:\/\/emf-consult.com\/nettbutikk\/produkt\/antenne-til-mobilt-bredband-router\/#breadcrumb","itemListElement":[{"@type":"ListItem","position":1,"name":"Hjem","item":"https:\/\/emf-consult.com\/nettbutikk\/"},{"@type":"ListItem","position":2,"name":"Butikk","item":"https:\/\/emf-consult.com\/nettbutikk\/butikk\/"},{"@type":"ListItem","position":3,"name":"Antenne til mobilt bredb\u00e5nd router"}]},{"@type":"WebSite","@id":"https:\/\/emf-consult.com\/nettbutikk\/#website","url":"https:\/\/emf-consult.com\/nettbutikk\/","name":"EMF Consult","description":"Nettbutikk - Beskyttelse mot str\u00e5ling","publisher":{"@id":"https:\/\/emf-consult.com\/nettbutikk\/#organization"},"potentialAction":[{"@type":"SearchAction","target":{"@type":"EntryPoint","urlTemplate":"https:\/\/emf-consult.com\/nettbutikk\/?s={search_term_string}"},"query-input":{"@type":"PropertyValueSpecification","valueRequired":true,"valueName":"search_term_string"}}],"inLanguage":"nb-NO"},{"@type":"Organization","@id":"https:\/\/emf-consult.com\/nettbutikk\/#organization","name":"EMF Consult AS","url":"https:\/\/emf-consult.com\/nettbutikk\/","logo":{"@type":"ImageObject","inLanguage":"nb-NO","@id":"https:\/\/emf-consult.com\/nettbutikk\/#\/schema\/logo\/image\/","url":"https:\/\/emf-consult.com\/nettbutikk\/wp-content\/uploads\/2022\/07\/cropped-Favikon-rod-e1658786300694.png","contentUrl":"https:\/\/emf-consult.com\/nettbutikk\/wp-content\/uploads\/2022\/07\/cropped-Favikon-rod-e1658786300694.png","width":150,"height":150,"caption":"EMF Consult AS"},"image":{"@id":"https:\/\/emf-consult.com\/nettbutikk\/#\/schema\/logo\/image\/"},"sameAs":["https:\/\/www.facebook.com\/emfconsult","https:\/\/www.linkedin.com\/company\/emf-consult\/"]}]}},"_links":{"self":[{"href":"https:\/\/emf-consult.com\/nettbutikk\/wp-json\/wp\/v2\/product\/17231","targetHints":{"allow":["GET"]}}],"collection":[{"href":"https:\/\/emf-consult.com\/nettbutikk\/wp-json\/wp\/v2\/product"}],"about":[{"href":"https:\/\/emf-consult.com\/nettbutikk\/wp-json\/wp\/v2\/types\/product"}],"replies":[{"embeddable":true,"href":"https:\/\/emf-consult.com\/nettbutikk\/wp-json\/wp\/v2\/comments?post=17231"}],"wp:featuredmedia":[{"embeddable":true,"href":"https:\/\/emf-consult.com\/nettbutikk\/wp-json\/wp\/v2\/media\/17234"}],"wp:attachment":[{"href":"https:\/\/emf-consult.com\/nettbutikk\/wp-json\/wp\/v2\/media?parent=17231"}],"wp:term":[{"taxonomy":"product_brand","embeddable":true,"href":"https:\/\/emf-consult.com\/nettbutikk\/wp-json\/wp\/v2\/product_brand?post=17231"},{"taxonomy":"product_cat","embeddable":true,"href":"https:\/\/emf-consult.com\/nettbutikk\/wp-json\/wp\/v2\/product_cat?post=17231"},{"taxonomy":"product_tag","embeddable":true,"href":"https:\/\/emf-consult.com\/nettbutikk\/wp-json\/wp\/v2\/product_tag?post=17231"}],"curies":[{"name":"wp","href":"https:\/\/api.w.org\/{rel}","templated":true}]}}