{"id":17041,"date":"2024-06-12T14:11:33","date_gmt":"2024-06-12T12:11:33","guid":{"rendered":"https:\/\/emf-consult.com\/nettbutikk\/?post_type=product&#038;p=17041"},"modified":"2026-01-30T09:43:45","modified_gmt":"2026-01-30T08:43:45","slug":"baldakin-silver-cotton-enkeltseng","status":"publish","type":"product","link":"https:\/\/emf-consult.com\/nettbutikk\/produkt\/baldakin-silver-cotton-enkeltseng\/","title":{"rendered":"Baldakin SILVER-COTTON &#8211; Enkeltseng"},"content":{"rendered":"<p>SILVER-COTTON er en baldakin laget av et rimeligere bomullsstoff. SILVER-COTTON reduserer og beskytter mot h\u00f8y-frekvens (HF) str\u00e5ling og lavfrekvens (LF) elektriske felt. Demper HF str\u00e5ling med 42db (99,99%) ved 1GHz.<\/p>\n<p>Dobbeltseng boksformet, st\u00f8rrelse: B120 x D220 x H220 cm.<\/p>\n<p>Inngangen p\u00e5 baldakin har overlappende felter som stenger ute str\u00e5lingen.<\/p>\n<p>SILVER-COTTON er halv-transparent og slipper inn godt med lys<\/p>\n<ul>\n<li>Et lett og luftig stoff<\/li>\n<li>Puster godt<\/li>\n<li>Tekstilegenskaper: Vaskbart, lett \u00e5 bearbeide, skrukker noe.<\/li>\n<li>Kan jordes ved bruk av GCV eller GCM, sammen med GL og GP1<\/li>\n<\/ul>\n<p>Montering:<\/p>\n<ul>\n<li>Boksformet baldakin monteres med 4 punkter i tak. Oppheng og snorer medf\u00f8lger.<\/li>\n<li>Boksformet baldakin kan ikke monteres i skr\u00e5tak.<\/li>\n<li>For \u00e5 stive av boksformet baldakin kan ytterligere stenger monteres i ferdige folder for \u00f8kt stabilitet \u00f8verst. Stenger f\u00f8lger ikke med<\/li>\n<\/ul>\n<p><em>Baldakiner er bestillingsvare som sys p\u00e5 bestilling. Bestillingsvarer leveres normalt innen 7-14 dager etter mottatt betaling.<\/em><br \/>\n<em>Ang\u00e5ende angrerett; v\u00e6r oppmerksom p\u00e5 at av hygiene \u00e5rsaker tas kun ubrukte baldakiner i retur.<\/em><\/p>\n","protected":false},"excerpt":{"rendered":"<ul>\n<li>Farge: Gr\u00e5 beige<\/li>\n<li>Demping: 42 dB ved 1 GHz<\/li>\n<li>Materialer: 82% bomull, 14% nylon, 4%s\u00f8lv<\/li>\n<li>Overflatemotstand: 6\u2126 per 2,54cm<\/li>\n<\/ul>\n<p>Vaskes forsiktig p\u00e5\u00a030\u00b0C,\u00a0Kan strykes p\u00e5 1, m\u00e5 ikke t\u00f8rkes\u00a0i t\u00f8rketrommel,\u00a0T\u00f8rkes p\u00e5 lav temperature, M\u00e5 ikke blekes.<\/p>\n<p><strong>For allergikere:<\/strong> Nye stoffer kan lukte noe, vi anbefaler derfor at du vasker stoffet f\u00f8r bruk!<\/p>\n","protected":false},"featured_media":17043,"comment_status":"open","ping_status":"closed","template":"","meta":[],"product_brand":[],"product_cat":[45],"product_tag":[99,100,101,102,103],"class_list":{"0":"post-17041","1":"product","2":"type-product","3":"status-publish","4":"has-post-thumbnail","6":"product_cat-baldakiner-soveposer","7":"product_tag-skjerming","8":"product_tag-soverom","9":"product_tag-sovn","10":"product_tag-sovnkvalitet","11":"product_tag-straling","12":"pa_storrelse-dobbeltseng-boksformet","13":"pa_storrelse-enkeltseng-boksformet","14":"pa_storrelse-enkeltseng-pyramideformet","16":"first","17":"onbackorder","18":"taxable","19":"shipping-taxable","20":"purchasable","21":"product-type-simple"},"yoast_head":"<!-- This site is optimized with the Yoast SEO plugin v27.3 - https:\/\/yoast.com\/product\/yoast-seo-wordpress\/ -->\n<title>Baldakin SILVER-COTTON - Enkeltseng - EMF Consult<\/title>\n<meta name=\"robots\" content=\"index, follow, max-snippet:-1, max-image-preview:large, max-video-preview:-1\" \/>\n<link rel=\"canonical\" href=\"https:\/\/emf-consult.com\/nettbutikk\/produkt\/baldakin-silver-cotton-enkeltseng\/\" \/>\n<meta property=\"og:locale\" content=\"nb_NO\" \/>\n<meta property=\"og:type\" content=\"article\" \/>\n<meta property=\"og:title\" content=\"Baldakin SILVER-COTTON - Enkeltseng - EMF Consult\" \/>\n<meta property=\"og:description\" content=\"Farge: Gr\u00e5 beige  Demping: 42 dB ved 1 GHz  Materialer: 82% bomull, 14% nylon, 4%s\u00f8lv  Overflatemotstand: 6\u2126 per 2,54cm  Vaskes forsiktig p\u00e5\u00a030\u00b0C,\u00a0Kan strykes p\u00e5 1, m\u00e5 ikke t\u00f8rkes\u00a0i t\u00f8rketrommel,\u00a0T\u00f8rkes p\u00e5 lav temperature, M\u00e5 ikke blekes.  For allergikere: Nye stoffer kan lukte noe, vi anbefaler derfor at du vasker stoffet f\u00f8r bruk!\" \/>\n<meta property=\"og:url\" content=\"https:\/\/emf-consult.com\/nettbutikk\/produkt\/baldakin-silver-cotton-enkeltseng\/\" \/>\n<meta property=\"og:site_name\" content=\"EMF Consult\" \/>\n<meta property=\"article:publisher\" content=\"https:\/\/www.facebook.com\/emfconsult\" \/>\n<meta property=\"article:modified_time\" content=\"2026-01-30T08:43:45+00:00\" \/>\n<meta property=\"og:image\" content=\"https:\/\/emf-consult.com\/nettbutikk\/wp-content\/uploads\/2024\/06\/YSHIELD-BCE1.webp\" \/>\n\t<meta property=\"og:image:width\" content=\"1140\" \/>\n\t<meta property=\"og:image:height\" content=\"1140\" \/>\n\t<meta property=\"og:image:type\" content=\"image\/webp\" \/>\n<meta name=\"twitter:card\" content=\"summary_large_image\" \/>\n<meta name=\"twitter:label1\" content=\"Ansl. lesetid\" \/>\n\t<meta name=\"twitter:data1\" content=\"2 minutter\" \/>\n<script type=\"application\/ld+json\" class=\"yoast-schema-graph\">{\"@context\":\"https:\\\/\\\/schema.org\",\"@graph\":[{\"@type\":\"WebPage\",\"@id\":\"https:\\\/\\\/emf-consult.com\\\/nettbutikk\\\/produkt\\\/baldakin-silver-cotton-enkeltseng\\\/\",\"url\":\"https:\\\/\\\/emf-consult.com\\\/nettbutikk\\\/produkt\\\/baldakin-silver-cotton-enkeltseng\\\/\",\"name\":\"Baldakin SILVER-COTTON - Enkeltseng - EMF Consult\",\"isPartOf\":{\"@id\":\"https:\\\/\\\/emf-consult.com\\\/nettbutikk\\\/#website\"},\"primaryImageOfPage\":{\"@id\":\"https:\\\/\\\/emf-consult.com\\\/nettbutikk\\\/produkt\\\/baldakin-silver-cotton-enkeltseng\\\/#primaryimage\"},\"image\":{\"@id\":\"https:\\\/\\\/emf-consult.com\\\/nettbutikk\\\/produkt\\\/baldakin-silver-cotton-enkeltseng\\\/#primaryimage\"},\"thumbnailUrl\":\"https:\\\/\\\/emf-consult.com\\\/nettbutikk\\\/wp-content\\\/uploads\\\/2024\\\/06\\\/YSHIELD-BCE1.webp\",\"datePublished\":\"2024-06-12T12:11:33+00:00\",\"dateModified\":\"2026-01-30T08:43:45+00:00\",\"breadcrumb\":{\"@id\":\"https:\\\/\\\/emf-consult.com\\\/nettbutikk\\\/produkt\\\/baldakin-silver-cotton-enkeltseng\\\/#breadcrumb\"},\"inLanguage\":\"nb-NO\",\"potentialAction\":[{\"@type\":\"ReadAction\",\"target\":[\"https:\\\/\\\/emf-consult.com\\\/nettbutikk\\\/produkt\\\/baldakin-silver-cotton-enkeltseng\\\/\"]}]},{\"@type\":\"ImageObject\",\"inLanguage\":\"nb-NO\",\"@id\":\"https:\\\/\\\/emf-consult.com\\\/nettbutikk\\\/produkt\\\/baldakin-silver-cotton-enkeltseng\\\/#primaryimage\",\"url\":\"https:\\\/\\\/emf-consult.com\\\/nettbutikk\\\/wp-content\\\/uploads\\\/2024\\\/06\\\/YSHIELD-BCE1.webp\",\"contentUrl\":\"https:\\\/\\\/emf-consult.com\\\/nettbutikk\\\/wp-content\\\/uploads\\\/2024\\\/06\\\/YSHIELD-BCE1.webp\",\"width\":1140,\"height\":1140},{\"@type\":\"BreadcrumbList\",\"@id\":\"https:\\\/\\\/emf-consult.com\\\/nettbutikk\\\/produkt\\\/baldakin-silver-cotton-enkeltseng\\\/#breadcrumb\",\"itemListElement\":[{\"@type\":\"ListItem\",\"position\":1,\"name\":\"Hjem\",\"item\":\"https:\\\/\\\/emf-consult.com\\\/nettbutikk\\\/\"},{\"@type\":\"ListItem\",\"position\":2,\"name\":\"Butikk\",\"item\":\"https:\\\/\\\/emf-consult.com\\\/nettbutikk\\\/butikk\\\/\"},{\"@type\":\"ListItem\",\"position\":3,\"name\":\"Baldakin SILVER-COTTON &#8211; Enkeltseng\"}]},{\"@type\":\"WebSite\",\"@id\":\"https:\\\/\\\/emf-consult.com\\\/nettbutikk\\\/#website\",\"url\":\"https:\\\/\\\/emf-consult.com\\\/nettbutikk\\\/\",\"name\":\"EMF Consult\",\"description\":\"Nettbutikk - Beskyttelse mot str\u00e5ling\",\"publisher\":{\"@id\":\"https:\\\/\\\/emf-consult.com\\\/nettbutikk\\\/#organization\"},\"potentialAction\":[{\"@type\":\"SearchAction\",\"target\":{\"@type\":\"EntryPoint\",\"urlTemplate\":\"https:\\\/\\\/emf-consult.com\\\/nettbutikk\\\/?s={search_term_string}\"},\"query-input\":{\"@type\":\"PropertyValueSpecification\",\"valueRequired\":true,\"valueName\":\"search_term_string\"}}],\"inLanguage\":\"nb-NO\"},{\"@type\":\"Organization\",\"@id\":\"https:\\\/\\\/emf-consult.com\\\/nettbutikk\\\/#organization\",\"name\":\"EMF Consult AS\",\"url\":\"https:\\\/\\\/emf-consult.com\\\/nettbutikk\\\/\",\"logo\":{\"@type\":\"ImageObject\",\"inLanguage\":\"nb-NO\",\"@id\":\"https:\\\/\\\/emf-consult.com\\\/nettbutikk\\\/#\\\/schema\\\/logo\\\/image\\\/\",\"url\":\"https:\\\/\\\/emf-consult.com\\\/nettbutikk\\\/wp-content\\\/uploads\\\/2022\\\/07\\\/cropped-Favikon-rod-e1658786300694.png\",\"contentUrl\":\"https:\\\/\\\/emf-consult.com\\\/nettbutikk\\\/wp-content\\\/uploads\\\/2022\\\/07\\\/cropped-Favikon-rod-e1658786300694.png\",\"width\":150,\"height\":150,\"caption\":\"EMF Consult AS\"},\"image\":{\"@id\":\"https:\\\/\\\/emf-consult.com\\\/nettbutikk\\\/#\\\/schema\\\/logo\\\/image\\\/\"},\"sameAs\":[\"https:\\\/\\\/www.facebook.com\\\/emfconsult\",\"https:\\\/\\\/www.linkedin.com\\\/company\\\/emf-consult\\\/\"]}]}<\/script>\n<!-- \/ Yoast SEO plugin. -->","yoast_head_json":{"title":"Baldakin SILVER-COTTON - Enkeltseng - EMF Consult","robots":{"index":"index","follow":"follow","max-snippet":"max-snippet:-1","max-image-preview":"max-image-preview:large","max-video-preview":"max-video-preview:-1"},"canonical":"https:\/\/emf-consult.com\/nettbutikk\/produkt\/baldakin-silver-cotton-enkeltseng\/","og_locale":"nb_NO","og_type":"article","og_title":"Baldakin SILVER-COTTON - Enkeltseng - EMF Consult","og_description":"Farge: Gr\u00e5 beige  Demping: 42 dB ved 1 GHz  Materialer: 82% bomull, 14% nylon, 4%s\u00f8lv  Overflatemotstand: 6\u2126 per 2,54cm  Vaskes forsiktig p\u00e5\u00a030\u00b0C,\u00a0Kan strykes p\u00e5 1, m\u00e5 ikke t\u00f8rkes\u00a0i t\u00f8rketrommel,\u00a0T\u00f8rkes p\u00e5 lav temperature, M\u00e5 ikke blekes.  For allergikere: Nye stoffer kan lukte noe, vi anbefaler derfor at du vasker stoffet f\u00f8r bruk!","og_url":"https:\/\/emf-consult.com\/nettbutikk\/produkt\/baldakin-silver-cotton-enkeltseng\/","og_site_name":"EMF Consult","article_publisher":"https:\/\/www.facebook.com\/emfconsult","article_modified_time":"2026-01-30T08:43:45+00:00","og_image":[{"width":1140,"height":1140,"url":"https:\/\/emf-consult.com\/nettbutikk\/wp-content\/uploads\/2024\/06\/YSHIELD-BCE1.webp","type":"image\/webp"}],"twitter_card":"summary_large_image","twitter_misc":{"Ansl. lesetid":"2 minutter"},"schema":{"@context":"https:\/\/schema.org","@graph":[{"@type":"WebPage","@id":"https:\/\/emf-consult.com\/nettbutikk\/produkt\/baldakin-silver-cotton-enkeltseng\/","url":"https:\/\/emf-consult.com\/nettbutikk\/produkt\/baldakin-silver-cotton-enkeltseng\/","name":"Baldakin SILVER-COTTON - Enkeltseng - EMF Consult","isPartOf":{"@id":"https:\/\/emf-consult.com\/nettbutikk\/#website"},"primaryImageOfPage":{"@id":"https:\/\/emf-consult.com\/nettbutikk\/produkt\/baldakin-silver-cotton-enkeltseng\/#primaryimage"},"image":{"@id":"https:\/\/emf-consult.com\/nettbutikk\/produkt\/baldakin-silver-cotton-enkeltseng\/#primaryimage"},"thumbnailUrl":"https:\/\/emf-consult.com\/nettbutikk\/wp-content\/uploads\/2024\/06\/YSHIELD-BCE1.webp","datePublished":"2024-06-12T12:11:33+00:00","dateModified":"2026-01-30T08:43:45+00:00","breadcrumb":{"@id":"https:\/\/emf-consult.com\/nettbutikk\/produkt\/baldakin-silver-cotton-enkeltseng\/#breadcrumb"},"inLanguage":"nb-NO","potentialAction":[{"@type":"ReadAction","target":["https:\/\/emf-consult.com\/nettbutikk\/produkt\/baldakin-silver-cotton-enkeltseng\/"]}]},{"@type":"ImageObject","inLanguage":"nb-NO","@id":"https:\/\/emf-consult.com\/nettbutikk\/produkt\/baldakin-silver-cotton-enkeltseng\/#primaryimage","url":"https:\/\/emf-consult.com\/nettbutikk\/wp-content\/uploads\/2024\/06\/YSHIELD-BCE1.webp","contentUrl":"https:\/\/emf-consult.com\/nettbutikk\/wp-content\/uploads\/2024\/06\/YSHIELD-BCE1.webp","width":1140,"height":1140},{"@type":"BreadcrumbList","@id":"https:\/\/emf-consult.com\/nettbutikk\/produkt\/baldakin-silver-cotton-enkeltseng\/#breadcrumb","itemListElement":[{"@type":"ListItem","position":1,"name":"Hjem","item":"https:\/\/emf-consult.com\/nettbutikk\/"},{"@type":"ListItem","position":2,"name":"Butikk","item":"https:\/\/emf-consult.com\/nettbutikk\/butikk\/"},{"@type":"ListItem","position":3,"name":"Baldakin SILVER-COTTON &#8211; Enkeltseng"}]},{"@type":"WebSite","@id":"https:\/\/emf-consult.com\/nettbutikk\/#website","url":"https:\/\/emf-consult.com\/nettbutikk\/","name":"EMF Consult","description":"Nettbutikk - Beskyttelse mot str\u00e5ling","publisher":{"@id":"https:\/\/emf-consult.com\/nettbutikk\/#organization"},"potentialAction":[{"@type":"SearchAction","target":{"@type":"EntryPoint","urlTemplate":"https:\/\/emf-consult.com\/nettbutikk\/?s={search_term_string}"},"query-input":{"@type":"PropertyValueSpecification","valueRequired":true,"valueName":"search_term_string"}}],"inLanguage":"nb-NO"},{"@type":"Organization","@id":"https:\/\/emf-consult.com\/nettbutikk\/#organization","name":"EMF Consult AS","url":"https:\/\/emf-consult.com\/nettbutikk\/","logo":{"@type":"ImageObject","inLanguage":"nb-NO","@id":"https:\/\/emf-consult.com\/nettbutikk\/#\/schema\/logo\/image\/","url":"https:\/\/emf-consult.com\/nettbutikk\/wp-content\/uploads\/2022\/07\/cropped-Favikon-rod-e1658786300694.png","contentUrl":"https:\/\/emf-consult.com\/nettbutikk\/wp-content\/uploads\/2022\/07\/cropped-Favikon-rod-e1658786300694.png","width":150,"height":150,"caption":"EMF Consult AS"},"image":{"@id":"https:\/\/emf-consult.com\/nettbutikk\/#\/schema\/logo\/image\/"},"sameAs":["https:\/\/www.facebook.com\/emfconsult","https:\/\/www.linkedin.com\/company\/emf-consult\/"]}]}},"_links":{"self":[{"href":"https:\/\/emf-consult.com\/nettbutikk\/wp-json\/wp\/v2\/product\/17041","targetHints":{"allow":["GET"]}}],"collection":[{"href":"https:\/\/emf-consult.com\/nettbutikk\/wp-json\/wp\/v2\/product"}],"about":[{"href":"https:\/\/emf-consult.com\/nettbutikk\/wp-json\/wp\/v2\/types\/product"}],"replies":[{"embeddable":true,"href":"https:\/\/emf-consult.com\/nettbutikk\/wp-json\/wp\/v2\/comments?post=17041"}],"wp:featuredmedia":[{"embeddable":true,"href":"https:\/\/emf-consult.com\/nettbutikk\/wp-json\/wp\/v2\/media\/17043"}],"wp:attachment":[{"href":"https:\/\/emf-consult.com\/nettbutikk\/wp-json\/wp\/v2\/media?parent=17041"}],"wp:term":[{"taxonomy":"product_brand","embeddable":true,"href":"https:\/\/emf-consult.com\/nettbutikk\/wp-json\/wp\/v2\/product_brand?post=17041"},{"taxonomy":"product_cat","embeddable":true,"href":"https:\/\/emf-consult.com\/nettbutikk\/wp-json\/wp\/v2\/product_cat?post=17041"},{"taxonomy":"product_tag","embeddable":true,"href":"https:\/\/emf-consult.com\/nettbutikk\/wp-json\/wp\/v2\/product_tag?post=17041"}],"curies":[{"name":"wp","href":"https:\/\/api.w.org\/{rel}","templated":true}]}}