{"id":16785,"date":"2024-03-04T11:27:00","date_gmt":"2024-03-04T10:27:00","guid":{"rendered":"https:\/\/emf-consult.com\/nettbutikk\/?post_type=product&#038;p=16785"},"modified":"2026-02-25T10:27:25","modified_gmt":"2026-02-25T09:27:25","slug":"skjermende-langermet-skjorte-gra","status":"publish","type":"product","link":"https:\/\/emf-consult.com\/nettbutikk\/produkt\/skjermende-langermet-skjorte-gra\/","title":{"rendered":"Skjermende langermet skjorte (Gr\u00e5)"},"content":{"rendered":"<p><span id=\"result_box\" lang=\"no\">Langermet\u00a0skjorte\u00a0for beskyttelse mot elektromagnetisk str\u00e5ling. Fantastisk luksuri\u00f8s, myk og behagelig \u00e5 ha p\u00e5 seg. Smart design gj\u00f8r den ideell for kontor, dag, kveld og reise.<\/span><\/p>\n<p><span id=\"result_box\" lang=\"no\">Lett og kr\u00f8llbestandig med ekstreme beskyttelse. S\u00f8lvtr\u00e5dene gj\u00f8r stoffet anti-bakterielt.<\/span><\/p>\n<p><span id=\"result_box\" lang=\"no\"><span title=\"Beechwood is the 'Mother of the forest' \">Laget av s\u00f8lvfibre og polyester<\/span><\/span><\/p>\n<p><span id=\"result_box\" lang=\"no\">Kan maskinvaskes.<\/span><\/p>\n","protected":false},"excerpt":{"rendered":"<p>Materialer:<br \/>\n60% s\u00f8lv fibre, 40%\u00a0\u00a0polyester<br \/>\nDemper 60 dB\/99.9999%+ @ 1 GHz<\/p>\n<p>Farge:<br \/>\nGr\u00e5<\/p>\n<p>St\u00f8rrelser:<br \/>\nM, L og XL<\/p>\n<p>Renhold:<br \/>\nM\u00e5 ikke\u00a0t\u00f8rrenses. Maskinvask kun ved 30\u00b0C. Bruk bare <a href=\"\/nettbutikk\/produkt\/texcare-vaskepulver-1kg\/\">godkjent vaskepulver<\/a>. (Andre vaskemidler kan ha en alvorlig effekt p\u00e5 skjermniv\u00e5et). Ikke h\u00e5ndvask. Ikke t\u00f8rk i t\u00f8rketrommel. Drypp t\u00f8rr. Stryke p\u00e5 LAV varme. M\u00e5 ikke blekes.igjengelige<\/p>\n","protected":false},"featured_media":16789,"comment_status":"open","ping_status":"closed","template":"","meta":[],"product_brand":[],"product_cat":[50],"product_tag":[],"class_list":{"0":"post-16785","1":"product","2":"type-product","3":"status-publish","4":"has-post-thumbnail","6":"product_cat-bekledning-klaer","7":"pa_storrelse-extra-stor-xl","8":"pa_storrelse-liten-s","9":"pa_storrelse-medium-m","10":"pa_storrelse-stor-l","12":"first","13":"instock","14":"taxable","15":"shipping-taxable","16":"purchasable","17":"product-type-variable"},"yoast_head":"<!-- This site is optimized with the Yoast SEO plugin v27.3 - https:\/\/yoast.com\/product\/yoast-seo-wordpress\/ -->\n<title>Skjermende langermet skjorte (Gr\u00e5) - EMF Consult<\/title>\n<meta name=\"robots\" content=\"index, follow, max-snippet:-1, max-image-preview:large, max-video-preview:-1\" \/>\n<link rel=\"canonical\" href=\"https:\/\/emf-consult.com\/nettbutikk\/produkt\/skjermende-langermet-skjorte-gra\/\" \/>\n<meta property=\"og:locale\" content=\"nb_NO\" \/>\n<meta property=\"og:type\" content=\"article\" \/>\n<meta property=\"og:title\" content=\"Skjermende langermet skjorte (Gr\u00e5) - EMF Consult\" \/>\n<meta property=\"og:description\" content=\"Materialer: 60% s\u00f8lv fibre, 40%\u00a0\u00a0polyester Demper 60 dB\/99.9999%+ @ 1 GHz  Farge: Gr\u00e5  St\u00f8rrelser: M, L og XL  Renhold: M\u00e5 ikke\u00a0t\u00f8rrenses. Maskinvask kun ved 30\u00b0C. Bruk bare godkjent vaskepulver. (Andre vaskemidler kan ha en alvorlig effekt p\u00e5 skjermniv\u00e5et). Ikke h\u00e5ndvask. Ikke t\u00f8rk i t\u00f8rketrommel. Drypp t\u00f8rr. Stryke p\u00e5 LAV varme. M\u00e5 ikke blekes.igjengelige\" \/>\n<meta property=\"og:url\" content=\"https:\/\/emf-consult.com\/nettbutikk\/produkt\/skjermende-langermet-skjorte-gra\/\" \/>\n<meta property=\"og:site_name\" content=\"EMF Consult\" \/>\n<meta property=\"article:publisher\" content=\"https:\/\/www.facebook.com\/emfconsult\" \/>\n<meta property=\"article:modified_time\" content=\"2026-02-25T09:27:25+00:00\" \/>\n<meta property=\"og:image\" content=\"https:\/\/emf-consult.com\/nettbutikk\/wp-content\/uploads\/2024\/03\/emf-protective-silver-shirt-mens-leblok.jpg\" \/>\n\t<meta property=\"og:image:width\" content=\"1279\" \/>\n\t<meta property=\"og:image:height\" content=\"1500\" \/>\n\t<meta property=\"og:image:type\" content=\"image\/jpeg\" \/>\n<meta name=\"twitter:card\" content=\"summary_large_image\" \/>\n<meta name=\"twitter:label1\" content=\"Ansl. lesetid\" \/>\n\t<meta name=\"twitter:data1\" content=\"1 minutt\" \/>\n<script type=\"application\/ld+json\" class=\"yoast-schema-graph\">{\"@context\":\"https:\\\/\\\/schema.org\",\"@graph\":[{\"@type\":\"WebPage\",\"@id\":\"https:\\\/\\\/emf-consult.com\\\/nettbutikk\\\/produkt\\\/skjermende-langermet-skjorte-gra\\\/\",\"url\":\"https:\\\/\\\/emf-consult.com\\\/nettbutikk\\\/produkt\\\/skjermende-langermet-skjorte-gra\\\/\",\"name\":\"Skjermende langermet skjorte (Gr\u00e5) - EMF Consult\",\"isPartOf\":{\"@id\":\"https:\\\/\\\/emf-consult.com\\\/nettbutikk\\\/#website\"},\"primaryImageOfPage\":{\"@id\":\"https:\\\/\\\/emf-consult.com\\\/nettbutikk\\\/produkt\\\/skjermende-langermet-skjorte-gra\\\/#primaryimage\"},\"image\":{\"@id\":\"https:\\\/\\\/emf-consult.com\\\/nettbutikk\\\/produkt\\\/skjermende-langermet-skjorte-gra\\\/#primaryimage\"},\"thumbnailUrl\":\"https:\\\/\\\/emf-consult.com\\\/nettbutikk\\\/wp-content\\\/uploads\\\/2024\\\/03\\\/emf-protective-silver-shirt-mens-leblok.jpg\",\"datePublished\":\"2024-03-04T10:27:00+00:00\",\"dateModified\":\"2026-02-25T09:27:25+00:00\",\"breadcrumb\":{\"@id\":\"https:\\\/\\\/emf-consult.com\\\/nettbutikk\\\/produkt\\\/skjermende-langermet-skjorte-gra\\\/#breadcrumb\"},\"inLanguage\":\"nb-NO\",\"potentialAction\":[{\"@type\":\"ReadAction\",\"target\":[\"https:\\\/\\\/emf-consult.com\\\/nettbutikk\\\/produkt\\\/skjermende-langermet-skjorte-gra\\\/\"]}]},{\"@type\":\"ImageObject\",\"inLanguage\":\"nb-NO\",\"@id\":\"https:\\\/\\\/emf-consult.com\\\/nettbutikk\\\/produkt\\\/skjermende-langermet-skjorte-gra\\\/#primaryimage\",\"url\":\"https:\\\/\\\/emf-consult.com\\\/nettbutikk\\\/wp-content\\\/uploads\\\/2024\\\/03\\\/emf-protective-silver-shirt-mens-leblok.jpg\",\"contentUrl\":\"https:\\\/\\\/emf-consult.com\\\/nettbutikk\\\/wp-content\\\/uploads\\\/2024\\\/03\\\/emf-protective-silver-shirt-mens-leblok.jpg\",\"width\":1279,\"height\":1500},{\"@type\":\"BreadcrumbList\",\"@id\":\"https:\\\/\\\/emf-consult.com\\\/nettbutikk\\\/produkt\\\/skjermende-langermet-skjorte-gra\\\/#breadcrumb\",\"itemListElement\":[{\"@type\":\"ListItem\",\"position\":1,\"name\":\"Hjem\",\"item\":\"https:\\\/\\\/emf-consult.com\\\/nettbutikk\\\/\"},{\"@type\":\"ListItem\",\"position\":2,\"name\":\"Butikk\",\"item\":\"https:\\\/\\\/emf-consult.com\\\/nettbutikk\\\/butikk\\\/\"},{\"@type\":\"ListItem\",\"position\":3,\"name\":\"Skjermende langermet skjorte (Gr\u00e5)\"}]},{\"@type\":\"WebSite\",\"@id\":\"https:\\\/\\\/emf-consult.com\\\/nettbutikk\\\/#website\",\"url\":\"https:\\\/\\\/emf-consult.com\\\/nettbutikk\\\/\",\"name\":\"EMF Consult\",\"description\":\"Nettbutikk - Beskyttelse mot str\u00e5ling\",\"publisher\":{\"@id\":\"https:\\\/\\\/emf-consult.com\\\/nettbutikk\\\/#organization\"},\"potentialAction\":[{\"@type\":\"SearchAction\",\"target\":{\"@type\":\"EntryPoint\",\"urlTemplate\":\"https:\\\/\\\/emf-consult.com\\\/nettbutikk\\\/?s={search_term_string}\"},\"query-input\":{\"@type\":\"PropertyValueSpecification\",\"valueRequired\":true,\"valueName\":\"search_term_string\"}}],\"inLanguage\":\"nb-NO\"},{\"@type\":\"Organization\",\"@id\":\"https:\\\/\\\/emf-consult.com\\\/nettbutikk\\\/#organization\",\"name\":\"EMF Consult AS\",\"url\":\"https:\\\/\\\/emf-consult.com\\\/nettbutikk\\\/\",\"logo\":{\"@type\":\"ImageObject\",\"inLanguage\":\"nb-NO\",\"@id\":\"https:\\\/\\\/emf-consult.com\\\/nettbutikk\\\/#\\\/schema\\\/logo\\\/image\\\/\",\"url\":\"https:\\\/\\\/emf-consult.com\\\/nettbutikk\\\/wp-content\\\/uploads\\\/2022\\\/07\\\/cropped-Favikon-rod-e1658786300694.png\",\"contentUrl\":\"https:\\\/\\\/emf-consult.com\\\/nettbutikk\\\/wp-content\\\/uploads\\\/2022\\\/07\\\/cropped-Favikon-rod-e1658786300694.png\",\"width\":150,\"height\":150,\"caption\":\"EMF Consult AS\"},\"image\":{\"@id\":\"https:\\\/\\\/emf-consult.com\\\/nettbutikk\\\/#\\\/schema\\\/logo\\\/image\\\/\"},\"sameAs\":[\"https:\\\/\\\/www.facebook.com\\\/emfconsult\",\"https:\\\/\\\/www.linkedin.com\\\/company\\\/emf-consult\\\/\"]}]}<\/script>\n<!-- \/ Yoast SEO plugin. -->","yoast_head_json":{"title":"Skjermende langermet skjorte (Gr\u00e5) - EMF Consult","robots":{"index":"index","follow":"follow","max-snippet":"max-snippet:-1","max-image-preview":"max-image-preview:large","max-video-preview":"max-video-preview:-1"},"canonical":"https:\/\/emf-consult.com\/nettbutikk\/produkt\/skjermende-langermet-skjorte-gra\/","og_locale":"nb_NO","og_type":"article","og_title":"Skjermende langermet skjorte (Gr\u00e5) - EMF Consult","og_description":"Materialer: 60% s\u00f8lv fibre, 40%\u00a0\u00a0polyester Demper 60 dB\/99.9999%+ @ 1 GHz  Farge: Gr\u00e5  St\u00f8rrelser: M, L og XL  Renhold: M\u00e5 ikke\u00a0t\u00f8rrenses. Maskinvask kun ved 30\u00b0C. Bruk bare godkjent vaskepulver. (Andre vaskemidler kan ha en alvorlig effekt p\u00e5 skjermniv\u00e5et). Ikke h\u00e5ndvask. Ikke t\u00f8rk i t\u00f8rketrommel. Drypp t\u00f8rr. Stryke p\u00e5 LAV varme. M\u00e5 ikke blekes.igjengelige","og_url":"https:\/\/emf-consult.com\/nettbutikk\/produkt\/skjermende-langermet-skjorte-gra\/","og_site_name":"EMF Consult","article_publisher":"https:\/\/www.facebook.com\/emfconsult","article_modified_time":"2026-02-25T09:27:25+00:00","og_image":[{"width":1279,"height":1500,"url":"https:\/\/emf-consult.com\/nettbutikk\/wp-content\/uploads\/2024\/03\/emf-protective-silver-shirt-mens-leblok.jpg","type":"image\/jpeg"}],"twitter_card":"summary_large_image","twitter_misc":{"Ansl. lesetid":"1 minutt"},"schema":{"@context":"https:\/\/schema.org","@graph":[{"@type":"WebPage","@id":"https:\/\/emf-consult.com\/nettbutikk\/produkt\/skjermende-langermet-skjorte-gra\/","url":"https:\/\/emf-consult.com\/nettbutikk\/produkt\/skjermende-langermet-skjorte-gra\/","name":"Skjermende langermet skjorte (Gr\u00e5) - EMF Consult","isPartOf":{"@id":"https:\/\/emf-consult.com\/nettbutikk\/#website"},"primaryImageOfPage":{"@id":"https:\/\/emf-consult.com\/nettbutikk\/produkt\/skjermende-langermet-skjorte-gra\/#primaryimage"},"image":{"@id":"https:\/\/emf-consult.com\/nettbutikk\/produkt\/skjermende-langermet-skjorte-gra\/#primaryimage"},"thumbnailUrl":"https:\/\/emf-consult.com\/nettbutikk\/wp-content\/uploads\/2024\/03\/emf-protective-silver-shirt-mens-leblok.jpg","datePublished":"2024-03-04T10:27:00+00:00","dateModified":"2026-02-25T09:27:25+00:00","breadcrumb":{"@id":"https:\/\/emf-consult.com\/nettbutikk\/produkt\/skjermende-langermet-skjorte-gra\/#breadcrumb"},"inLanguage":"nb-NO","potentialAction":[{"@type":"ReadAction","target":["https:\/\/emf-consult.com\/nettbutikk\/produkt\/skjermende-langermet-skjorte-gra\/"]}]},{"@type":"ImageObject","inLanguage":"nb-NO","@id":"https:\/\/emf-consult.com\/nettbutikk\/produkt\/skjermende-langermet-skjorte-gra\/#primaryimage","url":"https:\/\/emf-consult.com\/nettbutikk\/wp-content\/uploads\/2024\/03\/emf-protective-silver-shirt-mens-leblok.jpg","contentUrl":"https:\/\/emf-consult.com\/nettbutikk\/wp-content\/uploads\/2024\/03\/emf-protective-silver-shirt-mens-leblok.jpg","width":1279,"height":1500},{"@type":"BreadcrumbList","@id":"https:\/\/emf-consult.com\/nettbutikk\/produkt\/skjermende-langermet-skjorte-gra\/#breadcrumb","itemListElement":[{"@type":"ListItem","position":1,"name":"Hjem","item":"https:\/\/emf-consult.com\/nettbutikk\/"},{"@type":"ListItem","position":2,"name":"Butikk","item":"https:\/\/emf-consult.com\/nettbutikk\/butikk\/"},{"@type":"ListItem","position":3,"name":"Skjermende langermet skjorte (Gr\u00e5)"}]},{"@type":"WebSite","@id":"https:\/\/emf-consult.com\/nettbutikk\/#website","url":"https:\/\/emf-consult.com\/nettbutikk\/","name":"EMF Consult","description":"Nettbutikk - Beskyttelse mot str\u00e5ling","publisher":{"@id":"https:\/\/emf-consult.com\/nettbutikk\/#organization"},"potentialAction":[{"@type":"SearchAction","target":{"@type":"EntryPoint","urlTemplate":"https:\/\/emf-consult.com\/nettbutikk\/?s={search_term_string}"},"query-input":{"@type":"PropertyValueSpecification","valueRequired":true,"valueName":"search_term_string"}}],"inLanguage":"nb-NO"},{"@type":"Organization","@id":"https:\/\/emf-consult.com\/nettbutikk\/#organization","name":"EMF Consult AS","url":"https:\/\/emf-consult.com\/nettbutikk\/","logo":{"@type":"ImageObject","inLanguage":"nb-NO","@id":"https:\/\/emf-consult.com\/nettbutikk\/#\/schema\/logo\/image\/","url":"https:\/\/emf-consult.com\/nettbutikk\/wp-content\/uploads\/2022\/07\/cropped-Favikon-rod-e1658786300694.png","contentUrl":"https:\/\/emf-consult.com\/nettbutikk\/wp-content\/uploads\/2022\/07\/cropped-Favikon-rod-e1658786300694.png","width":150,"height":150,"caption":"EMF Consult AS"},"image":{"@id":"https:\/\/emf-consult.com\/nettbutikk\/#\/schema\/logo\/image\/"},"sameAs":["https:\/\/www.facebook.com\/emfconsult","https:\/\/www.linkedin.com\/company\/emf-consult\/"]}]}},"_links":{"self":[{"href":"https:\/\/emf-consult.com\/nettbutikk\/wp-json\/wp\/v2\/product\/16785","targetHints":{"allow":["GET"]}}],"collection":[{"href":"https:\/\/emf-consult.com\/nettbutikk\/wp-json\/wp\/v2\/product"}],"about":[{"href":"https:\/\/emf-consult.com\/nettbutikk\/wp-json\/wp\/v2\/types\/product"}],"replies":[{"embeddable":true,"href":"https:\/\/emf-consult.com\/nettbutikk\/wp-json\/wp\/v2\/comments?post=16785"}],"wp:featuredmedia":[{"embeddable":true,"href":"https:\/\/emf-consult.com\/nettbutikk\/wp-json\/wp\/v2\/media\/16789"}],"wp:attachment":[{"href":"https:\/\/emf-consult.com\/nettbutikk\/wp-json\/wp\/v2\/media?parent=16785"}],"wp:term":[{"taxonomy":"product_brand","embeddable":true,"href":"https:\/\/emf-consult.com\/nettbutikk\/wp-json\/wp\/v2\/product_brand?post=16785"},{"taxonomy":"product_cat","embeddable":true,"href":"https:\/\/emf-consult.com\/nettbutikk\/wp-json\/wp\/v2\/product_cat?post=16785"},{"taxonomy":"product_tag","embeddable":true,"href":"https:\/\/emf-consult.com\/nettbutikk\/wp-json\/wp\/v2\/product_tag?post=16785"}],"curies":[{"name":"wp","href":"https:\/\/api.w.org\/{rel}","templated":true}]}}