{"id":16628,"date":"2024-02-02T17:24:27","date_gmt":"2024-02-02T16:24:27","guid":{"rendered":"https:\/\/emf-consult.com\/nettbutikk\/?post_type=product&#038;p=16628"},"modified":"2025-03-10T09:52:14","modified_gmt":"2025-03-10T08:52:14","slug":"emf-skjermende-tapet-eco-p80-bredde-90cm-rull-100m","status":"publish","type":"product","link":"https:\/\/emf-consult.com\/nettbutikk\/produkt\/emf-skjermende-tapet-eco-p80-bredde-90cm-rull-100m\/","title":{"rendered":"EMF Skjermende tapet ECO-P80, bredde 90cm, rull 100m"},"content":{"rendered":"<p><span style=\"color: #ff0000;\"><strong>Dette produktet er utg\u00e5tt. Erstattet av <a style=\"color: #ff0000;\" href=\"https:\/\/emf-consult.com\/nettbutikk\/produkt\/emf-skjermende-tapet-k150-bredde-70cm-rull-50m\/\">K150<\/a><\/strong><\/span><\/p>\n<p>ECO-P80 er en ensidig metallisert cellulose-\/polyesterfleece for skjerming av h\u00f8yfrekvent str\u00e5ling (HF) og lavfrekvente elektriske felt (LF). V\u00e5rt standardprodukt for vegger, tak og gulv. Bredde 90cm (HF dempning 80dB ved 1 GHz). Selges i rull \u00e1 100m.<\/p>\n<p>Tapetet har ca. 57dB demping ved 40GHz og vil fungere utmerket som dempematerial i millimeterb\u00f8lgeomr\u00e5det (5G).<\/p>\n<p><span lang=\"NO-BOK\">Typiske anvendelsesomr\u00e5der er bruk p\u00e5 vegg, under plater eller panel. Brukes i datasenter, laboratorier, TEMPEST rom. Ideell for RFID-skjerming av butikklager\/lokaler. Kombineres gjerne med <a href=\"https:\/\/emf-consult.com\/nettbutikk\/produktkategori\/skjermingsmateriell\/maling\/\">skjermende maling<\/a> i tak og gulv. <\/span>Tapetet er overmalbart.<\/p>\n<p><strong><span lang=\"NO-BOK\">Brukertips<\/span><\/strong><br \/>\nOm ECO-P80 brukes under panel eller plater holder det med \u00e5 stifte denne p\u00e5 veggen med vanlig stiftemaskin. Overlapp med ca. 5 cm for \u00e5 sikre god kontakt ved jording.<\/p>\n<p>Brukt som tapet, med den metalliserte overflaten inn mot rommet. Rengj\u00f8r underlag og p\u00e5f\u00f8r <a href=\"https:\/\/emf-consult.com\/nettbutikk\/produkt\/primer-konsentrat-gk5-1-liter\/\">grunning GK5<\/a> p\u00e5 ubehandlede og absorberende flater. Rull ut tapetlim p\u00e5 veggen og heng opp ECO-P80 som et vanlig tapet. Start i et hj\u00f8rne hvor du f\u00e5r ca. 5cm p\u00e5 den ene veggen og resten p\u00e5 den andre veggen. Dette er for \u00e5 sikre at det er &#8220;tett&#8221; i hj\u00f8rnene. Overlapp de enkelte elementene med ca. 2-3cm for \u00e5 sikre god kontakt mellom de ledende flatene. N\u00e5r tapet remsen med overlapp er hengt opp, legg p\u00e5 lim under overlappen og stryk ut s\u00e5 det blir helt tett. Overlappingen kan glattes ut med en fin sparkelmasse, og deretter slipes.- For detaljer se p\u00e5 bildene.<\/p>\n<p>ECO-P80 kan ogs\u00e5 brukes med den hvite siden av tapet inn mot\u00a0 rommet, men da m\u00e5 jordingstape GSX monteres p\u00e5 vegg F\u00d8R tapet og tapet m\u00e5 limes med elektrisk ledende lim.<\/p>\n<p>Man kan ogs\u00e5 montere ECO-P80 uten overlapp, men da vil en miste noe av skjermings effekten.<\/p>\n<p>Ved overmaling av tapet bruk en heftgrunn f\u00f8rst.<\/p>\n<p><span lang=\"NO-BOK\">Jording:\u00a0 Tapetet er elektrisk ledende. Om du \u00f8nsker \u00e5 redusere de elektriske feltene i rommet (LF) kan du legge en remse med <a href=\"https:\/\/emf-consult.com\/nettbutikk\/?s=gsx&amp;post_type=product\" target=\"_blank\" rel=\"noopener\">jordingstape (GSX)<\/a> utenp\u00e5 tapeten etter at denne er t\u00f8rr. Monter gjerne tapen nederst p\u00e5 veggen, for at den skal bli minst mulig synlig og n\u00e6r en jordet stikkontakt. En <a href=\"https:\/\/emf-consult.com\/nettbutikk\/?s=jordingsplate+3&amp;post_type=product\">jordingsplate GF3\/GS3<\/a>\u00a0skrus deretter over tapen og denne kobles til jord. NB: Om tapetet skal males over m\u00e5 jordingen kobles til f\u00f8rst for \u00e5 sikre god kontakt mellom tapet og jordingsplate.\u00a0<\/span><\/p>\n<p>&nbsp;<\/p>\n","protected":false},"excerpt":{"rendered":"<p><span title=\"Technical data \"><strong>Tekniske data<\/strong><br \/>\n<\/span><\/p>\n<p><span lang=\"NO-BOK\">\u2022 Bredde: 90 cm<\/span><br \/>\n<span lang=\"NO-BOK\">\u2022 Lengde: 100 m rull<\/span><br \/>\n<span lang=\"NO-BOK\">\u2022 Demping: 80 dB ved 1GHz<\/span><br \/>\n<span lang=\"NO-BOK\">\u2022 Materialtykkelse: 0,26 mm<\/span><br \/>\n<span lang=\"NO-BOK\">\u2022 Strekkstyrke: Veldig bra i begge retninger 4400-6800NM<\/span><br \/>\n<span lang=\"NO-BOK\">\u2022 Materialer: Sink, cellulose og polyester fiber<\/span><br \/>\n<span lang=\"NO-BOK\">\u2022 Overflatemotstand: 0,02 ohm<\/span><br \/>\n<span lang=\"NO-BOK\">\u2022 Vekt: 260 g\/m2<\/span><br \/>\n<span lang=\"NO-BOK\"><span lang=\"NO-BOK\">\u2022 Farge: Hvit\/s\u00f8lv<\/span><\/span><\/p>\n<p>&nbsp;<\/p>\n","protected":false},"featured_media":16631,"comment_status":"open","ping_status":"closed","template":"","meta":[],"product_brand":[],"product_cat":[49],"product_tag":[],"class_list":{"0":"post-16628","1":"product","2":"type-product","3":"status-publish","4":"has-post-thumbnail","6":"product_cat-folier-netting-fleece","8":"first","9":"outofstock","10":"taxable","11":"shipping-taxable","12":"purchasable","13":"product-type-simple"},"yoast_head":"<!-- This site is optimized with the Yoast SEO plugin v27.3 - https:\/\/yoast.com\/product\/yoast-seo-wordpress\/ -->\n<title>EMF Skjermende tapet ECO-P80, bredde 90cm, rull 100m - EMF Consult<\/title>\n<meta name=\"robots\" content=\"index, follow, max-snippet:-1, max-image-preview:large, max-video-preview:-1\" \/>\n<link rel=\"canonical\" href=\"https:\/\/emf-consult.com\/nettbutikk\/produkt\/emf-skjermende-tapet-eco-p80-bredde-90cm-rull-100m\/\" \/>\n<meta property=\"og:locale\" content=\"nb_NO\" \/>\n<meta property=\"og:type\" content=\"article\" \/>\n<meta property=\"og:title\" content=\"EMF Skjermende tapet ECO-P80, bredde 90cm, rull 100m - EMF Consult\" \/>\n<meta property=\"og:description\" content=\"Tekniske data   \u2022 Bredde: 90 cm \u2022 Lengde: 100 m rull \u2022 Demping: 80 dB ved 1GHz \u2022 Materialtykkelse: 0,26 mm \u2022 Strekkstyrke: Veldig bra i begge retninger 4400-6800NM \u2022 Materialer: Sink, cellulose og polyester fiber \u2022 Overflatemotstand: 0,02 ohm \u2022 Vekt: 260 g\/m2 \u2022 Farge: Hvit\/s\u00f8lv  &nbsp;\" \/>\n<meta property=\"og:url\" content=\"https:\/\/emf-consult.com\/nettbutikk\/produkt\/emf-skjermende-tapet-eco-p80-bredde-90cm-rull-100m\/\" \/>\n<meta property=\"og:site_name\" content=\"EMF Consult\" \/>\n<meta property=\"article:publisher\" content=\"https:\/\/www.facebook.com\/emfconsult\" \/>\n<meta property=\"article:modified_time\" content=\"2025-03-10T08:52:14+00:00\" \/>\n<meta property=\"og:image\" content=\"https:\/\/emf-consult.com\/nettbutikk\/wp-content\/uploads\/2024\/02\/YSHIELD-ECO-P80-W.webp\" \/>\n\t<meta property=\"og:image:width\" content=\"2000\" \/>\n\t<meta property=\"og:image:height\" content=\"1998\" \/>\n\t<meta property=\"og:image:type\" content=\"image\/webp\" \/>\n<meta name=\"twitter:card\" content=\"summary_large_image\" \/>\n<meta name=\"twitter:label1\" content=\"Ansl. lesetid\" \/>\n\t<meta name=\"twitter:data1\" content=\"3 minutter\" \/>\n<script type=\"application\/ld+json\" class=\"yoast-schema-graph\">{\"@context\":\"https:\\\/\\\/schema.org\",\"@graph\":[{\"@type\":\"WebPage\",\"@id\":\"https:\\\/\\\/emf-consult.com\\\/nettbutikk\\\/produkt\\\/emf-skjermende-tapet-eco-p80-bredde-90cm-rull-100m\\\/\",\"url\":\"https:\\\/\\\/emf-consult.com\\\/nettbutikk\\\/produkt\\\/emf-skjermende-tapet-eco-p80-bredde-90cm-rull-100m\\\/\",\"name\":\"EMF Skjermende tapet ECO-P80, bredde 90cm, rull 100m - EMF Consult\",\"isPartOf\":{\"@id\":\"https:\\\/\\\/emf-consult.com\\\/nettbutikk\\\/#website\"},\"primaryImageOfPage\":{\"@id\":\"https:\\\/\\\/emf-consult.com\\\/nettbutikk\\\/produkt\\\/emf-skjermende-tapet-eco-p80-bredde-90cm-rull-100m\\\/#primaryimage\"},\"image\":{\"@id\":\"https:\\\/\\\/emf-consult.com\\\/nettbutikk\\\/produkt\\\/emf-skjermende-tapet-eco-p80-bredde-90cm-rull-100m\\\/#primaryimage\"},\"thumbnailUrl\":\"https:\\\/\\\/emf-consult.com\\\/nettbutikk\\\/wp-content\\\/uploads\\\/2024\\\/02\\\/YSHIELD-ECO-P80-W.webp\",\"datePublished\":\"2024-02-02T16:24:27+00:00\",\"dateModified\":\"2025-03-10T08:52:14+00:00\",\"breadcrumb\":{\"@id\":\"https:\\\/\\\/emf-consult.com\\\/nettbutikk\\\/produkt\\\/emf-skjermende-tapet-eco-p80-bredde-90cm-rull-100m\\\/#breadcrumb\"},\"inLanguage\":\"nb-NO\",\"potentialAction\":[{\"@type\":\"ReadAction\",\"target\":[\"https:\\\/\\\/emf-consult.com\\\/nettbutikk\\\/produkt\\\/emf-skjermende-tapet-eco-p80-bredde-90cm-rull-100m\\\/\"]}]},{\"@type\":\"ImageObject\",\"inLanguage\":\"nb-NO\",\"@id\":\"https:\\\/\\\/emf-consult.com\\\/nettbutikk\\\/produkt\\\/emf-skjermende-tapet-eco-p80-bredde-90cm-rull-100m\\\/#primaryimage\",\"url\":\"https:\\\/\\\/emf-consult.com\\\/nettbutikk\\\/wp-content\\\/uploads\\\/2024\\\/02\\\/YSHIELD-ECO-P80-W.webp\",\"contentUrl\":\"https:\\\/\\\/emf-consult.com\\\/nettbutikk\\\/wp-content\\\/uploads\\\/2024\\\/02\\\/YSHIELD-ECO-P80-W.webp\",\"width\":2000,\"height\":1998},{\"@type\":\"BreadcrumbList\",\"@id\":\"https:\\\/\\\/emf-consult.com\\\/nettbutikk\\\/produkt\\\/emf-skjermende-tapet-eco-p80-bredde-90cm-rull-100m\\\/#breadcrumb\",\"itemListElement\":[{\"@type\":\"ListItem\",\"position\":1,\"name\":\"Hjem\",\"item\":\"https:\\\/\\\/emf-consult.com\\\/nettbutikk\\\/\"},{\"@type\":\"ListItem\",\"position\":2,\"name\":\"Butikk\",\"item\":\"https:\\\/\\\/emf-consult.com\\\/nettbutikk\\\/butikk\\\/\"},{\"@type\":\"ListItem\",\"position\":3,\"name\":\"EMF Skjermende tapet ECO-P80, bredde 90cm, rull 100m\"}]},{\"@type\":\"WebSite\",\"@id\":\"https:\\\/\\\/emf-consult.com\\\/nettbutikk\\\/#website\",\"url\":\"https:\\\/\\\/emf-consult.com\\\/nettbutikk\\\/\",\"name\":\"EMF Consult\",\"description\":\"Nettbutikk - Beskyttelse mot str\u00e5ling\",\"publisher\":{\"@id\":\"https:\\\/\\\/emf-consult.com\\\/nettbutikk\\\/#organization\"},\"potentialAction\":[{\"@type\":\"SearchAction\",\"target\":{\"@type\":\"EntryPoint\",\"urlTemplate\":\"https:\\\/\\\/emf-consult.com\\\/nettbutikk\\\/?s={search_term_string}\"},\"query-input\":{\"@type\":\"PropertyValueSpecification\",\"valueRequired\":true,\"valueName\":\"search_term_string\"}}],\"inLanguage\":\"nb-NO\"},{\"@type\":\"Organization\",\"@id\":\"https:\\\/\\\/emf-consult.com\\\/nettbutikk\\\/#organization\",\"name\":\"EMF Consult AS\",\"url\":\"https:\\\/\\\/emf-consult.com\\\/nettbutikk\\\/\",\"logo\":{\"@type\":\"ImageObject\",\"inLanguage\":\"nb-NO\",\"@id\":\"https:\\\/\\\/emf-consult.com\\\/nettbutikk\\\/#\\\/schema\\\/logo\\\/image\\\/\",\"url\":\"https:\\\/\\\/emf-consult.com\\\/nettbutikk\\\/wp-content\\\/uploads\\\/2022\\\/07\\\/cropped-Favikon-rod-e1658786300694.png\",\"contentUrl\":\"https:\\\/\\\/emf-consult.com\\\/nettbutikk\\\/wp-content\\\/uploads\\\/2022\\\/07\\\/cropped-Favikon-rod-e1658786300694.png\",\"width\":150,\"height\":150,\"caption\":\"EMF Consult AS\"},\"image\":{\"@id\":\"https:\\\/\\\/emf-consult.com\\\/nettbutikk\\\/#\\\/schema\\\/logo\\\/image\\\/\"},\"sameAs\":[\"https:\\\/\\\/www.facebook.com\\\/emfconsult\",\"https:\\\/\\\/www.linkedin.com\\\/company\\\/emf-consult\\\/\"]}]}<\/script>\n<!-- \/ Yoast SEO plugin. -->","yoast_head_json":{"title":"EMF Skjermende tapet ECO-P80, bredde 90cm, rull 100m - EMF Consult","robots":{"index":"index","follow":"follow","max-snippet":"max-snippet:-1","max-image-preview":"max-image-preview:large","max-video-preview":"max-video-preview:-1"},"canonical":"https:\/\/emf-consult.com\/nettbutikk\/produkt\/emf-skjermende-tapet-eco-p80-bredde-90cm-rull-100m\/","og_locale":"nb_NO","og_type":"article","og_title":"EMF Skjermende tapet ECO-P80, bredde 90cm, rull 100m - EMF Consult","og_description":"Tekniske data   \u2022 Bredde: 90 cm \u2022 Lengde: 100 m rull \u2022 Demping: 80 dB ved 1GHz \u2022 Materialtykkelse: 0,26 mm \u2022 Strekkstyrke: Veldig bra i begge retninger 4400-6800NM \u2022 Materialer: Sink, cellulose og polyester fiber \u2022 Overflatemotstand: 0,02 ohm \u2022 Vekt: 260 g\/m2 \u2022 Farge: Hvit\/s\u00f8lv  &nbsp;","og_url":"https:\/\/emf-consult.com\/nettbutikk\/produkt\/emf-skjermende-tapet-eco-p80-bredde-90cm-rull-100m\/","og_site_name":"EMF Consult","article_publisher":"https:\/\/www.facebook.com\/emfconsult","article_modified_time":"2025-03-10T08:52:14+00:00","og_image":[{"width":2000,"height":1998,"url":"https:\/\/emf-consult.com\/nettbutikk\/wp-content\/uploads\/2024\/02\/YSHIELD-ECO-P80-W.webp","type":"image\/webp"}],"twitter_card":"summary_large_image","twitter_misc":{"Ansl. lesetid":"3 minutter"},"schema":{"@context":"https:\/\/schema.org","@graph":[{"@type":"WebPage","@id":"https:\/\/emf-consult.com\/nettbutikk\/produkt\/emf-skjermende-tapet-eco-p80-bredde-90cm-rull-100m\/","url":"https:\/\/emf-consult.com\/nettbutikk\/produkt\/emf-skjermende-tapet-eco-p80-bredde-90cm-rull-100m\/","name":"EMF Skjermende tapet ECO-P80, bredde 90cm, rull 100m - EMF Consult","isPartOf":{"@id":"https:\/\/emf-consult.com\/nettbutikk\/#website"},"primaryImageOfPage":{"@id":"https:\/\/emf-consult.com\/nettbutikk\/produkt\/emf-skjermende-tapet-eco-p80-bredde-90cm-rull-100m\/#primaryimage"},"image":{"@id":"https:\/\/emf-consult.com\/nettbutikk\/produkt\/emf-skjermende-tapet-eco-p80-bredde-90cm-rull-100m\/#primaryimage"},"thumbnailUrl":"https:\/\/emf-consult.com\/nettbutikk\/wp-content\/uploads\/2024\/02\/YSHIELD-ECO-P80-W.webp","datePublished":"2024-02-02T16:24:27+00:00","dateModified":"2025-03-10T08:52:14+00:00","breadcrumb":{"@id":"https:\/\/emf-consult.com\/nettbutikk\/produkt\/emf-skjermende-tapet-eco-p80-bredde-90cm-rull-100m\/#breadcrumb"},"inLanguage":"nb-NO","potentialAction":[{"@type":"ReadAction","target":["https:\/\/emf-consult.com\/nettbutikk\/produkt\/emf-skjermende-tapet-eco-p80-bredde-90cm-rull-100m\/"]}]},{"@type":"ImageObject","inLanguage":"nb-NO","@id":"https:\/\/emf-consult.com\/nettbutikk\/produkt\/emf-skjermende-tapet-eco-p80-bredde-90cm-rull-100m\/#primaryimage","url":"https:\/\/emf-consult.com\/nettbutikk\/wp-content\/uploads\/2024\/02\/YSHIELD-ECO-P80-W.webp","contentUrl":"https:\/\/emf-consult.com\/nettbutikk\/wp-content\/uploads\/2024\/02\/YSHIELD-ECO-P80-W.webp","width":2000,"height":1998},{"@type":"BreadcrumbList","@id":"https:\/\/emf-consult.com\/nettbutikk\/produkt\/emf-skjermende-tapet-eco-p80-bredde-90cm-rull-100m\/#breadcrumb","itemListElement":[{"@type":"ListItem","position":1,"name":"Hjem","item":"https:\/\/emf-consult.com\/nettbutikk\/"},{"@type":"ListItem","position":2,"name":"Butikk","item":"https:\/\/emf-consult.com\/nettbutikk\/butikk\/"},{"@type":"ListItem","position":3,"name":"EMF Skjermende tapet ECO-P80, bredde 90cm, rull 100m"}]},{"@type":"WebSite","@id":"https:\/\/emf-consult.com\/nettbutikk\/#website","url":"https:\/\/emf-consult.com\/nettbutikk\/","name":"EMF Consult","description":"Nettbutikk - Beskyttelse mot str\u00e5ling","publisher":{"@id":"https:\/\/emf-consult.com\/nettbutikk\/#organization"},"potentialAction":[{"@type":"SearchAction","target":{"@type":"EntryPoint","urlTemplate":"https:\/\/emf-consult.com\/nettbutikk\/?s={search_term_string}"},"query-input":{"@type":"PropertyValueSpecification","valueRequired":true,"valueName":"search_term_string"}}],"inLanguage":"nb-NO"},{"@type":"Organization","@id":"https:\/\/emf-consult.com\/nettbutikk\/#organization","name":"EMF Consult AS","url":"https:\/\/emf-consult.com\/nettbutikk\/","logo":{"@type":"ImageObject","inLanguage":"nb-NO","@id":"https:\/\/emf-consult.com\/nettbutikk\/#\/schema\/logo\/image\/","url":"https:\/\/emf-consult.com\/nettbutikk\/wp-content\/uploads\/2022\/07\/cropped-Favikon-rod-e1658786300694.png","contentUrl":"https:\/\/emf-consult.com\/nettbutikk\/wp-content\/uploads\/2022\/07\/cropped-Favikon-rod-e1658786300694.png","width":150,"height":150,"caption":"EMF Consult AS"},"image":{"@id":"https:\/\/emf-consult.com\/nettbutikk\/#\/schema\/logo\/image\/"},"sameAs":["https:\/\/www.facebook.com\/emfconsult","https:\/\/www.linkedin.com\/company\/emf-consult\/"]}]}},"_links":{"self":[{"href":"https:\/\/emf-consult.com\/nettbutikk\/wp-json\/wp\/v2\/product\/16628","targetHints":{"allow":["GET"]}}],"collection":[{"href":"https:\/\/emf-consult.com\/nettbutikk\/wp-json\/wp\/v2\/product"}],"about":[{"href":"https:\/\/emf-consult.com\/nettbutikk\/wp-json\/wp\/v2\/types\/product"}],"replies":[{"embeddable":true,"href":"https:\/\/emf-consult.com\/nettbutikk\/wp-json\/wp\/v2\/comments?post=16628"}],"wp:featuredmedia":[{"embeddable":true,"href":"https:\/\/emf-consult.com\/nettbutikk\/wp-json\/wp\/v2\/media\/16631"}],"wp:attachment":[{"href":"https:\/\/emf-consult.com\/nettbutikk\/wp-json\/wp\/v2\/media?parent=16628"}],"wp:term":[{"taxonomy":"product_brand","embeddable":true,"href":"https:\/\/emf-consult.com\/nettbutikk\/wp-json\/wp\/v2\/product_brand?post=16628"},{"taxonomy":"product_cat","embeddable":true,"href":"https:\/\/emf-consult.com\/nettbutikk\/wp-json\/wp\/v2\/product_cat?post=16628"},{"taxonomy":"product_tag","embeddable":true,"href":"https:\/\/emf-consult.com\/nettbutikk\/wp-json\/wp\/v2\/product_tag?post=16628"}],"curies":[{"name":"wp","href":"https:\/\/api.w.org\/{rel}","templated":true}]}}