{"id":1653,"date":"2017-08-06T18:56:04","date_gmt":"2017-08-06T18:56:04","guid":{"rendered":"https:\/\/emfconsult.nyside.net\/nettbutikk\/produkt\/stetzerizer-microsurge-meter\/"},"modified":"2025-07-21T11:08:30","modified_gmt":"2025-07-21T09:08:30","slug":"stetzerizer-microsurge-meter","status":"publish","type":"product","link":"https:\/\/emf-consult.com\/nettbutikk\/produkt\/stetzerizer-microsurge-meter\/","title":{"rendered":"STETZERiZER Microsurge meter"},"content":{"rendered":"<p><strong>STETZERiZER Microsurge meter<\/strong> gj\u00f8r det mulig \u00e5 f\u00e5 en raskt og god vurdering av hvor mye elektrisk st\u00f8y, ofte kalt \u00abskittenstr\u00f8m\u00bb, det er p\u00e5 str\u00f8mnettet i boligen. M\u00e5lerne m\u00e5ler niv\u00e5et av skadelig elektromagnetisk \u00abenergi\u00bb til stede, og m\u00e5lerens prim\u00e6re bruk er \u00e5 veilede effektiv filterinstallasjon.<\/p>\n<p><strong>STETZERiZER Microsurge metret<\/strong> er robust og enkelt \u00e5 bruke av ikke-tekniske personer. M\u00e5lerne er designet for \u00e5 m\u00e5le harmoniske og andre h\u00f8yfrekvente \u00abenergier\u00bb i ledningsnettet, som er de frekvensene som er mest skadelige for menneskers helse. M\u00e5lerne ignorerer effekten av 50 Hz str\u00f8m og andre lavere, mindre skadelige frekvenser, og legger mer vekt p\u00e5 effekten fra h\u00f8yere frekvenser. M\u00e5leren m\u00e5ler gjennomsnittsst\u00f8rrelsen p\u00e5 spenningsendring som en funksjon av tid (dV\/dt), og dermed uthever transienter og andre h\u00f8yfrekvens-fenomener som endrer seg raskt med tiden. M\u00e5lingene av dV\/dt leses av p\u00e5 m\u00e5leren og er definert som GS (Graham-Stetzer) enheter, siden ingen standard termologi er tilgjengelig for \u00abskittenstr\u00f8m\u00bb. GS-enhetene er et m\u00e5l for \u00abskadelig energi\u00bb som en funksjon av frekvens. &#8211; En GS enhet tilsvarer 24Volt per sekund.<\/p>\n<p><strong><em>Merk:<\/em><\/strong><em> <strong>STETZERiZER Microsurge metret <\/strong>viser alts\u00e5 GS enheter som en effekt av st\u00f8y i forhold til frekvens og signalstyrke. Dette er en viktig egenskap som ingen av de andre skittenstr\u00f8mm\u00e5lerne p\u00e5 markedet har. Alle andre skittenstr\u00f8mm\u00e5lere viser kun signalstyrke i millivolt (mV) og tar dermed ikke hensyn til hvilke frekvensomr\u00e5der st\u00f8yen ligger i. St\u00f8y med h\u00f8yere frekvens har mer energi og kan potensielt v\u00e6re mer helseskadelig, <strong>STETZERiZER Microsurge metret<\/strong> beregner derfor GS enheten ut fra dette<\/em>.<\/p>\n<p><strong>St\u00f8y p\u00e5 str\u00f8mnettet \u2013 skittenstr\u00f8m<\/strong><\/p>\n<p>Elektrisk st\u00f8y p\u00e5 str\u00f8mnettet kommer fra en rekke kilder i og utenfor huset og er blitt et \u00f8kende problem med et \u00f8kende antall elektriske apparater i hjemmet. Typiske st\u00f8ykilder er str\u00f8madaptere til elektriske apparater, sparep\u00e6rer, lysstoffr\u00f8r, lys-dimmere, induksjon koketopper, ladere til el-biler, solcellepaneler for produksjon av fornybar energi og lignende utstyr.<\/p>\n<p><strong>Betjening<\/strong><\/p>\n<p><strong>STETZERiZER Microsurge metret<\/strong> plugges direkte inn i en stikkontakt og viser \u00abenergien\u00bb i st\u00f8yen p\u00e5 str\u00f8mnettet. P\u00e5 skjermen vises \u00abenergien\u00bb fra st\u00f8yen i GS-enheter (GS) i frekvensomr\u00e5det 10-150 kHz.<\/p>\n<p><strong>N\u00e5r b\u00f8r du vurdere tiltak?<\/strong><\/p>\n<p>Det f\u00f8rste skrittet er \u00e5 m\u00e5le hvor mye st\u00f8y (skittenstr\u00f8m) det er p\u00e5 str\u00f8mnettet i boligen. Plugg inn STETZERiZER Microsurge meter i stikkontakten(e) og noter verdiene flere steder rundt i boligen for \u00e5 f\u00e5 et overblikk over hvilken st\u00f8y du har.<\/p>\n<p><strong>Har m\u00e5linger over 50 GS enheter b\u00f8r du vurdere tiltak for \u00e5 redusere st\u00f8yen.<\/strong> Les v\u00e5r <a href=\"https:\/\/emf-consult.com\/nettbutikk\/wp-content\/uploads\/2020\/11\/Brukerveiledning-STETZERiZER-Microsurge-Meter-v5.pdf\" target=\"_blank\" rel=\"noopener noreferrer\">Brukerveiledning STETZERiZER Microsurge Meter<\/a>\u00a0for \u00e5 m\u00e5le og redusere st\u00f8y p\u00e5 str\u00f8mnettet i boligen din.<\/p>\n<p>Som en ekstra tilleggstjeneste tilbyr vi\u00a0en uke <strong>GRATIS l\u00e5n av STETZERiZER Microsurge meter<\/strong> til kunder som kj\u00f8per 6 eller flere <a href=\"https:\/\/emf-consult.com\/nettbutikk\/produkt\/stoyfilter-panda-eu-16a\/\">PANDA-filter<\/a> (kunde betaler kun returporto).<\/p>\n<p>&nbsp;<\/p>\n","protected":false},"excerpt":{"rendered":"<p><strong>Spesifikasjoner:<\/strong><\/p>\n<table>\n<tbody>\n<tr>\n<td width=\"123\"><strong>Spenning:<\/strong><\/td>\n<td width=\"478\">110 \u00a0 &#8211; 240 VAC, 50-60Hz<\/td>\n<\/tr>\n<tr>\n<td width=\"123\"><strong>M\u00e5leomr\u00e5de:<\/strong><\/td>\n<td width=\"478\">0 \u2013 1999 GS<\/td>\n<\/tr>\n<tr>\n<td width=\"123\"><strong>Frekvensomr\u00e5de:<\/strong><\/td>\n<td width=\"478\">10 \u2013 150 kHz<\/td>\n<\/tr>\n<tr>\n<td width=\"123\"><strong>M\u00e5leprinsipp:<\/strong><\/td>\n<td width=\"478\">M\u00e5ler elektrisk st\u00f8y mellom ledningene i en stikkontakt<\/td>\n<\/tr>\n<\/tbody>\n<\/table>\n","protected":false},"featured_media":1654,"comment_status":"open","ping_status":"closed","template":"","meta":[],"product_brand":[],"product_cat":[23,19,21],"product_tag":[],"class_list":{"0":"post-1653","1":"product","2":"type-product","3":"status-publish","4":"has-post-thumbnail","6":"product_cat-el-installasjon","7":"product_cat-maleinstrumenter","8":"product_cat-maleinstrumeter-lf","10":"first","11":"instock","12":"taxable","13":"shipping-taxable","14":"purchasable","15":"product-type-simple"},"yoast_head":"<!-- This site is optimized with the Yoast SEO plugin v27.3 - https:\/\/yoast.com\/product\/yoast-seo-wordpress\/ -->\n<title>STETZERiZER Microsurge meter - EMF Consult<\/title>\n<meta name=\"robots\" content=\"index, follow, max-snippet:-1, max-image-preview:large, max-video-preview:-1\" \/>\n<link rel=\"canonical\" href=\"https:\/\/emf-consult.com\/nettbutikk\/produkt\/stetzerizer-microsurge-meter\/\" \/>\n<meta property=\"og:locale\" content=\"nb_NO\" \/>\n<meta property=\"og:type\" content=\"article\" \/>\n<meta property=\"og:title\" content=\"STETZERiZER Microsurge meter - EMF Consult\" \/>\n<meta property=\"og:description\" content=\"Spesifikasjoner:    Spenning: 110 \u00a0 - 240 VAC, 50-60Hz   M\u00e5leomr\u00e5de: 0 \u2013 1999 GS   Frekvensomr\u00e5de: 10 \u2013 150 kHz   M\u00e5leprinsipp: M\u00e5ler elektrisk st\u00f8y mellom ledningene i en stikkontakt\" \/>\n<meta property=\"og:url\" content=\"https:\/\/emf-consult.com\/nettbutikk\/produkt\/stetzerizer-microsurge-meter\/\" \/>\n<meta property=\"og:site_name\" content=\"EMF Consult\" \/>\n<meta property=\"article:publisher\" content=\"https:\/\/www.facebook.com\/emfconsult\" \/>\n<meta property=\"article:modified_time\" content=\"2025-07-21T09:08:30+00:00\" \/>\n<meta property=\"og:image\" content=\"https:\/\/emf-consult.com\/nettbutikk\/wp-content\/uploads\/2019\/11\/STETZERiZER-Microsurge-meter-400-400.jpg\" \/>\n\t<meta property=\"og:image:width\" content=\"399\" \/>\n\t<meta property=\"og:image:height\" content=\"400\" \/>\n\t<meta property=\"og:image:type\" content=\"image\/jpeg\" \/>\n<meta name=\"twitter:card\" content=\"summary_large_image\" \/>\n<meta name=\"twitter:label1\" content=\"Ansl. lesetid\" \/>\n\t<meta name=\"twitter:data1\" content=\"3 minutter\" \/>\n<script type=\"application\/ld+json\" class=\"yoast-schema-graph\">{\"@context\":\"https:\\\/\\\/schema.org\",\"@graph\":[{\"@type\":\"WebPage\",\"@id\":\"https:\\\/\\\/emf-consult.com\\\/nettbutikk\\\/produkt\\\/stetzerizer-microsurge-meter\\\/\",\"url\":\"https:\\\/\\\/emf-consult.com\\\/nettbutikk\\\/produkt\\\/stetzerizer-microsurge-meter\\\/\",\"name\":\"STETZERiZER Microsurge meter - EMF Consult\",\"isPartOf\":{\"@id\":\"https:\\\/\\\/emf-consult.com\\\/nettbutikk\\\/#website\"},\"primaryImageOfPage\":{\"@id\":\"https:\\\/\\\/emf-consult.com\\\/nettbutikk\\\/produkt\\\/stetzerizer-microsurge-meter\\\/#primaryimage\"},\"image\":{\"@id\":\"https:\\\/\\\/emf-consult.com\\\/nettbutikk\\\/produkt\\\/stetzerizer-microsurge-meter\\\/#primaryimage\"},\"thumbnailUrl\":\"https:\\\/\\\/emf-consult.com\\\/nettbutikk\\\/wp-content\\\/uploads\\\/2019\\\/11\\\/STETZERiZER-Microsurge-meter-400-400.jpg\",\"datePublished\":\"2017-08-06T18:56:04+00:00\",\"dateModified\":\"2025-07-21T09:08:30+00:00\",\"breadcrumb\":{\"@id\":\"https:\\\/\\\/emf-consult.com\\\/nettbutikk\\\/produkt\\\/stetzerizer-microsurge-meter\\\/#breadcrumb\"},\"inLanguage\":\"nb-NO\",\"potentialAction\":[{\"@type\":\"ReadAction\",\"target\":[\"https:\\\/\\\/emf-consult.com\\\/nettbutikk\\\/produkt\\\/stetzerizer-microsurge-meter\\\/\"]}]},{\"@type\":\"ImageObject\",\"inLanguage\":\"nb-NO\",\"@id\":\"https:\\\/\\\/emf-consult.com\\\/nettbutikk\\\/produkt\\\/stetzerizer-microsurge-meter\\\/#primaryimage\",\"url\":\"https:\\\/\\\/emf-consult.com\\\/nettbutikk\\\/wp-content\\\/uploads\\\/2019\\\/11\\\/STETZERiZER-Microsurge-meter-400-400.jpg\",\"contentUrl\":\"https:\\\/\\\/emf-consult.com\\\/nettbutikk\\\/wp-content\\\/uploads\\\/2019\\\/11\\\/STETZERiZER-Microsurge-meter-400-400.jpg\",\"width\":399,\"height\":400,\"caption\":\"STETZERiZER Microsurge meter\"},{\"@type\":\"BreadcrumbList\",\"@id\":\"https:\\\/\\\/emf-consult.com\\\/nettbutikk\\\/produkt\\\/stetzerizer-microsurge-meter\\\/#breadcrumb\",\"itemListElement\":[{\"@type\":\"ListItem\",\"position\":1,\"name\":\"Hjem\",\"item\":\"https:\\\/\\\/emf-consult.com\\\/nettbutikk\\\/\"},{\"@type\":\"ListItem\",\"position\":2,\"name\":\"Butikk\",\"item\":\"https:\\\/\\\/emf-consult.com\\\/nettbutikk\\\/butikk\\\/\"},{\"@type\":\"ListItem\",\"position\":3,\"name\":\"STETZERiZER Microsurge meter\"}]},{\"@type\":\"WebSite\",\"@id\":\"https:\\\/\\\/emf-consult.com\\\/nettbutikk\\\/#website\",\"url\":\"https:\\\/\\\/emf-consult.com\\\/nettbutikk\\\/\",\"name\":\"EMF Consult\",\"description\":\"Nettbutikk - Beskyttelse mot str\u00e5ling\",\"publisher\":{\"@id\":\"https:\\\/\\\/emf-consult.com\\\/nettbutikk\\\/#organization\"},\"potentialAction\":[{\"@type\":\"SearchAction\",\"target\":{\"@type\":\"EntryPoint\",\"urlTemplate\":\"https:\\\/\\\/emf-consult.com\\\/nettbutikk\\\/?s={search_term_string}\"},\"query-input\":{\"@type\":\"PropertyValueSpecification\",\"valueRequired\":true,\"valueName\":\"search_term_string\"}}],\"inLanguage\":\"nb-NO\"},{\"@type\":\"Organization\",\"@id\":\"https:\\\/\\\/emf-consult.com\\\/nettbutikk\\\/#organization\",\"name\":\"EMF Consult AS\",\"url\":\"https:\\\/\\\/emf-consult.com\\\/nettbutikk\\\/\",\"logo\":{\"@type\":\"ImageObject\",\"inLanguage\":\"nb-NO\",\"@id\":\"https:\\\/\\\/emf-consult.com\\\/nettbutikk\\\/#\\\/schema\\\/logo\\\/image\\\/\",\"url\":\"https:\\\/\\\/emf-consult.com\\\/nettbutikk\\\/wp-content\\\/uploads\\\/2022\\\/07\\\/cropped-Favikon-rod-e1658786300694.png\",\"contentUrl\":\"https:\\\/\\\/emf-consult.com\\\/nettbutikk\\\/wp-content\\\/uploads\\\/2022\\\/07\\\/cropped-Favikon-rod-e1658786300694.png\",\"width\":150,\"height\":150,\"caption\":\"EMF Consult AS\"},\"image\":{\"@id\":\"https:\\\/\\\/emf-consult.com\\\/nettbutikk\\\/#\\\/schema\\\/logo\\\/image\\\/\"},\"sameAs\":[\"https:\\\/\\\/www.facebook.com\\\/emfconsult\",\"https:\\\/\\\/www.linkedin.com\\\/company\\\/emf-consult\\\/\"]}]}<\/script>\n<!-- \/ Yoast SEO plugin. -->","yoast_head_json":{"title":"STETZERiZER Microsurge meter - EMF Consult","robots":{"index":"index","follow":"follow","max-snippet":"max-snippet:-1","max-image-preview":"max-image-preview:large","max-video-preview":"max-video-preview:-1"},"canonical":"https:\/\/emf-consult.com\/nettbutikk\/produkt\/stetzerizer-microsurge-meter\/","og_locale":"nb_NO","og_type":"article","og_title":"STETZERiZER Microsurge meter - EMF Consult","og_description":"Spesifikasjoner:    Spenning: 110 \u00a0 - 240 VAC, 50-60Hz   M\u00e5leomr\u00e5de: 0 \u2013 1999 GS   Frekvensomr\u00e5de: 10 \u2013 150 kHz   M\u00e5leprinsipp: M\u00e5ler elektrisk st\u00f8y mellom ledningene i en stikkontakt","og_url":"https:\/\/emf-consult.com\/nettbutikk\/produkt\/stetzerizer-microsurge-meter\/","og_site_name":"EMF Consult","article_publisher":"https:\/\/www.facebook.com\/emfconsult","article_modified_time":"2025-07-21T09:08:30+00:00","og_image":[{"width":399,"height":400,"url":"https:\/\/emf-consult.com\/nettbutikk\/wp-content\/uploads\/2019\/11\/STETZERiZER-Microsurge-meter-400-400.jpg","type":"image\/jpeg"}],"twitter_card":"summary_large_image","twitter_misc":{"Ansl. lesetid":"3 minutter"},"schema":{"@context":"https:\/\/schema.org","@graph":[{"@type":"WebPage","@id":"https:\/\/emf-consult.com\/nettbutikk\/produkt\/stetzerizer-microsurge-meter\/","url":"https:\/\/emf-consult.com\/nettbutikk\/produkt\/stetzerizer-microsurge-meter\/","name":"STETZERiZER Microsurge meter - EMF Consult","isPartOf":{"@id":"https:\/\/emf-consult.com\/nettbutikk\/#website"},"primaryImageOfPage":{"@id":"https:\/\/emf-consult.com\/nettbutikk\/produkt\/stetzerizer-microsurge-meter\/#primaryimage"},"image":{"@id":"https:\/\/emf-consult.com\/nettbutikk\/produkt\/stetzerizer-microsurge-meter\/#primaryimage"},"thumbnailUrl":"https:\/\/emf-consult.com\/nettbutikk\/wp-content\/uploads\/2019\/11\/STETZERiZER-Microsurge-meter-400-400.jpg","datePublished":"2017-08-06T18:56:04+00:00","dateModified":"2025-07-21T09:08:30+00:00","breadcrumb":{"@id":"https:\/\/emf-consult.com\/nettbutikk\/produkt\/stetzerizer-microsurge-meter\/#breadcrumb"},"inLanguage":"nb-NO","potentialAction":[{"@type":"ReadAction","target":["https:\/\/emf-consult.com\/nettbutikk\/produkt\/stetzerizer-microsurge-meter\/"]}]},{"@type":"ImageObject","inLanguage":"nb-NO","@id":"https:\/\/emf-consult.com\/nettbutikk\/produkt\/stetzerizer-microsurge-meter\/#primaryimage","url":"https:\/\/emf-consult.com\/nettbutikk\/wp-content\/uploads\/2019\/11\/STETZERiZER-Microsurge-meter-400-400.jpg","contentUrl":"https:\/\/emf-consult.com\/nettbutikk\/wp-content\/uploads\/2019\/11\/STETZERiZER-Microsurge-meter-400-400.jpg","width":399,"height":400,"caption":"STETZERiZER Microsurge meter"},{"@type":"BreadcrumbList","@id":"https:\/\/emf-consult.com\/nettbutikk\/produkt\/stetzerizer-microsurge-meter\/#breadcrumb","itemListElement":[{"@type":"ListItem","position":1,"name":"Hjem","item":"https:\/\/emf-consult.com\/nettbutikk\/"},{"@type":"ListItem","position":2,"name":"Butikk","item":"https:\/\/emf-consult.com\/nettbutikk\/butikk\/"},{"@type":"ListItem","position":3,"name":"STETZERiZER Microsurge meter"}]},{"@type":"WebSite","@id":"https:\/\/emf-consult.com\/nettbutikk\/#website","url":"https:\/\/emf-consult.com\/nettbutikk\/","name":"EMF Consult","description":"Nettbutikk - Beskyttelse mot str\u00e5ling","publisher":{"@id":"https:\/\/emf-consult.com\/nettbutikk\/#organization"},"potentialAction":[{"@type":"SearchAction","target":{"@type":"EntryPoint","urlTemplate":"https:\/\/emf-consult.com\/nettbutikk\/?s={search_term_string}"},"query-input":{"@type":"PropertyValueSpecification","valueRequired":true,"valueName":"search_term_string"}}],"inLanguage":"nb-NO"},{"@type":"Organization","@id":"https:\/\/emf-consult.com\/nettbutikk\/#organization","name":"EMF Consult AS","url":"https:\/\/emf-consult.com\/nettbutikk\/","logo":{"@type":"ImageObject","inLanguage":"nb-NO","@id":"https:\/\/emf-consult.com\/nettbutikk\/#\/schema\/logo\/image\/","url":"https:\/\/emf-consult.com\/nettbutikk\/wp-content\/uploads\/2022\/07\/cropped-Favikon-rod-e1658786300694.png","contentUrl":"https:\/\/emf-consult.com\/nettbutikk\/wp-content\/uploads\/2022\/07\/cropped-Favikon-rod-e1658786300694.png","width":150,"height":150,"caption":"EMF Consult AS"},"image":{"@id":"https:\/\/emf-consult.com\/nettbutikk\/#\/schema\/logo\/image\/"},"sameAs":["https:\/\/www.facebook.com\/emfconsult","https:\/\/www.linkedin.com\/company\/emf-consult\/"]}]}},"_links":{"self":[{"href":"https:\/\/emf-consult.com\/nettbutikk\/wp-json\/wp\/v2\/product\/1653","targetHints":{"allow":["GET"]}}],"collection":[{"href":"https:\/\/emf-consult.com\/nettbutikk\/wp-json\/wp\/v2\/product"}],"about":[{"href":"https:\/\/emf-consult.com\/nettbutikk\/wp-json\/wp\/v2\/types\/product"}],"replies":[{"embeddable":true,"href":"https:\/\/emf-consult.com\/nettbutikk\/wp-json\/wp\/v2\/comments?post=1653"}],"wp:featuredmedia":[{"embeddable":true,"href":"https:\/\/emf-consult.com\/nettbutikk\/wp-json\/wp\/v2\/media\/1654"}],"wp:attachment":[{"href":"https:\/\/emf-consult.com\/nettbutikk\/wp-json\/wp\/v2\/media?parent=1653"}],"wp:term":[{"taxonomy":"product_brand","embeddable":true,"href":"https:\/\/emf-consult.com\/nettbutikk\/wp-json\/wp\/v2\/product_brand?post=1653"},{"taxonomy":"product_cat","embeddable":true,"href":"https:\/\/emf-consult.com\/nettbutikk\/wp-json\/wp\/v2\/product_cat?post=1653"},{"taxonomy":"product_tag","embeddable":true,"href":"https:\/\/emf-consult.com\/nettbutikk\/wp-json\/wp\/v2\/product_tag?post=1653"}],"curies":[{"name":"wp","href":"https:\/\/api.w.org\/{rel}","templated":true}]}}